{"id":14440,"date":"2025-12-19T01:44:28","date_gmt":"2025-12-19T00:44:28","guid":{"rendered":"https:\/\/www.leaplytics.de\/?page_id=14440"},"modified":"2025-12-19T01:44:29","modified_gmt":"2025-12-19T00:44:29","slug":"integracao-de-funcionarios-ai","status":"publish","type":"page","link":"https:\/\/www.leaplytics.de\/pt_br\/integracao-de-funcionarios-ai\/","title":{"rendered":"IA de integra\u00e7\u00e3o de funcion\u00e1rios"},"content":{"rendered":"<h2>IA para integra\u00e7\u00e3o de funcion\u00e1rios: Cause \u00f3timas primeiras impress\u00f5es em escala<\/h2>\n\n<p>As primeiras impress\u00f5es s\u00e3o importantes. Quando um novo funcion\u00e1rio come\u00e7a a trabalhar, a primeira semana diz a ele tudo sobre sua empresa.<\/p>\n<p>Integra\u00e7\u00e3o tranquila? Profissional. Organizado. Eles se sentem confiantes de que fizeram a escolha certa.<\/p>\n<p>Integra\u00e7\u00e3o bagun\u00e7ada? Perdido. Confusos. Perguntando-se em que se meteram. Alguns desistem antes de realmente come\u00e7ar.<\/p>\n<p>O problema: a integra\u00e7\u00e3o \u00e9 repetitiva, mas detalhada. O mesmo processo para cada contrata\u00e7\u00e3o. Mas cada um deles tem papelada, acesso a sistemas, equipamentos, treinamento, apresenta\u00e7\u00f5es. Se faltar alguma coisa, isso criar\u00e1 problemas.<\/p>\n<p>A IA lida com isso perfeitamente. Ela segue o mesmo processo todas as vezes. Nunca se esquece de uma etapa. Ela rastreia o que foi feito e o que est\u00e1 pendente. Responde instantaneamente \u00e0s perguntas dos novos contratados.<\/p>\n<p>Sua equipe deixa de cuidar da papelada e come\u00e7a a receber as pessoas.<\/p>\n\n\n<hr class=\"wp-block-separator has-alpha-channel-opacity\"\/>\n\n\n\n<h3 class=\"wp-block-heading\">Por que a integra\u00e7\u00e3o \u00e9 mais dif\u00edcil do que deveria ser<\/h3>\n\n\n<p>A integra\u00e7\u00e3o parece simples no papel. Novo contratado. Papelada. Treinamento. Feito.<\/p>\n<p>A realidade \u00e9 mais confusa.<\/p>\n<p>Os formul\u00e1rios chegam incompletos. O acesso \u00e0 TI \u00e9 atrasado porque algu\u00e9m se esqueceu de enviar o t\u00edquete. As atribui\u00e7\u00f5es de treinamento s\u00e3o manuais - algu\u00e9m tem de procurar o que \u00e9 necess\u00e1rio para cada fun\u00e7\u00e3o. Os pedidos de equipamentos caem nas fendas. Os novos contratados t\u00eam d\u00favidas, mas o RH est\u00e1 ocupado com outros inc\u00eandios.<\/p>\n<p>O novo funcion\u00e1rio fica esperando. Talvez para ter acesso ao sistema. Talvez pelo equipamento. Talvez por algu\u00e9m que lhe diga o que deve fazer. N\u00e3o \u00e9 um bom come\u00e7o.<\/p>\n<p>Sua equipe de RH sabe que isso \u00e9 ruim. Eles n\u00e3o s\u00e3o pregui\u00e7osos ou incompetentes. Eles est\u00e3o sobrecarregados. Cada nova contrata\u00e7\u00e3o significa mais de 20 tarefas em v\u00e1rios sistemas. Multiplique isso por cada contrata\u00e7\u00e3o por m\u00eas e ser\u00e1 o caos.<\/p>\n<p>Alguns rec\u00e9m-contratados t\u00eam uma \u00f3tima integra\u00e7\u00e3o porque a pessoa certa os ajudou. Outros t\u00eam uma experi\u00eancia terr\u00edvel porque come\u00e7aram a trabalhar em uma semana movimentada. A consist\u00eancia \u00e9 imposs\u00edvel quando tudo \u00e9 manual.<\/p>\n<p>Esse n\u00e3o \u00e9 um problema de pessoas. \u00c9 um problema de processo. E a IA foi criada para processos.<\/p>\n\n\n<hr class=\"wp-block-separator has-alpha-channel-opacity\"\/>\n\n\n\n<h3 class=\"wp-block-heading\">O que a IA faz pela integra\u00e7\u00e3o<\/h3>\n\n\n<p>A IA n\u00e3o substitui o RH na integra\u00e7\u00e3o. Ela garante que nada passe despercebido. Veja como.<\/p>\n\n\n<h4 class=\"wp-block-heading\">Processamento de documentos que realmente funciona<\/h4>\n\n\n<p>Novas contrata\u00e7\u00f5es enviam formul\u00e1rios. Documentos fiscais. Informa\u00e7\u00f5es de dep\u00f3sito direto. Contatos de emerg\u00eancia. Registro de benef\u00edcios. Confirma\u00e7\u00f5es de pol\u00edticas.<\/p>\n<p>Algu\u00e9m precisa revisar cada formul\u00e1rio. Extrair os dados. Inseri-los nos sistemas. Arquivar os documentos. Certificar-se de que nada est\u00e1 faltando.<\/p>\n<p>A IA faz isso automaticamente.<\/p>\n<p>O formul\u00e1rio chega. A IA extrai as informa\u00e7\u00f5es. Ela valida se os campos obrigat\u00f3rios est\u00e3o completos. Encaminha os dados para os sistemas corretos - RHIS, folha de pagamento, plataforma de benef\u00edcios. Arquiva o documento no registro do funcion\u00e1rio. Sinaliza o que estiver faltando ou incorreto.<\/p>\n<p>Sem entrada manual de dados. Sem erros de transcri\u00e7\u00e3o. Sem formul\u00e1rios perdidos na caixa de entrada de algu\u00e9m. Apenas processados e conclu\u00eddos.<\/p>\n<p>Quando os formul\u00e1rios est\u00e3o incompletos, a IA notifica o novo contratado imediatamente: \"Seu formul\u00e1rio de dep\u00f3sito direto est\u00e1 sem o n\u00famero da conta. Favor reenviar\". N\u00e3o tr\u00eas dias depois, quando o RH finalmente o analisa - imediatamente.<\/p>\n<p>S\u00f3 isso j\u00e1 economiza horas por nova contrata\u00e7\u00e3o. Em dezenas ou centenas de contrata\u00e7\u00f5es por ano, isso se acumula rapidamente.<\/p>\n\n\n<h4 class=\"wp-block-heading\">Tarefas de treinamento realmente personalizadas<\/h4>\n\n\n<p>Cada fun\u00e7\u00e3o tem um treinamento obrigat\u00f3rio. Treinamento de conformidade. Treinamento do sistema. Treinamento espec\u00edfico da fun\u00e7\u00e3o. Orienta\u00e7\u00e3o do departamento.<\/p>\n<p>Atribuir isso manualmente \u00e9 tedioso. Pesquise o que \u00e9 necess\u00e1rio para essa fun\u00e7\u00e3o. Verifique os requisitos espec\u00edficos do local. Adicionar conte\u00fado espec\u00edfico do departamento. Crie o plano de treinamento. Inscreva a pessoa. Acompanhar a conclus\u00e3o.<\/p>\n<p>A IA lida com isso.<\/p>\n<p>Os dados de novas contrata\u00e7\u00f5es entram no sistema - fun\u00e7\u00e3o, departamento, local. A IA sabe qual treinamento \u00e9 necess\u00e1rio para cada combina\u00e7\u00e3o. Ela cria automaticamente um plano de integra\u00e7\u00e3o personalizado. Ela inscreve o novo contratado nos cursos certos. Estabelece prazos com base na prioridade.<\/p>\n<p>Representante de vendas na Calif\u00f3rnia? Eles recebem treinamento em vendas, conformidade espec\u00edfica da Calif\u00f3rnia, orienta\u00e7\u00e3o da empresa e treinamento em CRM. Engenheiro de software na Alemanha? Conformidade diferente, ferramentas diferentes, caminho de integra\u00e7\u00e3o diferente.<\/p>\n<p>A mesma qualidade para todos. Nada foi perdido. Sem pesquisas manuais.<\/p>\n\n\n<h4 class=\"wp-block-heading\">Rastreamento de conclus\u00e3o que mant\u00e9m as coisas em andamento<\/h4>\n\n\n<p>A integra\u00e7\u00e3o n\u00e3o \u00e9 uma tarefa - s\u00e3o 30 tarefas. Algumas s\u00e3o r\u00e1pidas. Algumas levam dias. Algumas dependem de outras tarefas serem realizadas primeiro.<\/p>\n<p>Quem est\u00e1 monitorando tudo isso? Normalmente, um coordenador de RH com uma planilha. \"A TI configurou a conta deles? Eles conclu\u00edram o treinamento de conformidade? Eles enviaram seu I-9? O gerente agendou um check-in?\"<\/p>\n<p>A IA rastreia tudo automaticamente.<\/p>\n<p>Cada tarefa tem um status. N\u00e3o iniciada. Em andamento. Conclu\u00edda. Atrasada. A IA monitora tudo isso em tempo real.<\/p>\n<p>Quando algo est\u00e1 atrasado, a IA envia lembretes. Para o novo contratado, se ele precisar fazer algo. Para o RH, se algo estiver emperrado. Aos gerentes, se precisarem tomar provid\u00eancias.<\/p>\n<p>Nada \u00e9 esquecido. Ningu\u00e9m precisa rastrear manualmente 30 tarefas em 10 novas contrata\u00e7\u00f5es. O sistema d\u00e1 conta de tudo.<\/p>\n<p>O RH v\u00ea um painel: status de integra\u00e7\u00e3o de cada nova contrata\u00e7\u00e3o em um relance. Quem est\u00e1 no caminho certo. Quem est\u00e1 bloqueado. O que precisa de aten\u00e7\u00e3o. \u00c9 isso a\u00ed.<\/p>\n\n\n<h4 class=\"wp-block-heading\">Suporte a novas contrata\u00e7\u00f5es sempre dispon\u00edvel<\/h4>\n\n\n<p>Os novos contratados t\u00eam d\u00favidas. Muitas delas.<\/p>\n<p>\"Onde devo estacionar?\" \"Como fa\u00e7o para configurar meu e-mail?\" \"Quando come\u00e7am os benef\u00edcios?\" \"Onde posso encontrar o manual do funcion\u00e1rio?\" \"Qual \u00e9 o c\u00f3digo de vestimenta?\" \"Como fa\u00e7o para enviar despesas?\"<\/p>\n<p>Essas s\u00e3o perguntas simples. Mas algu\u00e9m precisa respond\u00ea-las. E os rec\u00e9m-contratados geralmente as respondem fora do hor\u00e1rio comercial - no domingo \u00e0 noite, antes do in\u00edcio das atividades na segunda-feira, por exemplo.<\/p>\n<p>O chatbot de IA cuida disso. 24\/7. Instantaneamente.<\/p>\n<p>Ele conhece suas pol\u00edticas. Conhece seus procedimentos. Conhece as perguntas comuns dos novos contratados. Ele responde de forma precisa e imediata.<\/p>\n<p>Para perguntas complexas ou delicadas, ele encaminha para um humano com contexto. Mas para os 80% que s\u00e3o rotineiros, ele lida com eles sem envolver o RH.<\/p>\n<p>Os novos contratados se sentem apoiados. O RH n\u00e3o est\u00e1 respondendo \u00e0s mesmas perguntas repetidamente. Todos est\u00e3o mais felizes.<\/p>\n\n\n<h4 class=\"wp-block-heading\">Experi\u00eancia consistente, independentemente do volume<\/h4>\n\n\n<p>Aqui est\u00e1 o verdadeiro problema da integra\u00e7\u00e3o manual: a qualidade varia.<\/p>\n<p>Uma nova contrata\u00e7\u00e3o come\u00e7a quando o RH est\u00e1 tranquilo. Ele recebe um servi\u00e7o de luvas brancas. Tudo \u00e9 perfeito. A pr\u00f3xima contrata\u00e7\u00e3o come\u00e7a em uma semana movimentada. A integra\u00e7\u00e3o \u00e9 feita \u00e0s pressas. Coisas s\u00e3o perdidas. Pior experi\u00eancia.<\/p>\n<p>Com a IA, todos os novos contratados recebem a mesma qualidade. O mesmo processo. A mesma integridade. A mesma capacidade de resposta.<\/p>\n<p>N\u00e3o importa se voc\u00ea est\u00e1 integrando uma pessoa ou 20 pessoas naquela semana. A IA lida com isso com a mesma qualidade.<\/p>\n<p>Isso \u00e9 especialmente importante para empresas com contrata\u00e7\u00e3o vari\u00e1vel - picos sazonais, fases de crescimento, congelamento de contrata\u00e7\u00f5es. A IA \u00e9 dimensionada instantaneamente.<\/p>\n\n\n<hr class=\"wp-block-separator has-alpha-channel-opacity\"\/>\n\n\n\n<h3 class=\"wp-block-heading\">O que isso significa para voc\u00ea<\/h3>\n\n\n\n<h4 class=\"wp-block-heading\">Para diretores de RH e l\u00edderes de pessoal<\/h4>\n\n\n<ul>\n<li><strong>Integra\u00e7\u00e3o consistente em escala.<\/strong> A mesma qualidade, independentemente de voc\u00ea estar contratando 2 ou 20 pessoas naquele m\u00eas.<\/li>\n<li><strong>Tempo mais r\u00e1pido para a produtividade.<\/strong> Os novos contratados t\u00eam o que precisam desde o primeiro dia. N\u00e3o h\u00e1 necessidade de esperar por acesso ou informa\u00e7\u00f5es.<\/li>\n<li><strong>Melhor reten\u00e7\u00e3o de novos contratados.<\/strong> Boas experi\u00eancias de integra\u00e7\u00e3o est\u00e3o diretamente relacionadas \u00e0 reten\u00e7\u00e3o. As pessoas que se sentem apoiadas desde o in\u00edcio ficam mais tempo.<\/li>\n<li><strong>Menor carga administrativa de RH.<\/strong> Menos tempo buscando formul\u00e1rios. Menos tempo acompanhando a conclus\u00e3o. Menos tempo respondendo a perguntas de rotina.<\/li>\n<li><strong>Visibilidade da qualidade da integra\u00e7\u00e3o.<\/strong> Dados sobre taxas de conclus\u00e3o, gargalos, tempo de produtividade. Voc\u00ea pode ver o que est\u00e1 funcionando e o que n\u00e3o est\u00e1.<\/li>\n<li><strong>Melhor marca do empregador.<\/strong> Os novos contratados falam. Uma boa integra\u00e7\u00e3o cria um boca a boca positivo. Uma integra\u00e7\u00e3o ruim faz o oposto.<\/li>\n<\/ul>\n\n\n<h4 class=\"wp-block-heading\">Para gerentes e coordenadores de RH<\/h4>\n\n\n<ul>\n<li><strong>Pare de correr atr\u00e1s da papelada.<\/strong> A IA processa os documentos automaticamente. O usu\u00e1rio revisa apenas as exce\u00e7\u00f5es.<\/li>\n<li><strong>Pare de rastrear tarefas manualmente.<\/strong> O sistema rastreia tudo. Voc\u00ea v\u00ea o que precisa de aten\u00e7\u00e3o, n\u00e3o todos os detalhes.<\/li>\n<li><strong>Pare de responder \u00e0s mesmas perguntas.<\/strong> A IA lida com as consultas de rotina. Voc\u00ea lida com as complexas ou sens\u00edveis.<\/li>\n<li><strong>Mais tempo para as coisas humanas.<\/strong> Fazer com que os novos contratados se sintam bem-vindos. Abordar as preocupa\u00e7\u00f5es. Construir relacionamentos. As coisas que realmente importam.<\/li>\n<li><strong>Menos estresse durante os per\u00edodos de maior movimento.<\/strong> Quando h\u00e1 picos de contrata\u00e7\u00e3o, a IA \u00e9 dimensionada. Voc\u00ea n\u00e3o est\u00e1 se afogando em administra\u00e7\u00e3o de integra\u00e7\u00e3o.<\/li>\n<\/ul>\n\n\n<h4 class=\"wp-block-heading\">Para novos funcion\u00e1rios<\/h4>\n\n\n<ul>\n<li><strong>Processo claro desde o primeiro dia.<\/strong> Voc\u00ea sabe o que fazer. Quando fazer. O que \u00e9 necess\u00e1rio. Sem confus\u00e3o.<\/li>\n<li><strong>Respostas r\u00e1pidas \u00e0s perguntas.<\/strong> N\u00e3o espere dias por informa\u00e7\u00f5es simples. A IA responde instantaneamente.<\/li>\n<li><strong>Tudo o que voc\u00ea precisa, quando voc\u00ea precisa.<\/strong> Acesso ao sistema. Equipamentos. Treinamento. Sem esperar por coisas que deveriam estar prontas.<\/li>\n<li><strong>Experi\u00eancia profissional.<\/strong> Esta \u00e9 a empresa na qual voc\u00ea pensou que estava entrando. Organizada, eficiente e profissional.<\/li>\n<li><strong>Concentre-se em aprender o trabalho.<\/strong> N\u00e3o \u00e9 preciso correr atr\u00e1s de formul\u00e1rios ou descobrir a log\u00edstica b\u00e1sica. Voc\u00ea pode se concentrar em ser realmente produtivo.<\/li>\n<\/ul>\n\n\n<hr class=\"wp-block-separator has-alpha-channel-opacity\"\/>\n\n\n\n<h3 class=\"wp-block-heading\">O que a IA n\u00e3o far\u00e1<\/h3>\n\n\n<p>Sejamos realistas com rela\u00e7\u00e3o aos limites.<\/p>\n<p>A IA n\u00e3o substitui a recep\u00e7\u00e3o humana. Ela n\u00e3o tem o check-in do gerente. Ela n\u00e3o constr\u00f3i relacionamentos com a equipe. Ela n\u00e3o percebe quando um novo contratado est\u00e1 com dificuldades e precisa de apoio.<\/p>\n<p>Ele lida com o processo administrativo. Formul\u00e1rios. Atribui\u00e7\u00f5es de treinamento. Rastreamento de tarefas. Perguntas de rotina.<\/p>\n<p>A conex\u00e3o humana ainda vem dos humanos. A conversa \"como voc\u00ea est\u00e1 se adaptando?\". O almo\u00e7o da equipe. A orienta\u00e7\u00e3o. A transmiss\u00e3o da cultura.<\/p>\n<p>A IA garante que as quest\u00f5es administrativas n\u00e3o atrapalhem as quest\u00f5es humanas. Quando os novos contratados n\u00e3o est\u00e3o esperando o acesso ao sistema ou confusos com os formul\u00e1rios, sua equipe pode se concentrar em realmente dar as boas-vindas a eles.<\/p>\n<p>Al\u00e9m disso, a IA n\u00e3o pode corrigir um processo de integra\u00e7\u00e3o ruim. Se o seu fluxo de integra\u00e7\u00e3o estiver fundamentalmente quebrado, a IA apenas executar\u00e1 um processo quebrado com mais efici\u00eancia. Primeiro, voc\u00ea precisa corrigir o processo e, em seguida, usar a IA para execut\u00e1-lo de forma consistente.<\/p>\n\n\n<hr class=\"wp-block-separator has-alpha-channel-opacity\"\/>\n\n\n\n<h3 class=\"wp-block-heading\">Impacto no mundo real<\/h3>\n\n\n<p>Como isso se parece na pr\u00e1tica?<\/p>\n<p>Uma empresa em crescimento implementa IA para integra\u00e7\u00e3o. Antes: a integra\u00e7\u00e3o levava de 6 a 8 horas para os coordenadores de RH por nova contrata\u00e7\u00e3o. Depois: 2 horas. Isso representa uma economia de 4 a 6 horas por pessoa.<\/p>\n<p>Para uma empresa que contrata 5 pessoas por m\u00eas, isso equivale a 20-30 horas por m\u00eas. Isso equivale a metade de um FTE apenas com a automa\u00e7\u00e3o.<\/p>\n<p>O tempo at\u00e9 a produtividade dos novos contratados diminui. Antes, eram necess\u00e1rios, em m\u00e9dia, 8 dias para que os novos contratados tivessem todo o acesso necess\u00e1rio e conclu\u00edssem o treinamento obrigat\u00f3rio. Depois: 3 dias. Isso representa 5 dias de produtividade ganhos por contrata\u00e7\u00e3o.<\/p>\n<p>Os \u00edndices de satisfa\u00e7\u00e3o dos novos contratados melhoram. Respostas r\u00e1pidas. Processo claro. Experi\u00eancia profissional. As pessoas se sentem bem com sua decis\u00e3o de ingressar na empresa.<\/p>\n<p>A reten\u00e7\u00e3o de 90 dias melhora em 8%. Quando a integra\u00e7\u00e3o \u00e9 tranquila, menos pessoas desistem nos primeiros meses.<\/p>\n<p>Isso n\u00e3o \u00e9 te\u00f3rico. \u00c9 o que acontece quando a IA lida adequadamente com a administra\u00e7\u00e3o da integra\u00e7\u00e3o.<\/p>\n\n\n<hr class=\"wp-block-separator has-alpha-channel-opacity\"\/>\n\n\n\n<h3 class=\"wp-block-heading\">Primeiros passos<\/h3>\n\n\n<p>N\u00e3o \u00e9 necess\u00e1rio automatizar tudo de uma vez. Comece pelo ponto mais problem\u00e1tico.<\/p>\n<p>Para a maioria das empresas, isso \u00e9 o processamento de documentos. Formul\u00e1rios que chegam incompletos. Entrada manual de dados. Coisas que se perdem. Comece por a\u00ed.<\/p>\n<p>Ou talvez seja uma atribui\u00e7\u00e3o de treinamento. Muito manual. As coisas s\u00e3o perdidas. Pessoas diferentes obt\u00eam qualidade diferente. Corrija isso primeiro.<\/p>\n<p>Ou talvez sejam perguntas de novos contratados. As mesmas perguntas repetidas vezes. Tempos de resposta lentos. Deixe a IA cuidar disso.<\/p>\n<p>Escolha um gargalo. Implemente a IA. Me\u00e7a o impacto. Em seguida, expanda para outras partes da integra\u00e7\u00e3o.<\/p>\n<p>O processo de integra\u00e7\u00e3o de cada empresa \u00e9 diferente. Seus formul\u00e1rios s\u00e3o \u00fanicos. Seus sistemas t\u00eam requisitos espec\u00edficos. Seu processo tem determinados est\u00e1gios.<\/p>\n<p>\u00c9 por isso que a IA de integra\u00e7\u00e3o n\u00e3o \u00e9 plug-and-play. Ela precisa se adequar ao seu fluxo de trabalho real. Suas ferramentas reais. Seus requisitos reais.<\/p>\n\n\n<hr class=\"wp-block-separator has-alpha-channel-opacity\"\/>\n\n\n\n<h3 class=\"wp-block-heading\">O resultado final<\/h3>\n\n\n<p>A integra\u00e7\u00e3o \u00e9 importante. Ela afeta a reten\u00e7\u00e3o, o tempo de produtividade e a experi\u00eancia do funcion\u00e1rio. Uma integra\u00e7\u00e3o ruim custa caro - as pessoas v\u00e3o embora ou ficam, mas demoram mais para se tornarem produtivas.<\/p>\n<p>A IA n\u00e3o substitui o lado humano da integra\u00e7\u00e3o. Ela lida com a parte administrativa para que sua equipe possa se concentrar no lado humano.<\/p>\n<p>O resultado: qualidade consistente, produtividade mais r\u00e1pida, melhor reten\u00e7\u00e3o e equipes de RH que n\u00e3o se afogam em papelada durante os per\u00edodos de crescimento.<\/p>\n<p>Isso n\u00e3o \u00e9 exagero. Isso \u00e9 o que a IA faz pela integra\u00e7\u00e3o quando \u00e9 bem feita.<\/p>\n\n\n<hr class=\"wp-block-separator has-alpha-channel-opacity\"\/>\n\n\n\n<h3 class=\"wp-block-heading\">Pronto para aprimorar sua integra\u00e7\u00e3o?<\/h3>\n\n\n<p>N\u00e3o vendemos IA de integra\u00e7\u00e3o gen\u00e9rica. Analisamos seu processo espec\u00edfico. Seus formul\u00e1rios. Seus sistemas. Seus requisitos. Seu volume.<\/p>\n<p>Em seguida, criamos uma IA que se adapta \u00e0 forma como voc\u00ea realmente integra as pessoas. N\u00e3o um processo idealizado - seu processo real.<\/p>\n<p>Sem exageros. Sem exageros. Apenas IA pr\u00e1tica que torna a integra\u00e7\u00e3o melhor para todos.<\/p>\n\n<p><a href=\"https:\/\/www.leaplytics.de\/pt_br\/contato\/\">Vamos falar sobre seu processo de integra\u00e7\u00e3o<\/a><\/p>\n\n<p><a href=\"https:\/\/www.leaplytics.de\/pt_br\/recursos-humanos-ai\/\">Voltar para Solu\u00e7\u00f5es de IA para RH<\/a><\/p>","protected":false},"excerpt":{"rendered":"<p>AI for Employee Onboarding: Make Great First Impressions at Scale First impressions matter. When a new employee starts, the first week tells them everything about your company. Smooth onboarding? Professional. Organized. They feel confident they made the right choice. Messy onboarding? Lost. Confused. Wondering what they got themselves into. Some quit before they really start. &hellip; <\/p>","protected":false},"author":2,"featured_media":0,"parent":0,"menu_order":0,"comment_status":"closed","ping_status":"closed","template":"","meta":{"footnotes":""},"class_list":["post-14440","page","type-page","status-publish","hentry","latest_post"],"_links":{"self":[{"href":"https:\/\/www.leaplytics.de\/pt_br\/wp-json\/wp\/v2\/pages\/14440","targetHints":{"allow":["GET"]}}],"collection":[{"href":"https:\/\/www.leaplytics.de\/pt_br\/wp-json\/wp\/v2\/pages"}],"about":[{"href":"https:\/\/www.leaplytics.de\/pt_br\/wp-json\/wp\/v2\/types\/page"}],"author":[{"embeddable":true,"href":"https:\/\/www.leaplytics.de\/pt_br\/wp-json\/wp\/v2\/users\/2"}],"replies":[{"embeddable":true,"href":"https:\/\/www.leaplytics.de\/pt_br\/wp-json\/wp\/v2\/comments?post=14440"}],"version-history":[{"count":1,"href":"https:\/\/www.leaplytics.de\/pt_br\/wp-json\/wp\/v2\/pages\/14440\/revisions"}],"predecessor-version":[{"id":14449,"href":"https:\/\/www.leaplytics.de\/pt_br\/wp-json\/wp\/v2\/pages\/14440\/revisions\/14449"}],"wp:attachment":[{"href":"https:\/\/www.leaplytics.de\/pt_br\/wp-json\/wp\/v2\/media?parent=14440"}],"curies":[{"name":"wp","href":"https:\/\/api.w.org\/{rel}","templated":true}]}}