{"id":14442,"date":"2025-12-19T01:44:53","date_gmt":"2025-12-19T00:44:53","guid":{"rendered":"https:\/\/www.leaplytics.de\/?page_id=14442"},"modified":"2025-12-19T01:44:54","modified_gmt":"2025-12-19T00:44:54","slug":"administracao-de-rh-conformidade-ai","status":"publish","type":"page","link":"https:\/\/www.leaplytics.de\/pt_br\/administracao-de-rh-conformidade-ai\/","title":{"rendered":"IA de administra\u00e7\u00e3o e conformidade de RH"},"content":{"rendered":"<h2>IA para administra\u00e7\u00e3o e conformidade de RH: Pare de se preocupar com auditorias<\/h2>\n\n<p>O RH funciona com base em documentos e regras. Contratos de funcion\u00e1rios. Certifica\u00e7\u00f5es de treinamento. Confirma\u00e7\u00f5es de pol\u00edticas. Formul\u00e1rios I-9. Verifica\u00e7\u00f5es de antecedentes. Planos de melhoria de desempenho. Cada funcion\u00e1rio tem um arquivo. Cada arquivo tem requisitos.<\/p>\n<p>Perdeu alguma coisa? Isso \u00e9 uma viola\u00e7\u00e3o de conformidade. Falha na auditoria. Poss\u00edvel a\u00e7\u00e3o judicial. Multa cara.<\/p>\n<p>Manter o controle manualmente \u00e9 imposs\u00edvel. As planilhas quebram. As pessoas esquecem. Os requisitos mudam. Os estados t\u00eam regras diferentes. As certifica\u00e7\u00f5es expiram. O treinamento fica atrasado.<\/p>\n<p>O RH gasta um tempo enorme apenas acompanhando e perseguindo. \"Todos assinaram o manual atualizado?\" \"Todas as licen\u00e7as de manipuladores de alimentos est\u00e3o atualizadas?\" \"Quais funcion\u00e1rios devem receber treinamento sobre ass\u00e9dio?\"<\/p>\n<p>A IA lida com isso. Ela rastreia todos os documentos. Monitora todos os requisitos. Sinaliza cada lacuna. Envia todos os lembretes. Gera todos os relat\u00f3rios. Automaticamente.<\/p>\n<p>Sua equipe deixa de correr atr\u00e1s da papelada e de se defender. As auditorias se tornam simples. A conformidade se torna gerenci\u00e1vel. Os riscos diminuem.<\/p>\n\n\n<hr class=\"wp-block-separator has-alpha-channel-opacity\"\/>\n\n\n\n<h3 class=\"wp-block-heading\">Por que a administra\u00e7\u00e3o de RH \u00e9 t\u00e3o estressante<\/h3>\n\n\n<p>A administra\u00e7\u00e3o de RH \u00e9 um trabalho detalhado. Se voc\u00ea perder um detalhe, haver\u00e1 consequ\u00eancias.<\/p>\n<p>Todo funcion\u00e1rio precisa de determinados documentos. Contrato de trabalho. Formul\u00e1rios de impostos. Verifica\u00e7\u00e3o I-9. Verifica\u00e7\u00e3o de antecedentes. Reconhecimentos de pol\u00edticas. Descri\u00e7\u00e3o do cargo. Certifica\u00e7\u00f5es, se necess\u00e1rio. Registros de treinamento.<\/p>\n<p>Eles n\u00e3o precisam apenas existir, precisam ser atuais. Completos. Arquivados adequadamente. Acess\u00edveis quando necess\u00e1rio. Mantidos por per\u00edodos de tempo espec\u00edficos com base em regulamentos.<\/p>\n<p>Em uma empresa pequena, uma pessoa pode gerenciar isso. Em uma empresa em crescimento? Imposs\u00edvel. Muitos funcion\u00e1rios. Muitos requisitos. Muitas mudan\u00e7as.<\/p>\n<p>Os documentos est\u00e3o em lugares diferentes. Alguns no HRIS. Alguns em e-mail. Alguns em unidades compartilhadas. Alguns nos arquivos dos gerentes. Encontrar o que voc\u00ea precisa durante uma auditoria \u00e9 um pesadelo.<\/p>\n<p>Os requisitos de conformidade mudam constantemente. Nova lei trabalhista? Atualize as pol\u00edticas. Novo requisito de certifica\u00e7\u00e3o? Acompanhe-a. Nova exig\u00eancia de treinamento? Atribua-o. Quem est\u00e1 garantindo que tudo isso aconte\u00e7a? Normalmente, um gerente de RH sobrecarregado com uma planilha.<\/p>\n<p>Depois, h\u00e1 as expira\u00e7\u00f5es. As certifica\u00e7\u00f5es expiram. As verifica\u00e7\u00f5es de antecedentes expiram. O treinamento fica atrasado. Se voc\u00ea n\u00e3o os detectar, n\u00e3o estar\u00e1 em conformidade. Como voc\u00ea os detecta? Rastreamento manual. Lembretes de calend\u00e1rio. Espero que voc\u00ea n\u00e3o perca nada.<\/p>\n<p>As auditorias induzem ao p\u00e2nico. \"Mostre-me os I-9s de todos os funcion\u00e1rios contratados nos \u00faltimos tr\u00eas anos.\" Voc\u00ea consegue encontrar todos eles? Eles est\u00e3o completos? Est\u00e3o preenchidos corretamente? Se n\u00e3o, a\u00ed v\u00eam as multas.<\/p>\n<p>Isso n\u00e3o \u00e9 um problema porque o RH \u00e9 ruim em seu trabalho. \u00c9 um problema porque o rastreamento manual n\u00e3o \u00e9 escalon\u00e1vel. A IA resolve isso.<\/p>\n\n\n<hr class=\"wp-block-separator has-alpha-channel-opacity\"\/>\n\n\n\n<h3 class=\"wp-block-heading\">O que a IA faz pela administra\u00e7\u00e3o de RH<\/h3>\n\n\n<p>A IA n\u00e3o substitui os administradores de RH. Ela elimina o estresse constante de rastrear tudo manualmente. Veja como.<\/p>\n\n\n<h4 class=\"wp-block-heading\">Organiza\u00e7\u00e3o de documentos que realmente funciona<\/h4>\n\n\n<p>A IA organiza automaticamente todos os documentos dos funcion\u00e1rios.<\/p>\n<p>O documento chega - carregado pelo funcion\u00e1rio, enviado pelo gerente, digitalizado pelo RH, encaminhado por e-mail. A IA o recebe. L\u00ea o documento. Entende o que \u00e9. Arquiva-o no registro correto do funcion\u00e1rio, na categoria correta.<\/p>\n<p>Contrato de trabalho? Arquivado em contratos. Certificado de treinamento? Arquivado em desenvolvimento com data de conclus\u00e3o extra\u00edda. Reconhecimento de pol\u00edtica? Arquivado em conformidade com a data de assinatura capturada.<\/p>\n<p>A IA extrai dados importantes: datas, nomes, n\u00fameros de certifica\u00e7\u00e3o, datas de validade, assinaturas. Isso se torna pesquis\u00e1vel e report\u00e1vel.<\/p>\n<p>Precisa encontrar todos os funcion\u00e1rios cujas licen\u00e7as de manipulador de alimentos expiram nos pr\u00f3ximos 30 dias? A pesquisa leva tr\u00eas segundos. Precisa obter todas as avalia\u00e7\u00f5es de desempenho de 2023? Isso \u00e9 feito instantaneamente. Precisa mostrar I-9s para um per\u00edodo espec\u00edfico de contrata\u00e7\u00e3o? Pronto imediatamente.<\/p>\n<p>N\u00e3o \u00e9 mais necess\u00e1rio procurar em pastas. Chega de \"Eu sei que temos esse documento em algum lugar\". Tudo \u00e9 organizado, pesquis\u00e1vel e instantaneamente acess\u00edvel.<\/p>\n<p>Isso tamb\u00e9m detecta problemas. Avisos de IA: \"Este I-9 est\u00e1 faltando a assinatura da Se\u00e7\u00e3o 2\". \"Este contrato n\u00e3o tem uma data de in\u00edcio.\" \"O upload desta certifica\u00e7\u00e3o est\u00e1 ileg\u00edvel\". Sinaliza o problema imediatamente para que o RH possa corrigi-lo enquanto ainda h\u00e1 tempo.<\/p>\n\n\n<h4 class=\"wp-block-heading\">Rastreamento de requisitos de conformidade<\/h4>\n\n\n<p>Fun\u00e7\u00f5es diferentes t\u00eam requisitos diferentes. Locais diferentes t\u00eam regulamentos diferentes. Manter o controle manual \u00e9 um trabalho de tempo integral.<\/p>\n<p>A IA rastreia tudo isso automaticamente.<\/p>\n<p>Voc\u00ea configura as regras uma vez: \"Todos os funcion\u00e1rios da Calif\u00f3rnia precisam de treinamento de preven\u00e7\u00e3o de ass\u00e9dio sexual a cada dois anos\". \"Todos os motoristas precisam ter suas licen\u00e7as v\u00e1lidas verificadas anualmente.\" \"Todos os gerentes precisam de treinamento documentado de gerenciamento de desempenho dentro de 90 dias ap\u00f3s a promo\u00e7\u00e3o.\"<\/p>\n<p>A IA monitora a conformidade de cada funcion\u00e1rio em rela\u00e7\u00e3o a cada requisito.<\/p>\n<p>Ele sabe: \"A licen\u00e7a de manipulador de alimentos deste funcion\u00e1rio expira em 45 dias\". \"Este gerente n\u00e3o concluiu o treinamento exigido dentro do prazo de 90 dias\". \"A verifica\u00e7\u00e3o de antecedentes desse contratado \u00e9 mais antiga do que a pol\u00edtica permite.\"<\/p>\n<p>Ele alerta antes que as coisas fiquem atrasadas. N\u00e3o no dia do prazo final, quando j\u00e1 \u00e9 tarde demais. 60 dias antes. 30 dias antes. 14 dias antes. Lembretes crescentes at\u00e9 que o problema seja resolvido.<\/p>\n<p>Ele registra o que foi conclu\u00eddo: \"23 funcion\u00e1rios conclu\u00edram o reconhecimento do manual atualizado. 7 pendentes.\" Voc\u00ea pode ver exatamente quem ainda precisa fazer o qu\u00ea.<\/p>\n<p>Durante as auditorias, voc\u00ea pode comprovar a conformidade instantaneamente. \"Mostre-me que todos os funcion\u00e1rios conclu\u00edram o treinamento exigido.\" Pronto. Pegue o relat\u00f3rio. Aqui est\u00e1 ele, com datas de conclus\u00e3o e certificados.<\/p>\n\n\n<h4 class=\"wp-block-heading\">Monitoramento de mudan\u00e7as regulat\u00f3rias<\/h4>\n\n\n<p>A legisla\u00e7\u00e3o trabalhista muda constantemente. Novos requisitos. Regulamentos atualizados. Regras diferentes em jurisdi\u00e7\u00f5es diferentes.<\/p>\n<p>Como voc\u00ea se mant\u00e9m atualizado? Normalmente, n\u00e3o o faz, at\u00e9 que algo surja em uma auditoria ou um advogado o sinalize.<\/p>\n<p>A IA monitora as mudan\u00e7as regulat\u00f3rias relevantes para sua empresa.<\/p>\n<p>Acompanha as atualiza\u00e7\u00f5es da legisla\u00e7\u00e3o trabalhista em suas localidades. Identifica as altera\u00e7\u00f5es que afetam suas pol\u00edticas ou pr\u00e1ticas. Ele alerta voc\u00ea: \"A nova lei da Calif\u00f3rnia exige a divulga\u00e7\u00e3o da faixa salarial nas ofertas de emprego a partir de 1\u00ba de janeiro.\"<\/p>\n<p>Ele n\u00e3o oferece orienta\u00e7\u00e3o jur\u00eddica - voc\u00ea ainda precisa de um advogado para isso. Mas d\u00e1 a voc\u00ea conhecimento para que possa agir proativamente em vez de ser pego de surpresa.<\/p>\n<p>Isso \u00e9 especialmente valioso para empresas internacionais ou com v\u00e1rios estados. As regulamenta\u00e7\u00f5es de cada localidade s\u00e3o diferentes. Tentar rastrear manualmente todas elas? N\u00e3o \u00e9 poss\u00edvel. A IA faz isso automaticamente.<\/p>\n\n\n<h4 class=\"wp-block-heading\">Gera\u00e7\u00e3o de relat\u00f3rios de RH<\/h4>\n\n\n<p>Os relat\u00f3rios s\u00e3o constantes no RH. Relat\u00f3rios de n\u00famero de funcion\u00e1rios. An\u00e1lise de rotatividade. M\u00e9tricas de diversidade. Status de conformidade. Conclus\u00e3o do treinamento. Tempo de contrata\u00e7\u00e3o. Custo por contrata\u00e7\u00e3o. Registro de benef\u00edcios.<\/p>\n<p>Cada relat\u00f3rio requer a extra\u00e7\u00e3o de dados dos sistemas. Limp\u00e1-los. C\u00e1lculo de m\u00e9tricas. Formata\u00e7\u00e3o. Isso leva horas. Quando voc\u00ea termina, os dados j\u00e1 est\u00e3o desatualizados.<\/p>\n<p>A IA gera relat\u00f3rios automaticamente.<\/p>\n<p>Voc\u00ea define o que precisa uma vez. A IA extrai os dados. Calcula as m\u00e9tricas. Gera o relat\u00f3rio. Dentro do cronograma - semanal, mensal, trimestral, o que voc\u00ea precisar.<\/p>\n<p>Relat\u00f3rio de contagem de funcion\u00e1rios toda segunda-feira de manh\u00e3? \u00c9 feito automaticamente. An\u00e1lise de rotatividade no final de cada m\u00eas? Gerada sem que ningu\u00e9m toque nela. Painel de controle de conformidade atualizado diariamente? Sempre atual.<\/p>\n<p>Os relat\u00f3rios s\u00e3o precisos porque n\u00e3o h\u00e1 entrada manual de dados. Eles s\u00e3o oportunos porque s\u00e3o automatizados. E o RH n\u00e3o est\u00e1 gastando horas para cri\u00e1-los todas as vezes.<\/p>\n<p>Quando os executivos ou membros do conselho quiserem m\u00e9tricas de RH, voc\u00ea as ter\u00e1 prontas. N\u00e3o \u00e9 \"deixe-me organizar isso e entrarei em contato com voc\u00ea em uma semana\". Apenas \"aqui est\u00e1\".<\/p>\n\n\n<h4 class=\"wp-block-heading\">Auditoria de documenta\u00e7\u00e3o e detec\u00e7\u00e3o de lacunas<\/h4>\n\n\n<p>Todos os arquivos dos funcion\u00e1rios est\u00e3o completos? As assinaturas necess\u00e1rias s\u00e3o obtidas? Os documentos s\u00e3o mantidos adequadamente?<\/p>\n<p>Verificar isso manualmente \u00e9 tedioso. Voc\u00ea teria que analisar todos os arquivos dos funcion\u00e1rios. Verificar todos os requisitos. Sinalizar cada lacuna. A maioria das empresas n\u00e3o faz isso at\u00e9 que uma auditoria seja anunciada. Ent\u00e3o, \u00e9 hora de entrar em p\u00e2nico.<\/p>\n<p>A IA audita a documenta\u00e7\u00e3o continuamente.<\/p>\n<p>Ele verifica cada arquivo de funcion\u00e1rio em rela\u00e7\u00e3o aos requisitos. Ele sinaliza as lacunas: \"15 funcion\u00e1rios sem cartas de oferta assinadas\". \"8 funcion\u00e1rios t\u00eam certifica\u00e7\u00f5es de treinamento que expiram nos pr\u00f3ximos 30 dias.\" \"3 arquivos est\u00e3o faltando a Se\u00e7\u00e3o 2 do I-9\".<\/p>\n<p>Ele prioriza os problemas por risco. Falta de I-9? Alto risco, sinalize imediatamente. Avalia\u00e7\u00e3o de desempenho antiga n\u00e3o digitalizada? Risco baixo, adicione \u00e0 lista de limpeza.<\/p>\n<p>Em vez de entrar em p\u00e2nico antes das auditorias, voc\u00ea tem visibilidade cont\u00ednua. Voc\u00ea pode ver: \"A documenta\u00e7\u00e3o do funcion\u00e1rio est\u00e1 94% completa. Aqui est\u00e3o as lacunas de 6%\". E voc\u00ea pode resolv\u00ea-las sistematicamente.<\/p>\n<p>Quando ocorrer uma auditoria real, voc\u00ea estar\u00e1 pronto. Os arquivos est\u00e3o completos. A documenta\u00e7\u00e3o est\u00e1 atualizada. Tudo pode ser encontrado. As auditorias passam de estressantes a rotineiras.<\/p>\n\n\n<hr class=\"wp-block-separator has-alpha-channel-opacity\"\/>\n\n\n\n<h3 class=\"wp-block-heading\">O que isso significa para voc\u00ea<\/h3>\n\n\n\n<h4 class=\"wp-block-heading\">Para diretores de RH e l\u00edderes de pessoal<\/h4>\n\n\n<ul>\n<li><strong>Registros prontos para auditoria.<\/strong> A qualquer momento. Sem p\u00e2nico. Os arquivos est\u00e3o completos e organizados. A documenta\u00e7\u00e3o pode ser encontrada instantaneamente.<\/li>\n<li><strong>Menor risco de conformidade.<\/strong> O monitoramento cont\u00ednuo detecta as lacunas antes que elas se tornem viola\u00e7\u00f5es. Nada passa pelas brechas.<\/li>\n<li><strong>Visibilidade clara das m\u00e9tricas de RH.<\/strong> Relat\u00f3rios gerados automaticamente. Sempre atualizados. Sem extra\u00e7\u00e3o manual de dados.<\/li>\n<li><strong>Redu\u00e7\u00e3o da sobrecarga administrativa.<\/strong> Menos tempo para arquivar e rastrear documentos. Mais tempo para o trabalho estrat\u00e9gico de RH.<\/li>\n<li><strong>Dormir melhor.<\/strong> \u00c9 s\u00e9rio. Quando voc\u00ea sabe que a conformidade \u00e9 monitorada e que os documentos est\u00e3o organizados, o estresse diminui drasticamente.<\/li>\n<li><strong>Escalabilidade.<\/strong> A empresa dobra de tamanho? A IA d\u00e1 conta do recado. A mesma qualidade de documenta\u00e7\u00e3o e controle de conformidade.<\/li>\n<\/ul>\n\n\n<h4 class=\"wp-block-heading\">Para gerentes e administradores de RH<\/h4>\n\n\n<ul>\n<li><strong>Pare de procurar documentos.<\/strong> Tudo \u00e9 organizado e pesquis\u00e1vel. Encontre o que voc\u00ea precisa em segundos.<\/li>\n<li><strong>Confie que a conformidade \u00e9 rastreada.<\/strong> O sistema monitora tudo. Voc\u00ea recebe alertas sobre o que precisa de aten\u00e7\u00e3o, n\u00e3o preocupa\u00e7\u00f5es constantes.<\/li>\n<li><strong>Menos tempo para a entrada manual de dados.<\/strong> Documentos processados automaticamente. Dados extra\u00eddos automaticamente. Redu\u00e7\u00e3o dr\u00e1stica dos erros.<\/li>\n<li><strong>Concentre-se nas pessoas, n\u00e3o na papelada.<\/strong> A carga administrativa diminui. Voc\u00ea pode fazer o trabalho real de RH, e n\u00e3o a busca intermin\u00e1vel de documentos.<\/li>\n<li><strong>N\u00e3o h\u00e1 mais p\u00e2nico pr\u00e9-auditoria.<\/strong> Os arquivos est\u00e3o sempre prontos. A documenta\u00e7\u00e3o est\u00e1 sempre atualizada. As auditorias se tornam rotineiras.<\/li>\n<\/ul>\n\n\n<h4 class=\"wp-block-heading\">Para a empresa<\/h4>\n\n\n<ul>\n<li><strong>Redu\u00e7\u00e3o do risco legal.<\/strong> Conformidade monitorada adequadamente. Documenta\u00e7\u00e3o completa. Menor chance de viola\u00e7\u00f5es e multas.<\/li>\n<li><strong>Documenta\u00e7\u00e3o adequada em disputas.<\/strong> Se houver uma disputa entre funcion\u00e1rios ou uma quest\u00e3o legal, voc\u00ea tem a documenta\u00e7\u00e3o. Completa e organizada.<\/li>\n<li><strong>Evid\u00eancia de boas pr\u00e1ticas.<\/strong> Em lit\u00edgios ou auditorias, voc\u00ea pode provar que fez as coisas corretamente. Registros claros. Processos adequados.<\/li>\n<li><strong>Melhores dados de RH para tomada de decis\u00f5es.<\/strong> M\u00e9tricas precisas sobre o n\u00famero de funcion\u00e1rios, rotatividade, diversidade e treinamento. Tomar decis\u00f5es com base em dados, n\u00e3o em suposi\u00e7\u00f5es.<\/li>\n<li><strong>Uso eficiente dos recursos de RH.<\/strong> Menos tempo na administra\u00e7\u00e3o significa mais tempo em programas que realmente desenvolvem talentos e melhoram a cultura.<\/li>\n<\/ul>\n\n\n<hr class=\"wp-block-separator has-alpha-channel-opacity\"\/>\n\n\n\n<h3 class=\"wp-block-heading\">O que a IA n\u00e3o far\u00e1<\/h3>\n\n\n<p>Vamos esclarecer o que a IA n\u00e3o pode fazer.<\/p>\n<p>A IA n\u00e3o fornece consultoria jur\u00eddica. Ela pode rastrear requisitos e sinalizar lacunas, mas n\u00e3o pode lhe dizer como interpretar regulamenta\u00e7\u00f5es complexas. Para isso, voc\u00ea ainda precisa de um consultor jur\u00eddico.<\/p>\n<p>A IA n\u00e3o faz julgamentos sobre pol\u00edticas de RH. Voc\u00ea deve prorrogar o contrato de trabalho de algu\u00e9m? Essa \u00e9 uma decis\u00e3o comercial, n\u00e3o uma decis\u00e3o da IA. A IA apenas garante que a documenta\u00e7\u00e3o seja tratada adequadamente quando voc\u00ea decidir.<\/p>\n<p>A IA n\u00e3o pode corrigir processos ruins. Se o seu processo de documenta\u00e7\u00e3o de RH estiver fundamentalmente quebrado - documentos espalhados por toda parte, sem procedimentos consistentes, sem requisitos claros -, a IA n\u00e3o corrigir\u00e1 isso magicamente. Primeiro, voc\u00ea precisa estabelecer processos adequados. Em seguida, a IA torna esses processos escalon\u00e1veis e confi\u00e1veis.<\/p>\n<p>E a IA ainda requer supervis\u00e3o humana. Ela pode sinalizar que um documento est\u00e1 faltando, mas algu\u00e9m precisa fazer o acompanhamento e obt\u00ea-lo de fato. Ela pode alertar que o treinamento est\u00e1 atrasado, mas algu\u00e9m precisa garantir que o funcion\u00e1rio o conclua.<\/p>\n<p>A IA cuida do rastreamento e da organiza\u00e7\u00e3o. Os seres humanos cuidam do julgamento e do acompanhamento.<\/p>\n\n\n<hr class=\"wp-block-separator has-alpha-channel-opacity\"\/>\n\n\n\n<h3 class=\"wp-block-heading\">Impacto no mundo real<\/h3>\n\n\n<p>Como isso se parece na pr\u00e1tica?<\/p>\n<p>Uma empresa em crescimento implementa IA para administra\u00e7\u00e3o de RH. Antes: O RH gastava de 15 a 20 horas por semana com organiza\u00e7\u00e3o de documentos, controle de conformidade e relat\u00f3rios. Depois: 3 a 5 horas. Isso representa uma economia de 10 a 15 horas por semana. Basicamente, metade de um FTE.<\/p>\n<p>Durante uma auditoria inesperada do DOL, eles est\u00e3o prontos. I-9s completos obtidos em minutos. Registros de treinamento produzidos imediatamente. O auditor comenta como seus registros s\u00e3o organizados. N\u00e3o foram encontradas viola\u00e7\u00f5es. N\u00e3o h\u00e1 multas.<\/p>\n<p>As lacunas de conformidade caem de \"dezenas que provavelmente n\u00e3o conhecemos\" para \"tr\u00eas itens pendentes sinalizados pelo sistema, que j\u00e1 est\u00e3o sendo tratados\".<\/p>\n<p>Relat\u00f3rios de RH que costumavam levar um dia inteiro para serem compilados? Gerados automaticamente. Os executivos recebem seu painel mensal de RH sem que o RH perca tempo criando-o.<\/p>\n<p>A conclus\u00e3o da documenta\u00e7\u00e3o de novos contratados melhorou de 85% (muitas coisas que ca\u00edam no esquecimento) para 98% (o sistema rastreia e lembra at\u00e9 que seja conclu\u00edda).<\/p>\n<p>Isso n\u00e3o \u00e9 hipot\u00e9tico. \u00c9 o que acontece quando a IA lida adequadamente com a administra\u00e7\u00e3o de RH.<\/p>\n\n\n<hr class=\"wp-block-separator has-alpha-channel-opacity\"\/>\n\n\n\n<h3 class=\"wp-block-heading\">Primeiros passos<\/h3>\n\n\n<p>N\u00e3o \u00e9 necess\u00e1rio automatizar tudo de uma vez. Comece com seu maior problema.<\/p>\n<p>Para a maioria das empresas, isso \u00e9 a organiza\u00e7\u00e3o de documentos. Primeiro, organize e pesquise os documentos. Isso, por si s\u00f3, j\u00e1 proporciona um enorme valor.<\/p>\n<p>Ou talvez seja o controle de conformidade. Escolha um requisito essencial - certifica\u00e7\u00f5es, treinamento, I-9s - e fa\u00e7a com que a IA o rastreie. Prove o valor. Depois, expanda.<\/p>\n<p>Ou talvez seja a gera\u00e7\u00e3o de relat\u00f3rios. Automatize primeiro o relat\u00f3rio que consome mais tempo. Mostre que ele funciona. Em seguida, adicione mais.<\/p>\n<p>Escolha uma parte. Implemente-a. Me\u00e7a o tempo economizado e o risco reduzido. Em seguida, expanda sistematicamente.<\/p>\n<p>A administra\u00e7\u00e3o de RH de cada empresa \u00e9 diferente. Seus documentos t\u00eam determinados formatos. Seus requisitos de conformidade s\u00e3o espec\u00edficos para seu setor e localidades. Suas necessidades de relat\u00f3rios s\u00e3o exclusivas de sua empresa.<\/p>\n<p>\u00c9 por isso que a IA de administra\u00e7\u00e3o de RH n\u00e3o \u00e9 \u00fanica. Ela precisa ser configurada de acordo com seus requisitos reais. Seus fluxos de trabalho reais. Seus documentos e sistemas reais.<\/p>\n\n\n<hr class=\"wp-block-separator has-alpha-channel-opacity\"\/>\n\n\n\n<h3 class=\"wp-block-heading\">O resultado final<\/h3>\n\n\n<p>A administra\u00e7\u00e3o de RH n\u00e3o \u00e9 glamourosa. Mas \u00e9 fundamental. A m\u00e1 administra\u00e7\u00e3o leva a viola\u00e7\u00f5es de conformidade, riscos legais, auditorias fracassadas e perda de tempo.<\/p>\n<p>A IA n\u00e3o elimina a administra\u00e7\u00e3o de RH. Ela a torna gerenci\u00e1vel. Documentos organizados automaticamente. Conformidade monitorada continuamente. Lacunas sinalizadas antes que se tornem problemas. Relat\u00f3rios gerados sem esfor\u00e7o manual.<\/p>\n<p>O resultado: menos riscos, menos estresse, mais tempo para o trabalho estrat\u00e9gico e confian\u00e7a de que as coisas est\u00e3o sendo tratadas adequadamente.<\/p>\n<p>Isso n\u00e3o \u00e9 exagero. \u00c9 isso que a IA faz pela administra\u00e7\u00e3o de RH quando implementada corretamente.<\/p>\n\n\n<hr class=\"wp-block-separator has-alpha-channel-opacity\"\/>\n\n\n\n<h3 class=\"wp-block-heading\">Pronto para parar de se preocupar com a conformidade de RH?<\/h3>\n\n\n<p>N\u00e3o vendemos sistemas gen\u00e9ricos de gerenciamento de documentos. Analisamos seus requisitos espec\u00edficos de conformidade. Seus tipos de documentos. Suas necessidades de relat\u00f3rios. Suas \u00e1reas de risco.<\/p>\n<p>Em seguida, criamos uma IA que se adapta aos seus desafios reais de administra\u00e7\u00e3o de RH. N\u00e3o um sistema gen\u00e9rico - um sistema configurado para o funcionamento real de sua empresa.<\/p>\n<p>Sem exageros. Sem exageros. Apenas IA pr\u00e1tica que torna a administra\u00e7\u00e3o de RH menos estressante e mais confi\u00e1vel.<\/p>\n\n<p><a href=\"https:\/\/www.leaplytics.de\/pt_br\/contato\/\">Vamos falar sobre seus desafios de administra\u00e7\u00e3o de RH<\/a><\/p>\n\n<p><a href=\"https:\/\/www.leaplytics.de\/pt_br\/recursos-humanos-ai\/\">Voltar para Solu\u00e7\u00f5es de IA para RH<\/a><\/p>","protected":false},"excerpt":{"rendered":"<p>AI for HR Administration &#038; Compliance: Stop Worrying About Audits HR runs on documents and rules. Employee contracts. Training certifications. Policy acknowledgments. I-9 forms. Background checks. Performance improvement plans. Every employee has a file. Every file has requirements. Miss something? That&#8217;s a compliance violation. Failed audit. Potential lawsuit. Expensive fine. Keeping track manually is impossible. &hellip; <\/p>","protected":false},"author":2,"featured_media":0,"parent":0,"menu_order":0,"comment_status":"closed","ping_status":"closed","template":"","meta":{"footnotes":""},"class_list":["post-14442","page","type-page","status-publish","hentry","latest_post"],"_links":{"self":[{"href":"https:\/\/www.leaplytics.de\/pt_br\/wp-json\/wp\/v2\/pages\/14442","targetHints":{"allow":["GET"]}}],"collection":[{"href":"https:\/\/www.leaplytics.de\/pt_br\/wp-json\/wp\/v2\/pages"}],"about":[{"href":"https:\/\/www.leaplytics.de\/pt_br\/wp-json\/wp\/v2\/types\/page"}],"author":[{"embeddable":true,"href":"https:\/\/www.leaplytics.de\/pt_br\/wp-json\/wp\/v2\/users\/2"}],"replies":[{"embeddable":true,"href":"https:\/\/www.leaplytics.de\/pt_br\/wp-json\/wp\/v2\/comments?post=14442"}],"version-history":[{"count":1,"href":"https:\/\/www.leaplytics.de\/pt_br\/wp-json\/wp\/v2\/pages\/14442\/revisions"}],"predecessor-version":[{"id":14447,"href":"https:\/\/www.leaplytics.de\/pt_br\/wp-json\/wp\/v2\/pages\/14442\/revisions\/14447"}],"wp:attachment":[{"href":"https:\/\/www.leaplytics.de\/pt_br\/wp-json\/wp\/v2\/media?parent=14442"}],"curies":[{"name":"wp","href":"https:\/\/api.w.org\/{rel}","templated":true}]}}