{"id":14443,"date":"2025-12-19T01:44:54","date_gmt":"2025-12-19T00:44:54","guid":{"rendered":"https:\/\/www.leaplytics.de\/?page_id=14443"},"modified":"2025-12-19T01:44:55","modified_gmt":"2025-12-19T00:44:55","slug":"gerenciamento-de-desempenho-analise-ai","status":"publish","type":"page","link":"https:\/\/www.leaplytics.de\/pt_br\/gerenciamento-de-desempenho-analise-ai\/","title":{"rendered":"Gerenciamento de desempenho e an\u00e1lise de IA"},"content":{"rendered":"<h2>IA para gerenciamento e an\u00e1lise de desempenho: Veja os problemas antes que eles se tornem crises<\/h2>\n\n<p>As avalia\u00e7\u00f5es de desempenho ocorrem uma ou duas vezes por ano. A essa altura, os problemas j\u00e1 est\u00e3o se agravando h\u00e1 meses. Os bons funcion\u00e1rios j\u00e1 est\u00e3o com um p\u00e9 fora da empresa. As lacunas de habilidades est\u00e3o atrasando os projetos h\u00e1 alguns trimestres.<\/p>\n<p>O processo de revis\u00e3o em si \u00e9 doloroso. Coletar feedback de cinco pessoas. Ler as p\u00e1ginas de coment\u00e1rios. Tentar encontrar temas. Escreva um resumo. Marque a reuni\u00e3o. Repita para cada membro da equipe.<\/p>\n<p>Os gerentes o odeiam. Os funcion\u00e1rios n\u00e3o confiam nela. O RH passa semanas perseguindo as pessoas para que concluam as avalia\u00e7\u00f5es. E o valor real - ajudar as pessoas a melhorar - se perde na carga administrativa.<\/p>\n<p>A IA muda isso. Ela analisa o feedback em tempo real, n\u00e3o uma vez por ano. Ela identifica padr\u00f5es nos dados de desempenho. Ela identifica lacunas de habilidades antes que elas se tornem problemas. Prev\u00ea riscos de reten\u00e7\u00e3o antes que as pessoas se demitam.<\/p>\n<p>O gerenciamento de desempenho torna-se cont\u00ednuo, orientado por dados e realmente \u00fatil. N\u00e3o \u00e9 um ritual anual temido.<\/p>\n\n\n<hr class=\"wp-block-separator has-alpha-channel-opacity\"\/>\n\n\n\n<h3 class=\"wp-block-heading\">Por que o gerenciamento de desempenho n\u00e3o funciona atualmente<\/h3>\n\n\n<p>Todo mundo sabe que as avalia\u00e7\u00f5es de desempenho n\u00e3o funcionam. As empresas as fazem de qualquer forma porque precisam de algo.<\/p>\n<p>Os problemas s\u00e3o \u00f3bvios. As revis\u00f5es s\u00e3o voltadas para o passado - quando voc\u00ea est\u00e1 revisando o desempenho do \u00faltimo trimestre, j\u00e1 \u00e9 not\u00edcia velha. Elas consomem muito tempo - os gerentes gastam horas por pessoa, multiplicadas por toda a equipe. S\u00e3o subjetivas - gerentes diferentes avaliam de forma diferente, criando inconsist\u00eancia.<\/p>\n<p>E elas n\u00e3o s\u00e3o frequentes. As revis\u00f5es anuais significam que voc\u00ea percebe os problemas com 6 a 12 meses de atraso. Algu\u00e9m est\u00e1 tendo dificuldades? Voc\u00ea n\u00e3o saber\u00e1 at\u00e9 a avalia\u00e7\u00e3o. Algu\u00e9m desmotivado? Quando voc\u00ea perceber, j\u00e1 estar\u00e1 fazendo entrevistas em outro lugar.<\/p>\n<p>A coleta de feedback \u00e9 dolorosa. \"Voc\u00ea pode enviar avalia\u00e7\u00f5es para seus tr\u00eas colegas at\u00e9 sexta-feira?\" Lembretes. Persegui\u00e7\u00e3o. Prorroga\u00e7\u00e3o de prazos. Algumas pessoas escrevem feedbacks atenciosos. Outras o fazem por telefone. A qualidade varia muito.<\/p>\n<p>Ent\u00e3o, algu\u00e9m tem que dar sentido a tudo isso. Ler todos os coment\u00e1rios. Identifique os temas. Quais s\u00e3o os problemas reais? O que \u00e9 apenas ru\u00eddo? Que feedback \u00e9 contradit\u00f3rio? Isso leva horas por funcion\u00e1rio.<\/p>\n<p>No momento da avalia\u00e7\u00e3o, os gerentes est\u00e3o exaustos. Os funcion\u00e1rios est\u00e3o ansiosos. E a conversa geralmente n\u00e3o leva a mudan\u00e7as significativas porque s\u00e3o muitas informa\u00e7\u00f5es entregues tarde demais.<\/p>\n<p>Isso n\u00e3o se deve ao fato de as pessoas n\u00e3o se importarem. \u00c9 porque o processo \u00e9 fundamentalmente manual, infrequente e voltado para o passado. A IA corrige todos os tr\u00eas problemas.<\/p>\n\n\n<hr class=\"wp-block-separator has-alpha-channel-opacity\"\/>\n\n\n\n<h3 class=\"wp-block-heading\">O que a IA faz pelo gerenciamento de desempenho<\/h3>\n\n\n<p>A IA n\u00e3o substitui os gerentes no gerenciamento de desempenho. Ela fornece informa\u00e7\u00f5es melhores e mais r\u00e1pidas para que eles possam realmente ajudar suas equipes. Veja como.<\/p>\n\n\n<h4 class=\"wp-block-heading\">An\u00e1lise de feedback que encontra padr\u00f5es reais<\/h4>\n\n\n<p>As avalia\u00e7\u00f5es 360 coletam feedback de v\u00e1rias pessoas. Gerente. Colegas. \u00c0s vezes, subordinados diretos. Cada pessoa escreve par\u00e1grafos de coment\u00e1rios.<\/p>\n<p>Ler tudo isso \u00e9 tedioso. E identificar padr\u00f5es? Ainda mais dif\u00edcil. Uma pessoa menciona vagamente \"problemas de comunica\u00e7\u00e3o\". Outra diz que \"\u00e0s vezes n\u00e3o faz parte da equipe\". Outra observa que \"ocasionalmente ficamos sabendo das coisas tarde\". Esses problemas est\u00e3o relacionados? O mesmo problema? Problemas diferentes?<\/p>\n<p>A IA l\u00ea todo o feedback. Ela identifica os temas automaticamente.<\/p>\n<p>\"Comunica\u00e7\u00e3o\" aparece em quatro avalia\u00e7\u00f5es. A IA as agrupa. Ela v\u00ea que tr\u00eas pessoas mencionam especificamente o \"momento das atualiza\u00e7\u00f5es\" e duas mencionam o \"n\u00edvel de detalhes\". O padr\u00e3o \u00e9 claro: essa pessoa precisa comunicar as atualiza\u00e7\u00f5es do projeto de forma mais proativa.<\/p>\n<p>Ou os pontos de IA: cinco pessoas elogiam as \"habilidades t\u00e9cnicas\", mas tr\u00eas mencionam que \"poderiam ser mais colaborativas\". O tema: forte colaborador individual, precisa de desenvolvimento no trabalho em equipe.<\/p>\n<p>A IA n\u00e3o escreve a avalia\u00e7\u00e3o para voc\u00ea. Mas ela fornece padr\u00f5es claros para que voc\u00ea n\u00e3o precise ler 10 p\u00e1ginas de coment\u00e1rios tentando encontrar temas manualmente.<\/p>\n<p>Isso tamb\u00e9m funciona em toda a organiza\u00e7\u00e3o. Algumas equipes est\u00e3o recebendo feedback constante sobre a carga de trabalho? Esse \u00e9 um problema de recursos. Os novos gerentes est\u00e3o sempre tendo dificuldades com a delega\u00e7\u00e3o? Essa \u00e9 uma necessidade de treinamento.<\/p>\n<p>Padr\u00f5es que levariam semanas de an\u00e1lise para serem detectados manualmente? A IA os encontra imediatamente.<\/p>\n\n\n<h4 class=\"wp-block-heading\">Identifica\u00e7\u00e3o de lacunas de habilidades<\/h4>\n\n\n<p>Sua equipe precisa de determinadas habilidades. Para suas fun\u00e7\u00f5es atuais. Para os pr\u00f3ximos projetos. Para o rumo que a empresa est\u00e1 tomando.<\/p>\n<p>Quem tem essas habilidades? Quem precisa de desenvolvimento? Normalmente, isso \u00e9 adivinha\u00e7\u00e3o. Os gerentes t\u00eam intui\u00e7\u00f5es. O RH sabe algumas coisas. Mas visibilidade abrangente? Raramente.<\/p>\n<p>A IA analisa os dados de habilidades em sua organiza\u00e7\u00e3o.<\/p>\n<p>Ele analisa os requisitos do cargo. Feedback de desempenho. Conclus\u00e3o do treinamento. Atribui\u00e7\u00f5es de projetos. Autoavalia\u00e7\u00f5es. Avalia\u00e7\u00f5es do gerente. Todos os dados que voc\u00ea j\u00e1 tem, apenas espalhados pelos sistemas.<\/p>\n<p>Ele identifica as lacunas: \"Sua equipe de an\u00e1lise apresenta fortes habilidades em SQL, mas pouca experi\u00eancia com Python. Tr\u00eas projetos futuros exigem Python. Isso \u00e9 um risco\".<\/p>\n<p>Ou: \"Cinco engenheiros seniores s\u00e3o eleg\u00edveis para cargos de ger\u00eancia, mas apenas dois conclu\u00edram algum treinamento em lideran\u00e7a. Isso cria uma lacuna no planejamento de sucess\u00e3o.\"<\/p>\n<p>Ou: \"O feedback do cliente menciona repetidamente 'tempos de resposta lentos'. A an\u00e1lise mostra que sua equipe de suporte n\u00e3o foi treinada no novo sistema de emiss\u00e3o de t\u00edquetes. Isso explica o problema.\"<\/p>\n<p>A IA conecta os pontos que os humanos n\u00e3o conseguem ver em centenas de funcion\u00e1rios. Ela identifica as lacunas antes que elas causem problemas. E faz isso continuamente, n\u00e3o uma vez por ano.<\/p>\n<p>Agora voc\u00ea pode direcionar o desenvolvimento para onde \u00e9 importante. N\u00e3o \u00e9 um treinamento gen\u00e9rico que todos ignoram. Habilidades espec\u00edficas que realmente ajudar\u00e3o pessoas espec\u00edficas a realizar melhor seu trabalho.<\/p>\n\n\n<h4 class=\"wp-block-heading\">Previs\u00e3o de risco de reten\u00e7\u00e3o<\/h4>\n\n\n<p>As pessoas n\u00e3o desistem do nada. H\u00e1 sinais. Geralmente sutis. Geralmente vis\u00edveis apenas em retrospectiva.<\/p>\n<p>O engajamento cai. A participa\u00e7\u00e3o em reuni\u00f5es diminui. O feedback torna-se menos detalhado. As reuni\u00f5es individuais s\u00e3o reagendadas. O desempenho permanece aceit\u00e1vel, mas o entusiasmo diminui.<\/p>\n<p>Quando os gerentes percebem, a pessoa j\u00e1 tem outra oferta. A entrevista de sa\u00edda revela que a pessoa est\u00e1 insatisfeita h\u00e1 meses. \"Por que ningu\u00e9m falou comigo?\"<\/p>\n<p>A IA identifica esses padr\u00f5es com anteced\u00eancia.<\/p>\n<p>Ele monitora os sinais de envolvimento. Tend\u00eancia de queda nas respostas \u00e0s pesquisas. Menos perguntas nas reuni\u00f5es. Diminui\u00e7\u00e3o das revis\u00f5es de c\u00f3digo ou da colabora\u00e7\u00e3o. Aumento do uso de PTO. Mudan\u00e7a nos padr\u00f5es de comunica\u00e7\u00e3o.<\/p>\n<p>Individualmente, eles n\u00e3o significam nada. Juntos, eles formam um padr\u00e3o. A IA o identifica e sinaliza: \"O risco de reten\u00e7\u00e3o desse funcion\u00e1rio aumentou. Recomende que o gerente fa\u00e7a um check-in\".<\/p>\n<p>N\u00e3o porque a IA sabe que a pessoa est\u00e1 procurando emprego. Mas porque o padr\u00e3o corresponde a pessoas que sa\u00edram no passado. \u00c9 um aviso para prestar aten\u00e7\u00e3o antes que seja tarde demais.<\/p>\n<p>Os gerentes podem ent\u00e3o ter conversas reais. \"Como est\u00e3o indo as coisas? Como posso apoi\u00e1-lo melhor?\" Com anteced\u00eancia suficiente para que os problemas ainda possam ser corrigidos.<\/p>\n<p>Isso n\u00e3o evita toda a rotatividade - \u00e0s vezes as pessoas saem por motivos que voc\u00ea n\u00e3o pode controlar. Mas evita a perda de pessoas porque ningu\u00e9m percebeu que elas estavam com dificuldades at\u00e9 a carta de demiss\u00e3o.<\/p>\n\n\n<h4 class=\"wp-block-heading\">Gera\u00e7\u00e3o de rascunho de an\u00e1lise de desempenho<\/h4>\n\n\n<p>Escrever avalia\u00e7\u00f5es de desempenho leva uma eternidade. Os gerentes procrastinam. O RH estende os prazos. A qualidade \u00e9 prejudicada porque as pessoas se apressam.<\/p>\n<p>A IA elabora a revis\u00e3o com base nos dados dispon\u00edveis. Feedback coletado. Metas e progresso. M\u00e9tricas de desempenho. Conquistas recentes. \u00c1reas de desenvolvimento identificadas.<\/p>\n<p>Ele gera um rascunho estruturado: \"\u00c1reas de for\u00e7a: [resumo do feedback positivo com exemplos]. \u00c1reas para desenvolvimento: [resumo do feedback construtivo com padr\u00f5es]. Progresso nas metas: [status de cada objetivo]. \u00c1reas de foco recomendadas: [sugest\u00f5es de desenvolvimento].\"<\/p>\n<p>O gerente o revisa. Acrescenta observa\u00e7\u00f5es pessoais. Ajusta o tom. Inclui o contexto que a IA n\u00e3o poderia saber. Torna-o pessoal.<\/p>\n<p>Mas o trabalho pesado - sintetizar todo o feedback e os dados - j\u00e1 foi feito. O que levava 2 horas agora leva 30 minutos. E a qualidade geralmente \u00e9 melhor porque nada \u00e9 perdido.<\/p>\n<p>N\u00e3o se trata de IA escrevendo avalia\u00e7\u00f5es. \u00c9 a IA fazendo a s\u00edntese tediosa para que os gerentes possam se concentrar na conversa real com o membro da equipe.<\/p>\n\n\n<h4 class=\"wp-block-heading\">Rastreamento de metas que mant\u00e9m o desempenho vis\u00edvel<\/h4>\n\n\n<p>As metas s\u00e3o estabelecidas em janeiro. Em mar\u00e7o, elas s\u00e3o esquecidas. Em dezembro, as pessoas se esfor\u00e7am para lembrar o que deveriam ter alcan\u00e7ado.<\/p>\n<p>A IA mant\u00e9m as metas vis\u00edveis e monitoradas continuamente.<\/p>\n<p>Ele lembra os funcion\u00e1rios e gerentes sobre as metas. Acompanha o progresso com base em atualiza\u00e7\u00f5es. Sinaliza as metas que est\u00e3o fora do caminho: \"Este objetivo n\u00e3o mostra progresso em 6 semanas. \u00c9 necess\u00e1ria uma atualiza\u00e7\u00e3o de status?\"<\/p>\n<p>Ela conecta as metas ao trabalho real. Se a meta de algu\u00e9m for \"melhorar a satisfa\u00e7\u00e3o do cliente\" e as pontua\u00e7\u00f5es das pesquisas com clientes forem monitoradas, a IA poder\u00e1 mostrar o progresso automaticamente.<\/p>\n<p>Ele sugere ajustes. \"Essa meta \u00e9 constantemente marcada como bloqueada devido a restri\u00e7\u00f5es de recursos. Ela deve ser revisada ou escalada?\"<\/p>\n<p>O gerenciamento do desempenho torna-se cont\u00ednuo. N\u00e3o \u00e9 uma surpresa anual. Visibilidade cont\u00ednua de como as pessoas est\u00e3o se saindo e onde precisam de apoio.<\/p>\n\n\n<hr class=\"wp-block-separator has-alpha-channel-opacity\"\/>\n\n\n\n<h3 class=\"wp-block-heading\">O que isso significa para voc\u00ea<\/h3>\n\n\n\n<h4 class=\"wp-block-heading\">Para diretores de RH e l\u00edderes de pessoal<\/h4>\n\n\n<ul>\n<li><strong>Decis\u00f5es sobre talentos orientadas por dados.<\/strong> N\u00e3o \u00e9 intui\u00e7\u00e3o. Padr\u00f5es reais de desempenho, habilidades e envolvimento.<\/li>\n<li><strong>Aviso antecipado sobre reten\u00e7\u00e3o.<\/strong> Identificar riscos de voo antes que as pessoas desistam. \u00c9 hora de resolver os problemas enquanto eles podem ser consertados.<\/li>\n<li><strong>Programas de desenvolvimento que abordam lacunas reais.<\/strong> N\u00e3o \u00e9 um treinamento gen\u00e9rico. Desenvolvimento direcionado para onde ele \u00e9 realmente necess\u00e1rio.<\/li>\n<li><strong>Visibilidade em toda a organiza\u00e7\u00e3o.<\/strong> Quais equipes est\u00e3o prosperando? Quais est\u00e3o com dificuldades? Onde h\u00e1 problemas sist\u00eamicos? Veja claramente.<\/li>\n<li><strong>Melhor planejamento de sucess\u00e3o.<\/strong> Saber quem est\u00e1 pronto para ser promovido. Quem precisa de desenvolvimento. Onde a for\u00e7a do banco \u00e9 fraca.<\/li>\n<li><strong>Processo de desempenho que as pessoas n\u00e3o odeiam.<\/strong> Menos \u00f4nus administrativo. Mais foco no desenvolvimento real. Melhor experi\u00eancia para todos.<\/li>\n<\/ul>\n\n\n<h4 class=\"wp-block-heading\">Para gerentes<\/h4>\n\n\n<ul>\n<li><strong>Menos tempo para revisar a papelada.<\/strong> A IA cuida da s\u00edntese. Voc\u00ea se concentra na conversa e no treinamento.<\/li>\n<li><strong>Melhores percep\u00e7\u00f5es sobre o desempenho da equipe.<\/strong> Padr\u00f5es claros de feedback. Lacunas de habilidades vis\u00edveis. Avisos antecipados sobre o engajamento.<\/li>\n<li><strong>Capture os problemas mais cedo.<\/strong> N\u00e3o espere a revis\u00e3o anual para descobrir problemas. Veja-os quando ainda s\u00e3o pequenos.<\/li>\n<li><strong>Conversas de desenvolvimento mais significativas.<\/strong> Com base em dados e padr\u00f5es reais, n\u00e3o em impress\u00f5es vagas.<\/li>\n<li><strong>Metas que permanecem vis\u00edveis.<\/strong> N\u00e3o esquecido at\u00e9 o momento da revis\u00e3o. Rastreados e ajustados continuamente.<\/li>\n<\/ul>\n\n\n<h4 class=\"wp-block-heading\">Para funcion\u00e1rios<\/h4>\n\n\n<ul>\n<li><strong>Feedback mais claro.<\/strong> N\u00e3o um amontoado de coment\u00e1rios desorganizados. Temas claros e \u00e1reas espec\u00edficas para trabalhar.<\/li>\n<li><strong>Desenvolvimento alinhado \u00e0s necessidades reais.<\/strong> Treinamento que ajuda a preencher lacunas reais de habilidades, n\u00e3o cursos gen\u00e9ricos.<\/li>\n<li><strong>Metas que permanecem relevantes.<\/strong> N\u00e3o \u00e9 definido uma vez e esquecido. S\u00e3o monitorados e ajustados conforme as situa\u00e7\u00f5es mudam.<\/li>\n<li><strong>N\u00e3o h\u00e1 surpresas nas avalia\u00e7\u00f5es.<\/strong> Visibilidade cont\u00ednua significa que voc\u00ea sabe qual \u00e9 a sua posi\u00e7\u00e3o, e n\u00e3o que a descobre uma vez por ano.<\/li>\n<li><strong>Processo justo.<\/strong> An\u00e1lise consistente em toda a organiza\u00e7\u00e3o. Menos sujeito a preconceitos de gerentes individuais.<\/li>\n<\/ul>\n\n\n<hr class=\"wp-block-separator has-alpha-channel-opacity\"\/>\n\n\n\n<h3 class=\"wp-block-heading\">O que a IA n\u00e3o far\u00e1<\/h3>\n\n\n<p>Vamos ser bem claros com rela\u00e7\u00e3o aos limites.<\/p>\n<p>A IA n\u00e3o toma decis\u00f5es de desempenho. N\u00e3o decide sobre promo\u00e7\u00f5es. N\u00e3o determina a remunera\u00e7\u00e3o. N\u00e3o demite pessoas. Ela n\u00e3o avalia o desempenho.<\/p>\n<p>Essas s\u00e3o decis\u00f5es humanas que exigem julgamento, contexto e responsabilidade. Os gerentes tomam essas decis\u00f5es. A IA fornece informa\u00e7\u00f5es para ajud\u00e1-los a tomar decis\u00f5es melhores.<\/p>\n<p>A IA tamb\u00e9m n\u00e3o consegue entender as nuances como os humanos. Ela v\u00ea padr\u00f5es nos dados. Ela n\u00e3o entende que o desempenho de uma pessoa caiu devido a uma crise pessoal ou que ela est\u00e1 fazendo um trabalho extra que n\u00e3o aparece nas m\u00e9tricas.<\/p>\n<p>Os gerentes ainda precisam conversar. Entender o contexto. Usar o discernimento. Ser humano em rela\u00e7\u00e3o \u00e0 gest\u00e3o de pessoas.<\/p>\n<p>A IA facilita esse processo ao lidar com a an\u00e1lise de dados e o trabalho administrativo. Mas ela n\u00e3o substitui o elemento humano do gerenciamento de desempenho.<\/p>\n<p>Al\u00e9m disso, a IA no gerenciamento de desempenho exige bons dados. Se seu feedback for ruim, a an\u00e1lise da IA ser\u00e1 ruim. Se as metas n\u00e3o forem rastreadas, a IA n\u00e3o poder\u00e1 ajudar. Se os sinais de engajamento n\u00e3o forem capturados, a previs\u00e3o de reten\u00e7\u00e3o n\u00e3o funcionar\u00e1.<\/p>\n<p>A IA amplifica seu processo. Se seu processo for bom, a IA o tornar\u00e1 melhor. Se o seu processo estiver quebrado, conserte-o primeiro.<\/p>\n\n\n<hr class=\"wp-block-separator has-alpha-channel-opacity\"\/>\n\n\n\n<h3 class=\"wp-block-heading\">Impacto no mundo real<\/h3>\n\n\n<p>Como isso se parece na pr\u00e1tica?<\/p>\n<p>Uma empresa implementa IA para gerenciamento de desempenho. Antes: os gerentes gastavam de 3 a 4 horas por funcion\u00e1rio em avalia\u00e7\u00f5es anuais. Depois: 1 hora. Isso representa uma economia de 2 a 3 horas por pessoa. Para um gerente com 8 subordinados diretos, isso representa uma economia de 16 a 24 horas por ciclo de avalia\u00e7\u00e3o.<\/p>\n<p>A reten\u00e7\u00e3o melhora. O sistema de alerta antecipado detecta os poss\u00edveis desligamentos com anteced\u00eancia suficiente para resolv\u00ea-los. Nem todos ficam, mas muitos problemas s\u00e3o resolvidos antes que as pessoas saiam.<\/p>\n<p>Os gastos com desenvolvimento tornam-se mais eficazes. Em vez de distribuir o or\u00e7amento de treinamento em cursos gen\u00e9ricos, o investimento se concentra nas lacunas de habilidades identificadas. A conclus\u00e3o do treinamento aumenta porque ele \u00e9 realmente relevante.<\/p>\n<p>A satisfa\u00e7\u00e3o dos funcion\u00e1rios com o processo de desempenho melhora. O feedback \u00e9 mais claro. As avalia\u00e7\u00f5es parecem menos arbitr\u00e1rias. O desenvolvimento parece mais significativo.<\/p>\n<p>Isso n\u00e3o \u00e9 te\u00f3rico. \u00c9 o que acontece quando a IA torna o gerenciamento de desempenho cont\u00ednuo e orientado por dados, em vez de anual e subjetivo.<\/p>\n\n\n<hr class=\"wp-block-separator has-alpha-channel-opacity\"\/>\n\n\n\n<h3 class=\"wp-block-heading\">Primeiros passos<\/h3>\n\n\n<p>N\u00e3o \u00e9 necess\u00e1rio transformar tudo de uma vez. Comece com uma pe\u00e7a.<\/p>\n<p>Para a maioria das empresas, essa \u00e9 a an\u00e1lise de feedback. No pr\u00f3ximo ciclo de avalia\u00e7\u00e3o, fa\u00e7a com que a IA analise o feedback e os temas superficiais. Veja quanto tempo isso economiza. Veja se os gerentes acham isso \u00fatil.<\/p>\n<p>Ou comece com uma an\u00e1lise de lacunas de habilidades. Mapeie os requisitos de sua fun\u00e7\u00e3o com as habilidades reais. Veja onde existem lacunas. Use isso para direcionar o desenvolvimento.<\/p>\n<p>Ou implemente o controle de metas. Mantenha os objetivos de desempenho vis\u00edveis e monitorados continuamente, em vez de definir e esquecer.<\/p>\n<p>Escolha um elemento. Implemente-o. Me\u00e7a o impacto. Em seguida, expanda.<\/p>\n<p>O gerenciamento de desempenho de cada empresa \u00e9 diferente. Seu processo de avalia\u00e7\u00e3o tem etapas espec\u00edficas. Sua coleta de feedback tem determinados formatos. Seus dados de desempenho s\u00e3o armazenados em sistemas espec\u00edficos.<\/p>\n<p>\u00c9 por isso que a IA de gerenciamento de desempenho n\u00e3o \u00e9 plug-and-play. Ela precisa se adequar ao seu processo real. Seus dados reais. Sua cultura real.<\/p>\n\n\n<hr class=\"wp-block-separator has-alpha-channel-opacity\"\/>\n\n\n\n<h3 class=\"wp-block-heading\">O resultado final<\/h3>\n\n\n<p>O gerenciamento de desempenho deveria ajudar as pessoas a melhorar. Em vez disso, tornou-se um fardo administrativo que todos temem.<\/p>\n<p>A IA n\u00e3o substitui o elemento humano do gerenciamento de desempenho. Ela elimina as partes tediosas para que os humanos possam se concentrar no que realmente importa - ajudar as pessoas a crescer e ter sucesso.<\/p>\n<p>O resultado: os gerentes gastam menos tempo com a papelada e mais tempo com o treinamento. O RH identifica os problemas antes que eles se tornem crises. Os funcion\u00e1rios recebem um feedback mais claro e um melhor desenvolvimento. A organiza\u00e7\u00e3o toma decis\u00f5es mais inteligentes sobre talentos.<\/p>\n<p>Isso n\u00e3o \u00e9 exagero. \u00c9 isso que a IA faz pelo gerenciamento de desempenho quando implementada corretamente.<\/p>\n\n\n<hr class=\"wp-block-separator has-alpha-channel-opacity\"\/>\n\n\n\n<h3 class=\"wp-block-heading\">Pronto para tornar o gerenciamento de desempenho realmente \u00fatil?<\/h3>\n\n\n<p>N\u00e3o vendemos IA gen\u00e9rica de gerenciamento de desempenho. Analisamos seu processo espec\u00edfico. Seus mecanismos de feedback. Seus sistemas de dados. Suas necessidades.<\/p>\n<p>Em seguida, criamos uma IA que se adapta \u00e0 forma como voc\u00ea realmente gerencia o desempenho. N\u00e3o um processo idealizado - seu processo real.<\/p>\n<p>Sem exageros. Sem exageros. Apenas IA pr\u00e1tica que torna o gerenciamento de desempenho menos doloroso e mais eficaz.<\/p>\n\n<p><a href=\"https:\/\/www.leaplytics.de\/pt_br\/contato\/\">Vamos falar sobre seus desafios de gerenciamento de desempenho<\/a><\/p>\n\n<p><a href=\"https:\/\/www.leaplytics.de\/pt_br\/recursos-humanos-ai\/\">Voltar para Solu\u00e7\u00f5es de IA para RH<\/a><\/p>","protected":false},"excerpt":{"rendered":"<p>AI for Performance Management &#038; Analytics: See Problems Before They Become Crises Performance reviews happen once or twice a year. By then, problems have been festering for months. Good employees already have one foot out the door. Skill gaps have been slowing projects down for quarters. The review process itself is painful. Collect feedback from &hellip; <\/p>","protected":false},"author":2,"featured_media":0,"parent":0,"menu_order":0,"comment_status":"closed","ping_status":"closed","template":"","meta":{"footnotes":""},"class_list":["post-14443","page","type-page","status-publish","hentry","latest_post"],"_links":{"self":[{"href":"https:\/\/www.leaplytics.de\/pt_br\/wp-json\/wp\/v2\/pages\/14443","targetHints":{"allow":["GET"]}}],"collection":[{"href":"https:\/\/www.leaplytics.de\/pt_br\/wp-json\/wp\/v2\/pages"}],"about":[{"href":"https:\/\/www.leaplytics.de\/pt_br\/wp-json\/wp\/v2\/types\/page"}],"author":[{"embeddable":true,"href":"https:\/\/www.leaplytics.de\/pt_br\/wp-json\/wp\/v2\/users\/2"}],"replies":[{"embeddable":true,"href":"https:\/\/www.leaplytics.de\/pt_br\/wp-json\/wp\/v2\/comments?post=14443"}],"version-history":[{"count":1,"href":"https:\/\/www.leaplytics.de\/pt_br\/wp-json\/wp\/v2\/pages\/14443\/revisions"}],"predecessor-version":[{"id":14446,"href":"https:\/\/www.leaplytics.de\/pt_br\/wp-json\/wp\/v2\/pages\/14443\/revisions\/14446"}],"wp:attachment":[{"href":"https:\/\/www.leaplytics.de\/pt_br\/wp-json\/wp\/v2\/media?parent=14443"}],"curies":[{"name":"wp","href":"https:\/\/api.w.org\/{rel}","templated":true}]}}