{"id":14460,"date":"2025-12-19T01:51:00","date_gmt":"2025-12-19T00:51:00","guid":{"rendered":"https:\/\/www.leaplytics.de\/?page_id=14460"},"modified":"2025-12-19T01:51:01","modified_gmt":"2025-12-19T00:51:01","slug":"verificacao-da-politica-de-conformidade-ai","status":"publish","type":"page","link":"https:\/\/www.leaplytics.de\/pt_br\/verificacao-da-politica-de-conformidade-ai\/","title":{"rendered":"IA de verifica\u00e7\u00e3o de conformidade e pol\u00edtica"},"content":{"rendered":"<h2>IA para verifica\u00e7\u00e3o de conformidade e pol\u00edticas: Pare de esperar que voc\u00ea n\u00e3o tenha perdido algo<\/h2>\n\n<p>As regras est\u00e3o em toda parte. Leis federais. Leis estaduais. Regulamenta\u00e7\u00f5es do setor. Pol\u00edticas da empresa. Obriga\u00e7\u00f5es contratuais. Requisitos de prote\u00e7\u00e3o de dados.<\/p>\n<p>Todo documento precisa estar em conformidade. Toda pol\u00edtica precisa ser atualizada quando as normas mudam. Todo contrato precisa ser verificado em rela\u00e7\u00e3o a v\u00e1rios conjuntos de regras.<\/p>\n<p>A conformidade n\u00e3o \u00e9 opcional. O custo de n\u00e3o cumprir algo \u00e9 alto: multas, a\u00e7\u00f5es judiciais, investiga\u00e7\u00f5es regulat\u00f3rias, danos \u00e0 reputa\u00e7\u00e3o.<\/p>\n<p>O problema? A verifica\u00e7\u00e3o da conformidade \u00e9 manual. Consome muito tempo. \u00c9 f\u00e1cil deixar passar algo quando se est\u00e1 revisando o 15\u00ba contrato do dia.<\/p>\n<p>A IA muda isso. Ela verifica cada documento em rela\u00e7\u00e3o a cada regra. Ela identifica lacunas. Monitora as mudan\u00e7as regulat\u00f3rias. Sugere atualiza\u00e7\u00f5es.<\/p>\n<p>Voc\u00ea obt\u00e9m uma verifica\u00e7\u00e3o sistem\u00e1tica de conformidade em vez de esperar que nada passe despercebido.<\/p>\n\n\n<hr class=\"wp-block-separator has-alpha-channel-opacity\"\/>\n\n\n\n<h3 class=\"wp-block-heading\">O problema de conformidade<\/h3>\n\n\n<p>O trabalho de conformidade \u00e9 simples, mas tedioso: verificar se os documentos atendem aos padr\u00f5es exigidos.<\/p>\n\n<p>Cen\u00e1rios comuns de conformidade:<\/p>\n<ul>\n<li>As pol\u00edticas de privacidade devem incluir divulga\u00e7\u00f5es espec\u00edficas do GDPR<\/li>\n<li>Os termos de servi\u00e7o devem incluir disposi\u00e7\u00f5es obrigat\u00f3rias espec\u00edficas do estado<\/li>\n<li>Os contratos devem estar em conformidade com as normas do setor (HIPAA, SOX, PCI-DSS)<\/li>\n<li>As pol\u00edticas de RH devem refletir as leis trabalhistas atuais<\/li>\n<li>Os r\u00f3tulos dos produtos devem atender aos requisitos da FDA<\/li>\n<li>Os documentos financeiros devem atender \u00e0s regras de divulga\u00e7\u00e3o<\/li>\n<li>Os materiais de marketing devem estar em conformidade com as normas de publicidade<\/li>\n<\/ul>\n\n<p>Verifica\u00e7\u00e3o de conformidade tradicional:<\/p>\n<ul>\n<li>Manter listas de verifica\u00e7\u00e3o de requisitos<\/li>\n<li>Revisar manualmente os documentos em rela\u00e7\u00e3o \u00e0s listas de verifica\u00e7\u00e3o<\/li>\n<li>Tente se manter atualizado com as mudan\u00e7as regulat\u00f3rias<\/li>\n<li>Atualizar documentos quando os regulamentos forem alterados<\/li>\n<li>Espero que n\u00e3o tenha perdido nada<\/li>\n<li>Descubra que voc\u00ea deixou passar algo quando for multado ou processado<\/li>\n<\/ul>\n\n<p>Os problemas:<\/p>\n<ul>\n<li>A verifica\u00e7\u00e3o manual \u00e9 lenta e inconsistente<\/li>\n<li>Os requisitos mudam mais r\u00e1pido do que voc\u00ea pode acompanhar<\/li>\n<li>Jurisdi\u00e7\u00f5es diferentes t\u00eam regras diferentes<\/li>\n<li>Ningu\u00e9m consegue manter centenas de requisitos em sua cabe\u00e7a<\/li>\n<li>A press\u00e3o para agir rapidamente leva a atalhos<\/li>\n<li>Nenhuma prova de que voc\u00ea realmente verificou tudo<\/li>\n<\/ul>\n\n<p>Resultado: A conformidade se torna um exerc\u00edcio de verifica\u00e7\u00e3o de caixas. At\u00e9 que algo d\u00e1 errado.<\/p>\n\n\n<hr class=\"wp-block-separator has-alpha-channel-opacity\"\/>\n\n\n\n<h3 class=\"wp-block-heading\">O que a IA faz pela verifica\u00e7\u00e3o de conformidade e pol\u00edticas<\/h3>\n\n\n<p>A IA conhece regras. Ela l\u00ea documentos. Ela compara os dois. Ela nunca se cansa. Nunca se esquece de um requisito.<\/p>\n<p>Ele n\u00e3o substitui a experi\u00eancia em conformidade. Ela torna a conformidade sistem\u00e1tica em vez de ad hoc.<\/p>\n\n\n<h4 class=\"wp-block-heading\">1. Verifica\u00e7\u00e3o automatizada de conformidade<\/h4>\n\n\n<p>Voc\u00ea fornece \u00e0 IA seus requisitos de conformidade. Ela verifica cada documento em rela\u00e7\u00e3o a eles.<\/p>\n\n<p><strong>Exemplo: Verifica\u00e7\u00e3o da pol\u00edtica de privacidade do GDPR<\/strong><\/p>\n<p>O GDPR exige divulga\u00e7\u00f5es espec\u00edficas. A IA verifica sua pol\u00edtica de privacidade quanto a:<\/p>\n<ul>\n<li>Identidade e detalhes de contato do controlador de dados<\/li>\n<li>Detalhes de contato do respons\u00e1vel pela prote\u00e7\u00e3o de dados (se aplic\u00e1vel)<\/li>\n<li>Objetivos do processamento de dados<\/li>\n<li>Base legal para o processamento<\/li>\n<li>Interesses leg\u00edtimos (se aplic\u00e1vel)<\/li>\n<li>Destinat\u00e1rios ou categorias de destinat\u00e1rios<\/li>\n<li>Transfer\u00eancias internacionais de dados (se aplic\u00e1vel)<\/li>\n<li>Per\u00edodos de reten\u00e7\u00e3o<\/li>\n<li>Direitos dos titulares dos dados (acesso, retifica\u00e7\u00e3o, exclus\u00e3o, etc.)<\/li>\n<li>Direito de retirar o consentimento<\/li>\n<li>Direito de apresentar reclama\u00e7\u00e3o \u00e0 autoridade de supervis\u00e3o<\/li>\n<li>Divulga\u00e7\u00f5es de decis\u00f5es automatizadas (se aplic\u00e1vel)<\/li>\n<\/ul>\n\n<p>A IA retorna:<\/p>\n<ul>\n<li>Presente: Lista de requisitos atendidos<\/li>\n<li>\u2717 Faltando: Lista de requisitos n\u00e3o encontrada<\/li>\n<li>Pouco claro: os requisitos podem ser abordados, mas n\u00e3o est\u00e3o claramente definidos<\/li>\n<\/ul>\n\n<p>Voc\u00ea corrige as lacunas antes que os reguladores as encontrem.<\/p>\n\n\n<h4 class=\"wp-block-heading\">2. Verifica\u00e7\u00e3o de conte\u00fado obrigat\u00f3rio<\/h4>\n\n\n<p>Alguns documentos devem incluir um idioma espec\u00edfico. Palavra por palavra. A IA verifica isso.<\/p>\n\n<p><strong>Exemplo: Divulga\u00e7\u00f5es espec\u00edficas do estado<\/strong><\/p>\n\n<p>A Calif\u00f3rnia exige linguagem espec\u00edfica em acordos de arbitragem trabalhista. Nova York exige linguagem espec\u00edfica em acordos com cl\u00e1usulas de confidencialidade.<\/p>\n\n<p>Verifica\u00e7\u00f5es de IA:<\/p>\n<ul>\n<li>O idioma necess\u00e1rio est\u00e1 presente?<\/li>\n<li>Ele \u00e9 suficientemente proeminente (se for necess\u00e1rio proemin\u00eancia)?<\/li>\n<li>A vers\u00e3o atual est\u00e1 sendo usada (se o idioma tiver sido atualizado)?<\/li>\n<\/ul>\n\n<p>Voc\u00ea n\u00e3o depende da mem\u00f3ria ou de modelos desatualizados.<\/p>\n\n\n<h4 class=\"wp-block-heading\">3. Conformidade com v\u00e1rias jurisdi\u00e7\u00f5es<\/h4>\n\n\n<p>Estados diferentes, regras diferentes. Pa\u00edses diferentes, regras diferentes. O mesmo documento pode precisar estar em conformidade com v\u00e1rios conjuntos de regras.<\/p>\n\n<p>A IA verifica todas as jurisdi\u00e7\u00f5es relevantes simultaneamente.<\/p>\n\n<p><strong>Exemplo: Termos de servi\u00e7o para servi\u00e7o multiestadual<\/strong><\/p>\n\n<p>Sua empresa opera na Calif\u00f3rnia, em Nova York e no Texas. Cada estado tem requisitos espec\u00edficos para contratos com consumidores.<\/p>\n\n<p>A IA verifica os termos de servi\u00e7o:<\/p>\n<ul>\n<li>Leis de prote\u00e7\u00e3o ao consumidor da Calif\u00f3rnia<\/li>\n<li>Requisitos da lei de renova\u00e7\u00e3o autom\u00e1tica da Calif\u00f3rnia<\/li>\n<li>Normas de prote\u00e7\u00e3o ao consumidor de Nova York<\/li>\n<li>Disposi\u00e7\u00f5es espec\u00edficas do estado do Texas<\/li>\n<li>Regulamenta\u00e7\u00f5es federais (FTC, etc.)<\/li>\n<\/ul>\n\n<p>Os resultados mostram o status de conformidade por jurisdi\u00e7\u00e3o. Voc\u00ea v\u00ea exatamente o que precisa ser adicionado para cada estado.<\/p>\n\n\n<h4 class=\"wp-block-heading\">4. Monitoramento de mudan\u00e7as regulat\u00f3rias<\/h4>\n\n\n<p>Os regulamentos mudam. Novas leis s\u00e3o aprovadas. As ag\u00eancias emitem novas orienta\u00e7\u00f5es. Decis\u00f5es judiciais criam novos requisitos.<\/p>\n\n<p>A IA monitora as fontes relevantes:<\/p>\n<ul>\n<li>Atualiza\u00e7\u00f5es do Registro Federal<\/li>\n<li>Mudan\u00e7as na legisla\u00e7\u00e3o estadual<\/li>\n<li>Orienta\u00e7\u00f5es e interpreta\u00e7\u00f5es da ag\u00eancia<\/li>\n<li>Decis\u00f5es judiciais que afetam a conformidade<\/li>\n<li>\u00d3rg\u00e3os reguladores espec\u00edficos do setor<\/li>\n<\/ul>\n\n<p>Quando algo muda e afeta voc\u00ea, a IA sinaliza:<\/p>\n<ul>\n<li>O que mudou<\/li>\n<li>Data de vig\u00eancia<\/li>\n<li>Quais documentos s\u00e3o afetados<\/li>\n<li>O que precisa ser atualizado<\/li>\n<\/ul>\n\n<p>Voc\u00ea n\u00e3o descobre que os regulamentos mudaram quando recebe um aviso de viola\u00e7\u00e3o.<\/p>\n\n\n<h4 class=\"wp-block-heading\">5. An\u00e1lise de lacunas e sugest\u00f5es de corre\u00e7\u00e3o<\/h4>\n\n\n<p>Encontrar lacunas \u00e9 uma coisa. Saber como corrigi-las \u00e9 outra.<\/p>\n\n<p>A IA n\u00e3o apenas identifica os requisitos ausentes, mas tamb\u00e9m sugere uma linguagem para abord\u00e1-los.<\/p>\n\n<p><strong>Exemplo:<\/strong><\/p>\n<p><em>Lacuna identificada: \"A pol\u00edtica de privacidade n\u00e3o especifica os per\u00edodos de reten\u00e7\u00e3o, conforme exigido pelo Artigo 13(2)(a) do GDPR.\"<\/em><\/p>\n\n<p><em>Linguagem sugerida: \"Retemos dados pessoais por [especificar per\u00edodos] ou pelo tempo necess\u00e1rio para cumprir as finalidades para as quais foram coletados, a menos que um per\u00edodo de reten\u00e7\u00e3o mais longo seja exigido por lei.\"<\/em><\/p>\n\n<p>Voc\u00ea n\u00e3o come\u00e7a do zero. Voc\u00ea revisa e personaliza o idioma sugerido.<\/p>\n\n\n<h4 class=\"wp-block-heading\">6. Controle de vers\u00f5es de pol\u00edticas e trilha de auditoria<\/h4>\n\n\n<p>Conformidade significa provar que voc\u00ea cumpriu. A IA cria documenta\u00e7\u00e3o:<\/p>\n<ul>\n<li>Quando cada pol\u00edtica foi verificada<\/li>\n<li>Quais requisitos foram verificados<\/li>\n<li>Quais lacunas foram encontradas<\/li>\n<li>Quais atualiza\u00e7\u00f5es foram feitas<\/li>\n<li>Quando as atualiza\u00e7\u00f5es foram ao ar<\/li>\n<li>Quem aprovou as altera\u00e7\u00f5es<\/li>\n<\/ul>\n\n<p>Se voc\u00ea for auditado ou enfrentar uma investiga\u00e7\u00e3o de conformidade, ter\u00e1 registros claros.<\/p>\n\n\n<hr class=\"wp-block-separator has-alpha-channel-opacity\"\/>\n\n\n\n<h3 class=\"wp-block-heading\">O que isso significa para voc\u00ea<\/h3>\n\n\n\n<h4 class=\"wp-block-heading\">Para tomadores de decis\u00e3o<\/h4>\n\n\n<p><strong>Menor risco de conformidade.<\/strong><br \/>\nA verifica\u00e7\u00e3o sistem\u00e1tica detecta falhas antes que elas se tornem viola\u00e7\u00f5es. Menos multas. Menos problemas regulat\u00f3rios. Menos a\u00e7\u00f5es judiciais.<\/p>\n\n<p><strong>Processos prontos para auditoria.<\/strong><br \/>\nDocumenta\u00e7\u00e3o clara do que foi verificado, quando e quais a\u00e7\u00f5es foram tomadas. Os \u00f3rg\u00e3os reguladores veem um programa de conformidade profissional.<\/p>\n\n<p><strong>Atualiza\u00e7\u00f5es mais r\u00e1pidas de documentos.<\/strong><br \/>\nQuando as normas mudam, voc\u00ea sabe exatamente o que precisa ser atualizado. N\u00e3o \u00e9 preciso se esfor\u00e7ar muito para revisar tudo.<\/p>\n\n<p><strong>Conformidade consistente em toda a organiza\u00e7\u00e3o.<\/strong><br \/>\nTodos os documentos recebem a mesma verifica\u00e7\u00e3o completa. N\u00e3o h\u00e1 varia\u00e7\u00e3o em fun\u00e7\u00e3o de quem est\u00e1 ocupado ou de quem se esqueceu de verificar algo.<\/p>\n\n\n<h4 class=\"wp-block-heading\">Para advogados e equipes de conformidade<\/h4>\n\n\n<p><strong>Verifica\u00e7\u00e3o sistem\u00e1tica em vez de mem\u00f3ria.<\/strong><br \/>\nVoc\u00ea n\u00e3o precisa se lembrar de 200 requisitos. A IA verifica todos eles todas as vezes.<\/p>\n\n<p><strong>Evid\u00eancia de que voc\u00ea fez seu trabalho.<\/strong><br \/>\nRegistros claros de que foram realizadas verifica\u00e7\u00f5es de conformidade. Se algo der errado, voc\u00ea poder\u00e1 demonstrar a devida dilig\u00eancia.<\/p>\n\n<p><strong>Proativo em vez de reativo.<\/strong><br \/>\nVoc\u00ea encontra problemas durante o desenvolvimento, n\u00e3o ap\u00f3s a publica\u00e7\u00e3o. Voc\u00ea fica sabendo das mudan\u00e7as regulat\u00f3rias antes que os clientes perguntem sobre elas.<\/p>\n\n<p><strong>Foco em julgamentos complexos.<\/strong><br \/>\nA IA lida com a verifica\u00e7\u00e3o de conformidade de rotina. Voc\u00ea se concentra nas \u00e1reas cinzentas, na avalia\u00e7\u00e3o de riscos e nas decis\u00f5es estrat\u00e9gicas de conformidade.<\/p>\n\n\n<h4 class=\"wp-block-heading\">Para a empresa<\/h4>\n\n\n<p><strong>Agir rapidamente sem quebrar as regras.<\/strong><br \/>\nA verifica\u00e7\u00e3o de conformidade n\u00e3o torna tudo mais lento. As verifica\u00e7\u00f5es autom\u00e1ticas r\u00e1pidas permitem que voc\u00ea se movimente rapidamente com seguran\u00e7a.<\/p>\n\n<p><strong>Reduzir os custos de conformidade.<\/strong><br \/>\nMenos tempo em verifica\u00e7\u00f5es manuais. Menos problemas de conformidade que exigem remedia\u00e7\u00e3o dispendiosa. Menor risco de multas.<\/p>\n\n<p><strong>Conquistar a confian\u00e7a das partes interessadas.<\/strong><br \/>\nClientes, parceiros e \u00f3rg\u00e3os reguladores veem uma empresa que leva a conformidade a s\u00e9rio.<\/p>\n\n\n<hr class=\"wp-block-separator has-alpha-channel-opacity\"\/>\n\n\n\n<h3 class=\"wp-block-heading\">Exemplo do mundo real: Atualiza\u00e7\u00e3o da pol\u00edtica de privacidade do site<\/h3>\n\n\n<p>Sua empresa opera nos EUA e na UE. O GDPR foi atualizado com novos requisitos.<\/p>\n\n<p><strong>Sem IA:<\/strong><\/p>\n<ul>\n<li>A equipe de conformidade fica sabendo da atualiza\u00e7\u00e3o (eventualmente)<\/li>\n<li>Revisar novos requisitos<\/li>\n<li>Localiza o documento atual da pol\u00edtica de privacidade<\/li>\n<li>L\u00ea a pol\u00edtica manualmente<\/li>\n<li>Tenta se lembrar de todos os novos requisitos do GDPR<\/li>\n<li>Atualiza\u00e7\u00f5es de rascunhos<\/li>\n<li>Envio ao departamento jur\u00eddico para an\u00e1lise<\/li>\n<li>Revis\u00f5es e edi\u00e7\u00f5es legais<\/li>\n<li>As atualiza\u00e7\u00f5es passam pelo processo de aprova\u00e7\u00e3o<\/li>\n<li>A equipe do site implementa mudan\u00e7as<\/li>\n<li>Tempo: 3-6 semanas<\/li>\n<li>Risco: Pode ter perdido alguma coisa<\/li>\n<\/ul>\n\n<p><strong>Com IA:<\/strong><\/p>\n<ul>\n<li>A IA detecta a atualiza\u00e7\u00e3o do GDPR (no dia em que \u00e9 anunciada)<\/li>\n<li>Bandeiras de IA: \"Novos requisitos do GDPR afetam sua pol\u00edtica de privacidade\"<\/li>\n<li>A IA verifica a pol\u00edtica atual em rela\u00e7\u00e3o aos novos requisitos<\/li>\n<li>A IA gera um relat\u00f3rio: \"Faltam 3 divulga\u00e7\u00f5es obrigat\u00f3rias\" com detalhes espec\u00edficos<\/li>\n<li>A IA sugere um idioma para cada elemento ausente<\/li>\n<li>A conformidade analisa as sugest\u00f5es de IA e as personaliza<\/li>\n<li>O departamento jur\u00eddico analisa as altera\u00e7\u00f5es propostas<\/li>\n<li>As atualiza\u00e7\u00f5es passam pelo processo de aprova\u00e7\u00e3o<\/li>\n<li>A equipe do site implementa mudan\u00e7as<\/li>\n<li>A IA verifica se a pol\u00edtica atualizada atende a todos os requisitos<\/li>\n<li>Tempo: 3-5 dias<\/li>\n<li>Risco: verifica\u00e7\u00e3o abrangente de todos os requisitos<\/li>\n<\/ul>\n\n<p>Mesma qualidade. 75% mais r\u00e1pido. Melhor documenta\u00e7\u00e3o. Maior confian\u00e7a.<\/p>\n\n\n<hr class=\"wp-block-separator has-alpha-channel-opacity\"\/>\n\n\n\n<h3 class=\"wp-block-heading\">O que a IA n\u00e3o faz<\/h3>\n\n\n<p>Vamos esclarecer o que a IA n\u00e3o pode fazer.<\/p>\n\n<p><strong>A IA n\u00e3o interpreta regulamentos amb\u00edguos.<\/strong><br \/>\nQuando a lei \u00e9 clara, a IA verifica a conformidade. Quando a interpreta\u00e7\u00e3o \u00e9 necess\u00e1ria, os seres humanos decidem como cumpri-la.<\/p>\n\n<p><strong>A IA n\u00e3o toma decis\u00f5es de neg\u00f3cios sobre riscos.<\/strong><br \/>\nEle identifica as lacunas de conformidade. Voc\u00ea decide se deve corrigi-las imediatamente, aceitar o risco ou buscar uma abordagem diferente.<\/p>\n\n<p><strong>A IA n\u00e3o substitui o julgamento de conformidade.<\/strong><br \/>\n\u00c0s vezes, a conformidade n\u00e3o \u00e9 preto no branco. A IA sinaliza o problema. Um profissional de conformidade toma a decis\u00e3o.<\/p>\n\n<p><strong>A IA n\u00e3o \u00e9 atualizada automaticamente para sempre.<\/strong><br \/>\nO monitoramento regulat\u00f3rio requer manuten\u00e7\u00e3o. Novas regulamenta\u00e7\u00f5es precisam ser adicionadas ao conjunto de regras da IA. Algu\u00e9m precisa gerenciar isso.<\/p>\n\n<p><strong>A IA n\u00e3o faz com que voc\u00ea esteja em conformidade.<\/strong><br \/>\nEle ajuda a verificar a conformidade. Voc\u00ea ainda precisa corrigir as lacunas, implementar pol\u00edticas e acompanhar o processo.<\/p>\n\n<p>A IA \u00e9 uma ferramenta de conformidade. Os profissionais de conformidade ainda s\u00e3o essenciais.<\/p>\n\n\n<hr class=\"wp-block-separator has-alpha-channel-opacity\"\/>\n\n\n\n<h3 class=\"wp-block-heading\">Como come\u00e7ar<\/h3>\n\n\n<p><strong>1. Identifique seus requisitos de conformidade.<\/strong><br \/>\nQuais regulamentos se aplicam \u00e0 sua empresa? Quais padr\u00f5es do setor voc\u00ea deve atender? Quais s\u00e3o as obriga\u00e7\u00f5es contratuais que voc\u00ea tem?<\/p>\n\n<p><strong>2. Documente suas listas de verifica\u00e7\u00e3o de conformidade atuais.<\/strong><br \/>\nO que voc\u00ea verifica atualmente? O que deveria estar verificando? Torne isso expl\u00edcito.<\/p>\n\n<p><strong>3. Priorizar por risco.<\/strong><br \/>\nComece com \u00e1reas de conformidade de alto risco (GDPR, HIPAA, regulamenta\u00e7\u00f5es financeiras). Adicione \u00e1reas de menor risco posteriormente.<\/p>\n\n<p><strong>4. Criar conjuntos de regras de IA.<\/strong><br \/>\nTreine a IA em seus requisitos de conformidade. Quanto mais claro e espec\u00edfico, melhor.<\/p>\n\n<p><strong>5. Teste em documentos existentes.<\/strong><br \/>\nExecute verifica\u00e7\u00f5es de conformidade de IA nas pol\u00edticas e contratos atuais. Veja o que ela encontra. Valide a precis\u00e3o.<\/p>\n\n<p><strong>6. Integrar ao fluxo de trabalho.<\/strong><br \/>\nTornar a verifica\u00e7\u00e3o de conformidade com a IA uma etapa padr\u00e3o. Rascunho do documento \u2192 verifica\u00e7\u00e3o de IA \u2192 revis\u00e3o humana \u2192 aprova\u00e7\u00e3o.<\/p>\n\n<p><strong>7. Monitorar e refinar.<\/strong><br \/>\nRastreie falsos positivos e falsos negativos. Refinar as regras de IA. Mantenha o monitoramento regulat\u00f3rio atualizado.<\/p>\n\n\n<hr class=\"wp-block-separator has-alpha-channel-opacity\"\/>\n\n\n\n<h3 class=\"wp-block-heading\">Perguntas comuns<\/h3>\n\n\n<p><strong>Quais regulamentos a IA pode verificar?<\/strong><br \/>\nQualquer regulamenta\u00e7\u00e3o com requisitos claros e documentados. GDPR, CCPA, HIPAA, SOX, normas espec\u00edficas do setor. Quanto mais clara for a regra, melhor ser\u00e1 o desempenho da IA.<\/p>\n\n<p><strong>A IA pode lidar com pol\u00edticas espec\u00edficas da empresa?<\/strong><br \/>\nSim. A IA pode verificar documentos em rela\u00e7\u00e3o a pol\u00edticas internas, diretrizes de marca, padr\u00f5es de contrato e requisitos espec\u00edficos da empresa.<\/p>\n\n<p><strong>E quanto \u00e0 conformidade espec\u00edfica do setor?<\/strong><br \/>\nA IA pode ser treinada em regulamenta\u00e7\u00f5es do setor (servi\u00e7os financeiros, sa\u00fade, manufatura etc.). Requer conhecimento do dom\u00ednio para ser configurado adequadamente.<\/p>\n\n<p><strong>Qual \u00e9 a precis\u00e3o da verifica\u00e7\u00e3o de conformidade da IA?<\/strong><br \/>\nPara requisitos expl\u00edcitos (divulga\u00e7\u00f5es espec\u00edficas, linguagem necess\u00e1ria): 90-95%. Para requisitos interpretativos: Inferior, requer julgamento humano. \u00c9 por isso que a revis\u00e3o humana continua sendo essencial.<\/p>\n\n<p><strong>Isso funciona para conformidade internacional?<\/strong><br \/>\nSim. A IA pode verificar os regulamentos de v\u00e1rios pa\u00edses. Particularmente \u00fatil para empresas que operam em v\u00e1rias jurisdi\u00e7\u00f5es.<\/p>\n\n<p><strong>Como voc\u00ea mant\u00e9m a IA atualizada com as mudan\u00e7as regulat\u00f3rias?<\/strong><br \/>\nCombina\u00e7\u00e3o de monitoramento automatizado e revis\u00e3o por especialistas. As principais altera\u00e7\u00f5es s\u00e3o sinalizadas automaticamente. Os especialistas validam e atualizam os conjuntos de regras de IA.<\/p>\n\n\n<hr class=\"wp-block-separator has-alpha-channel-opacity\"\/>\n\n\n\n<h3 class=\"wp-block-heading\">O resultado final<\/h3>\n\n\n<p>A conformidade n\u00e3o precisa depender da mem\u00f3ria e da esperan\u00e7a.<\/p>\n<p>A IA verifica sistematicamente os documentos em rela\u00e7\u00e3o aos requisitos regulamentares. Ela monitora as altera\u00e7\u00f5es. Sinaliza as lacunas. Sugere corre\u00e7\u00f5es. Documenta tudo.<\/p>\n<p>O resultado \u00e9 um menor risco de conformidade, atualiza\u00e7\u00f5es mais r\u00e1pidas de documentos, melhor prontid\u00e3o para auditorias e equipes de conformidade realizando trabalhos estrat\u00e9gicos em vez de verifica\u00e7\u00f5es manuais.<\/p>\n<p>Sem m\u00e1gica. Apenas verifica\u00e7\u00e3o sistem\u00e1tica de conformidade em escala.<\/p>\n\n\n<hr class=\"wp-block-separator has-alpha-channel-opacity\"\/>\n\n\n\n<h3 class=\"wp-block-heading\">Pronto para melhorar a verifica\u00e7\u00e3o de conformidade?<\/h3>\n\n\n<p>Cada organiza\u00e7\u00e3o tem requisitos de conformidade, perfis de risco e processos diferentes.<\/p>\n<p>N\u00e3o vendemos ferramentas gen\u00e9ricas de conformidade. Analisamos seus regulamentos e desafios de conformidade espec\u00edficos. Identificamos onde a IA agrega mais valor. Criamos sistemas de verifica\u00e7\u00e3o que atendem \u00e0s suas necessidades.<\/p>\n<p>Vamos falar sobre seus requisitos de conformidade e onde a IA pode ajudar.<\/p>\n\n<p><a href=\"https:\/\/www.leaplytics.de\/pt_br\/contato\/\">Discuta suas necessidades de conformidade<\/a><\/p>\n\n<p><a href=\"https:\/\/www.leaplytics.de\/pt_br\/direito-legal-ai\/\">Voltar para Vis\u00e3o geral da IA jur\u00eddica<\/a><\/p>","protected":false},"excerpt":{"rendered":"<p>AI for Compliance &#038; Policy Checking: Stop Hoping You Didn&#8217;t Miss Something Rules are everywhere. Federal laws. State laws. Industry regulations. Company policies. Contractual obligations. Data protection requirements. Every document needs to comply. Every policy needs updating when regulations change. Every contract needs checking against multiple rule sets. Compliance isn&#8217;t optional. The cost of missing &hellip; <\/p>","protected":false},"author":2,"featured_media":0,"parent":0,"menu_order":0,"comment_status":"closed","ping_status":"closed","template":"","meta":{"footnotes":""},"class_list":["post-14460","page","type-page","status-publish","hentry","latest_post"],"_links":{"self":[{"href":"https:\/\/www.leaplytics.de\/pt_br\/wp-json\/wp\/v2\/pages\/14460","targetHints":{"allow":["GET"]}}],"collection":[{"href":"https:\/\/www.leaplytics.de\/pt_br\/wp-json\/wp\/v2\/pages"}],"about":[{"href":"https:\/\/www.leaplytics.de\/pt_br\/wp-json\/wp\/v2\/types\/page"}],"author":[{"embeddable":true,"href":"https:\/\/www.leaplytics.de\/pt_br\/wp-json\/wp\/v2\/users\/2"}],"replies":[{"embeddable":true,"href":"https:\/\/www.leaplytics.de\/pt_br\/wp-json\/wp\/v2\/comments?post=14460"}],"version-history":[{"count":1,"href":"https:\/\/www.leaplytics.de\/pt_br\/wp-json\/wp\/v2\/pages\/14460\/revisions"}],"predecessor-version":[{"id":14466,"href":"https:\/\/www.leaplytics.de\/pt_br\/wp-json\/wp\/v2\/pages\/14460\/revisions\/14466"}],"wp:attachment":[{"href":"https:\/\/www.leaplytics.de\/pt_br\/wp-json\/wp\/v2\/media?parent=14460"}],"curies":[{"name":"wp","href":"https:\/\/api.w.org\/{rel}","templated":true}]}}