{"id":14495,"date":"2025-12-19T01:58:56","date_gmt":"2025-12-19T00:58:56","guid":{"rendered":"https:\/\/www.leaplytics.de\/?page_id=14495"},"modified":"2025-12-19T01:58:57","modified_gmt":"2025-12-19T00:58:57","slug":"automacao-de-processos-fluxo-de-trabalho-ai","status":"publish","type":"page","link":"https:\/\/www.leaplytics.de\/pt_br\/automacao-de-processos-fluxo-de-trabalho-ai\/","title":{"rendered":"Automa\u00e7\u00e3o de processos e IA de fluxo de trabalho"},"content":{"rendered":"<h2>IA para automa\u00e7\u00e3o de processos e fluxo de trabalho<\/h2>\n\n<p>As opera\u00e7\u00f5es s\u00e3o executadas em processos. Do pedido ao atendimento. Da solicita\u00e7\u00e3o \u00e0 resolu\u00e7\u00e3o. Tarefa at\u00e9 a conclus\u00e3o. Tudo segue etapas.<\/p>\n<p>Quando os processos funcionam sem problemas, as coisas fluem. Quando isso n\u00e3o acontece, tudo fica travado. As tarefas se acumulam. As transfer\u00eancias falham. As pessoas perdem tempo perguntando \"onde est\u00e1 isso?\" e \"quem tem aquilo?\"<\/p>\n<p>A maioria dos problemas de processo n\u00e3o se deve ao fato de as pessoas n\u00e3o se importarem. Eles ocorrem porque os processos s\u00e3o manuais. Algu\u00e9m tem que encaminhar isso. Algu\u00e9m precisa aprovar isso. Algu\u00e9m precisa verificar se a etapa anterior foi conclu\u00edda.<\/p>\n<p>A IA pode automatizar as partes rotineiras. N\u00e3o substitui o julgamento humano - apenas lida com o trabalho baseado em regras que n\u00e3o precisa dele.<\/p>\n<p>Sua equipe deixa de perseguir processos e come\u00e7a a resolver problemas.<\/p>\n\n\n<hr class=\"wp-block-separator has-alpha-channel-opacity\"\/>\n\n\n\n<h3 class=\"wp-block-heading\">Por que os processos manuais s\u00e3o interrompidos<\/h3>\n\n\n<p>Voc\u00ea tem SOPs. Procedimentos documentados. Etapas claras de como as coisas devem funcionar.<\/p>\n<p>Mas a execu\u00e7\u00e3o \u00e9 manual. Algu\u00e9m recebe uma solicita\u00e7\u00e3o. Eles descobrem quem deve lidar com ela. Eles a enviam. Fazem o acompanhamento para se certificar de que ocorreu.<\/p>\n<p>Quando o volume \u00e9 baixo, isso funciona. Quando o volume \u00e9 alto, as coisas caem nas fendas:<\/p>\n<ul>\n<li>Tarefas encaminhadas para a equipe errada<\/li>\n<li>Aprova\u00e7\u00f5es aguardando na caixa de entrada de algu\u00e9m que est\u00e1 fora do escrit\u00f3rio<\/li>\n<li>Etapas ignoradas porque ningu\u00e9m verificou a conclus\u00e3o<\/li>\n<li>Exce\u00e7\u00f5es n\u00e3o detectadas at\u00e9 tarde demais<\/li>\n<li>Ningu\u00e9m sabe onde est\u00e1 nada no processo<\/li>\n<\/ul>\n\n<p>Sua equipe passa mais tempo coordenando do que executando. Reuni\u00f5es para acompanhar o status. E-mails em busca de atualiza\u00e7\u00f5es. Escalonamentos porque algo ficou parado.<\/p>\n<p>N\u00e3o porque as pessoas sejam ruins em seus trabalhos. Porque a coordena\u00e7\u00e3o manual n\u00e3o \u00e9 escalon\u00e1vel.<\/p>\n\n\n<hr class=\"wp-block-separator has-alpha-channel-opacity\"\/>\n\n\n\n<h3 class=\"wp-block-heading\">O que a IA faz pela automa\u00e7\u00e3o de processos<\/h3>\n\n\n<p>A IA lida com a tomada de decis\u00f5es de rotina em seus processos. Ela aplica regras instantaneamente. Ela direciona o trabalho corretamente. Monitora o progresso. Detecta exce\u00e7\u00f5es.<\/p>\n<p>Sua equipe se concentra no trabalho em si, n\u00e3o na coordena\u00e7\u00e3o em torno dele.<\/p>\n\n\n<h4 class=\"wp-block-heading\">Roteamento inteligente de tarefas<\/h4>\n\n\n<p>Um novo pedido \u00e9 recebido. Para onde ele vai? Para qual dep\u00f3sito? Para qual equipe? Depende da localiza\u00e7\u00e3o, do tipo de produto, dos n\u00edveis de estoque e da capacidade da equipe.<\/p>\n<p>Manualmente, algu\u00e9m tem que examinar tudo isso e decidir. Com a IA, isso acontece instantaneamente:<\/p>\n<ul>\n<li>Analisa os detalhes da solicita\u00e7\u00e3o<\/li>\n<li>Verifica as cargas de trabalho atuais das equipes<\/li>\n<li>Considera as habilidades e certifica\u00e7\u00f5es necess\u00e1rias<\/li>\n<li>Fatores de localiza\u00e7\u00e3o e log\u00edstica<\/li>\n<li>Rotas para a equipe ideal<\/li>\n<\/ul>\n\n<p>N\u00e3o apenas mais r\u00e1pido - mais consistente. A mesma l\u00f3gica se aplica todas as vezes. N\u00e3o h\u00e1 varia\u00e7\u00e3o com base na pessoa que o manuseia.<\/p>\n<p>Casos especiais? A IA os sinaliza para encaminhamento humano. Mas os casos de rotina (que s\u00e3o a maioria dos casos) fluem automaticamente.<\/p>\n\n\n<h4 class=\"wp-block-heading\">Gerenciamento inteligente de aprova\u00e7\u00f5es<\/h4>\n\n\n<p>As aprova\u00e7\u00f5es tornam tudo mais lento. Toda compra precisa de aprova\u00e7\u00e3o. Toda exce\u00e7\u00e3o precisa ser aprovada. Toda mudan\u00e7a precisa ser revisada.<\/p>\n<p>Mas a maioria \u00e9 rotineira. Solicita\u00e7\u00e3o padr\u00e3o dentro da pol\u00edtica? Deve ser aprovada automaticamente. Solicita\u00e7\u00e3o incomum fora dos par\u00e2metros? Deve ser encaminhada para o aprovador certo com todo o contexto.<\/p>\n<p>A IA lida com a l\u00f3gica de aprova\u00e7\u00e3o:<\/p>\n<ul>\n<li>Solicita\u00e7\u00f5es padr\u00e3o dentro dos limites: aprovadas automaticamente com trilha de auditoria<\/li>\n<li>Solicita\u00e7\u00f5es que precisam de revis\u00e3o: encaminhadas para o n\u00edvel apropriado com base no valor, tipo e risco<\/li>\n<li>Solicita\u00e7\u00f5es complexas: escalonadas com contexto e hist\u00f3rico completos<\/li>\n<li>Aprova\u00e7\u00f5es paralisadas: escalonadas automaticamente se ficarem paradas por muito tempo<\/li>\n<\/ul>\n\n<p>Seus gerentes dedicam tempo a decis\u00f5es que realmente precisam de julgamento. E n\u00e3o para carimbar solicita\u00e7\u00f5es de rotina.<\/p>\n<p>E quando algu\u00e9m est\u00e1 fora? A IA encaminha para seu backup. N\u00e3o h\u00e1 solicita\u00e7\u00f5es presas \u00e0 espera de algu\u00e9m que est\u00e1 de f\u00e9rias.<\/p>\n\n\n<h4 class=\"wp-block-heading\">Monitoramento de processos em tempo real<\/h4>\n\n\n<p>Onde est\u00e1 tudo? O que est\u00e1 travado? O que est\u00e1 correndo o risco de perder os prazos?<\/p>\n<p>A IA rastreia cada tarefa em cada etapa. N\u00e3o pedindo atualiza\u00e7\u00f5es \u00e0s pessoas, mas monitorando os sistemas automaticamente. Ela sabe:<\/p>\n<ul>\n<li>O que est\u00e1 em andamento e quem est\u00e1 trabalhando nisso<\/li>\n<li>O que est\u00e1 aguardando (e h\u00e1 quanto tempo est\u00e1 aguardando)<\/li>\n<li>O que est\u00e1 se aproximando dos prazos<\/li>\n<li>Onde os gargalos est\u00e3o se formando<\/li>\n<li>Quais processos est\u00e3o sendo executados mais lentamente do que o normal<\/li>\n<\/ul>\n\n<p>O painel mostra o status em tempo real. N\u00e3o s\u00e3o relat\u00f3rios \"a partir de ontem\" - agora mesmo. Seus gerentes sabem o que precisa de aten\u00e7\u00e3o sem precisar correr atr\u00e1s de atualiza\u00e7\u00f5es.<\/p>\n\n\n<h4 class=\"wp-block-heading\">Detec\u00e7\u00e3o de exce\u00e7\u00f5es que realmente funciona<\/h4>\n\n\n<p>As exce\u00e7\u00f5es s\u00e3o caras. Informa\u00e7\u00f5es faltando no pedido. Etapa muito demorada. Procedimento n\u00e3o seguido corretamente. Quando algu\u00e9m percebe, j\u00e1 \u00e9 um problema.<\/p>\n<p>A IA detecta exce\u00e7\u00f5es antecipadamente:<\/p>\n<ul>\n<li><strong>Dados ausentes:<\/strong> Pedido enviado sem os campos obrigat\u00f3rios? Sinalizado imediatamente, n\u00e3o quando chega ao atendimento.<\/li>\n<li><strong>Desvios de processo:<\/strong> Etapas conclu\u00eddas fora de ordem? A lista de verifica\u00e7\u00e3o foi ignorada? Avisos da IA.<\/li>\n<li><strong>Problemas de tempo:<\/strong> A etapa est\u00e1 demorando tr\u00eas vezes mais do que o normal? A IA alerta antes que o prazo seja estourado.<\/li>\n<li><strong>Preocupa\u00e7\u00f5es com a qualidade:<\/strong> A taxa de erro est\u00e1 aumentando em um processo espec\u00edfico? Padr\u00e3o detectado precocemente.<\/li>\n<li><strong>Lacunas de conformidade:<\/strong> Falta a documenta\u00e7\u00e3o necess\u00e1ria? Limite de aprova\u00e7\u00e3o excedido? Capturado automaticamente.<\/li>\n<\/ul>\n\n<p>Sua equipe lida com exce\u00e7\u00f5es quando elas ainda s\u00e3o pequenas. Antes que elas se espalhem. Antes que os clientes sejam afetados.<\/p>\n\n\n<h4 class=\"wp-block-heading\">Verifica\u00e7\u00e3o automatizada de conformidade<\/h4>\n\n\n<p>Todo processo tem requisitos. As etapas devem ocorrer em ordem. A documenta\u00e7\u00e3o deve estar completa. As aprova\u00e7\u00f5es devem ser obtidas. As verifica\u00e7\u00f5es de qualidade devem ser realizadas.<\/p>\n<p>Verificar tudo isso manualmente? Algu\u00e9m precisa fazer uma auditoria. Na melhor das hip\u00f3teses, verifica\u00e7\u00f5es por amostragem. Conformidade por esperan\u00e7a.<\/p>\n<p>A IA verifica cada inst\u00e2ncia:<\/p>\n<ul>\n<li>Todas as etapas necess\u00e1rias foram conclu\u00eddas?<\/li>\n<li>A sequ\u00eancia correta foi seguida?<\/li>\n<li>A documenta\u00e7\u00e3o est\u00e1 completa e precisa?<\/li>\n<li>As aprova\u00e7\u00f5es necess\u00e1rias foram obtidas?<\/li>\n<li>A trilha de auditoria mostra quem fez o qu\u00ea e quando?<\/li>\n<\/ul>\n\n<p>Processo fora de conformidade? Sinalizado imediatamente. N\u00e3o \u00e9 encontrado semanas depois durante uma auditoria. Sua conformidade \u00e9 real, n\u00e3o esperada.<\/p>\n\n\n<h4 class=\"wp-block-heading\">An\u00e1lise de desempenho de processos<\/h4>\n\n\n<p>Quanto tempo os processos realmente levam? Onde eles ficam mais lentos? Quais equipes s\u00e3o mais r\u00e1pidas? Por qu\u00ea?<\/p>\n<p>A IA rastreia as m\u00e9tricas de desempenho em todos os seus processos:<\/p>\n<ul>\n<li>Tempo de ciclo por tipo de processo<\/li>\n<li>Produ\u00e7\u00e3o por equipe e por indiv\u00edduo<\/li>\n<li>Onde ocorrem os atrasos (quais etapas, quais transfer\u00eancias)<\/li>\n<li>Taxas de erro e frequ\u00eancia de retrabalho<\/li>\n<li>Varia\u00e7\u00e3o (a consist\u00eancia \u00e9 t\u00e3o importante quanto a velocidade)<\/li>\n<\/ul>\n\n<p>Voc\u00ea v\u00ea onde pode melhorar. N\u00e3o se trata de adivinhar, mas de olhar para os dados. Esta equipe \u00e9 consistentemente mais r\u00e1pida? Saiba o que eles est\u00e3o fazendo de diferente. Esta etapa \u00e9 consistentemente lenta? Investigue o motivo.<\/p>\n<p>Melhoria de processos baseada em fatos, n\u00e3o em sentimentos.<\/p>\n\n\n<hr class=\"wp-block-separator has-alpha-channel-opacity\"\/>\n\n\n\n<h3 class=\"wp-block-heading\">O que isso significa para voc\u00ea<\/h3>\n\n\n\n<h4 class=\"wp-block-heading\">Para COOs e l\u00edderes de opera\u00e7\u00f5es<\/h4>\n\n\n<p><strong>Execu\u00e7\u00e3o consistente em todos os locais.<\/strong> As mesmas regras s\u00e3o aplicadas em todos os lugares. N\u00e3o h\u00e1 varia\u00e7\u00e3o com base em quem est\u00e1 trabalhando ou em qu\u00e3o ocupado est\u00e1.<\/p>\n\n<p><strong>Opera\u00e7\u00f5es escalon\u00e1veis.<\/strong> Lide com o dobro do volume sem o dobro do n\u00famero de funcion\u00e1rios. O trabalho de coordena\u00e7\u00e3o n\u00e3o se multiplica com o volume.<\/p>\n\n<p><strong>Melhor conformidade e trilhas de auditoria.<\/strong> Todo processo \u00e9 documentado automaticamente. Trilha de auditoria completa para cada transa\u00e7\u00e3o. Conformidade por projeto, n\u00e3o por verifica\u00e7\u00e3o.<\/p>\n\n<p><strong>Visibilidade das opera\u00e7\u00f5es.<\/strong> Painel de controle em tempo real do que est\u00e1 acontecendo. Veja os gargalos se formando antes que se tornem crises.<\/p>\n\n<p><strong>Menores taxas de erro.<\/strong> A verifica\u00e7\u00e3o automatizada detecta erros antecipadamente. Exce\u00e7\u00f5es sinalizadas antes que causem problemas.<\/p>\n\n\n<h4 class=\"wp-block-heading\">Para gerentes de opera\u00e7\u00f5es<\/h4>\n\n\n<p><strong>Pare de buscar atualiza\u00e7\u00f5es de status.<\/strong> O sistema rastreia tudo. Voc\u00ea v\u00ea o que precisa de aten\u00e7\u00e3o sem precisar perguntar.<\/p>\n\n<p><strong>Concentre-se nas exce\u00e7\u00f5es, n\u00e3o na rotina.<\/strong> A IA lida com o fluxo de trabalho padr\u00e3o. Voc\u00ea lida com os casos incomuns que precisam de julgamento.<\/p>\n\n<p><strong>Saiba onde as coisas est\u00e3o travadas.<\/strong> N\u00e3o \u00e9 preciso esperar que os membros da equipe fa\u00e7am o escalonamento. Voc\u00ea v\u00ea isso em tempo real.<\/p>\n\n<p><strong>Dados para aprimoramento.<\/strong> Saiba quais processos funcionam bem e quais precisam ser corrigidos. Tempos de ciclo reais, n\u00e3o estimativas.<\/p>\n\n<p><strong>Distribui\u00e7\u00e3o justa da carga de trabalho.<\/strong> Veja quem est\u00e1 sobrecarregado e quem tem capacidade. Equilibrar o trabalho com base na realidade.<\/p>\n\n\n<h4 class=\"wp-block-heading\">Para equipes que realizam o trabalho<\/h4>\n\n\n<p><strong>Limpar a fila de tarefas.<\/strong> Nada de ficar se perguntando \"em que devo trabalhar?\" As prioridades s\u00e3o calculadas automaticamente com base nos prazos e na import\u00e2ncia.<\/p>\n\n<p><strong>N\u00e3o h\u00e1 mais persegui\u00e7\u00e3o.<\/strong> O sistema direciona o trabalho para voc\u00ea. Informa o que voc\u00ea precisa saber. Escalona automaticamente se voc\u00ea estiver preso.<\/p>\n\n<p><strong>Menor sobrecarga de coordena\u00e7\u00e3o.<\/strong> Passe o tempo fazendo o trabalho, n\u00e3o coordenando sobre o trabalho. N\u00e3o h\u00e1 reuni\u00f5es para acompanhar o status.<\/p>\n\n<p><strong>Aprova\u00e7\u00f5es r\u00e1pidas.<\/strong> Coisas de rotina aprovadas automaticamente. N\u00e3o \u00e9 preciso esperar dias para que algu\u00e9m carimbe.<\/p>\n\n<p><strong>Menos simula\u00e7\u00f5es de inc\u00eandio.<\/strong> Exce\u00e7\u00f5es detectadas com anteced\u00eancia. Problemas sinalizados antes de explodirem. Menos p\u00e2nico, mais planejamento.<\/p>\n\n\n<hr class=\"wp-block-separator has-alpha-channel-opacity\"\/>\n\n\n\n<h3 class=\"wp-block-heading\">O que a IA n\u00e3o pode fazer<\/h3>\n\n\n<p>A IA automatiza o trabalho baseado em regras. Ela n\u00e3o substitui o julgamento. Aqui est\u00e1 o que ainda precisa de humanos:<\/p>\n\n<p><strong>Lidar com situa\u00e7\u00f5es realmente incomuns.<\/strong> A IA encaminha os casos padr\u00e3o e sinaliza as exce\u00e7\u00f5es. Mas casos extremos realmente estranhos? Esses precisam da solu\u00e7\u00e3o de problemas por humanos.<\/p>\n\n<p><strong>Negocia\u00e7\u00e3o e gerenciamento de relacionamentos.<\/strong> O cliente est\u00e1 chateado com um atraso? O fornecedor precisa de um tratamento especial? Isso \u00e9 trabalho humano.<\/p>\n\n<p><strong>Projetando processos melhores.<\/strong> A IA monitora o desempenho dos processos atuais. Como reprojet\u00e1-los para obter melhores resultados? Isso \u00e9 com a sua equipe.<\/p>\n\n<p><strong>Fazer julgamentos.<\/strong> Devemos agilizar isso? Abrir uma exce\u00e7\u00e3o? Aceitar uma perda para preservar um relacionamento? Os computadores n\u00e3o conseguem pesar essas compensa\u00e7\u00f5es.<\/p>\n\n<p><strong>Aprova\u00e7\u00f5es complexas.<\/strong> As aprova\u00e7\u00f5es simples (sob $X, dentro da pol\u00edtica) podem ser automatizadas. As complexas (decis\u00f5es estrat\u00e9gicas, exce\u00e7\u00f5es significativas, impactos multifuncionais) precisam de an\u00e1lise humana.<\/p>\n\n<p>Pense na IA como a respons\u00e1vel pela camada de coordena\u00e7\u00e3o. Sua equipe lida com a camada de pensamento. Eles apenas fazem isso mais r\u00e1pido porque o trabalho pesado j\u00e1 foi feito.<\/p>\n\n\n<hr class=\"wp-block-separator has-alpha-channel-opacity\"\/>\n\n\n\n<h3 class=\"wp-block-heading\">Introdu\u00e7\u00e3o \u00e0 automa\u00e7\u00e3o de processos<\/h3>\n\n\n<p>N\u00e3o se automatiza tudo de uma vez. Comece com os processos de maior volume e mais padronizados:<\/p>\n\n<p><strong>Bons primeiros candidatos:<\/strong><\/p>\n<ul>\n<li>Roteamento e atribui\u00e7\u00e3o de pedidos<\/li>\n<li>Fluxos de trabalho de aprova\u00e7\u00e3o padr\u00e3o<\/li>\n<li>Registro e triagem de solicita\u00e7\u00f5es<\/li>\n<li>Verifica\u00e7\u00e3o da conclus\u00e3o da tarefa<\/li>\n<li>Notifica\u00e7\u00f5es de status e escalonamentos<\/li>\n<\/ul>\n\n<p><strong>N\u00e3o s\u00e3o \u00f3timos primeiros candidatos:<\/strong><\/p>\n<ul>\n<li>Processos altamente vari\u00e1veis com muitas exce\u00e7\u00f5es<\/li>\n<li>Processos que mudam com frequ\u00eancia<\/li>\n<li>\u00c1reas em que o julgamento humano \u00e9 fundamental para cada caso<\/li>\n<li>Processos que ainda n\u00e3o foram documentados<\/li>\n<\/ul>\n\n<p>Comece onde houver um processo claro, um alto volume e uma dor \u00f3bvia. Prove o valor. Em seguida, expanda para casos mais complexos.<\/p>\n\n\n<hr class=\"wp-block-separator has-alpha-channel-opacity\"\/>\n\n\n\n<h3 class=\"wp-block-heading\">O resultado final<\/h3>\n\n\n<p>A coordena\u00e7\u00e3o manual de processos n\u00e3o \u00e9 escalon\u00e1vel. Quanto maior o volume, maior a sobrecarga de coordena\u00e7\u00e3o. Sua equipe fica sobrecarregada com roteamento, rastreamento e persegui\u00e7\u00e3o, em vez de fazer o trabalho real.<\/p>\n\n<p>A IA cuida da coordena\u00e7\u00e3o. Ela direciona o trabalho corretamente. Monitora o progresso. Captura exce\u00e7\u00f5es. Mant\u00e9m a conformidade. Tudo automaticamente.<\/p>\n\n<p>Sua equipe trabalha no pr\u00f3prio trabalho. N\u00e3o em reuni\u00f5es sobre o trabalho. N\u00e3o em e-mails que acompanham o trabalho. N\u00e3o em planilhas que monitoram o trabalho.<\/p>\n\n<p>O resultado s\u00e3o opera\u00e7\u00f5es que fluem. Tempos de ciclo mais r\u00e1pidos. Menos erros. Melhor conformidade. E profissionais fazendo aquilo em que s\u00e3o bons, em vez de perseguir processos.<\/p>\n\n<p>\u00c9 isso que a automa\u00e7\u00e3o de processos com IA realmente proporciona. N\u00e3o s\u00e3o opera\u00e7\u00f5es \"lights out\". Apenas menos atrito e mais foco no que importa.<\/p>\n\n\n<hr class=\"wp-block-separator has-alpha-channel-opacity\"\/>\n\n\n\n<h3 class=\"wp-block-heading\">Pronto para automatizar seus fluxos de trabalho?<\/h3>\n\n\n<p>Cada opera\u00e7\u00e3o tem processos diferentes. O que funciona em sua empresa depende de como voc\u00ea opera atualmente.<\/p>\n\n<p>N\u00e3o oferecemos ferramentas gen\u00e9ricas de fluxo de trabalho. Analisamos seus processos espec\u00edficos. Onde est\u00e1 a sobrecarga de coordena\u00e7\u00e3o? Onde as coisas est\u00e3o emperrando? O que \u00e9 realista automatizar com base em seus sistemas?<\/p>\n\n<p>Em seguida, criamos uma automa\u00e7\u00e3o que se adapta ao seu fluxo de trabalho. N\u00e3o o for\u00e7amos a mudar sua forma de trabalhar para se adequar ao software. Um software que funciona como voc\u00ea trabalha.<\/p>\n\n<p><a href=\"https:\/\/www.leaplytics.de\/pt_br\/contato\/\">Vamos falar sobre seus processos<\/a><\/p>\n\n<p><a href=\"https:\/\/www.leaplytics.de\/pt_br\/operacoes-ai\/\">Voltar para IA de opera\u00e7\u00f5es<\/a><\/p>","protected":false},"excerpt":{"rendered":"<p>AI for Process Automation &#038; Workflow Operations runs on processes. Order to fulfillment. Request to resolution. Task to completion. Everything follows steps. When processes work smoothly, things flow. When they don&#8217;t, everything gets stuck. Tasks pile up. Handoffs fail. People waste time asking &#8220;where is this?&#8221; and &#8220;who has that?&#8221; Most process problems aren&#8217;t because &hellip; <\/p>","protected":false},"author":2,"featured_media":0,"parent":0,"menu_order":0,"comment_status":"closed","ping_status":"closed","template":"","meta":{"footnotes":""},"class_list":["post-14495","page","type-page","status-publish","hentry","latest_post"],"_links":{"self":[{"href":"https:\/\/www.leaplytics.de\/pt_br\/wp-json\/wp\/v2\/pages\/14495","targetHints":{"allow":["GET"]}}],"collection":[{"href":"https:\/\/www.leaplytics.de\/pt_br\/wp-json\/wp\/v2\/pages"}],"about":[{"href":"https:\/\/www.leaplytics.de\/pt_br\/wp-json\/wp\/v2\/types\/page"}],"author":[{"embeddable":true,"href":"https:\/\/www.leaplytics.de\/pt_br\/wp-json\/wp\/v2\/users\/2"}],"replies":[{"embeddable":true,"href":"https:\/\/www.leaplytics.de\/pt_br\/wp-json\/wp\/v2\/comments?post=14495"}],"version-history":[{"count":1,"href":"https:\/\/www.leaplytics.de\/pt_br\/wp-json\/wp\/v2\/pages\/14495\/revisions"}],"predecessor-version":[{"id":14501,"href":"https:\/\/www.leaplytics.de\/pt_br\/wp-json\/wp\/v2\/pages\/14495\/revisions\/14501"}],"wp:attachment":[{"href":"https:\/\/www.leaplytics.de\/pt_br\/wp-json\/wp\/v2\/media?parent=14495"}],"curies":[{"name":"wp","href":"https:\/\/api.w.org\/{rel}","templated":true}]}}