{"id":14497,"date":"2025-12-19T01:59:23","date_gmt":"2025-12-19T00:59:23","guid":{"rendered":"https:\/\/www.leaplytics.de\/?page_id=14497"},"modified":"2025-12-19T01:59:23","modified_gmt":"2025-12-19T00:59:23","slug":"planejamento-de-recursos-programacao-ai","status":"publish","type":"page","link":"https:\/\/www.leaplytics.de\/pt_br\/planejamento-de-recursos-programacao-ai\/","title":{"rendered":"IA de planejamento e programa\u00e7\u00e3o de recursos"},"content":{"rendered":"<h2>IA para planejamento e programa\u00e7\u00e3o de recursos<\/h2>\n\n<p>A programa\u00e7\u00e3o \u00e9 um quebra-cabe\u00e7a. Pessoas. Equipamentos. Tarefas. Prazos. Habilidades. Capacidade. Restri\u00e7\u00f5es. Cada pe\u00e7a tem que se encaixar.<\/p>\n<p>E o quebra-cabe\u00e7a continua mudando. Algu\u00e9m liga e fica doente. O equipamento quebra. Chega um pedido urgente. O cliente muda os requisitos. Come\u00e7ar de novo.<\/p>\n<p>Seus programadores passam horas criando programa\u00e7\u00f5es que funcionam. Depois, passam mais horas ajustando-as quando a realidade n\u00e3o coopera.<\/p>\n<p>Enquanto isso, algumas equipes est\u00e3o sobrecarregadas, enquanto outras t\u00eam capacidade. As horas extras se acumulam em um departamento enquanto outro fica ocioso. A utiliza\u00e7\u00e3o de equipamentos \u00e9 irregular. As datas de entrega s\u00e3o atrasadas.<\/p>\n<p>A IA pode otimizar isso. N\u00e3o perfeitamente - nada lida perfeitamente com a realidade. Mas \u00e9 melhor do que o agendamento manual. Ajustes mais r\u00e1pidos. Melhor utiliza\u00e7\u00e3o. Planos mais realistas.<\/p>\n\n\n<hr class=\"wp-block-separator has-alpha-channel-opacity\"\/>\n\n\n\n<h3 class=\"wp-block-heading\">Por que a programa\u00e7\u00e3o manual n\u00e3o \u00e9 dimensionada<\/h3>\n\n\n<p>Pequenas opera\u00e7\u00f5es podem fazer o agendamento manualmente. O programador conhece todo mundo. Conhece o equipamento. Conhece o trabalho. Faz malabarismos com tudo isso em sua cabe\u00e7a ou em uma planilha.<\/p>\n<p>\u00c0 medida que voc\u00ea cresce, isso se rompe:<\/p>\n<ul>\n<li>Muitas vari\u00e1veis para rastrear manualmente<\/li>\n<li>Muitas restri\u00e7\u00f5es para equilibrar simultaneamente<\/li>\n<li>Mudan\u00e7as em cascata - a corre\u00e7\u00e3o de um cronograma quebra outro<\/li>\n<li>N\u00e3o h\u00e1 tempo para otimizar - apenas obtenha algo que funcione<\/li>\n<li>Combater exce\u00e7\u00f5es em vez de evit\u00e1-las<\/li>\n<\/ul>\n\n<p>Seus programadores s\u00e3o inteligentes e experientes. Mas eles est\u00e3o fazendo c\u00e1lculos imposs\u00edveis. Equilibrando centenas de restri\u00e7\u00f5es em dezenas de recursos.<\/p>\n<p>O resultado? Escalas que \"funcionam\", mas n\u00e3o s\u00e3o ideais. Utiliza\u00e7\u00e3o menor do que poderia ser. Horas extras mais altas do que o necess\u00e1rio. Desempenho de entrega pior do que sua capacidade deveria permitir.<\/p>\n<p>N\u00e3o porque os programadores n\u00e3o sejam bons em seu trabalho. Porque o problema \u00e9 muito complexo para a otimiza\u00e7\u00e3o manual.<\/p>\n\n\n<hr class=\"wp-block-separator has-alpha-channel-opacity\"\/>\n\n\n\n<h3 class=\"wp-block-heading\">O que a IA faz pelo planejamento e programa\u00e7\u00e3o de recursos<\/h3>\n\n\n<p>A IA lida com a otimiza\u00e7\u00e3o matem\u00e1tica. Ela considera todas as restri\u00e7\u00f5es simultaneamente. Encontra solu\u00e7\u00f5es mais rapidamente do que os humanos. Ela se adapta quando as coisas mudam.<\/p>\n<p>Seus programadores fornecem o julgamento. A IA fornece o c\u00e1lculo.<\/p>\n\n\n<h4 class=\"wp-block-heading\">Gera\u00e7\u00e3o de cronograma otimizado<\/h4>\n\n\n<p>A IA cria cronogramas que equilibram todas as suas restri\u00e7\u00f5es de uma s\u00f3 vez:<\/p>\n<ul>\n<li><strong>Demanda:<\/strong> Que trabalho precisa ser feito e quando<\/li>\n<li><strong>Capacidade:<\/strong> Quem est\u00e1 dispon\u00edvel, quais equipamentos est\u00e3o dispon\u00edveis<\/li>\n<li><strong>Habilidades:<\/strong> Quem est\u00e1 qualificado para quais tarefas<\/li>\n<li><strong>Restri\u00e7\u00f5es:<\/strong> Padr\u00f5es de turnos, requisitos de intervalo, limita\u00e7\u00f5es de equipamentos<\/li>\n<li><strong>Prioridades:<\/strong> Pedidos urgentes, clientes preferenciais, import\u00e2ncia estrat\u00e9gica<\/li>\n<li><strong>Custos:<\/strong> Tempo regular vs. horas extras, desgaste do equipamento, custos de configura\u00e7\u00e3o<\/li>\n<\/ul>\n\n<p>Ele n\u00e3o apenas encontra um cronograma que funciona. Ele encontra um bom cronograma - um que otimiza a utiliza\u00e7\u00e3o, minimiza os custos e cumpre os prazos.<\/p>\n<p>Seu programador analisa a proposta da IA. Faz ajustes para coisas que a IA n\u00e3o sabe (relacionamento com o cliente, din\u00e2mica da equipe, prioridades estrat\u00e9gicas). Mas come\u00e7a a partir de uma linha de base otimizada, n\u00e3o de um quadro em branco.<\/p>\n<p>Horas de trabalho reduzidas a minutos.<\/p>\n\n\n<h4 class=\"wp-block-heading\">Balanceamento inteligente da carga de trabalho<\/h4>\n\n\n<p>Cargas de trabalho desequilibradas custam caro. Uma equipe fazendo hora extra enquanto outra tem folga. Uma m\u00e1quina funcionando 24 horas por dia, 7 dias por semana, enquanto outra fica ociosa.<\/p>\n<p>A IA distribui o trabalho com base em:<\/p>\n<ul>\n<li>Carga de trabalho atual por equipe e indiv\u00edduo<\/li>\n<li>Capacidade e habilidade de cada recurso<\/li>\n<li>Diferen\u00e7as de efici\u00eancia (algumas pessoas s\u00e3o mais r\u00e1pidas em determinadas tarefas)<\/li>\n<li>Restri\u00e7\u00f5es geogr\u00e1ficas ou de localiza\u00e7\u00e3o<\/li>\n<li>Metas de treinamento e desenvolvimento (distribuir trabalho variado para aprendizado)<\/li>\n<\/ul>\n\n<p>O resultado? Cargas de trabalho mais equilibradas. Menos horas extras. Melhor utiliza\u00e7\u00e3o dos recursos. Menos gargalos.<\/p>\n<p>As pessoas trabalham em um ritmo sustent\u00e1vel, em vez de alternar entre ocioso e acelerado.<\/p>\n\n\n<h4 class=\"wp-block-heading\">Adapta\u00e7\u00e3o da programa\u00e7\u00e3o em tempo real<\/h4>\n\n\n<p>As programa\u00e7\u00f5es n\u00e3o sobrevivem ao contato com a realidade. Algu\u00e9m fica doente. O equipamento quebra. Chega um pedido urgente. O cliente cancela.<\/p>\n<p>O reagendamento manual leva horas. Quando voc\u00ea termina, algo mais mudou.<\/p>\n<p>A IA se adapta em tempo real:<\/p>\n<ul>\n<li>Aus\u00eancia relatada? Reequilibrar o trabalho na equipe restante.<\/li>\n<li>Equipamento parado? Transfira as tarefas para m\u00e1quinas alternativas.<\/li>\n<li>Chegou um pedido urgente? Insira-o e ajuste todo o resto.<\/li>\n<li>O trabalho est\u00e1 demorando? Ajustes de ondula\u00e7\u00e3o para frente.<\/li>\n<\/ul>\n\n<p>Seu programador analisa os ajustes sugeridos pela IA. Aprova ou modifica com base no contexto. Mas n\u00e3o reconstr\u00f3i do zero.<\/p>\n<p>Resposta mais r\u00e1pida a interrup\u00e7\u00f5es. Menos caos. Promessas mais realistas aos clientes.<\/p>\n\n\n<h4 class=\"wp-block-heading\">Previs\u00e3o de capacidade<\/h4>\n\n\n<p>Voc\u00ea ter\u00e1 capacidade suficiente no pr\u00f3ximo m\u00eas? No pr\u00f3ximo trimestre? Voc\u00ea precisa contratar? Adicionar equipamentos? Aumentar os turnos?<\/p>\n<p>A IA prev\u00ea as necessidades de capacidade com base em:<\/p>\n<ul>\n<li>Previs\u00e3o de demanda (a partir de vendas ou padr\u00f5es hist\u00f3ricos)<\/li>\n<li>Capacidade atual (pessoas, equipamentos, tempo)<\/li>\n<li>Restri\u00e7\u00f5es conhecidas (manuten\u00e7\u00e3o planejada, feriados, treinamento)<\/li>\n<li>Taxas de produtividade hist\u00f3ricas<\/li>\n<li>Tend\u00eancias de crescimento<\/li>\n<\/ul>\n\n<p>Ele mostra quando voc\u00ea atingir\u00e1 os limites de capacidade. Quanto lhe faltar\u00e1. Que tipos de recursos voc\u00ea precisa.<\/p>\n<p>Voc\u00ea pode planejar o aumento da capacidade antes de ficar desesperado. Contrate antes da necessidade, n\u00e3o em modo de p\u00e2nico. Programe a manuten\u00e7\u00e3o durante os per\u00edodos de baixa demanda, e n\u00e3o quando isso o obrigar a perder entregas.<\/p>\n<p>Decis\u00f5es de capacidade baseadas em dados, n\u00e3o em intui\u00e7\u00e3o.<\/p>\n\n\n<h4 class=\"wp-block-heading\">Correspond\u00eancia de habilidades<\/h4>\n\n\n<p>Nem todo mundo pode fazer todos os trabalhos. As certifica\u00e7\u00f5es s\u00e3o importantes. A experi\u00eancia \u00e9 importante. O n\u00edvel de habilidade atual \u00e9 importante.<\/p>\n<p>Faixas de IA:<\/p>\n<ul>\n<li>Quem possui quais certifica\u00e7\u00f5es e qualifica\u00e7\u00f5es<\/li>\n<li>Quem tem experi\u00eancia com quais produtos ou processos<\/li>\n<li>Quem est\u00e1 em treinamento versus quem est\u00e1 totalmente qualificado<\/li>\n<li>Quem tem melhor desempenho em quais tarefas<\/li>\n<\/ul>\n\n<p>Ao programar o trabalho, considera os requisitos de habilidades. Combina pessoas qualificadas com as tarefas. Sinaliza os trabalhos que exigem habilidades em falta.<\/p>\n<p>Tamb\u00e9m ajuda no planejamento do treinamento. Mostra as lacunas de habilidades. Sugere quem deve fazer treinamento cruzado sobre o qu\u00ea.<\/p>\n<p>A pessoa certa para o trabalho certo. Melhor qualidade. Menos erros. Conclus\u00e3o mais r\u00e1pida.<\/p>\n\n\n<h4 class=\"wp-block-heading\">Gerenciamento de restri\u00e7\u00f5es<\/h4>\n\n\n<p>Toda opera\u00e7\u00e3o tem restri\u00e7\u00f5es. Equipamentos limitados. Padr\u00f5es de turnos. Requisitos de intervalo. Disponibilidade de material. Janelas de tempo do cliente.<\/p>\n<p>A IA gerencia todas as restri\u00e7\u00f5es simultaneamente:<\/p>\n<ul>\n<li>Garante que ningu\u00e9m seja programado al\u00e9m da capacidade<\/li>\n<li>Respeita os padr\u00f5es de turno e os requisitos de intervalo<\/li>\n<li>Contabiliza os tempos de configura\u00e7\u00e3o entre diferentes trabalhos<\/li>\n<li>Considera a disponibilidade de materiais (n\u00e3o \u00e9 poss\u00edvel programar se os materiais n\u00e3o estiverem dispon\u00edveis)<\/li>\n<li>Atende \u00e0s janelas de entrega do cliente<\/li>\n<li>Equilibra prioridades conflitantes (custo vs. velocidade vs. qualidade)<\/li>\n<\/ul>\n\n<p>Hor\u00e1rios que realmente funcionam na realidade, n\u00e3o apenas no papel.<\/p>\n\n\n<h4 class=\"wp-block-heading\">An\u00e1lise de desempenho do cronograma<\/h4>\n\n\n<p>Qual \u00e9 a precis\u00e3o de suas programa\u00e7\u00f5es? Onde eles falham? O que causa atrasos?<\/p>\n<p>A IA rastreia o desempenho do cronograma:<\/p>\n<ul>\n<li>Com que frequ\u00eancia as tarefas s\u00e3o conclu\u00eddas no prazo ou antecipadas\/atrasadas<\/li>\n<li>Que tipos de tarefas s\u00e3o executadas de forma consistente<\/li>\n<li>Onde se formam os gargalos<\/li>\n<li>O n\u00famero de reagendamentos (sinal de planejamento inicial deficiente)<\/li>\n<li>Taxas de utiliza\u00e7\u00e3o por tipo de recurso<\/li>\n<\/ul>\n\n<p>Voc\u00ea v\u00ea onde as estimativas est\u00e3o erradas. Onde os processos s\u00e3o mais lentos do que o planejado. Onde a capacidade est\u00e1 realmente limitada.<\/p>\n<p>Melhoria cont\u00ednua da precis\u00e3o do agendamento. Melhores promessas. Entrega mais confi\u00e1vel.<\/p>\n\n\n<hr class=\"wp-block-separator has-alpha-channel-opacity\"\/>\n\n\n\n<h3 class=\"wp-block-heading\">O que isso significa para voc\u00ea<\/h3>\n\n\n\n<h4 class=\"wp-block-heading\">Para COOs e l\u00edderes de opera\u00e7\u00f5es<\/h4>\n\n\n<p><strong>Maior utiliza\u00e7\u00e3o de recursos.<\/strong> Menos tempo ocioso. Menos cargas de trabalho irregulares. Mais resultados com os mesmos recursos.<\/p>\n\n<p><strong>Menor custo de horas extras.<\/strong> Uma melhor distribui\u00e7\u00e3o da carga de trabalho significa menos depend\u00eancia de horas extras para cumprir os prazos.<\/p>\n\n<p><strong>Melhor entrega no prazo.<\/strong> Cronogramas que levam em conta todas as restri\u00e7\u00f5es e se adaptam \u00e0s mudan\u00e7as. Menos prazos perdidos.<\/p>\n\n<p><strong>Planejamento de capacidade previs\u00edvel.<\/strong> Saiba quando voc\u00ea precisar\u00e1 de mais recursos antes que faltem. Planeje contrata\u00e7\u00f5es e compras de equipamentos de forma proativa.<\/p>\n\n<p><strong>Programa\u00e7\u00e3o escalon\u00e1vel.<\/strong> Lidar com o crescimento sem adicionar programadores. A matem\u00e1tica \u00e9 escalon\u00e1vel; a programa\u00e7\u00e3o manual n\u00e3o.<\/p>\n\n\n<h4 class=\"wp-block-heading\">Para gerentes de opera\u00e7\u00f5es e produ\u00e7\u00e3o<\/h4>\n\n\n<p><strong>Pare de gastar horas com cronogramas.<\/strong> A IA faz a matem\u00e1tica da otimiza\u00e7\u00e3o. Voc\u00ea faz o julgamento e os ajustes finais.<\/p>\n\n<p><strong>Adaptar-se rapidamente \u00e0s mudan\u00e7as.<\/strong> As interrup\u00e7\u00f5es acontecem. Reagende em minutos, n\u00e3o em horas.<\/p>\n\n<p><strong>Promessas realistas aos clientes.<\/strong> Saiba o que voc\u00ea pode realmente entregar com base na capacidade e nas restri\u00e7\u00f5es reais.<\/p>\n\n<p><strong>Visibilidade das restri\u00e7\u00f5es.<\/strong> Veja onde voc\u00ea est\u00e1 com a capacidade limitada. Tomar decis\u00f5es informadas sobre investimentos.<\/p>\n\n<p><strong>Distribui\u00e7\u00e3o justa da carga de trabalho.<\/strong> N\u00e3o h\u00e1 mais algumas pessoas sendo prejudicadas enquanto outras t\u00eam folga. Melhor moral da equipe.<\/p>\n\n\n<h4 class=\"wp-block-heading\">Para equipes<\/h4>\n\n\n<p><strong>Programa\u00e7\u00f5es previs\u00edveis.<\/strong> Saiba no que est\u00e1 trabalhando e quando. Menos surpresas de \u00faltima hora.<\/p>\n\n<p><strong>Cargas de trabalho justas.<\/strong> Trabalho distribu\u00eddo com base na capacidade, n\u00e3o em quem o planejador pensou primeiro.<\/p>\n\n<p><strong>Habilidades certas para o trabalho.<\/strong> Programado para o trabalho para o qual voc\u00ea est\u00e1 qualificado, e n\u00e3o jogado em situa\u00e7\u00f5es para as quais voc\u00ea n\u00e3o est\u00e1 preparado.<\/p>\n\n<p><strong>Ritmo sustent\u00e1vel.<\/strong> Menos festas ou fomes. Carga de trabalho mais consistente.<\/p>\n\n\n<hr class=\"wp-block-separator has-alpha-channel-opacity\"\/>\n\n\n\n<h3 class=\"wp-block-heading\">O que a IA n\u00e3o pode fazer<\/h3>\n\n\n<p>A IA otimiza com base nas restri\u00e7\u00f5es e prioridades que voc\u00ea lhe d\u00e1. Mas ela n\u00e3o substitui o julgamento do planejador:<\/p>\n\n<p><strong>Compreens\u00e3o dos relacionamentos com os clientes.<\/strong> Esse cliente \u00e9 estrat\u00e9gico e vale a pena prioriz\u00e1-lo, mesmo que n\u00e3o seja exigido contratualmente. A IA n\u00e3o sabe disso, a menos que voc\u00ea diga a ela.<\/p>\n\n<p><strong>Din\u00e2mica da equipe de leitura.<\/strong> Essas duas pessoas trabalham mal juntas. Essa pessoa est\u00e1 lidando com problemas pessoais e precisa de uma carga mais leve. Conhecimento humano, n\u00e3o dados.<\/p>\n\n<p><strong>Fazer compensa\u00e7\u00f5es estrat\u00e9gicas.<\/strong> Aceitar uma entrega atrasada para reduzir as horas extras? Apressar este trabalho em detrimento daquele? Decis\u00f5es dependentes do contexto.<\/p>\n\n<p><strong>Lidar com situa\u00e7\u00f5es sem precedentes.<\/strong> Grande perturba\u00e7\u00e3o, diferente de qualquer outra nos dados hist\u00f3ricos? Voc\u00ea precisa de solu\u00e7\u00e3o de problemas humanos, n\u00e3o de matem\u00e1tica de otimiza\u00e7\u00e3o.<\/p>\n\n<p><strong>Defini\u00e7\u00e3o de prioridades.<\/strong> Os cronogramas de IA de acordo com as prioridades definidas por voc\u00ea (custo, velocidade, qualidade etc.). Definir essas prioridades? Essa \u00e9 uma decis\u00e3o de neg\u00f3cios.<\/p>\n\n<p>Pense na IA como um programador muito bom que trabalha em segundos e nunca comete erros de matem\u00e1tica. Mas que ainda precisa de orienta\u00e7\u00e3o sobre prioridades e contexto.<\/p>\n\n\n<hr class=\"wp-block-separator has-alpha-channel-opacity\"\/>\n\n\n\n<h3 class=\"wp-block-heading\">Primeiros passos com o agendamento de IA<\/h3>\n\n\n<p>Comece onde a programa\u00e7\u00e3o \u00e9 mais dolorosa:<\/p>\n\n<p><strong>Programa\u00e7\u00e3o complexa com muitas restri\u00e7\u00f5es?<\/strong> A IA lida com a complexidade melhor do que os humanos. Grandes vit\u00f3rias em otimiza\u00e7\u00e3o.<\/p>\n\n<p><strong>Reagendamento frequente devido a interrup\u00e7\u00f5es?<\/strong> A adapta\u00e7\u00e3o em tempo real \u00e9 mais \u00fatil quando os planos mudam constantemente.<\/p>\n\n<p><strong>Utiliza\u00e7\u00e3o desigual de recursos?<\/strong> O balanceamento de carga de trabalho da IA melhora a utiliza\u00e7\u00e3o rapidamente.<\/p>\n\n<p><strong>Incerteza no planejamento da capacidade?<\/strong> A previs\u00e3o de capacidade o ajuda a planejar investimentos com confian\u00e7a.<\/p>\n\n<p>N\u00e3o \u00e9 necess\u00e1rio automatizar todos os agendamentos de uma s\u00f3 vez. Comece com um departamento, um tipo de trabalho ou um ponto problem\u00e1tico importante. Prove o valor. Depois, expanda.<\/p>\n\n\n<hr class=\"wp-block-separator has-alpha-channel-opacity\"\/>\n\n\n\n<h3 class=\"wp-block-heading\">O resultado final<\/h3>\n\n\n<p>A programa\u00e7\u00e3o \u00e9 uma matem\u00e1tica de otimiza\u00e7\u00e3o. Quanto mais complexa for sua opera\u00e7\u00e3o, mais dif\u00edcil ser\u00e1 a matem\u00e1tica. A programa\u00e7\u00e3o manual atinge seus limites \u00e0 medida que voc\u00ea cresce.<\/p>\n\n<p>A IA lida com a complexidade matem\u00e1tica. Ela considera todas as restri\u00e7\u00f5es simultaneamente. Encontra solu\u00e7\u00f5es otimizadas rapidamente. Adapta-se quando a realidade muda.<\/p>\n\n<p>Seus programadores se concentram em julgamentos, prioridades e exce\u00e7\u00f5es. A IA cuida do c\u00e1lculo.<\/p>\n\n<p>O resultado? Melhor utiliza\u00e7\u00e3o dos recursos. Custos mais baixos. Entrega mais confi\u00e1vel. E os programadores fazendo reflex\u00f5es estrat\u00e9gicas em vez de se debaterem com planilhas.<\/p>\n\n<p>\u00c9 isso que a IA para planejamento e programa\u00e7\u00e3o de recursos realmente oferece. N\u00e3o substitui a experi\u00eancia em planejamento, mas a torna mais eficaz.<\/p>\n\n\n<hr class=\"wp-block-separator has-alpha-channel-opacity\"\/>\n\n\n\n<h3 class=\"wp-block-heading\">Pronto para otimizar sua programa\u00e7\u00e3o?<\/h3>\n\n\n<p>Cada opera\u00e7\u00e3o tem desafios de programa\u00e7\u00e3o diferentes. Suas restri\u00e7\u00f5es, recursos e prioridades s\u00e3o exclusivos de sua empresa.<\/p>\n\n<p>N\u00e3o oferecemos ferramentas de agendamento de tamanho \u00fanico. Analisamos sua situa\u00e7\u00e3o espec\u00edfica. O que dificulta o agendamento para voc\u00ea? Quais restri\u00e7\u00f5es s\u00e3o mais importantes? O que \u00e9 realista considerando seus sistemas atuais?<\/p>\n\n<p>Em seguida, criamos uma otimiza\u00e7\u00e3o de agendamento que se adapta \u00e0 sua opera\u00e7\u00e3o. N\u00e3o o for\u00e7amos a seguir o fluxo de trabalho de outra pessoa. Solu\u00e7\u00f5es que funcionam com a forma como voc\u00ea realmente opera.<\/p>\n\n<p><a href=\"https:\/\/www.leaplytics.de\/pt_br\/contato\/\">Vamos falar sobre seus desafios de agendamento<\/a><\/p>\n\n<p><a href=\"https:\/\/www.leaplytics.de\/pt_br\/operacoes-ai\/\">Voltar para IA de opera\u00e7\u00f5es<\/a><\/p>","protected":false},"excerpt":{"rendered":"<p>AI for Resource Planning &#038; Scheduling Scheduling is a puzzle. People. Equipment. Tasks. Deadlines. Skills. Capacity. Constraints. Every piece has to fit. And the puzzle keeps changing. Someone calls in sick. Equipment breaks down. A rush order comes in. Customer changes requirements. Start over. Your schedulers spend hours building schedules that work. Then spend more &hellip; <\/p>","protected":false},"author":2,"featured_media":0,"parent":0,"menu_order":0,"comment_status":"closed","ping_status":"closed","template":"","meta":{"footnotes":""},"class_list":["post-14497","page","type-page","status-publish","hentry","latest_post"],"_links":{"self":[{"href":"https:\/\/www.leaplytics.de\/pt_br\/wp-json\/wp\/v2\/pages\/14497","targetHints":{"allow":["GET"]}}],"collection":[{"href":"https:\/\/www.leaplytics.de\/pt_br\/wp-json\/wp\/v2\/pages"}],"about":[{"href":"https:\/\/www.leaplytics.de\/pt_br\/wp-json\/wp\/v2\/types\/page"}],"author":[{"embeddable":true,"href":"https:\/\/www.leaplytics.de\/pt_br\/wp-json\/wp\/v2\/users\/2"}],"replies":[{"embeddable":true,"href":"https:\/\/www.leaplytics.de\/pt_br\/wp-json\/wp\/v2\/comments?post=14497"}],"version-history":[{"count":1,"href":"https:\/\/www.leaplytics.de\/pt_br\/wp-json\/wp\/v2\/pages\/14497\/revisions"}],"predecessor-version":[{"id":14505,"href":"https:\/\/www.leaplytics.de\/pt_br\/wp-json\/wp\/v2\/pages\/14497\/revisions\/14505"}],"wp:attachment":[{"href":"https:\/\/www.leaplytics.de\/pt_br\/wp-json\/wp\/v2\/media?parent=14497"}],"curies":[{"name":"wp","href":"https:\/\/api.w.org\/{rel}","templated":true}]}}