{"id":14511,"date":"2025-12-19T02:02:31","date_gmt":"2025-12-19T01:02:31","guid":{"rendered":"https:\/\/www.leaplytics.de\/?page_id=14511"},"modified":"2025-12-19T02:02:32","modified_gmt":"2025-12-19T01:02:32","slug":"requisicao-de-compra-de-pedidos-ai","status":"publish","type":"page","link":"https:\/\/www.leaplytics.de\/pt_br\/requisicao-de-compra-de-pedidos-ai\/","title":{"rendered":"Requisi\u00e7\u00e3o de compra e IA de pedidos"},"content":{"rendered":"<h2>IA para requisi\u00e7\u00e3o de compras e pedidos: Acelere o processo de compra<\/h2>\n\n<p>As requisi\u00e7\u00f5es de compra e os pedidos devem ser simples. Algu\u00e9m precisa de algo. Ele faz a solicita\u00e7\u00e3o. A solicita\u00e7\u00e3o \u00e9 aprovada. O pedido \u00e9 enviado. Pronto.<\/p>\n<p>Mas isso n\u00e3o \u00e9 simples. As requisi\u00e7\u00f5es ficam nas caixas de entrada aguardando aprova\u00e7\u00e3o. Os compradores processam manualmente os pedidos de rotina. As pessoas n\u00e3o sabem qual fornecedor usar. Os pedidos v\u00e3o para fornecedores n\u00e3o contratados porque o processo de aprova\u00e7\u00e3o \u00e9 muito lento.<\/p>\n<p>O resultado? Equipes de compras enterradas em trabalho transacional. Gastos irregulares porque as pessoas ignoram o sistema. Vazamento de contratos porque os pedidos n\u00e3o seguem os termos negociados.<\/p>\n<p>A IA corrige isso. Ela processa automaticamente as requisi\u00e7\u00f5es padr\u00e3o. Encaminha as aprova\u00e7\u00f5es de forma inteligente. Garante que os pedidos sigam os termos contratados. Torna o processo t\u00e3o r\u00e1pido que as pessoas realmente o utilizam.<\/p>\n\n\n<hr class=\"wp-block-separator has-alpha-channel-opacity\"\/>\n\n\n\n<h3 class=\"wp-block-heading\">Por que os processos de Purchase-to-Pay s\u00e3o lentos<\/h3>\n\n\n<p>Na maioria das empresas, os processos de requisi\u00e7\u00e3o para pedido est\u00e3o quebrados. N\u00e3o porque as equipes de compras sejam ruins em seu trabalho. \u00c9 porque o processo exige muito trabalho manual.<\/p>\n<p>Algu\u00e9m envia uma requisi\u00e7\u00e3o. Um comprador precisa revis\u00e1-la. Verificar se ela segue a pol\u00edtica. Determinar quem deve aprov\u00e1-la. Encaminh\u00e1-la para o aprovador certo. Aguardar a aprova\u00e7\u00e3o. Em seguida, criar manualmente um pedido de compra. Selecione um fornecedor. Insira todos os detalhes novamente.<\/p>\n<p>Para pedidos padr\u00e3o e de rotina. Todas as vezes.<\/p>\n<p>Os compradores passam horas processando requisi\u00e7\u00f5es que seguem os mesmos padr\u00f5es. Materiais de escrit\u00f3rio. Componentes padr\u00e3o. Servi\u00e7os recorrentes. Pedidos que n\u00e3o precisam de conhecimento humano, mas que o recebem mesmo assim porque o processo exige manuseio manual.<\/p>\n<p>Quando o processo \u00e9 lento, as pessoas o contornam. Elas compram diretamente dos fornecedores. Usam cart\u00f5es de cr\u00e9dito pessoais. Ignoram as aprova\u00e7\u00f5es. Os gastos irregulares n\u00e3o s\u00e3o maliciosos - s\u00e3o pessoas tentando realizar seus trabalhos.<\/p>\n<p>E a aquisi\u00e7\u00e3o perde o controle. Os fornecedores contratados n\u00e3o recebem o volume que lhes foi prometido. Os termos negociados n\u00e3o s\u00e3o usados. A visibilidade dos gastos desaparece.<\/p>\n\n\n<hr class=\"wp-block-separator has-alpha-channel-opacity\"\/>\n\n\n\n<h3 class=\"wp-block-heading\">O que a IA faz para a requisi\u00e7\u00e3o de compra e o pedido<\/h3>\n\n\n<p>A IA n\u00e3o apenas acelera o processo de requisi\u00e7\u00e3o. Ela o torna inteligente. Veja como.<\/p>\n\n\n<h4 class=\"wp-block-heading\">Processa requisi\u00e7\u00f5es automaticamente<\/h4>\n\n\n<p>A IA recebe uma requisi\u00e7\u00e3o. Ela analisa o que est\u00e1 sendo solicitado.<\/p>\n<p>Esse \u00e9 um item padr\u00e3o? A IA o reconhece a partir de pedidos anteriores. Ela valida a solicita\u00e7\u00e3o em rela\u00e7\u00e3o \u00e0 pol\u00edtica. Verifica a disponibilidade or\u00e7ament\u00e1ria. Confirma que as informa\u00e7\u00f5es necess\u00e1rias est\u00e3o completas.<\/p>\n<p>Se tudo estiver correto, a IA o encaminha automaticamente para aprova\u00e7\u00e3o. N\u00e3o \u00e9 necess\u00e1ria a interven\u00e7\u00e3o do comprador para solicita\u00e7\u00f5es de rotina.<\/p>\n<p>Se algo estiver errado, a IA sinaliza problemas espec\u00edficos:<\/p>\n<ul>\n<li>Centro de custo ou c\u00f3digo GL ausente<\/li>\n<li>Limite acima do or\u00e7amento que requer aprova\u00e7\u00e3o especial<\/li>\n<li>O item n\u00e3o corresponde \u00e0s categorias aprovadas<\/li>\n<li>Documenta\u00e7\u00e3o necess\u00e1ria n\u00e3o anexada<\/li>\n<li>Especifica\u00e7\u00f5es pouco claras que precisam ser esclarecidas<\/li>\n<\/ul>\n<p>O solicitante recebe um feedback claro imediatamente. N\u00e3o \u00e9 uma rejei\u00e7\u00e3o gen\u00e9rica. Problemas espec\u00edficos a serem corrigidos.<\/p>\n<p>As requisi\u00e7\u00f5es padr\u00e3o fluem pelo sistema em minutos. As requisi\u00e7\u00f5es complexas s\u00e3o encaminhadas aos compradores com contexto sobre o que precisa ser revisado.<\/p>\n\n\n<h4 class=\"wp-block-heading\">Encaminha as aprova\u00e7\u00f5es de forma inteligente<\/h4>\n\n\n<p>Os fluxos de trabalho de aprova\u00e7\u00e3o s\u00e3o complexos. Aprovadores diferentes para valores diferentes. Caminhos diferentes para categorias diferentes. Regras diferentes para departamentos diferentes.<\/p>\n<p>As pessoas ficam confusas. As requisi\u00e7\u00f5es v\u00e3o para o aprovador errado. S\u00e3o devolvidas. Atrasadas enquanto as pessoas descobrem quem deve realmente aprovar.<\/p>\n<p>A IA conhece as regras de aprova\u00e7\u00e3o:<\/p>\n<ul>\n<li><strong>Roteamento baseado em quantidade:<\/strong> Menos de $1.000 vai para um aprovador. Mais de $10.000 precisa de aprova\u00e7\u00e3o adicional.<\/li>\n<li><strong>Roteamento baseado em categorias:<\/strong> As compras de TI precisam de aprova\u00e7\u00e3o de TI. Equipamentos de capital precisam de revis\u00e3o financeira.<\/li>\n<li><strong>Regras do departamento:<\/strong> Diferentes departamentos t\u00eam diferentes n\u00edveis de delega\u00e7\u00e3o e cadeias de aprova\u00e7\u00e3o.<\/li>\n<li><strong>Exce\u00e7\u00f5es \u00e0 pol\u00edtica:<\/strong> Itens que n\u00e3o fazem parte do cat\u00e1logo. Fornecedores n\u00e3o contratados. Requisitos especiais de aprova\u00e7\u00e3o.<\/li>\n<li><strong>L\u00f3gica de substitui\u00e7\u00e3o:<\/strong> O aprovador principal n\u00e3o est\u00e1 dispon\u00edvel? Encaminhe automaticamente para o suplente designado.<\/li>\n<\/ul>\n<p>Cada requisi\u00e7\u00e3o vai para o aprovador certo na primeira vez. Sem confus\u00e3o. Sem atrasos enquanto as pessoas verificam quem deve aprovar o qu\u00ea.<\/p>\n<p>E os aprovadores? Eles recebem o contexto de cada solicita\u00e7\u00e3o. O que est\u00e1 sendo solicitado. O motivo. Status do or\u00e7amento. Conformidade com o contrato. Se o pedido \u00e9 rotineiro ou se precisa ser examinado. Eles podem aprovar rapidamente quando apropriado.<\/p>\n\n\n<h4 class=\"wp-block-heading\">Sugere fornecedores preferenciais<\/h4>\n\n\n<p>Algu\u00e9m solicita material de escrit\u00f3rio. Qual fornecedor voc\u00ea deve usar?<\/p>\n<p>Sua empresa tem tr\u00eas fornecedores de materiais de escrit\u00f3rio contratados. Cada um deles tem pre\u00e7os diferentes para itens diferentes. Tempos de entrega diferentes. Pedidos m\u00ednimos diferentes.<\/p>\n<p>Os compradores sabem disso. Eles negociaram os contratos. Mas os solicitantes n\u00e3o sabem. E os compradores n\u00e3o querem procurar manualmente qual \u00e9 o melhor fornecedor para cada pedido.<\/p>\n<p>A IA recomenda fornecedores automaticamente:<\/p>\n<ul>\n<li><strong>Melhor pre\u00e7o:<\/strong> Compara os pre\u00e7os contratados entre os fornecedores para os itens solicitados.<\/li>\n<li><strong>Velocidade de entrega:<\/strong> Fatores de urg\u00eancia e prazos de entrega do fornecedor.<\/li>\n<li><strong>Oportunidade de consolida\u00e7\u00e3o:<\/strong> Se houver outros pedidos em aberto, sugira a combina\u00e7\u00e3o para atender aos requisitos m\u00ednimos de pedido.<\/li>\n<li><strong>Cumprimento do contrato:<\/strong> Prioriza os fornecedores com os quais voc\u00ea tem compromissos de volume a cumprir.<\/li>\n<li><strong>Desempenho anterior:<\/strong> Considera a confiabilidade da entrega e o hist\u00f3rico de qualidade.<\/li>\n<\/ul>\n<p>O pedido de compra vai para o fornecedor que lhe oferece o melhor valor. N\u00e3o de forma aleat\u00f3ria. N\u00e3o para quem quer que o solicitante conhe\u00e7a. Para o fornecedor contratado com as melhores condi\u00e7\u00f5es para aquele pedido espec\u00edfico.<\/p>\n<p>O cumprimento do contrato aumenta. Seus termos negociados s\u00e3o realmente utilizados. Os fornecedores cumprem os compromissos de volume porque os pedidos fluem para onde devem.<\/p>\n\n\n<h4 class=\"wp-block-heading\">Valida pedidos em rela\u00e7\u00e3o a contratos<\/h4>\n\n\n<p>Voc\u00ea negociou contratos por um motivo. Melhores pre\u00e7os. Termos acordados. Descontos por volume. Mas se os pedidos n\u00e3o corresponderem aos termos do contrato, voc\u00ea perde os benef\u00edcios.<\/p>\n<p>A IA valida cada pedido em rela\u00e7\u00e3o aos termos do contrato:<\/p>\n<ul>\n<li><strong>Valida\u00e7\u00e3o de pre\u00e7o:<\/strong> Esse \u00e9 o pre\u00e7o contratado? Se n\u00e3o for, sinalize-o e explique a varia\u00e7\u00e3o.<\/li>\n<li><strong>Cumprimento do prazo:<\/strong> Estamos fazendo os pedidos dentro das quantidades m\u00ednimas\/m\u00e1ximas acordadas?<\/li>\n<li><strong>Verifica\u00e7\u00e3o de desconto:<\/strong> Os descontos contratados est\u00e3o sendo aplicados? As quebras de volume foram calculadas corretamente?<\/li>\n<li><strong>Correspond\u00eancia de produtos:<\/strong> Esse \u00e9 um item contratado ou um substituto semelhante com um pre\u00e7o diferente?<\/li>\n<li><strong>Condi\u00e7\u00f5es de pagamento:<\/strong> Estamos usando os termos de pagamento negociados ou termos diferentes?<\/li>\n<\/ul>\n<p>Se um pedido n\u00e3o corresponder ao contrato, a IA o sinaliza antes que a ordem de compra seja emitida.<\/p>\n<p>Talvez o pre\u00e7o seja maior do que o contratado. Talvez o fornecedor tenha removido \"acidentalmente\" um desconto. Talvez algu\u00e9m esteja fazendo um pedido de um item n\u00e3o contratado quando existe uma alternativa contratada.<\/p>\n<p>Voc\u00ea o detecta antes de pagar por ele. N\u00e3o durante a reconcilia\u00e7\u00e3o da fatura, quando j\u00e1 \u00e9 tarde demais.<\/p>\n<p>N\u00e3o se trata de desconfiar dos fornecedores. Trata-se de garantir que os termos que voc\u00ea negociou sejam realmente aplicados a todos os pedidos.<\/p>\n\n\n<h4 class=\"wp-block-heading\">Rastreia o status do pedido de forma proativa<\/h4>\n\n\n<p>Os pedidos s\u00e3o feitos. Em seguida, come\u00e7am as perguntas. \"Onde est\u00e1 meu pedido?\" \"Quando ele chegar\u00e1?\" \"O fornecedor confirmou o pedido?\"<\/p>\n<p>Os compradores fazem essas perguntas constantemente. Eles verificam os sistemas. Ligam para os fornecedores. Enviam e-mails. As atualiza\u00e7\u00f5es de status s\u00e3o um trabalho em tempo integral.<\/p>\n<p>A IA monitora automaticamente o status do pedido:<\/p>\n<ul>\n<li><strong>Confirma\u00e7\u00e3o do fornecedor:<\/strong> O fornecedor reconheceu o pedido? Aceitou a data de entrega? Registrou alguma discrep\u00e2ncia?<\/li>\n<li><strong>Rastreamento de produ\u00e7\u00e3o\/remessa:<\/strong> O pedido est\u00e1 dentro do prazo? Ele j\u00e1 foi enviado? Onde ele est\u00e1 em tr\u00e2nsito?<\/li>\n<li><strong>Monitoramento da entrega:<\/strong> A data de entrega prevista est\u00e1 se aproximando. O produto chegou? Foi recebido no estoque?<\/li>\n<li><strong>Alertas de exce\u00e7\u00e3o:<\/strong> Atrasos. Pedidos em atraso. Problemas de qualidade sinalizados no recebimento. Discrep\u00e2ncias de quantidade.<\/li>\n<li><strong>Comunica\u00e7\u00e3o proativa:<\/strong> Atualiza os solicitantes automaticamente. Encaminha para os compradores somente quando a interven\u00e7\u00e3o \u00e9 necess\u00e1ria.<\/li>\n<\/ul>\n<p>Os solicitantes recebem atualiza\u00e7\u00f5es de status sem pedir. Os compradores se concentram nas exce\u00e7\u00f5es, n\u00e3o nas verifica\u00e7\u00f5es de status de rotina.<\/p>\n<p>Um pedido est\u00e1 atrasado? A IA alerta o solicitante e o comprador antes que algu\u00e9m tenha que perguntar. Ela fornece o contexto - por que o pedido est\u00e1 atrasado, a nova data prevista, se existem alternativas.<\/p>\n<p>Os problemas s\u00e3o resolvidos de forma proativa. N\u00e3o s\u00e3o descobertos quando algu\u00e9m pergunta: \"Ei, onde est\u00e1 o pedido que fiz h\u00e1 tr\u00eas semanas?\"<\/p>\n\n\n<hr class=\"wp-block-separator has-alpha-channel-opacity\"\/>\n\n\n\n<h3 class=\"wp-block-heading\">O que isso significa para voc\u00ea<\/h3>\n\n\n\n<h4 class=\"wp-block-heading\">Para CPOs e l\u00edderes de compras<\/h4>\n\n\n<p>Voc\u00ea obt\u00e9m controle e visibilidade de todo o processo de compra at\u00e9 o pedido.<\/p>\n<ul>\n<li><strong>Maior conformidade com os contratos:<\/strong> Os pedidos chegam aos fornecedores contratados. Os termos negociados s\u00e3o usados. Os compromissos de volume s\u00e3o cumpridos.<\/li>\n<li><strong>Menos gastos irregulares:<\/strong> Quando o processo aprovado \u00e9 r\u00e1pido, as pessoas o utilizam em vez de contorn\u00e1-lo.<\/li>\n<li><strong>Ciclos de aquisi\u00e7\u00e3o mais r\u00e1pidos:<\/strong> Pedidos padr\u00e3o processados em minutos, n\u00e3o em dias. Necessidades comerciais atendidas mais rapidamente.<\/li>\n<li><strong>Melhor aloca\u00e7\u00e3o de recursos:<\/strong> Os compradores trabalham em compras e negocia\u00e7\u00f5es complexas, e n\u00e3o no processamento rotineiro de pedidos.<\/li>\n<li><strong>Visibilidade dos gastos:<\/strong> Todos os pedidos fluem pelo sistema. Visibilidade total do que est\u00e1 sendo comprado e de quem.<\/li>\n<\/ul>\n\n\n<h4 class=\"wp-block-heading\">Para gerentes de compras e compradores<\/h4>\n\n\n<p>Voc\u00ea deixa de ser um centro de processamento de requisi\u00e7\u00f5es e se torna uma fun\u00e7\u00e3o estrat\u00e9gica.<\/p>\n<ul>\n<li><strong>Interromper o processamento de pedidos de rotina:<\/strong> As requisi\u00e7\u00f5es padr\u00e3o fluem automaticamente. Voc\u00ea lida apenas com o que precisa de conhecimento especializado.<\/li>\n<li><strong>Foco em compras complexas:<\/strong> Tempo para negocia\u00e7\u00e3o. Gerenciamento do relacionamento com o fornecedor. Fornecimento estrat\u00e9gico.<\/li>\n<li><strong>Melhor utiliza\u00e7\u00e3o do contrato:<\/strong> Os pedidos v\u00e3o automaticamente para os fornecedores certos nas condi\u00e7\u00f5es certas.<\/li>\n<li><strong>Menos verifica\u00e7\u00e3o de status:<\/strong> O rastreamento automatizado lida com quest\u00f5es de rotina. Voc\u00ea se concentra nas exce\u00e7\u00f5es.<\/li>\n<li><strong>Carga de trabalho clara:<\/strong> Saiba o que precisa de sua aten\u00e7\u00e3o. O que \u00e9 rotina \u00e9 tratado automaticamente.<\/li>\n<\/ul>\n\n\n<h4 class=\"wp-block-heading\">Para solicitantes e usu\u00e1rios corporativos<\/h4>\n\n\n<p>Voc\u00ea obt\u00e9m o que precisa, mais r\u00e1pido e com menos problemas.<\/p>\n<ul>\n<li><strong>Pedidos mais r\u00e1pidos:<\/strong> Requisi\u00e7\u00f5es padr\u00e3o aprovadas e encomendadas em minutos. N\u00e3o h\u00e1 mais dias de espera para itens de rotina.<\/li>\n<li><strong>Limpar status:<\/strong> Saiba onde est\u00e1 seu pedido sem precisar perguntar. Atualiza\u00e7\u00f5es proativas sobre a entrega.<\/li>\n<li><strong>Processo f\u00e1cil:<\/strong> Orienta\u00e7\u00e3o clara sobre o que \u00e9 necess\u00e1rio. Feedback imediato se algo estiver errado.<\/li>\n<li><strong>Melhor servi\u00e7o:<\/strong> Fornecedores preferenciais sugeridos automaticamente. Melhores prazos e condi\u00e7\u00f5es de entrega.<\/li>\n<li><strong>N\u00e3o h\u00e1 mais solu\u00e7\u00f5es alternativas:<\/strong> O processo de aprova\u00e7\u00e3o \u00e9 r\u00e1pido o suficiente para que voc\u00ea n\u00e3o precise ignor\u00e1-lo.<\/li>\n<\/ul>\n\n\n<hr class=\"wp-block-separator has-alpha-channel-opacity\"\/>\n\n\n\n<h3 class=\"wp-block-heading\">O que a IA n\u00e3o far\u00e1<\/h3>\n\n\n<p>Vamos esclarecer o que n\u00e3o \u00e9 isso.<\/p>\n<p>A IA n\u00e3o aprova compras. Os humanos aprovam. A IA apenas encaminha as solicita\u00e7\u00f5es para o aprovador certo com as informa\u00e7\u00f5es certas.<\/p>\n<p>A IA n\u00e3o substitui o julgamento do comprador em compras complexas. Novos fornecedores. Itens fora do padr\u00e3o. Equipamentos de capital. Compras estrat\u00e9gicas. Essas precisam de conhecimento humano.<\/p>\n<p>A IA n\u00e3o elimina todo o trabalho manual. Algumas requisi\u00e7\u00f5es s\u00e3o complexas. Alguns pedidos precisam de tratamento especial. Algumas situa\u00e7\u00f5es exigem julgamento humano sobre risco, qualidade ou sele\u00e7\u00e3o de fornecedores.<\/p>\n<p>O que a IA faz \u00e9 lidar com a rotina. Os pedidos padr\u00e3o que seguem padr\u00f5es. O 80% de requisi\u00e7\u00f5es que n\u00e3o precisam de conhecimento humano, mas que, historicamente, eram obtidas de qualquer forma porque o processo exigia manuseio manual.<\/p>\n<p>Seus compradores ainda tomam decis\u00f5es. Eles apenas tomam decis\u00f5es sobre coisas que realmente precisam de sua experi\u00eancia.<\/p>\n\n\n<hr class=\"wp-block-separator has-alpha-channel-opacity\"\/>\n\n\n\n<h3 class=\"wp-block-heading\">Resultados reais da IA de requisi\u00e7\u00f5es e pedidos<\/h3>\n\n\n<p>Veja como isso se parece na pr\u00e1tica:<\/p>\n\n<p><strong>70-80% de requisi\u00e7\u00f5es processadas automaticamente:<\/strong> Os pedidos padr\u00e3o fluem sem a interven\u00e7\u00e3o do comprador. Os compradores se concentram no 20-30% que precisa de especializa\u00e7\u00e3o.<\/p>\n\n<p><strong>Redu\u00e7\u00e3o do tempo do ciclo de aprova\u00e7\u00e3o em 50-70%:<\/strong> As requisi\u00e7\u00f5es v\u00e3o imediatamente para o aprovador certo. Sem confus\u00e3o, sem atrasos, sem idas e vindas.<\/p>\n\n<p><strong>Aumentos de conformidade do contrato 15-30%:<\/strong> Os pedidos fluem automaticamente para os fornecedores contratados nos termos contratados. Os gastos com imprevistos diminuem.<\/p>\n\n<p><strong>Capacidade do comprador liberada:<\/strong> Horas por dia recuperadas do processamento rotineiro de pedidos. Tempo realocado para sourcing estrat\u00e9gico e negocia\u00e7\u00f5es.<\/p>\n\n<p><strong>Melhor experi\u00eancia do usu\u00e1rio:<\/strong> R\u00e1pido o suficiente para que as pessoas usem o sistema em vez de encontrar solu\u00e7\u00f5es alternativas. Maior ado\u00e7\u00e3o significa melhor visibilidade das despesas.<\/p>\n\n<p>N\u00e3o se trata de reduzir o n\u00famero de funcion\u00e1rios de compras. Trata-se de permitir que o setor de compras fa\u00e7a um trabalho mais estrat\u00e9gico com os mesmos recursos.<\/p>\n\n\n<hr class=\"wp-block-separator has-alpha-channel-opacity\"\/>\n\n\n\n<h3 class=\"wp-block-heading\">Pronto para acelerar seu processo de compra para pedido?<\/h3>\n\n\n<p>O processo de requisi\u00e7\u00e3o e pedido de cada empresa \u00e9 diferente. Seus fluxos de trabalho de aprova\u00e7\u00e3o refletem sua estrutura organizacional. Sua base de fornecedores tem caracter\u00edsticas \u00fanicas. Suas categorias t\u00eam requisitos diferentes.<\/p>\n<p>N\u00e3o vendemos automa\u00e7\u00e3o gen\u00e9rica de compras. Analisamos seu processo espec\u00edfico de requisi\u00e7\u00e3o a pedido. Identificamos quais pedidos podem ser automatizados e quais precisam de conhecimento humano. Criamos sistemas que correspondem \u00e0 forma como sua organiza\u00e7\u00e3o realmente funciona.<\/p>\n<p>N\u00e3o h\u00e1 promessas de que tudo ser\u00e1 automatizado. Apenas uma IA pr\u00e1tica que lida com pedidos de rotina para que seus compradores possam se concentrar em compras estrat\u00e9gicas.<\/p>\n\n<p><a href=\"https:\/\/www.leaplytics.de\/pt_br\/contato\/\">Vamos falar sobre seu processo de requisi\u00e7\u00e3o<\/a><\/p>\n\n<p><a href=\"https:\/\/www.leaplytics.de\/pt_br\/sourcing-procurement-ai\/\">Voltar para IA de sourcing e procurement<\/a><\/p>","protected":false},"excerpt":{"rendered":"<p>IA para requisi\u00e7\u00f5es de compra e pedidos: Acelere o processo de compra As requisi\u00e7\u00f5es de compra e os pedidos devem ser simples. Algu\u00e9m precisa de algo. Ele solicita. A solicita\u00e7\u00e3o \u00e9 aprovada. O pedido \u00e9 enviado. Pronto. Mas isso n\u00e3o \u00e9 simples. As requisi\u00e7\u00f5es ficam nas caixas de entrada aguardando aprova\u00e7\u00e3o. Os compradores processam manualmente os pedidos de rotina. As pessoas n\u00e3o sabem qual fornecedor usar. ... <\/p>","protected":false},"author":2,"featured_media":0,"parent":0,"menu_order":0,"comment_status":"closed","ping_status":"closed","template":"","meta":{"footnotes":""},"class_list":["post-14511","page","type-page","status-publish","hentry","latest_post"],"_links":{"self":[{"href":"https:\/\/www.leaplytics.de\/pt_br\/wp-json\/wp\/v2\/pages\/14511","targetHints":{"allow":["GET"]}}],"collection":[{"href":"https:\/\/www.leaplytics.de\/pt_br\/wp-json\/wp\/v2\/pages"}],"about":[{"href":"https:\/\/www.leaplytics.de\/pt_br\/wp-json\/wp\/v2\/types\/page"}],"author":[{"embeddable":true,"href":"https:\/\/www.leaplytics.de\/pt_br\/wp-json\/wp\/v2\/users\/2"}],"replies":[{"embeddable":true,"href":"https:\/\/www.leaplytics.de\/pt_br\/wp-json\/wp\/v2\/comments?post=14511"}],"version-history":[{"count":1,"href":"https:\/\/www.leaplytics.de\/pt_br\/wp-json\/wp\/v2\/pages\/14511\/revisions"}],"predecessor-version":[{"id":14518,"href":"https:\/\/www.leaplytics.de\/pt_br\/wp-json\/wp\/v2\/pages\/14511\/revisions\/14518"}],"wp:attachment":[{"href":"https:\/\/www.leaplytics.de\/pt_br\/wp-json\/wp\/v2\/media?parent=14511"}],"curies":[{"name":"wp","href":"https:\/\/api.w.org\/{rel}","templated":true}]}}