{"id":14514,"date":"2025-12-19T02:03:17","date_gmt":"2025-12-19T01:03:17","guid":{"rendered":"https:\/\/www.leaplytics.de\/?page_id=14514"},"modified":"2025-12-19T02:03:17","modified_gmt":"2025-12-19T01:03:17","slug":"gerenciamento-de-risco-do-desempenho-do-fornecedor-ai","status":"publish","type":"page","link":"https:\/\/www.leaplytics.de\/pt_br\/gerenciamento-de-risco-do-desempenho-do-fornecedor-ai\/","title":{"rendered":"Desempenho do fornecedor e gerenciamento de riscos IA"},"content":{"rendered":"<h2>IA para desempenho de fornecedores e gerenciamento de riscos: Conhe\u00e7a seus fornecedores antes que eles causem problemas<\/h2>\n\n<p>Sua empresa depende dos fornecedores. Eles entregam os materiais de que voc\u00ea precisa. Os componentes com os quais voc\u00ea constr\u00f3i. Os servi\u00e7os que mant\u00eam as opera\u00e7\u00f5es em funcionamento.<\/p>\n<p>Quando os fornecedores t\u00eam um bom desempenho, voc\u00ea n\u00e3o pensa neles. Quando eles falham, tudo para.<\/p>\n<p>Entregas atrasadas atrasam a produ\u00e7\u00e3o. Problemas de qualidade geram retrabalho e reclama\u00e7\u00f5es de clientes. Problemas financeiros causam interrup\u00e7\u00f5es no fornecimento. As viola\u00e7\u00f5es de conformidade geram exposi\u00e7\u00e3o legal. Pequenos problemas com fornecedores tornam-se grandes problemas comerciais.<\/p>\n<p>Mas a maioria das empresas n\u00e3o monitora sistematicamente o desempenho dos fornecedores. N\u00e3o por falta de interesse. Porque \u00e9 imposs\u00edvel monitorar centenas de fornecedores manualmente.<\/p>\n<p>Voc\u00ea percebe os problemas depois que eles o afetam. A entrega atrasada que interrompe a produ\u00e7\u00e3o. O problema de qualidade que atinge os clientes. A fal\u00eancia do fornecedor que faz com que voc\u00ea tenha que procurar alternativas.<\/p>\n<p>A IA muda isso. Ela monitora continuamente o desempenho do fornecedor. Rastreia sinais de risco de v\u00e1rias fontes. Alerta voc\u00ea sobre os problemas antes que eles afetem as opera\u00e7\u00f5es. Transforma o combate reativo a inc\u00eandios em gerenciamento proativo de riscos.<\/p>\n\n\n<hr class=\"wp-block-separator has-alpha-channel-opacity\"\/>\n\n\n\n<h3 class=\"wp-block-heading\">Por que o gerenciamento do desempenho do fornecedor falha<\/h3>\n\n\n<p>A maioria das empresas tem alguma forma de rastreamento do desempenho do fornecedor. Scorecards. Revis\u00f5es trimestrais de neg\u00f3cios. Avalia\u00e7\u00f5es anuais.<\/p>\n<p>Mas esses dados s\u00e3o retrospectivos e peri\u00f3dicos. Eles informam o que aconteceu no \u00faltimo trimestre. N\u00e3o informam o que est\u00e1 acontecendo agora ou quais problemas est\u00e3o por vir.<\/p>\n<p>O desempenho de entrega de um fornecedor parece bom na revis\u00e3o trimestral. Mas, nas \u00faltimas tr\u00eas semanas, ele perdeu metade de suas entregas. Ningu\u00e9m percebe at\u00e9 que a produ\u00e7\u00e3o seja afetada.<\/p>\n<p>As finan\u00e7as de um fornecedor pareciam estar bem na revis\u00e3o anual. Mas ele acabou de perder seu maior cliente. Quando voc\u00ea fica sabendo disso, ele est\u00e1 em apuros e sua cadeia de suprimentos tamb\u00e9m.<\/p>\n<p>E isso \u00e9 para fornecedores cr\u00edticos, nos quais voc\u00ea faz revis\u00f5es formais. Para os outros 80% de sua base de fornecedores? Eles s\u00e3o monitorados somente quando os problemas se tornam \u00f3bvios.<\/p>\n<p>O monitoramento manual n\u00e3o \u00e9 escalon\u00e1vel. Voc\u00ea n\u00e3o pode monitorar o desempenho de entrega de 300 fornecedores. N\u00e3o \u00e9 poss\u00edvel monitorar as not\u00edcias financeiras de todas as empresas das quais voc\u00ea compra. N\u00e3o \u00e9 poss\u00edvel verificar continuamente o status de conformidade.<\/p>\n<p>Portanto, voc\u00ea monitora os grandes fornecedores e espera que os outros n\u00e3o causem problemas. A esperan\u00e7a n\u00e3o \u00e9 uma estrat\u00e9gia de gerenciamento de riscos.<\/p>\n\n\n<hr class=\"wp-block-separator has-alpha-channel-opacity\"\/>\n\n\n\n<h3 class=\"wp-block-heading\">O que a IA faz pelo desempenho do fornecedor e pelo gerenciamento de riscos<\/h3>\n\n\n<p>A IA n\u00e3o apenas rastreia o desempenho do fornecedor. Ela prev\u00ea problemas. Veja como.<\/p>\n\n\n<h4 class=\"wp-block-heading\">Monitora continuamente o desempenho do fornecedor<\/h4>\n\n\n<p>A IA rastreia os dados de desempenho do fornecedor em tempo real. N\u00e3o s\u00e3o revis\u00f5es trimestrais. Monitoramento cont\u00ednuo de cada transa\u00e7\u00e3o.<\/p>\n\n<p><strong>Acompanhamento da entrega no prazo:<\/strong><\/p>\n<ul>\n<li>Cada pedido. Cada entrega. Foi pontual? Antecipada? Atrasada? Em quanto?<\/li>\n<li>Desempenho de entrega por fornecedor, por categoria, por per\u00edodo de tempo.<\/li>\n<li>Tend\u00eancias: O desempenho est\u00e1 melhorando ou diminuindo?<\/li>\n<li>Variabilidade: Desempenho consistente ou imprevis\u00edvel?<\/li>\n<li>Compromissos: Desempenho real vs. n\u00edveis de servi\u00e7o contratados.<\/li>\n<\/ul>\n<p>O desempenho geral de um fornecedor pode ser aceit\u00e1vel, mas seu desempenho em itens cr\u00edticos \u00e9 ruim. A IA v\u00ea isso. A m\u00e9dia de um fornecedor mostra 95% no prazo, mas o desempenho recente caiu para 80%. A IA detecta a tend\u00eancia.<\/p>\n\n<p><strong>M\u00e9tricas de qualidade:<\/strong><\/p>\n<ul>\n<li>Taxas de defeitos. Taxas de devolu\u00e7\u00e3o. Requisitos de retrabalho.<\/li>\n<li>Incidentes de qualidade por gravidade e frequ\u00eancia.<\/li>\n<li>Conformidade com especifica\u00e7\u00f5es e padr\u00f5es.<\/li>\n<li>Reclama\u00e7\u00f5es de clientes atribu\u00eddas a problemas com fornecedores.<\/li>\n<li>Custos de qualidade: inspe\u00e7\u00e3o, retrabalho, devolu\u00e7\u00f5es, reclama\u00e7\u00f5es de garantia.<\/li>\n<\/ul>\n<p>Os problemas de qualidade geralmente mostram padr\u00f5es antes de se tornarem \u00f3bvios. As taxas de defeitos aumentam lentamente. Linhas de produtos espec\u00edficas com problemas. A IA identifica esses padr\u00f5es antecipadamente.<\/p>\n\n<p><strong>Capacidade de resposta e servi\u00e7o:<\/strong><\/p>\n<ul>\n<li>Tempo de resposta a consultas e problemas.<\/li>\n<li>Velocidade e efic\u00e1cia da resolu\u00e7\u00e3o de problemas.<\/li>\n<li>Flexibilidade para lidar com mudan\u00e7as ou solicita\u00e7\u00f5es urgentes.<\/li>\n<li>Qualidade e proatividade da comunica\u00e7\u00e3o.<\/li>\n<li>Suporte t\u00e9cnico e conhecimento especializado.<\/li>\n<\/ul>\n\n<p><strong>Desempenho comercial:<\/strong><\/p>\n<ul>\n<li>Precis\u00e3o da fatura. Problemas e erros de faturamento.<\/li>\n<li>Consist\u00eancia de pre\u00e7os com contratos.<\/li>\n<li>Cumprimento das condi\u00e7\u00f5es de pagamento.<\/li>\n<li>Tempo de resposta da cota\u00e7\u00e3o e competitividade.<\/li>\n<\/ul>\n<p>A IA n\u00e3o apenas coleta dados. Ela os analisa. Mostra tend\u00eancias. Compara fornecedores. Sinaliza a degrada\u00e7\u00e3o do desempenho antes que ela se torne cr\u00edtica.<\/p>\n\n\n<h4 class=\"wp-block-heading\">Pontua as rela\u00e7\u00f5es com os fornecedores<\/h4>\n\n\n<p>Voc\u00ea tem centenas de fornecedores. Quais deles merecem aten\u00e7\u00e3o? Quais est\u00e3o tendo um bom desempenho? Quais precisam de discuss\u00f5es de aprimoramento?<\/p>\n<p>A IA pontua cada fornecedor em v\u00e1rias dimens\u00f5es:<\/p>\n\n<p><strong>Pontua\u00e7\u00e3o de desempenho:<\/strong><\/p>\n<ul>\n<li>Combina\u00e7\u00e3o ponderada de m\u00e9tricas de entrega, qualidade, capacidade de resposta e comerciais.<\/li>\n<li>Ajustado pela import\u00e2ncia: Os fornecedores cr\u00edticos tiveram uma pontua\u00e7\u00e3o mais rigorosa.<\/li>\n<li>Comparado aos compromissos contratados e ao desempenho de seus pares.<\/li>\n<\/ul>\n\n<p><strong>Pontua\u00e7\u00e3o de risco:<\/strong><\/p>\n<ul>\n<li>Risco financeiro. Risco de conformidade. Risco operacional. Risco geogr\u00e1fico.<\/li>\n<li>Depend\u00eancias de fonte \u00fanica. Risco de concentra\u00e7\u00e3o.<\/li>\n<li>Fatores externos: geopol\u00edticos, regulat\u00f3rios, condi\u00e7\u00f5es de mercado.<\/li>\n<\/ul>\n\n<p><strong>Pontua\u00e7\u00e3o de valor:<\/strong><\/p>\n<ul>\n<li>Competitividade de custos. Contribui\u00e7\u00e3o para a inova\u00e7\u00e3o. Valor estrat\u00e9gico.<\/li>\n<li>Facilidade de fazer neg\u00f3cios. Flexibilidade e abordagem de parceria.<\/li>\n<li>Valor total al\u00e9m do pre\u00e7o.<\/li>\n<\/ul>\n\n<p><strong>Classifica\u00e7\u00e3o geral do fornecedor:<\/strong><\/p>\n<ul>\n<li>Vis\u00e3o combinada de desempenho, risco e valor.<\/li>\n<li>Segmenta\u00e7\u00e3o: parceiros estrat\u00e9gicos, fornecedores preferenciais, fornecedores aceit\u00e1veis, fornecedores em risco.<\/li>\n<li>Recomenda\u00e7\u00f5es de a\u00e7\u00f5es com base na classifica\u00e7\u00e3o e nas tend\u00eancias.<\/li>\n<\/ul>\n<p>Voc\u00ea obt\u00e9m uma lista de fornecedores priorizados. Quem precisa de uma discuss\u00e3o sobre desempenho? Quem merece mais neg\u00f3cios? Quem precisa de um plano de transi\u00e7\u00e3o?<\/p>\n<p>N\u00e3o com base na intui\u00e7\u00e3o ou em quem reclamou mais alto. Com base em dados abrangentes e objetivos.<\/p>\n\n\n<h4 class=\"wp-block-heading\">Detecta sinais de risco antecipadamente<\/h4>\n\n\n<p>Os problemas com fornecedores n\u00e3o aparecem de repente. H\u00e1 sinais de alerta. A IA est\u00e1 atenta a eles.<\/p>\n\n<p><strong>Sinais de risco financeiro:<\/strong><\/p>\n<ul>\n<li>Rebaixamento da classifica\u00e7\u00e3o de cr\u00e9dito. Deteriora\u00e7\u00e3o dos demonstrativos financeiros.<\/li>\n<li>Problemas de pagamento: pagamentos atrasados a seus fornecedores, penhoras fiscais, julgamentos legais.<\/li>\n<li>Grandes perdas de clientes. Concentra\u00e7\u00e3o ou decl\u00ednio da receita.<\/li>\n<li>Demiss\u00f5es, fechamento de instala\u00e7\u00f5es, an\u00fancios de reestrutura\u00e7\u00e3o.<\/li>\n<li>Mudan\u00e7as de propriedade, rotatividade da ger\u00eancia, pedidos de fal\u00eancia.<\/li>\n<\/ul>\n\n<p><strong>Sinais de risco operacional:<\/strong><\/p>\n<ul>\n<li>Degrada\u00e7\u00e3o do desempenho de entrega. Aumento dos prazos de entrega.<\/li>\n<li>Aumento da frequ\u00eancia ou da gravidade dos problemas de qualidade.<\/li>\n<li>Restri\u00e7\u00f5es de capacidade. Problemas de produ\u00e7\u00e3o.<\/li>\n<li>Sa\u00edda de pessoal-chave. Problemas trabalhistas ou greves.<\/li>\n<li>Quest\u00f5es da cadeia de suprimentos que afetam seus fornecedores.<\/li>\n<\/ul>\n\n<p><strong>Risco de conformidade e reputa\u00e7\u00e3o:<\/strong><\/p>\n<ul>\n<li>Viola\u00e7\u00f5es de regulamentos. Incidentes de seguran\u00e7a. Quest\u00f5es ambientais.<\/li>\n<li>Problemas legais: a\u00e7\u00f5es judiciais, investiga\u00e7\u00f5es, multas.<\/li>\n<li>Cobertura negativa de not\u00edcias. Mudan\u00e7as no sentimento da m\u00eddia social.<\/li>\n<li>Reclama\u00e7\u00f5es de clientes. Mudan\u00e7as na reputa\u00e7\u00e3o do setor.<\/li>\n<li>Expira\u00e7\u00e3o da certifica\u00e7\u00e3o. Problemas de seguro ou licen\u00e7a.<\/li>\n<\/ul>\n\n<p><strong>Risco externo e de mercado:<\/strong><\/p>\n<ul>\n<li>Quest\u00f5es geopol\u00edticas que afetam a localiza\u00e7\u00e3o do fornecedor.<\/li>\n<li>Desastres naturais, eventos clim\u00e1ticos, problemas de infraestrutura.<\/li>\n<li>Mudan\u00e7as regulat\u00f3rias que afetam as opera\u00e7\u00f5es dos fornecedores.<\/li>\n<li>Interrup\u00e7\u00f5es de mercado no setor do fornecedor.<\/li>\n<li>A volatilidade dos pre\u00e7os das commodities afeta os custos dos fornecedores.<\/li>\n<\/ul>\n<p>A IA monitora not\u00edcias, bancos de dados financeiros, registros regulat\u00f3rios, relat\u00f3rios do setor e dados de desempenho interno. Ela conecta sinais que seriam perdidos isoladamente.<\/p>\n<p>Um fornecedor tem pequenos atrasos na entrega. Esse \u00e9 um sinal. O mesmo fornecedor acaba de demitir 10% da equipe. Esse \u00e9 outro sinal. Juntos, eles sugerem o surgimento de um problema maior.<\/p>\n<p>Voc\u00ea recebe um aviso antecipado. \u00c9 hora de diversificar o fornecimento. Criar reservas de estoque. Alinhar alternativas. Gerencie o risco de forma proativa em vez de reagir a crises.<\/p>\n\n\n<h4 class=\"wp-block-heading\">Prev\u00ea interrup\u00e7\u00f5es no fornecimento<\/h4>\n\n\n<p>Alguns problemas de fornecedores s\u00e3o previs\u00edveis. A IA identifica padr\u00f5es que precedem as interrup\u00e7\u00f5es.<\/p>\n\n<p><strong>Padr\u00f5es de degrada\u00e7\u00e3o do desempenho:<\/strong><\/p>\n<p>Desempenho de entrega em decl\u00ednio. Qualidade em queda. Aumento dos prazos de entrega. Esses padr\u00f5es geralmente precedem problemas maiores.<\/p>\n<p>A IA aprende quais padr\u00f5es se correlacionam com interrup\u00e7\u00f5es. Ela sinaliza os fornecedores que apresentam esses padr\u00f5es antes que a interrup\u00e7\u00e3o ocorra.<\/p>\n\n<p><strong>Ac\u00famulo de fatores de risco:<\/strong><\/p>\n<p>V\u00e1rios sinais de risco que aparecem juntos aumentam a probabilidade de interrup\u00e7\u00e3o.<\/p>\n<p>Estresse financeiro + problemas operacionais + retra\u00e7\u00e3o do setor = alta probabilidade de falha do fornecedor. A IA quantifica esse risco.<\/p>\n\n<p><strong>Monitoramento de fatores externos:<\/strong><\/p>\n<p>Padr\u00f5es clim\u00e1ticos que afetam a colheita dos fornecedores agr\u00edcolas. Prazos regulamentares que criam restri\u00e7\u00f5es de capacidade. Congestionamento portu\u00e1rio que afeta os cronogramas de entrega.<\/p>\n<p>A IA monitora fatores externos que preveem interrup\u00e7\u00f5es na cadeia de suprimentos. N\u00e3o perfeitamente, mas com anteced\u00eancia suficiente para se preparar.<\/p>\n\n<p><strong>An\u00e1lise de capacidade e demanda:<\/strong><\/p>\n<p>Fornecedor com capacidade de 90%. Demanda crescente do setor. Seu volume est\u00e1 crescendo. A matem\u00e1tica prev\u00ea problemas de capacidade.<\/p>\n<p>A IA modela a capacidade do fornecedor em rela\u00e7\u00e3o \u00e0 demanda. Sinaliza situa\u00e7\u00f5es em que \u00e9 prov\u00e1vel que o fornecimento seja restrito.<\/p>\n<p>A previs\u00e3o de interrup\u00e7\u00f5es n\u00e3o \u00e9 perfeita. Mas mesmo a precis\u00e3o de 70% com aviso pr\u00e9vio \u00e9 valiosa. N\u00e3o \u00e9 poss\u00edvel evitar todas as interrup\u00e7\u00f5es. Mas pode se preparar para aquelas que voc\u00ea prev\u00ea que vir\u00e3o.<\/p>\n\n\n<h4 class=\"wp-block-heading\">Rastreia o status de conformidade<\/h4>\n\n\n<p>Os fornecedores t\u00eam requisitos de conformidade. Certifica\u00e7\u00f5es. Seguros. Documenta\u00e7\u00e3o. Registros de seguran\u00e7a. Licen\u00e7as ambientais.<\/p>\n<p>Eles expiram. Os fornecedores se esquecem de renovar. Ou eles n\u00e3o informam quando h\u00e1 problemas.<\/p>\n<p>A IA rastreia o status de conformidade:<\/p>\n\n<p><strong>Documenta\u00e7\u00e3o necess\u00e1ria:<\/strong><\/p>\n<ul>\n<li>Certificados de seguro. Valores de cobertura e datas de vencimento.<\/li>\n<li>Certifica\u00e7\u00f5es de qualidade (ISO, espec\u00edficas do setor). Status atual e datas de renova\u00e7\u00e3o.<\/li>\n<li>Certifica\u00e7\u00f5es de seguran\u00e7a e resultados de auditorias.<\/li>\n<li>Demonstra\u00e7\u00f5es financeiras e informa\u00e7\u00f5es de cr\u00e9dito.<\/li>\n<li>Licen\u00e7as, autoriza\u00e7\u00f5es, registros.<\/li>\n<\/ul>\n\n<p><strong>Conformidade regulat\u00f3ria:<\/strong><\/p>\n<ul>\n<li>Ader\u00eancia \u00e0s normas do setor. Resultados da inspe\u00e7\u00e3o.<\/li>\n<li>Conformidade ambiental. Emiss\u00f5es, res\u00edduos, relat\u00f3rios.<\/li>\n<li>Normas trabalhistas e de seguran\u00e7a. Constata\u00e7\u00f5es de auditoria.<\/li>\n<li>Conformidade de importa\u00e7\u00e3o\/exporta\u00e7\u00e3o. Restri\u00e7\u00f5es comerciais.<\/li>\n<li>Privacidade de dados e conformidade de seguran\u00e7a para fornecedores de TI.<\/li>\n<\/ul>\n\n<p><strong>Conformidade contratual:<\/strong><\/p>\n<ul>\n<li>Certifica\u00e7\u00f5es necess\u00e1rias de acordo com os termos do contrato.<\/li>\n<li>Requisitos de relat\u00f3rios. Direitos de auditoria.<\/li>\n<li>Compromissos de diversidade e sustentabilidade.<\/li>\n<li>Reconhecimento e ades\u00e3o ao c\u00f3digo de conduta.<\/li>\n<\/ul>\n<p>A IA rastreia o que \u00e9 necess\u00e1rio. Monitora o status. Alerta antes do vencimento. Sinaliza problemas de conformidade.<\/p>\n<p>O seguro venceu h\u00e1 tr\u00eas meses e ningu\u00e9m percebeu? A IA detecta isso. A certifica\u00e7\u00e3o n\u00e3o foi renovada? Alerta enviado antes que isso se torne um problema.<\/p>\n<p>O controle da conformidade n\u00e3o \u00e9 empolgante. Mas a n\u00e3o conformidade \u00e9 cara. Exposi\u00e7\u00e3o legal. Constata\u00e7\u00f5es de auditoria. Viola\u00e7\u00f5es de contratos com clientes. A IA evita esses problemas.<\/p>\n\n\n<hr class=\"wp-block-separator has-alpha-channel-opacity\"\/>\n\n\n\n<h3 class=\"wp-block-heading\">O que isso significa para voc\u00ea<\/h3>\n\n\n\n<h4 class=\"wp-block-heading\">Para CPOs e l\u00edderes de compras<\/h4>\n\n\n<p>Voc\u00ea passa de um gerenciamento de riscos de fornecedores reativo para um proativo.<\/p>\n<ul>\n<li><strong>Gerenciamento proativo de riscos:<\/strong> Problemas sinalizados antes de interromperem as opera\u00e7\u00f5es. Tempo para se preparar, em vez de se esfor\u00e7ar.<\/li>\n<li><strong>Responsabilidade do fornecedor com dados:<\/strong> Discuss\u00f5es de desempenho respaldadas por m\u00e9tricas objetivas. Expectativas e medi\u00e7\u00f5es claras.<\/li>\n<li><strong>Cadeia de suprimentos protegida:<\/strong> Sistema de alerta antecipado para problemas com fornecedores. Redu\u00e7\u00e3o do impacto da interrup\u00e7\u00e3o.<\/li>\n<li><strong>Melhoria cont\u00ednua:<\/strong> O rastreamento sistem\u00e1tico do desempenho impulsiona a melhoria do fornecedor ao longo do tempo.<\/li>\n<li><strong>Gest\u00e3o estrat\u00e9gica de fornecedores:<\/strong> Saber quais fornecedores merecem investimento e parceria. Quais precisam melhorar o desempenho. Quais precisam ser substitu\u00eddos.<\/li>\n<\/ul>\n\n\n<h4 class=\"wp-block-heading\">Para gerentes de compras e compradores<\/h4>\n\n\n<p>Voc\u00ea sabe quais fornecedores devem ser observados e tem evid\u00eancias para conversas dif\u00edceis.<\/p>\n<ul>\n<li><strong>Saiba quais fornecedores devem ser observados:<\/strong> Lista priorizada com base no desempenho e no risco. Concentre a aten\u00e7\u00e3o onde \u00e9 importante.<\/li>\n<li><strong>Evid\u00eancias para conversas com fornecedores:<\/strong> Discuss\u00f5es de desempenho com base em dados. Quest\u00f5es espec\u00edficas com m\u00e9tricas claras.<\/li>\n<li><strong>Aviso antecipado sobre problemas:<\/strong> Resolva os problemas antes que eles se tornem cr\u00edticos. Gerenciamento proativo.<\/li>\n<li><strong>Rastreamento de desempenho simplificado:<\/strong> N\u00e3o h\u00e1 mais scorecards manuais. Coleta e an\u00e1lise automatizadas de dados.<\/li>\n<li><strong>Verifica\u00e7\u00e3o da conformidade:<\/strong> Conhe\u00e7a o status de conformidade do fornecedor sem precisar rastrear documentos manualmente.<\/li>\n<\/ul>\n\n\n<h4 class=\"wp-block-heading\">Para opera\u00e7\u00f5es e cadeia de suprimentos<\/h4>\n\n\n<p>Voc\u00ea obt\u00e9m um fornecimento confi\u00e1vel com menos interrup\u00e7\u00f5es.<\/p>\n<ul>\n<li><strong>Menos interrup\u00e7\u00f5es no fornecimento:<\/strong> O alerta antecipado permite a prepara\u00e7\u00e3o. Invent\u00e1rio de buffer, fontes alternativas, planos de conting\u00eancia.<\/li>\n<li><strong>Melhor qualidade do fornecedor:<\/strong> O monitoramento e o feedback cont\u00ednuos geram melhorias. Problemas detectados com anteced\u00eancia.<\/li>\n<li><strong>Redu\u00e7\u00e3o da exposi\u00e7\u00e3o ao risco:<\/strong> Falhas financeiras, viola\u00e7\u00f5es de conformidade, problemas operacionais detectados antes que causem impacto sobre voc\u00ea.<\/li>\n<li><strong>Fornecimento previs\u00edvel:<\/strong> Melhor visibilidade da capacidade e do risco do fornecedor. Menos surpresas.<\/li>\n<li><strong>Resolu\u00e7\u00e3o mais r\u00e1pida de problemas:<\/strong> Problemas identificados e escalonados imediatamente. Menos tempo para descobrir problemas.<\/li>\n<\/ul>\n\n\n<hr class=\"wp-block-separator has-alpha-channel-opacity\"\/>\n\n\n\n<h3 class=\"wp-block-heading\">O que a IA n\u00e3o far\u00e1<\/h3>\n\n\n<p>Vamos ser claros com rela\u00e7\u00e3o aos limites.<\/p>\n<p>A IA oferece visibilidade e alerta antecipado. Ela n\u00e3o gerencia as rela\u00e7\u00f5es com os fornecedores. Isso ainda \u00e9 trabalho humano.<\/p>\n<p>A IA n\u00e3o pode prever todas as interrup\u00e7\u00f5es. Alguns problemas ocorrem repentinamente sem sinais de alerta. Alguns fatores de risco n\u00e3o aparecem nas fontes de dados monitoradas pela IA.<\/p>\n<p>A IA n\u00e3o pode tomar decis\u00f5es estrat\u00e9gicas sobre relacionamentos com fornecedores. A decis\u00e3o de trabalhar com um fornecedor para melhorar o desempenho ou substitu\u00ed-lo depende de fatores que v\u00e3o al\u00e9m dos dados: import\u00e2ncia estrat\u00e9gica, hist\u00f3rico de relacionamento, alternativas dispon\u00edveis, estrat\u00e9gia de neg\u00f3cios.<\/p>\n<p>O que a IA faz \u00e9 tornar os problemas vis\u00edveis com anteced\u00eancia. Fornecer dados objetivos de desempenho. Rastrear sinais de risco de v\u00e1rias fontes. Criar tempo e informa\u00e7\u00f5es para melhores decis\u00f5es.<\/p>\n<p>Sua equipe de compras ainda gerencia os relacionamentos com os fornecedores. Ela ainda toma decis\u00f5es estrat\u00e9gicas. Apenas o fazem com melhores informa\u00e7\u00f5es e avisos antecipados, em vez de rea\u00e7\u00f5es ap\u00f3s o fato.<\/p>\n\n\n<hr class=\"wp-block-separator has-alpha-channel-opacity\"\/>\n\n\n\n<h3 class=\"wp-block-heading\">Resultados reais da IA de gerenciamento de risco e desempenho de fornecedores<\/h3>\n\n\n<p>Veja como isso se parece na pr\u00e1tica:<\/p>\n\n<p><strong>Preven\u00e7\u00e3o de interrup\u00e7\u00f5es:<\/strong> O aviso antecipado permite a prepara\u00e7\u00e3o. As interrup\u00e7\u00f5es que teriam interrompido a produ\u00e7\u00e3o, em vez disso, causam pequenos atrasos porque as alternativas estavam prontas.<\/p>\n\n<p><strong>Melhoria do desempenho:<\/strong> O monitoramento cont\u00ednuo e as discuss\u00f5es baseadas em dados impulsionam a melhoria do fornecedor. Melhoria t\u00edpica do desempenho de entrega de 5 a 10 pontos percentuais.<\/p>\n\n<p><strong>Evitar riscos:<\/strong> Falhas financeiras, viola\u00e7\u00f5es de conformidade e crises de qualidade detectadas precocemente. Problemas tratados antes que se tornem cr\u00edticos.<\/p>\n\n<p><strong>Economia de tempo:<\/strong> O rastreamento automatizado do desempenho substitui os scorecards manuais. Os compradores gastam tempo gerenciando exce\u00e7\u00f5es, n\u00e3o coletando dados.<\/p>\n\n<p><strong>Melhores relacionamentos com os fornecedores:<\/strong> Os dados objetivos eliminam a emo\u00e7\u00e3o das discuss\u00f5es sobre desempenho. Os fornecedores respeitam a medi\u00e7\u00e3o e respondem aos fatos.<\/p>\n\n<p>N\u00e3o se trata de eliminar todos os riscos dos fornecedores. O risco existe. Mas o risco gerenciado \u00e9 diferente do risco n\u00e3o gerenciado. A visibilidade e o alerta antecipado fazem com que o gerenciamento de riscos deixe de ser reativo e passe a ser proativo.<\/p>\n\n\n<hr class=\"wp-block-separator has-alpha-channel-opacity\"\/>\n\n\n\n<h3 class=\"wp-block-heading\">Pronto para obter o controle do risco do fornecedor?<\/h3>\n\n\n<p>A base de fornecedores de cada empresa \u00e9 diferente. Fornecedores diferentes. Riscos diferentes. Diferentes m\u00e9tricas de desempenho que s\u00e3o importantes para suas opera\u00e7\u00f5es.<\/p>\n<p>N\u00e3o vendemos sistemas gen\u00e9ricos de gerenciamento de fornecedores. Analisamos sua base de fornecedores e fatores de risco espec\u00edficos. Identificamos quais m\u00e9tricas de desempenho s\u00e3o importantes para sua empresa. Criamos monitoramento e alertas que correspondem \u00e0 sua toler\u00e2ncia a riscos e \u00e0s suas necessidades operacionais.<\/p>\n<p>N\u00e3o h\u00e1 promessas de que a IA ir\u00e1 prever todos os problemas. Apenas ferramentas pr\u00e1ticas que tornam o desempenho do fornecedor vis\u00edvel e fornecem alertas antecipados sobre os riscos antes que eles se tornem crises.<\/p>\n\n<p><a href=\"https:\/\/www.leaplytics.de\/pt_br\/contato\/\">Vamos falar sobre o gerenciamento de riscos do seu fornecedor<\/a><\/p>\n\n<p><a href=\"https:\/\/www.leaplytics.de\/pt_br\/sourcing-procurement-ai\/\">Voltar para IA de sourcing e procurement<\/a><\/p>","protected":false},"excerpt":{"rendered":"<p>AI for Supplier Performance &#038; Risk Management: Know Your Suppliers Before They Cause Problems Your business depends on suppliers. They deliver the materials you need. The components you build with. The services that keep operations running. When suppliers perform well, you don&#8217;t think about them. When they fail, everything stops. Late deliveries delay production. Quality &hellip; <\/p>","protected":false},"author":2,"featured_media":0,"parent":0,"menu_order":0,"comment_status":"closed","ping_status":"closed","template":"","meta":{"footnotes":""},"class_list":["post-14514","page","type-page","status-publish","hentry","latest_post"],"_links":{"self":[{"href":"https:\/\/www.leaplytics.de\/pt_br\/wp-json\/wp\/v2\/pages\/14514","targetHints":{"allow":["GET"]}}],"collection":[{"href":"https:\/\/www.leaplytics.de\/pt_br\/wp-json\/wp\/v2\/pages"}],"about":[{"href":"https:\/\/www.leaplytics.de\/pt_br\/wp-json\/wp\/v2\/types\/page"}],"author":[{"embeddable":true,"href":"https:\/\/www.leaplytics.de\/pt_br\/wp-json\/wp\/v2\/users\/2"}],"replies":[{"embeddable":true,"href":"https:\/\/www.leaplytics.de\/pt_br\/wp-json\/wp\/v2\/comments?post=14514"}],"version-history":[{"count":1,"href":"https:\/\/www.leaplytics.de\/pt_br\/wp-json\/wp\/v2\/pages\/14514\/revisions"}],"predecessor-version":[{"id":14523,"href":"https:\/\/www.leaplytics.de\/pt_br\/wp-json\/wp\/v2\/pages\/14514\/revisions\/14523"}],"wp:attachment":[{"href":"https:\/\/www.leaplytics.de\/pt_br\/wp-json\/wp\/v2\/media?parent=14514"}],"curies":[{"name":"wp","href":"https:\/\/api.w.org\/{rel}","templated":true}]}}