{"id":1785,"date":"2021-04-30T00:16:19","date_gmt":"2021-04-29T22:16:19","guid":{"rendered":"https:\/\/www.leaplytics.de\/?page_id=1785"},"modified":"2024-10-29T13:47:21","modified_gmt":"2024-10-29T12:47:21","slug":"suite-de-gerenciamento-de-projetos-para-o-qliksense","status":"publish","type":"page","link":"https:\/\/www.leaplytics.de\/pt_br\/pagina-inicial\/extensoes-do-qlik-sense\/suite-de-gerenciamento-de-projetos-para-o-qliksense\/","title":{"rendered":"Su\u00edte de gerenciamento de projetos para Qlik Sense"},"content":{"rendered":"<p>Livre-se do patchwork insuficiente e n\u00e3o maduro para o gerenciamento de projetos no Qlik Sense com o LeapLytics Project Management Suite!<\/p>\n\n\n\n<p>O Project Management Suite for Qlik Sense inclui tudo o que voc\u00ea precisa para criar um relat\u00f3rio de status de gerenciamento de projeto abrangente. Inclui 3 visualiza\u00e7\u00f5es exclusivas: Sem\u00e1foro, Matriz de Risco e Linha do Tempo. Al\u00e9m disso, voc\u00ea obt\u00e9m os complementos necess\u00e1rios para projetar seu painel de gerenciamento de projetos. As extens\u00f5es apresentam alto desempenho, alto n\u00edvel de maturidade e usabilidade, al\u00e9m de flexibilidade para atender \u00e0s suas necessidades individuais.<\/p>\n\n\n\n<p>A su\u00edte inclui add-ons relevantes que realmente aprimoram a cria\u00e7\u00e3o de um painel de gerenciamento de projetos. O Divider Strokes pode estruturar o painel em \u00e1reas para orientar o usu\u00e1rio com o m\u00e1ximo desempenho. O Maturity Viewer traz mais clareza sobre os est\u00e1gios ou fases do projeto. A extens\u00e3o Company Logo transfere o logotipo individual de sua empresa para um objeto utiliz\u00e1vel do QlikSense. A convers\u00e3o de seu logotipo \u00e9 gratuita.<\/p>\n\n\n\n<p>A su\u00edte tamb\u00e9m vem com uma integra\u00e7\u00e3o de pacotes f\u00e1cil de usar para ver as extens\u00f5es de gerenciamento de projetos em um relance. As extens\u00f5es mostram uma orienta\u00e7\u00e3o harmonizada ao usu\u00e1rio por meio das configura\u00e7\u00f5es, bem como um manuseio intuitivo sem experi\u00eancia em codifica\u00e7\u00e3o. A documenta\u00e7\u00e3o abrangente com casos de uso relacionados a neg\u00f3cios complementa a facilidade de uso. Lan\u00e7amentos frequentes e s\u00f3lidos mant\u00eam seu caso de uso atualizado.<\/p>\n\n\n\n<h3 class=\"wp-block-heading\">Conte\u00fado do Project Management Suite for Qlik Sense<\/h3>\n\n\n\n<p>Abra a documenta\u00e7\u00e3o oficial clicando na imagem. <\/p>\n\n\n\n<div class=\"wp-block-columns is-layout-flex wp-container-core-columns-is-layout-1 wp-block-columns-is-layout-flex\">\n<div class=\"wp-block-column is-layout-flow wp-block-column-is-layout-flow\">\n<h4 class=\"wp-block-heading\"><strong>Sem\u00e1foro<\/strong><\/h4>\n<\/div>\n\n\n\n<div class=\"wp-block-column is-layout-flow wp-block-column-is-layout-flow\">\n<h4 class=\"wp-block-heading\"><strong>Mapa de calor de risco<\/strong><\/h4>\n<\/div>\n\n\n\n<div class=\"wp-block-column is-layout-flow wp-block-column-is-layout-flow\">\n<h4 class=\"wp-block-heading\"><strong>Linha do tempo<\/strong><\/h4>\n<\/div>\n\n\n\n<div class=\"wp-block-column is-layout-flow wp-block-column-is-layout-flow\">\n<h4 class=\"wp-block-heading\"><strong>Aceleradores<\/strong><\/h4>\n<\/div>\n<\/div>\n\n\n\n<div class=\"wp-block-columns is-layout-flex wp-container-core-columns-is-layout-2 wp-block-columns-is-layout-flex\">\n<div class=\"wp-block-column is-layout-flow wp-block-column-is-layout-flow\">\n<figure class=\"wp-block-image size-full\"><img loading=\"lazy\" decoding=\"async\" width=\"287\" height=\"300\" src=\"https:\/\/www.leaplytics.de\/wp-content\/uploads\/2021\/11\/TrafficLight300pixel.png\" alt=\"\" class=\"wp-image-2361\" title=\"Su\u00edte de gerenciamento de projetos Sem\u00e1foro\" srcset=\"https:\/\/www.leaplytics.de\/wp-content\/uploads\/2021\/11\/TrafficLight300pixel.png 287w, https:\/\/www.leaplytics.de\/wp-content\/uploads\/2021\/11\/TrafficLight300pixel-57x60.png 57w\" sizes=\"auto, (max-width: 287px) 100vw, 287px\" \/><\/figure>\n<\/div>\n\n\n\n<div class=\"wp-block-column is-layout-flow wp-block-column-is-layout-flow\">\n<figure class=\"wp-block-image size-full\"><img loading=\"lazy\" decoding=\"async\" width=\"287\" height=\"300\" src=\"https:\/\/www.leaplytics.de\/wp-content\/uploads\/2021\/11\/RiskHeatmap-Kasten-Blau_300pixel.png\" alt=\"\" class=\"wp-image-2363\" title=\"Mapa de calor de riscos do Project Management Suite\" srcset=\"https:\/\/www.leaplytics.de\/wp-content\/uploads\/2021\/11\/RiskHeatmap-Kasten-Blau_300pixel.png 287w, https:\/\/www.leaplytics.de\/wp-content\/uploads\/2021\/11\/RiskHeatmap-Kasten-Blau_300pixel-57x60.png 57w\" sizes=\"auto, (max-width: 287px) 100vw, 287px\" \/><\/figure>\n<\/div>\n\n\n\n<div class=\"wp-block-column is-vertically-aligned-center is-layout-flow wp-block-column-is-layout-flow\"><div class=\"wp-block-image\">\n<figure class=\"aligncenter size-full\"><img loading=\"lazy\" decoding=\"async\" width=\"287\" height=\"300\" src=\"https:\/\/www.leaplytics.de\/wp-content\/uploads\/2021\/11\/TIMELINE_300pixel.png\" alt=\"\" class=\"wp-image-2364\" title=\"Project Management Suite Milestone View\" srcset=\"https:\/\/www.leaplytics.de\/wp-content\/uploads\/2021\/11\/TIMELINE_300pixel.png 287w, https:\/\/www.leaplytics.de\/wp-content\/uploads\/2021\/11\/TIMELINE_300pixel-57x60.png 57w\" sizes=\"auto, (max-width: 287px) 100vw, 287px\" \/><\/figure><\/div><\/div>\n\n\n\n<div class=\"wp-block-column is-layout-flow wp-block-column-is-layout-flow\">\n<figure class=\"wp-block-image size-full\"><img loading=\"lazy\" decoding=\"async\" width=\"567\" height=\"593\" src=\"https:\/\/www.leaplytics.de\/wp-content\/uploads\/2021\/11\/Accelerators_1_300pixel.png\" alt=\"\" class=\"wp-image-2365\" title=\"Acelerador da su\u00edte de gerenciamento de projetos\" srcset=\"https:\/\/www.leaplytics.de\/wp-content\/uploads\/2021\/11\/Accelerators_1_300pixel.png 567w, https:\/\/www.leaplytics.de\/wp-content\/uploads\/2021\/11\/Accelerators_1_300pixel-287x300.png 287w, https:\/\/www.leaplytics.de\/wp-content\/uploads\/2021\/11\/Accelerators_1_300pixel-57x60.png 57w\" sizes=\"auto, (max-width: 567px) 100vw, 567px\" \/><\/figure>\n<\/div>\n<\/div>\n\n\n\n<div class=\"wp-block-columns is-layout-flex wp-container-core-columns-is-layout-3 wp-block-columns-is-layout-flex\">\n<div class=\"wp-block-column is-layout-flow wp-block-column-is-layout-flow\">\n<h6 class=\"wp-block-heading\">Limpar a indica\u00e7\u00e3o de status<\/h6>\n\n\n\n<h6 class=\"wp-block-heading\">Faixas flex\u00edveis para todos os tipos de unidades<\/h6>\n\n\n\n<h6 class=\"wp-block-heading\">Apar\u00eancia individual e f\u00e1cil de usar<\/h6>\n<\/div>\n\n\n\n<div class=\"wp-block-column is-layout-flow wp-block-column-is-layout-flow\">\n<h6 class=\"wp-block-heading\">Perfis de risco completos<\/h6>\n\n\n\n<h6 class=\"wp-block-heading\">Grade est\u00e1vel e simples para 2 categorias<\/h6>\n\n\n\n<h6 class=\"wp-block-heading\">Diferentes conjuntos de campos e codifica\u00e7\u00e3o de cores<\/h6>\n<\/div>\n\n\n\n<div class=\"wp-block-column is-layout-flow wp-block-column-is-layout-flow\">\n<h6 class=\"wp-block-heading\">Exibi\u00e7\u00e3o de marcos em escala de tempo<\/h6>\n\n\n\n<h6 class=\"wp-block-heading\">Dimensionamento autom\u00e1tico da linha do tempo com in\u00edcio e fim<\/h6>\n\n\n\n<h6 class=\"wp-block-heading\">Descri\u00e7\u00f5es flex\u00edveis e cores de desvio<\/h6>\n<\/div>\n\n\n\n<div class=\"wp-block-column is-layout-flow wp-block-column-is-layout-flow\">\n<h6 class=\"wp-block-heading\">Complementos do Performant<\/h6>\n\n\n\n<h6 class=\"wp-block-heading\">Logotipo individual da empresa<\/h6>\n\n\n\n<h6 class=\"wp-block-heading\">Vis\u00e3o de maturidade para muitos casos de uso<\/h6>\n<\/div>\n<\/div>\n\n\n\n<hr class=\"wp-block-separator has-css-opacity\"\/>\n\n\n\n<p>Inscreva-se aqui para receber atualiza\u00e7\u00f5es e lan\u00e7amentos exclusivos: <a href=\"https:\/\/www.leaplytics.de\/pt_br\/subscrever_produto\/\"><strong>Assinatura<\/strong><\/a><\/p>\n\n\n\n<div class=\"wp-block-columns are-vertically-aligned-center is-layout-flex wp-container-core-columns-is-layout-4 wp-block-columns-is-layout-flex\">\n<div class=\"wp-block-column is-vertically-aligned-center is-layout-flow wp-block-column-is-layout-flow\" style=\"flex-basis:100%\">\n<p><\/p>\n<\/div>\n<\/div>\n\n\n\n<p><\/p>","protected":false},"excerpt":{"rendered":"<p>Obtenha uma vis\u00e3o n\u00edtida de seus perfis de risco com o Risk Heatmap para o QilkSense! A extens\u00e3o foi criada para visualizar perfis, que s\u00e3o medidos em uma matriz de dois KPIs e diferentes categorias. Ela \u00e9 capaz de visualizar v\u00e1rios indicadores (at\u00e9 4 na vers\u00e3o gratuita) por campo. V\u00e1rias configura\u00e7\u00f5es, como uma f\u00e1cil altern\u00e2ncia entre uma matriz de 3\u00d73 e 5\u00d75 campos, configura\u00e7\u00f5es de borda e texto, adaptam essa extens\u00e3o \u00e0s suas necessidades de relat\u00f3rios. <\/p>\n<p>Essa extens\u00e3o tamb\u00e9m pode ser usada para monitorar e indicar limites para todos os tipos de medidas f\u00edsicas, indicadores de qualidade e diverg\u00eancias em geral. Com isso, ela pode ser aplicada a um grande n\u00famero de casos de uso, que ocorrem em diferentes neg\u00f3cios.<\/p>","protected":false},"author":1,"featured_media":0,"parent":227,"menu_order":1,"comment_status":"closed","ping_status":"closed","template":"","meta":{"footnotes":""},"class_list":["post-1785","page","type-page","status-publish","hentry","latest_post"],"_links":{"self":[{"href":"https:\/\/www.leaplytics.de\/pt_br\/wp-json\/wp\/v2\/pages\/1785","targetHints":{"allow":["GET"]}}],"collection":[{"href":"https:\/\/www.leaplytics.de\/pt_br\/wp-json\/wp\/v2\/pages"}],"about":[{"href":"https:\/\/www.leaplytics.de\/pt_br\/wp-json\/wp\/v2\/types\/page"}],"author":[{"embeddable":true,"href":"https:\/\/www.leaplytics.de\/pt_br\/wp-json\/wp\/v2\/users\/1"}],"replies":[{"embeddable":true,"href":"https:\/\/www.leaplytics.de\/pt_br\/wp-json\/wp\/v2\/comments?post=1785"}],"version-history":[{"count":3,"href":"https:\/\/www.leaplytics.de\/pt_br\/wp-json\/wp\/v2\/pages\/1785\/revisions"}],"predecessor-version":[{"id":13665,"href":"https:\/\/www.leaplytics.de\/pt_br\/wp-json\/wp\/v2\/pages\/1785\/revisions\/13665"}],"up":[{"embeddable":true,"href":"https:\/\/www.leaplytics.de\/pt_br\/wp-json\/wp\/v2\/pages\/227"}],"wp:attachment":[{"href":"https:\/\/www.leaplytics.de\/pt_br\/wp-json\/wp\/v2\/media?parent=1785"}],"curies":[{"name":"wp","href":"https:\/\/api.w.org\/{rel}","templated":true}]}}