{"id":227,"date":"2020-10-17T14:47:14","date_gmt":"2020-10-17T12:47:14","guid":{"rendered":"https:\/\/www.leaplytics.de\/?page_id=227"},"modified":"2024-10-29T13:34:48","modified_gmt":"2024-10-29T12:34:48","slug":"extensoes-do-qlik-sense","status":"publish","type":"page","link":"https:\/\/www.leaplytics.de\/pt_br\/pagina-inicial\/extensoes-do-qlik-sense\/","title":{"rendered":"Extens\u00f5es de gerenciamento de projetos Qlik Sense"},"content":{"rendered":"<p><strong>Eficiente e relacionado aos neg\u00f3cios -\u00a0<\/strong>Essa \u00e9 a marca registrada da LeapLytics e o valor agregado de nossas solu\u00e7\u00f5es, por exemplo, Project Management Extensions Qlik Sense.\u00a0<\/p>\n<p>Nossas Project Management Extensions s\u00e3o oficialmente aprovadas pela Qlik e incorporam suas solu\u00e7\u00f5es individuais. Utilize as diferentes possibilidades para melhorar seu painel e implementar suas ideias. As extens\u00f5es seguem uma estrutura clara e s\u00e3o constru\u00eddas com foco no usu\u00e1rio, a fim de torn\u00e1-las o mais intuitivas poss\u00edvel, sem abrir m\u00e3o de funcionalidades importantes.<\/p>\n<p style=\"text-align: left;\">Portanto, uma documenta\u00e7\u00e3o abrangente com descri\u00e7\u00e3o detalhada dos poss\u00edveis casos de uso acelera o uso e a implementa\u00e7\u00e3o.<\/p>\n\n\n<div class=\"wp-block-media-text is-stacked-on-mobile\" style=\"grid-template-columns:42% auto\"><figure class=\"wp-block-media-text__media\"><img decoding=\"async\" src=\"https:\/\/www.leaplytics.de\/wp-content\/uploads\/2021\/11\/Accelerators_1_300pixel.png\" alt=\"\"\/><\/figure><div class=\"wp-block-media-text__content\">\n<h1 class=\"wp-block-heading\" style=\"font-size:40px;font-style:normal;font-weight:500;letter-spacing:2px\">Su\u00edte de gerenciamento de projetos LeapLytics<\/h1>\n<\/div><\/div>\n\n\n\n<div class=\"wp-block-media-text is-stacked-on-mobile\" style=\"grid-template-columns:42% auto\"><figure class=\"wp-block-media-text__media\"><img loading=\"lazy\" decoding=\"async\" width=\"287\" height=\"300\" src=\"https:\/\/www.leaplytics.de\/wp-content\/uploads\/2021\/11\/TrafficLight300pixel.png\" alt=\"\" class=\"wp-image-2361 size-full\" srcset=\"https:\/\/www.leaplytics.de\/wp-content\/uploads\/2021\/11\/TrafficLight300pixel.png 287w, https:\/\/www.leaplytics.de\/wp-content\/uploads\/2021\/11\/TrafficLight300pixel-57x60.png 57w\" sizes=\"auto, (max-width: 287px) 100vw, 287px\" \/><\/figure><div class=\"wp-block-media-text__content\">\n<h1 class=\"wp-block-heading\" style=\"font-size:40px;font-style:normal;font-weight:500;letter-spacing:2px\">Sem\u00e1foro para QlikSense<\/h1>\n<\/div><\/div>\n\n\n\n<div class=\"wp-block-media-text is-stacked-on-mobile\" style=\"grid-template-columns:42% auto\"><figure class=\"wp-block-media-text__media\"><img loading=\"lazy\" decoding=\"async\" width=\"287\" height=\"300\" src=\"https:\/\/www.leaplytics.de\/wp-content\/uploads\/2021\/11\/RiskHeatmap-Kasten-Blau_300pixel.png\" alt=\"\" class=\"wp-image-2363 size-full\" srcset=\"https:\/\/www.leaplytics.de\/wp-content\/uploads\/2021\/11\/RiskHeatmap-Kasten-Blau_300pixel.png 287w, https:\/\/www.leaplytics.de\/wp-content\/uploads\/2021\/11\/RiskHeatmap-Kasten-Blau_300pixel-57x60.png 57w\" sizes=\"auto, (max-width: 287px) 100vw, 287px\" \/><\/figure><div class=\"wp-block-media-text__content\">\n<h1 class=\"wp-block-heading\" style=\"font-size:40px;font-style:normal;font-weight:500;letter-spacing:2px\">Matriz de risco para QlikSense<\/h1>\n<\/div><\/div>\n\n\n\n<div class=\"wp-block-media-text is-stacked-on-mobile\" style=\"grid-template-columns:42% auto\"><figure class=\"wp-block-media-text__media\"><img loading=\"lazy\" decoding=\"async\" width=\"287\" height=\"300\" src=\"https:\/\/www.leaplytics.de\/wp-content\/uploads\/2021\/11\/TIMELINE_300pixel.png\" alt=\"\" class=\"wp-image-2364 size-full\" srcset=\"https:\/\/www.leaplytics.de\/wp-content\/uploads\/2021\/11\/TIMELINE_300pixel.png 287w, https:\/\/www.leaplytics.de\/wp-content\/uploads\/2021\/11\/TIMELINE_300pixel-57x60.png 57w\" sizes=\"auto, (max-width: 287px) 100vw, 287px\" \/><\/figure><div class=\"wp-block-media-text__content\">\n<h1 class=\"wp-block-heading\" style=\"font-size:40px;font-style:normal;font-weight:500;letter-spacing:2px\">Linha do tempo para o QlikSense<\/h1>\n<\/div><\/div>\n\n\n\n<p><\/p>\n\n\n\n<p>Voc\u00ea pode encontrar mais detalhes em:<a rel=\"noreferrer noopener\" href=\"https:\/\/github.com\/leaplytics\" target=\"_blank\"> https:\/\/github.com\/leaplytics<\/a><\/p>\n\n\n\n<p>Se estiver curioso sobre o que o Project Management Extensions Qlik Sense significaria para o seu ambiente de gerenciamento de projetos, teremos prazer em agendar uma chamada com voc\u00ea. Nesse caso, ou se tiver d\u00favidas sobre detalhes, implementa\u00e7\u00e3o e informa\u00e7\u00f5es sobre pre\u00e7os, informe-nos e entraremos em contato com voc\u00ea em curto prazo:<\/p>\n\n\n<div class=\"wpforms-container wpforms-container-full\" id=\"wpforms-10645\"><form id=\"wpforms-form-10645\" class=\"wpforms-validate wpforms-form wpforms-ajax-form\" data-formid=\"10645\" method=\"post\" enctype=\"multipart\/form-data\" action=\"\/pt_br\/wp-json\/wp\/v2\/pages\/227\" data-token=\"6ca35e2f315236f6fb14c0771cd2e34b\" data-token-time=\"1775752766\" data-trp-original-action=\"\/pt_br\/wp-json\/wp\/v2\/pages\/227\"><noscript class=\"wpforms-error-noscript\">Ative o JavaScript em seu navegador para preencher este formul\u00e1rio.<\/noscript><div class=\"wpforms-field-container\"><div id=\"wpforms-10645-field_0-container\" class=\"wpforms-field wpforms-field-name\" data-field-id=\"0\"><label class=\"wpforms-field-label\">Nome <span class=\"wpforms-required-label\">*<\/span><\/label><div class=\"wpforms-field-row wpforms-field-medium\"><div class=\"wpforms-field-row-block wpforms-first wpforms-one-half\"><input type=\"text\" id=\"wpforms-10645-field_0\" class=\"wpforms-field-name-first wpforms-field-required\" name=\"wpforms[fields][0][first]\" required><label for=\"wpforms-10645-field_0\" class=\"wpforms-field-sublabel after\">Nome<\/label><\/div><div class=\"wpforms-field-row-block wpforms-one-half\"><input type=\"text\" id=\"wpforms-10645-field_0-last\" class=\"wpforms-field-name-last wpforms-field-required\" name=\"wpforms[fields][0][last]\" required><label for=\"wpforms-10645-field_0-last\" class=\"wpforms-field-sublabel after\">Sobrenome<\/label><\/div><\/div><\/div><div id=\"wpforms-10645-field_1-container\" class=\"wpforms-field wpforms-field-email\" data-field-id=\"1\"><label class=\"wpforms-field-label\" for=\"wpforms-10645-field_1\">E-mail <span class=\"wpforms-required-label\">*<\/span><\/label><input type=\"email\" id=\"wpforms-10645-field_1\" class=\"wpforms-field-medium wpforms-field-required\" data-rule-restricted-email=\"1\" name=\"wpforms[fields][1]\" spellcheck=\"false\" required><\/div><div id=\"wpforms-10645-field_3-container\" class=\"wpforms-field wpforms-field-text\" data-field-id=\"3\"><label class=\"wpforms-field-label\" for=\"wpforms-10645-field_3\">Empresa <span class=\"wpforms-required-label\">*<\/span><\/label><input type=\"text\" id=\"wpforms-10645-field_3\" class=\"wpforms-field-medium wpforms-field-required\" name=\"wpforms[fields][3]\" required><\/div><div id=\"wpforms-10645-field_2-container\" class=\"wpforms-field wpforms-field-textarea\" data-field-id=\"2\"><label class=\"wpforms-field-label\" for=\"wpforms-10645-field_2\">Coment\u00e1rio ou mensagem<\/label><textarea id=\"wpforms-10645-field_2\" class=\"wpforms-field-medium\" name=\"wpforms[fields][2]\" ><\/textarea><\/div><div id=\"wpforms-10645-field_4-container\" class=\"wpforms-field wpforms-field-gdpr-checkbox\" data-field-id=\"4\"><label class=\"wpforms-field-label\">Acordo GDPR <span class=\"wpforms-required-label\">*<\/span><\/label><ul id=\"wpforms-10645-field_4\" class=\"wpforms-field-required\"><li class=\"choice-1\"><input type=\"checkbox\" id=\"wpforms-10645-field_4_1\" name=\"wpforms[fields][4][]\" value=\"I consent to having this website store my submitted information so they can respond to my inquiry.\" required><label class=\"wpforms-field-label-inline\" for=\"wpforms-10645-field_4_1\">Autorizo que este site armazene minhas informa\u00e7\u00f5es enviadas para que possam responder \u00e0 minha consulta.<\/label><\/li><\/ul><\/div><\/div><!-- .wpforms-field-container --><div class=\"wpforms-recaptcha-container wpforms-is-recaptcha wpforms-is-recaptcha-type-v3\" ><input type=\"hidden\" name=\"wpforms[recaptcha]\" value=\"\"><\/div><div class=\"wpforms-submit-container\" ><input type=\"hidden\" name=\"wpforms[id]\" value=\"10645\"><input type=\"hidden\" name=\"page_title\" value=\"\"><input type=\"hidden\" name=\"page_url\" value=\"https:\/\/www.leaplytics.de\/pt_br\/wp-json\/wp\/v2\/pages\/227\"><input type=\"hidden\" name=\"url_referer\" value=\"\"><button type=\"submit\" name=\"wpforms[submit]\" id=\"wpforms-submit-10645\" class=\"wpforms-submit\" data-alt-text=\"Sending...\" data-submit-text=\"Submit\" aria-live=\"assertive\" value=\"wpforms-submit\">Enviar<\/button><img loading=\"lazy\" decoding=\"async\" src=\"https:\/\/www.leaplytics.de\/wp-content\/plugins\/wpforms-lite\/assets\/images\/submit-spin.svg\" class=\"wpforms-submit-spinner\" style=\"display: none;\" width=\"26\" height=\"26\" alt=\"Carregando\"><\/div><input type=\"hidden\" name=\"trp-form-language\" value=\"pt_br\"\/><\/form><\/div>  <!-- .wpforms-container -->","protected":false},"excerpt":{"rendered":"<p>A efici\u00eancia e a rela\u00e7\u00e3o com os neg\u00f3cios s\u00e3o a marca registrada da LeapLytics e o valor agregado de nossas solu\u00e7\u00f5es.\u00a0<\/p>","protected":false},"author":1,"featured_media":0,"parent":111,"menu_order":0,"comment_status":"closed","ping_status":"closed","template":"","meta":{"footnotes":""},"class_list":["post-227","page","type-page","status-publish","hentry","latest_post"],"_links":{"self":[{"href":"https:\/\/www.leaplytics.de\/pt_br\/wp-json\/wp\/v2\/pages\/227","targetHints":{"allow":["GET"]}}],"collection":[{"href":"https:\/\/www.leaplytics.de\/pt_br\/wp-json\/wp\/v2\/pages"}],"about":[{"href":"https:\/\/www.leaplytics.de\/pt_br\/wp-json\/wp\/v2\/types\/page"}],"author":[{"embeddable":true,"href":"https:\/\/www.leaplytics.de\/pt_br\/wp-json\/wp\/v2\/users\/1"}],"replies":[{"embeddable":true,"href":"https:\/\/www.leaplytics.de\/pt_br\/wp-json\/wp\/v2\/comments?post=227"}],"version-history":[{"count":3,"href":"https:\/\/www.leaplytics.de\/pt_br\/wp-json\/wp\/v2\/pages\/227\/revisions"}],"predecessor-version":[{"id":13662,"href":"https:\/\/www.leaplytics.de\/pt_br\/wp-json\/wp\/v2\/pages\/227\/revisions\/13662"}],"up":[{"embeddable":true,"href":"https:\/\/www.leaplytics.de\/pt_br\/wp-json\/wp\/v2\/pages\/111"}],"wp:attachment":[{"href":"https:\/\/www.leaplytics.de\/pt_br\/wp-json\/wp\/v2\/media?parent=227"}],"curies":[{"name":"wp","href":"https:\/\/api.w.org\/{rel}","templated":true}]}}