{"id":2301,"date":"2021-09-10T23:49:33","date_gmt":"2021-09-10T21:49:33","guid":{"rendered":"https:\/\/www.leaplytics.de\/?page_id=2301"},"modified":"2022-05-08T00:34:51","modified_gmt":"2022-05-07T22:34:51","slug":"gerenciamento-de-projetos-visuais-personalizados-microsoft-powerbi","status":"publish","type":"page","link":"https:\/\/www.leaplytics.de\/pt_br\/pagina-inicial\/gerenciamento-de-projetos-visuais-personalizados-microsoft-powerbi\/","title":{"rendered":"Visuais personalizados de gerenciamento de projetos para o Microsoft Power BI"},"content":{"rendered":"<p><strong>Eficiente e relacionado aos neg\u00f3cios<\/strong> \u00e9 a marca registrada da LeapLytics e o valor agregado de nossas solu\u00e7\u00f5es.<\/p>\n<p>Nossos visuais personalizados de gerenciamento de projetos para o Microsoft Power BI s\u00e3o oficialmente aprovados pela Microsoft e incorporam suas solu\u00e7\u00f5es individuais. Use as diferentes possibilidades para aprimorar seu painel e implementar suas ideias. As extens\u00f5es seguem uma estrutura clara e s\u00e3o criadas com foco no usu\u00e1rio, a fim de torn\u00e1-las o mais intuitivas poss\u00edvel, sem abrir m\u00e3o de funcionalidades importantes.<\/p>\n<p>Portanto, uma documenta\u00e7\u00e3o abrangente com descri\u00e7\u00e3o detalhada dos poss\u00edveis casos de uso acelera o uso e a implementa\u00e7\u00e3o.<\/p>\n<p>Veja abaixo os recursos visuais dispon\u00edveis e explore a funcionalidade clicando nas imagens.<\/p>\n<p>\u00a0<\/p>\n\n\n<div class=\"wp-block-media-text alignwide is-stacked-on-mobile\" style=\"grid-template-columns:43% auto\"><figure class=\"wp-block-media-text__media\"><a href=\"https:\/\/www.leaplytics.de\/pt_br\/pagina-inicial\/project-management-visuals-ms-powerbi\/visuais-de-semaforo-para-biometria-de-potencia\/\"><img loading=\"lazy\" decoding=\"async\" width=\"287\" height=\"300\" src=\"https:\/\/www.leaplytics.de\/wp-content\/uploads\/2021\/11\/TrafficLight300pixel.png\" alt=\"\" class=\"wp-image-2361 size-full\" srcset=\"https:\/\/www.leaplytics.de\/wp-content\/uploads\/2021\/11\/TrafficLight300pixel.png 287w, https:\/\/www.leaplytics.de\/wp-content\/uploads\/2021\/11\/TrafficLight300pixel-57x60.png 57w\" sizes=\"auto, (max-width: 287px) 100vw, 287px\" \/><\/a><\/figure><div class=\"wp-block-media-text__content\">\n<p class=\"has-large-font-size\">Visual personalizado do sem\u00e1foro<\/p>\n<\/div><\/div>\n\n\n\n<p><\/p>","protected":false},"excerpt":{"rendered":"<p>A efici\u00eancia e a rela\u00e7\u00e3o com os neg\u00f3cios s\u00e3o a marca registrada da LeapLytics e o valor agregado de nossas solu\u00e7\u00f5es.\u00a0<\/p>","protected":false},"author":1,"featured_media":0,"parent":111,"menu_order":0,"comment_status":"closed","ping_status":"closed","template":"","meta":{"footnotes":""},"class_list":["post-2301","page","type-page","status-publish","hentry","latest_post"],"_links":{"self":[{"href":"https:\/\/www.leaplytics.de\/pt_br\/wp-json\/wp\/v2\/pages\/2301","targetHints":{"allow":["GET"]}}],"collection":[{"href":"https:\/\/www.leaplytics.de\/pt_br\/wp-json\/wp\/v2\/pages"}],"about":[{"href":"https:\/\/www.leaplytics.de\/pt_br\/wp-json\/wp\/v2\/types\/page"}],"author":[{"embeddable":true,"href":"https:\/\/www.leaplytics.de\/pt_br\/wp-json\/wp\/v2\/users\/1"}],"replies":[{"embeddable":true,"href":"https:\/\/www.leaplytics.de\/pt_br\/wp-json\/wp\/v2\/comments?post=2301"}],"version-history":[{"count":0,"href":"https:\/\/www.leaplytics.de\/pt_br\/wp-json\/wp\/v2\/pages\/2301\/revisions"}],"up":[{"embeddable":true,"href":"https:\/\/www.leaplytics.de\/pt_br\/wp-json\/wp\/v2\/pages\/111"}],"wp:attachment":[{"href":"https:\/\/www.leaplytics.de\/pt_br\/wp-json\/wp\/v2\/media?parent=2301"}],"curies":[{"name":"wp","href":"https:\/\/api.w.org\/{rel}","templated":true}]}}