{"id":368,"date":"2020-10-20T21:17:49","date_gmt":"2020-10-20T19:17:49","guid":{"rendered":"https:\/\/www.leaplytics.de\/?page_id=368"},"modified":"2020-10-20T21:32:37","modified_gmt":"2020-10-20T19:32:37","slug":"impressao","status":"publish","type":"page","link":"https:\/\/www.leaplytics.de\/pt_br\/impressao\/","title":{"rendered":"Impress\u00e3o"},"content":{"rendered":"<p>Anota\u00e7\u00f5es de acordo com o \u00a7 5 TMG<\/p><p>LeapLytics GmbH<br \/>Stefan Preusler e Dominik Galsheimer<br \/>Teutonenweg 18<br \/>63128 Dietzenbach<br \/>Alemanha<br \/><\/p><p><b>Vertreten durch:<\/b> Stefan Preusler e Dominik Galsheimer<br \/><\/p><p><b>Contato:<\/b><br\/>E-Mail: <img decoding=\"async\" class=\"dsgvoaio_emailpng\" src=\"https:\/\/www.leaplytics.de\/wp-content\/dsgvo-all-in-one-wp-pro\/sserdaliame.png\"><br\/><\/p><p><b>Registro de entrada:<\/b><br\/>Registro: Registro de Registro: Amtsgericht Offenbach am Main<br\/>N\u00famero de registro: HRB 53774<br\/><\/p><p><b>Umsatzsteuer-ID:<\/b> DE344747402<\/p><b>Retirada de fundos<\/b><br \/><b>Haftung f\u00fcr Links:<\/b><p>O nosso cat\u00e1logo cont\u00e9m links para sites externos, sobre os quais n\u00e3o temos qualquer influ\u00eancia. Portanto, para essas informa\u00e7\u00f5es de livre acesso, tamb\u00e9m n\u00e3o podemos fornecer nenhum valor de remunera\u00e7\u00e3o. Para as informa\u00e7\u00f5es contidas nas p\u00e1ginas com links, o respons\u00e1vel pelo conte\u00fado \u00e9 o pr\u00f3prio usu\u00e1rio ou o propriet\u00e1rio das p\u00e1ginas. As p\u00e1ginas vinculadas foram exclu\u00eddas do processo de vincula\u00e7\u00e3o por raz\u00f5es de direito leg\u00edtimo. As informa\u00e7\u00f5es sobre direitos humanos n\u00e3o foram mencionadas no momento da verifica\u00e7\u00e3o. Um controle interno permanente das se\u00e7\u00f5es vinculadas n\u00e3o \u00e9, no entanto, uma op\u00e7\u00e3o sem consequ\u00eancias graves para a prote\u00e7\u00e3o de direitos. Se voc\u00ea tiver conhecimento de alguma viola\u00e7\u00e3o de direitos autorais, n\u00f3s lhe forneceremos links espec\u00edficos.<\/p><b>Garantia para o conte\u00fado:<\/b><p>Os conte\u00fados de nossos sites foram criados com maior precis\u00e3o. Para a riqueza, integridade e atualidade das informa\u00e7\u00f5es, n\u00e3o podemos, no entanto, nos responsabilizar por elas. Como Diensteanbieter sind wir gem\u00e4\u00df \u00a7 7 Abs.1 TMG f\u00fcr eigene Inhalte auf diesen Seiten nach den allgemeinen Gesetzen verantwortlich. De acordo com \u00a7 8 bis 10 TMG sind wir als Diensteanbieter jedoch nicht verpflichtet, \u00fcbermittelte oder gespeicherte fremde Informationen zu \u00fcberwachen oder nach Umst\u00e4nden zu forschen, die auf eine rechtswidrige T\u00e4tigkeit hinweisen. As restri\u00e7\u00f5es para o fornecimento ou a manuten\u00e7\u00e3o de informa\u00e7\u00f5es de acordo com as diretrizes gerais n\u00e3o s\u00e3o permitidas. Uma indeniza\u00e7\u00e3o desse tipo \u00e9, no entanto, apenas no momento em que se toma conhecimento de uma viola\u00e7\u00e3o de direito. Se formos informados de que existem solu\u00e7\u00f5es de direitos autorais anteriores, n\u00f3s nos referimos a estas informa\u00e7\u00f5es de forma abrangente.<\/p><b>Urheberrecht<\/b><br \/><p>Os textos e trabalhos escritos por este site s\u00e3o abrangidos pela lei alem\u00e3 Urheberrecht. A verifica\u00e7\u00e3o, a revis\u00e3o, a revis\u00e3o e qualquer outra forma de verifica\u00e7\u00e3o, al\u00e9m das regras do Urheberrecht, devem ser feitas de acordo com a legisla\u00e7\u00e3o dos respectivos autores e revendedores. Os downloads e as c\u00f3pias desta p\u00e1gina s\u00e3o destinados apenas para uso privado e n\u00e3o comercial. Se as informa\u00e7\u00f5es contidas nesta p\u00e1gina n\u00e3o forem fornecidas pelo usu\u00e1rio, elas ser\u00e3o consideradas como parte dos direitos autorais do usu\u00e1rio. Al\u00e9m disso, as informa\u00e7\u00f5es do terceiro s\u00e3o identificadas como \u00fanicas. Se voc\u00ea n\u00e3o estiver ciente de que a verifica\u00e7\u00e3o de urina \u00e9 importante, daremos uma dica importante. Se voc\u00ea tiver conhecimento de algum tipo de viola\u00e7\u00e3o de direitos autorais, n\u00f3s lhe daremos informa\u00e7\u00f5es adicionais.<\/p>","protected":false},"excerpt":{"rendered":"","protected":false},"author":1,"featured_media":0,"parent":0,"menu_order":0,"comment_status":"closed","ping_status":"closed","template":"","meta":{"footnotes":""},"class_list":["post-368","page","type-page","status-publish","hentry","latest_post"],"_links":{"self":[{"href":"https:\/\/www.leaplytics.de\/pt_br\/wp-json\/wp\/v2\/pages\/368","targetHints":{"allow":["GET"]}}],"collection":[{"href":"https:\/\/www.leaplytics.de\/pt_br\/wp-json\/wp\/v2\/pages"}],"about":[{"href":"https:\/\/www.leaplytics.de\/pt_br\/wp-json\/wp\/v2\/types\/page"}],"author":[{"embeddable":true,"href":"https:\/\/www.leaplytics.de\/pt_br\/wp-json\/wp\/v2\/users\/1"}],"replies":[{"embeddable":true,"href":"https:\/\/www.leaplytics.de\/pt_br\/wp-json\/wp\/v2\/comments?post=368"}],"version-history":[{"count":0,"href":"https:\/\/www.leaplytics.de\/pt_br\/wp-json\/wp\/v2\/pages\/368\/revisions"}],"wp:attachment":[{"href":"https:\/\/www.leaplytics.de\/pt_br\/wp-json\/wp\/v2\/media?parent=368"}],"curies":[{"name":"wp","href":"https:\/\/api.w.org\/{rel}","templated":true}]}}