{"id":799,"date":"2021-01-04T21:52:31","date_gmt":"2021-01-04T20:52:31","guid":{"rendered":"https:\/\/www.leaplytics.de\/?page_id=799"},"modified":"2024-11-04T09:23:33","modified_gmt":"2024-11-04T08:23:33","slug":"painel-de-gerenciamento-de-projetos-qlik-sense","status":"publish","type":"page","link":"https:\/\/www.leaplytics.de\/pt_br\/pagina-inicial\/painel-de-gerenciamento-de-projetos-qlik-sense\/","title":{"rendered":"Painel de gerenciamento de projetos Qlik Sense"},"content":{"rendered":"<h2 class=\"wp-block-heading\" id=\"dashboard\">Painel de controle<\/h2>\n\n\n\n<p>Painel de gerenciamento de projetos O Qlik Sense segue uma regra simples: <strong>mostrar as informa\u00e7\u00f5es corretas do projeto na agrega\u00e7\u00e3o correta para as pessoas respons\u00e1veis em uma \u00fanica olhada, permitindo que elas tomem as decis\u00f5es corretas<\/strong>. <\/p>\n\n\n\n<p>No ambiente do projeto, h\u00e1 diferentes partes interessadas, que t\u00eam diferentes requisitos de informa\u00e7\u00e3o, cada um com um n\u00edvel diferente de detalhes. Os exemplos a seguir mostram os dois opostos mais comuns.  <\/p>\n\n\n\n<p><strong>N\u00edvel do portf\u00f3lio:<\/strong> H\u00e1 gerentes de portf\u00f3lio que precisam se certificar de que os projetos certos sejam priorizados com os recursos certos. Os gargalos precisam ser identificados e os pipelines de projetos precisam ser gerenciados.<\/p>\n\n\n\n<p><strong>N\u00edvel do projeto: <\/strong>Os gerentes de projeto precisam obter o n\u00edvel mais baixo de informa\u00e7\u00f5es para ter em m\u00e3os todas as vari\u00e1veis de dire\u00e7\u00e3o. Por outro lado, os patrocinadores, os membros do conselho de revis\u00e3o e os CEOs precisam receber a ess\u00eancia relevante das informa\u00e7\u00f5es para tomar as decis\u00f5es corretas na dire\u00e7\u00e3o geral do projeto.<\/p>\n\n\n\n<p>O LeapLytics Advanced Project Management Reporting garante que todos os requisitos de relat\u00f3rio sejam poss\u00edveis, independentemente do tipo de parte interessada ou do n\u00edvel de agrega\u00e7\u00e3o. Por meio do processo integrado de informa\u00e7\u00f5es, todas as informa\u00e7\u00f5es s\u00e3o coletadas no n\u00edvel mais baixo e agregadas \u00e0s necessidades de todos os poss\u00edveis destinat\u00e1rios.<\/p>\n\n\n\n<p>Aqui est\u00e3o dois exemplos de um relat\u00f3rio de status de projeto que pode ser realizado com nosso LeapLytics Extension Suite for QlikSense. Os Dashboards usam um modelo de dados subjacente que segue as regras padr\u00e3o do PMI para gerenciamento de projetos. Com isso, os projetos de toda a empresa podem ser relatados de forma harmonizada, eficiente e f\u00e1cil de usar.<\/p>\n\n\n\n<h2 class=\"wp-block-heading\" id=\"project-status-report-qlik-sense\">Relat\u00f3rio de status do projeto Qlik Sense<\/h2>\n\n\n\n<p>O relat\u00f3rio b\u00e1sico de status do projeto \u00e9 um exemplo do Project Management Dashboard Qlik Sense e permite que o usu\u00e1rio selecione um projeto dedicado, bem como a data do relat\u00f3rio. Ele obt\u00e9m todas as informa\u00e7\u00f5es necess\u00e1rias apresentadas em um layout de tr\u00eas colunas com dados mestre relevantes no cabe\u00e7alho. Os principais recursos s\u00e3o <a href=\"https:\/\/www.leaplytics.de\/pt_br\/extensions\/traffic-light\/\">Sem\u00e1foro<\/a> e o <a href=\"https:\/\/www.leaplytics.de\/pt_br\/extensions\/extensao-de-mapa-de-calor-de-risco-para-o-qliksense\/\">Matriz de risco<\/a>.<\/p>\n\n\n\n<figure class=\"wp-block-image size-large\"><img loading=\"lazy\" decoding=\"async\" width=\"1024\" height=\"600\" src=\"https:\/\/www.leaplytics.de\/wp-content\/uploads\/2021\/11\/Laptop-with-Dashboard-Page2-1024x600.png\" alt=\"\" class=\"wp-image-2407\" srcset=\"https:\/\/www.leaplytics.de\/wp-content\/uploads\/2021\/11\/Laptop-with-Dashboard-Page2-1024x600.png 1024w, https:\/\/www.leaplytics.de\/wp-content\/uploads\/2021\/11\/Laptop-with-Dashboard-Page2-300x176.png 300w, https:\/\/www.leaplytics.de\/wp-content\/uploads\/2021\/11\/Laptop-with-Dashboard-Page2-768x450.png 768w, https:\/\/www.leaplytics.de\/wp-content\/uploads\/2021\/11\/Laptop-with-Dashboard-Page2-1536x901.png 1536w, https:\/\/www.leaplytics.de\/wp-content\/uploads\/2021\/11\/Laptop-with-Dashboard-Page2-2048x1201.png 2048w, https:\/\/www.leaplytics.de\/wp-content\/uploads\/2021\/11\/Laptop-with-Dashboard-Page2-102x60.png 102w\" sizes=\"auto, (max-width: 1024px) 100vw, 1024px\" \/><figcaption class=\"wp-element-caption\">Painel de gerenciamento de projetos Qlik Sense<\/figcaption><\/figure>\n\n\n\n<p>Uma variante do relat\u00f3rio b\u00e1sico de status do projeto muda o layout para uma visualiza\u00e7\u00e3o horizontal e adiciona a visualiza\u00e7\u00e3o de marcos como um recurso principal para obter uma vis\u00e3o geral dos marcos relevantes e sua meta de realiza\u00e7\u00e3o.<\/p>\n\n\n\n<figure class=\"wp-block-image size-large\"><img loading=\"lazy\" decoding=\"async\" width=\"1024\" height=\"602\" src=\"https:\/\/www.leaplytics.de\/wp-content\/uploads\/2021\/11\/Laptop-with-Dashboard-Page3-1024x602.png\" alt=\"\" class=\"wp-image-2408\" srcset=\"https:\/\/www.leaplytics.de\/wp-content\/uploads\/2021\/11\/Laptop-with-Dashboard-Page3-1024x602.png 1024w, https:\/\/www.leaplytics.de\/wp-content\/uploads\/2021\/11\/Laptop-with-Dashboard-Page3-300x176.png 300w, https:\/\/www.leaplytics.de\/wp-content\/uploads\/2021\/11\/Laptop-with-Dashboard-Page3-768x451.png 768w, https:\/\/www.leaplytics.de\/wp-content\/uploads\/2021\/11\/Laptop-with-Dashboard-Page3-1536x903.png 1536w, https:\/\/www.leaplytics.de\/wp-content\/uploads\/2021\/11\/Laptop-with-Dashboard-Page3-2048x1204.png 2048w, https:\/\/www.leaplytics.de\/wp-content\/uploads\/2021\/11\/Laptop-with-Dashboard-Page3-102x60.png 102w\" sizes=\"auto, (max-width: 1024px) 100vw, 1024px\" \/><figcaption class=\"wp-element-caption\">Painel de gerenciamento de projetos Qlik Sense<\/figcaption><\/figure>\n\n\n\n<p>Nossa extens\u00e3o tamb\u00e9m pode ser usada em pain\u00e9is de portf\u00f3lio abrangentes.<\/p>\n\n\n\n<figure class=\"wp-block-image size-large\"><img loading=\"lazy\" decoding=\"async\" width=\"1024\" height=\"599\" src=\"https:\/\/www.leaplytics.de\/wp-content\/uploads\/2021\/11\/Laptop-with-Dashboard-Page1-1024x599.png\" alt=\"\" class=\"wp-image-2406\" srcset=\"https:\/\/www.leaplytics.de\/wp-content\/uploads\/2021\/11\/Laptop-with-Dashboard-Page1-1024x599.png 1024w, https:\/\/www.leaplytics.de\/wp-content\/uploads\/2021\/11\/Laptop-with-Dashboard-Page1-300x175.png 300w, https:\/\/www.leaplytics.de\/wp-content\/uploads\/2021\/11\/Laptop-with-Dashboard-Page1-768x449.png 768w, https:\/\/www.leaplytics.de\/wp-content\/uploads\/2021\/11\/Laptop-with-Dashboard-Page1-1536x898.png 1536w, https:\/\/www.leaplytics.de\/wp-content\/uploads\/2021\/11\/Laptop-with-Dashboard-Page1-2048x1198.png 2048w, https:\/\/www.leaplytics.de\/wp-content\/uploads\/2021\/11\/Laptop-with-Dashboard-Page1-103x60.png 103w\" sizes=\"auto, (max-width: 1024px) 100vw, 1024px\" \/><figcaption class=\"wp-element-caption\">Painel do portf\u00f3lio de projetos Qlik Sense<\/figcaption><\/figure>\n\n\n\n<p>Se estiver curioso para saber o que isso significaria para o seu ambiente de gerenciamento de projetos, teremos prazer em agendar uma liga\u00e7\u00e3o com voc\u00ea. Nesse caso, ou se tiver d\u00favidas sobre detalhes, implementa\u00e7\u00e3o e informa\u00e7\u00f5es sobre pre\u00e7os, informe-nos e entraremos em contato com voc\u00ea em curto prazo:<\/p>\n\n\n<div class=\"wpforms-container wpforms-container-full\" id=\"wpforms-10645\"><form id=\"wpforms-form-10645\" class=\"wpforms-validate wpforms-form wpforms-ajax-form\" data-formid=\"10645\" method=\"post\" enctype=\"multipart\/form-data\" action=\"\/pt_br\/wp-json\/wp\/v2\/pages\/799\" data-token=\"3e91915393c14969f1846af1f7bdea83\" data-token-time=\"1776883615\" data-trp-original-action=\"\/pt_br\/wp-json\/wp\/v2\/pages\/799\"><noscript class=\"wpforms-error-noscript\">Ative o JavaScript em seu navegador para preencher este formul\u00e1rio.<\/noscript><div class=\"wpforms-field-container\"><div id=\"wpforms-10645-field_0-container\" class=\"wpforms-field wpforms-field-name\" data-field-id=\"0\"><label class=\"wpforms-field-label\">Nome <span class=\"wpforms-required-label\">*<\/span><\/label><div class=\"wpforms-field-row wpforms-field-medium\"><div class=\"wpforms-field-row-block wpforms-first wpforms-one-half\"><input type=\"text\" id=\"wpforms-10645-field_0\" class=\"wpforms-field-name-first wpforms-field-required\" name=\"wpforms[fields][0][first]\" required><label for=\"wpforms-10645-field_0\" class=\"wpforms-field-sublabel after\">Nome<\/label><\/div><div class=\"wpforms-field-row-block wpforms-one-half\"><input type=\"text\" id=\"wpforms-10645-field_0-last\" class=\"wpforms-field-name-last wpforms-field-required\" name=\"wpforms[fields][0][last]\" required><label for=\"wpforms-10645-field_0-last\" class=\"wpforms-field-sublabel after\">Sobrenome<\/label><\/div><\/div><\/div><div id=\"wpforms-10645-field_1-container\" class=\"wpforms-field wpforms-field-email\" data-field-id=\"1\"><label class=\"wpforms-field-label\" for=\"wpforms-10645-field_1\">E-mail <span class=\"wpforms-required-label\">*<\/span><\/label><input type=\"email\" id=\"wpforms-10645-field_1\" class=\"wpforms-field-medium wpforms-field-required\" data-rule-restricted-email=\"1\" name=\"wpforms[fields][1]\" spellcheck=\"false\" required><\/div><div id=\"wpforms-10645-field_3-container\" class=\"wpforms-field wpforms-field-text\" data-field-id=\"3\"><label class=\"wpforms-field-label\" for=\"wpforms-10645-field_3\">Empresa <span class=\"wpforms-required-label\">*<\/span><\/label><input type=\"text\" id=\"wpforms-10645-field_3\" class=\"wpforms-field-medium wpforms-field-required\" name=\"wpforms[fields][3]\" required><\/div><div id=\"wpforms-10645-field_2-container\" class=\"wpforms-field wpforms-field-textarea\" data-field-id=\"2\"><label class=\"wpforms-field-label\" for=\"wpforms-10645-field_2\">Coment\u00e1rio ou mensagem<\/label><textarea id=\"wpforms-10645-field_2\" class=\"wpforms-field-medium\" name=\"wpforms[fields][2]\" ><\/textarea><\/div><div id=\"wpforms-10645-field_4-container\" class=\"wpforms-field wpforms-field-gdpr-checkbox\" data-field-id=\"4\"><label class=\"wpforms-field-label\">Acordo GDPR <span class=\"wpforms-required-label\">*<\/span><\/label><ul id=\"wpforms-10645-field_4\" class=\"wpforms-field-required\"><li class=\"choice-1\"><input type=\"checkbox\" id=\"wpforms-10645-field_4_1\" name=\"wpforms[fields][4][]\" value=\"I consent to having this website store my submitted information so they can respond to my inquiry.\" required><label class=\"wpforms-field-label-inline\" for=\"wpforms-10645-field_4_1\">Autorizo que este site armazene minhas informa\u00e7\u00f5es enviadas para que possam responder \u00e0 minha consulta.<\/label><\/li><\/ul><\/div><\/div><!-- .wpforms-field-container --><div class=\"wpforms-recaptcha-container wpforms-is-recaptcha wpforms-is-recaptcha-type-v3\" ><input type=\"hidden\" name=\"wpforms[recaptcha]\" value=\"\"><\/div><div class=\"wpforms-submit-container\" ><input type=\"hidden\" name=\"wpforms[id]\" value=\"10645\"><input type=\"hidden\" name=\"page_title\" value=\"\"><input type=\"hidden\" name=\"page_url\" value=\"https:\/\/www.leaplytics.de\/pt_br\/wp-json\/wp\/v2\/pages\/799\"><input type=\"hidden\" name=\"url_referer\" value=\"\"><button type=\"submit\" name=\"wpforms[submit]\" id=\"wpforms-submit-10645\" class=\"wpforms-submit\" data-alt-text=\"Sending...\" data-submit-text=\"Submit\" aria-live=\"assertive\" value=\"wpforms-submit\">Enviar<\/button><img loading=\"lazy\" decoding=\"async\" src=\"https:\/\/www.leaplytics.de\/wp-content\/plugins\/wpforms-lite\/assets\/images\/submit-spin.svg\" class=\"wpforms-submit-spinner\" style=\"display: none;\" width=\"26\" height=\"26\" alt=\"Carregando\"><\/div><input type=\"hidden\" name=\"trp-form-language\" value=\"pt_br\"\/><\/form><\/div>  <!-- .wpforms-container -->","protected":false},"excerpt":{"rendered":"<p>Dashboard Project Management Dashboard O Qlik Sense segue uma regra simples: mostrar as informa\u00e7\u00f5es corretas do projeto na agrega\u00e7\u00e3o correta para as pessoas respons\u00e1veis em um \u00fanico olhar, permitindo que elas tomem as decis\u00f5es corretas. No ambiente do projeto, h\u00e1 diferentes partes interessadas, que t\u00eam diferentes requisitos de informa\u00e7\u00f5es, cada uma com um n\u00edvel diferente de detalhes. O ... <\/p>","protected":false},"author":1,"featured_media":0,"parent":111,"menu_order":0,"comment_status":"closed","ping_status":"closed","template":"","meta":{"footnotes":""},"class_list":["post-799","page","type-page","status-publish","hentry","latest_post"],"_links":{"self":[{"href":"https:\/\/www.leaplytics.de\/pt_br\/wp-json\/wp\/v2\/pages\/799","targetHints":{"allow":["GET"]}}],"collection":[{"href":"https:\/\/www.leaplytics.de\/pt_br\/wp-json\/wp\/v2\/pages"}],"about":[{"href":"https:\/\/www.leaplytics.de\/pt_br\/wp-json\/wp\/v2\/types\/page"}],"author":[{"embeddable":true,"href":"https:\/\/www.leaplytics.de\/pt_br\/wp-json\/wp\/v2\/users\/1"}],"replies":[{"embeddable":true,"href":"https:\/\/www.leaplytics.de\/pt_br\/wp-json\/wp\/v2\/comments?post=799"}],"version-history":[{"count":3,"href":"https:\/\/www.leaplytics.de\/pt_br\/wp-json\/wp\/v2\/pages\/799\/revisions"}],"predecessor-version":[{"id":13668,"href":"https:\/\/www.leaplytics.de\/pt_br\/wp-json\/wp\/v2\/pages\/799\/revisions\/13668"}],"up":[{"embeddable":true,"href":"https:\/\/www.leaplytics.de\/pt_br\/wp-json\/wp\/v2\/pages\/111"}],"wp:attachment":[{"href":"https:\/\/www.leaplytics.de\/pt_br\/wp-json\/wp\/v2\/media?parent=799"}],"curies":[{"name":"wp","href":"https:\/\/api.w.org\/{rel}","templated":true}]}}