{"id":8873,"date":"2022-06-25T15:01:05","date_gmt":"2022-06-25T13:01:05","guid":{"rendered":"https:\/\/www.leaplytics.de\/?page_id=8873"},"modified":"2024-09-13T15:22:46","modified_gmt":"2024-09-13T13:22:46","slug":"cores-personalizadas-para-o-mapa-de-calor-de-risco-da-matriz-power-bi","status":"publish","type":"page","link":"https:\/\/www.leaplytics.de\/pt_br\/cores-personalizadas-para-o-mapa-de-calor-de-risco-da-matriz-power-bi\/","title":{"rendered":"Cores personalizadas e r\u00f3tulos de eixos"},"content":{"rendered":"<p>Deseja projetar seu mapa de calor\/matriz de risco com cores e r\u00f3tulos de eixos distintos? Nosso Designer de Layout o ajudar\u00e1 a personalizar todos os elementos necess\u00e1rios!<\/p>\n\n\n\n<div class=\"wp-block-buttons is-content-justification-center is-layout-flex wp-container-core-buttons-is-layout-1 wp-block-buttons-is-layout-flex\">\n<div class=\"wp-block-button\"><a class=\"wp-block-button__link has-text-align-center wp-element-button\" href=\"https:\/\/www.leaplytics.de\/pt_br\/custom-colors\/\">Ir para o Designer de layout<\/a><\/div>\n<\/div>","protected":false},"excerpt":{"rendered":"<p>Deseja projetar seu mapa de calor\/matriz de risco com cores e r\u00f3tulos de eixos distintos? Nosso Designer de Layout o ajudar\u00e1 a personalizar todos os elementos necess\u00e1rios!<\/p>","protected":false},"author":2,"featured_media":0,"parent":0,"menu_order":0,"comment_status":"closed","ping_status":"closed","template":"","meta":{"footnotes":""},"class_list":["post-8873","page","type-page","status-publish","hentry","latest_post"],"_links":{"self":[{"href":"https:\/\/www.leaplytics.de\/pt_br\/wp-json\/wp\/v2\/pages\/8873","targetHints":{"allow":["GET"]}}],"collection":[{"href":"https:\/\/www.leaplytics.de\/pt_br\/wp-json\/wp\/v2\/pages"}],"about":[{"href":"https:\/\/www.leaplytics.de\/pt_br\/wp-json\/wp\/v2\/types\/page"}],"author":[{"embeddable":true,"href":"https:\/\/www.leaplytics.de\/pt_br\/wp-json\/wp\/v2\/users\/2"}],"replies":[{"embeddable":true,"href":"https:\/\/www.leaplytics.de\/pt_br\/wp-json\/wp\/v2\/comments?post=8873"}],"version-history":[{"count":5,"href":"https:\/\/www.leaplytics.de\/pt_br\/wp-json\/wp\/v2\/pages\/8873\/revisions"}],"predecessor-version":[{"id":13562,"href":"https:\/\/www.leaplytics.de\/pt_br\/wp-json\/wp\/v2\/pages\/8873\/revisions\/13562"}],"wp:attachment":[{"href":"https:\/\/www.leaplytics.de\/pt_br\/wp-json\/wp\/v2\/media?parent=8873"}],"curies":[{"name":"wp","href":"https:\/\/api.w.org\/{rel}","templated":true}]}}