{"id":9298,"date":"2022-08-01T18:12:55","date_gmt":"2022-08-01T16:12:55","guid":{"rendered":"https:\/\/www.leaplytics.de\/?page_id=9298"},"modified":"2024-10-29T10:26:15","modified_gmt":"2024-10-29T09:26:15","slug":"primeiros-passos-potencia-do-semaforo-bi","status":"publish","type":"page","link":"https:\/\/www.leaplytics.de\/pt_br\/primeiros-passos-potencia-do-semaforo-bi\/","title":{"rendered":"Primeiros passos - Sem\u00e1foro"},"content":{"rendered":"<p>Voc\u00ea acabou de descobrir o visual do sem\u00e1foro no Power BI e est\u00e1 se perguntando quais s\u00e3o as pr\u00f3ximas etapas?<\/p>\n\n\n\n<p>Ent\u00e3o voc\u00ea veio ao lugar certo! Em nosso guia passo a passo, com o apoio de nossos tutoriais em v\u00eddeo, vamos orient\u00e1-lo na configura\u00e7\u00e3o e na personaliza\u00e7\u00e3o do nosso visual.<\/p>\n\n\n\n<div style=\"height:40px\" aria-hidden=\"true\" class=\"wp-block-spacer\"><\/div>\n\n\n\n<h3 class=\"wp-block-heading\">1. Fa\u00e7a o download do visual<\/h3>\n\n\n\n<figure class=\"wp-block-embed is-type-video is-provider-youtube wp-block-embed-youtube wp-embed-aspect-16-9 wp-has-aspect-ratio\"><div class=\"wp-block-embed__wrapper\">\n<iframe loading=\"lazy\" title=\"Tutorial de download - Sem\u00e1foro do LeapLytics para o Power BI\" width=\"770\" height=\"433\" src=\"https:\/\/www.youtube.com\/embed\/_u8gc4RcyO0?feature=oembed\" frameborder=\"0\" allow=\"accelerometer; autoplay; clipboard-write; encrypted-media; gyroscope; picture-in-picture; web-share\" referrerpolicy=\"strict-origin-when-cross-origin\" allowfullscreen><\/iframe>\n<\/div><figcaption class=\"wp-element-caption\">A primeira etapa \u00e9, obviamente, fazer o download do visual do Traffic Light no Microsoft AppSource. Em nosso v\u00eddeo, explicamos todo o processo de download em 1 minuto.<\/figcaption><\/figure>\n\n\n\n<div style=\"height:40px\" aria-hidden=\"true\" class=\"wp-block-spacer\"><\/div>\n\n\n\n<h3 class=\"wp-block-heading\">2. Prepare seus dados<\/h3>\n\n\n\n<div class=\"wp-block-columns is-layout-flex wp-container-core-columns-is-layout-1 wp-block-columns-is-layout-flex\">\n<div class=\"wp-block-column is-layout-flow wp-block-column-is-layout-flow\"><div class=\"wp-block-image\">\n<figure class=\"alignleft size-full is-resized\"><img loading=\"lazy\" decoding=\"async\" width=\"2285\" height=\"1538\" src=\"https:\/\/www.leaplytics.de\/wp-content\/uploads\/2024\/08\/data-preparation.png\" alt=\"\" class=\"wp-image-13550\" style=\"width:389px;height:auto\" srcset=\"https:\/\/www.leaplytics.de\/wp-content\/uploads\/2024\/08\/data-preparation.png 2285w, https:\/\/www.leaplytics.de\/wp-content\/uploads\/2024\/08\/data-preparation-300x202.png 300w, https:\/\/www.leaplytics.de\/wp-content\/uploads\/2024\/08\/data-preparation-1024x689.png 1024w, https:\/\/www.leaplytics.de\/wp-content\/uploads\/2024\/08\/data-preparation-768x517.png 768w, https:\/\/www.leaplytics.de\/wp-content\/uploads\/2024\/08\/data-preparation-1536x1034.png 1536w, https:\/\/www.leaplytics.de\/wp-content\/uploads\/2024\/08\/data-preparation-2048x1378.png 2048w, https:\/\/www.leaplytics.de\/wp-content\/uploads\/2024\/08\/data-preparation-89x60.png 89w\" sizes=\"auto, (max-width: 2285px) 100vw, 2285px\" \/><\/figure><\/div><\/div>\n\n\n\n<div class=\"wp-block-column is-layout-flow wp-block-column-is-layout-flow\">\n<p>Nosso sem\u00e1foro requer valores num\u00e9ricos, percentuais ou de tempo (por exemplo, data) para definir intervalos para cada cor de luz.<\/p>\n\n\n\n<p>Certifique-se de ajustar seus dados de interesse a um dos formatos de dados suportados.<\/p>\n<\/div>\n<\/div>\n\n\n\n<div style=\"height:40px\" aria-hidden=\"true\" class=\"wp-block-spacer\"><\/div>\n\n\n\n<h3 class=\"wp-block-heading\">3. Importa\u00e7\u00e3o de dados e licen\u00e7as<\/h3>\n\n\n\n<figure class=\"wp-block-embed is-type-video is-provider-youtube wp-block-embed-youtube wp-embed-aspect-16-9 wp-has-aspect-ratio\"><div class=\"wp-block-embed__wrapper\">\n<iframe loading=\"lazy\" title=\"Importa\u00e7\u00e3o de dados e ativa\u00e7\u00e3o de licen\u00e7a - LeapLytics Traffic Light for Power BI\" width=\"770\" height=\"433\" src=\"https:\/\/www.youtube.com\/embed\/S1HhF9H03K0?feature=oembed\" frameborder=\"0\" allow=\"accelerometer; autoplay; clipboard-write; encrypted-media; gyroscope; picture-in-picture; web-share\" referrerpolicy=\"strict-origin-when-cross-origin\" allowfullscreen><\/iframe>\n<\/div><figcaption class=\"wp-element-caption\">Depois de prepararmos nossos dados, \u00e9 hora de import\u00e1-los para o Power BI. Neste v\u00eddeo, ajudaremos voc\u00ea a importar seus dados e ativar seu c\u00f3digo de licen\u00e7a.<\/figcaption><\/figure>\n\n\n<div class=\"wp-block-image\">\n<figure class=\"alignleft size-full is-resized\"><img loading=\"lazy\" decoding=\"async\" width=\"964\" height=\"1875\" src=\"https:\/\/www.leaplytics.de\/wp-content\/uploads\/2024\/08\/datalicense.png\" alt=\"\" class=\"wp-image-13551\" style=\"width:204px;height:auto\" srcset=\"https:\/\/www.leaplytics.de\/wp-content\/uploads\/2024\/08\/datalicense.png 964w, https:\/\/www.leaplytics.de\/wp-content\/uploads\/2024\/08\/datalicense-154x300.png 154w, https:\/\/www.leaplytics.de\/wp-content\/uploads\/2024\/08\/datalicense-526x1024.png 526w, https:\/\/www.leaplytics.de\/wp-content\/uploads\/2024\/08\/datalicense-768x1494.png 768w, https:\/\/www.leaplytics.de\/wp-content\/uploads\/2024\/08\/datalicense-790x1536.png 790w, https:\/\/www.leaplytics.de\/wp-content\/uploads\/2024\/08\/datalicense-31x60.png 31w\" sizes=\"auto, (max-width: 964px) 100vw, 964px\" \/><\/figure><\/div>\n\n\n<p>Para importar seus dados, clique em \"Get data\" (Obter dados) no painel de dados e selecione sua respectiva fonte de dados, por exemplo, uma pasta de trabalho do Excel.<\/p>\n\n\n\n<p><\/p>\n\n\n\n<p>Em uma pr\u00f3xima etapa, selecione o visual na lista de visuais para adicion\u00e1-lo ao seu relat\u00f3rio do Power BI. Agora, clique em \"Format your visual\" (Formatar seu visual) em visualiza\u00e7\u00f5es e escolha a se\u00e7\u00e3o \"license\" (licen\u00e7a).<\/p>\n\n\n\n<p>Aqui voc\u00ea pode simplesmente inserir seu c\u00f3digo de licen\u00e7a por meio de CTRL + V.<\/p>\n\n\n\n<div style=\"height:40px\" aria-hidden=\"true\" class=\"wp-block-spacer\"><\/div>\n\n\n\n<h3 class=\"wp-block-heading\">4. Configura\u00e7\u00e3o visual<\/h3>\n\n\n\n<figure class=\"wp-block-embed is-type-video is-provider-youtube wp-block-embed-youtube wp-embed-aspect-16-9 wp-has-aspect-ratio\"><div class=\"wp-block-embed__wrapper\">\n<iframe loading=\"lazy\" title=\"Configura\u00e7\u00e3o visual - LeapLytics Traffic Light para Power BI\" width=\"770\" height=\"433\" src=\"https:\/\/www.youtube.com\/embed\/rY4INTDBFAA?feature=oembed\" frameborder=\"0\" allow=\"accelerometer; autoplay; clipboard-write; encrypted-media; gyroscope; picture-in-picture; web-share\" referrerpolicy=\"strict-origin-when-cross-origin\" allowfullscreen><\/iframe>\n<\/div><figcaption class=\"wp-element-caption\">Em seguida, precisamos adicionar nossos dados ao visual. Aqui, vamos orient\u00e1-lo passo a passo sobre como adicionar seus dados ao visual e como definir os intervalos de dados adequadamente.<\/figcaption><\/figure>\n\n\n\n<div class=\"wp-block-columns is-layout-flex wp-container-core-columns-is-layout-2 wp-block-columns-is-layout-flex\">\n<div class=\"wp-block-column is-layout-flow wp-block-column-is-layout-flow\" style=\"flex-basis:33.33%\"><div class=\"wp-block-image\">\n<figure class=\"alignleft size-full is-resized\"><img loading=\"lazy\" decoding=\"async\" width=\"1019\" height=\"1675\" src=\"https:\/\/www.leaplytics.de\/wp-content\/uploads\/2024\/08\/measure.png\" alt=\"\" class=\"wp-image-13554\" style=\"width:204px;height:auto\" srcset=\"https:\/\/www.leaplytics.de\/wp-content\/uploads\/2024\/08\/measure.png 1019w, https:\/\/www.leaplytics.de\/wp-content\/uploads\/2024\/08\/measure-183x300.png 183w, https:\/\/www.leaplytics.de\/wp-content\/uploads\/2024\/08\/measure-623x1024.png 623w, https:\/\/www.leaplytics.de\/wp-content\/uploads\/2024\/08\/measure-768x1262.png 768w, https:\/\/www.leaplytics.de\/wp-content\/uploads\/2024\/08\/measure-934x1536.png 934w, https:\/\/www.leaplytics.de\/wp-content\/uploads\/2024\/08\/measure-37x60.png 37w\" sizes=\"auto, (max-width: 1019px) 100vw, 1019px\" \/><\/figure><\/div><\/div>\n\n\n\n<div class=\"wp-block-column is-layout-flow wp-block-column-is-layout-flow\" style=\"flex-basis:66.66%\">\n<p>Selecione sua medida de interesse na se\u00e7\u00e3o \"Data\" clicando nela ou arrastando-a para o campo \"Measure\" (Medida) do visual.<\/p>\n\n\n\n<p><strong>Opcional: <\/strong>Ao clicar no menu suspenso, voc\u00ea pode escolher a agrega\u00e7\u00e3o certa para suas necessidades (Soma, M\u00e9dia, etc.).<\/p>\n\n\n\n<p>Ao usar formatos de tempo, \u00e9 preciso garantir que o formato seja definido de acordo com o formato da medida selecionada.<\/p>\n<\/div>\n<\/div>\n\n\n\n<div style=\"height:40px\" aria-hidden=\"true\" class=\"wp-block-spacer\"><\/div>\n\n\n\n<h3 class=\"wp-block-heading\">5. Faixas de configura\u00e7\u00e3o<\/h3>\n\n\n<div class=\"wp-block-image\">\n<figure class=\"alignleft size-full\"><img loading=\"lazy\" decoding=\"async\" width=\"185\" height=\"377\" src=\"https:\/\/www.leaplytics.de\/wp-content\/uploads\/2024\/08\/ranges.png\" alt=\"\" class=\"wp-image-13553\" srcset=\"https:\/\/www.leaplytics.de\/wp-content\/uploads\/2024\/08\/ranges.png 185w, https:\/\/www.leaplytics.de\/wp-content\/uploads\/2024\/08\/ranges-147x300.png 147w, https:\/\/www.leaplytics.de\/wp-content\/uploads\/2024\/08\/ranges-29x60.png 29w\" sizes=\"auto, (max-width: 185px) 100vw, 185px\" \/><\/figure><\/div>\n\n\n<p>Em seguida, para que o visual \"Sem\u00e1foro\" funcione corretamente, \u00e9 necess\u00e1rio definir os intervalos para a exibi\u00e7\u00e3o das cores claras. Na se\u00e7\u00e3o \"Ranges\" (Intervalos) em \"Formt your visual\" (Formar seu visual), \u00e9 poss\u00edvel definir valores m\u00ednimos e m\u00e1ximos para a cor correspondente*.<\/p>\n\n\n\n<p>Quando uma medida de data ou intervalo \u00e9 selecionada na se\u00e7\u00e3o de medidas, \u00e9 necess\u00e1rio definir os intervalos de acordo com o formato de hora selecionado na se\u00e7\u00e3o de formato de hora.<\/p>\n\n\n\n<p><em>*O m\u00ednimo amarelo e o m\u00e1ximo amarelo s\u00e3o desativados se o \"Sistema de duas luzes\" for selecionado.<\/em><\/p>\n\n\n\n<div style=\"height:40px\" aria-hidden=\"true\" class=\"wp-block-spacer\"><\/div>\n\n\n\n<h3 class=\"wp-block-heading\">6. Personalize seu design favorito<\/h3>\n\n\n\n<figure class=\"wp-block-embed is-type-video is-provider-youtube wp-block-embed-youtube wp-embed-aspect-16-9 wp-has-aspect-ratio\"><div class=\"wp-block-embed__wrapper\">\n<iframe loading=\"lazy\" title=\"Configura\u00e7\u00f5es de design personalizado - LeapLytics Traffic Light para Power BI\" width=\"770\" height=\"433\" src=\"https:\/\/www.youtube.com\/embed\/GpFtfzbQ_OE?feature=oembed\" frameborder=\"0\" allow=\"accelerometer; autoplay; clipboard-write; encrypted-media; gyroscope; picture-in-picture; web-share\" referrerpolicy=\"strict-origin-when-cross-origin\" allowfullscreen><\/iframe>\n<\/div><figcaption class=\"wp-element-caption\">Nosso visual oferece uma ampla variedade de op\u00e7\u00f5es de personaliza\u00e7\u00e3o. Confira nosso tutorial em v\u00eddeo acima para saber como personalizar o sem\u00e1foro de acordo com suas prefer\u00eancias individuais.<\/figcaption><\/figure>\n\n\n<div class=\"wp-block-image\">\n<figure class=\"alignleft size-full is-resized\"><img loading=\"lazy\" decoding=\"async\" width=\"538\" height=\"1697\" src=\"https:\/\/www.leaplytics.de\/wp-content\/uploads\/2024\/08\/formats.png\" alt=\"\" class=\"wp-image-13552\" style=\"width:198px;height:auto\" srcset=\"https:\/\/www.leaplytics.de\/wp-content\/uploads\/2024\/08\/formats.png 538w, https:\/\/www.leaplytics.de\/wp-content\/uploads\/2024\/08\/formats-95x300.png 95w, https:\/\/www.leaplytics.de\/wp-content\/uploads\/2024\/08\/formats-325x1024.png 325w, https:\/\/www.leaplytics.de\/wp-content\/uploads\/2024\/08\/formats-487x1536.png 487w, https:\/\/www.leaplytics.de\/wp-content\/uploads\/2024\/08\/formats-19x60.png 19w\" sizes=\"auto, (max-width: 538px) 100vw, 538px\" \/><\/figure><\/div>\n\n\n<p>Em uma \u00faltima etapa, podemos personalizar o visual para um design individual. Ao clicar em \"Format your visual\" (Formatar seu visual) em visualiza\u00e7\u00f5es, voc\u00ea ver\u00e1 o seguinte painel.<\/p>\n\n\n\n<p>Aqui voc\u00ea pode adaptar todas as op\u00e7\u00f5es de formata\u00e7\u00e3o escolhendo seu design favorito. <\/p>\n\n\n\n<p>As instru\u00e7\u00f5es sobre cada op\u00e7\u00e3o de formata\u00e7\u00e3o podem ser encontradas em nosso tutorial em v\u00eddeo acima.<\/p>\n\n\n\n<div style=\"height:40px\" aria-hidden=\"true\" class=\"wp-block-spacer\"><\/div>\n\n\n\n<p>Perfeito, agora voc\u00ea est\u00e1 pronto para usar nosso sem\u00e1foro e aprimorar seus relat\u00f3rios!<\/p>\n\n\n\n<div style=\"height:40px\" aria-hidden=\"true\" class=\"wp-block-spacer\"><\/div>\n\n\n\n<div class=\"wp-block-buttons is-layout-flex wp-block-buttons-is-layout-flex\">\n<div class=\"wp-block-button\"><a class=\"wp-block-button__link has-background wp-element-button\" href=\"https:\/\/www.leaplytics.de\/pt_br\/pagina-inicial\/gerenciamento-de-projetos-visuais-personalizados-microsoft-powerbi\/visual-personalizado-de-mapa-de-calor-de-risco-para-power-bi\/\" style=\"background-color:#44546a\">Deseja aumentar ainda mais o n\u00edvel de seus relat\u00f3rios? Confira nossa Matriz de Risco para o Power BI!<\/a><\/div>\n<\/div>","protected":false},"excerpt":{"rendered":"<p>Voc\u00ea acabou de descobrir o visual do sem\u00e1foro no Power BI e est\u00e1 se perguntando quais s\u00e3o as pr\u00f3ximas etapas? Ent\u00e3o voc\u00ea veio ao lugar certo! Em nosso guia passo a passo, com o apoio de nossos tutoriais em v\u00eddeo, vamos orient\u00e1-lo na configura\u00e7\u00e3o e na personaliza\u00e7\u00e3o do nosso visual. 1. Fa\u00e7a o download do visual 2. Prepare ... <\/p>","protected":false},"author":2,"featured_media":0,"parent":0,"menu_order":0,"comment_status":"closed","ping_status":"closed","template":"","meta":{"footnotes":""},"class_list":["post-9298","page","type-page","status-publish","hentry","latest_post"],"_links":{"self":[{"href":"https:\/\/www.leaplytics.de\/pt_br\/wp-json\/wp\/v2\/pages\/9298","targetHints":{"allow":["GET"]}}],"collection":[{"href":"https:\/\/www.leaplytics.de\/pt_br\/wp-json\/wp\/v2\/pages"}],"about":[{"href":"https:\/\/www.leaplytics.de\/pt_br\/wp-json\/wp\/v2\/types\/page"}],"author":[{"embeddable":true,"href":"https:\/\/www.leaplytics.de\/pt_br\/wp-json\/wp\/v2\/users\/2"}],"replies":[{"embeddable":true,"href":"https:\/\/www.leaplytics.de\/pt_br\/wp-json\/wp\/v2\/comments?post=9298"}],"version-history":[{"count":11,"href":"https:\/\/www.leaplytics.de\/pt_br\/wp-json\/wp\/v2\/pages\/9298\/revisions"}],"predecessor-version":[{"id":13635,"href":"https:\/\/www.leaplytics.de\/pt_br\/wp-json\/wp\/v2\/pages\/9298\/revisions\/13635"}],"wp:attachment":[{"href":"https:\/\/www.leaplytics.de\/pt_br\/wp-json\/wp\/v2\/media?parent=9298"}],"curies":[{"name":"wp","href":"https:\/\/api.w.org\/{rel}","templated":true}]}}