{"id":11629,"date":"2023-05-12T23:15:22","date_gmt":"2023-05-12T21:15:22","guid":{"rendered":"https:\/\/www.leaplytics.de\/?page_id=11629"},"modified":"2024-04-12T21:40:36","modified_gmt":"2024-04-12T19:40:36","slug":"program-de-parteneriat","status":"publish","type":"page","link":"https:\/\/www.leaplytics.de\/ro\/program-de-parteneriat\/","title":{"rendered":"Program pentru parteneri"},"content":{"rendered":"<h4 class=\"wp-block-heading\">Programul nostru de parteneriat\/ rev\u00e2nzare<\/h4>\n\n\n\n<p>Deveni\u021bi un partener LeapLytics. Distribui\u021bi licen\u021be pe cont propriu pentru a le oferi clien\u021bilor dvs. un singur punct de contact cu solu\u021bii BI de top. Oferim reduceri \u0219i comisioane relevante dac\u0103 distribui\u021bi \u0219i\/sau vinde\u021bi licen\u021bele pe cont propriu sau prin canalele noastre de distribu\u021bie. \u00cen plus, vi se permite, de asemenea, s\u0103 include\u021bi produsele noastre \u00een oferta dvs. de servicii ca op\u021biune de rev\u00e2nzare.<\/p>\n\n\n<div class=\"wp-block-image\">\n<figure class=\"aligncenter size-large\"><img loading=\"lazy\" decoding=\"async\" width=\"1024\" height=\"683\" src=\"https:\/\/www.leaplytics.de\/wp-content\/uploads\/2020\/10\/scott-graham-OQMZwNd3ThU-unsplash-1024x683.jpg\" alt=\"\" class=\"wp-image-253\" srcset=\"https:\/\/www.leaplytics.de\/wp-content\/uploads\/2020\/10\/scott-graham-OQMZwNd3ThU-unsplash-1024x683.jpg 1024w, https:\/\/www.leaplytics.de\/wp-content\/uploads\/2020\/10\/scott-graham-OQMZwNd3ThU-unsplash-scaled-600x401.jpg 600w, https:\/\/www.leaplytics.de\/wp-content\/uploads\/2020\/10\/scott-graham-OQMZwNd3ThU-unsplash-300x200.jpg 300w, https:\/\/www.leaplytics.de\/wp-content\/uploads\/2020\/10\/scott-graham-OQMZwNd3ThU-unsplash-768x513.jpg 768w, https:\/\/www.leaplytics.de\/wp-content\/uploads\/2020\/10\/scott-graham-OQMZwNd3ThU-unsplash-1536x1025.jpg 1536w, https:\/\/www.leaplytics.de\/wp-content\/uploads\/2020\/10\/scott-graham-OQMZwNd3ThU-unsplash-2048x1367.jpg 2048w, https:\/\/www.leaplytics.de\/wp-content\/uploads\/2020\/10\/scott-graham-OQMZwNd3ThU-unsplash-90x60.jpg 90w\" sizes=\"auto, (max-width: 1024px) 100vw, 1024px\" \/><\/figure><\/div>\n\n\n<div style=\"height:19px\" aria-hidden=\"true\" class=\"wp-block-spacer\"><\/div>\n\n\n\n<p>\u00cen calitate de partener, beneficia\u021bi de cele mai recente informa\u021bii despre lans\u0103ri, precum \u0219i de informa\u021bii aprofundate despre linia de dezvoltare. \u00cen acest fel, sunte\u021bi \u00eenaintea pie\u021bei \u0219i pute\u021bi oferi servicii excep\u021bionale clien\u021bilor dumneavoastr\u0103. \u00cen plus, ave\u021bi posibilitatea de a participa activ la procesul nostru de dezvoltare pentru a modela viitorul vizualurilor.<\/p>\n\n\n\n<h4 class=\"wp-block-heading\">Sunte\u021bi gata s\u0103 v\u0103 asocia\u021bi cu noi?<\/h4>\n\n\n\n<p>\u00censcrie\u021bi-v\u0103 acum \u00een programul nostru de parteneriat\/ rev\u00e2nzare complet\u00e2nd formularul de mai jos. V\u0103 vom contacta pentru a discuta despre ofert\u0103 \u0219i beneficiile dumneavoastr\u0103. Suntem ner\u0103bd\u0103tori s\u0103 afl\u0103m mai multe despre afacerea dvs. \u0219i s\u0103 explor\u0103m posibilit\u0103\u021bile interesante ale unui parteneriat de succes!<\/p>\n\n\n<div class=\"wpforms-container wpforms-container-full\" id=\"wpforms-11630\"><form id=\"wpforms-form-11630\" class=\"wpforms-validate wpforms-form wpforms-ajax-form\" data-formid=\"11630\" method=\"post\" enctype=\"multipart\/form-data\" action=\"\/ro\/wp-json\/wp\/v2\/pages\/11629\" data-token=\"83a2090e9e48df855c215049ad37212a\" data-token-time=\"1777616004\" data-trp-original-action=\"\/ro\/wp-json\/wp\/v2\/pages\/11629\"><div class=\"wpforms-head-container\"><div class=\"wpforms-title\">Cerere de parteneriat<\/div><\/div><noscript class=\"wpforms-error-noscript\">V\u0103 rug\u0103m s\u0103 activa\u021bi JavaScript \u00een browserul dvs. pentru a completa acest formular.<\/noscript><div class=\"wpforms-field-container\"><div id=\"wpforms-11630-field_0-container\" class=\"wpforms-field wpforms-field-name\" data-field-id=\"0\"><label class=\"wpforms-field-label\">Nume \u0219i prenume <span class=\"wpforms-required-label\">*<\/span><\/label><div class=\"wpforms-field-row wpforms-field-medium\"><div class=\"wpforms-field-row-block wpforms-first wpforms-one-half\"><input type=\"text\" id=\"wpforms-11630-field_0\" class=\"wpforms-field-name-first wpforms-field-required\" name=\"wpforms[fields][0][first]\" required><label for=\"wpforms-11630-field_0\" class=\"wpforms-field-sublabel after\">\u00cen primul r\u00e2nd<\/label><\/div><div class=\"wpforms-field-row-block wpforms-one-half\"><input type=\"text\" id=\"wpforms-11630-field_0-last\" class=\"wpforms-field-name-last wpforms-field-required\" name=\"wpforms[fields][0][last]\" required><label for=\"wpforms-11630-field_0-last\" class=\"wpforms-field-sublabel after\">Ultimele<\/label><\/div><\/div><\/div><div id=\"wpforms-11630-field_1-container\" class=\"wpforms-field wpforms-field-email\" data-field-id=\"1\"><label class=\"wpforms-field-label\" for=\"wpforms-11630-field_1\">E-mail <span class=\"wpforms-required-label\">*<\/span><\/label><input type=\"email\" id=\"wpforms-11630-field_1\" class=\"wpforms-field-medium wpforms-field-required\" data-rule-restricted-email=\"1\" name=\"wpforms[fields][1]\" spellcheck=\"false\" required><\/div><div id=\"wpforms-11630-field_4-container\" class=\"wpforms-field wpforms-field-text\" data-field-id=\"4\"><label class=\"wpforms-field-label\" for=\"wpforms-11630-field_4\">Compania <span class=\"wpforms-required-label\">*<\/span><\/label><input type=\"text\" id=\"wpforms-11630-field_4\" class=\"wpforms-field-medium wpforms-field-required\" name=\"wpforms[fields][4]\" required><\/div><div id=\"wpforms-11630-field_3-container\" class=\"wpforms-field wpforms-field-gdpr-checkbox\" data-field-id=\"3\"><label class=\"wpforms-field-label\">Acordul GDPR <span class=\"wpforms-required-label\">*<\/span><\/label><ul id=\"wpforms-11630-field_3\" class=\"wpforms-field-required\"><li class=\"choice-1\"><input type=\"checkbox\" id=\"wpforms-11630-field_3_1\" name=\"wpforms[fields][3][]\" value=\"I consent to having this website store my submitted information so they can respond to my inquiry.\" required><label class=\"wpforms-field-label-inline\" for=\"wpforms-11630-field_3_1\">Sunt de acord ca acest site web s\u0103 stocheze informa\u021biile trimise de mine pentru a putea r\u0103spunde la solicitarea mea.<\/label><\/li><\/ul><\/div><\/div><!-- .wpforms-field-container --><div class=\"wpforms-recaptcha-container wpforms-is-recaptcha wpforms-is-recaptcha-type-v3\" ><input type=\"hidden\" name=\"wpforms[recaptcha]\" value=\"\"><\/div><div class=\"wpforms-submit-container\" ><input type=\"hidden\" name=\"wpforms[id]\" value=\"11630\"><input type=\"hidden\" name=\"page_title\" value=\"\"><input type=\"hidden\" name=\"page_url\" value=\"https:\/\/www.leaplytics.de\/ro\/wp-json\/wp\/v2\/pages\/11629\"><input type=\"hidden\" name=\"url_referer\" value=\"\"><button type=\"submit\" name=\"wpforms[submit]\" id=\"wpforms-submit-11630\" class=\"wpforms-submit\" data-alt-text=\"Sending...\" data-submit-text=\"Submit\" aria-live=\"assertive\" value=\"wpforms-submit\">Trimite<\/button><img loading=\"lazy\" decoding=\"async\" src=\"https:\/\/www.leaplytics.de\/wp-content\/plugins\/wpforms-lite\/assets\/images\/submit-spin.svg\" class=\"wpforms-submit-spinner\" style=\"display: none;\" width=\"26\" height=\"26\" alt=\"\u00cenc\u0103rcare\"><\/div><input type=\"hidden\" name=\"trp-form-language\" value=\"ro\"\/><\/form><\/div>  <!-- .wpforms-container -->","protected":false},"excerpt":{"rendered":"<p>Programul nostru de parteneriat\/ rev\u00e2nzare Deveni\u021bi partener LeapLytics. Distribui\u021bi licen\u021be pe cont propriu pentru a le oferi clien\u021bilor dvs. un singur punct de contact cu solu\u021bii BI de top. Oferim reduceri \u0219i comisioane relevante dac\u0103 distribui\u021bi \u0219i\/sau vinde\u021bi licen\u021bele pe cont propriu sau prin canalele noastre de distribu\u021bie. \u00cen plus, vi se permite ... <\/p>","protected":false},"author":2,"featured_media":0,"parent":0,"menu_order":0,"comment_status":"closed","ping_status":"closed","template":"","meta":{"footnotes":""},"class_list":["post-11629","page","type-page","status-publish","hentry","latest_post"],"_links":{"self":[{"href":"https:\/\/www.leaplytics.de\/ro\/wp-json\/wp\/v2\/pages\/11629","targetHints":{"allow":["GET"]}}],"collection":[{"href":"https:\/\/www.leaplytics.de\/ro\/wp-json\/wp\/v2\/pages"}],"about":[{"href":"https:\/\/www.leaplytics.de\/ro\/wp-json\/wp\/v2\/types\/page"}],"author":[{"embeddable":true,"href":"https:\/\/www.leaplytics.de\/ro\/wp-json\/wp\/v2\/users\/2"}],"replies":[{"embeddable":true,"href":"https:\/\/www.leaplytics.de\/ro\/wp-json\/wp\/v2\/comments?post=11629"}],"version-history":[{"count":5,"href":"https:\/\/www.leaplytics.de\/ro\/wp-json\/wp\/v2\/pages\/11629\/revisions"}],"predecessor-version":[{"id":13369,"href":"https:\/\/www.leaplytics.de\/ro\/wp-json\/wp\/v2\/pages\/11629\/revisions\/13369"}],"wp:attachment":[{"href":"https:\/\/www.leaplytics.de\/ro\/wp-json\/wp\/v2\/media?parent=11629"}],"curies":[{"name":"wp","href":"https:\/\/api.w.org\/{rel}","templated":true}]}}