{"id":11871,"date":"2023-06-17T21:49:52","date_gmt":"2023-06-17T19:49:52","guid":{"rendered":"https:\/\/www.leaplytics.de\/?page_id=11871"},"modified":"2023-11-03T11:27:35","modified_gmt":"2023-11-03T10:27:35","slug":"inceput-vizualizator-markdown-power-bi","status":"publish","type":"page","link":"https:\/\/www.leaplytics.de\/ro\/inceput-vizualizator-markdown-power-bi\/","title":{"rendered":"No\u021biuni introductive - Markdown Viewer"},"content":{"rendered":"<p>Dup\u0103 ce a\u021bi \u00eenc\u0103rcat vizualizarea noastr\u0103, cu siguran\u021b\u0103 v\u0103 \u00eentreba\u021bi ce s\u0103 face\u021bi acum. Este ceea ce v\u0103 vom explica \u00een acest tutorial.<\/p>\n\n\n\n<h3 class=\"wp-block-heading\">1. Trage\u021bi Visual pe foaia de lucru<\/h3>\n\n\n<div class=\"wp-block-image\">\n<figure class=\"alignleft size-full\"><img loading=\"lazy\" decoding=\"async\" width=\"281\" height=\"350\" src=\"https:\/\/www.leaplytics.de\/wp-content\/uploads\/2023\/11\/md.png\" alt=\"\" class=\"wp-image-12805\" srcset=\"https:\/\/www.leaplytics.de\/wp-content\/uploads\/2023\/11\/md.png 281w, https:\/\/www.leaplytics.de\/wp-content\/uploads\/2023\/11\/md-241x300.png 241w, https:\/\/www.leaplytics.de\/wp-content\/uploads\/2023\/11\/md-48x60.png 48w\" sizes=\"auto, (max-width: 281px) 100vw, 281px\" \/><\/figure><\/div>\n\n\n<div class=\"wp-block-columns is-layout-flex wp-container-core-columns-is-layout-1 wp-block-columns-is-layout-flex\">\n<div class=\"wp-block-column is-layout-flow wp-block-column-is-layout-flow\" style=\"flex-basis:66.66%\">\n<p>Deschide\u021bi Microsoft Power BI \u0219i raportul sau foaia de lucru relevant\u0103, \u00een care dori\u021bi s\u0103 utiliza\u021bi vizualizarea \"Markdown Viewer\". Deschide\u021bi foaia de lucru \u00een modul editare \u0219i ve\u021bi g\u0103si vizualul \"Markdown Viewer\", precum \u0219i toate celelalte produse LeapLytics achizi\u021bionate, \u00een sec\u021biunea \"Vizualiz\u0103ri\". Face\u021bi clic pe vizualizare pentru a o plasa pe foaia de lucru (<em>Pute\u021bi modifica aspectul vizual ulterior prin intermediul panoului \"Format\"<\/em>).<\/p>\n<\/div>\n<\/div>\n\n\n\n<div style=\"height:16px\" aria-hidden=\"true\" class=\"wp-block-spacer\"><\/div>\n\n\n\n<h3 class=\"wp-block-heading\">2. Panou de proprietate<\/h3>\n\n\n<div class=\"wp-block-image\">\n<figure class=\"alignleft size-full\"><img loading=\"lazy\" decoding=\"async\" width=\"187\" height=\"411\" src=\"https:\/\/www.leaplytics.de\/wp-content\/uploads\/2023\/11\/md2.png\" alt=\"\" class=\"wp-image-12806\" srcset=\"https:\/\/www.leaplytics.de\/wp-content\/uploads\/2023\/11\/md2.png 187w, https:\/\/www.leaplytics.de\/wp-content\/uploads\/2023\/11\/md2-136x300.png 136w, https:\/\/www.leaplytics.de\/wp-content\/uploads\/2023\/11\/md2-27x60.png 27w\" sizes=\"auto, (max-width: 187px) 100vw, 187px\" \/><\/figure><\/div>\n\n\n<div class=\"wp-block-columns is-layout-flex wp-container-core-columns-is-layout-2 wp-block-columns-is-layout-flex\">\n<div class=\"wp-block-column is-layout-flow wp-block-column-is-layout-flow\" style=\"flex-basis:33.33%\">\n<p>Dup\u0103 ce a\u021bi plasat una sau mai multe instan\u021be ale vizualului pe tabloul de bord, panoul de propriet\u0103\u021bi va ap\u0103rea \u00een partea dreapt\u0103. Panoul de propriet\u0103\u021bi este separat \u00een sec\u021biunile \"Fields\", \"Format\" \u0219i \"Analytics\".<\/p>\n\n\n\n<p>\u00cen capitolele urm\u0103toare, ve\u021bi \u00eenv\u0103\u021ba cum s\u0103 utiliza\u021bi vizualul LeapLytics \"Markdown Viewer\" \u0219i cum s\u0103 \u00eel personaliza\u021bi \u00een func\u021bie de nevoile dvs. prin utilizarea corect\u0103 a propriet\u0103\u021bilor.<\/p>\n<\/div>\n<\/div>\n\n\n\n<div style=\"height:16px\" aria-hidden=\"true\" class=\"wp-block-spacer\"><\/div>\n\n\n\n<h3 class=\"wp-block-heading\">3. Ad\u0103uga\u021bi m\u0103sura<\/h3>\n\n\n<div class=\"wp-block-image\">\n<figure class=\"alignleft size-full\"><img loading=\"lazy\" decoding=\"async\" width=\"364\" height=\"409\" src=\"https:\/\/www.leaplytics.de\/wp-content\/uploads\/2023\/11\/md3.png\" alt=\"\" class=\"wp-image-12807\" srcset=\"https:\/\/www.leaplytics.de\/wp-content\/uploads\/2023\/11\/md3.png 364w, https:\/\/www.leaplytics.de\/wp-content\/uploads\/2023\/11\/md3-267x300.png 267w, https:\/\/www.leaplytics.de\/wp-content\/uploads\/2023\/11\/md3-53x60.png 53w\" sizes=\"auto, (max-width: 364px) 100vw, 364px\" \/><\/figure><\/div>\n\n\n<div class=\"wp-block-columns is-layout-flex wp-container-core-columns-is-layout-3 wp-block-columns-is-layout-flex\">\n<div class=\"wp-block-column is-layout-flow wp-block-column-is-layout-flow\" style=\"flex-basis:66.66%\">\n<p>Selecta\u021bi o dimensiune din sec\u021biunea \"Date\" f\u0103c\u00e2nd clic pe aceasta sau glis\u00e2nd-o \u00een c\u00e2mpul \"Date\" al vizualiz\u0103rii.<\/p>\n\n\n\n<p><strong>Atunci c\u00e2nd utiliza\u021bi vizualizatorul nostru Markdown, trebuie s\u0103 v\u0103 asigura\u021bi c\u0103 datele unei dimensiuni sunt \u00een format Markdown.<\/strong><\/p>\n<\/div>\n<\/div>\n\n\n\n<div style=\"height:16px\" aria-hidden=\"true\" class=\"wp-block-spacer\"><\/div>\n\n\n\n<h3 class=\"wp-block-heading\">4. Rezultat<\/h3>\n\n\n\n<figure class=\"wp-block-image size-large\"><img loading=\"lazy\" decoding=\"async\" width=\"1024\" height=\"407\" src=\"https:\/\/www.leaplytics.de\/wp-content\/uploads\/2023\/11\/grafik-2-1024x407.png\" alt=\"\" class=\"wp-image-12810\" srcset=\"https:\/\/www.leaplytics.de\/wp-content\/uploads\/2023\/11\/grafik-2-1024x407.png 1024w, https:\/\/www.leaplytics.de\/wp-content\/uploads\/2023\/11\/grafik-2-300x119.png 300w, https:\/\/www.leaplytics.de\/wp-content\/uploads\/2023\/11\/grafik-2-768x305.png 768w, https:\/\/www.leaplytics.de\/wp-content\/uploads\/2023\/11\/grafik-2-1536x610.png 1536w, https:\/\/www.leaplytics.de\/wp-content\/uploads\/2023\/11\/grafik-2-151x60.png 151w, https:\/\/www.leaplytics.de\/wp-content\/uploads\/2023\/11\/grafik-2.png 1880w\" sizes=\"auto, (max-width: 1024px) 100vw, 1024px\" \/><\/figure>","protected":false},"excerpt":{"rendered":"<p>Dup\u0103 ce a\u021bi \u00eenc\u0103rcat vizualizarea noastr\u0103, cu siguran\u021b\u0103 v\u0103 \u00eentreba\u021bi ce s\u0103 face\u021bi acum. Este ceea ce v\u0103 vom explica \u00een acest tutorial. 1. Trage\u021bi vizualizarea pe foaia de lucru Deschide\u021bi Microsoft Power BI \u0219i raportul sau foaia de lucru relevant\u0103, unde dori\u021bi s\u0103 utiliza\u021bi vizualizarea \"Markdown Viewer\". Deschide\u021bi foaia de lucru \u00een ... <\/p>","protected":false},"author":2,"featured_media":0,"parent":0,"menu_order":0,"comment_status":"closed","ping_status":"closed","template":"","meta":{"footnotes":""},"class_list":["post-11871","page","type-page","status-publish","hentry","latest_post"],"_links":{"self":[{"href":"https:\/\/www.leaplytics.de\/ro\/wp-json\/wp\/v2\/pages\/11871","targetHints":{"allow":["GET"]}}],"collection":[{"href":"https:\/\/www.leaplytics.de\/ro\/wp-json\/wp\/v2\/pages"}],"about":[{"href":"https:\/\/www.leaplytics.de\/ro\/wp-json\/wp\/v2\/types\/page"}],"author":[{"embeddable":true,"href":"https:\/\/www.leaplytics.de\/ro\/wp-json\/wp\/v2\/users\/2"}],"replies":[{"embeddable":true,"href":"https:\/\/www.leaplytics.de\/ro\/wp-json\/wp\/v2\/comments?post=11871"}],"version-history":[{"count":0,"href":"https:\/\/www.leaplytics.de\/ro\/wp-json\/wp\/v2\/pages\/11871\/revisions"}],"wp:attachment":[{"href":"https:\/\/www.leaplytics.de\/ro\/wp-json\/wp\/v2\/media?parent=11871"}],"curies":[{"name":"wp","href":"https:\/\/api.w.org\/{rel}","templated":true}]}}