{"id":11926,"date":"2023-07-18T10:22:34","date_gmt":"2023-07-18T08:22:34","guid":{"rendered":"https:\/\/www.leaplytics.de\/?page_id=11926"},"modified":"2024-10-29T12:39:50","modified_gmt":"2024-10-29T11:39:50","slug":"vizualizator-markdown-vizual-pentru-power-bi","status":"publish","type":"page","link":"https:\/\/www.leaplytics.de\/ro\/vizualizator-markdown-vizual-pentru-power-bi\/","title":{"rendered":"Vizual Markdown Viewer pentru Power BI"},"content":{"rendered":"<p>V\u0103 prezent\u0103m vizualizarea personalizat\u0103 Markdown-to-HTML pentru Power BI: spune\u021bi povestea datelor dvs. cu un editor de text cu drepturi depline \u00een tabloul dvs. de bord pentru date! Ridica\u021bi informa\u021biile relevante prin intermediul textului formatat \u00een experien\u021ba dvs. de vizualizare a datelor!<\/p>\n\n\n\n<p>Suntem \u00eenc\u00e2nta\u021bi s\u0103 v\u0103 prezent\u0103m o solu\u021bie revolu\u021bionar\u0103 care le permite utilizatorilor Power BI s\u0103 integreze f\u0103r\u0103 probleme text frumos formatat \u00een rapoartele \u0219i tablourile lor de bord.<\/p>\n\n\n\n<h3 class=\"wp-block-heading has-text-align-left\">Beneficii<\/h3>\n\n\n\n<h5 class=\"wp-block-heading\">Dezl\u0103n\u021bui\u021bi puterea Markdown<\/h5>\n\n\n\n<p>Limbajul de marcare adoptat pe scar\u0103 larg\u0103, cu capabilit\u0103\u021bi simple \u0219i expresive de formatare a textului, v\u0103 permite s\u0103 crea\u021bi titluri, liste, linkuri \u0219i alte elemente de text formatate chiar l\u00e2ng\u0103 vizualiz\u0103rile de date!<\/p>\n\n\n\n<h5 class=\"wp-block-heading\">Crea\u021bi nara\u021biuni vizuale conving\u0103toare<\/h5>\n\n\n\n<p>Vizualizarea personalizat\u0103 Markdown-to-HTML v\u0103 permite s\u0103 crea\u021bi nara\u021biuni captivante \u00een povestea datelor dvs. prin \u00eembinarea perfect\u0103 a textului bogat formatat cu vizualiz\u0103rile dvs. Pute\u021bi oferi explica\u021bii detaliate, perspective \u0219i documente justificative chiar l\u00e2ng\u0103 datele dvs., sporind claritatea \u0219i impactul mesajului dvs.<\/p>\n\n\n\n<h5 class=\"wp-block-heading\">Integrare ra\u021bionalizat\u0103<\/h5>\n\n\n\n<p>Vizualul nostru personalizat se integreaz\u0103 perfect \u00een mediul Power BI, asigur\u00e2nd o experien\u021b\u0103 u\u0219or de utilizat. Pur \u0219i simplu introduce\u021bi codul Markdown sau conecta\u021bi-v\u0103 la o surs\u0103 de date care con\u021bine con\u021binut Markdown, iar imaginea noastr\u0103 se ocup\u0103 de restul.<\/p>\n\n\n\n<h5 class=\"wp-block-heading\">Personaliza\u021bi pentru a v\u0103 potrivi stilul<\/h5>\n\n\n\n<p>Vizualul nostru personalizat Markdown-to-HTML ofer\u0103 op\u021biuni extinse de personalizare pentru a integra identitatea dvs. unic\u0103 de marc\u0103. Personaliza\u021bi aspectul vizual, cum ar fi fonturile, culorile \u0219i fundalurile, pentru a se alinia cu brandingul sau tema raportului dvs. pentru a prezenta \u00een mod coerent \u0219i profesional identitatea organiza\u021biei dvs.<\/p>\n\n\n\n<h5 class=\"wp-block-heading\">Promovarea colabor\u0103rii \u0219i a schimbului de cuno\u0219tin\u021be<\/h5>\n\n\n\n<p>Promova\u021bi colaborarea, schimbul de cuno\u0219tin\u021be \u0219i fluxurile de lucru simplificate \u00een cadrul organiza\u021biei dvs. cu acest format popular pentru colaborare \u0219i schimbul de cuno\u0219tin\u021be.<\/p>\n\n\n\n<p>Ridica\u021bi-v\u0103 nivelul de vizualizare a datelor cu programul nostru Markdown-to-HTML Custom Visual pentru Power BI. Prezenta\u021bi-v\u0103 cuno\u0219tin\u021bele \u0219i analizele \u00eentr-o manier\u0103 vizual\u0103 uimitoare \u0219i atractiv\u0103, care s\u0103 v\u0103 captiveze audien\u021ba. Indiferent dac\u0103 sunte\u021bi analist de date, profesionist \u00een afaceri sau executiv, acest vizual este conceput pentru a v\u0103 ajuta s\u0103 comunica\u021bi idei complexe f\u0103r\u0103 efort \u0219i s\u0103 ave\u021bi un impact de durat\u0103.<\/p>\n\n\n\n<p>Sunte\u021bi gata s\u0103 v\u0103 transforma\u021bi rapoartele \u0219i tablourile de bord Power BI? Desc\u0103rca\u021bi ast\u0103zi programul nostru Markdown-to-HTML Custom Visual \u0219i debloca\u021bi o lume de posibilit\u0103\u021bi dinamice de formatare a textului.<\/p>\n\n\n\n<p><em>\u00cemputernici\u021bi-v\u0103 prezent\u0103rile de date cu combina\u021bia perfect\u0103 de estetic\u0103 vizual\u0103 \u0219i con\u021binut informativ. Experimenta\u021bi viitorul povestirii datelor cu Markdown \u0219i Power BI.<\/em><\/p>\n\n\n\n<p><\/p>\n\n\n\n<h3 class=\"wp-block-heading\">Solicita\u021bi licen\u021ba dvs. de \u00eencercare<\/h3>\n\n\n<div class=\"wpforms-container wpforms-container-full\" id=\"wpforms-11888\"><form id=\"wpforms-form-11888\" class=\"wpforms-validate wpforms-form wpforms-ajax-form\" data-formid=\"11888\" method=\"post\" enctype=\"multipart\/form-data\" action=\"\/ro\/wp-json\/wp\/v2\/pages\/11926\" data-token=\"a7b6840c56f0e27e58a8eb6487a5a9ac\" data-token-time=\"1775827476\" data-trp-original-action=\"\/ro\/wp-json\/wp\/v2\/pages\/11926\"><noscript class=\"wpforms-error-noscript\">V\u0103 rug\u0103m s\u0103 activa\u021bi JavaScript \u00een browserul dvs. pentru a completa acest formular.<\/noscript><div class=\"wpforms-field-container\"><div id=\"wpforms-11888-field_0-container\" class=\"wpforms-field wpforms-field-name\" data-field-id=\"0\"><label class=\"wpforms-field-label\">Nume \u0219i prenume <span class=\"wpforms-required-label\">*<\/span><\/label><div class=\"wpforms-field-row wpforms-field-medium\"><div class=\"wpforms-field-row-block wpforms-first wpforms-one-half\"><input type=\"text\" id=\"wpforms-11888-field_0\" class=\"wpforms-field-name-first wpforms-field-required\" name=\"wpforms[fields][0][first]\" required><label for=\"wpforms-11888-field_0\" class=\"wpforms-field-sublabel after\">\u00cen primul r\u00e2nd<\/label><\/div><div class=\"wpforms-field-row-block wpforms-one-half\"><input type=\"text\" id=\"wpforms-11888-field_0-last\" class=\"wpforms-field-name-last wpforms-field-required\" name=\"wpforms[fields][0][last]\" required><label for=\"wpforms-11888-field_0-last\" class=\"wpforms-field-sublabel after\">Ultimele<\/label><\/div><\/div><\/div><div id=\"wpforms-11888-field_1-container\" class=\"wpforms-field wpforms-field-email\" data-field-id=\"1\"><label class=\"wpforms-field-label\" for=\"wpforms-11888-field_1\">Email de afaceri <span class=\"wpforms-required-label\">*<\/span><\/label><input type=\"email\" id=\"wpforms-11888-field_1\" class=\"wpforms-field-medium wpforms-field-required\" data-rule-restricted-email=\"1\" name=\"wpforms[fields][1]\" spellcheck=\"false\" required><\/div><div id=\"wpforms-11888-field_4-container\" class=\"wpforms-field wpforms-field-text\" data-field-id=\"4\"><label class=\"wpforms-field-label\" for=\"wpforms-11888-field_4\">Compania <span class=\"wpforms-required-label\">*<\/span><\/label><input type=\"text\" id=\"wpforms-11888-field_4\" class=\"wpforms-field-medium wpforms-field-required\" name=\"wpforms[fields][4]\" required><\/div><div id=\"wpforms-11888-field_3-container\" class=\"wpforms-field wpforms-field-gdpr-checkbox\" data-field-id=\"3\"><label class=\"wpforms-field-label\">Acordul GDPR <span class=\"wpforms-required-label\">*<\/span><\/label><ul id=\"wpforms-11888-field_3\" class=\"wpforms-field-required\"><li class=\"choice-1\"><input type=\"checkbox\" id=\"wpforms-11888-field_3_1\" name=\"wpforms[fields][3][]\" value=\"I consent to having this website store my submitted information so they can respond to my inquiry.\" required><label class=\"wpforms-field-label-inline\" for=\"wpforms-11888-field_3_1\">Sunt de acord ca acest site web s\u0103 stocheze informa\u021biile trimise de mine pentru a putea r\u0103spunde la solicitarea mea.<\/label><\/li><\/ul><\/div><\/div><!-- .wpforms-field-container --><div class=\"wpforms-recaptcha-container wpforms-is-recaptcha wpforms-is-recaptcha-type-v3\" ><input type=\"hidden\" name=\"wpforms[recaptcha]\" value=\"\"><\/div><div class=\"wpforms-submit-container\" ><input type=\"hidden\" name=\"wpforms[id]\" value=\"11888\"><input type=\"hidden\" name=\"page_title\" value=\"\"><input type=\"hidden\" name=\"page_url\" value=\"https:\/\/www.leaplytics.de\/ro\/wp-json\/wp\/v2\/pages\/11926\"><input type=\"hidden\" name=\"url_referer\" value=\"\"><button type=\"submit\" name=\"wpforms[submit]\" id=\"wpforms-submit-11888\" class=\"wpforms-submit\" data-alt-text=\"Sending...\" data-submit-text=\"Submit\" aria-live=\"assertive\" value=\"wpforms-submit\">Trimite<\/button><img loading=\"lazy\" decoding=\"async\" src=\"https:\/\/www.leaplytics.de\/wp-content\/plugins\/wpforms-lite\/assets\/images\/submit-spin.svg\" class=\"wpforms-submit-spinner\" style=\"display: none;\" width=\"26\" height=\"26\" alt=\"\u00cenc\u0103rcare\"><\/div><input type=\"hidden\" name=\"trp-form-language\" value=\"ro\"\/><\/form><\/div>  <!-- .wpforms-container -->\n\n\n\n<div style=\"height:50px\" aria-hidden=\"true\" class=\"wp-block-spacer\"><\/div>\n\n\n\n<h3 class=\"wp-block-heading has-text-align-left\" id=\"tutorial\">No\u021biuni introductive<\/h3>\n\n\n\n<p><em>Cum pot \u00eencepe?<\/em> Solicita\u021bi o licen\u021b\u0103 de \u00eencercare mai sus. \u0218i c\u00e2nd a\u021bi primit un cod de licen\u021b\u0103? Face\u021bi clic mai jos pentru a \u00eencepe tutorialul nostru.<\/p>\n\n\n\n<figure class=\"wp-block-embed is-type-wp-embed is-provider-leaplytics wp-block-embed-leaplytics\"><div class=\"wp-block-embed__wrapper\">\n<blockquote class=\"wp-embedded-content\" data-secret=\"IL8vEweSWi\"><a href=\"https:\/\/www.leaplytics.de\/ro\/inceput-vizualizator-markdown-power-bi\/\">No\u021biuni introductive - Markdown Viewer<\/a><\/blockquote><iframe loading=\"lazy\" class=\"wp-embedded-content\" sandbox=\"allow-scripts\" security=\"restricted\" style=\"position: absolute; clip: rect(1px, 1px, 1px, 1px);\" title=\"&quot;No\u021biuni introductive - Markdown Viewer&quot; - LeapLytics\" src=\"https:\/\/www.leaplytics.de\/getting-started-markdown-viewer-power-bi\/embed\/#?secret=huMdA44Ho4#?secret=IL8vEweSWi\" data-secret=\"IL8vEweSWi\" width=\"600\" height=\"338\" frameborder=\"0\" marginwidth=\"0\" marginheight=\"0\" scrolling=\"no\"><\/iframe>\n<\/div><\/figure>","protected":false},"excerpt":{"rendered":"<p>V\u0103 prezent\u0103m vizualizarea personalizat\u0103 Markdown-to-HTML pentru Power BI: spune\u021bi povestea datelor dvs. cu un editor de text cu drepturi depline \u00een tabloul dvs. de bord pentru date! Ridica\u021bi informa\u021biile relevante prin intermediul textului formatat \u00een experien\u021ba dvs. de vizualizare a datelor! Suntem \u00eenc\u00e2nta\u021bi s\u0103 prezent\u0103m o solu\u021bie care schimb\u0103 regulile jocului \u0219i care permite utilizatorilor Power BI s\u0103 integreze f\u0103r\u0103 probleme text frumos formatat \u00een rapoartele \u0219i ... <\/p>","protected":false},"author":2,"featured_media":0,"parent":0,"menu_order":0,"comment_status":"closed","ping_status":"closed","template":"","meta":{"footnotes":""},"class_list":["post-11926","page","type-page","status-publish","hentry","latest_post"],"_links":{"self":[{"href":"https:\/\/www.leaplytics.de\/ro\/wp-json\/wp\/v2\/pages\/11926","targetHints":{"allow":["GET"]}}],"collection":[{"href":"https:\/\/www.leaplytics.de\/ro\/wp-json\/wp\/v2\/pages"}],"about":[{"href":"https:\/\/www.leaplytics.de\/ro\/wp-json\/wp\/v2\/types\/page"}],"author":[{"embeddable":true,"href":"https:\/\/www.leaplytics.de\/ro\/wp-json\/wp\/v2\/users\/2"}],"replies":[{"embeddable":true,"href":"https:\/\/www.leaplytics.de\/ro\/wp-json\/wp\/v2\/comments?post=11926"}],"version-history":[{"count":3,"href":"https:\/\/www.leaplytics.de\/ro\/wp-json\/wp\/v2\/pages\/11926\/revisions"}],"predecessor-version":[{"id":13652,"href":"https:\/\/www.leaplytics.de\/ro\/wp-json\/wp\/v2\/pages\/11926\/revisions\/13652"}],"wp:attachment":[{"href":"https:\/\/www.leaplytics.de\/ro\/wp-json\/wp\/v2\/media?parent=11926"}],"curies":[{"name":"wp","href":"https:\/\/api.w.org\/{rel}","templated":true}]}}