{"id":12086,"date":"2023-08-02T17:05:19","date_gmt":"2023-08-02T15:05:19","guid":{"rendered":"https:\/\/www.leaplytics.de\/?page_id=12086"},"modified":"2023-08-06T14:32:15","modified_gmt":"2023-08-06T12:32:15","slug":"migrarea-qlikview-la-power-bi","status":"publish","type":"page","link":"https:\/\/www.leaplytics.de\/ro\/migrarea-qlikview-la-power-bi\/","title":{"rendered":"Migrarea QlikView c\u0103tre Power BI - Abordarea noastr\u0103"},"content":{"rendered":"<p>Utiliza\u021bi \u00een prezent QlikView, dar v\u0103 g\u00e2ndi\u021bi s\u0103 trece\u021bi la Power BI?  La LeapLytics, suntem specializa\u021bi \u00een furnizarea de servicii experte de migrare pentru a v\u0103 ajuta s\u0103 trece\u021bi f\u0103r\u0103 probleme de la QlikView la Power BI. Echipa noastr\u0103 de profesioni\u0219ti califica\u021bi are o vast\u0103 experien\u021b\u0103 \u00een gestionarea unor astfel de migr\u0103ri, asigur\u00e2nd un proces u\u0219or \u0219i eficient pentru organiza\u021bia dvs.<\/p>\n\n\n\n<h3 class=\"wp-block-heading\"><strong>De ce s\u0103 migrezi de la QlikView la Power BI?<\/strong><\/h3>\n\n\n\n<p>Pe m\u0103sur\u0103 ce tehnologiile de business intelligence continu\u0103 s\u0103 evolueze, organiza\u021biile consider\u0103 adesea c\u0103 este avantajos s\u0103 fac\u0103 upgrade la platforme mai moderne \u0219i mai robuste, precum Power BI. Iat\u0103 c\u00e2teva motive conving\u0103toare pentru a lua \u00een considerare migrarea de la QlikView la Power BI:<\/p>\n\n\n\n<ol class=\"wp-block-list\">\n<li><strong>Vizualizare \u00eembun\u0103t\u0103\u021bit\u0103 a datelor:<\/strong> Power BI ofer\u0103 o gam\u0103 larg\u0103 de op\u021biuni de vizualizare, permi\u021b\u00e2ndu-v\u0103 s\u0103 prezenta\u021bi datele \u00een moduri mai perspicace \u0219i interactive, oferind factorilor de decizie informa\u021bii mai bune.<\/li>\n\n\n\n<li><strong>Integrare cu ecosistemul Microsoft:<\/strong> Dac\u0103 organiza\u021bia dvs. utilizeaz\u0103 deja instrumente Microsoft precum Excel, SharePoint sau Office 365, Power BI se integreaz\u0103 perfect cu aceste platforme, simplific\u00e2ndu-v\u0103 fluxul de lucru.<\/li>\n\n\n\n<li><strong>Scalabilitate \u0219i performan\u021b\u0103:<\/strong> Pe m\u0103sur\u0103 ce nevoile dvs. de date cresc, Power BI poate gestiona seturi mari de date \u0219i interog\u0103ri complexe cu o eficien\u021b\u0103 \u0219i o vitez\u0103 remarcabile.<\/li>\n\n\n\n<li><strong>Capabilit\u0103\u021bi cloud:<\/strong> Cu capacit\u0103\u021bile de cloud ale Power BI, pute\u021bi partaja cu u\u0219urin\u021b\u0103 rapoarte \u0219i colabora cu colegii, asigur\u00e2nd accesul \u00een timp real la informa\u021bii esen\u021biale.<\/li>\n\n\n\n<li><strong>Actualiz\u0103ri regulate \u0219i asisten\u021b\u0103:<\/strong> Power BI prime\u0219te actualiz\u0103ri \u0219i \u00eembun\u0103t\u0103\u021biri frecvente din partea Microsoft, asigur\u00e2ndu-v\u0103 c\u0103 ave\u021bi acces la cele mai recente caracteristici \u0219i \u00eembun\u0103t\u0103\u021biri.<\/li>\n<\/ol>\n\n\n\n<h3 class=\"wp-block-heading\"><strong>Considera\u021bii pentru succesul migr\u0103rii de la QlikView la Power BI<\/strong><\/h3>\n\n\n\n<p>Migrarea de la o platform\u0103 de business intelligence la alta poate fi un demers complex. Pentru a asigura o migrare de succes, este esen\u021bial s\u0103 aborda\u021bi urm\u0103toarele considerente cheie:<\/p>\n\n\n\n<ol class=\"wp-block-list\">\n<li><strong>Evaluarea datelor:<\/strong> Analiza\u021bi datele QlikView existente pentru a determina structura, calitatea \u0219i relevan\u021ba acestora pentru migrare. Identifica\u021bi poten\u021bialele cerin\u021be de cur\u0103\u021bare \u0219i transformare a datelor.<\/li>\n\n\n\n<li><strong>Cartografierea depozitelor, rapoartelor \u0219i tablourilor de bord:<\/strong> \u00cen\u021belege\u021bi bine depozitele, rapoartele \u0219i tablourile de bord QlikView actuale. Crea\u021bi un plan de cartografiere pentru a replica aceste vizualiz\u0103ri \u00een Power BI, valorific\u00e2nd \u00een acela\u0219i timp caracteristicile sale unice.<\/li>\n\n\n\n<li><strong>Modelarea datelor \u00een Power BI:<\/strong> Proiecta\u021bi un model de date eficient \u00een Power BI, care s\u0103 se alinieze cerin\u021belor dvs. de afaceri \u0219i s\u0103 optimizeze performan\u021ba.<\/li>\n\n\n\n<li><strong>Securitate \u0219i permisiuni:<\/strong> Defini\u021bi rolurile \u0219i permisiunile de securitate \u00een Power BI pentru a v\u0103 asigura c\u0103 accesul la date este gestionat \u0219i restric\u021bionat \u00een mod corespunz\u0103tor.<\/li>\n\n\n\n<li><strong>Formarea \u0219i adoptarea utilizatorilor:<\/strong> Preg\u0103ti\u021bi-v\u0103 echipa pentru migrare prin furnizarea de instruire cuprinz\u0103toare privind caracteristicile \u0219i func\u021bionalit\u0103\u021bile Power BI.<\/li>\n\n\n\n<li><strong>Testarea \u0219i asigurarea calit\u0103\u021bii:<\/strong> Efectua\u021bi teste riguroase pentru a identifica \u0219i rezolva orice probleme \u00eenainte de a lansa solu\u021bia.<\/li>\n\n\n\n<li><strong>Asisten\u021b\u0103 post-migra\u021bie:<\/strong> Oferi\u021bi asisten\u021b\u0103 continu\u0103 pentru a r\u0103spunde oric\u0103ror provoc\u0103ri post-migra\u021bie \u0219i pentru a ajuta utilizatorii s\u0103 beneficieze pe deplin de capacit\u0103\u021bile Power BI.<\/li>\n<\/ol>\n\n\n\n<h3 class=\"wp-block-heading\"><strong>De ce LeapLytics pentru migrarea dvs. de la QlikView la Power BI?<\/strong><\/h3>\n\n\n\n<p>La LeapLytics, ne m\u00e2ndrim cu abordarea noastr\u0103 centrat\u0103 pe client \u0219i cu profunda noastr\u0103 \u00een\u021belegere at\u00e2t a QlikView, c\u00e2t \u0219i a Power BI. Echipa noastr\u0103 de exper\u021bi posed\u0103 abilit\u0103\u021bile \u0219i cuno\u0219tin\u021bele necesare pentru a parcurge procesul de migrare f\u0103r\u0103 probleme, asigur\u00e2nd \u00eentreruperi minime ale opera\u021biunilor dvs. de afaceri. C\u00e2nd ne alege\u021bi, beneficia\u021bi de:<\/p>\n\n\n\n<ul class=\"wp-block-list\">\n<li><strong>Experien\u021b\u0103 \u0219i expertiz\u0103:<\/strong> Profesioni\u0219tii no\u0219tri experimenta\u021bi au executat cu succes numeroase migr\u0103ri de la QlikView la Power BI, f\u0103c\u00e2ndu-i exper\u021bi \u00een gestionarea oric\u0103ror complexit\u0103\u021bi care pot ap\u0103rea.<\/li>\n\n\n\n<li><strong>Solu\u021bii personalizate:<\/strong> \u00cen\u021belegem c\u0103 nevoile fiec\u0103rei organiza\u021bii sunt unice. Prin urmare, oferim strategii de migrare personalizate care se aliniaz\u0103 cerin\u021belor dumneavoastr\u0103 specifice.<\/li>\n\n\n\n<li><strong>Securitatea datelor:<\/strong> Acord\u0103m prioritate securit\u0103\u021bii informa\u021biilor dvs. sensibile \u0219i respect\u0103m cele mai bune practici din industrie pentru a v\u0103 proteja datele \u00een timpul \u0219i dup\u0103 migrare.<\/li>\n\n\n\n<li><strong>Asisten\u021b\u0103 continu\u0103:<\/strong> Angajamentul nostru fa\u021b\u0103 de succesul dvs. se extinde dincolo de procesul de migrare. Oferim suport continuu pentru a r\u0103spunde oric\u0103ror preocup\u0103ri \u0219i pentru a v\u0103 ajuta cu adoptarea Power BI.<\/li>\n<\/ul>\n\n\n\n<p>LeapLytics este partenerul dvs. de \u00eencredere pentru a face trecerea de la QlikView la Power BI c\u00e2t mai u\u0219oar\u0103 posibil. Contacta\u021bi-ne ast\u0103zi pentru a afla mai multe despre serviciile noastre de migrare \u0219i face\u021bi primul pas c\u0103tre deblocarea adev\u0103ratului poten\u021bial al datelor dvs.<\/p>\n\n\n\n<h4 class=\"wp-block-heading\"><strong>Contacta\u021bi-ne ast\u0103zi<\/strong><\/h4>\n\n\n\n<p>Ave\u021bi \u00eentreb\u0103ri despre migrarea de la QlikView la Power BI sau sunte\u021bi interesat de serviciile noastre? Nu ezita\u021bi s\u0103 ne contacta\u021bi pentru o consultare. Suntem aici pentru a v\u0103 ajuta s\u0103 face\u021bi o tranzi\u021bie u\u0219oar\u0103 \u0219i de succes c\u0103tre Power BI. Lua\u021bi leg\u0103tura cu exper\u021bii no\u0219tri \u0219i <a href=\"https:\/\/www.leaplytics.de\/ro\/kontakt\/\"><strong>trimite\u021bi-ne un mesaj<\/strong><\/a>.<\/p>\n\n\n\n<p>(<em>Nu ezita\u021bi s\u0103 ne contacta\u021bi chiar dac\u0103 ave\u021bi nevoie de \u00eendrumare cu privire la un alt aspect al informa\u021biilor de afaceri, al analizei datelor sau al vizualiz\u0103rii. Echipa noastr\u0103 este bine echipat\u0103 pentru a v\u0103 asista \u00een diverse demersuri legate de date.<\/em>)<\/p>","protected":false},"excerpt":{"rendered":"<p>Utiliza\u021bi \u00een prezent QlikView, dar v\u0103 g\u00e2ndi\u021bi s\u0103 trece\u021bi la Power BI? La LeapLytics, suntem specializa\u021bi \u00een furnizarea de servicii experte de migrare pentru a v\u0103 ajuta s\u0103 trece\u021bi f\u0103r\u0103 probleme de la QlikView la Power BI. Echipa noastr\u0103 de profesioni\u0219ti califica\u021bi are o vast\u0103 experien\u021b\u0103 \u00een gestionarea unor astfel de migr\u0103ri, asigur\u00e2nd un proces u\u0219or \u0219i eficient pentru organiza\u021bia dvs. De ce s\u0103 migra\u021bi de la ... <\/p>","protected":false},"author":2,"featured_media":0,"parent":0,"menu_order":0,"comment_status":"closed","ping_status":"closed","template":"","meta":{"footnotes":""},"class_list":["post-12086","page","type-page","status-publish","hentry","latest_post"],"_links":{"self":[{"href":"https:\/\/www.leaplytics.de\/ro\/wp-json\/wp\/v2\/pages\/12086","targetHints":{"allow":["GET"]}}],"collection":[{"href":"https:\/\/www.leaplytics.de\/ro\/wp-json\/wp\/v2\/pages"}],"about":[{"href":"https:\/\/www.leaplytics.de\/ro\/wp-json\/wp\/v2\/types\/page"}],"author":[{"embeddable":true,"href":"https:\/\/www.leaplytics.de\/ro\/wp-json\/wp\/v2\/users\/2"}],"replies":[{"embeddable":true,"href":"https:\/\/www.leaplytics.de\/ro\/wp-json\/wp\/v2\/comments?post=12086"}],"version-history":[{"count":0,"href":"https:\/\/www.leaplytics.de\/ro\/wp-json\/wp\/v2\/pages\/12086\/revisions"}],"wp:attachment":[{"href":"https:\/\/www.leaplytics.de\/ro\/wp-json\/wp\/v2\/media?parent=12086"}],"curies":[{"name":"wp","href":"https:\/\/api.w.org\/{rel}","templated":true}]}}