{"id":12944,"date":"2023-12-18T23:03:40","date_gmt":"2023-12-18T22:03:40","guid":{"rendered":"https:\/\/www.leaplytics.de\/?page_id=12944"},"modified":"2023-12-18T23:03:40","modified_gmt":"2023-12-18T22:03:40","slug":"ehs-risk-management-power-bi-pentru-industria-miniera-si-petroliera","status":"publish","type":"page","link":"https:\/\/www.leaplytics.de\/ro\/ehs-risk-management-power-bi-pentru-industria-miniera-si-petroliera\/","title":{"rendered":"Power BI de gestionare a riscurilor EHS pentru industriile minier\u0103 \u0219i petrolier\u0103"},"content":{"rendered":"<h3 class=\"wp-block-heading\">Introducere<\/h3>\n\n\n\n<p>Industrii precum mineritul \u0219i petrolul sunt esen\u021biale pentru economia global\u0103, furniz\u00e2nd resurse \u0219i energie. \u00cens\u0103, acestea se confrunt\u0103 cu provoc\u0103ri legate de riscurile de mediu, s\u0103n\u0103tate \u0219i siguran\u021b\u0103 (EHS). Companiile consider\u0103 acum c\u0103 o gestionare solid\u0103 a riscurilor EHS este fundamental\u0103 pentru succes. Acest articol analizeaz\u0103 modul \u00een care matricea noastr\u0103 de risc Power BI poate \u00eembun\u0103t\u0103\u021bi gestionarea riscurilor EHS.<\/p>\n\n\n\n<h3 class=\"wp-block-heading\"><strong>\u00cen\u021belegerea managementului riscurilor EHS<\/strong><\/h3>\n\n\n\n<p>\u00cen minerit \u0219i petrol, principalele preocup\u0103ri sunt riscurile pentru mediu, s\u0103n\u0103tate \u0219i siguran\u021b\u0103. Acestea includ perturbarea habitatului, poluarea, accidentele \u0219i problemele juridice. Gestionarea strict\u0103 a riscurilor EHS este vital\u0103 pentru opera\u021biuni durabile \u0219i de succes.<\/p>\n\n\n\n<h3 class=\"wp-block-heading\"><strong>Matricea de risc Power BI<\/strong><\/h3>\n\n\n\n<p>Matricea riscurilor este un instrument puternic pentru gestionarea riscurilor EHS cu Power BI. Iat\u0103 cum v\u0103 ajut\u0103:<\/p>\n\n\n\n<ol class=\"wp-block-list\">\n<li><strong>Identificarea riscurilor:<\/strong> Culege date pentru a identifica riscuri legate de siguran\u021b\u0103, conformitate sau s\u0103n\u0103tate.<\/li>\n\n\n\n<li><strong>Vizualizare:<\/strong> Categorizeaz\u0103 riscurile, ajut\u00e2nd factorii de decizie s\u0103 vad\u0103 problemele urgente.<\/li>\n\n\n\n<li><strong>Monitorizarea performan\u021bei:<\/strong> Men\u021bine datele EHS actualizate pentru gestionarea proactiv\u0103 a riscurilor.<\/li>\n\n\n\n<li><strong>Tablouri de bord interactive: <\/strong>Afi\u0219a\u021bi parametrii de risc, incidentele \u0219i tendin\u021bele \u00een timp real pentru o urm\u0103rire mai u\u0219oar\u0103 a performan\u021bei.<\/li>\n<\/ol>\n\n\n\n<div class=\"wp-block-buttons is-layout-flex wp-block-buttons-is-layout-flex\" id=\"https:\/\/www.leaplytics.de\/frontpage\/project-management-custom-visuals-microsoft-powerbi\/risk-heatmap-custom-visual-for-power-bi\/\">\n<div class=\"wp-block-button has-custom-width wp-block-button__width-75 has-custom-font-size is-style-fill\" style=\"font-size:18px\"><a class=\"wp-block-button__link has-background wp-element-button\" href=\"https:\/\/www.leaplytics.de\/ro\/prima-pagina\/management-de-proiect-imagini-personalizate-microsoft-powerbi\/harta-de-caldura-a-riscurilor-imagine-personalizata-pentru-power-bi\/\" style=\"background-color:#22316d\" rel=\"https:\/\/www.leaplytics.de\/frontpage\/project-management-custom-visuals-microsoft-powerbi\/risk-heatmap-custom-visual-for-power-bi\/\">Consulta\u021bi aici \"Matricea de risc\" vizual\u0103 personalizat\u0103 pentru Power BI!<\/a><\/div>\n<\/div>\n\n\n\n<p><\/p>\n\n\n\n<h3 class=\"wp-block-heading\"><strong>Stimularea performan\u021bei prin gestionarea riscurilor EHS<\/strong><\/h3>\n\n\n\n<p>Gestionarea eficient\u0103 a riscurilor EHS \u00eembun\u0103t\u0103\u021be\u0219te performan\u021ba:<\/p>\n\n\n\n<ul class=\"wp-block-list\">\n<li><strong>Eficien\u021b\u0103 opera\u021bional\u0103:<\/strong> Reduce accidentele, defec\u021biunile echipamentelor \u0219i incidentele de mediu. Acest lucru \u00eembun\u0103t\u0103\u021be\u0219te eficien\u021ba \u0219i reduce timpii mor\u021bi.<\/li>\n\n\n\n<li><strong>Reducerea costurilor:<\/strong> Minimizeaz\u0103 incidentele, reduc\u00e2nd amenzile, taxele legale \u0219i costurile de cur\u0103\u021bare.<\/li>\n\n\n\n<li><strong>Sustenabilitate \u0219i reputa\u021bie:<\/strong> Arat\u0103 angajamentul fa\u021b\u0103 de durabilitate. Acest lucru spore\u0219te reputa\u021bia \u0219i atractivitatea pentru investitori \u0219i clien\u021bi.<\/li>\n\n\n\n<li><strong>Conformitate:<\/strong> Respect\u0103 normele EHS, men\u021bin\u00e2nd o rela\u021bie bun\u0103 cu autorit\u0103\u021bile de reglementare \u0219i evit\u00e2nd sanc\u021biunile.<\/li>\n\n\n\n<li><strong>Bun\u0103starea angaja\u021bilor:<\/strong> Prioritizeaz\u0103 siguran\u021ba \u0219i s\u0103n\u0103tatea angajatorului. Astfel, \u00eembun\u0103t\u0103\u021be\u0219te motiva\u021bia \u0219i productivitatea, reduc\u00e2nd fluctua\u021bia \u0219i absen\u021bele.<\/li>\n<\/ul>\n\n\n\n<h3 class=\"wp-block-heading\"><strong>Concluzie<\/strong><\/h3>\n\n\n\n<p>Gestionarea riscurilor EHS este vital\u0103 pentru opera\u021biuni excelente. Matricea noastr\u0103 de risc \u00een Power BI este un instrument excelent pentru gestionarea eficient\u0103 a riscurilor. Gestionarea riscurilor EHS ajut\u0103 companiile s\u0103 func\u021bioneze mai bine \u0219i s\u0103 reduc\u0103 costurile. De asemenea, le ajut\u0103 s\u0103 respecte reglement\u0103rile \u0219i s\u0103 construiasc\u0103 o cultur\u0103 a sustenabilit\u0103\u021bii \u0219i siguran\u021bei. \u00cen fa\u021ba provoc\u0103rilor actuale, gestionarea riscurilor EHS prin Power BI este cheia succesului.<\/p>","protected":false},"excerpt":{"rendered":"<p>Introduction Industries such as mining and petroleum are crucial for the global economy, supplying resources and energy. But, they face challenges in environmental, health, and safety (EHS) risks. Companies now view solid EHS risk management,fundamental for success. This article looks at how our Power BI Risk Matrix can enhance EHS risk management. Understanding EHS Risk &hellip; <\/p>","protected":false},"author":55,"featured_media":12952,"parent":0,"menu_order":0,"comment_status":"closed","ping_status":"closed","template":"","meta":{"footnotes":""},"class_list":["post-12944","page","type-page","status-publish","has-post-thumbnail","hentry","latest_post"],"_links":{"self":[{"href":"https:\/\/www.leaplytics.de\/ro\/wp-json\/wp\/v2\/pages\/12944","targetHints":{"allow":["GET"]}}],"collection":[{"href":"https:\/\/www.leaplytics.de\/ro\/wp-json\/wp\/v2\/pages"}],"about":[{"href":"https:\/\/www.leaplytics.de\/ro\/wp-json\/wp\/v2\/types\/page"}],"author":[{"embeddable":true,"href":"https:\/\/www.leaplytics.de\/ro\/wp-json\/wp\/v2\/users\/55"}],"replies":[{"embeddable":true,"href":"https:\/\/www.leaplytics.de\/ro\/wp-json\/wp\/v2\/comments?post=12944"}],"version-history":[{"count":0,"href":"https:\/\/www.leaplytics.de\/ro\/wp-json\/wp\/v2\/pages\/12944\/revisions"}],"wp:featuredmedia":[{"embeddable":true,"href":"https:\/\/www.leaplytics.de\/ro\/wp-json\/wp\/v2\/media\/12952"}],"wp:attachment":[{"href":"https:\/\/www.leaplytics.de\/ro\/wp-json\/wp\/v2\/media?parent=12944"}],"curies":[{"name":"wp","href":"https:\/\/api.w.org\/{rel}","templated":true}]}}