{"id":12961,"date":"2023-12-18T23:03:43","date_gmt":"2023-12-18T22:03:43","guid":{"rendered":"https:\/\/www.leaplytics.de\/?page_id=12961"},"modified":"2024-01-02T12:05:32","modified_gmt":"2024-01-02T11:05:32","slug":"identificarea-pericolelor-legate-de-power-bi-in-industria-transporturilor-de-croaziera-in-aviatie","status":"publish","type":"page","link":"https:\/\/www.leaplytics.de\/ro\/identificarea-pericolelor-legate-de-power-bi-in-industria-transporturilor-de-croaziera-in-aviatie\/","title":{"rendered":"Power BI: Identificarea pericolelor \u00een industriile avia\u021biei, croazierelor \u0219i transporturilor"},"content":{"rendered":"<h2 class=\"wp-block-heading has-medium-font-size\"><strong>Introducere<\/strong><\/h2>\n\n\n\n<p>\u00cen avia\u021bie, croaziere \u0219i transport, identificarea pericolelor \u0219i gestionarea riscurilor sunt esen\u021biale. Matricea noastr\u0103 de risc \u00een Power BI se dovede\u0219te a fi un instrument valoros \u00een acest scop.<\/p>\n\n\n\n<p>Instrumentul exceleaz\u0103 \u00een identificarea pericolelor \u0219i simplificarea prezent\u0103rii datelor pentru o recunoa\u0219tere rapid\u0103. Aceast\u0103 capacitate permite o ac\u021biune imediat\u0103, sporind siguran\u021ba opera\u021biunilor.<\/p>\n\n\n\n<h2 class=\"wp-block-heading has-medium-font-size\"><strong>Navigarea prin pericolele avia\u021biei<\/strong><\/h2>\n\n\n\n<p>\u00cen avia\u021bie, pericolele comune includ probleme legate de piste sau lovituri de p\u0103s\u0103ri. KPI includ frecven\u021ba accidentelor la limit\u0103 \u0219i eficien\u021ba form\u0103rii \u00een domeniul siguran\u021bei. De exemplu, fiabilitatea sistemului de comunica\u021bii este esen\u021bial\u0103.<\/p>\n\n\n\n<h2 class=\"wp-block-heading has-medium-font-size\"><strong>Asigurarea siguran\u021bei \u00een opera\u021biunile de croazier\u0103<\/strong><\/h2>\n\n\n\n<p>Pentru croaziere, pericolele pot implica coliziuni ale navelor sau urgen\u021be medicale. KPI-urile includ urm\u0103rirea timpilor de r\u0103spuns la urgen\u021be \u0219i aprovizionarea medical\u0103 adecvat\u0103. Prin urmare, asigurarea siguran\u021bei pasagerilor este esen\u021bial\u0103.<\/p>\n\n\n\n<h2 class=\"wp-block-heading has-medium-font-size\"><strong>Securizarea opera\u021biunilor de transport<\/strong><\/h2>\n\n\n\n<p>\u00cen sectorul transporturilor, pericolele pot include accidentele sau \u00eentreruperile lan\u021bului de aprovizionare. KPI-urile sunt rata accidentelor, respectarea programului de \u00eentre\u021binere \u0219i eficien\u021ba planurilor de urgen\u021b\u0103. De exemplu, urm\u0103rirea eficacit\u0103\u021bii programelor de formare a \u0219oferilor este fundamental\u0103.<\/p>\n\n\n\n<h2 class=\"wp-block-heading has-medium-font-size\"><strong>Matricea de risc pentru Power BI<\/strong><\/h2>\n\n\n\n<p>Iat\u0103 cum matricea de risc v\u0103 rafineaz\u0103 gestionarea riscurilor:<\/p>\n\n\n\n<p><strong>Axa de probabilitate:<\/strong> Aceast\u0103 ax\u0103 analizeaz\u0103 c\u00e2t de probabil este ca un risc s\u0103 se produc\u0103, de la sc\u0103zut la ridicat. Aceasta ajut\u0103 la \u00een\u021belegerea probabilit\u0103\u021bii de apari\u021bie a riscurilor poten\u021biale \u00een aceste sectoare.<\/p>\n\n\n\n<p><strong>Axa de impact:<\/strong> Aceast\u0103 ax\u0103 analizeaz\u0103 c\u00e2t de grav ar putea fi un risc, clasificat ca fiind sc\u0103zut, mediu sau ridicat. Aceasta ajut\u0103 organiza\u021biile din avia\u021bie, croaziere \u0219i transporturi s\u0103 analizeze c\u00e2t de mult ar putea d\u0103una un risc.<\/p>\n\n\n\n<p>Combin\u00e2nd probabilitatea \u0219i impactul, se acord\u0103 un punctaj fiec\u0103rui risc. Aceasta ajut\u0103 la clasificarea riscurilor \u00een func\u021bie de gravitatea lor. Gestionarea timpurie a riscurilor cu prioritate ridicat\u0103 minimizeaz\u0103 amenin\u021b\u0103rile \u0219i \u00eentreruperile opera\u021biunilor.<\/p>\n\n\n\n<p>Cu ajutorul matricei de risc, organiza\u021biile din aceste sectoare pot:<\/p>\n\n\n\n<ol class=\"wp-block-list\">\n<li><strong>Crea\u021bi tablouri de bord:<\/strong> Crea\u021bi tablouri de bord \u00een timp real care s\u0103 prezinte parametrii de siguran\u021b\u0103, incidentele \u0219i tendin\u021bele. Astfel, managerilor de risc le este u\u0219or s\u0103 vad\u0103 cum evolueaz\u0103 siguran\u021ba.<\/li>\n\n\n\n<li><strong>Vizualizarea datelor privind riscurile:<\/strong> Utiliza\u021bi diagrame \u0219i grafice pentru a afi\u0219a scorurile riscurilor din matricea riscurilor. Acest lucru v\u0103 ajut\u0103 s\u0103 \u00een\u021belege\u021bi c\u00e2t de grave sunt riscurile identificate.<\/li>\n\n\n\n<li><strong>Monitorizare:<\/strong> Utiliza\u021bi Power BI pentru a verifica dac\u0103 respecta\u021bi normele de siguran\u021b\u0103. De asemenea, g\u0103si\u021bi zonele care necesit\u0103 mai multe m\u0103suri de siguran\u021b\u0103 \u00een avia\u021bie, croaziere \u0219i transport.<\/li>\n\n\n\n<li><strong>Identificarea tendin\u021belor: <\/strong>Arunca\u021bi o privire la datele dvs. privind riscurile. Cu ajutorul matricei de risc pute\u021bi \u00een\u021belege motivele accidentelor \u0219i pute\u021bi recunoa\u0219te problemele de siguran\u021b\u0103 \u00een curs. Acest lucru permite luarea de decizii \u00een cuno\u0219tin\u021b\u0103 de cauz\u0103 pentru \u00eembun\u0103t\u0103\u021birea continu\u0103 a siguran\u021bei.<\/li>\n<\/ol>\n\n\n\n<div class=\"wp-block-buttons is-layout-flex wp-block-buttons-is-layout-flex\">\n<div class=\"wp-block-button has-custom-font-size\" style=\"font-size:18px\"><a class=\"wp-block-button__link has-background wp-element-button\" href=\"https:\/\/www.leaplytics.de\/ro\/prima-pagina\/management-de-proiect-imagini-personalizate-microsoft-powerbi\/harta-de-caldura-a-riscurilor-imagine-personalizata-pentru-power-bi\/\" style=\"background-color:#22316d\" rel=\"https:\/\/www.leaplytics.de\/frontpage\/project-management-custom-visuals-microsoft-powerbi\/risk-heatmap-custom-visual-for-power-bi\/\">Consulta\u021bi aici \"Matricea de risc\" vizual\u0103 personalizat\u0103 pentru Power BI!<\/a><\/div>\n<\/div>\n\n\n\n<figure class=\"wp-block-image size-full\"><img loading=\"lazy\" decoding=\"async\" width=\"1024\" height=\"576\" src=\"https:\/\/www.leaplytics.de\/wp-content\/uploads\/2023\/12\/Risk-Matrix.jpg\" alt=\"\" class=\"wp-image-12965\" srcset=\"https:\/\/www.leaplytics.de\/wp-content\/uploads\/2023\/12\/Risk-Matrix.jpg 1024w, https:\/\/www.leaplytics.de\/wp-content\/uploads\/2023\/12\/Risk-Matrix-300x169.jpg 300w, https:\/\/www.leaplytics.de\/wp-content\/uploads\/2023\/12\/Risk-Matrix-768x432.jpg 768w, https:\/\/www.leaplytics.de\/wp-content\/uploads\/2023\/12\/Risk-Matrix-107x60.jpg 107w\" sizes=\"auto, (max-width: 1024px) 100vw, 1024px\" \/><\/figure>\n\n\n\n<h2 class=\"wp-block-heading has-medium-font-size\"><strong>Concluzie<\/strong><\/h2>\n\n\n\n<p>Matricea de risc pentru Power BI ofer\u0103 informa\u021bii valoroase despre situa\u021bia riscurilor. Aceasta ajut\u0103 la concentrarea resurselor \u0219i la \u00eembun\u0103t\u0103\u021birea siguran\u021bei. Instrumentul permite profesioni\u0219tilor s\u0103 ia decizii \u00een cuno\u0219tin\u021b\u0103 de cauz\u0103 \u0219i s\u0103 \u00ee\u0219i gestioneze riscurile.<\/p>\n\n\n\n<p>Matricea riscurilor este un avantaj semnificativ pentru industria aviatic\u0103, de croazier\u0103 \u0219i de transport. Face ca identificarea \u0219i gestionarea riscurilor s\u0103 fie mai accesibile \u0219i mai eficiente. \u00cen acest fel, companiile pot men\u021bine opera\u021biuni sigure \u0219i f\u0103r\u0103 probleme \u00een aceste sectoare vitale.<\/p>","protected":false},"excerpt":{"rendered":"<p>Introduction In aviation, cruise, and transport,hazard identification and risk management are crucial. Our Risk Matrix in Power BI emerges as a valuable tool for this purpose. The tool excels at identifying hazards and simplifying data presentation for quick recognition. This capability allows for immediate action, enhancing safety in operations. Navigating Aviation Hazards In aviation, common &hellip; <\/p>","protected":false},"author":55,"featured_media":12962,"parent":0,"menu_order":0,"comment_status":"closed","ping_status":"closed","template":"","meta":{"footnotes":""},"class_list":["post-12961","page","type-page","status-publish","has-post-thumbnail","hentry","latest_post"],"_links":{"self":[{"href":"https:\/\/www.leaplytics.de\/ro\/wp-json\/wp\/v2\/pages\/12961","targetHints":{"allow":["GET"]}}],"collection":[{"href":"https:\/\/www.leaplytics.de\/ro\/wp-json\/wp\/v2\/pages"}],"about":[{"href":"https:\/\/www.leaplytics.de\/ro\/wp-json\/wp\/v2\/types\/page"}],"author":[{"embeddable":true,"href":"https:\/\/www.leaplytics.de\/ro\/wp-json\/wp\/v2\/users\/55"}],"replies":[{"embeddable":true,"href":"https:\/\/www.leaplytics.de\/ro\/wp-json\/wp\/v2\/comments?post=12961"}],"version-history":[{"count":0,"href":"https:\/\/www.leaplytics.de\/ro\/wp-json\/wp\/v2\/pages\/12961\/revisions"}],"wp:featuredmedia":[{"embeddable":true,"href":"https:\/\/www.leaplytics.de\/ro\/wp-json\/wp\/v2\/media\/12962"}],"wp:attachment":[{"href":"https:\/\/www.leaplytics.de\/ro\/wp-json\/wp\/v2\/media?parent=12961"}],"curies":[{"name":"wp","href":"https:\/\/api.w.org\/{rel}","templated":true}]}}