{"id":13004,"date":"2023-12-18T23:06:58","date_gmt":"2023-12-18T22:06:58","guid":{"rendered":"https:\/\/www.leaplytics.de\/?page_id=13004"},"modified":"2024-04-09T20:48:32","modified_gmt":"2024-04-09T18:48:32","slug":"putere-bi-subiecte","status":"publish","type":"page","link":"https:\/\/www.leaplytics.de\/ro\/putere-bi-subiecte\/","title":{"rendered":"Subiecte Power BI"},"content":{"rendered":"<p><a href=\"https:\/\/www.leaplytics.de\/ro\/ehs-risk-management-power-bi-pentru-industria-miniera-si-petroliera\/\">Gestionarea riscurilor EHS \u00een Power BI<\/a><\/p>\n\n\n\n<p><a href=\"https:\/\/www.leaplytics.de\/ro\/identificarea-pericolelor-legate-de-power-bi-in-industria-transporturilor-de-croaziera-in-aviatie\/\">Identificarea pericolelor \u00een industriile avia\u021biei, croazierelor \u0219i transporturilor \u00een Power BI<\/a><\/p>\n\n\n\n<p><a href=\"https:\/\/www.leaplytics.de\/ro\/matricea-de-risc-osha-in-power-bi\/\">Matricea de risc OSHA \u00een Power BI<\/a><\/p>\n\n\n\n<p><a href=\"https:\/\/www.leaplytics.de\/ro\/matrice-de-risc-esg-cu-microsoft-power-bi\/\">Matricea riscurilor ESG \u00een Power BI<\/a><\/p>\n\n\n\n<p><a href=\"https:\/\/www.leaplytics.de\/ro\/managementul-asigurarii-calitatii-furnizorilor-cu-power-bi\/\">Asigurarea \/ gestionarea calit\u0103\u021bii furnizorilor cu Power BI<\/a><\/p>\n\n\n\n<p><a href=\"https:\/\/www.leaplytics.de\/ro\/gestionarea-riscurilor-de-securitate-cibernetica-in-domeniul-bi-energiei\/\">Power BI: Gestionarea riscurilor de securitate cibernetic\u0103<\/a><\/p>\n\n\n\n<p><a href=\"https:\/\/www.leaplytics.de\/ro\/gestionarea-riscurilor-financiare-ale-power-bi\/\">Power BI: Gestionarea riscurilor financiare \u00een sectorul serviciilor financiare<\/a><\/p>\n\n\n\n<p><a href=\"https:\/\/www.leaplytics.de\/ro\/lasati-power-bi-sa-va-imbunatateasca-managementul-proiectelor\/\">L\u0103sa\u021bi Power BI s\u0103 v\u0103 \u00eembun\u0103t\u0103\u021beasc\u0103 managementul proiectelor<\/a><\/p>\n\n\n\n<p><a href=\"https:\/\/www.leaplytics.de\/ro\/vizualizator-de-text-imagini-pentru-power-bi\/\">Text Viewer Vizuale pentru Power BI<\/a><\/p>\n\n\n\n<p><a href=\"https:\/\/www.leaplytics.de\/ro\/matrice-de-oportunitati-pentru-power-bi\/\">Matricea oportunit\u0103\u021bilor pentru Power BI<\/a><\/p>","protected":false},"excerpt":{"rendered":"<p>Managementul riscurilor EHS \u00een Power BI Identificarea pericolelor \u00een industriile avia\u021biei, croazierelor \u0219i transporturilor \u00een Power BI Matricea riscurilor OSHA \u00een Power BI Matricea riscurilor ESG \u00een Power BI Asigurarea \/ gestionarea calit\u0103\u021bii furnizorilor cu Power BI Power BI: Managementul riscurilor de securitate cibernetic\u0103 Power BI: Managementul riscurilor financiare \u00een sectorul serviciilor financiare S\u0103 Power BI ... <\/p>","protected":false},"author":2,"featured_media":0,"parent":0,"menu_order":0,"comment_status":"closed","ping_status":"closed","template":"","meta":{"footnotes":""},"class_list":["post-13004","page","type-page","status-publish","hentry","latest_post"],"_links":{"self":[{"href":"https:\/\/www.leaplytics.de\/ro\/wp-json\/wp\/v2\/pages\/13004","targetHints":{"allow":["GET"]}}],"collection":[{"href":"https:\/\/www.leaplytics.de\/ro\/wp-json\/wp\/v2\/pages"}],"about":[{"href":"https:\/\/www.leaplytics.de\/ro\/wp-json\/wp\/v2\/types\/page"}],"author":[{"embeddable":true,"href":"https:\/\/www.leaplytics.de\/ro\/wp-json\/wp\/v2\/users\/2"}],"replies":[{"embeddable":true,"href":"https:\/\/www.leaplytics.de\/ro\/wp-json\/wp\/v2\/comments?post=13004"}],"version-history":[{"count":4,"href":"https:\/\/www.leaplytics.de\/ro\/wp-json\/wp\/v2\/pages\/13004\/revisions"}],"predecessor-version":[{"id":13338,"href":"https:\/\/www.leaplytics.de\/ro\/wp-json\/wp\/v2\/pages\/13004\/revisions\/13338"}],"wp:attachment":[{"href":"https:\/\/www.leaplytics.de\/ro\/wp-json\/wp\/v2\/media?parent=13004"}],"curies":[{"name":"wp","href":"https:\/\/api.w.org\/{rel}","templated":true}]}}