{"id":13065,"date":"2024-01-02T13:16:49","date_gmt":"2024-01-02T12:16:49","guid":{"rendered":"https:\/\/www.leaplytics.de\/?page_id=13065"},"modified":"2024-01-02T13:16:50","modified_gmt":"2024-01-02T12:16:50","slug":"gestionarea-riscurilor-de-securitate-cibernetica-in-domeniul-bi-energiei","status":"publish","type":"page","link":"https:\/\/www.leaplytics.de\/ro\/gestionarea-riscurilor-de-securitate-cibernetica-in-domeniul-bi-energiei\/","title":{"rendered":"Power BI: Gestionarea riscurilor de securitate cibernetic\u0103"},"content":{"rendered":"<h3 class=\"wp-block-heading has-medium-font-size\">Introducere<\/h3>\n\n\n\n<p>\u00cen lumea digital\u0103 rapid\u0103 de ast\u0103zi, gestionarea riscurilor de securitate cibernetic\u0103 este esen\u021bial\u0103. Acest articol aprofundeaz\u0103 principalele perspective privind gestionarea riscurilor de securitate cibernetic\u0103. Subliniem necesitatea ca organiza\u021biile s\u0103 adopte strategii de gestionare a riscurilor \u00een Power BI.<\/p>\n\n\n\n<h3 class=\"wp-block-heading has-medium-font-size\">\u00cen\u021belegerea \u0219i optimizarea strategiilor de securitate cibernetic\u0103<\/h3>\n\n\n\n<p>Organiza\u021biile din \u00eentreaga lume investesc \u00een ini\u021biative de securitate cibernetic\u0103 pentru a atenua riscurile \u0219i a reduce costurile prin prevenirea \u00eenc\u0103lc\u0103rii securit\u0103\u021bii datelor \u0219i a perioadelor de inactivitate neplanificate. Un aspect fundamental este \u00een\u021belegerea tipurilor de riscuri cu care se confrunt\u0103. Acest lucru permite \u00eentreprinderilor s\u0103 elaboreze strategii eficiente de gestionare a riscurilor.<\/p>\n\n\n\n<p><strong>Etapa 1 - Clasificarea granular\u0103 a riscurilor: <\/strong><br>Gestionarea eficient\u0103 a riscurilor implic\u0103 clasificarea cu precizie a riscurilor. Aceast\u0103 abordare granular\u0103 permite organiza\u021biilor s\u0103 identifice \u0219i s\u0103 clasifice poten\u021bialele amenin\u021b\u0103ri.<\/p>\n\n\n\n<p><strong>Etapa 2 - Detectarea proactiv\u0103 a riscurilor: <\/strong><br>O abordare proactiv\u0103 a detect\u0103rii riscurilor este esen\u021bial\u0103. Organiza\u021biile trebuie s\u0103 identifice poten\u021bialele amenin\u021b\u0103ri \u00eenainte ca acestea s\u0103 escaladeze, \u00eembun\u0103t\u0103\u021bind astfel gradul de preg\u0103tire \u00een materie de securitate.<\/p>\n\n\n\n<p><strong>Etapa 3 - Reducerea eficient\u0103 a riscurilor: <\/strong><br>Reducerea eficient\u0103 a riscurilor evalueaz\u0103 riscurile pe baza probabilit\u0103\u021bii \u0219i a impactului. Alocarea resurselor \u00een mod corespunz\u0103tor minimizeaz\u0103 probabilitatea de apari\u021bie \u0219i optimizeaz\u0103 gestionarea riscurilor.<\/p>\n\n\n\n<h3 class=\"wp-block-heading has-medium-font-size\">Indicatori-cheie de performan\u021b\u0103 (KPI) \u00een securitatea cibernetic\u0103<\/h3>\n\n\n\n<p>Integrarea KPI \u00een gestionarea riscurilor de securitate cibernetic\u0103 ofer\u0103 informa\u021bii utile:<\/p>\n\n\n\n<ul class=\"wp-block-list\">\n<li> R\u0103spuns rapid la incidente: Ac\u021biunea instantanee \u00een cazul unei probleme este esen\u021bial\u0103 pentru a men\u021bine lucrurile sub control. (KPI: <strong>Timp de r\u0103spuns<\/strong>)<\/li>\n<\/ul>\n\n\n\n<ul class=\"wp-block-list\">\n<li> Identificarea vulnerabilit\u0103\u021bilor: Identificarea \u0219i rezolvarea rapid\u0103 a punctelor slabe asigur\u0103 o securitate digital\u0103 sporit\u0103. (KPI: <strong>Riscuri identificate<\/strong>\/mitigat\u0103)<\/li>\n<\/ul>\n\n\n\n<ul class=\"wp-block-list\">\n<li>Verificarea solu\u021biilor de risc: Monitorizarea eficacit\u0103\u021bii planurilor de atenuare a riscurilor asigur\u0103 \u00eembun\u0103t\u0103\u021birea continu\u0103. (KPI: <strong>Riscuri ap\u0103rute<\/strong>, Impactul riscului [financiar])<\/li>\n<\/ul>\n\n\n\n<h3 class=\"wp-block-heading has-medium-font-size\">Matricea de risc pentru Power BI<\/h3>\n\n\n\n<figure class=\"wp-block-image size-full\"><img loading=\"lazy\" decoding=\"async\" width=\"1024\" height=\"576\" src=\"https:\/\/www.leaplytics.de\/wp-content\/uploads\/2024\/01\/Risk-Matrix.jpg\" alt=\"\" class=\"wp-image-13066\" srcset=\"https:\/\/www.leaplytics.de\/wp-content\/uploads\/2024\/01\/Risk-Matrix.jpg 1024w, https:\/\/www.leaplytics.de\/wp-content\/uploads\/2024\/01\/Risk-Matrix-300x169.jpg 300w, https:\/\/www.leaplytics.de\/wp-content\/uploads\/2024\/01\/Risk-Matrix-768x432.jpg 768w, https:\/\/www.leaplytics.de\/wp-content\/uploads\/2024\/01\/Risk-Matrix-107x60.jpg 107w\" sizes=\"auto, (max-width: 1024px) 100vw, 1024px\" \/><\/figure>\n\n\n\n<p>Cum evalueaz\u0103 riscurile matricea de risc din Power BI:<\/p>\n\n\n\n<p>\u00cen\u021belegerea probabilit\u0103\u021bii \u0219i a impactului poten\u021bial al unui risc ajut\u0103 la crearea unei fi\u0219e de evaluare a riscurilor.  Prin combinarea acestor dimensiuni, organiza\u021biile pot prioritiza riscurile grave.<\/p>\n\n\n\n<p>Sub forma matricei noastre de risc pentru Power BI, oferim urm\u0103toarele solu\u021bii:<\/p>\n\n\n\n<ul class=\"wp-block-list\">\n<li> Tablouri de bord \u00een timp real: Putem crea tablouri de bord care afi\u0219eaz\u0103 informa\u021bii privind siguran\u021ba \u00een timp real. Acest lucru ne ajut\u0103 s\u0103 \u0219tim c\u00e2t de sigure sunt lucrurile \u00een orice moment.<\/li>\n<\/ul>\n\n\n\n<ul class=\"wp-block-list\">\n<li>Vizualizarea datelor privind riscurile: Matricea \u0219i graficele integrate prezint\u0103 m\u0103surile de risc. Astfel, este u\u0219or pentru toat\u0103 lumea s\u0103 \u00een\u021beleag\u0103 c\u00e2t de grave sunt riscurile.<\/li>\n<\/ul>\n\n\n\n<ul class=\"wp-block-list\">\n<li> Monitorizarea \u0219i identificarea tendin\u021belor: Putem utiliza matricea riscurilor pentru a verifica dac\u0103 respect\u0103m normele de siguran\u021b\u0103. Aceasta ne ajut\u0103 s\u0103 g\u0103sim zonele care necesit\u0103 mai multe m\u0103suri de siguran\u021b\u0103 \u0219i s\u0103 \u00een\u021belegem tendin\u021bele pentru o mai bun\u0103 siguran\u021b\u0103.<\/li>\n<\/ul>\n\n\n\n<div class=\"wp-block-buttons is-layout-flex wp-block-buttons-is-layout-flex\">\n<div class=\"wp-block-button has-custom-font-size\" style=\"font-size:18px\"><a class=\"wp-block-button__link has-background wp-element-button\" href=\"https:\/\/www.leaplytics.de\/ro\/prima-pagina\/management-de-proiect-imagini-personalizate-microsoft-powerbi\/harta-de-caldura-a-riscurilor-imagine-personalizata-pentru-power-bi\/\" style=\"background-color:#22316d\" rel=\"https:\/\/www.leaplytics.de\/frontpage\/project-management-custom-visuals-microsoft-powerbi\/risk-heatmap-custom-visual-for-power-bi\/\">Consulta\u021bi aici \"Matricea de risc\" vizual\u0103 personalizat\u0103 pentru Power BI!<\/a><\/div>\n<\/div>\n\n\n\n<p><\/p>\n\n\n\n<h3 class=\"wp-block-heading has-medium-font-size\">Concluzie<\/h3>\n\n\n\n<p>\u00cen fa\u021ba amenin\u021b\u0103rilor digitale \u00een continu\u0103 evolu\u021bie, organiza\u021biile au nevoie de strategii optime de gestionare a riscurilor. \u00cen\u021belegerea dimensiunilor riscurilor este iminent\u0103. Adoptarea unei abord\u0103ri proactive pentru atenuarea amenin\u021b\u0103rilor consolideaz\u0103 securitatea cibernetic\u0103 a \u00eentreprinderilor. Accentul este pus pe simplificarea proceselor pentru o abordare inteligent\u0103 \u0219i eficient\u0103 a securit\u0103\u021bii cibernetice.<\/p>","protected":false},"excerpt":{"rendered":"<p>Introducere \u00cen lumea digital\u0103 rapid\u0103 de ast\u0103zi, gestionarea riscurilor de securitate cibernetic\u0103 este esen\u021bial\u0103. Acest articol aprofundeaz\u0103 principalele perspective privind gestionarea riscurilor de securitate cibernetic\u0103. Subliniem nevoia organiza\u021biilor de a adopta strategii de gestionare a riscurilor \u00een Power BI. \u00cen\u021belegerea \u0219i optimizarea strategiilor de securitate cibernetic\u0103 Organiza\u021biile din \u00eentreaga lume investesc \u00een ini\u021biative de securitate cibernetic\u0103 pentru a atenua riscurile \u0219i a reduce costurile prin prevenirea ... <\/p>","protected":false},"author":55,"featured_media":13070,"parent":0,"menu_order":0,"comment_status":"closed","ping_status":"closed","template":"","meta":{"footnotes":""},"class_list":["post-13065","page","type-page","status-publish","has-post-thumbnail","hentry","latest_post"],"_links":{"self":[{"href":"https:\/\/www.leaplytics.de\/ro\/wp-json\/wp\/v2\/pages\/13065","targetHints":{"allow":["GET"]}}],"collection":[{"href":"https:\/\/www.leaplytics.de\/ro\/wp-json\/wp\/v2\/pages"}],"about":[{"href":"https:\/\/www.leaplytics.de\/ro\/wp-json\/wp\/v2\/types\/page"}],"author":[{"embeddable":true,"href":"https:\/\/www.leaplytics.de\/ro\/wp-json\/wp\/v2\/users\/55"}],"replies":[{"embeddable":true,"href":"https:\/\/www.leaplytics.de\/ro\/wp-json\/wp\/v2\/comments?post=13065"}],"version-history":[{"count":0,"href":"https:\/\/www.leaplytics.de\/ro\/wp-json\/wp\/v2\/pages\/13065\/revisions"}],"wp:featuredmedia":[{"embeddable":true,"href":"https:\/\/www.leaplytics.de\/ro\/wp-json\/wp\/v2\/media\/13070"}],"wp:attachment":[{"href":"https:\/\/www.leaplytics.de\/ro\/wp-json\/wp\/v2\/media?parent=13065"}],"curies":[{"name":"wp","href":"https:\/\/api.w.org\/{rel}","templated":true}]}}