{"id":13130,"date":"2024-02-19T14:11:39","date_gmt":"2024-02-19T13:11:39","guid":{"rendered":"https:\/\/www.leaplytics.de\/?page_id=13130"},"modified":"2024-02-20T10:03:59","modified_gmt":"2024-02-20T09:03:59","slug":"lasati-power-bi-sa-va-imbunatateasca-managementul-proiectelor","status":"publish","type":"page","link":"https:\/\/www.leaplytics.de\/ro\/lasati-power-bi-sa-va-imbunatateasca-managementul-proiectelor\/","title":{"rendered":"L\u0103sa\u021bi Power BI s\u0103 v\u0103 \u00eembun\u0103t\u0103\u021beasc\u0103 managementul proiectelor"},"content":{"rendered":"<p>\u00cen peisajul dinamic al gestion\u0103rii proiectelor, \u00een care precizia \u0219i previziunea sunt esen\u021biale, utilizarea tehnologiei este crucial\u0103. Microsoft Power BI a ap\u0103rut ca o schimbare de joc. Power BI ofer\u0103 managerilor de proiect o platform\u0103 dinamic\u0103 pentru \u00eembun\u0103t\u0103\u021birea proceselor lor decizionale.<\/p>\n\n\n\n<p>\u00cen acest ghid cuprinz\u0103tor, vom explora modul \u00een care Power BI poate \u00eembun\u0103t\u0103\u021bi fiecare faz\u0103<sup>1 <\/sup>de gestionare a proiectelor. Vorbim despre aspectele fundamentale ale unui tablou de bord puternic pentru gestionarea proiectelor.<\/p>\n\n\n\n<h3 class=\"wp-block-heading\" style=\"font-size:30px\">Faza de planificare a proiectului<\/h3>\n\n\n\n<p class=\"has-medium-font-size\">1. <strong>Defini\u021bi problema real\u0103:<\/strong><\/p>\n\n\n\n<p>\u00cenainte de a v\u0103 lansa \u00een proiect, este esen\u021bial s\u0103 identifica\u021bi problema pe care \u00eencerca\u021bi s\u0103 o rezolva\u021bi. Power BI v\u0103 ajut\u0103 \u00een acest sens, ajut\u00e2ndu-v\u0103 s\u0103 analiza\u021bi datele istorice, s\u0103 identifica\u021bi modele \u0219i s\u0103 descoperi\u021bi problemele subiacente. Vizualiza\u021bi factorii de succes \u0219i de e\u0219ec ai proiectelor anterioare pentru a lua decizii \u00een cuno\u0219tin\u021b\u0103 de cauz\u0103.<\/p>\n\n\n\n<p class=\"has-medium-font-size\">2. <strong>Identificarea p\u0103r\u021bilor interesate:<\/strong><\/p>\n\n\n\n<p>Capacit\u0103\u021bile Power BI se extind la gestionarea p\u0103r\u021bilor interesate. Crea\u021bi imagini care eviden\u021biaz\u0103 diferitele func\u021bii sau persoane afectate de proiect. Utiliza\u021bi organigrame interactive pentru a prezenta contribu\u021biile \u0219i a\u0219tept\u0103rile acestora. Astfel, asigur\u0103m alinierea de la \u00eenceput.<\/p>\n\n\n\n<p class=\"has-medium-font-size\">3. <strong>Definirea obiectivelor proiectului:<\/strong><\/p>\n\n\n\n<p>Crearea unor obiective explicite \u0219i u\u0219or de gestionat este o provocare. De asemenea, a\u0219tept\u0103rile \u0219i obiectivele p\u0103r\u021bilor interesate se pot schimba \u00een cadrul proiectului. Flexibilitatea Power BI v\u0103 permite s\u0103 adapta\u021bi obiectivele pe m\u0103sur\u0103 ce aduna\u021bi mai multe informa\u021bii. De exemplu, crea\u021bi elemente vizuale care actualizeaz\u0103 obiectivele pe baza datelor \u00een timp real.<\/p>\n\n\n\n<p class=\"has-medium-font-size\">4. <strong>Determina\u021bi domeniul de aplicare, resursele \u0219i sarcinile principale:<\/strong><\/p>\n\n\n\n<p>Vizualiza\u021bi domeniul de aplicare \u0219i sarcinile proiectului, estima\u021bi termenele \u0219i costurile. Acest lucru v\u0103 ajut\u0103 s\u0103 v\u0103 asigura\u021bi c\u0103 ave\u021bi o \u00een\u021belegere clar\u0103 a cerin\u021belor de resurse. Utiliza\u021bi Power BI pentru a defalca activit\u0103\u021bile complexe cu ajutorul unei structuri de defalcare a muncii (WBS).<\/p>\n\n\n\n<p class=\"has-medium-font-size\">5. <strong>Preg\u0103ti\u021bi-v\u0103 pentru compromisuri:<\/strong><\/p>\n\n\n\n<p>Power BI ajut\u0103 la stabilirea unui echilibru \u00eentre timp, costuri \u0219i calitate. Integra\u021bi-v\u0103 datele pentru a crea imagini care arat\u0103 modul \u00een care varia\u021biile acestor variabile afecteaz\u0103 rezultatele proiectului. Aceast\u0103 transparen\u021b\u0103 faciliteaz\u0103 luarea deciziilor \u00een cuno\u0219tin\u021b\u0103 de cauz\u0103 \u0219i alinierea p\u0103r\u021bilor interesate.<\/p>\n\n\n\n<h3 class=\"wp-block-heading\" style=\"font-size:30px\">Faza de construire a proiectului<\/h3>\n\n\n\n<p class=\"has-medium-font-size\">6. <strong>Alc\u0103tuie\u0219te-\u021bi echipa:<\/strong><\/p>\n\n\n\n<p>Utiliza\u021bi Power BI pentru a evalua competen\u021bele necesare \u0219i a vizualiza componen\u021ba echipei. Utiliza\u021bi elementele vizuale pentru a identifica lacunele \u00een materie de competen\u021be, pentru a planifica formarea \u0219i pentru a v\u0103 preg\u0103ti echipa pentru succes.<\/p>\n\n\n\n<p class=\"has-medium-font-size\">7. <strong>Planifica\u021bi atribu\u021biile:<\/strong><\/p>\n\n\n\n<p>Crea\u021bi imagini care faciliteaz\u0103 comunicarea transparent\u0103 \u00een cadrul echipei. Vizualiza\u021bi sarcinile, competen\u021bele necesare \u0219i seturile de competen\u021be individuale, asigur\u00e2nd o dinamic\u0103 coerent\u0103 a echipei.<\/p>\n\n\n\n<p class=\"has-medium-font-size\">8. <strong>Crea\u021bi programul:<\/strong><\/p>\n\n\n\n<p>Capacit\u0103\u021bile Power BI se extind la programarea proiectelor prin diagramele Gantt. Crea\u021bi elemente vizuale care ilustreaz\u0103 termenele, identific\u0103 c\u0103ile critice \u0219i se aliniaz\u0103 la termenele fixe. Men\u021bine\u021bi un program realist \u00een cadrul constr\u00e2ngerilor.<\/p>\n\n\n\n<p class=\"has-medium-font-size\">9. <strong>Organiza\u021bi o reuniune de lansare:<\/strong><\/p>\n\n\n\n<p>Majoritatea imaginilor Power BI pot fi exportate \u00een MS PowerPoint. \u00cen timpul \u00eent\u00e2lnirii de lansare, utiliza\u021bi elementele vizuale Power BI pentru a explica planul, obiectivele \u0219i calendarul proiectului. \u00cencuraja\u021bi membrii echipei s\u0103 ofere contribu\u021bii, promov\u00e2nd colaborarea \u0219i \u00een\u021belegerea comun\u0103.<\/p>\n\n\n\n<p class=\"has-medium-font-size\">10. <strong>Elabora\u021bi un buget:<\/strong><\/p>\n\n\n\n<p>Utiliza\u021bi Power BI pentru a crea un buget cuprinz\u0103tor. Vizualiza\u021bi costurile pe categorii, solicita\u021bi contribu\u021bia p\u0103r\u021bilor interesate \u0219i men\u021bine\u021bi flexibilitatea \u00een limitele bugetului.<\/p>\n\n\n\n<h3 class=\"wp-block-heading\" style=\"font-size:30px\">Faza de implementare a proiectului<\/h3>\n\n\n\n<p class=\"has-medium-font-size\">11. <strong>Monitorizarea \u0219i controlul procesului \u0219i al bugetului:<\/strong><\/p>\n\n\n\n<p>Instala\u021bi elemente vizuale de monitorizare a proiectelor \u00een Power BI, cum ar fi matricea noastr\u0103 de risc Power BI. Vizualizarea riscurilor al\u0103turi de progresul proiectului permite o vedere holistic\u0103 a poten\u021bialelor provoc\u0103ri. Iat\u0103 cum:<\/p>\n\n\n\n<p><strong>Evaluarea impactului \u0219i probabilit\u0103\u021bii riscurilor:<\/strong> Matricea riscurilor pentru Power BI ajut\u0103 la evaluarea impactului \u0219i probabilit\u0103\u021bii fiec\u0103rui risc. Utiliza\u021bi celule cu coduri de culoare pentru a reprezenta gravitatea riscurilor. Acest lucru permite identificarea rapid\u0103 a zonelor cu impact ridicat.<\/p>\n\n\n\n<p><strong>Urm\u0103rirea bugetului \u00een timp real:<\/strong> Combina\u021bi imaginile de urm\u0103rire a bugetului cu matricea riscurilor. Aloca\u021bi implica\u021bii bugetare fiec\u0103rui risc identificat, oferind o imagine de ansamblu cuprinz\u0103toare a impactului financiar poten\u021bial. Pe m\u0103sur\u0103 ce riscurile evolueaz\u0103, vizualiz\u0103rile bugetare se actualizeaz\u0103 \u00een timp real, asigur\u00e2nd o monitorizare financiar\u0103 precis\u0103.<\/p>\n\n\n\n<p><strong>Drill-through pentru analiz\u0103 detaliat\u0103:<\/strong> Avansa\u021bi matricea de risc prin func\u021bionalit\u0103\u021bi de tip drill-through. Aprofundarea unui anumit risc poate include o analiz\u0103 detaliat\u0103, afi\u0219area implica\u021biilor financiare relevante \u0219i a strategiilor de atenuare necesare.<\/p>\n\n\n\n<div class=\"wp-block-buttons is-layout-flex wp-block-buttons-is-layout-flex\">\n<div class=\"wp-block-button has-custom-font-size\" style=\"font-size:18px\"><a class=\"wp-block-button__link has-background wp-element-button\" href=\"https:\/\/www.leaplytics.de\/ro\/prima-pagina\/management-de-proiect-imagini-personalizate-microsoft-powerbi\/harta-de-caldura-a-riscurilor-imagine-personalizata-pentru-power-bi\/\" style=\"background-color:#22316d\">Consulta\u021bi aici \"Matricea de risc\" vizual\u0103 personalizat\u0103 pentru Power BI!<\/a><\/div>\n<\/div>\n\n\n\n<p><\/p>\n\n\n\n<p class=\"has-medium-font-size\">12. <strong>R\u0103spuns flexibil la schimb\u0103ri:<\/strong><\/p>\n\n\n\n<p>Capabilit\u0103\u021bile de date \u00een timp real ale Power BI v\u0103 permit s\u0103 r\u0103spunde\u021bi prompt la schimb\u0103ri. Vizualiza\u021bi datele pentru a identifica problemele poten\u021biale, permi\u021b\u00e2nd luarea de decizii proactive \u0219i corectarea cursului.<\/p>\n\n\n\n<p class=\"has-medium-font-size\">13. <strong>Raport de progres:<\/strong><\/p>\n\n\n\n<p>Crea\u021bi imagini pentru p\u0103r\u021bile interesate pentru a furniza actualiz\u0103ri regulate \u0219i rapoarte de stare. Exportul elementelor vizuale \u00een PowerPoint va face ca \u00eent\u00e2lnirile periodice de evaluare a situa\u021biei s\u0103 fie foarte u\u0219oare. Power BI v\u0103 permite s\u0103 personaliza\u021bi rapoartele \u00een func\u021bie de preferin\u021bele p\u0103r\u021bilor interesate, promov\u00e2nd transparen\u021ba \u0219i \u00eencrederea.<\/p>\n\n\n\n<p class=\"has-medium-font-size\">14. <strong>Organiza\u021bi \u00eent\u00e2lniri s\u0103pt\u0103m\u00e2nale ale echipei:<\/strong><\/p>\n\n\n\n<p>Utiliza\u021bi Power BI pentru a structura \u00eent\u00e2lnirile echipei \u00een func\u021bie de parametrii cheie. Vizualiza\u021bi datele privind performan\u021ba, discuta\u021bi despre obiectivele ratate \u0219i s\u0103rb\u0103tori\u021bi succesele. Instrumentul ajut\u0103 la men\u021binerea concentr\u0103rii asupra activit\u0103\u021bilor esen\u021biale \u0219i men\u021bine echipa aliniat\u0103.<\/p>\n\n\n\n<p class=\"has-medium-font-size\">15. <strong>Gestiona\u021bi problemele:<\/strong><\/p>\n\n\n\n<p>Vizualiz\u0103rile Power BI v\u0103 pot ajuta s\u0103 identifica\u021bi \u0219i s\u0103 gestiona\u021bi problemele emergente. Urm\u0103ri\u021bi dinamica echipei \u0219i metricile proiectului pentru a aborda problemele \u00eenainte ca acestea s\u0103 escaladeze. Aici, matricea riscurilor ajut\u0103 la urm\u0103rirea \u0219i abordarea riscurilor pentru a preveni rezultatele negative.<\/p>\n\n\n\n<h3 class=\"wp-block-heading\" style=\"font-size:30px\">Faza de \u00eenchidere a proiectului<\/h3>\n\n\n\n<p class=\"has-medium-font-size\">16. <strong>Evalua\u021bi performan\u021ba proiectului:<\/strong><\/p>\n\n\n\n<p>Utiliza\u021bi Power BI pentru a compara progresul proiectului cu domeniul de aplicare definit ini\u021bial. Vizualiza\u021bi parametrii de performan\u021b\u0103 pentru a ini\u021bia discu\u021bii cu p\u0103r\u021bile interesate cu privire la finalizarea \u0219i succesul proiectului. De asemenea, compara\u021bi parametrii proiectului cu succesele sau e\u0219ecurile proiectelor anterioare.<\/p>\n\n\n\n<p class=\"has-medium-font-size\">17. <strong>\u00cenchide\u021bi proiectul:<\/strong><\/p>\n\n\n\n<p>Vizualiza\u021bi etapele implicate \u00een \u00eencheierea proiectului. Power BI ajut\u0103 la documentarea \u0219i comunicarea proceselor de \u00eencheiere a proiectului. Prin urmare, asigur\u0103m o tranzi\u021bie lin\u0103 a livrabilelor.<\/p>\n\n\n\n<h3 class=\"wp-block-heading\" style=\"font-size:30px\">Debrief<\/h3>\n\n\n\n<p>Integra\u021bi Power BI \u00een fiecare faz\u0103 a proiectului pentru a crea un tablou de bord al proiectului cuprinz\u0103tor \u0219i dinamic. Nu toate elementele vizuale sunt obligatorii, \u00eens\u0103 aplicarea Power BI v\u0103 va ajuta s\u0103 v\u0103 men\u021bine\u021bi \u00een fruntea proiectului \u00een fiecare faz\u0103. \u00cemputernici\u021bi-v\u0103 echipa cu informa\u021bii utile, \u00eencuraja\u021bi colaborarea \u0219i naviga\u021bi prin complexitatea gestion\u0103rii proiectelor. Succesul proiectului nu mai este doar un obiectiv, cu Power BI este o c\u0103l\u0103torie vizualizat\u0103.<\/p>\n\n\n\n<p><\/p>\n\n\n\n<hr class=\"wp-block-separator has-alpha-channel-opacity\"\/>\n\n\n\n<p class=\"has-small-font-size\"><sup>1<\/sup> Fazele proiectului din acest articol se bazeaz\u0103 pe urm\u0103torul articol: <a href=\"https:\/\/hbr.org\/2016\/11\/the-four-phases-of-project-management\">Harvard Business Review. (2016, 3 noiembrie). <em>Cele patru faze ale managementului de proiect<\/em>.<\/a><\/p>","protected":false},"excerpt":{"rendered":"<p>In the dynamic landscape of project management, where precision and foresight are paramount, leveraging technology is crucial. Microsoft Power BI has emerged as a game-changer. Power BI offers project managers a dynamic platform to enhance their decision-making processes. In this comprehensive guide, we will explore how Power BI can level up each phase1 of project &hellip; <\/p>","protected":false},"author":55,"featured_media":13133,"parent":0,"menu_order":0,"comment_status":"closed","ping_status":"closed","template":"","meta":{"footnotes":"[]"},"class_list":["post-13130","page","type-page","status-publish","has-post-thumbnail","hentry","latest_post"],"_links":{"self":[{"href":"https:\/\/www.leaplytics.de\/ro\/wp-json\/wp\/v2\/pages\/13130","targetHints":{"allow":["GET"]}}],"collection":[{"href":"https:\/\/www.leaplytics.de\/ro\/wp-json\/wp\/v2\/pages"}],"about":[{"href":"https:\/\/www.leaplytics.de\/ro\/wp-json\/wp\/v2\/types\/page"}],"author":[{"embeddable":true,"href":"https:\/\/www.leaplytics.de\/ro\/wp-json\/wp\/v2\/users\/55"}],"replies":[{"embeddable":true,"href":"https:\/\/www.leaplytics.de\/ro\/wp-json\/wp\/v2\/comments?post=13130"}],"version-history":[{"count":7,"href":"https:\/\/www.leaplytics.de\/ro\/wp-json\/wp\/v2\/pages\/13130\/revisions"}],"predecessor-version":[{"id":13144,"href":"https:\/\/www.leaplytics.de\/ro\/wp-json\/wp\/v2\/pages\/13130\/revisions\/13144"}],"wp:featuredmedia":[{"embeddable":true,"href":"https:\/\/www.leaplytics.de\/ro\/wp-json\/wp\/v2\/media\/13133"}],"wp:attachment":[{"href":"https:\/\/www.leaplytics.de\/ro\/wp-json\/wp\/v2\/media?parent=13130"}],"curies":[{"name":"wp","href":"https:\/\/api.w.org\/{rel}","templated":true}]}}