{"id":13166,"date":"2024-03-05T13:53:47","date_gmt":"2024-03-05T12:53:47","guid":{"rendered":"https:\/\/www.leaplytics.de\/?page_id=13166"},"modified":"2024-03-05T13:55:59","modified_gmt":"2024-03-05T12:55:59","slug":"vizualizator-de-text-rtf-vizual-pentru-power-bi","status":"publish","type":"page","link":"https:\/\/www.leaplytics.de\/ro\/vizualizator-de-text-rtf-vizual-pentru-power-bi\/","title":{"rendered":"Vizualizator text RTF Visual pentru Power BI"},"content":{"rendered":"<p>C\u0103uta\u021bi un vizualizator de date care v\u0103 converte\u0219te fi\u0219ierul RTF \u00een text frumos formatat? Un editor de text cu drepturi depline care poate fi integrat perfect \u00een tabloul dvs. de bord.<\/p>\n\n\n\n<p>Dezvolt\u0103m materiale vizuale pentru Power BI care abordeaz\u0103 punctele nevralgice ale clien\u021bilor no\u0219tri. Cu materialele noastre vizuale Power BI certificate MS, urm\u0103rim s\u0103 facem via\u021ba clien\u021bilor no\u0219tri mai u\u0219oar\u0103 \u0219i mai eficient\u0103!<\/p>\n\n\n\n<p>\u00cen prezent, lucr\u0103m la un vizualizator de text care converte\u0219te datele RTF \u00een text frumos formatat.<\/p>\n\n\n\n<p>Trimite\u021bi datele dvs. de contact de mai jos \u0219i al\u0103tura\u021bi-v\u0103 listei noastre de a\u0219teptare acum pentru a fi notificat atunci c\u00e2nd RTF Text Viewer vizual este gata de utilizare!<\/p>\n\n\n<div class=\"wpforms-container wpforms-container-full\" id=\"wpforms-13195\"><form id=\"wpforms-form-13195\" class=\"wpforms-validate wpforms-form wpforms-ajax-form\" data-formid=\"13195\" method=\"post\" enctype=\"multipart\/form-data\" action=\"\/ro\/wp-json\/wp\/v2\/pages\/13166\" data-token=\"f9ff104fd44ad46dcbd70a21bb7ea9cb\" data-token-time=\"1775823671\" data-trp-original-action=\"\/ro\/wp-json\/wp\/v2\/pages\/13166\"><noscript class=\"wpforms-error-noscript\">V\u0103 rug\u0103m s\u0103 activa\u021bi JavaScript \u00een browserul dvs. pentru a completa acest formular.<\/noscript><div class=\"wpforms-field-container\"><div id=\"wpforms-13195-field_0-container\" class=\"wpforms-field wpforms-field-name\" data-field-id=\"0\"><label class=\"wpforms-field-label\">Nume \u0219i prenume <span class=\"wpforms-required-label\">*<\/span><\/label><div class=\"wpforms-field-row wpforms-field-medium\"><div class=\"wpforms-field-row-block wpforms-first wpforms-one-half\"><input type=\"text\" id=\"wpforms-13195-field_0\" class=\"wpforms-field-name-first wpforms-field-required\" name=\"wpforms[fields][0][first]\" required><label for=\"wpforms-13195-field_0\" class=\"wpforms-field-sublabel after\">\u00cen primul r\u00e2nd<\/label><\/div><div class=\"wpforms-field-row-block wpforms-one-half\"><input type=\"text\" id=\"wpforms-13195-field_0-last\" class=\"wpforms-field-name-last wpforms-field-required\" name=\"wpforms[fields][0][last]\" required><label for=\"wpforms-13195-field_0-last\" class=\"wpforms-field-sublabel after\">Ultimele<\/label><\/div><\/div><\/div><div id=\"wpforms-13195-field_1-container\" class=\"wpforms-field wpforms-field-email\" data-field-id=\"1\"><label class=\"wpforms-field-label\" for=\"wpforms-13195-field_1\">Email de afaceri <span class=\"wpforms-required-label\">*<\/span><\/label><input type=\"email\" id=\"wpforms-13195-field_1\" class=\"wpforms-field-medium wpforms-field-required\" data-rule-restricted-email=\"1\" name=\"wpforms[fields][1]\" spellcheck=\"false\" required><\/div><div id=\"wpforms-13195-field_4-container\" class=\"wpforms-field wpforms-field-text\" data-field-id=\"4\"><label class=\"wpforms-field-label\" for=\"wpforms-13195-field_4\">Compania <span class=\"wpforms-required-label\">*<\/span><\/label><input type=\"text\" id=\"wpforms-13195-field_4\" class=\"wpforms-field-medium wpforms-field-required\" name=\"wpforms[fields][4]\" required><\/div><div id=\"wpforms-13195-field_3-container\" class=\"wpforms-field wpforms-field-gdpr-checkbox\" data-field-id=\"3\"><label class=\"wpforms-field-label\">Acordul GDPR <span class=\"wpforms-required-label\">*<\/span><\/label><ul id=\"wpforms-13195-field_3\" class=\"wpforms-field-required\"><li class=\"choice-1\"><input type=\"checkbox\" id=\"wpforms-13195-field_3_1\" name=\"wpforms[fields][3][]\" value=\"I consent to having this website store my submitted information so they can respond to my inquiry.\" required><label class=\"wpforms-field-label-inline\" for=\"wpforms-13195-field_3_1\">Sunt de acord ca acest site web s\u0103 stocheze informa\u021biile trimise de mine pentru a putea r\u0103spunde la solicitarea mea.<\/label><\/li><\/ul><\/div><\/div><!-- .wpforms-field-container --><div class=\"wpforms-recaptcha-container wpforms-is-recaptcha wpforms-is-recaptcha-type-v3\" ><input type=\"hidden\" name=\"wpforms[recaptcha]\" value=\"\"><\/div><div class=\"wpforms-submit-container\" ><input type=\"hidden\" name=\"wpforms[id]\" value=\"13195\"><input type=\"hidden\" name=\"page_title\" value=\"\"><input type=\"hidden\" name=\"page_url\" value=\"https:\/\/www.leaplytics.de\/ro\/wp-json\/wp\/v2\/pages\/13166\"><input type=\"hidden\" name=\"url_referer\" value=\"\"><button type=\"submit\" name=\"wpforms[submit]\" id=\"wpforms-submit-13195\" class=\"wpforms-submit\" data-alt-text=\"Sending...\" data-submit-text=\"Submit\" aria-live=\"assertive\" value=\"wpforms-submit\">Trimite<\/button><img loading=\"lazy\" decoding=\"async\" src=\"https:\/\/www.leaplytics.de\/wp-content\/plugins\/wpforms-lite\/assets\/images\/submit-spin.svg\" class=\"wpforms-submit-spinner\" style=\"display: none;\" width=\"26\" height=\"26\" alt=\"\u00cenc\u0103rcare\"><\/div><input type=\"hidden\" name=\"trp-form-language\" value=\"ro\"\/><\/form><\/div>  <!-- .wpforms-container -->","protected":false},"excerpt":{"rendered":"<p>Are you looking for a data visual that converts your RTF file into beautifully formatted text? A full-fledged text editor that can be seamlessly integrated into your dashboard. We develop visuals for Power BI addressing the pain points of our clients. With our MS-certified Power BI visuals we pursue to make the lifes of our &hellip; <\/p>","protected":false},"author":55,"featured_media":0,"parent":0,"menu_order":0,"comment_status":"closed","ping_status":"closed","template":"","meta":{"footnotes":""},"class_list":["post-13166","page","type-page","status-publish","hentry","latest_post"],"_links":{"self":[{"href":"https:\/\/www.leaplytics.de\/ro\/wp-json\/wp\/v2\/pages\/13166","targetHints":{"allow":["GET"]}}],"collection":[{"href":"https:\/\/www.leaplytics.de\/ro\/wp-json\/wp\/v2\/pages"}],"about":[{"href":"https:\/\/www.leaplytics.de\/ro\/wp-json\/wp\/v2\/types\/page"}],"author":[{"embeddable":true,"href":"https:\/\/www.leaplytics.de\/ro\/wp-json\/wp\/v2\/users\/55"}],"replies":[{"embeddable":true,"href":"https:\/\/www.leaplytics.de\/ro\/wp-json\/wp\/v2\/comments?post=13166"}],"version-history":[{"count":5,"href":"https:\/\/www.leaplytics.de\/ro\/wp-json\/wp\/v2\/pages\/13166\/revisions"}],"predecessor-version":[{"id":13204,"href":"https:\/\/www.leaplytics.de\/ro\/wp-json\/wp\/v2\/pages\/13166\/revisions\/13204"}],"wp:attachment":[{"href":"https:\/\/www.leaplytics.de\/ro\/wp-json\/wp\/v2\/media?parent=13166"}],"curies":[{"name":"wp","href":"https:\/\/api.w.org\/{rel}","templated":true}]}}