{"id":13321,"date":"2024-04-09T20:47:19","date_gmt":"2024-04-09T18:47:19","guid":{"rendered":"https:\/\/www.leaplytics.de\/?page_id=13321"},"modified":"2024-04-17T15:17:27","modified_gmt":"2024-04-17T13:17:27","slug":"matrice-de-oportunitati-pentru-power-bi","status":"publish","type":"page","link":"https:\/\/www.leaplytics.de\/ro\/matrice-de-oportunitati-pentru-power-bi\/","title":{"rendered":"Matricea oportunit\u0103\u021bilor pentru Power BI - Valorifica\u021bi pentru a v\u0103 debloca avantajul competitiv"},"content":{"rendered":"<p>Pentru managerii de proiect \u0219i de risc, valorificarea oportunit\u0103\u021bilor este la fel de important\u0103 ca \u0219i atenuarea riscurilor. Prin adaptarea imaginii noastre Matricea riscurilor pentru Power BI, o putem transforma \u00eentr-o Matrice a oportunit\u0103\u021bilor. Aceast\u0103 abordare permite identificarea \u0219i valorificarea oportunit\u0103\u021bilor care genereaz\u0103 avantaje competitive.<\/p>\n\n\n\n<figure class=\"wp-block-embed is-type-video is-provider-youtube wp-block-embed-youtube wp-embed-aspect-16-9 wp-has-aspect-ratio\"><div class=\"wp-block-embed__wrapper\">\n<iframe loading=\"lazy\" title=\"Matricea oportunit\u0103\u021bilor pentru Power BI - LeapLytics\" width=\"770\" height=\"433\" src=\"https:\/\/www.youtube.com\/embed\/VzEAOzIjrZY?feature=oembed\" frameborder=\"0\" allow=\"accelerometer; autoplay; clipboard-write; encrypted-media; gyroscope; picture-in-picture; web-share\" referrerpolicy=\"strict-origin-when-cross-origin\" allowfullscreen><\/iframe>\n<\/div><figcaption class=\"wp-element-caption\">\u00cen videoclipul nostru de pe YouTube, v\u0103 prezent\u0103m cum s\u0103 configura\u021bi o matrice de oportunit\u0103\u021bi \u00een Power BI.<\/figcaption><\/figure>\n\n\n\n<h3 class=\"wp-block-heading has-medium-font-size\"><strong>De ce este important\u0103 gestionarea oportunit\u0103\u021bilor<\/strong><\/h3>\n\n\n\n<p>Gestionarea oportunit\u0103\u021bilor este esen\u021bial\u0103 pentru \u00eentreprinderile care doresc o cre\u0219tere durabil\u0103 \u0219i un avantaj competitiv. Este vorba despre identificarea \u0219i valorificarea oportunit\u0103\u021bilor. Organiza\u021biile pot valorifica tendin\u021bele pie\u021bei, inovarea \u0219i tehnologiile emergente. Aceasta permite, de asemenea, \u00eembun\u0103t\u0103\u021birea continu\u0103 a calit\u0103\u021bii produselor \u0219i serviciilor. \u00cen plus, gestionarea eficient\u0103 a oportunit\u0103\u021bilor permite \u00eentreprinderilor s\u0103 r\u0103m\u00e2n\u0103 \u00eenaintea concuren\u021bilor. Adaptarea la nevoile \u0219i preferin\u021bele \u00een schimbare ale clien\u021bilor este esen\u021bial\u0103.<\/p>\n\n\n\n<h3 class=\"wp-block-heading has-medium-font-size\"><strong>Identificarea oportunit\u0103\u021bilor din diverse surse<\/strong><\/h3>\n\n\n\n<p>Pentru a identifica oportunit\u0103\u021bile, trebuie s\u0103 apel\u0103m la toate sursele pe care le cunoa\u0219tem.<\/p>\n\n\n\n<div class=\"wp-block-columns is-layout-flex wp-container-core-columns-is-layout-1 wp-block-columns-is-layout-flex\">\n<div class=\"wp-block-column is-layout-flow wp-block-column-is-layout-flow\" style=\"flex-basis:2%\">\n<p><strong>1.<\/strong><\/p>\n<\/div>\n\n\n\n<div class=\"wp-block-column is-layout-flow wp-block-column-is-layout-flow\" style=\"flex-basis:98%\">\n<p><strong>Evalua\u021bi-v\u0103 peisajul concuren\u021bial:<\/strong> Evaluarea mediului de afaceri presupune analizarea punctelor forte, a punctelor slabe, a pozi\u021bion\u0103rii pe pia\u021b\u0103 \u0219i a strategiilor concuren\u021bilor. Benchmarking-ul sau o analiz\u0103 SWOT pot fi instrumente puternice. Descoperirea celor mai bune practici ale concuren\u021bilor poate dezv\u0103lui poten\u021biale oportunit\u0103\u021bi.<\/p>\n<\/div>\n<\/div>\n\n\n\n<div class=\"wp-block-columns is-layout-flex wp-container-core-columns-is-layout-2 wp-block-columns-is-layout-flex\">\n<div class=\"wp-block-column is-layout-flow wp-block-column-is-layout-flow\" style=\"flex-basis:2%\">\n<p><strong>2.<\/strong><\/p>\n<\/div>\n\n\n\n<div class=\"wp-block-column is-layout-flow wp-block-column-is-layout-flow\" style=\"flex-basis:98%\">\n<p><strong>\u00cen\u021belege\u021bi din timp nevoile clien\u021bilor: <\/strong>R\u0103m\u00e2ne\u021bi la curent cu tendin\u021bele pie\u021bei, comportamentul consumatorilor \u0219i preferin\u021bele emergente. Studiile de pia\u021b\u0103, feedback-ul clien\u021bilor \u0219i analiza modelelor de cump\u0103rare ajut\u0103 la anticiparea nevoilor clien\u021bilor.<\/p>\n<\/div>\n<\/div>\n\n\n\n<div class=\"wp-block-columns is-layout-flex wp-container-core-columns-is-layout-3 wp-block-columns-is-layout-flex\">\n<div class=\"wp-block-column is-layout-flow wp-block-column-is-layout-flow\" style=\"flex-basis:2%\">\n<p><strong>3.<\/strong><\/p>\n<\/div>\n\n\n\n<div class=\"wp-block-column is-layout-flow wp-block-column-is-layout-flow\" style=\"flex-basis:98%\">\n<p><strong>\u00cencuraja\u021bi inovarea \u0219i instala\u021bi practici de partajare a cuno\u0219tin\u021belor:<\/strong> Promovarea unei culturi a inov\u0103rii \u0219i a creativit\u0103\u021bii. Aducerea laolalt\u0103 a oamenilor din diferite segmente poate fi un motor important al schimbului de cuno\u0219tin\u021be. Acest lucru poate duce la idei mai inovatoare prin g\u00e2ndire \"out-of-the-box\".<\/p>\n<\/div>\n<\/div>\n\n\n\n<div class=\"wp-block-columns is-layout-flex wp-container-core-columns-is-layout-4 wp-block-columns-is-layout-flex\">\n<div class=\"wp-block-column is-layout-flow wp-block-column-is-layout-flow\" style=\"flex-basis:2%\">\n<p><strong>4.<\/strong><\/p>\n<\/div>\n\n\n\n<div class=\"wp-block-column is-layout-flow wp-block-column-is-layout-flow\" style=\"flex-basis:98%\">\n<p><strong>Identifica\u021bi Slack \u0219i g\u0103si\u021bi cauzele principale:<\/strong> Slack se refer\u0103 la resurse, procese sau capacit\u0103\u021bi subutilizate \u00een cadrul unei organiza\u021bii. Scopul este de a identifica zonele de sl\u0103biciune \u0219i de a investiga cauzele profunde din spatele acestora. \u00cen acest fel, pute\u021bi descoperi oportunit\u0103\u021bi ascunse de optimizare \u0219i \u00eembun\u0103t\u0103\u021bire. Auditurile proceselor \u0219i feedback-ul angaja\u021bilor pot servi drept strategii de identificare.<\/p>\n<\/div>\n<\/div>\n\n\n\n<div class=\"wp-block-columns is-layout-flex wp-container-core-columns-is-layout-5 wp-block-columns-is-layout-flex\">\n<div class=\"wp-block-column is-layout-flow wp-block-column-is-layout-flow\" style=\"flex-basis:2%\">\n<p><strong>5.<\/strong><\/p>\n<\/div>\n\n\n\n<div class=\"wp-block-column is-layout-flow wp-block-column-is-layout-flow\" style=\"flex-basis:98%\">\n<p><strong>Nu uita\u021bi de riscuri, acestea ar putea acoperi oportunit\u0103\u021bi: <\/strong>Riscurile sunt privite de obicei ca poten\u021biale amenin\u021b\u0103ri la adresa opera\u021biunilor de afaceri. Dar acestea pot, de asemenea, s\u0103 scoat\u0103 la iveal\u0103 oportunit\u0103\u021bi ascunse. Analiz\u00e2nd \u0219i gestion\u00e2nd riscurile, g\u00e2ndi\u021bi-v\u0103 c\u0103 a\u021bi putea transforma unele dintre ele \u00een oportunit\u0103\u021bi. De exemplu, amenin\u021b\u0103rile fixe la adresa securit\u0103\u021bii cibernetice pot duce la cre\u0219terea \u00eencrederii \u0219i loialit\u0103\u021bii clien\u021bilor.<\/p>\n<\/div>\n<\/div>\n\n\n\n<div class=\"wp-block-columns is-layout-flex wp-container-core-columns-is-layout-6 wp-block-columns-is-layout-flex\">\n<div class=\"wp-block-column is-layout-flow wp-block-column-is-layout-flow\" style=\"flex-basis:2%\">\n<p><strong>6.<\/strong><\/p>\n<\/div>\n\n\n\n<div class=\"wp-block-column is-layout-flow wp-block-column-is-layout-flow\" style=\"flex-basis:98%\">\n<p><strong>Deveni\u021bi pionierul sustenabil al industriei dumneavoastr\u0103:<\/strong> Adoptarea sustenabilit\u0103\u021bii poate deschide noi oportunit\u0103\u021bi de inovare, reducere a costurilor \u0219i diferen\u021biere. Identifica\u021bi modalit\u0103\u021bi de reducere a emisiilor \u0219i de optimizare a utiliz\u0103rii resurselor. Rezultatul va fi reducerea costurilor, loialitatea clien\u021bilor \u0219i \u00eembun\u0103t\u0103\u021birea reputa\u021biei m\u0103rcii.<\/p>\n<\/div>\n<\/div>\n\n\n\n<h3 class=\"wp-block-heading has-medium-font-size\"><strong>Beneficiile gestion\u0103rii oportunit\u0103\u021bilor<\/strong><\/h3>\n\n\n\n<p>Gestionarea eficient\u0103 a oportunit\u0103\u021bilor ofer\u0103 numeroase beneficii. Printre acestea se num\u0103r\u0103 cre\u0219terea profitabilit\u0103\u021bii, \u00eembun\u0103t\u0103\u021birea pozi\u021bion\u0103rii pe pia\u021b\u0103, cre\u0219terea satisfac\u021biei clien\u021bilor \u0219i cre\u0219terea durabil\u0103 a afacerii. Prin identificarea \u0219i exploatarea proactiv\u0103 a oportunit\u0103\u021bilor, organiza\u021biile pot stimula inovarea. Acestea promoveaz\u0103 o cultur\u0103 a \u00eembun\u0103t\u0103\u021birii continue \u0219i \u00ee\u0219i maximizeaz\u0103 avantajul competitiv.<\/p>\n\n\n\n<h3 class=\"wp-block-heading has-medium-font-size\"><strong>\u00cen\u021belegerea matricei oportunit\u0103\u021bilor<\/strong><\/h3>\n\n\n\n<p>\u00cen esen\u021ba sa, matricea oportunit\u0103\u021bilor reflect\u0103 cunoscuta matrice a riscurilor. Evaluarea oportunit\u0103\u021bilor poten\u021biale cu privire la probabilitatea \u0219i impactul acestora. Matricea faciliteaz\u0103 detectarea, evaluarea \u0219i gestionarea oportunit\u0103\u021bilor. Principala prioritate este orientarea organiza\u021biilor c\u0103tre o performan\u021b\u0103 \u0219i o cre\u0219tere sporite.<\/p>\n\n\n\n<div class=\"wp-block-columns is-layout-flex wp-container-core-columns-is-layout-7 wp-block-columns-is-layout-flex\">\n<div class=\"wp-block-column is-vertically-aligned-center is-layout-flow wp-block-column-is-layout-flow\" style=\"flex-basis:150px\">\n<figure class=\"wp-block-image size-full is-resized\"><img loading=\"lazy\" decoding=\"async\" width=\"255\" height=\"259\" src=\"https:\/\/www.leaplytics.de\/wp-content\/uploads\/2024\/04\/Bild3.jpg\" alt=\"\" class=\"wp-image-13324\" style=\"width:100px\" srcset=\"https:\/\/www.leaplytics.de\/wp-content\/uploads\/2024\/04\/Bild3.jpg 255w, https:\/\/www.leaplytics.de\/wp-content\/uploads\/2024\/04\/Bild3-59x60.jpg 59w\" sizes=\"auto, (max-width: 255px) 100vw, 255px\" \/><\/figure>\n<\/div>\n\n\n\n<div class=\"wp-block-column is-layout-flow wp-block-column-is-layout-flow\" style=\"flex-basis:66.66%\">\n<p><strong>Op\u021biunea Tooltip prin mouse-over<\/strong><\/p>\n\n\n\n<p>Dac\u0103 trece\u021bi deasupra punctelor de date, ve\u021bi descoperi informa\u021bii detaliate. Aceasta permite utilizatorilor s\u0103 aprofundeze anumite oportunit\u0103\u021bi. Aceast\u0103 caracteristic\u0103 \u00eembun\u0103t\u0103\u021be\u0219te procesul de luare a deciziilor prin furnizarea de informa\u021bii complete dintr-o singur\u0103 privire.<\/p>\n<\/div>\n<\/div>\n\n\n\n<div class=\"wp-block-columns is-layout-flex wp-container-core-columns-is-layout-8 wp-block-columns-is-layout-flex\">\n<div class=\"wp-block-column is-vertically-aligned-center is-layout-flow wp-block-column-is-layout-flow\" style=\"flex-basis:150px\">\n<figure class=\"wp-block-image size-large is-resized\"><img loading=\"lazy\" decoding=\"async\" width=\"1024\" height=\"1024\" src=\"https:\/\/www.leaplytics.de\/wp-content\/uploads\/2022\/06\/Indicator-Settings-1024x1024.png\" alt=\"\" class=\"wp-image-8461\" style=\"width:128px;height:auto\" srcset=\"https:\/\/www.leaplytics.de\/wp-content\/uploads\/2022\/06\/Indicator-Settings-1024x1024.png 1024w, https:\/\/www.leaplytics.de\/wp-content\/uploads\/2022\/06\/Indicator-Settings-300x300.png 300w, https:\/\/www.leaplytics.de\/wp-content\/uploads\/2022\/06\/Indicator-Settings-150x150.png 150w, https:\/\/www.leaplytics.de\/wp-content\/uploads\/2022\/06\/Indicator-Settings-768x768.png 768w, https:\/\/www.leaplytics.de\/wp-content\/uploads\/2022\/06\/Indicator-Settings-1536x1536.png 1536w, https:\/\/www.leaplytics.de\/wp-content\/uploads\/2022\/06\/Indicator-Settings-370x370.png 370w, https:\/\/www.leaplytics.de\/wp-content\/uploads\/2022\/06\/Indicator-Settings-60x60.png 60w, https:\/\/www.leaplytics.de\/wp-content\/uploads\/2022\/06\/Indicator-Settings.png 1854w\" sizes=\"auto, (max-width: 1024px) 100vw, 1024px\" \/><\/figure>\n<\/div>\n\n\n\n<div class=\"wp-block-column is-layout-flow wp-block-column-is-layout-flow\">\n<p class=\"has-medium-font-size\"><strong>Formatare condi\u021bionat\u0103<\/strong><\/p>\n\n\n\n<p>Utiliza\u021bi reguli de formatare condi\u021bionat\u0103 pentru a eviden\u021bia oportunit\u0103\u021bi semnificative pe baza unor criterii predefinite. Aceast\u0103 caracteristic\u0103 spore\u0219te vizibilitatea \u0219i prioritizeaz\u0103 informa\u021biile utile pentru planificarea strategic\u0103 \u0219i execu\u021bie. \u00cen plus, formatarea condi\u021bionat\u0103 poate extinde matricea cu o alt\u0103 dimensiune. De exemplu, prin evaluarea fezabilit\u0103\u021bii fiec\u0103rei oportunit\u0103\u021bi prin coduri de culori. Nuan\u021be diferite de culoare ar putea reprezenta niveluri diferite de fezabilitate. Oferind p\u0103r\u021bilor interesate informa\u021bii valoroase cu privire la viabilitatea fiec\u0103rei oportunit\u0103\u021bi.<\/p>\n<\/div>\n<\/div>\n\n\n\n<div class=\"wp-block-columns is-layout-flex wp-container-core-columns-is-layout-9 wp-block-columns-is-layout-flex\">\n<div class=\"wp-block-column is-vertically-aligned-center is-layout-flow wp-block-column-is-layout-flow\" style=\"flex-basis:150px\">\n<figure class=\"wp-block-image size-full is-resized\"><img loading=\"lazy\" decoding=\"async\" width=\"355\" height=\"218\" src=\"https:\/\/www.leaplytics.de\/wp-content\/uploads\/2024\/04\/Bild2.jpg\" alt=\"\" class=\"wp-image-13323\" style=\"width:128px\" srcset=\"https:\/\/www.leaplytics.de\/wp-content\/uploads\/2024\/04\/Bild2.jpg 355w, https:\/\/www.leaplytics.de\/wp-content\/uploads\/2024\/04\/Bild2-300x184.jpg 300w, https:\/\/www.leaplytics.de\/wp-content\/uploads\/2024\/04\/Bild2-98x60.jpg 98w\" sizes=\"auto, (max-width: 355px) 100vw, 355px\" \/><\/figure>\n<\/div>\n\n\n\n<div class=\"wp-block-column is-layout-flow wp-block-column-is-layout-flow\" style=\"flex-basis:66.66%\">\n<p><strong>Op\u021biunea Drill-through pentru mai multe informa\u021bii<\/strong><\/p>\n\n\n\n<p>Naviga\u021bi printre straturile de date cu ajutorul func\u021biei drill-through. Aceasta permite utilizatorilor s\u0103 exploreze factorii de baz\u0103 care influen\u021beaz\u0103 fiecare oportunitate. Aceast\u0103 capacitate de scufundare profund\u0103 favorizeaz\u0103 o \u00een\u021belegere aprofundat\u0103 a poten\u021bialilor factori determinan\u021bi \u0219i a implica\u021biilor.<\/p>\n<\/div>\n<\/div>\n\n\n\n<div class=\"wp-block-columns is-layout-flex wp-container-core-columns-is-layout-10 wp-block-columns-is-layout-flex\">\n<div class=\"wp-block-column is-vertically-aligned-center is-layout-flow wp-block-column-is-layout-flow\" style=\"flex-basis:150px\">\n<figure class=\"wp-block-image size-large is-resized\"><img loading=\"lazy\" decoding=\"async\" width=\"1024\" height=\"1024\" src=\"https:\/\/www.leaplytics.de\/wp-content\/uploads\/2022\/05\/Color-Settings-1024x1024.png\" alt=\"\" class=\"wp-image-7710\" style=\"width:128px\" srcset=\"https:\/\/www.leaplytics.de\/wp-content\/uploads\/2022\/05\/Color-Settings-1024x1024.png 1024w, https:\/\/www.leaplytics.de\/wp-content\/uploads\/2022\/05\/Color-Settings-300x300.png 300w, https:\/\/www.leaplytics.de\/wp-content\/uploads\/2022\/05\/Color-Settings-150x150.png 150w, https:\/\/www.leaplytics.de\/wp-content\/uploads\/2022\/05\/Color-Settings-768x768.png 768w, https:\/\/www.leaplytics.de\/wp-content\/uploads\/2022\/05\/Color-Settings-1536x1536.png 1536w, https:\/\/www.leaplytics.de\/wp-content\/uploads\/2022\/05\/Color-Settings-2048x2048.png 2048w, https:\/\/www.leaplytics.de\/wp-content\/uploads\/2022\/05\/Color-Settings-370x370.png 370w, https:\/\/www.leaplytics.de\/wp-content\/uploads\/2022\/05\/Color-Settings-60x60.png 60w, https:\/\/www.leaplytics.de\/wp-content\/uploads\/2022\/05\/Color-Settings-600x600.png 600w, https:\/\/www.leaplytics.de\/wp-content\/uploads\/2022\/05\/Color-Settings-100x100.png 100w\" sizes=\"auto, (max-width: 1024px) 100vw, 1024px\" \/><\/figure>\n<\/div>\n\n\n\n<div class=\"wp-block-column is-layout-flow wp-block-column-is-layout-flow\" style=\"flex-basis:66.66%\">\n<p><strong>Design personalizat al culorilor<\/strong><\/p>\n\n\n\n<p>Personaliza\u021bi matricea cu scheme de culori personalizate. Acest lucru ajut\u0103 la claritate \u0219i permite personalizarea la cerin\u021bele individuale.<\/p>\n<\/div>\n<\/div>\n\n\n\n<div class=\"wp-block-columns is-layout-flex wp-container-core-columns-is-layout-11 wp-block-columns-is-layout-flex\">\n<div class=\"wp-block-column is-vertically-aligned-center is-layout-flow wp-block-column-is-layout-flow\" style=\"flex-basis:150px\">\n<figure class=\"wp-block-image size-large\"><img loading=\"lazy\" decoding=\"async\" width=\"1024\" height=\"1018\" src=\"https:\/\/www.leaplytics.de\/wp-content\/uploads\/2022\/06\/Axis-Settings-1024x1018.png\" alt=\"\" class=\"wp-image-8460\" srcset=\"https:\/\/www.leaplytics.de\/wp-content\/uploads\/2022\/06\/Axis-Settings-1024x1018.png 1024w, https:\/\/www.leaplytics.de\/wp-content\/uploads\/2022\/06\/Axis-Settings-300x298.png 300w, https:\/\/www.leaplytics.de\/wp-content\/uploads\/2022\/06\/Axis-Settings-150x150.png 150w, https:\/\/www.leaplytics.de\/wp-content\/uploads\/2022\/06\/Axis-Settings-768x763.png 768w, https:\/\/www.leaplytics.de\/wp-content\/uploads\/2022\/06\/Axis-Settings-1536x1527.png 1536w, https:\/\/www.leaplytics.de\/wp-content\/uploads\/2022\/06\/Axis-Settings-60x60.png 60w, https:\/\/www.leaplytics.de\/wp-content\/uploads\/2022\/06\/Axis-Settings.png 1827w\" sizes=\"auto, (max-width: 1024px) 100vw, 1024px\" \/><\/figure>\n<\/div>\n\n\n\n<div class=\"wp-block-column is-layout-flow wp-block-column-is-layout-flow\" style=\"flex-basis:66.66%\">\n<p><strong>Set\u0103ri personalizabile pentru gril\u0103, ax\u0103 \u0219i indicator<\/strong><\/p>\n\n\n\n<p>Adapta\u021bi aspectul matricei pentru a se potrivi preferin\u021belor organiza\u021bionale \u0219i cerin\u021belor specifice ale proiectului. Ajusta\u021bi liniile de gril\u0103, etichetele axelor \u0219i indicatoarele pentru a optimiza lizibilitatea \u0219i claritatea.<\/p>\n<\/div>\n<\/div>\n\n\n\n<div class=\"wp-block-buttons is-layout-flex wp-block-buttons-is-layout-flex\">\n<div class=\"wp-block-button has-custom-font-size\" style=\"font-size:18px\"><a class=\"wp-block-button__link has-background wp-element-button\" href=\"https:\/\/www.leaplytics.de\/ro\/prima-pagina\/management-de-proiect-imagini-personalizate-microsoft-powerbi\/harta-de-caldura-a-riscurilor-imagine-personalizata-pentru-power-bi\/\" style=\"background-color:#22316d\">Face\u021bi clic aici pentru a ajunge la \"Matricea de risc\" vizual\u0103 personalizat\u0103 pentru Power BI aici!<\/a><\/div>\n<\/div>\n\n\n\n<figure class=\"wp-block-image size-full\"><img loading=\"lazy\" decoding=\"async\" width=\"152\" height=\"37\" src=\"https:\/\/www.leaplytics.de\/wp-content\/uploads\/2022\/05\/PBI-Certified.png\" alt=\"\" class=\"wp-image-8358\" srcset=\"https:\/\/www.leaplytics.de\/wp-content\/uploads\/2022\/05\/PBI-Certified.png 152w, https:\/\/www.leaplytics.de\/wp-content\/uploads\/2022\/05\/PBI-Certified-150x37.png 150w\" sizes=\"auto, (max-width: 152px) 100vw, 152px\" \/><\/figure>\n\n\n\n<p><\/p>\n\n\n\n<h3 class=\"wp-block-heading has-medium-font-size\"><strong>Deblocarea avantajului competitiv<\/strong><\/h3>\n\n\n\n<p>\u00centreprinderile ob\u021bin un avantaj strategic pe pia\u021ba actual\u0103 prin utilizarea Matricei oportunit\u0103\u021bilor. Identificarea \u0219i gestionarea proactiv\u0103 a oportunit\u0103\u021bilor conduc la inovare, cre\u0219tere \u0219i avantaje durabile. Matricea oportunit\u0103\u021bilor din Power BI permite \u00eentreprinderilor s\u0103 gestioneze oportunit\u0103\u021bile cu func\u021bii intuitive.<\/p>\n\n\n\n<h3 class=\"wp-block-heading has-medium-font-size\"><strong>Concluzie<\/strong><\/h3>\n\n\n\n<p>Matricea oportunit\u0103\u021bilor este un instrument puternic pentru luarea deciziilor strategice. Aceasta \u00eenarmeaz\u0103 organiza\u021biile pentru a ob\u021bine un avantaj competitiv durabil. Cu caracteristici robuste, aceasta echipeaz\u0103 organiza\u021biile pentru a prospera pe o pia\u021b\u0103 competitiv\u0103. Adopta\u021bi-o pentru cre\u0219tere \u0219i inovare, debloc\u00e2nd poten\u021bialul ascuns.<\/p>","protected":false},"excerpt":{"rendered":"<p>For project and risk managers, harnessing opportunities is just as crucial as mitigating risks. By adapting our Risk Matrix visual for Power BI, we can convert it into an Opportunity Matrix. This approach empowers to identify and capitalize on opportunities that drive competitive advantage. Why Opportunity Management Matters Opportunity management is essential for businesses seeking &hellip; <\/p>","protected":false},"author":55,"featured_media":13426,"parent":0,"menu_order":0,"comment_status":"closed","ping_status":"closed","template":"","meta":{"footnotes":""},"class_list":["post-13321","page","type-page","status-publish","has-post-thumbnail","hentry","latest_post"],"_links":{"self":[{"href":"https:\/\/www.leaplytics.de\/ro\/wp-json\/wp\/v2\/pages\/13321","targetHints":{"allow":["GET"]}}],"collection":[{"href":"https:\/\/www.leaplytics.de\/ro\/wp-json\/wp\/v2\/pages"}],"about":[{"href":"https:\/\/www.leaplytics.de\/ro\/wp-json\/wp\/v2\/types\/page"}],"author":[{"embeddable":true,"href":"https:\/\/www.leaplytics.de\/ro\/wp-json\/wp\/v2\/users\/55"}],"replies":[{"embeddable":true,"href":"https:\/\/www.leaplytics.de\/ro\/wp-json\/wp\/v2\/comments?post=13321"}],"version-history":[{"count":11,"href":"https:\/\/www.leaplytics.de\/ro\/wp-json\/wp\/v2\/pages\/13321\/revisions"}],"predecessor-version":[{"id":13424,"href":"https:\/\/www.leaplytics.de\/ro\/wp-json\/wp\/v2\/pages\/13321\/revisions\/13424"}],"wp:featuredmedia":[{"embeddable":true,"href":"https:\/\/www.leaplytics.de\/ro\/wp-json\/wp\/v2\/media\/13426"}],"wp:attachment":[{"href":"https:\/\/www.leaplytics.de\/ro\/wp-json\/wp\/v2\/media?parent=13321"}],"curies":[{"name":"wp","href":"https:\/\/api.w.org\/{rel}","templated":true}]}}