{"id":13482,"date":"2024-06-03T18:15:40","date_gmt":"2024-06-03T16:15:40","guid":{"rendered":"https:\/\/www.leaplytics.de\/?page_id=13482"},"modified":"2024-06-03T18:15:41","modified_gmt":"2024-06-03T16:15:41","slug":"instrumente-de-gestionare-a-riscurilor-top-10-pe-care-fiecare-manager-de-proiect-ar-trebui-sa-le-cunoasca-in-2024","status":"publish","type":"page","link":"https:\/\/www.leaplytics.de\/ro\/instrumente-de-gestionare-a-riscurilor-top-10-pe-care-fiecare-manager-de-proiect-ar-trebui-sa-le-cunoasca-in-2024\/","title":{"rendered":"Instrumente de gestionare a riscurilor - Top 10 pe care fiecare manager de proiect ar trebui s\u0103 le cunoasc\u0103 \u00een 2024"},"content":{"rendered":"<p>Problemele nea\u0219teptate, sau riscurile, pot adesea s\u0103 deraieze chiar \u0219i cele mai bine puse la punct planuri de proiect. Acesta este motivul pentru care gestionarea eficient\u0103 a riscurilor este esen\u021bial\u0103 pentru orice manager de proiect. Cu instrumentele \u0219i tehnicile potrivite, pute\u021bi identifica, evalua \u0219i atenua riscurile din timp. Iat\u0103 cele mai importante 10 instrumente \u0219i tehnici de gestionare a riscurilor pe care ar trebui s\u0103 le cunoasc\u0103 orice manager de proiect:<\/p>\n\n\n\n<div class=\"wp-block-columns is-layout-flex wp-container-core-columns-is-layout-1 wp-block-columns-is-layout-flex\">\n<div class=\"wp-block-column is-vertically-aligned-center is-layout-flow wp-block-column-is-layout-flow\" style=\"flex-basis:150px\"><div class=\"wp-block-image wp-duotone-rgb949494-ffffff-1\">\n<figure class=\"aligncenter size-full is-resized\"><img loading=\"lazy\" decoding=\"async\" width=\"640\" height=\"427\" src=\"https:\/\/www.leaplytics.de\/wp-content\/uploads\/2024\/05\/excel-logo-8033473_640.webp\" alt=\"\" class=\"wp-image-13483\" style=\"width:170px\" srcset=\"https:\/\/www.leaplytics.de\/wp-content\/uploads\/2024\/05\/excel-logo-8033473_640.webp 640w, https:\/\/www.leaplytics.de\/wp-content\/uploads\/2024\/05\/excel-logo-8033473_640-300x200.webp 300w, https:\/\/www.leaplytics.de\/wp-content\/uploads\/2024\/05\/excel-logo-8033473_640-90x60.webp 90w\" sizes=\"auto, (max-width: 640px) 100vw, 640px\" \/><\/figure><\/div><\/div>\n\n\n\n<div class=\"wp-block-column is-layout-flow wp-block-column-is-layout-flow\" style=\"flex-basis:66.66%\">\n<p><strong>Microsoft Excel<\/strong><\/p>\n\n\n\n<p>Microsoft Excel este un instrument fundamental pentru gestionarea riscurilor. Este u\u0219or de utilizat \u0219i accesibil pe scar\u0103 larg\u0103. Excel permite managerilor de proiect s\u0103 creeze liste detaliate de riscuri poten\u021biale \u0219i s\u0103 urm\u0103reasc\u0103 starea acestora pe parcursul ciclului de via\u021b\u0103 al proiectului. De exemplu, pute\u021bi utiliza Excel pentru a enumera toate riscurile posibile pentru un proiect \u0219i pentru a prezenta strategiile de abordare a fiec\u0103ruia. Excel \u00ee\u0219i dezv\u0103luie adev\u0103ratul poten\u021bial atunci c\u00e2nd lucreaz\u0103 \u00eempreun\u0103 cu alte instrumente performante.<\/p>\n<\/div>\n<\/div>\n\n\n\n<div class=\"wp-block-columns is-layout-flex wp-container-core-columns-is-layout-2 wp-block-columns-is-layout-flex\">\n<div class=\"wp-block-column is-vertically-aligned-center is-layout-flow wp-block-column-is-layout-flow\" style=\"flex-basis:150px\"><div class=\"wp-block-image wp-duotone-grayscale\">\n<figure class=\"aligncenter size-full is-resized\"><img loading=\"lazy\" decoding=\"async\" width=\"225\" height=\"300\" src=\"https:\/\/www.leaplytics.de\/wp-content\/uploads\/2024\/05\/power-bi-icon-logo-E1B451ED39-seeklogo.com_.png\" alt=\"\" class=\"wp-image-13484\" style=\"width:76px;height:auto\" srcset=\"https:\/\/www.leaplytics.de\/wp-content\/uploads\/2024\/05\/power-bi-icon-logo-E1B451ED39-seeklogo.com_.png 225w, https:\/\/www.leaplytics.de\/wp-content\/uploads\/2024\/05\/power-bi-icon-logo-E1B451ED39-seeklogo.com_-45x60.png 45w\" sizes=\"auto, (max-width: 225px) 100vw, 225px\" \/><\/figure><\/div><\/div>\n\n\n\n<div class=\"wp-block-column is-layout-flow wp-block-column-is-layout-flow\" style=\"flex-basis:66.66%\">\n<p><strong>Microsoft Power BI<\/strong><\/p>\n\n\n\n<p>Power BI este un instrument puternic de vizualizare a datelor, care transform\u0103 datele complexe \u00een imagini clare. Excel \u0219i Power BI se potrivesc perfect. Excel v\u0103 ajut\u0103 s\u0103 stoca\u021bi \u0219i s\u0103 gestiona\u021bi datele, iar Power BI v\u0103 sprijin\u0103 cu rapoarte vizuale interactive. Astfel de tablouri de bord interactive v\u0103 eviden\u021biaz\u0103 riscurile \u0219i impactul. Imagina\u021bi-v\u0103 folosind diagrame colorate pentru a ar\u0103ta riscurile ultimului dvs. proiect, facilit\u00e2nd \u00een\u021belegerea \u0219i ac\u021biunea tuturor.<\/p>\n<\/div>\n<\/div>\n\n\n\n<div class=\"wp-block-columns is-layout-flex wp-container-core-columns-is-layout-3 wp-block-columns-is-layout-flex\">\n<div class=\"wp-block-column is-vertically-aligned-center is-layout-flow wp-block-column-is-layout-flow\" style=\"flex-basis:150px\"><div class=\"wp-block-image wp-duotone-858585-ffffff-2\">\n<figure class=\"aligncenter size-full is-resized\"><img loading=\"lazy\" decoding=\"async\" width=\"96\" height=\"96\" src=\"https:\/\/www.leaplytics.de\/wp-content\/uploads\/2024\/05\/Bild1.svg_.jpg\" alt=\"\" class=\"wp-image-13485\" style=\"width:120px\" srcset=\"https:\/\/www.leaplytics.de\/wp-content\/uploads\/2024\/05\/Bild1.svg_.jpg 96w, https:\/\/www.leaplytics.de\/wp-content\/uploads\/2024\/05\/Bild1.svg_-60x60.jpg 60w\" sizes=\"auto, (max-width: 96px) 100vw, 96px\" \/><\/figure><\/div><\/div>\n\n\n\n<div class=\"wp-block-column is-layout-flow wp-block-column-is-layout-flow\" style=\"flex-basis:66.66%\">\n<p><strong>Registrul riscurilor<\/strong><\/p>\n\n\n\n<p>Un registru al riscurilor este un document esen\u021bial \u00een gestionarea riscurilor. Acesta \u00eei ajut\u0103 pe managerii de proiect s\u0103 p\u0103streze toate riscurile identificate \u00eentr-un singur loc. Imagina\u021bi-v\u0103-l ca pe un caiet cuprinz\u0103tor \u00een care documenta\u021bi fiecare problem\u0103 posibil\u0103 \u0219i strategiile de atenuare corespunz\u0103toare. Acest lucru asigur\u0103 faptul c\u0103 riscurile nu sunt trecute cu vederea \u0219i sunt monitorizate continuu.<\/p>\n<\/div>\n<\/div>\n\n\n\n<div class=\"wp-block-columns is-layout-flex wp-container-core-columns-is-layout-4 wp-block-columns-is-layout-flex\">\n<div class=\"wp-block-column is-vertically-aligned-center is-layout-flow wp-block-column-is-layout-flow\" style=\"flex-basis:150px\"><div class=\"wp-block-image wp-duotone-unset-3\">\n<figure class=\"aligncenter size-full is-resized\"><img loading=\"lazy\" decoding=\"async\" width=\"1827\" height=\"1816\" src=\"https:\/\/www.leaplytics.de\/wp-content\/uploads\/2022\/06\/Axis-Settings.png\" alt=\"\" class=\"wp-image-8460\" style=\"width:110px\" srcset=\"https:\/\/www.leaplytics.de\/wp-content\/uploads\/2022\/06\/Axis-Settings.png 1827w, https:\/\/www.leaplytics.de\/wp-content\/uploads\/2022\/06\/Axis-Settings-300x298.png 300w, https:\/\/www.leaplytics.de\/wp-content\/uploads\/2022\/06\/Axis-Settings-1024x1018.png 1024w, https:\/\/www.leaplytics.de\/wp-content\/uploads\/2022\/06\/Axis-Settings-150x150.png 150w, https:\/\/www.leaplytics.de\/wp-content\/uploads\/2022\/06\/Axis-Settings-768x763.png 768w, https:\/\/www.leaplytics.de\/wp-content\/uploads\/2022\/06\/Axis-Settings-1536x1527.png 1536w, https:\/\/www.leaplytics.de\/wp-content\/uploads\/2022\/06\/Axis-Settings-60x60.png 60w\" sizes=\"auto, (max-width: 1827px) 100vw, 1827px\" \/><\/figure><\/div><\/div>\n\n\n\n<div class=\"wp-block-column is-layout-flow wp-block-column-is-layout-flow\" style=\"flex-basis:66.66%\">\n<p><strong>Matricea riscurilor<\/strong><\/p>\n\n\n\n<p>Matricea riscurilor este un instrument vizual care ajut\u0103 managerii de proiect s\u0103 prioritizeze riscurile \u00een func\u021bie de probabilitatea \u0219i impactul acestora. Prin trasarea riscurilor pe o matrice, pute\u021bi vedea rapid care dintre acestea necesit\u0103 aten\u021bie imediat\u0103. Matricea riscurilor este doar unul dintre instrumentele vizuale care ar trebui s\u0103 fac\u0103 parte din tabloul de bord Power BI al fiec\u0103rui manager de risc.<\/p>\n<\/div>\n<\/div>\n\n\n\n<div class=\"wp-block-columns is-layout-flex wp-container-core-columns-is-layout-5 wp-block-columns-is-layout-flex\">\n<div class=\"wp-block-column is-vertically-aligned-center is-layout-flow wp-block-column-is-layout-flow\" style=\"flex-basis:150px\"><div class=\"wp-block-image wp-duotone-858585-ffffff-4\">\n<figure class=\"aligncenter size-full is-resized\"><img loading=\"lazy\" decoding=\"async\" width=\"500\" height=\"500\" src=\"https:\/\/www.leaplytics.de\/wp-content\/uploads\/2024\/05\/kisspng-computer-icons-normal-distribution-probability-dis-5adcdc96034e34.1804701715244238300136-removebg-preview.png\" alt=\"\" class=\"wp-image-13487\" style=\"width:110px\" srcset=\"https:\/\/www.leaplytics.de\/wp-content\/uploads\/2024\/05\/kisspng-computer-icons-normal-distribution-probability-dis-5adcdc96034e34.1804701715244238300136-removebg-preview.png 500w, https:\/\/www.leaplytics.de\/wp-content\/uploads\/2024\/05\/kisspng-computer-icons-normal-distribution-probability-dis-5adcdc96034e34.1804701715244238300136-removebg-preview-300x300.png 300w, https:\/\/www.leaplytics.de\/wp-content\/uploads\/2024\/05\/kisspng-computer-icons-normal-distribution-probability-dis-5adcdc96034e34.1804701715244238300136-removebg-preview-150x150.png 150w, https:\/\/www.leaplytics.de\/wp-content\/uploads\/2024\/05\/kisspng-computer-icons-normal-distribution-probability-dis-5adcdc96034e34.1804701715244238300136-removebg-preview-370x370.png 370w, https:\/\/www.leaplytics.de\/wp-content\/uploads\/2024\/05\/kisspng-computer-icons-normal-distribution-probability-dis-5adcdc96034e34.1804701715244238300136-removebg-preview-60x60.png 60w\" sizes=\"auto, (max-width: 500px) 100vw, 500px\" \/><\/figure><\/div><\/div>\n\n\n\n<div class=\"wp-block-column is-layout-flow wp-block-column-is-layout-flow\" style=\"flex-basis:66.66%\">\n<p><strong>Simularea Monte Carlo<\/strong><\/p>\n\n\n\n<p>Simularea Monte Carlo este un instrument mai avansat care utilizeaz\u0103 metode statistice pentru a prevedea impactul riscurilor. Este ca \u0219i cum ai arunca zarurile de mai multe ori pentru a vedea cele mai frecvente rezultate. Acest instrument v\u0103 ajut\u0103 s\u0103 anticipa\u021bi problemele poten\u021biale \u0219i s\u0103 planifica\u021bi \u00een consecin\u021b\u0103. O simulare Monte Carlo este deosebit de util\u0103 pentru proiectele complexe cu variabile multiple. Microsoft Excel este instrumentul dvs. de baz\u0103 pentru implementarea unei simul\u0103ri Monte Carlo.<\/p>\n<\/div>\n<\/div>\n\n\n\n<div class=\"wp-block-columns is-layout-flex wp-container-core-columns-is-layout-6 wp-block-columns-is-layout-flex\">\n<div class=\"wp-block-column is-vertically-aligned-center is-layout-flow wp-block-column-is-layout-flow\" style=\"flex-basis:150px\"><div class=\"wp-block-image wp-duotone-858585-ffffff-5\">\n<figure class=\"aligncenter size-full is-resized\"><img loading=\"lazy\" decoding=\"async\" width=\"256\" height=\"256\" src=\"https:\/\/www.leaplytics.de\/wp-content\/uploads\/2024\/05\/pedigree-1-337562-removebg-preview.png\" alt=\"\" class=\"wp-image-13495\" style=\"width:110px\" srcset=\"https:\/\/www.leaplytics.de\/wp-content\/uploads\/2024\/05\/pedigree-1-337562-removebg-preview.png 256w, https:\/\/www.leaplytics.de\/wp-content\/uploads\/2024\/05\/pedigree-1-337562-removebg-preview-150x150.png 150w, https:\/\/www.leaplytics.de\/wp-content\/uploads\/2024\/05\/pedigree-1-337562-removebg-preview-60x60.png 60w\" sizes=\"auto, (max-width: 256px) 100vw, 256px\" \/><\/figure><\/div><\/div>\n\n\n\n<div class=\"wp-block-column is-layout-flow wp-block-column-is-layout-flow\" style=\"flex-basis:66.66%\">\n<p><strong>PERT (Tehnica de revizuire a evalu\u0103rii programului)<\/strong><\/p>\n\n\n\n<p>PERT este o tehnic\u0103 care ajut\u0103 managerii de proiect s\u0103 \u00een\u021beleag\u0103 modul \u00een care timpul \u0219i riscurile pot afecta calendarul proiectului. Prin cartografierea tuturor etapelor \u0219i sarcinilor dintr-un proiect \u0219i analizarea poten\u021bialelor \u00eent\u00e2rzieri, PERT ofer\u0103 o imagine mai clar\u0103 a calendarului proiectului. De exemplu, analizarea riscurilor proiectului \u0219i a impactului acestora asupra duratei fiec\u0103rei sarcini v\u0103 poate ajuta s\u0103 minimiza\u021bi \u00eent\u00e2rzierile proiectului.<\/p>\n<\/div>\n<\/div>\n\n\n\n<div class=\"wp-block-columns is-layout-flex wp-container-core-columns-is-layout-7 wp-block-columns-is-layout-flex\">\n<div class=\"wp-block-column is-vertically-aligned-center is-layout-flow wp-block-column-is-layout-flow\" style=\"flex-basis:150px\"><div class=\"wp-block-image wp-duotone-858585-ffffff-6\">\n<figure class=\"aligncenter size-full is-resized\"><img loading=\"lazy\" decoding=\"async\" width=\"512\" height=\"512\" src=\"https:\/\/www.leaplytics.de\/wp-content\/uploads\/2024\/05\/4940750.png\" alt=\"\" class=\"wp-image-13489\" style=\"width:110px\" srcset=\"https:\/\/www.leaplytics.de\/wp-content\/uploads\/2024\/05\/4940750.png 512w, https:\/\/www.leaplytics.de\/wp-content\/uploads\/2024\/05\/4940750-300x300.png 300w, https:\/\/www.leaplytics.de\/wp-content\/uploads\/2024\/05\/4940750-150x150.png 150w, https:\/\/www.leaplytics.de\/wp-content\/uploads\/2024\/05\/4940750-370x370.png 370w, https:\/\/www.leaplytics.de\/wp-content\/uploads\/2024\/05\/4940750-60x60.png 60w\" sizes=\"auto, (max-width: 512px) 100vw, 512px\" \/><\/figure><\/div><\/div>\n\n\n\n<div class=\"wp-block-column is-layout-flow wp-block-column-is-layout-flow\" style=\"flex-basis:66.66%\">\n<p><strong>Analiza SWOT<\/strong><\/p>\n\n\n\n<p>Analiza SWOT este un instrument de planificare strategic\u0103 care examineaz\u0103 punctele forte, punctele slabe, oportunit\u0103\u021bile \u0219i amenin\u021b\u0103rile. Aceast\u0103 viziune holistic\u0103 \u00eei ajut\u0103 pe managerii de proiect s\u0103 \u00een\u021beleag\u0103 factorii interni \u0219i externi care ar putea afecta proiectul. Este ca \u0219i cum v-a\u021bi scana mediul de afaceri pentru a lua decizii mai bune.<\/p>\n<\/div>\n<\/div>\n\n\n\n<div class=\"wp-block-columns is-layout-flex wp-container-core-columns-is-layout-8 wp-block-columns-is-layout-flex\">\n<div class=\"wp-block-column is-vertically-aligned-center is-layout-flow wp-block-column-is-layout-flow\" style=\"flex-basis:150px\"><div class=\"wp-block-image wp-duotone-858585-ffffff-7\">\n<figure class=\"aligncenter size-full is-resized\"><img loading=\"lazy\" decoding=\"async\" width=\"512\" height=\"512\" src=\"https:\/\/www.leaplytics.de\/wp-content\/uploads\/2024\/05\/bow_tie_icon_126607.png\" alt=\"\" class=\"wp-image-13490\" style=\"width:110px\" srcset=\"https:\/\/www.leaplytics.de\/wp-content\/uploads\/2024\/05\/bow_tie_icon_126607.png 512w, https:\/\/www.leaplytics.de\/wp-content\/uploads\/2024\/05\/bow_tie_icon_126607-300x300.png 300w, https:\/\/www.leaplytics.de\/wp-content\/uploads\/2024\/05\/bow_tie_icon_126607-150x150.png 150w, https:\/\/www.leaplytics.de\/wp-content\/uploads\/2024\/05\/bow_tie_icon_126607-370x370.png 370w, https:\/\/www.leaplytics.de\/wp-content\/uploads\/2024\/05\/bow_tie_icon_126607-60x60.png 60w\" sizes=\"auto, (max-width: 512px) 100vw, 512px\" \/><\/figure><\/div><\/div>\n\n\n\n<div class=\"wp-block-column is-layout-flow wp-block-column-is-layout-flow\" style=\"flex-basis:66.66%\">\n<p><strong>Diagrama Bowtie<\/strong><\/p>\n\n\n\n<p>O diagram\u0103 Bowtie este un instrument vizual care arat\u0103 cum apar riscurile \u0219i efectele acestora. Aceasta v\u0103 ajut\u0103 s\u0103 \u00een\u021belege\u021bi cauzele riscurilor \u0219i cum s\u0103 le preveni\u021bi. Includerea unei diagrame Bowtie \u00een tabloul dvs. de bord Power BI v\u0103 ajut\u0103 s\u0103 \u00een\u021belege\u021bi for\u021bele care stau la baza portofoliului dvs. de riscuri.<\/p>\n<\/div>\n<\/div>\n\n\n\n<div class=\"wp-block-columns is-layout-flex wp-container-core-columns-is-layout-9 wp-block-columns-is-layout-flex\">\n<div class=\"wp-block-column is-vertically-aligned-center is-layout-flow wp-block-column-is-layout-flow\" style=\"flex-basis:150px\"><div class=\"wp-block-image wp-duotone-858585-ffffff-8\">\n<figure class=\"aligncenter size-full is-resized\"><img loading=\"lazy\" decoding=\"async\" width=\"200\" height=\"200\" src=\"https:\/\/www.leaplytics.de\/wp-content\/uploads\/2024\/05\/3732359-200.png\" alt=\"\" class=\"wp-image-13491\" style=\"width:110px\" srcset=\"https:\/\/www.leaplytics.de\/wp-content\/uploads\/2024\/05\/3732359-200.png 200w, https:\/\/www.leaplytics.de\/wp-content\/uploads\/2024\/05\/3732359-200-150x150.png 150w, https:\/\/www.leaplytics.de\/wp-content\/uploads\/2024\/05\/3732359-200-60x60.png 60w\" sizes=\"auto, (max-width: 200px) 100vw, 200px\" \/><\/figure><\/div><\/div>\n\n\n\n<div class=\"wp-block-column is-layout-flow wp-block-column-is-layout-flow\" style=\"flex-basis:66.66%\">\n<p><strong>Structura de defalcare a riscurilor (RBS)<\/strong><\/p>\n\n\n\n<p>RBS este un cadru ierarhic care clasific\u0103 riscurile \u00een diferite grupuri. Acest instrument organiza\u021bional ajut\u0103 managerii de proiect s\u0103 identifice \u0219i s\u0103 gestioneze sistematic riscurile. De exemplu, a\u021bi putea clasifica riscurile \u00een func\u021bie de sursa lor sau de zona de impact.<\/p>\n<\/div>\n<\/div>\n\n\n\n<div class=\"wp-block-columns is-layout-flex wp-container-core-columns-is-layout-10 wp-block-columns-is-layout-flex\">\n<div class=\"wp-block-column is-vertically-aligned-center is-layout-flow wp-block-column-is-layout-flow\" style=\"flex-basis:150px\"><div class=\"wp-block-image wp-duotone-858585-ffffff-9\">\n<figure class=\"aligncenter size-full is-resized\"><img loading=\"lazy\" decoding=\"async\" width=\"513\" height=\"486\" src=\"https:\/\/www.leaplytics.de\/wp-content\/uploads\/2024\/05\/6272532-middle-removebg-preview.png\" alt=\"\" class=\"wp-image-13493\" style=\"width:110px\" srcset=\"https:\/\/www.leaplytics.de\/wp-content\/uploads\/2024\/05\/6272532-middle-removebg-preview.png 513w, https:\/\/www.leaplytics.de\/wp-content\/uploads\/2024\/05\/6272532-middle-removebg-preview-300x284.png 300w, https:\/\/www.leaplytics.de\/wp-content\/uploads\/2024\/05\/6272532-middle-removebg-preview-63x60.png 63w\" sizes=\"auto, (max-width: 513px) 100vw, 513px\" \/><\/figure><\/div><\/div>\n\n\n\n<div class=\"wp-block-column is-layout-flow wp-block-column-is-layout-flow\" style=\"flex-basis:66.66%\">\n<p><strong>Analiza scenariului<\/strong><\/p>\n\n\n\n<p>Analiza scenariilor ajut\u0103 managerii de proiect s\u0103 planifice pentru diferite situa\u021bii poten\u021biale. G\u00e2ndindu-v\u0103 la diferite scenarii, pute\u021bi dezvolta strategii pentru a le aborda. Planificarea \u00een func\u021bie de scenarii v\u0103 face con\u0219tien\u021bi nu numai de rezultatul mediu, ci \u0219i de consecin\u021bele extreme.<\/p>\n<\/div>\n<\/div>\n\n\n\n<h3 class=\"wp-block-heading has-medium-font-size\">Principala concluzie<\/h3>\n\n\n\n<p>Aceste 10 instrumente puternice ajut\u0103 managerii de proiect s\u0103 vad\u0103 \u0219i s\u0103 gestioneze mai bine riscurile. Acestea se asigur\u0103 c\u0103 proiectele se desf\u0103\u0219oar\u0103 f\u0103r\u0103 probleme \u0219i se finalizeaz\u0103 bine. Prin utilizarea acestor instrumente, pute\u021bi identifica problemele din timp \u0219i le pute\u021bi rezolva \u00eenainte ca acestea s\u0103 devin\u0103 mari. \u00cen acest fel, proiectele dvs. r\u0103m\u00e2n pe drumul cel bun.<\/p>","protected":false},"excerpt":{"rendered":"<p>Unexpected problems, or risks, can often derail even the best-laid project plans. This is why effective risk management is crucial for every project manager. With the right tools and techniques, you can identify, assess, and mitigate risks early. Here are the top 10 risk management tools and techniques every project manager should know about: Microsoft &hellip; <\/p>","protected":false},"author":55,"featured_media":0,"parent":0,"menu_order":0,"comment_status":"closed","ping_status":"closed","template":"","meta":{"footnotes":""},"class_list":["post-13482","page","type-page","status-publish","hentry","latest_post"],"_links":{"self":[{"href":"https:\/\/www.leaplytics.de\/ro\/wp-json\/wp\/v2\/pages\/13482","targetHints":{"allow":["GET"]}}],"collection":[{"href":"https:\/\/www.leaplytics.de\/ro\/wp-json\/wp\/v2\/pages"}],"about":[{"href":"https:\/\/www.leaplytics.de\/ro\/wp-json\/wp\/v2\/types\/page"}],"author":[{"embeddable":true,"href":"https:\/\/www.leaplytics.de\/ro\/wp-json\/wp\/v2\/users\/55"}],"replies":[{"embeddable":true,"href":"https:\/\/www.leaplytics.de\/ro\/wp-json\/wp\/v2\/comments?post=13482"}],"version-history":[{"count":4,"href":"https:\/\/www.leaplytics.de\/ro\/wp-json\/wp\/v2\/pages\/13482\/revisions"}],"predecessor-version":[{"id":13499,"href":"https:\/\/www.leaplytics.de\/ro\/wp-json\/wp\/v2\/pages\/13482\/revisions\/13499"}],"wp:attachment":[{"href":"https:\/\/www.leaplytics.de\/ro\/wp-json\/wp\/v2\/media?parent=13482"}],"curies":[{"name":"wp","href":"https:\/\/api.w.org\/{rel}","templated":true}]}}