{"id":13717,"date":"2025-05-12T15:34:59","date_gmt":"2025-05-12T13:34:59","guid":{"rendered":"https:\/\/www.leaplytics.de\/?page_id=13717"},"modified":"2025-05-12T15:35:01","modified_gmt":"2025-05-12T13:35:01","slug":"marturii","status":"publish","type":"page","link":"https:\/\/www.leaplytics.de\/ro\/marturii\/","title":{"rendered":"Testimoniale"},"content":{"rendered":"<p><em>&#8220;<strong>Folosim matricea de risc \/ harta de c\u0103ldur\u0103 vizual\u0103 LeapLytics \u00een Power BI de peste un an.<\/strong><br>Acesta a devenit un instrument indispensabil pentru echipa noastr\u0103. Designul s\u0103u intuitiv \u0219i caracteristicile sale personalizabile ne permit s\u0103 vizualiz\u0103m \u0219i s\u0103 prioritiz\u0103m \u00een mod eficient riscurile, permi\u021b\u00e2ndu-ne s\u0103 ne concentr\u0103m asupra celor mai critice domenii. Capacitatea de a adapta matricea la nevoile noastre specifice a \u00eembun\u0103t\u0103\u021bit semnificativ procesele noastre de evaluare a riscurilor. Recomand cu c\u0103ldur\u0103 acest plugin oric\u0103rei echipe care dore\u0219te s\u0103 \u00ee\u0219i \u00eembun\u0103t\u0103\u021beasc\u0103 capacit\u0103\u021bile de gestionare a riscurilor \u00een cadrul Power BI.\"<\/em> (Anonim)<\/p>\n\n\n\n<p><em>&#8220;<strong>Schimbarea jocului<\/strong> - Aceast\u0103 aplica\u021bie a salvat sute de ore de dezvoltare, ore de rezolvare a problemelor \u0219i orice alte dureri de cap care vin \u00eempreun\u0103 cu construirea unei aplica\u021bii de la zero. Aceast\u0103 aplica\u021bie a fost foarte u\u0219or de conectat la o aplica\u021bie pe care o construiam \u0219i este, de asemenea, atractiv\u0103 vizual \u0219i u\u0219or de utilizat. Recomand foarte mult oricui altcuiva care dore\u0219te s\u0103 economiseasc\u0103 ore de dezvoltare \u0219i timp pentru a ob\u021bine ceva care este deja testat prin lupt\u0103! \"<\/em> (Anonim)<\/p>\n\n\n\n<p><em>\"Matricea vizual\u0103 a riscurilor din platforma Power BI a fost utilizat\u0103 ca o <strong>instrument strategic<\/strong> pentru gestionarea activit\u0103\u021bilor critice de \u00eentre\u021binere, oferind o vizualizare rapid\u0103 \u0219i eficient\u0103 a riscurilor asociate fiec\u0103rui activ. Matricea cartografiaz\u0103 vizual criticitatea activului pe baza nivelului s\u0103u de impact \u0219i a probabilit\u0103\u021bii de defectare, sprijinind \u00een mod direct prioritizarea ac\u021biunilor corective \u0219i preventive. <br>Aceast\u0103 caracteristic\u0103 ajut\u0103 la identificarea elementelor de \u00eentre\u021binere cu cea mai mare relevan\u021b\u0103 opera\u021bional\u0103, contribuind la o gestionare mai asertiv\u0103 a resurselor, echipelor \u0219i termenelor limit\u0103, \u00een special \u00een scenarii complexe, cum ar fi opririle sau interven\u021biile de urgen\u021b\u0103. \u00cen plus, interfa\u021ba sa interactiv\u0103 \u0219i personalizabil\u0103 permite actualiz\u0103ri \u0219i simul\u0103ri \u00een timp real, f\u0103c\u00e2nd procesul decizional mai rapid \u0219i mai bazat pe date.<br>Utilizarea acestei imagini consolideaz\u0103, de asemenea, guvernan\u021ba \u00eentre\u021binerii bazate pe riscuri, aliniind eforturile tehnice la obiectivele strategice ale organiza\u021biei privind fiabilitatea \u0219i disponibilitatea activelor.\"<\/em> (CENIBRA)<\/p>\n\n\n\n<p><em>&#8220;<strong>Vizual fantastic<\/strong> - Am \u00eencercat aceast\u0103 imagine pentru mai multe rapoarte \u0219i este at\u00e2t de u\u0219or de utilizat, dar \u0219i at\u00e2t de puternic\u0103. Reprezentarea vizual\u0103 a riscurilor \u00een cadrul acestei matrice m-a scutit de nenum\u0103rate ore, deoarece \u00eemi pot \u00eendrepta aten\u021bia c\u0103tre acele sec\u021biuni care sunt marcate ca av\u00e2nd un impact ridicat. Leaplytics este, de asemenea, foarte receptiv prin e-mail. Recomand cu c\u0103ldur\u0103 acest plug-in de la Leaplytics.\"<\/em> (Anonim)<\/p>\n\n\n\n<p><em>&#8220;<strong>\u00cenainte \u00eemi pl\u0103ceau h\u0103r\u021bile termice, acum le ador<\/strong> - Am avut adesea probleme atunci c\u00e2nd am \u00eencercat s\u0103 creez o hart\u0103 de c\u0103ldur\u0103. Aceasta are o putere puternic\u0103 de povestire \u0219i este foarte u\u0219or de utilizat.\"<\/em> (Raphael de Taranto)<\/p>\n\n\n\n<p><em>&#8220;<strong>Aplica\u021bie excelent\u0103<\/strong> - Aceasta este o aplica\u021bie obligatorie dac\u0103 lucra\u021bi cu riscuri. Este u\u0219or de configurat \u0219i extrem de configurabil\u0103 pentru a se potrivi nevoilor dumneavoastr\u0103.\"<\/em> (Roy Varghese)<\/p>\n\n\n\n<p><em>&#8220;<strong>Tablou de bord excelent pentru raportarea riscurilor<\/strong> - Tabloul de bord ofer\u0103 o vizualizare excelent\u0103 a riscurilor \u0219i l-am \u00eencorporat \u00een multe tablouri de bord de raportare a riscurilor \u00eentreprinderii. LeapLytics continu\u0103 s\u0103 \u00eembun\u0103t\u0103\u021beasc\u0103 caracteristicile tabloului de bord, inclusiv o capacitate de a codifica prin culori punctele punctuale. Recomand cu c\u0103ldur\u0103 acest plug-in pentru aplica\u021bia risk heatmap pentru a \u00eembun\u0103t\u0103\u021bi tablourile de bord Power BI. Receptivitatea la \u00eentreb\u0103ri \u0219i suport, de asemenea, un plus \".<\/em> (Becky Sterrett)<\/p>\n\n\n\n<p><em>&#8220;<strong>Harta termic\u0103 a riscurilor<\/strong> - Instrumentul h\u0103r\u021bii termice a riscurilor a fost foarte util pentru comunicarea riscurilor \u00eentreprinderii \u0219i a nivelurilor de risc c\u0103tre p\u0103r\u021bile interesate. U\u0219or de utilizat \u0219i vizual bun.\"<\/em> (Anonim)<\/p>\n\n\n\n<p class=\"has-text-align-left\"><em>&#8220;<strong>Acest instrument este u\u0219or de utilizat<\/strong> \u0219i prezint\u0103 eficient scorurile de risc \u00eentr-un format clar, u\u0219or de \u00een\u021beles.\"<\/em> (Scott Nicol)<\/p>\n\n\n\n<p><em>&#8220;<strong>Instrument excelent<\/strong> - Acest instrument a fost esen\u021bial \u00een efortul nostru continuu de a eficientiza procesul nostru de evaluare a riscurilor. Ofer\u0103 o imagine excelent\u0103 pentru a evalua rapid profilul de risc.\"<\/em> (Anonim)<\/p>\n\n\n\n<p><em>&#8220;<strong>Matricea riscurilor<\/strong> - Am fost foarte fericit s\u0103 g\u0103sesc acest instrument \u0219i cu modul \u00een care a func\u021bionat din perspectiva gestion\u0103rii riscurilor \/ raport\u0103rii - este o modalitate excelent\u0103 de a vizualiza \u0219i de a parcurge registrele de riscuri, cu accent pe riscurile cheie \/ ridicate. Colaborarea cu echipa a fost fantastic\u0103, furniz\u00e2ndu-mi asisten\u021b\u0103 \u0219i implic\u00e2ndu-m\u0103 \u00een modul \u00een care \u00eel folosesc \u0219i cum s\u0103 \u00eel \u00eembun\u0103t\u0103\u021besc.\"<\/em> (Anonim)<\/p>\n\n\n\n<p><em>&#8220;<strong>Func\u021bioneaz\u0103 exact a\u0219a cum era de a\u0219teptat \u0219i anun\u021bat.<\/strong> - Am cump\u0103rat o licen\u021b\u0103 pentru aceast\u0103 aplica\u021bie \u00een urm\u0103 cu aproape 9 luni, am instalat-o \u00een mai multe rapoarte utilizate de sute de persoane din \u00eentreaga lume \u0219i am avut doar feedback pozitiv din partea utilizatorilor.\"<\/em> (Small, Roy)<\/p>\n\n\n\n<p><em>&#8220;<strong>Un instrument excelent pentru a vizualiza istoricul matricei de risc<\/strong> - Unul dintre cele mai bune instrumente speciale pentru gestionarea \u00eenregistr\u0103rii matricei de risc \u0219i afi\u0219area acesteia \u00eentr-un mod profesional Am proiectat acest instrument \u0219i l-am prezentat conducerii 1- Design excelent 2- Flexibilitate 3- U\u0219or de utilizat 4- Recomand s\u0103 profita\u021bi de el De fapt, asta este ceea ce c\u0103utam Mul\u021bumesc, Stefan Preusler Mul\u021bumesc, echipa LeapLytics GmbH \"<\/em> (\u0645\u062d\u064a\u064a \u0627\u0644\u062f\u064a\u0646)<\/p>\n\n\n\n<p><em>&#8220;<strong>Absolut merit\u0103<\/strong> - Tot ceea ce am vrut s\u0103 realiz\u0103m cu o matrice de risc, am putut implementa cu aceast\u0103 vizualizare. Absolut merit\u0103.\"<\/em> (Anonim)<\/p>\n\n\n\n<p><em>&#8220;<strong>O solu\u021bie excelent\u0103 pentru auditori!<\/strong> - Obiectul vizual \u00eendepline\u0219te perfect cerin\u021bele \u0219i cerin\u021bele unei matrice de risc pentru auditori\" (David L\u00f3pez Morales)<\/em><\/p>\n\n\n\n<p><em>&#8220;<strong>Vizual bun<\/strong> pentru a sprijini conversa\u021biile privind riscurile.\"<\/em> (Elleke Bosworth)<\/p>\n\n\n\n<p><em>&#8220;<strong>Mare vizual<\/strong> - C\u0103utam o solu\u021bie func\u021bional\u0103 pentru a-mi vizualiza riscurile. Acest vizual func\u021bioneaz\u0103 excelent pentru mine \u0219i este gata de utilizare \u00een c\u00e2teva minute. Interactivitatea func\u021bioneaz\u0103 bine \u0219i se simte ca o \"afacere real\u0103\".\"<\/em> (Anonim)<\/p>\n\n\n\n<p><em>&#8220;<strong>Instrument vizual de risc excelent<\/strong> - Instrument minunat pentru vizualizarea h\u0103r\u021bii termice a riscurilor, foarte eficient \u0219i u\u0219or de accesat\"<\/em> (Anonim)<\/p>\n\n\n\n<p><em>&#8220;<strong>Instrument indispensabil pentru gestionarea riscurilor<\/strong> - Acest instrument este u\u0219or de utilizat \u0219i prezint\u0103 eficient scorurile de risc \u00eentr-un format clar, u\u0219or de \u00een\u021beles.\"<\/em> (Anonim)<\/p>\n\n\n\n<p><em>&#8220;<strong>Instrument foarte util de gestionare a riscurilor<\/strong> - Consider c\u0103 Risk Heatmap este foarte util\u0103 \u00een procesul nostru de gestionare a riscurilor. Ajut\u0103 la vizualizarea riscurilor \u00eentr-un mod u\u0219or \u0219i u\u0219or de \u00een\u021beles at\u00e2t pentru consiliul de administra\u021bie, c\u00e2t \u0219i pentru restul companiei. De asemenea, este u\u0219or de utilizat \u0219i te familiarizezi rapid cu modul \u00een care func\u021bioneaz\u0103 set\u0103rile.\"<\/em> (Anonim)<\/p>\n\n\n\n<p><em>&#8220;<strong>Mare mic add-on!<\/strong> - Folosim harta termic\u0103 LeapLytics de anul trecut. Este u\u0219or de utilizat, are un raport bun calitate\/pre\u021b, iar imaginea arat\u0103 foarte bine \u00een tabloul nostru de bord pentru riscuri.\"<\/em> (Anonim)<\/p>\n\n\n\n<p><em>&#8220;<strong>Perfect<\/strong> - Es muy buena, versatil y pr\u00e1ctica.\"<\/em> (Cynthia Mercedes Anaya Manrique)<\/p>\n\n\n\n<p><em>&#8220;<strong>Mare vizual \u0219i r\u0103spuns<\/strong> - Ne ofer\u0103 imaginea de care aveam nevoie, iar r\u0103spunsul la \u00eentreb\u0103rile noastre a fost rapid \u0219i util.\"<\/em> (Anonim)<\/p>\n\n\n\n<p><em>&#8220;<strong>Solid <\/strong>- Vizual solid\"<\/em> (Anonim)<\/p>","protected":false},"excerpt":{"rendered":"<p>\"De peste un an folosim vizualizarea LeapLytics Risk Matrix \/ Heatmap \u00een Power BI. a devenit un instrument indispensabil pentru echipa noastr\u0103. Designul s\u0103u intuitiv \u0219i caracteristicile personalizabile ne permit s\u0103 vizualiz\u0103m \u0219i s\u0103 prioritiz\u0103m \u00een mod eficient riscurile, permi\u021b\u00e2ndu-ne s\u0103 ne concentr\u0103m asupra celor mai critice domenii. Capacitatea de a personaliza matricea ... <\/p>","protected":false},"author":2,"featured_media":0,"parent":0,"menu_order":0,"comment_status":"closed","ping_status":"closed","template":"","meta":{"footnotes":""},"class_list":["post-13717","page","type-page","status-publish","hentry","latest_post"],"_links":{"self":[{"href":"https:\/\/www.leaplytics.de\/ro\/wp-json\/wp\/v2\/pages\/13717","targetHints":{"allow":["GET"]}}],"collection":[{"href":"https:\/\/www.leaplytics.de\/ro\/wp-json\/wp\/v2\/pages"}],"about":[{"href":"https:\/\/www.leaplytics.de\/ro\/wp-json\/wp\/v2\/types\/page"}],"author":[{"embeddable":true,"href":"https:\/\/www.leaplytics.de\/ro\/wp-json\/wp\/v2\/users\/2"}],"replies":[{"embeddable":true,"href":"https:\/\/www.leaplytics.de\/ro\/wp-json\/wp\/v2\/comments?post=13717"}],"version-history":[{"count":5,"href":"https:\/\/www.leaplytics.de\/ro\/wp-json\/wp\/v2\/pages\/13717\/revisions"}],"predecessor-version":[{"id":13725,"href":"https:\/\/www.leaplytics.de\/ro\/wp-json\/wp\/v2\/pages\/13717\/revisions\/13725"}],"wp:attachment":[{"href":"https:\/\/www.leaplytics.de\/ro\/wp-json\/wp\/v2\/media?parent=13717"}],"curies":[{"name":"wp","href":"https:\/\/api.w.org\/{rel}","templated":true}]}}