{"id":13808,"date":"2025-07-14T10:32:30","date_gmt":"2025-07-14T08:32:30","guid":{"rendered":"https:\/\/www.leaplytics.de\/?page_id=13808"},"modified":"2025-07-14T10:32:31","modified_gmt":"2025-07-14T08:32:31","slug":"gantt-leaplytics-power-bi","status":"publish","type":"page","link":"https:\/\/www.leaplytics.de\/ro\/gantt-leaplytics-power-bi\/","title":{"rendered":"Gantt LeapLytics - Power BI"},"content":{"rendered":"<p>Este simplu. V\u0103 oferim posibilitatea de a da via\u021b\u0103 cronologiilor \u0219i graficelor proiectelor dvs. direct \u00een Power BI. Vizualizarea noastr\u0103 Leaplytics Gantt Chart transform\u0103 datele complexe ale proiectelor \u00een vizualiz\u0103ri profesionale, interactive \u0219i cuprinz\u0103toare ale cronologiei. Afi\u0219a\u021bi calendarele proiectelor din Microsoft Project, Primavera P6, Jira, Asana \u0219i Azure DevOps exact a\u0219a cum a fost prev\u0103zut.<\/p>\n<blockquote>\n<p>\"\u00cen sf\u00e2r\u0219it, o diagram\u0103 Gantt care chiar func\u021bioneaz\u0103 \u00een Power BI! Faptul c\u0103 am putut afi\u0219a termenele proiectelor noastre cu dependen\u021be \u0219i urm\u0103rirea progresului direct \u00een tablourile noastre de bord executive, \u00een loc de capturi de ecran statice, a transformat prezent\u0103rile proiectelor noastre.\"<br \/>- <strong>Johnson M., Business Intelligence Manager<\/strong> <em>(Sectorul construc\u021biilor)<\/em><\/p>\n<\/blockquote>\n<h2 id=\"what-s-in-it-for-you-\">Care este avantajul pentru dumneavoastr\u0103?<\/h2>\n<p>Debloca\u021bi vizualizarea profesional\u0103 a proiectelor pentru tablourile dvs. de bord Power BI:<\/p>\n<p><strong>Vizualiza\u021bi frumos proiectele:<\/strong> Transforma\u021bi datele brute ale proiectelor din Microsoft Project, Primavera P6, Jira, Asana \u0219i Azure DevOps \u00een diagrame Gantt redate profesional.<\/p>\n<p><strong>Elimina\u021bi munca manual\u0103:<\/strong> Nu mai exporta\u021bi capturi de ecran sau crea\u021bi manual diagrame cronologice. Datele existente ale proiectului dvs. sunt afi\u0219ate ca diagrame Gantt interactive.<\/p>\n<p><strong>Impresiona\u021bi p\u0103r\u021bile interesate:<\/strong> Prezenta\u021bi tablouri de bord profesionale pentru proiecte care men\u021bin credibilitatea \u00een cadrul reuniunilor executive \u0219i al prezent\u0103rilor p\u0103r\u021bilor interesate.<\/p>\n<p><strong>Economisi\u021bi timp:<\/strong> Nu mai pierde\u021bi ore \u00een crearea manual\u0103 a cronologiei. Conecta\u021bi datele proiectului dvs. \u0219i privi\u021bi cum listele de sarcini se transform\u0103 \u00een vizualiz\u0103ri Gantt complete.<\/p>\n<blockquote>\n<p>\"Obi\u0219nuiam s\u0103 petrecem 12 ore pe s\u0103pt\u0103m\u00e2n\u0103 cre\u00e2nd rapoarte cronologice din instrumentele noastre de gestionare a proiectelor. Acum, totul se afi\u0219eaz\u0103 automat ca diagrame Gantt interactive frumoase. Rapoartele noastre privind stadiul proiectului arat\u0103 din nou profesionist.\"<br \/>- <strong>Rodriguez A., director analitic<\/strong> <em>(Tehnologie medical\u0103)<\/em><\/p>\n<\/blockquote>\n<h2 id=\"how-you-can-benefit\">Cum pute\u021bi beneficia<\/h2>\n<p>Utilizatorii care au adoptat raportul nostru vizual Leaplytics Gantt Chart:<\/p>\n<p><strong>A eliminat co\u0219marurile cronologice:<\/strong> Gata cu crearea manual\u0103 a graficelor sau cu capturile de ecran statice ale cronologiei \u00een prezent\u0103ri.<\/p>\n<p><strong>Adoptare crescut\u0103 a tablourilor de bord:<\/strong> P\u0103r\u021bile interesate se implic\u0103 mai mult cu diagrame Gantt interactive pe care le pot explora \u0219i \u00een\u021belege.<\/p>\n<p><strong>Credibilitate profesional\u0103 sporit\u0103:<\/strong> Prezent\u0103rile executive au un aspect \u00eengrijit \u0219i v\u0103 men\u021bin reputa\u021bia de profesionist \u00een domeniul datelor.<\/p>\n<p><strong>Vizualiz\u0103ri unificate ale proiectelor:<\/strong> Afi\u0219a\u021bi datele proiectului din mai multe platforme de \u00eentreprindere \u00eentr-o diagram\u0103 Gantt Power BI interactiv\u0103 \u0219i coerent\u0103.<\/p>\n<h2 id=\"key-features\">Caracteristici principale<\/h2>\n<p><strong>Suport multiplatform\u0103:<\/strong> Suport\u0103 Microsoft Project, Primavera P6, Jira, Asana, Azure DevOps \u0219i orice date tabulare de proiect.<\/p>\n<p><strong>Motor cronologic avansat:<\/strong><\/p>\n<ul>\n<li>Pozi\u021bionarea inteligent\u0103 a sarcinilor \u0219i scalarea datei<\/li>\n<li>Gestionarea ierarhic\u0103 inteligent\u0103 a sarcinilor pentru proiecte complexe<\/li>\n<\/ul>\n<p><strong>Vizualizarea profesional\u0103 a proiectelor:<\/strong> <\/p>\n<ul>\n<li>Afi\u0219eaz\u0103 corect bare de sarcini, dependen\u021be, etape \u0219i urm\u0103rirea progresului care respect\u0103 temele Power BI<\/li>\n<li>Navigare cronologic\u0103 interactiv\u0103 cu func\u021bii de zoom \u0219i panoramare<\/li>\n<\/ul>\n<p><strong>Caracteristici Enterprise Project:<\/strong><\/p>\n<ul>\n<li>Dependen\u021be de sarcini cu s\u0103ge\u021bi de rela\u021bie<\/li>\n<li>Urm\u0103rirea progresului \u0219i starea de finalizare<\/li>\n<li>Vizualizarea aloc\u0103rii resurselor<\/li>\n<li>Analiza drumului critic<\/li>\n<\/ul>\n<p><strong>Performan\u021b\u0103 optimizat\u0103:<\/strong> Redare eficient\u0103 pentru seturi mari de date de proiect cu peste 1000 de sarcini \u0219i re\u021bele de dependen\u021b\u0103 complexe.<\/p>\n<p><strong>Integrare perfect\u0103 cu Power BI:<\/strong> Func\u021bioneaz\u0103 ca orice alt vizual Power BI, respect\u00e2nd filtrele, slicerele \u0219i filtrarea \u00eencruci\u0219at\u0103.<\/p>\n<p><strong>Configurare intuitiv\u0103:<\/strong> Panou de format simplu cu selec\u021bii dropdown pentru c\u00e2mpurile de sarcini, date \u0219i op\u021biuni de vizualizare.<\/p>\n<p><strong>Gata pentru \u00eentreprinderi:<\/strong> Sistem de licen\u021biere robust conceput pentru implementarea la nivel de \u00eentreprindere, cu func\u021bii avansate de gestionare a proiectelor.<\/p>\n<h2 id=\"your-team-will-thank-you\">Echipa ta \u00ee\u021bi va mul\u021bumi<\/h2>\n<p><em>V-a\u021bi s\u0103turat de capturi de ecran statice ale proiectelor \u00een prezent\u0103rile executive?<\/em> V-a\u021bi chinuit vreodat\u0103 s\u0103 explica\u021bi stadiul proiectului folosind rapoarte tabelare plictisitoare atunci c\u00e2nd p\u0103r\u021bile interesate trebuie s\u0103 vad\u0103 termenele? Graficul nostru vizual Leaplytics Gantt Chart ofer\u0103 solu\u021bia pe care o a\u0219tepta\u021bi. Este imaginea pe care noi, ca profesioni\u0219ti \u00een managementul proiectelor, ne-am dorit \u00eentotdeauna s\u0103 o avem atunci c\u00e2nd \u00eencerc\u0103m s\u0103 comunic\u0103m eficient starea proiectului.<\/p>\n<blockquote>\n<p>\"Posibilitatea de a afi\u0219a sprinturile noastre Azure DevOps \u0219i dependen\u021bele proiectului cu o vizualizare Gantt adecvat\u0103 a revolu\u021bionat modul \u00een care prezent\u0103m starea proiectului directorilor. Cronologia este interactiv\u0103, iar configurarea a fost incredibil de u\u0219oar\u0103.\"<br \/>- <strong>Chen L., analist principal de date<\/strong> <em>(Dezvoltare software)<\/em><\/p>\n<\/blockquote>\n<h2 id=\"letter-from-the-ceo\">Scrisoare din partea directorului general<\/h2>\n<p>Hei toat\u0103 lumea-<\/p>\n<p>Eu sunt \u0218tefan, CEO aici la LeapLytics.<\/p>\n<p>Vizualizarea proiectelor \u00een Power BI a fost o problem\u0103 persistent\u0103 timp de ani de zile. Organiza\u021biile investesc masiv \u00een platforme precum Microsoft Project, Primavera P6, Jira \u0219i Azure DevOps pentru a gestiona planific\u0103rile \u0219i dependen\u021bele proiectelor complexe. Dar atunci c\u00e2nd aceste date de proiect intr\u0103 \u00een Power BI, ele devin tabele ilizibile sau necesit\u0103 crearea manual\u0103 de diagrame.<\/p>\n<p>Aceast\u0103 deconectare \u00eentre instrumentele sofisticate de gestionare a proiectelor \u0219i raportarea de baz\u0103 a proiectelor Power BI a frustrat nenum\u0103ra\u021bi manageri de proiect \u00een prezent\u0103rile executive. Aceasta submineaz\u0103 credibilitatea \u0219i face ca informa\u021bii valoroase despre proiect s\u0103 fie practic invizibile \u00een tablourile de bord.<\/p>\n<p>Elementele vizuale BI tradi\u021bionale pur \u0219i simplu nu au fost concepute pentru realitatea complex\u0103 a gestion\u0103rii proiectelor moderne, \u00een care sarcinile au dependen\u021be, urm\u0103rirea progresului, alocarea resurselor \u0219i constr\u00e2ngeri legate de termene. Aici \u00eencepe frustrarea.<\/p>\n<p>Vizualul nostru Leaplytics Gantt Chart pentru Power BI rezolv\u0103 aceast\u0103 problem\u0103 fundamental\u0103. Credem c\u0103 datele proiectului dvs. ar trebui s\u0103 comunice clar \u0219i profesional peste tot, inclusiv \u00een tablourile de bord Power BI.<\/p>\n<p>Este vorba despre p\u0103strarea investi\u021biei pe care a\u021bi f\u0103cut-o \u00een planificarea sofisticat\u0103 a proiectelor \u0219i prezentarea acesteia cu claritatea vizual\u0103 pe care o a\u0219teapt\u0103 p\u0103r\u021bile interesate. Am conceput acest vizual pentru a face fa\u021b\u0103 complexit\u0103\u021bii datelor de proiect reale, men\u021bin\u00e2nd \u00een acela\u0219i timp configura\u021bia simpl\u0103.<\/p>\n<p>Aceasta este contribu\u021bia noastr\u0103 la eliminarea co\u0219marului de vizualizare a proiectelor care a chinuit prea mult timp utilizatorii Power BI.<\/p>\n<p>Cele mai bune salut\u0103ri,<br \/><strong>\u0218tefan Preusler<\/strong><br \/>Co-fondator \u0219i CEO, LeapLytics GmbH<\/p>\n<hr>\n<h2 id=\"ready-to-transform-your-project-visualization-\">Sunte\u021bi gata s\u0103 v\u0103 transforma\u021bi vizualizarea proiectelor?<\/h2>\n<p><a href=\"https:\/\/www.leaplytics.de\/ro\/\"><strong>Solicita\u021bi o licen\u021b\u0103 de \u00eencercare<\/strong><\/a><\/p>\n<h2 id=\"getting-started\">No\u021biuni introductive<\/h2>\n<p>V-a\u021bi primit licen\u021ba sau dori\u021bi s\u0103 afla\u021bi mai multe?<br \/>Face\u021bi clic mai jos pentru a accesa ghidul nostru cuprinz\u0103tor:<\/p>\n<p><a href=\"https:\/\/www.leaplytics.de\/ro\/getting-started-gantt-chart-power-bi\/?utm_source=extension&amp;utm_medium=power-bi&amp;utm_campaign=gantt-chart\"><strong>No\u021biuni introductive - Leaplytics Gantt Chart Visual pentru Power BI<\/strong><\/a><\/p>\n<hr>\n<p><em>Transforma\u021bi datele proiectului dvs. \u00een vizualiz\u0103ri profesionale ale cronologiei pe care p\u0103r\u021bile interesate le \u00een\u021beleg cu adev\u0103rat.<\/em> <\/p>","protected":false},"excerpt":{"rendered":"<p>It&#39;s straightforward. We empower you to bring your project timelines and schedules to life directly within Power BI. Our Leaplytics Gantt Chart visual transforms complex project data into professional, interactive, and comprehensive timeline visualizations. Display project schedules from Microsoft Project, Primavera P6, Jira, Asana, and Azure DevOps exactly as intended. &quot;Finally, a Gantt chart that &hellip; <\/p>","protected":false},"author":2,"featured_media":0,"parent":0,"menu_order":0,"comment_status":"closed","ping_status":"closed","template":"","meta":{"footnotes":""},"class_list":["post-13808","page","type-page","status-publish","hentry","latest_post"],"_links":{"self":[{"href":"https:\/\/www.leaplytics.de\/ro\/wp-json\/wp\/v2\/pages\/13808","targetHints":{"allow":["GET"]}}],"collection":[{"href":"https:\/\/www.leaplytics.de\/ro\/wp-json\/wp\/v2\/pages"}],"about":[{"href":"https:\/\/www.leaplytics.de\/ro\/wp-json\/wp\/v2\/types\/page"}],"author":[{"embeddable":true,"href":"https:\/\/www.leaplytics.de\/ro\/wp-json\/wp\/v2\/users\/2"}],"replies":[{"embeddable":true,"href":"https:\/\/www.leaplytics.de\/ro\/wp-json\/wp\/v2\/comments?post=13808"}],"version-history":[{"count":1,"href":"https:\/\/www.leaplytics.de\/ro\/wp-json\/wp\/v2\/pages\/13808\/revisions"}],"predecessor-version":[{"id":13809,"href":"https:\/\/www.leaplytics.de\/ro\/wp-json\/wp\/v2\/pages\/13808\/revisions\/13809"}],"wp:attachment":[{"href":"https:\/\/www.leaplytics.de\/ro\/wp-json\/wp\/v2\/media?parent=13808"}],"curies":[{"name":"wp","href":"https:\/\/api.w.org\/{rel}","templated":true}]}}