{"id":14255,"date":"2025-12-05T17:33:46","date_gmt":"2025-12-05T16:33:46","guid":{"rendered":"https:\/\/www.leaplytics.de\/?page_id=14255"},"modified":"2025-12-19T00:03:08","modified_gmt":"2025-12-18T23:03:08","slug":"inteligenta-artificiala","status":"publish","type":"page","link":"https:\/\/www.leaplytics.de\/ro\/inteligenta-artificiala\/","title":{"rendered":"Inteligen\u021ba artificial\u0103"},"content":{"rendered":"<h2>Inteligen\u021ba artificial\u0103 care func\u021bioneaz\u0103 cu adev\u0103rat pentru afacerea dumneavoastr\u0103<\/h2>\n\n<p>Toat\u0103 lumea vorbe\u0219te despre inteligen\u021ba artificial\u0103. Cea mai mare parte sunt vorbe goale. Noi ne concentr\u0103m pe ceea ce func\u021bioneaz\u0103 cu adev\u0103rat.<\/p>\n<p>Inteligen\u021ba artificial\u0103 este bun\u0103 la anumite lucruri: citirea documentelor, g\u0103sirea modelelor, prelucrarea datelor, gestionarea sarcinilor de rutin\u0103. Lucruri care consum\u0103 timpul echipei dvs. \u00een fiecare zi.<\/p>\n<p>Noi construim sisteme AI care fac exact asta. F\u0103r\u0103 magie. F\u0103r\u0103 cuvinte la mod\u0103. Doar instrumente practice care v\u0103 fac echipa mai eficient\u0103.<\/p>\n\n\n<hr class=\"wp-block-separator has-alpha-channel-opacity\"\/>\n\n\n\n<h3 class=\"wp-block-heading\">Problema pe care o rezolv\u0103m<\/h3>\n\n\n<p>Echipa ta este ocupat\u0103. Prea ocupat\u0103.<\/p>\n<p>Oamenii de\u0219tep\u021bi petrec ore \u00eentregi pe activit\u0103\u021bi care nu au nevoie de expertiza lor. Citesc documente. Introducerea de date. R\u0103spunz\u00e2nd la acelea\u0219i \u00eentreb\u0103ri. Urm\u0103rirea aprob\u0103rilor. Elaborarea de rapoarte.<\/p>\n<p>Munca important\u0103 este redus\u0103. Strategia are de suferit. Analiza se gr\u0103be\u0219te. Deciziile sunt luate f\u0103r\u0103 suficiente informa\u021bii, deoarece nimeni nu a avut timp s\u0103 le g\u0103seasc\u0103.<\/p>\n<p>Nu este o problem\u0103 de oameni. Este o problem\u0103 de volum. Exist\u0103 pur \u0219i simplu prea mult\u0103 munc\u0103 de rutin\u0103 \u0219i prea pu\u021bine ore.<\/p>\n\n\n<hr class=\"wp-block-separator has-alpha-channel-opacity\"\/>\n\n\n\n<h3 class=\"wp-block-heading\">Cum ajut\u0103 de fapt inteligen\u021ba artificial\u0103<\/h3>\n\n\n<p>AI se ocup\u0103 de rutin\u0103, astfel \u00eenc\u00e2t echipa dvs. s\u0103 se poat\u0103 concentra pe ceea ce conteaz\u0103.<\/p>\n<p>Modelul este simplu:<\/p>\n\n<p><strong>Datele intr\u0103.<\/strong><br \/>\nDocumente. E-mail-uri. Formulare. Tranzac\u021bii. Lucrurile care v\u0103 inund\u0103 sistemele \u00een fiecare zi.<\/p>\n\n<p><strong>AI \u00eel proceseaz\u0103.<\/strong><br \/>\nCite\u0219te. Extrage. Clasific\u0103. Verific\u0103. Mai repede dec\u00e2t orice om, f\u0103r\u0103 s\u0103 oboseasc\u0103 sau s\u0103 piard\u0103 lucruri.<\/p>\n\n<p><strong>Ie\u0219irea este creat\u0103.<\/strong><br \/>\nRezumate. Alerte. Proiecte. Recomand\u0103ri. Informa\u021bii pe care echipa dvs. le poate utiliza efectiv.<\/p>\n\n<p><strong>Se iau m\u0103suri.<\/strong><br \/>\nSarcinile de rutin\u0103 au loc automat. Excep\u021biile merg la oameni. Persoanele potrivite v\u0103d lucrurile potrivite la momentul potrivit.<\/p>\n\n<p><strong>Rezultatele se transmit \u00eenapoi.<\/strong><br \/>\nSistemul \u00eenva\u021b\u0103 ce func\u021bioneaz\u0103. Se \u00eembun\u0103t\u0103\u021be\u0219te \u00een timp. Procesele dvs. se \u00eembun\u0103t\u0103\u021besc.<\/p>\n\n<p>Nu este vorba despre \u00eenlocuirea oamenilor. Este vorba despre eliminarea muncii care nu ar trebui s\u0103 aib\u0103 nevoie de oameni \u00een primul r\u00e2nd.<\/p>\n\n\n<hr class=\"wp-block-separator has-alpha-channel-opacity\"\/>\n\n\n\n<h3 class=\"wp-block-heading\">IA pentru fiecare departament<\/h3>\n\n\n<p>Echipele diferite au provoc\u0103ri diferite. Dar modelul este acela\u0219i: prea mult\u0103 munc\u0103 de rutin\u0103, prea pu\u021bin timp pentru ceea ce conteaz\u0103.<\/p>\n<p>Construim solu\u021bii de inteligen\u021b\u0103 artificial\u0103 adaptate la modul \u00een care lucreaz\u0103 de fapt fiecare departament.<\/p>\n\n\n<hr class=\"wp-block-separator has-alpha-channel-opacity\"\/>\n\n\n\n<h4 class=\"wp-block-heading\">Finan\u021be<\/h4>\n\n\n<p>Echipele financiare se \u00eenec\u0103 \u00een documente \u0219i date. Facturi. Rapoarte. Reconcilieri. Previziuni.<\/p>\n<p>AI cite\u0219te automat documentele financiare. Proceseaz\u0103 facturile f\u0103r\u0103 introducere manual\u0103. Identific\u0103 anomaliile \u00een tranzac\u021bii. Elaboreaz\u0103 explica\u021bii privind varia\u021biile. Face previziuni bazate pe modele, nu pe presupuneri.<\/p>\n<p>Echipa dvs. financiar\u0103 se opre\u0219te din scris \u0219i \u00eencepe s\u0103 analizeze.<\/p>\n\n<p><a href=\"https:\/\/www.leaplytics.de\/ro\/finante-ai\/\">A se vedea AI pentru finan\u021be \u2192<\/a><\/p>\n\n\n<hr class=\"wp-block-separator has-alpha-channel-opacity\"\/>\n\n\n\n<h4 class=\"wp-block-heading\">Juridic \/ Drept<\/h4>\n\n\n<p>Munca juridic\u0103 este o munc\u0103 de text. Contracte. Documente. Cercetare. Verific\u0103ri de conformitate.<\/p>\n<p>AI cite\u0219te contractele \u0219i extrage clauzele cheie. Identific\u0103 riscurile \u0219i termenii lips\u0103. Revizuie\u0219te documentele \u00een litigiu mai rapid dec\u00e2t ar putea-o face orice echip\u0103. Redacteaz\u0103 primele versiuni ale documentelor standard. Monitorizeaz\u0103 modific\u0103rile de reglementare.<\/p>\n<p>Avoca\u021bii dvs. se concentreaz\u0103 pe judecat\u0103 \u0219i strategie, nu pe citirea fiec\u0103rei pagini.<\/p>\n\n<p><a href=\"https:\/\/www.leaplytics.de\/ro\/juridic-drept-ai\/\">A se vedea AI for Legal \u2192<\/a><\/p>\n\n\n<hr class=\"wp-block-separator has-alpha-channel-opacity\"\/>\n\n\n\n<h4 class=\"wp-block-heading\">Marketing \u0219i v\u00e2nz\u0103ri<\/h4>\n\n\n<p>Echipele de marketing \u0219i v\u00e2nz\u0103ri urm\u0103resc clien\u021bii poten\u021biali \u0219i creeaz\u0103 con\u021binut la nesf\u00e2r\u0219it. Mai multe canale. Mai multe mesaje. Mai multe date de analizat.<\/p>\n<p>Inteligen\u021ba artificial\u0103 clasific\u0103 clien\u021bii poten\u021biali, astfel \u00eenc\u00e2t reprezentan\u021bii s\u0103 lucreze mai \u00eent\u00e2i cu cei mai buni. Elaboreaz\u0103 variante de con\u021binut \u00een c\u00e2teva secunde. Segmenteaz\u0103 clien\u021bii pe baza comportamentului real. Face previziuni cu date, nu cu speran\u021be. Optimizeaz\u0103 automat campaniile.<\/p>\n<p>Echipa dvs. vinde \u0219i elaboreaz\u0103 strategii \u00een loc s\u0103 sorteze \u0219i s\u0103 scrie.<\/p>\n\n<p><a href=\"https:\/\/www.leaplytics.de\/ro\/marketing-vanzari-ai\/\">Consulta\u021bi AI pentru marketing \u0219i v\u00e2nz\u0103ri \u2192<\/a><\/p>\n\n\n<hr class=\"wp-block-separator has-alpha-channel-opacity\"\/>\n\n\n\n<h4 class=\"wp-block-heading\">Resurse umane<\/h4>\n\n\n<p>Echipele de resurse umane se ocup\u0103 de oameni, dar \u00ee\u0219i petrec cea mai mare parte a timpului cu birocra\u021bia. Aplica\u021bii. Integrare. \u00centreb\u0103ri legate de politici. Conformitate.<\/p>\n<p>AI verific\u0103 CV-urile \u0219i scoate la suprafa\u021b\u0103 candida\u021bii de top. R\u0103spunde instantaneu la \u00eentreb\u0103rile angaja\u021bilor. Automatizeaz\u0103 listele de verificare a integr\u0103rii. Urm\u0103re\u0219te conformitatea f\u0103r\u0103 verific\u0103ri manuale. Identific\u0103 riscurile de reten\u021bie \u00eenainte ca oamenii s\u0103 plece.<\/p>\n<p>Echipa dvs. de resurse umane se concentreaz\u0103 pe oameni, nu pe birocra\u021bie.<\/p>\n\n<p><a href=\"https:\/\/www.leaplytics.de\/ro\/resurse-umane-ai\/\">A se vedea AI pentru resurse umane \u2192<\/a><\/p>\n\n\n<hr class=\"wp-block-separator has-alpha-channel-opacity\"\/>\n\n\n\n<h4 class=\"wp-block-heading\">Opera\u021biuni<\/h4>\n\n\n<p>Echipele opera\u021bionale coordoneaz\u0103 totul. Lan\u021burile de aprovizionare. Programe. Calitatea. O mie de piese \u00een mi\u0219care care trebuie s\u0103 func\u021bioneze \u00eempreun\u0103.<\/p>\n<p>AI prognozeaz\u0103 cererea \u0219i optimizeaz\u0103 stocurile. Programeaz\u0103 resursele pe baza constr\u00e2ngerilor reale. Monitorizeaz\u0103 calitatea \u00een permanen\u021b\u0103. Identific\u0103 blocajele \u00eenainte ca acestea s\u0103 devin\u0103 probleme. Creeaz\u0103 automat rapoarte opera\u021bionale.<\/p>\n<p>Echipa dvs. de opera\u021biuni rezolv\u0103 problemele \u00een loc s\u0103 le urm\u0103reasc\u0103.<\/p>\n\n<p><a href=\"https:\/\/www.leaplytics.de\/ro\/operatiuni-ai\/\">A se vedea AI pentru opera\u021biuni \u2192<\/a><\/p>\n\n\n<hr class=\"wp-block-separator has-alpha-channel-opacity\"\/>\n\n\n\n<h4 class=\"wp-block-heading\">Sourcing \u0219i achizi\u021bii publice<\/h4>\n\n\n<p>Echipele de achizi\u021bii achizi\u021bioneaz\u0103 \u0219i gestioneaz\u0103 furnizorii. Comenzi. Contracte. Cheltuieli. Riscuri. Niciodat\u0103 nu este suficient timp pentru a fi strategic.<\/p>\n<p>AI evalueaz\u0103 furnizorii \u0219i identific\u0103 riscurile. Proceseaz\u0103 automat comenzile de achizi\u021bie. Urm\u0103re\u0219te termenele contractuale \u0219i datele de re\u00eennoire. Analizeaz\u0103 cheltuielile \u0219i g\u0103se\u0219te economii. Monitorizeaz\u0103 continuu performan\u021ba furnizorilor.<\/p>\n<p>Echipa dvs. de achizi\u021bii negociaz\u0103 \u0219i elaboreaz\u0103 strategii \u00een loc s\u0103 proceseze.<\/p>\n\n<p><a href=\"https:\/\/www.leaplytics.de\/ro\/aprovizionare-achizitii-ai\/\">Consulta\u021bi AI pentru aprovizionare \u0219i achizi\u021bii \u2192<\/a><\/p>\n\n\n<hr class=\"wp-block-separator has-alpha-channel-opacity\"\/>\n\n\n\n<h3 class=\"wp-block-heading\">Ce nu va face inteligen\u021ba artificial\u0103<\/h3>\n\n\n<p>Suntem sinceri cu privire la limite.<\/p>\n<p>Inteligen\u021ba artificial\u0103 nu v\u0103 \u00eenlocuie\u0219te echipa. Ea nu ia decizii. Nu se ocup\u0103 de situa\u021bii sensibile care necesit\u0103 o atingere uman\u0103. Nu creeaz\u0103 strategii sau nu construie\u0219te rela\u021bii.<\/p>\n<p>AI se ocup\u0103 de rutin\u0103. Citirea. Prelucrarea. Potrivirea modelelor. Primul proiect.<\/p>\n<p>Oamenii dvs. se ocup\u0103 de g\u00e2ndire, de luarea deciziilor \u0219i de munca care necesit\u0103 de fapt expertiza lor.<\/p>\n<p>Aceasta nu este o limitare - aceasta este ideea. IA face ceea ce \u0219tie s\u0103 fac\u0103, astfel \u00eenc\u00e2t oamenii s\u0103 poat\u0103 face ceea ce \u0219tiu s\u0103 fac\u0103.<\/p>\n\n\n<hr class=\"wp-block-separator has-alpha-channel-opacity\"\/>\n\n\n\n<h3 class=\"wp-block-heading\">De ce s\u0103 lucra\u021bi cu noi<\/h3>\n\n\n<p>Noi nu vindem inteligen\u021b\u0103 artificial\u0103 de dragul ei. Noi rezolv\u0103m probleme.<\/p>\n\n<p><strong>Noi folosim ceea ce vindem.<\/strong><br \/>\nPropria noastr\u0103 afacere func\u021bioneaz\u0103 pe baza inteligen\u021bei artificiale. Gestionarea clien\u021bilor poten\u021biali. Prelucrarea documentelor. Analiz\u0103. \u0218tim ce func\u021bioneaz\u0103 pentru c\u0103 depindem de asta \u00een fiecare zi.<\/p>\n\n<p><strong>Ne concentr\u0103m pe rezultate.<\/strong><br \/>\nNu tehnologie de dragul tehnologiei. V\u0103 \u00eentreb\u0103m: ce munc\u0103 v\u0103 m\u0103n\u00e2nc\u0103 timpul? Ce se scurge prin fisuri? Apoi construim AI care rezolv\u0103 problema.<\/p>\n\n<p><strong>Construim pentru fluxul dvs. de lucru.<\/strong><br \/>\nNu exist\u0103 produse universale. Ne uit\u0103m la modul \u00een care echipa dvs. lucreaz\u0103 de fapt \u0219i construim sisteme care se potrivesc.<\/p>\n\n<p><strong>Suntem sinceri cu privire la potrivire.<\/strong><br \/>\nUneori, IA nu este r\u0103spunsul. Dac\u0103 problema dvs. poate fi rezolvat\u0103 mai bine \u00een alt mod, v\u0103 vom spune.<\/p>\n\n\n<hr class=\"wp-block-separator has-alpha-channel-opacity\"\/>\n\n\n\n<h3 class=\"wp-block-heading\">Sunte\u021bi gata s\u0103 vede\u021bi ce este posibil?<\/h3>\n\n\n<p>G\u00e2ndi\u021bi-v\u0103 la timpul echipei dumneavoastr\u0103.<\/p>\n<p>Ce sarcini sunt repetitive? Care sunt activit\u0103\u021bile care nu necesit\u0103 expertiz\u0103 uman\u0103, dar care oricum o primesc? Ce se pierde din vedere atunci c\u00e2nd lucrurile devin aglomerate?<\/p>\n<p>Aici ne poate ajuta inteligen\u021ba artificial\u0103. Nu \u00eentr-o zi. Acum.<\/p>\n<p>S\u0103 discut\u0103m despre provoc\u0103rile dvs. specifice \u0219i s\u0103 vedem dac\u0103 AI are sens.<\/p>\n\n<p><a href=\"https:\/\/www.leaplytics.de\/ro\/kontakt\/\">Discuta\u021bi cu noi<\/a><\/p>","protected":false},"excerpt":{"rendered":"<p>AI That Actually Works for Your Business Everyone talks about AI. Most of it is hype. We focus on what actually works. AI is good at specific things: reading documents, finding patterns, processing data, handling routine tasks. Things that eat up your team&#8217;s time every day. We build AI systems that do exactly that. No &hellip; <\/p>","protected":false},"author":2,"featured_media":0,"parent":0,"menu_order":0,"comment_status":"closed","ping_status":"closed","template":"","meta":{"footnotes":""},"class_list":["post-14255","page","type-page","status-publish","hentry","latest_post"],"_links":{"self":[{"href":"https:\/\/www.leaplytics.de\/ro\/wp-json\/wp\/v2\/pages\/14255","targetHints":{"allow":["GET"]}}],"collection":[{"href":"https:\/\/www.leaplytics.de\/ro\/wp-json\/wp\/v2\/pages"}],"about":[{"href":"https:\/\/www.leaplytics.de\/ro\/wp-json\/wp\/v2\/types\/page"}],"author":[{"embeddable":true,"href":"https:\/\/www.leaplytics.de\/ro\/wp-json\/wp\/v2\/users\/2"}],"replies":[{"embeddable":true,"href":"https:\/\/www.leaplytics.de\/ro\/wp-json\/wp\/v2\/comments?post=14255"}],"version-history":[{"count":14,"href":"https:\/\/www.leaplytics.de\/ro\/wp-json\/wp\/v2\/pages\/14255\/revisions"}],"predecessor-version":[{"id":14420,"href":"https:\/\/www.leaplytics.de\/ro\/wp-json\/wp\/v2\/pages\/14255\/revisions\/14420"}],"wp:attachment":[{"href":"https:\/\/www.leaplytics.de\/ro\/wp-json\/wp\/v2\/media?parent=14255"}],"curies":[{"name":"wp","href":"https:\/\/api.w.org\/{rel}","templated":true}]}}