{"id":14381,"date":"2025-12-18T23:30:11","date_gmt":"2025-12-18T22:30:11","guid":{"rendered":"https:\/\/www.leaplytics.de\/?page_id=14381"},"modified":"2025-12-19T01:53:47","modified_gmt":"2025-12-19T00:53:47","slug":"juridic-drept-ai","status":"publish","type":"page","link":"https:\/\/www.leaplytics.de\/ro\/juridic-drept-ai\/","title":{"rendered":"Juridic \/ Drept AI"},"content":{"rendered":"<h2>Echipa dvs. juridic\u0103 are prea mult de lucru. AI v\u0103 poate ajuta.<\/h2>\n\n<p>Munca juridic\u0103 este o munc\u0103 de text. Contracte. Documente. Email-uri. Cercet\u0103ri. Verific\u0103ri de conformitate.<\/p>\n<p>Cele mai multe dintre ele urmeaz\u0103 modele. G\u0103si\u021bi clauza. Verifica\u021bi riscul. Compara\u021bi versiunile. R\u0103spunde\u021bi din nou la aceea\u0219i \u00eentrebare.<\/p>\n<p>Inteligen\u021ba artificial\u0103 este construit\u0103 pentru asta. Cite\u0219te mai repede dec\u00e2t orice om. Nu obose\u0219te niciodat\u0103. Nu pierde niciodat\u0103 un r\u00e2nd de la pagina 47.<\/p>\n<p>Acest lucru nu \u00eenlocuie\u0219te avoca\u021bii. \u00cei face mai rapizi. Se ocup\u0103 de rutin\u0103, astfel \u00eenc\u00e2t echipa dvs. s\u0103 se poat\u0103 concentra pe ceea ce necesit\u0103 de fapt un creier uman.<\/p>\n\n\n<hr class=\"wp-block-separator has-alpha-channel-opacity\"\/>\n\n\n\n<h3 class=\"wp-block-heading\">Realitatea activit\u0103\u021bii juridice de ast\u0103zi<\/h3>\n\n\n<p>Echipele juridice sunt \u00eenecate. Mai multe contracte. Mai multe reglement\u0103ri. Mai mult\u0103 presiune pentru a ac\u021biona rapid.<\/p>\n<p>Asocia\u021bii petrec ore \u00eentregi cu sarcini care nu necesit\u0103 ani de facultate de drept. Partenerii revizuiesc documente c\u00e2nd ar trebui s\u0103 consilieze clien\u021bii. Consilierii interni se gr\u0103besc s\u0103 \u00eencheie contracte pentru c\u0103 \u00eentotdeauna mai exist\u0103 unul care a\u0219teapt\u0103.<\/p>\n<p>Munca se acumuleaz\u0103. Termenele limit\u0103 devin stricte. Lucrurile sunt ratate.<\/p>\n<p>Nu pentru c\u0103 oamenii nu sunt buni \u00een meseria lor. Pentru c\u0103 exist\u0103 pur \u0219i simplu prea mult text \u0219i prea pu\u021bin timp.<\/p>\n\n\n<hr class=\"wp-block-separator has-alpha-channel-opacity\"\/>\n\n\n\n<h3 class=\"wp-block-heading\">Unde AI face o diferen\u021b\u0103 real\u0103<\/h3>\n\n\n<p>Inteligen\u021ba artificial\u0103 func\u021bioneaz\u0103 cel mai bine acolo unde exist\u0103 mult text \u0219i modele clare. Activitatea juridic\u0103 le are pe am\u00e2ndou\u0103.<\/p>\n<p>Iat\u0103 cinci domenii \u00een care inteligen\u021ba artificial\u0103 ofer\u0103 rezultate reale - nu publicitate, ci economie de timp \u0219i riscuri reale.<\/p>\n\n\n<hr class=\"wp-block-separator has-alpha-channel-opacity\"\/>\n\n\n\n<h4 class=\"wp-block-heading\">1. Revizuirea contractului<\/h4>\n\n\n<p>Contractele sunt coloana vertebral\u0103 a afacerilor. Sunt, de asemenea, o pierdere masiv\u0103 de timp.<\/p>\n<p>Fiecare contract trebuie revizuit. Fiecare clauz\u0103 trebuie verificat\u0103. Fiecare abatere de la standard trebuie semnalat\u0103. \u00cenmul\u021bi\u021bi acest lucru cu sute de contracte pe an.<\/p>\n\n\n<h5 class=\"wp-block-heading\">Ce face inteligen\u021ba artificial\u0103<\/h5>\n\n\n<p><strong>G\u0103se\u0219te \u0219i extrage clauzele-cheie.<\/strong><br \/>\nDurata. \u00cencetarea contractului. R\u0103spunderea. Jurisdic\u021bie. Confiden\u021bialitate. Inteligen\u021ba artificial\u0103 le extrage automat. Nu mai c\u0103uta\u021bi prin pagini.<\/p>\n\n<p><strong>Semnaleaz\u0103 riscurile.<\/strong><br \/>\nInteligen\u021ba artificial\u0103 \u00ee\u021bi cunoa\u0219te scenariul standard. C\u00e2nd ceva se abate de la ea, o eviden\u021biaz\u0103. \"Aceast\u0103 clauz\u0103 de r\u0103spundere este mai larg\u0103 dec\u00e2t standardul dvs.\". \"Aceast\u0103 perioad\u0103 de reziliere este mai scurt\u0103 dec\u00e2t de obicei.\"<\/p>\n\n<p><strong>Pete piese lips\u0103.<\/strong><br \/>\nNicio clauz\u0103 de confiden\u021bialitate? Nicio limitare a r\u0103spunderii? AI observ\u0103 ceea ce nu exist\u0103.<\/p>\n\n<p><strong>Compar\u0103 versiunile.<\/strong><br \/>\nLiniile ro\u0219ii sunt confuze. AI explic\u0103 ce s-a schimbat de fapt \u00eentre versiuni. \u00cen limbaj simplu.<\/p>\n\n<p><strong>Scrie rezumate.<\/strong><br \/>\nFiecare contract prime\u0219te un rezumat. Termeni cheie. Principalele riscuri. Ce conteaz\u0103. O pagin\u0103 \u00een loc de cincizeci.<\/p>\n\n\n<h5 class=\"wp-block-heading\">Ce \u00eenseamn\u0103 acest lucru pentru dvs.<\/h5>\n\n\n<ul>\n<li><strong>Pentru factorii de decizie:<\/strong> Cicluri de tranzac\u021bionare mai rapide. Mai pu\u021bine blocaje. Cost mai mic per contract revizuit.<\/li>\n<li><strong>Pentru avoca\u021bi:<\/strong> Concentreaz\u0103-te pe 10-20% care are nevoie de expertiza ta. S\u0103ri\u021bi peste 80% pe care l-a\u021bi v\u0103zut de sute de ori.<\/li>\n<li><strong>Pentru afaceri:<\/strong> Contractele standard beneficiaz\u0103 automat de o examinare \"la prima trecere\". Cele complexe primesc mai mult\u0103 aten\u021bie, mai repede.<\/li>\n<\/ul>\n\n<p><a href=\"https:\/\/www.leaplytics.de\/ro\/revizuire-contract-ai\/\">Afla\u021bi mai multe despre AI pentru revizuirea contractelor \u2192<\/a><\/p>\n\n\n<hr class=\"wp-block-separator has-alpha-channel-opacity\"\/>\n\n\n\n<h4 class=\"wp-block-heading\">2. Analiza documentelor \u00een litigii \u0219i investiga\u021bii<\/h4>\n\n\n<p>Procesele \u0219i investiga\u021biile \u00eenseamn\u0103 documente. Mii de documente. Uneori milioane.<\/p>\n<p>E-mailuri. PDF-uri. Jurnale de chat. Anexe. Toate trebuie revizuite. Toate au nevoie de clasificare. Toate sub presiunea termenului limit\u0103.<\/p>\n\n\n<h5 class=\"wp-block-heading\">Ce face inteligen\u021ba artificial\u0103<\/h5>\n\n\n<p><strong>Clasific\u0103 relevan\u021ba \u00een mod automat.<\/strong><br \/>\nRelevant. Nu este relevant. Necesit\u0103 revizuire. Inteligen\u021ba artificial\u0103 sorteaz\u0103 gr\u0103mada \u00eenainte ca oamenii s\u0103 \u00eenceap\u0103.<\/p>\n\n<p><strong>Grupuri pe teme.<\/strong><br \/>\nCare e-mailuri apar\u021bin aceluia\u0219i grup? Care conversa\u021bii discut\u0103 acela\u0219i subiect? Inteligen\u021ba artificial\u0103 le grupeaz\u0103 astfel \u00eenc\u00e2t evaluatorii s\u0103 vad\u0103 imaginea de ansamblu.<\/p>\n\n<p><strong>G\u0103se\u0219te con\u021binut sensibil.<\/strong><br \/>\nPoten\u021biale probleme de conformitate. Date personale. Comunic\u0103ri privilegiate. Cuvinte-cheie care conteaz\u0103. Inteligen\u021ba artificial\u0103 le semnaleaz\u0103 pentru o analiz\u0103 uman\u0103.<\/p>\n\n<p><strong>Prioritizeaz\u0103 ceea ce oamenii v\u0103d mai \u00eent\u00e2i.<\/strong><br \/>\nNu toate documentele sunt egale. Inteligen\u021ba artificial\u0103 sugereaz\u0103 care dintre ele necesit\u0103 aten\u021bie imediat\u0103.<\/p>\n\n<p><strong>Sumarizeaz\u0103 firele lungi.<\/strong><br \/>\nUn lan\u021b de 50 de e-mailuri devine un rezumat de un paragraf. Evaluatorii \u00een\u021beleg rapid contextul.<\/p>\n\n\n<h5 class=\"wp-block-heading\">Ce \u00eenseamn\u0103 acest lucru pentru dvs.<\/h5>\n\n\n<ul>\n<li><strong>Pentru factorii de decizie:<\/strong> Costurile de descoperire scad. Cazurile se solu\u021bioneaz\u0103 mai rapid. Bugetul r\u0103m\u00e2ne sub control.<\/li>\n<li><strong>Pentru avoca\u021bi:<\/strong> Analiza\u021bi documentele care conteaz\u0103. Evita\u021bi zgomotul. G\u0103si\u021bi acul \u00een carul cu f\u00e2n mai repede.<\/li>\n<li><strong>Pentru conformitate:<\/strong> O mai bun\u0103 documentare a ceea ce a fost revizuit \u0219i de ce. Proces justificabil.<\/li>\n<\/ul>\n\n<p><a href=\"https:\/\/www.leaplytics.de\/ro\/revizuirea-documentelor-investigatii-in-litigii-ai\/\">Afla\u021bi mai multe despre AI pentru revizuirea documentelor \u0219i eDiscovery \u2192<\/a><\/p>\n\n\n<hr class=\"wp-block-separator has-alpha-channel-opacity\"\/>\n\n\n\n<h4 class=\"wp-block-heading\">3. Cercetare \u0219i redactare juridic\u0103<\/h4>\n\n\n<p>Cercetarea necesit\u0103 timp. G\u0103sirea cazurilor relevante. \u00cen\u021belegerea reglement\u0103rilor. Construirea argumentelor. Apoi, scrie\u021bi totul \u00een structura corect\u0103.<\/p>\n<p>Cele mai multe dintre acestea urmeaz\u0103 modele. AI se poate ocupa de primul proiect.<\/p>\n\n\n<h5 class=\"wp-block-heading\">Ce face inteligen\u021ba artificial\u0103<\/h5>\n\n\n<p><strong>G\u0103se\u0219te surse relevante.<\/strong><br \/>\nLegi. Hot\u0103r\u00e2ri judec\u0103tore\u0219ti. Orient\u0103ri. Precedente. IA v\u0103 ofer\u0103 un punct de plecare \u00een loc de o pagin\u0103 alb\u0103.<\/p>\n\n<p><strong>Sugera\u021bi structura documentului.<\/strong><br \/>\nMemorii. Memorii. Opinii. Exist\u0103 formate standard. AI v\u0103 propune o schi\u021b\u0103 \u00een func\u021bie de ceea ce scrie\u021bi.<\/p>\n\n<p><strong>Redacteaz\u0103 texte standard.<\/strong><br \/>\nClauze. Scrisori de inten\u021bie. Sec\u021biuni de tip Boilerplate. AI-ul scrie prima versiune. Tu o rafinezi.<\/p>\n\n<p><strong>Traduce juridic \u00een limbaj simplu.<\/strong><br \/>\nClientul trebuie s\u0103 \u00een\u021beleag\u0103 o hot\u0103r\u00e2re judec\u0103toreasc\u0103? AI o rezum\u0103 f\u0103r\u0103 jargon.<\/p>\n\n<p><strong>Arat\u0103 ambele p\u0103r\u021bi.<\/strong><br \/>\nArgumente pentru. Argumente contra. Inteligen\u021ba artificial\u0103 v\u0103 ajut\u0103 s\u0103 vede\u021bi imaginea de ansamblu \u00eenainte de a v\u0103 angaja \u00eentr-o pozi\u021bie.<\/p>\n\n\n<h5 class=\"wp-block-heading\">Ce \u00eenseamn\u0103 acest lucru pentru dvs.<\/h5>\n\n\n<ul>\n<li><strong>Pentru factorii de decizie:<\/strong> Avoca\u021bii juniori devin productivi mai repede. Avoca\u021bii seniori se concentreaz\u0103 pe strategie, nu pe redactare.<\/li>\n<li><strong>Pentru avoca\u021bi:<\/strong> \u00cencepe\u021bi cu un proiect \u00een loc de o pagin\u0103 alb\u0103. Reduce\u021bi timpul de cercetare cu 30-60%.<\/li>\n<li><strong>Pentru clien\u021bi:<\/strong> Rezolvare mai rapid\u0103. Comunicare mai clar\u0103. Valoare mai bun\u0103 pentru banii lor.<\/li>\n<\/ul>\n\n<p><em>Important: AI este un copilot aici, nu un pilot automat. Un om revizuie\u0219te \u00eentotdeauna \u0219i \u00ee\u0219i asum\u0103 responsabilitatea pentru munca final\u0103.<\/em><\/p>\n\n<p><a href=\"https:\/\/www.leaplytics.de\/ro\/cercetare-juridica-redactare-ai\/\">Afla\u021bi mai multe despre AI pentru cercetare \u0219i redactare juridic\u0103 \u2192<\/a><\/p>\n\n\n<hr class=\"wp-block-separator has-alpha-channel-opacity\"\/>\n\n\n\n<h4 class=\"wp-block-heading\">4. Primirea clien\u021bilor \u0219i gestionarea cazurilor<\/h4>\n\n\n<p>\u00cen mod constant sosesc probleme noi. Email-uri. Apeluri. Formulare web. Fiecare trebuie s\u0103 fie \u00een\u021beleas\u0103, clasificat\u0103 \u0219i direc\u021bionat\u0103 c\u0103tre persoana potrivit\u0103.<\/p>\n<p>C\u00e2nd lucrurile devin aglomerate, acest lucru se \u00eentrerupe. Solicit\u0103rile a\u0219teapt\u0103. Informa\u021biile se pierd. Poten\u021bialii clien\u021bi trec mai departe.<\/p>\n\n\n<h5 class=\"wp-block-heading\">Ce face inteligen\u021ba artificial\u0103<\/h5>\n\n\n<p><strong>Clasific\u0103 cererile primite.<\/strong><br \/>\nDreptul muncii. Drept imobiliar. Drept societar. Litigii. Inteligen\u021ba artificial\u0103 cite\u0219te mesajul \u0219i \u0219tie despre ce este vorba.<\/p>\n\n<p><strong>Evalueaz\u0103 urgen\u021ba.<\/strong><br \/>\nTermenul limit\u0103 men\u021bionat? Problema prescrip\u021biei? AI semnaleaz\u0103 chestiunile sensibile la timp.<\/p>\n\n<p><strong>R\u0103spunde automat la \u00eentreb\u0103ri standard.<\/strong><br \/>\n\"De ce documente am nevoie?\" \"Cum func\u021bioneaz\u0103 prima \u00eent\u00e2lnire?\" \"Care sunt tarifele dumneavoastr\u0103?\" R\u0103spunsuri instantanee, 24\/7.<\/p>\n\n<p><strong>Informa\u021bii privind cazul structurilor.<\/strong><br \/>\nDatele clientului. Partea advers\u0103. Cronologie. Principalele fapte. Inteligen\u021ba artificial\u0103 organizeaz\u0103 totul \u00eentr-un format curat \u00eenainte ca un avocat s\u0103 se uite la el.<\/p>\n\n<p><strong>Creeaz\u0103 o imagine unificat\u0103.<\/strong><br \/>\nFie c\u0103 cineva trimite un e-mail, sun\u0103 sau completeaz\u0103 un formular, toate informa\u021biile ajung \u00eentr-un singur loc, organizate corespunz\u0103tor.<\/p>\n\n\n<h5 class=\"wp-block-heading\">Ce \u00eenseamn\u0103 acest lucru pentru dvs.<\/h5>\n\n\n<ul>\n<li><strong>Pentru factorii de decizie:<\/strong> Conversie mai mare de la cerere la client. Timp de r\u0103spuns mai rapid. Mai pu\u021bine cheltuieli administrative.<\/li>\n<li><strong>Pentru avoca\u021bi:<\/strong> Ob\u021bine\u021bi dosare organizate, nu e-mailuri \u00eempr\u0103\u0219tiate. Petrece\u021bi timp cu munca juridic\u0103, nu cu sortarea.<\/li>\n<li><strong>Pentru poten\u021bialii clien\u021bi:<\/strong> R\u0103spunsuri rapide. Etapele urm\u0103toare clare. Experien\u021b\u0103 profesional\u0103 de la primul contact.<\/li>\n<\/ul>\n\n<p><a href=\"https:\/\/www.leaplytics.de\/ro\/preluarea-clientilor-gestionarea-cazurilor-ai\/\">Afla\u021bi mai multe despre AI pentru preluarea clien\u021bilor \u0219i gestionarea cazurilor \u2192<\/a><\/p>\n\n\n<hr class=\"wp-block-separator has-alpha-channel-opacity\"\/>\n\n\n\n<h4 class=\"wp-block-heading\">5. Verificarea conformit\u0103\u021bii \u0219i a politicilor<\/h4>\n\n\n<p>Regulile sunt peste tot. Legi. Regulamente industriale. Politici interne. GDPR. Standarde industriale. Orient\u0103rile companiei.<\/p>\n<p>A \u021bine pasul este o munc\u0103 cu norm\u0103 \u00eentreag\u0103. A pierde ceva poate fi costisitor.<\/p>\n\n\n<h5 class=\"wp-block-heading\">Ce face inteligen\u021ba artificial\u0103<\/h5>\n\n\n<p><strong>Verific\u0103 documentele \u00een func\u021bie de norme.<\/strong><br \/>\n\"Acest contract este conform cu regulamentul X?\" \"Aceast\u0103 politic\u0103 \u00eendepline\u0219te cerin\u021ba Y?\" AI compar\u0103 textul cu normele \u0219i g\u0103se\u0219te lacune.<\/p>\n\n<p><strong>Verific\u0103 con\u021binutul necesar.<\/strong><br \/>\nNotific\u0103rii privind confiden\u021bialitatea \u00eei lipsesc elemente GDPR? Termenilor de serviciu le lipsesc dezv\u0103luirile obligatorii? Inteligen\u021ba artificial\u0103 prinde ceea ce lipse\u0219te.<\/p>\n\n<p><strong>Monitorizeaz\u0103 modific\u0103rile de reglementare.<\/strong><br \/>\nA fost adoptat\u0103 o nou\u0103 lege? Regulament actualizat? Inteligen\u021ba artificial\u0103 urm\u0103re\u0219te modific\u0103rile \u0219i semnaleaz\u0103 ceea ce afecteaz\u0103 afacerea dumneavoastr\u0103.<\/p>\n\n<p><strong>Sugera\u021bi actualiz\u0103ri.<\/strong><br \/>\nAtunci c\u00e2nd regulile se schimb\u0103, AI propune o nou\u0103 formulare. Voi revizui\u021bi \u0219i aproba\u021bi.<\/p>\n\n\n<h5 class=\"wp-block-heading\">Ce \u00eenseamn\u0103 acest lucru pentru dvs.<\/h5>\n\n\n<ul>\n<li><strong>Pentru factorii de decizie:<\/strong> Risc de conformitate redus. Verific\u0103ri documentate. Procese preg\u0103tite pentru audit.<\/li>\n<li><strong>Pentru avoca\u021bi \u0219i echipele de conformitate:<\/strong> Verificare sistematic\u0103, \u00een loc s\u0103 spera\u021bi c\u0103 nu v-a sc\u0103pat ceva. Dovada c\u0103 a\u021bi revizuit.<\/li>\n<li><strong>Pentru afaceri:<\/strong> R\u0103m\u00e2ne\u021bi \u00een conformitate f\u0103r\u0103 s\u0103 v\u0103 \u00eeneca\u021bi \u00een revizuiri manuale.<\/li>\n<\/ul>\n\n<p><a href=\"https:\/\/www.leaplytics.de\/ro\/verificarea-politicii-de-conformitate-ai\/\">Afla\u021bi mai multe despre AI pentru verificarea conformit\u0103\u021bii \u0219i a politicilor \u2192<\/a><\/p>\n\n\n<hr class=\"wp-block-separator has-alpha-channel-opacity\"\/>\n\n\n\n<h3 class=\"wp-block-heading\">Ce nu va face inteligen\u021ba artificial\u0103<\/h3>\n\n\n<p>S\u0103 fim clari cu privire la limite.<\/p>\n<p>IA nu \u00eenlocuie\u0219te avoca\u021bii. Nu face aprecieri. Nu aprob\u0103 sfaturi. Nu se ocup\u0103 de conversa\u021biile sensibile cu clien\u021bii sau de argumentele juridice creative.<\/p>\n<p>Se ocup\u0103 de rutin\u0103. Cititul. Sortarea. Primul proiect. Compara\u021bia.<\/p>\n<p>Avoca\u021bii dvs. continu\u0103 s\u0103 g\u00e2ndeasc\u0103. Doar c\u0103 o fac mai repede, deoarece munca de baz\u0103 este deja f\u0103cut\u0103.<\/p>\n\n\n<hr class=\"wp-block-separator has-alpha-channel-opacity\"\/>\n\n\n\n<h3 class=\"wp-block-heading\">Linia de fund<\/h3>\n\n\n<p>Echipele juridice care utilizeaz\u0103 bine IA nu lucreaz\u0103 mai pu\u021bin. Ele lucreaz\u0103 diferit.<\/p>\n<p>\u00cen loc s\u0103 citeasc\u0103 fiecare pagin\u0103, ei analizeaz\u0103 ceea ce este important. \u00cen loc s\u0103 redacteze de la zero, ei rafineaz\u0103 un punct de plecare. \u00cen loc de sortare manual\u0103, se concentreaz\u0103 pe analiz\u0103.<\/p>\n<p>Rezultatul:<\/p>\n<ul>\n<li>Rezolvarea mai rapid\u0103 a contractelor \u0219i problemelor<\/li>\n<li>Mai pu\u021bine riscuri \u0219i termene limit\u0103 ratate<\/li>\n<li>Cost mai mic per problem\u0103<\/li>\n<li>Avoca\u021bi care \u00ee\u0219i desf\u0103\u0219oar\u0103 activitatea care necesit\u0103 de fapt expertiza lor<\/li>\n<li>Servicii mai bune pentru clien\u021bi<\/li>\n<\/ul>\n<p>Nu este vorba despre \u00eenlocuirea echipei dumneavoastr\u0103. Este vorba despre a le face mai eficiente.<\/p>\n\n\n<hr class=\"wp-block-separator has-alpha-channel-opacity\"\/>\n\n\n\n<h3 class=\"wp-block-heading\">Sunte\u021bi gata s\u0103 vede\u021bi ce este posibil?<\/h3>\n\n\n<p>Fiecare echip\u0103 juridic\u0103 este diferit\u0103. Contractele dvs. nu sunt ca ale celorlal\u021bi. Procesele dvs. au propriile lor ciud\u0103\u021benii. Priorit\u0103\u021bile dvs. depind de afacerea dvs.<\/p>\n<p>Nu vindem solu\u021bii universale. Ne uit\u0103m la activitatea dvs. specific\u0103. Identific\u0103m situa\u021biile \u00een care inteligen\u021ba artificial\u0103 v\u0103 poate ajuta cu adev\u0103rat. Construim sisteme care se potrivesc fluxului dvs. de lucru.<\/p>\n<p>F\u0103r\u0103 hype. F\u0103r\u0103 promisiuni pe care nu le putem \u021bine. Doar inteligen\u021b\u0103 artificial\u0103 practic\u0103 care v\u0103 face echipa mai eficient\u0103.<p>\n\n<p><a href=\"https:\/\/www.leaplytics.de\/ro\/kontakt\/\">S\u0103 vorbim despre activitatea dvs. juridic\u0103<\/a><p>\n\n<p><a href=\"https:\/\/www.leaplytics.de\/ro\/inteligenta-artificiala\/\">Vezi toate serviciile AI<\/a><p>","protected":false},"excerpt":{"rendered":"<p>Your Legal Team Has Too Much Work. AI Can Help. Legal work is text work. Contracts. Documents. Emails. Research. Compliance checks. Most of it follows patterns. Find the clause. Check the risk. Compare the versions. Answer the same question again. AI is built for this. It reads faster than any human. It never gets tired. &hellip; <\/p>","protected":false},"author":2,"featured_media":0,"parent":0,"menu_order":0,"comment_status":"closed","ping_status":"closed","template":"","meta":{"footnotes":""},"class_list":["post-14381","page","type-page","status-publish","hentry","latest_post"],"_links":{"self":[{"href":"https:\/\/www.leaplytics.de\/ro\/wp-json\/wp\/v2\/pages\/14381","targetHints":{"allow":["GET"]}}],"collection":[{"href":"https:\/\/www.leaplytics.de\/ro\/wp-json\/wp\/v2\/pages"}],"about":[{"href":"https:\/\/www.leaplytics.de\/ro\/wp-json\/wp\/v2\/types\/page"}],"author":[{"embeddable":true,"href":"https:\/\/www.leaplytics.de\/ro\/wp-json\/wp\/v2\/users\/2"}],"replies":[{"embeddable":true,"href":"https:\/\/www.leaplytics.de\/ro\/wp-json\/wp\/v2\/comments?post=14381"}],"version-history":[{"count":7,"href":"https:\/\/www.leaplytics.de\/ro\/wp-json\/wp\/v2\/pages\/14381\/revisions"}],"predecessor-version":[{"id":14475,"href":"https:\/\/www.leaplytics.de\/ro\/wp-json\/wp\/v2\/pages\/14381\/revisions\/14475"}],"wp:attachment":[{"href":"https:\/\/www.leaplytics.de\/ro\/wp-json\/wp\/v2\/media?parent=14381"}],"curies":[{"name":"wp","href":"https:\/\/api.w.org\/{rel}","templated":true}]}}