{"id":14398,"date":"2025-12-18T23:49:49","date_gmt":"2025-12-18T22:49:49","guid":{"rendered":"https:\/\/www.leaplytics.de\/?page_id=14398"},"modified":"2025-12-19T02:01:17","modified_gmt":"2025-12-19T01:01:17","slug":"operatiuni-ai","status":"publish","type":"page","link":"https:\/\/www.leaplytics.de\/ro\/operatiuni-ai\/","title":{"rendered":"Opera\u021biuni AI"},"content":{"rendered":"<h2>Echipa dvs. de opera\u021biuni are prea mult de lucru. AI v\u0103 poate ajuta.<\/h2>\n\n<p>Activitatea opera\u021bional\u0103 este o activitate de coordonare. Comenzi. Inventarul. Programe. Verific\u0103ri ale calit\u0103\u021bii. O mie de piese \u00een mi\u0219care care trebuie s\u0103 se potriveasc\u0103.<\/p>\n<p>Cele mai multe dintre ele urmeaz\u0103 tipare. Urm\u0103ri\u021bi expedierea. Verifica\u021bi nivelul stocurilor. Trimite\u021bi sarcina. Marca\u021bi excep\u021bia. R\u0103spunde\u021bi din nou la \u00eentrebarea \"unde este comanda mea?\".<\/p>\n<p>Inteligen\u021ba artificial\u0103 este construit\u0103 pentru asta. Monitorizeaz\u0103 totul \u00een acela\u0219i timp. Nu pierde niciodat\u0103 urma. Nu uit\u0103 niciodat\u0103 s\u0103 verifice depozitul 3.<\/p>\n<p>Acest lucru nu v\u0103 \u00eenlocuie\u0219te echipa de opera\u021biuni. Le face mai rapide. Se ocup\u0103 de rutin\u0103, astfel \u00eenc\u00e2t oamenii dvs. s\u0103 poat\u0103 rezolva problemele reale.<\/p>\n\n\n<hr class=\"wp-block-separator has-alpha-channel-opacity\"\/>\n\n\n\n<h3 class=\"wp-block-heading\">Realitatea actual\u0103 a activit\u0103\u021bii opera\u021bionale<\/h3>\n\n\n<p>Echipele opera\u021bionale lupt\u0103 \u00eempotriva incendiilor. Mai multe comenzi. Termene limit\u0103 mai str\u00e2nse. A\u0219tept\u0103ri mai mari din partea clien\u021bilor. Lan\u021buri de aprovizionare care nu se comport\u0103 corespunz\u0103tor.<\/p>\n<p>Managerii petrec ore \u00eentregi c\u0103ut\u00e2nd informa\u021bii \u00een loc s\u0103 ia decizii. Echipele urm\u0103resc manual excep\u021biile. Datele tr\u0103iesc \u00een zece sisteme diferite care nu vorbesc \u00eentre ele.<\/p>\n<p>Ceva este \u00eentotdeauna \u00een \u00eent\u00e2rziere. Ceva este \u00eentotdeauna \u00een afara stocului. Ceva trebuie \u00eentotdeauna reparat.<\/p>\n<p>Nu pentru c\u0103 oamenii nu sunt buni \u00een meseria lor. Pentru c\u0103 pur \u0219i simplu se \u00eent\u00e2mpl\u0103 prea multe \u0219i nu exist\u0103 suficient\u0103 vizibilitate.<\/p>\n\n\n<hr class=\"wp-block-separator has-alpha-channel-opacity\"\/>\n\n\n\n<h3 class=\"wp-block-heading\">Unde AI face o diferen\u021b\u0103 real\u0103<\/h3>\n\n\n<p>Inteligen\u021ba artificial\u0103 func\u021bioneaz\u0103 cel mai bine acolo unde exist\u0103 o mul\u021bime de date \u0219i modele clare. Opera\u021biunile le au pe am\u00e2ndou\u0103.<\/p>\n<p>Iat\u0103 cinci domenii \u00een care inteligen\u021ba artificial\u0103 ofer\u0103 rezultate reale - nu publicitate, ci probleme reale rezolvate \u0219i timp economisit.<\/p>\n\n\n<hr class=\"wp-block-separator has-alpha-channel-opacity\"\/>\n\n\n\n<h4 class=\"wp-block-heading\">1. Lan\u021bul de aprovizionare \u0219i gestionarea stocurilor<\/h4>\n\n\n<p>Inventarul este un act de echilibrare. Prea mult blocheaz\u0103 banii. Prea pu\u021bin \u00eenseamn\u0103 lips\u0103 de stocuri. \u0218i prezicerea cererii? Este par\u021bial \u0219tiin\u021b\u0103, par\u021bial presupunere.<\/p>\n<p>\u00centre timp, furnizorii \u00eent\u00e2rzie. Livr\u0103rile sunt \u00eent\u00e2rziate. Cineva trebuie s\u0103 urm\u0103reasc\u0103 toate acestea.<\/p>\n\n\n<h5 class=\"wp-block-heading\">Ce face inteligen\u021ba artificial\u0103<\/h5>\n\n\n<p><strong>Previzioneaz\u0103 cererea cu exactitate.<\/strong><br \/>\nDate istorice. Sezonalitatea. Tendin\u021bele pie\u021bei. Inteligen\u021ba artificial\u0103 g\u0103se\u0219te modele \u0219i prezice de ce ve\u021bi avea nevoie. Nu perfect, dar mai bine dec\u00e2t foile de calcul.<\/p>\n\n<p><strong>Optimizeaz\u0103 nivelul stocurilor.<\/strong><br \/>\nC\u00e2t stoc de siguran\u021b\u0103 pentru fiecare SKU? C\u00e2nd s\u0103 reordona\u021bi? Inteligen\u021ba artificial\u0103 calculeaz\u0103 pe baza modelelor de cerere \u0219i a termenelor de livrare reale.<\/p>\n\n<p><strong>Urm\u0103re\u0219te furnizorii \u0219i expedierile.<\/strong><br \/>\nUnde este comanda? Este la timp? Inteligen\u021ba artificial\u0103 monitorizeaz\u0103 starea tuturor transportatorilor \u0219i semnaleaz\u0103 \u00eent\u00e2rzierile \u00eenainte ca acestea s\u0103 devin\u0103 probleme.<\/p>\n\n<p><strong>Identific\u0103 riscurile lan\u021bului de aprovizionare.<\/strong><br \/>\nFurnizorul \u00eent\u00e2rzie constant? Ruta de expediere are probleme? Inteligen\u021ba artificial\u0103 observ\u0103 tiparele \u0219i v\u0103 avertizeaz\u0103 din timp.<\/p>\n\n<p><strong>Sugereaz\u0103 decizii de reordonare.<\/strong><br \/>\nPe baza stocului actual, a comenzilor primite \u0219i a previziunilor, AI recomand\u0103 ce s\u0103 comanda\u021bi \u0219i c\u00e2nd.<\/p>\n\n\n<h5 class=\"wp-block-heading\">Ce \u00eenseamn\u0103 acest lucru pentru dvs.<\/h5>\n\n\n<ul>\n<li><strong>Pentru directorii de opera\u021biuni:<\/strong> Costuri de inventar mai mici. Mai pu\u021bine rupturi de stoc. Flux de numerar mai bun. Vizibilitatea lan\u021bului de aprovizionare f\u0103r\u0103 urm\u0103rire manual\u0103.<\/li>\n<li><strong>Pentru managerii de opera\u021biuni:<\/strong> Nu mai alerga\u021bi dup\u0103 transporturi. Afla\u021bi ce vine \u0219i ce este \u00een pericol. Lua\u021bi decizii cu ajutorul datelor reale.<\/li>\n<li><strong>Pentru afaceri:<\/strong> Produse disponibile atunci c\u00e2nd clien\u021bii le doresc. Banii nu stau \u00een stocuri \u00een exces.<\/li>\n<\/ul>\n\n<p><a href=\"https:\/\/www.leaplytics.de\/ro\/lantul-de-aprovizionare-managementul-inventarului-ai\/\">Afla\u021bi mai multe despre AI pentru lan\u021bul de aprovizionare \u0219i gestionarea stocurilor \u2192<\/a><\/p>\n\n\n<hr class=\"wp-block-separator has-alpha-channel-opacity\"\/>\n\n\n\n<h4 class=\"wp-block-heading\">2. Automatizarea proceselor \u0219i fluxul de lucru<\/h4>\n\n\n<p>Opera\u021biunile se desf\u0103\u0219oar\u0103 pe baza proceselor. Comenzile curg prin etape. Sarcinile au nevoie de rutare. Aprob\u0103rile trebuie urm\u0103rite. Excep\u021biile trebuie gestionate.<\/p>\n<p>C\u00e2nd este manual, lucrurile se blocheaz\u0103. Oamenii uit\u0103. Transferurile e\u0219ueaz\u0103. Nimeni nu \u0219tie unde sunt lucrurile.<\/p>\n\n\n<h5 class=\"wp-block-heading\">Ce face inteligen\u021ba artificial\u0103<\/h5>\n\n\n<p><strong>Ruteaz\u0103 automat sarcinile.<\/strong><br \/>\nAceast\u0103 comand\u0103 merge la depozitul A. Aceast\u0103 cerere merge la echipa B. AI cunoa\u0219te regulile \u0219i le aplic\u0103 instantaneu.<\/p>\n\n<p><strong>Gestioneaz\u0103 aprob\u0103rile \u00een mod inteligent.<\/strong><br \/>\nCerere standard sub prag? Auto-aprobat\u0103. Cerere neobi\u0219nuit\u0103? Trimis\u0103 persoanei potrivite cu contextul.<\/p>\n\n<p><strong>Monitorizeaz\u0103 fluxul procesului.<\/strong><br \/>\nUnde sunt blocate lucrurile? Care etap\u0103 este blocajul? Inteligen\u021ba artificial\u0103 urm\u0103re\u0219te fiecare sarcin\u0103 prin fiecare etap\u0103.<\/p>\n\n<p><strong>Prinde excep\u021biile devreme.<\/strong><br \/>\nLipsesc informa\u021bii din comand\u0103? Etapa dureaz\u0103 prea mult? SOP-ul nu este respectat? Inteligen\u021ba artificial\u0103 semnaleaz\u0103 problemele \u00eenainte ca acestea s\u0103 apar\u0103 \u00een cascad\u0103.<\/p>\n\n<p><strong>Asigur\u0103 conformitatea cu procedurile.<\/strong><br \/>\nFiecare etap\u0103 a avut loc \u00een ordinea corect\u0103? A fost completat\u0103 lista de verificare? Inteligen\u021ba artificial\u0103 verific\u0103 automat conformitatea proceselor.<\/p>\n\n\n<h5 class=\"wp-block-heading\">Ce \u00eenseamn\u0103 acest lucru pentru dvs.<\/h5>\n\n\n<ul>\n<li><strong>Pentru directorii de opera\u021biuni:<\/strong> Procese consecvente \u00een toate loca\u021biile. Mai pu\u021bine erori. piste de audit mai bune. Opera\u021biuni scalabile.<\/li>\n<li><strong>Pentru managerii de opera\u021biuni:<\/strong> \u0218ti\u021bi unde se afl\u0103 totul. Nu mai alerga\u021bi dup\u0103 aprob\u0103ri. Concentra\u021bi-v\u0103 pe excep\u021bii, nu pe rutin\u0103.<\/li>\n<li><strong>Pentru echipe:<\/strong> Sarcini clare. Priorit\u0103\u021bi clare. Gata cu \"la ce ar trebui s\u0103 lucrez \u00een continuare?\"<\/li>\n<\/ul>\n\n<p><a href=\"https:\/\/www.leaplytics.de\/ro\/automatizarea-proceselor-workflow-ai\/\">Afla\u021bi mai multe despre AI pentru automatizarea proceselor \u0219i fluxul de lucru \u2192<\/a><\/p>\n\n\n<hr class=\"wp-block-separator has-alpha-channel-opacity\"\/>\n\n\n\n<h4 class=\"wp-block-heading\">3. Controlul \u0219i monitorizarea calit\u0103\u021bii<\/h4>\n\n\n<p>Problemele de calitate sunt costisitoare. Defecte. Return\u0103ri. Reprelucrare. Reclama\u021bii ale clien\u021bilor. Rechem\u0103ri \u00een cel mai r\u0103u caz.<\/p>\n<p>Depistarea timpurie a problemelor este esen\u021bial\u0103. Dar s\u0103 inspectezi totul manual? Asta nu se poate face.<\/p>\n\n\n<h5 class=\"wp-block-heading\">Ce face inteligen\u021ba artificial\u0103<\/h5>\n\n\n<p><strong>Monitorizeaz\u0103 \u00een permanen\u021b\u0103 parametrii de calitate.<\/strong><br \/>\nNu verific\u0103ri punctuale, ci monitorizare constant\u0103. Inteligen\u021ba artificial\u0103 urm\u0103re\u0219te datele de produc\u021bie \u0219i semnaleaz\u0103 atunci c\u00e2nd ceva iese din specifica\u021bii.<\/p>\n\n<p><strong>Detecteaz\u0103 automat defectele.<\/strong><br \/>\nInspec\u021bia vizual\u0103 cu inteligen\u021b\u0103 artificial\u0103 identific\u0103 defectele pe care oamenii nu le observ\u0103. Mai ales \u00een cazul verific\u0103rilor repetitive, de volum mare.<\/p>\n\n<p><strong>Prezice defec\u021biunile echipamentelor.<\/strong><br \/>\nModele de vibra\u021bii. Tendin\u021bele temperaturii. Degradarea performan\u021bei. Inteligen\u021ba artificial\u0103 detecteaz\u0103 semnele de avertizare \u00eenainte ca ma\u0219inile s\u0103 se defecteze.<\/p>\n\n<p><strong>Urm\u0103re\u0219te problemele de calitate p\u00e2n\u0103 la cauzele principale.<\/strong><br \/>\nCare lot? Care furnizor? Care ma\u0219in\u0103? Care schimb? AI face leg\u0103tura \u00eentre problemele de calitate \u0219i sursele lor.<\/p>\n\n<p><strong>Asigur\u0103 documenta\u021bia de conformitate.<\/strong><br \/>\n\u00cenregistr\u0103ri de calitate. Rezultatele testelor. Certific\u0103ri. AI organizeaz\u0103 documenta\u021bia \u0219i semnaleaz\u0103 lacunele.<\/p>\n\n\n<h5 class=\"wp-block-heading\">Ce \u00eenseamn\u0103 acest lucru pentru dvs.<\/h5>\n\n\n<ul>\n<li><strong>Pentru directorii de opera\u021biuni:<\/strong> Mai pu\u021bine defecte care ajung la clien\u021bi. Costuri mai mici de refacere. Conformitate mai bun\u0103. Reputa\u021bie protejat\u0103.<\/li>\n<li><strong>Pentru managerii calit\u0103\u021bii:<\/strong> Identifica\u021bi problemele mai devreme. Dedica\u021bi timp analizei cauzelor principale, nu inspec\u021biei manuale.<\/li>\n<li><strong>Pentru echipele de produc\u021bie:<\/strong> Feedback \u00een timp real. Rezolva\u021bi problemele \u00eenainte ca acestea s\u0103 se \u00eenmul\u021beasc\u0103.<\/li>\n<\/ul>\n\n<p><a href=\"https:\/\/www.leaplytics.de\/ro\/monitorizarea-controlului-calitatii-ai\/\">Afla\u021bi mai multe despre AI pentru controlul \u0219i monitorizarea calit\u0103\u021bii \u2192<\/a><\/p>\n\n\n<hr class=\"wp-block-separator has-alpha-channel-opacity\"\/>\n\n\n\n<h4 class=\"wp-block-heading\">4. Planificarea \u0219i programarea resurselor<\/h4>\n\n\n<p>Programarea este un puzzle. Oameni. Echipament. Capacitate. Cererea. Constr\u00e2ngeri. Totul trebuie s\u0103 se potriveasc\u0103.<\/p>\n<p>\u0218i se tot schimb\u0103. Cineva spune c\u0103 este bolnav. O ma\u0219in\u0103 se defecteaz\u0103. Vine o comand\u0103 urgent\u0103. O lu\u0103m de la cap\u0103t.<\/p>\n\n\n<h5 class=\"wp-block-heading\">Ce face inteligen\u021ba artificial\u0103<\/h5>\n\n\n<p><strong>Creeaz\u0103 programe optimizate.<\/strong><br \/>\nAv\u00e2nd \u00een vedere cererea, capacitatea, competen\u021bele \u0219i constr\u00e2ngerile, inteligen\u021ba artificial\u0103 construie\u0219te programe care chiar func\u021bioneaz\u0103. Mai repede dec\u00e2t ar putea-o face orice om.<\/p>\n\n<p><strong>Echilibreaz\u0103 volumul de munc\u0103.<\/strong><br \/>\nNicio echip\u0103 nu este supra\u00eenc\u0103rcat\u0103 \u00een timp ce alta st\u0103 degeaba. Inteligen\u021ba artificial\u0103 distribuie munca \u00een func\u021bie de capacitate \u0219i competen\u021be.<\/p>\n\n<p><strong>Se adapteaz\u0103 la schimb\u0103ri \u00een timp real.<\/strong><br \/>\nAbsen\u021b\u0103? Echipament defect? Comand\u0103 urgent\u0103? AI recalculeaz\u0103 \u0219i sugereaz\u0103 ajust\u0103ri.<\/p>\n\n<p><strong>Prevede nevoile de capacitate.<\/strong><br \/>\nPe baza previziunilor privind cererea, inteligen\u021ba artificial\u0103 prezice c\u00e2nd ve\u021bi avea nevoie de mai mult\u0103 capacitate - \u00eenainte de a fi \u00een criz\u0103.<\/p>\n\n<p><strong>Adapteaz\u0103 competen\u021bele la sarcini.<\/strong><br \/>\nCine este calificat pentru acest post? Cine este disponibil? AI ia \u00een considerare certific\u0103rile, experien\u021ba \u0219i disponibilitatea.<\/p>\n\n\n<h5 class=\"wp-block-heading\">Ce \u00eenseamn\u0103 acest lucru pentru dvs.<\/h5>\n\n\n<ul>\n<li><strong>Pentru directorii de opera\u021biuni:<\/strong> Utilizare mai mare. Costuri mai mici ale orelor suplimentare. Performan\u021be de livrare mai bune. Planificarea capacit\u0103\u021bii care func\u021bioneaz\u0103.<\/li>\n<li><strong>Pentru managerii de opera\u021biuni:<\/strong> Nu mai petrece\u021bi ore \u00eentregi pe programe. Adapta\u021bi-v\u0103 rapid atunci c\u00e2nd lucrurile se schimb\u0103.<\/li>\n<li><strong>Pentru echipe:<\/strong> Sarcini de lucru echitabile. Programe clare. Mai pu\u021bine schimb\u0103ri de ultim moment.<\/li>\n<\/ul>\n\n<p><a href=\"https:\/\/www.leaplytics.de\/ro\/planificarea-resurselor-programarea-ai\/\">Afla\u021bi mai multe despre AI pentru planificarea \u0219i programarea resurselor \u2192<\/a><\/p>\n\n\n<hr class=\"wp-block-separator has-alpha-channel-opacity\"\/>\n\n\n\n<h4 class=\"wp-block-heading\">5. Raportare \u0219i analiz\u0103 opera\u021bional\u0103<\/h4>\n\n\n<p>Nu pute\u021bi \u00eembun\u0103t\u0103\u021bi ceea ce nu pute\u021bi vedea. Dar datele opera\u021bionale sunt \u00eempr\u0103\u0219tiate. Diferite sisteme. Diferite formate. Ob\u021binerea unei imagini clare dureaz\u0103 ore \u00eentregi.<\/p>\n<p>\u00cen momentul \u00een care ave\u021bi raportul, situa\u021bia s-a schimbat.<\/p>\n\n\n<h5 class=\"wp-block-heading\">Ce face inteligen\u021ba artificial\u0103<\/h5>\n\n\n<p><strong>Consolideaz\u0103 datele de pretutindeni.<\/strong><br \/>\nERP. WMS. MES. Foi de calcul. Senzori IoT. Inteligen\u021ba artificial\u0103 le reune\u0219te \u00eentr-o singur\u0103 vizualizare.<\/p>\n\n<p><strong>Urm\u0103re\u0219te KPI-urile \u00een timp real.<\/strong><br \/>\nOEE. Livrare la timp. Produc\u021bia. Timpul ciclului. Inteligen\u021ba artificial\u0103 monitorizeaz\u0103 ceea ce conteaz\u0103 \u0219i v\u0103 alerteaz\u0103 atunci c\u00e2nd m\u0103sur\u0103torile se abat.<\/p>\n\n<p><strong>Identific\u0103 automat blocajele.<\/strong><br \/>\nUnde este constr\u00e2ngerea? Ce \u00eencetine\u0219te lucrurile? AI analizeaz\u0103 fluxul \u0219i indic\u0103 problema.<\/p>\n\n<p><strong>Explic\u0103 modific\u0103rile de performan\u021b\u0103.<\/strong><br \/>\n\"Produc\u021bia a sc\u0103zut cu 8% deoarece Ma\u0219ina 3 a avut 45 de minute mai mult timp de inactivitate dec\u00e2t media.\" Inteligen\u021ba artificial\u0103 conecteaz\u0103 punctele.<\/p>\n\n<p><strong>Genereaz\u0103 rapoarte opera\u021bionale.<\/strong><br \/>\nRezumate zilnice. Rapoarte de predare a turelor. Analize s\u0103pt\u0103m\u00e2nale. Inteligen\u021ba artificial\u0103 le creeaz\u0103 automat.<\/p>\n\n\n<h5 class=\"wp-block-heading\">Ce \u00eenseamn\u0103 acest lucru pentru dvs.<\/h5>\n\n\n<ul>\n<li><strong>Pentru directorii de opera\u021biuni:<\/strong> Vizibilitate real\u0103 a opera\u021biunilor. Decizii bazate pe date. Probleme identificate din timp.<\/li>\n<li><strong>Pentru managerii de opera\u021biuni:<\/strong> Nu mai elabora\u021bi rapoarte manual. Afla\u021bi ce se \u00eent\u00e2mpl\u0103 acum, nu ieri.<\/li>\n<li><strong>Pentru echipe:<\/strong> Feedback clar privind performan\u021ba. \u00cen\u021belegerea modului \u00een care munca lor se \u00eencadreaz\u0103 \u00een imaginea de ansamblu.<\/li>\n<\/ul>\n\n<p><em>Important: inteligen\u021ba artificial\u0103 ofer\u0103 vizibilitate \u0219i analiz\u0103, dar judecata opera\u021bional\u0103 este \u00eenc\u0103 important\u0103. Cifrele au nevoie de un context pe care numai echipa dvs. \u00eel are.<\/em><\/p>\n\n\n<hr class=\"wp-block-separator has-alpha-channel-opacity\"\/>\n\n\n\n<h3 class=\"wp-block-heading\">Ce nu va face inteligen\u021ba artificial\u0103<\/h3>\n\n\n<p>S\u0103 fim clari cu privire la limite.<\/p>\n<p>IA nu \u00eenlocuie\u0219te profesioni\u0219tii din domeniul opera\u021biunilor. Nu se ocup\u0103 de apelurile clien\u021bilor furio\u0219i. Nu negociaz\u0103 cu furnizorul. Nu face compromisuri dificile atunci c\u00e2nd totul merge prost \u00een acela\u0219i timp.<\/p>\n<p>Se ocup\u0103 de rutin\u0103. Monitorizarea. Programarea. Detectarea tiparelor. Primul proiect al raportului.<\/p>\n<p>Echipa dvs. de opera\u021biuni continu\u0103 s\u0103 g\u00e2ndeasc\u0103. Doar c\u0103 o face mai repede pentru c\u0103 are vizibilitate \u0219i munca de jos este f\u0103cut\u0103.<\/p>\n\n\n<hr class=\"wp-block-separator has-alpha-channel-opacity\"\/>\n\n\n\n<h3 class=\"wp-block-heading\">Linia de fund<\/h3>\n\n\n<p>Echipele opera\u021bionale care utilizeaz\u0103 bine inteligen\u021ba artificial\u0103 nu lucreaz\u0103 mai pu\u021bin. Ele lucreaz\u0103 diferit.<\/p>\n<p>\u00cen loc s\u0103 urm\u0103reasc\u0103 manual expedierile, ei gestioneaz\u0103 excep\u021biile. \u00cen loc s\u0103 construiasc\u0103 programe de la zero, ei ajusteaz\u0103 \u0219i optimizeaz\u0103. \u00cen loc s\u0103 caute date, ei analizeaz\u0103 \u0219i decid.<\/p>\n<p>Rezultatul:<\/p>\n<ul>\n<li>Produc\u021bie mai mare cu acelea\u0219i resurse<\/li>\n<li>Mai pu\u021bine lipsuri de stoc \u0219i \u00eent\u00e2rzieri<\/li>\n<li>Costuri opera\u021bionale reduse<\/li>\n<li>Profesioni\u0219tii din domeniul opera\u021biunilor rezolv\u0103 probleme reale, nu urm\u0103resc informa\u021bii<\/li>\n<li>Performan\u021be mai bune de livrare c\u0103tre clien\u021bi<\/li>\n<\/ul>\n<p>Nu este vorba despre \u00eenlocuirea echipei dumneavoastr\u0103. Este vorba despre a le face mai eficiente.<\/p>\n\n\n<hr class=\"wp-block-separator has-alpha-channel-opacity\"\/>\n\n\n\n<h3 class=\"wp-block-heading\">Sunte\u021bi gata s\u0103 vede\u021bi ce este posibil?<\/h3>\n\n\n<p>Fiecare echip\u0103 de opera\u021biuni este diferit\u0103. Procesele dvs. nu sunt ca ale celorlal\u021bi. Constr\u00e2ngerile dvs. au propriile lor ciud\u0103\u021benii. Priorit\u0103\u021bile dvs. depind de afacerea dvs.<\/p>\n<p>Nu vindem solu\u021bii universale. Ne uit\u0103m la opera\u021biunile dvs. specifice. Identific\u0103m domeniile \u00een care inteligen\u021ba artificial\u0103 v\u0103 poate ajuta cu adev\u0103rat. Construim sisteme care se potrivesc modului dumneavoastr\u0103 de lucru.<\/p>\n<p>F\u0103r\u0103 hype. F\u0103r\u0103 promisiuni pe care nu le putem \u021bine. Doar IA practic\u0103 care v\u0103 face opera\u021biunile mai eficiente.<\/p>\n\n<p><a href=\"https:\/\/www.leaplytics.de\/ro\/kontakt\/\">S\u0103 vorbim despre opera\u021biunile dumneavoastr\u0103<\/a><\/p>\n\n<p><a href=\"https:\/\/www.leaplytics.de\/ro\/inteligenta-artificiala\/\">Vezi toate serviciile AI<\/a><\/p>","protected":false},"excerpt":{"rendered":"<p>Echipa dvs. de opera\u021biuni are prea mult de lucru. AI v\u0103 poate ajuta. Munca opera\u021bional\u0103 este o munc\u0103 de coordonare. Comenzi. Inventar. Programe. Verific\u0103ri ale calit\u0103\u021bii. O mie de piese \u00een mi\u0219care care trebuie s\u0103 se potriveasc\u0103. Cele mai multe dintre ele urmeaz\u0103 tipare. Urm\u0103ri\u021bi transportul. Verifica\u021bi nivelul stocurilor. Trimite\u021bi sarcina. Marca\u021bi excep\u021bia. R\u0103spunde\u021bi din nou la \u00eentrebarea \"Unde este comanda mea?\". Inteligen\u021ba artificial\u0103 este construit\u0103 ... <\/p>","protected":false},"author":2,"featured_media":0,"parent":0,"menu_order":0,"comment_status":"closed","ping_status":"closed","template":"","meta":{"footnotes":""},"class_list":["post-14398","page","type-page","status-publish","hentry","latest_post"],"_links":{"self":[{"href":"https:\/\/www.leaplytics.de\/ro\/wp-json\/wp\/v2\/pages\/14398","targetHints":{"allow":["GET"]}}],"collection":[{"href":"https:\/\/www.leaplytics.de\/ro\/wp-json\/wp\/v2\/pages"}],"about":[{"href":"https:\/\/www.leaplytics.de\/ro\/wp-json\/wp\/v2\/types\/page"}],"author":[{"embeddable":true,"href":"https:\/\/www.leaplytics.de\/ro\/wp-json\/wp\/v2\/users\/2"}],"replies":[{"embeddable":true,"href":"https:\/\/www.leaplytics.de\/ro\/wp-json\/wp\/v2\/comments?post=14398"}],"version-history":[{"count":2,"href":"https:\/\/www.leaplytics.de\/ro\/wp-json\/wp\/v2\/pages\/14398\/revisions"}],"predecessor-version":[{"id":14509,"href":"https:\/\/www.leaplytics.de\/ro\/wp-json\/wp\/v2\/pages\/14398\/revisions\/14509"}],"wp:attachment":[{"href":"https:\/\/www.leaplytics.de\/ro\/wp-json\/wp\/v2\/media?parent=14398"}],"curies":[{"name":"wp","href":"https:\/\/api.w.org\/{rel}","templated":true}]}}