{"id":14402,"date":"2025-12-18T23:52:33","date_gmt":"2025-12-18T22:52:33","guid":{"rendered":"https:\/\/www.leaplytics.de\/?page_id=14402"},"modified":"2025-12-19T01:57:41","modified_gmt":"2025-12-19T00:57:41","slug":"marketing-vanzari-ai","status":"publish","type":"page","link":"https:\/\/www.leaplytics.de\/ro\/marketing-vanzari-ai\/","title":{"rendered":"Marketing \/ V\u00e2nz\u0103ri AI"},"content":{"rendered":"<h2>Echipa dvs. de marketing \u0219i v\u00e2nz\u0103ri are prea mult de lucru. AI v\u0103 poate ajuta.<\/h2>\n\n<p>Activitatea de marketing \u0219i v\u00e2nz\u0103ri este o activitate cu oameni. Recomand\u0103ri. Perspective. Clien\u021bi. Campanii. Mesaje. Un efort constant de a g\u0103si, convinge \u0219i p\u0103stra cump\u0103r\u0103torii.<\/p>\n<p>Cea mai mare parte urmeaz\u0103 tipare. Evalua\u021bi pista. Scrie\u021bi e-mailul. Segmenta\u021bi lista. Actualiza\u021bi CRM-ul. Urm\u0103ri\u021bi din nou.<\/p>\n<p>Inteligen\u021ba artificial\u0103 este construit\u0103 pentru acest lucru. Analizeaz\u0103 mai repede dec\u00e2t orice om. Nu uit\u0103 niciodat\u0103 s\u0103 urm\u0103reasc\u0103. Nu trimite niciodat\u0103 mesajul gre\u0219it segmentului gre\u0219it.<\/p>\n<p>Acest lucru nu v\u0103 \u00eenlocuie\u0219te echipa de marketing \u0219i v\u00e2nz\u0103ri. Le face mai rapide. Se ocup\u0103 de rutin\u0103, astfel \u00eenc\u00e2t oamenii dvs. s\u0103 se poat\u0103 concentra pe rela\u021bii \u0219i strategie.<\/p>\n\n\n<hr class=\"wp-block-separator has-alpha-channel-opacity\"\/>\n\n\n\n<h3 class=\"wp-block-heading\">Realitatea muncii de marketing \u0219i v\u00e2nz\u0103ri de ast\u0103zi<\/h3>\n\n\n<p>Echipele de marketing \u0219i v\u00e2nz\u0103ri sunt \u00eentinse. Mai multe canale. Mai mult\u0103 concuren\u021b\u0103. A\u0219tept\u0103ri mai mari. Bugete mai restr\u00e2nse.<\/p>\n<p>Speciali\u0219tii \u00een marketing petrec ore \u00eentregi pe con\u021binuturi care s-ar putea s\u0103 nu aib\u0103 succes. Reprezentan\u021bii de v\u00e2nz\u0103ri urm\u0103resc piste care nu duc nic\u0103ieri. Datele sunt stocate \u00een sisteme, dar nimeni nu are timp s\u0103 le analizeze.<\/p>\n<p>Lead-urile bune se r\u0103cesc pentru c\u0103 urm\u0103rirea a durat prea mult. Campaniile se desf\u0103\u0219oar\u0103 f\u0103r\u0103 un ROI clar. Toat\u0103 lumea este ocupat\u0103, dar rezultatele nu corespund efortului depus.<\/p>\n<p>Nu pentru c\u0103 oamenii nu sunt buni la locul lor de munc\u0103. Pentru c\u0103 sunt pur \u0219i simplu prea multe de f\u0103cut \u0219i nu exist\u0103 suficiente ore.<\/p>\n\n\n<hr class=\"wp-block-separator has-alpha-channel-opacity\"\/>\n\n\n\n<h3 class=\"wp-block-heading\">Unde AI face o diferen\u021b\u0103 real\u0103<\/h3>\n\n\n<p>IA func\u021bioneaz\u0103 cel mai bine acolo unde exist\u0103 date \u0219i modele. Marketingul \u0219i v\u00e2nz\u0103rile le au pe am\u00e2ndou\u0103.<\/p>\n<p>Iat\u0103 cinci domenii \u00een care Inteligen\u021ba Artificial\u0103 ofer\u0103 rezultate reale - nu este vorba de publicitate, ci de un impact real asupra veniturilor \u0219i de economie de timp.<\/p>\n\n\n<hr class=\"wp-block-separator has-alpha-channel-opacity\"\/>\n\n\n\n<h4 class=\"wp-block-heading\">1. Generarea \u0219i calificarea liderilor<\/h4>\n\n\n<p>Nu to\u021bi clien\u021bii poten\u021biali sunt egali. Unii vor cump\u0103ra. Majoritatea nu. Pentru a v\u0103 da seama care dintre ei este care, este nevoie de timp, timp care ar putea fi petrecut v\u00e2nz\u00e2nd.<\/p>\n<p>\u00centre timp, clien\u021bii poten\u021biali buni se pierd pentru c\u0103 nu au primit aten\u021bia suficient de repede.<\/p>\n\n\n<h5 class=\"wp-block-heading\">Ce face inteligen\u021ba artificial\u0103<\/h5>\n\n\n<p><strong>Scoring automat.<\/strong><br \/>\nPe baza comportamentului, a caracteristicilor demografice \u0219i a modelelor istorice, inteligen\u021ba artificial\u0103 clasific\u0103 clien\u021bii poten\u021biali care sunt cel mai probabil s\u0103 cumpere. Liderii poten\u021biali ies imediat la suprafa\u021b\u0103.<\/p>\n\n<p><strong>Identific\u0103 semnalele de cump\u0103rare.<\/strong><br \/>\nVizite pe site. Desc\u0103rc\u0103ri de con\u021binut. Angajarea prin e-mail. Inteligen\u021ba artificial\u0103 observ\u0103 c\u00e2nd comportamentul unei persoane indic\u0103 faptul c\u0103 aceasta este \"preg\u0103tit\u0103 s\u0103 cumpere\".<\/p>\n\n<p><strong>Calific\u0103 clien\u021bii poten\u021biali cu ajutorul \u00eentreb\u0103rilor.<\/strong><br \/>\nChatbots \u0219i formulare care pun \u00eentreb\u0103rile potrivite. Inteligen\u021ba artificial\u0103 adun\u0103 informa\u021bii de calificare \u00eenainte de implicarea unui om.<\/p>\n\n<p><strong>\u00cembog\u0103\u021be\u0219te datele de plumb.<\/strong><br \/>\nDimensiunea companiei. Industrie. Rol. Inteligen\u021ba artificial\u0103 completeaz\u0103 informa\u021biile lips\u0103, astfel \u00eenc\u00e2t s\u0103 \u0219ti\u021bi cu cine vorbi\u021bi.<\/p>\n\n<p><strong>direc\u021bioneaz\u0103 pistele c\u0103tre persoana potrivit\u0103.<\/strong><br \/>\nConduce o companie? Merge la v\u00e2nz\u0103rile pentru \u00eentreprinderi. Afaceri mici? O alt\u0103 echip\u0103. Inteligen\u021ba artificial\u0103 asociaz\u0103 automat clien\u021bii poten\u021biali cu reprezentan\u021bii.<\/p>\n\n\n<h5 class=\"wp-block-heading\">Ce \u00eenseamn\u0103 acest lucru pentru dvs.<\/h5>\n\n\n<ul>\n<li><strong>Pentru directorii de v\u00e2nz\u0103ri:<\/strong> Reprezentan\u021bii petrec timp cu clien\u021bii poten\u021biali care se convertesc. Rate de c\u00e2\u0219tig mai mari. Cicluri de v\u00e2nz\u0103ri mai scurte.<\/li>\n<li><strong>Pentru reprezentan\u021bii de v\u00e2nz\u0103ri:<\/strong> Nu mai ghici\u021bi pe cine s\u0103 suna\u021bi. Lucra\u021bi cu clien\u021bii poten\u021biali care au cele mai mari \u0219anse de a se \u00eenchide. Mai pu\u021bin timp pe drumuri f\u0103r\u0103 ie\u0219ire.<\/li>\n<li><strong>Pentru afaceri:<\/strong> Un r\u0103spuns mai rapid la solicit\u0103rile fierbin\u021bi. Rate de conversie mai bune. Cost mai mic per achizi\u021bie.<\/li>\n<\/ul>\n\n<p><a href=\"https:\/\/www.leaplytics.de\/ro\/generare-de-leaduri-calificare-ai\/\">Afla\u021bi mai multe despre inteligen\u021ba artificial\u0103 pentru generarea \u0219i calificarea clien\u021bilor poten\u021biali \u2192<\/a><\/p>\n\n\n<hr class=\"wp-block-separator has-alpha-channel-opacity\"\/>\n\n\n\n<h4 class=\"wp-block-heading\">2. Crearea \u0219i personalizarea con\u021binutului<\/h4>\n\n\n<p>Con\u021binutul alimenteaz\u0103 ma\u0219ina. E-mailuri. Anun\u021buri. Post\u0103ri sociale. Pagini de aterizare. Descrieri de produse. Toat\u0103 lumea are nevoie de mai mult con\u021binut, mai repede.<\/p>\n<p>Iar con\u021binutul generic nu mai func\u021bioneaz\u0103. Oamenii a\u0219teapt\u0103 mesaje care s\u0103 fie relevante pentru ei.<\/p>\n\n\n<h5 class=\"wp-block-heading\">Ce face inteligen\u021ba artificial\u0103<\/h5>\n\n\n<p><strong>Redacteaz\u0103 rapid con\u021binutul.<\/strong><br \/>\nCopie e-mail. Varia\u021bii ale anun\u021burilor. Post\u0103ri sociale. Descrieri de produse. AI scrie primele proiecte \u00een c\u00e2teva secunde. Tu editezi \u0219i rafinezi.<\/p>\n\n<p><strong>Creeaz\u0103 varia\u021bii la scar\u0103.<\/strong><br \/>\nAve\u021bi nevoie de 10 versiuni pentru testarea A\/B? Unghiuri diferite pentru segmente diferite? AI-ul genereaz\u0103 op\u021biuni rapid.<\/p>\n\n<p><strong>Personalizeaz\u0103 mesajele.<\/strong><br \/>\nCopii diferite pentru industrii diferite. Diferite puncte dureroase pentru diferite roluri. Inteligen\u021ba artificial\u0103 adapteaz\u0103 automat mesajele la segmente.<\/p>\n\n<p><strong>Optimizeaz\u0103 liniile de subiect \u0219i titlurile.<\/strong><br \/>\nPe baza a ceea ce a func\u021bionat \u00eenainte, inteligen\u021ba artificial\u0103 sugereaz\u0103 texte care au mai multe \u0219anse de a fi deschise \u0219i de a primi clicuri.<\/p>\n\n<p><strong>Men\u021bine vocea brandului.<\/strong><br \/>\nAntreneaz\u0103 inteligen\u021ba artificial\u0103 pe stilul t\u0103u. \u00ce\u021bi \u00eenva\u021b\u0103 tonul \u0219i p\u0103streaz\u0103 consecven\u021ba con\u021binutului.<\/p>\n\n\n<h5 class=\"wp-block-heading\">Ce \u00eenseamn\u0103 acest lucru pentru dvs.<\/h5>\n\n\n<ul>\n<li><strong>Pentru CMO:<\/strong> Produc\u021bie mai mare de con\u021binut f\u0103r\u0103 un num\u0103r mai mare de angaja\u021bi. Campanii mai rapide. Vocea consecvent\u0103 a brandului la scar\u0103 larg\u0103.<\/li>\n<li><strong>Pentru comercian\u021bi:<\/strong> \u00cencepe\u021bi cu ciorne \u00een loc de pagini goale. Dedica\u021bi timp strategiei, nu scrierii celei de-a 50-a variante de e-mail.<\/li>\n<li><strong>Pentru afaceri:<\/strong> Mesaje care rezoneaz\u0103. Angajament mai mare. Conversie mai bun\u0103.<\/li>\n<\/ul>\n\n<p><em>Important: AI redacteaz\u0103 con\u021binutul, dar mesajul apar\u021bine \u00een continuare oamenilor. Revizui\u021bi totul \u00eenainte de publicare.<\/em><\/p>\n\n<p><a href=\"https:\/\/www.leaplytics.de\/ro\/crearea-de-continut-personalizare-ai\/\">Afla\u021bi mai multe despre AI pentru crearea \u0219i personalizarea con\u021binutului \u2192<\/a><\/p>\n\n\n<hr class=\"wp-block-separator has-alpha-channel-opacity\"\/>\n\n\n\n<h4 class=\"wp-block-heading\">3. Cunoa\u0219terea \u0219i segmentarea clien\u021bilor<\/h4>\n\n\n<p>Ave\u021bi date despre clien\u021bi. O mul\u021bime de date. Istoricul achizi\u021biilor. Comportament. Date demografice. Interac\u021biuni.<\/p>\n<p>Dar transformarea datelor \u00een informa\u021bii? Asta necesit\u0103 analiz\u0103. Iar segmentarea inteligent\u0103? Aceasta necesit\u0103 \u0219i mai mult.<\/p>\n\n\n<h5 class=\"wp-block-heading\">Ce face inteligen\u021ba artificial\u0103<\/h5>\n\n\n<p><strong>Analizeaz\u0103 comportamentul clien\u021bilor.<\/strong><br \/>\nCe fac clien\u021bii \u00eenainte s\u0103 cumpere? \u00cenainte de a renun\u021ba? Inteligen\u021ba artificial\u0103 g\u0103se\u0219te modele \u00een datele privind comportamentul.<\/p>\n\n<p><strong>Creeaz\u0103 segmente inteligente.<\/strong><br \/>\nNu doar segmente demografice, ci \u0219i comportamentale. Clien\u021bi cu valoare ridicat\u0103. Clien\u021bi cu risc. Clien\u021bi poten\u021biali gata de cump\u0103rare. Inteligen\u021ba artificial\u0103 grupeaz\u0103 oamenii \u00een func\u021bie de ceea ce fac ei de fapt.<\/p>\n\n<p><strong>Prezice churn-ul.<\/strong><br \/>\nCare clien\u021bi sunt susceptibili s\u0103 plece? Inteligen\u021ba artificial\u0103 detecteaz\u0103 semnele de avertizare, astfel \u00eenc\u00e2t s\u0103 pute\u021bi ac\u021biona \u00eenainte ca ace\u0219tia s\u0103 plece.<\/p>\n\n<p><strong>Calculeaz\u0103 valoarea vie\u021bii.<\/strong><br \/>\nCare sunt clien\u021bii care valoreaz\u0103 cel mai mult \u00een timp? Inteligen\u021ba artificial\u0103 calculeaz\u0103 valoarea, astfel \u00eenc\u00e2t s\u0103 \u0219ti\u021bi unde s\u0103 investi\u021bi.<\/p>\n\n<p><strong>Identific\u0103 oportunit\u0103\u021bile de v\u00e2nzare \u00eencruci\u0219at\u0103.<\/strong><br \/>\nPe baza modelelor de cump\u0103rare, inteligen\u021ba artificial\u0103 sugereaz\u0103 ce produse s\u0103 recomande fiec\u0103rui client.<\/p>\n\n\n<h5 class=\"wp-block-heading\">Ce \u00eenseamn\u0103 acest lucru pentru dvs.<\/h5>\n\n\n<ul>\n<li><strong>Pentru CMO:<\/strong> Cheltuielile de marketing ajung la persoanele potrivite. ROI mai bun. Decizii bazate pe date \u00een loc de presupuneri.<\/li>\n<li><strong>Pentru comercian\u021bi:<\/strong> Segmente care chiar conteaz\u0103. Campanii orientate c\u0103tre comportament, nu doar c\u0103tre date demografice.<\/li>\n<li><strong>Pentru afaceri:<\/strong> P\u0103stra\u021bi mai mul\u021bi clien\u021bi. Vinde\u021bi mai mult clien\u021bilor existen\u021bi. \u00cen\u021belege\u021bi ce genereaz\u0103 venituri.<\/li>\n<\/ul>\n\n<p><a href=\"https:\/\/www.leaplytics.de\/ro\/informatii-despre-clienti-segmentare-ai\/\">Afla\u021bi mai multe despre AI pentru cunoa\u0219terea \u0219i segmentarea clien\u021bilor \u2192<\/a><\/p>\n\n\n<hr class=\"wp-block-separator has-alpha-channel-opacity\"\/>\n\n\n\n<h4 class=\"wp-block-heading\">4. Conducta de v\u00e2nz\u0103ri \u0219i previziuni<\/h4>\n\n\n<p>Prognoza v\u00e2nz\u0103rilor este \u00een parte \u0219tiin\u021b\u0103, \u00een parte iluzie. Reprezentan\u021bii sunt optimi\u0219ti. Afacerile nu se \u00eencheie. Previziunile se schimb\u0103 \u00een fiecare s\u0103pt\u0103m\u00e2n\u0103.<\/p>\n<p>\u00centre timp, managerii petrec ore \u00eentregi \u00een CRM \u00eencerc\u00e2nd s\u0103 afle ce se va \u00eencheia cu adev\u0103rat.<\/p>\n\n\n<h5 class=\"wp-block-heading\">Ce face inteligen\u021ba artificial\u0103<\/h5>\n\n\n<p><strong>Scores deal probabilitate.<\/strong><br \/>\nPe baza caracteristicilor tranzac\u021biilor \u0219i a modelelor istorice, inteligen\u021ba artificial\u0103 prezice ce tranzac\u021bii se vor \u00eencheia efectiv. Nu sunt date de intui\u021bie.<\/p>\n\n<p><strong>Identific\u0103 tranzac\u021biile cu risc.<\/strong><br \/>\nNicio activitate \u00een dou\u0103 s\u0103pt\u0103m\u00e2ni? Partea interesat\u0103 a devenit t\u0103cut\u0103? Inteligen\u021ba artificial\u0103 semnaleaz\u0103 afacerile care necesit\u0103 aten\u021bie \u00eenainte s\u0103 moar\u0103.<\/p>\n\n<p><strong>\u00cembun\u0103t\u0103\u021be\u0219te acurate\u021bea previziunilor.<\/strong><br \/>\nInteligen\u021ba artificial\u0103 se uit\u0103 la datele din portofoliu \u0219i la ratele istorice de \u00eenchidere. Aceasta v\u0103 ofer\u0103 o previziune bazat\u0103 pe modele, nu pe promisiuni.<\/p>\n\n<p><strong>Sugereaz\u0103 urm\u0103toarele ac\u021biuni optime.<\/strong><br \/>\nPe cine ar trebui s\u0103 sune reprezentantul ast\u0103zi? Care afacere necesit\u0103 o urm\u0103rire? Inteligen\u021ba artificial\u0103 prioritizeaz\u0103 activit\u0103\u021bile care permit avansarea afacerilor.<\/p>\n\n<p><strong>Analizeaz\u0103 modelele de c\u00e2\u0219tig\/pierdere.<\/strong><br \/>\nDe ce se \u00eencheie afacerile? De ce pierd? Inteligen\u021ba artificial\u0103 g\u0103se\u0219te tipare \u00een c\u00e2\u0219tigurile \u0219i pierderile dvs., astfel \u00eenc\u00e2t s\u0103 pute\u021bi repeta ceea ce func\u021bioneaz\u0103.<\/p>\n\n\n<h5 class=\"wp-block-heading\">Ce \u00eenseamn\u0103 acest lucru pentru dvs.<\/h5>\n\n\n<ul>\n<li><strong>Pentru directorii de v\u00e2nz\u0103ri:<\/strong> Previziuni \u00een care pute\u021bi avea \u00eencredere. Vizibilitate asupra st\u0103rii de s\u0103n\u0103tate a conductei. Coaching bazat pe date.<\/li>\n<li><strong>Pentru reprezentan\u021bii de v\u00e2nz\u0103ri:<\/strong> S\u0103 \u0219ti\u021bi pe ce afaceri s\u0103 v\u0103 concentra\u021bi. Priorit\u0103\u021bi clare. Mai pu\u021bin timp pentru actualizarea CRM, mai mult timp pentru v\u00e2nz\u0103ri.<\/li>\n<li><strong>Pentru afaceri:<\/strong> Venituri previzibile. O planificare mai bun\u0103. Mai pu\u021bine surprize la sf\u00e2r\u0219it de trimestru.<\/li>\n<\/ul>\n\n<p><a href=\"https:\/\/www.leaplytics.de\/ro\/previzionarea-conductei-de-vanzari-ai\/\">Afla\u021bi mai multe despre inteligen\u021ba artificial\u0103 pentru planificarea \u0219i prognoza v\u00e2nz\u0103rilor \u2192<\/a><\/p>\n\n\n<hr class=\"wp-block-separator has-alpha-channel-opacity\"\/>\n\n\n\n<h4 class=\"wp-block-heading\">5. Gestionarea \u0219i optimizarea campaniilor<\/h4>\n\n\n<p>Campaniile se desf\u0103\u0219oar\u0103 pe mai multe canale. Email. Social. Anun\u021buri pl\u0103tite. Con\u021binut. Evenimente. Fiecare are m\u0103sur\u0103tori. Fiecare are nevoie de optimizare.<\/p>\n<p>Descoperirea a ceea ce func\u021bioneaz\u0103 - \u0219i de ce - necesit\u0103 timp pe care nimeni nu \u00eel are.<\/p>\n\n\n<h5 class=\"wp-block-heading\">Ce face inteligen\u021ba artificial\u0103<\/h5>\n\n\n<p><strong>Urm\u0103re\u0219te performan\u021ba pe toate canalele.<\/strong><br \/>\nToate campaniile tale. Toate m\u0103sur\u0103torile tale. O singur\u0103 vizualizare. Inteligen\u021ba artificial\u0103 consolideaz\u0103 datele, astfel \u00eenc\u00e2t s\u0103 vede\u021bi imaginea de ansamblu.<\/p>\n\n<p><strong>Identific\u0103 ceea ce func\u021bioneaz\u0103.<\/strong><br \/>\nCe campanii genereaz\u0103 venituri? Ce canale func\u021bioneaz\u0103 cel mai bine pentru ce segmente? Inteligen\u021ba artificial\u0103 conecteaz\u0103 activitatea de marketing la rezultate.<\/p>\n\n<p><strong>Optimizeaz\u0103 alocarea bugetului.<\/strong><br \/>\nCheltui\u021bi mai mult acolo unde func\u021bioneaz\u0103. Mai pu\u021bin acolo unde nu func\u021bioneaz\u0103. Inteligen\u021ba artificial\u0103 sugereaz\u0103 cum s\u0103 transfera\u021bi bugetul pentru un ROI mai bun.<\/p>\n\n<p><strong>Prezice performan\u021ba campaniei.<\/strong><br \/>\n\u00cenainte de lansare, AI estimeaz\u0103 rezultatele pe baza campaniilor anterioare similare. Mai pu\u021bine surprize.<\/p>\n\n<p><strong>Automatizeaz\u0103 optimiz\u0103rile de rutin\u0103.<\/strong><br \/>\n\u00centrerupe\u021bi anun\u021burile neperformante. Ajusta\u021bi ofertele. Schimba\u021bi bugetul. Inteligen\u021ba artificial\u0103 gestioneaz\u0103 automat ajust\u0103rile tactice.<\/p>\n\n\n<h5 class=\"wp-block-heading\">Ce \u00eenseamn\u0103 acest lucru pentru dvs.<\/h5>\n\n\n<ul>\n<li><strong>Pentru CMO:<\/strong> ROI clar al cheltuielilor de marketing. Decizii bugetare bazate pe date. Justifica\u021bi investi\u021bia cu cifre.<\/li>\n<li><strong>Pentru comercian\u021bi:<\/strong> Nu mai ghici\u021bi ce func\u021bioneaz\u0103. Optimiza\u021bi mai rapid. Dedica\u021bi timp strategiei, nu foilor de calcul.<\/li>\n<li><strong>Pentru afaceri:<\/strong> Mai multe venituri per dolar de marketing. Cre\u0219tere eficient\u0103. Campanii care chiar func\u021bioneaz\u0103.<\/li>\n<\/ul>\n\n<p><em>Important: AI optimizeaz\u0103 pe baza datelor, dar ra\u021bionamentul de marketing este \u00eenc\u0103 important. Inteligen\u021ba artificial\u0103 nu cunoa\u0219te strategia dvs. de brand - dvs. o cunoa\u0219te\u021bi.<\/em><\/p>\n\n<p><a href=\"https:\/\/www.leaplytics.de\/ro\/managementul-campaniei-optimizare-ai\/\">Afla\u021bi mai multe despre AI pentru gestionarea \u0219i optimizarea campaniilor \u2192<\/a><\/p>\n\n\n<hr class=\"wp-block-separator has-alpha-channel-opacity\"\/>\n\n\n\n<h3 class=\"wp-block-heading\">Ce nu va face inteligen\u021ba artificial\u0103<\/h3>\n\n\n<p>S\u0103 fim clari cu privire la limite.<\/p>\n<p>IA nu \u00eenlocuie\u0219te profesioni\u0219tii din marketing \u0219i v\u00e2nz\u0103ri. Nu construie\u0219te rela\u021bii. Nu negociaz\u0103 afaceri complexe. Nu v\u0103 creeaz\u0103 strategia de brand sau nu se ocup\u0103 de clien\u021bii sup\u0103ra\u021bi care au nevoie de o atingere uman\u0103.<\/p>\n<p>Se ocup\u0103 de rutin\u0103. Punctajul. Redactarea. Analiza. Optimizarea.<\/p>\n<p>Echipa dvs. continu\u0103 s\u0103 g\u00e2ndeasc\u0103. Doar c\u0103 o face mai repede, deoarece datele sunt gata \u0219i munca de jos este f\u0103cut\u0103.<\/p>\n\n\n<hr class=\"wp-block-separator has-alpha-channel-opacity\"\/>\n\n\n\n<h3 class=\"wp-block-heading\">Linia de fund<\/h3>\n\n\n<p>Echipele de marketing \u0219i v\u00e2nz\u0103ri care utilizeaz\u0103 bine inteligen\u021ba artificial\u0103 nu lucreaz\u0103 mai pu\u021bin. Ele lucreaz\u0103 diferit.<\/p>\n<p>\u00cen loc s\u0103 ghiceasc\u0103 ce clien\u021bi poten\u021biali s\u0103 sune, ei lucreaz\u0103 cu cei mai buni. \u00cen loc s\u0103 scrie fiecare e-mail de la zero, ei rafineaz\u0103 proiectele. \u00cen loc s\u0103 se \u00eentrebe ce func\u021bioneaz\u0103, ei v\u0103d asta \u00een date.<\/p>\n<p>Rezultatul:<\/p>\n<ul>\n<li>Ratele de conversie mai mari<\/li>\n<li>Cicluri de v\u00e2nz\u0103ri mai scurte<\/li>\n<li>ROI de marketing mai bun<\/li>\n<li>Profesioni\u0219ti \u00een v\u00e2nz\u0103ri \u0219i marketing care \u00ee\u0219i desf\u0103\u0219oar\u0103 activitatea care necesit\u0103 de fapt expertiza lor<\/li>\n<li>Cre\u0219terea veniturilor f\u0103r\u0103 cre\u0219terea propor\u021bional\u0103 a num\u0103rului de angaja\u021bi<\/li>\n<\/ul>\n<p>Nu este vorba despre \u00eenlocuirea echipei dumneavoastr\u0103. Este vorba despre a le face mai eficiente.<\/p>\n\n\n<hr class=\"wp-block-separator has-alpha-channel-opacity\"\/>\n\n\n\n<h3 class=\"wp-block-heading\">Sunte\u021bi gata s\u0103 vede\u021bi ce este posibil?<\/h3>\n\n\n<p>Fiecare echip\u0103 de marketing \u0219i v\u00e2nz\u0103ri este diferit\u0103. P\u00e2lnia dvs. nu seam\u0103n\u0103 cu cea a celorlal\u021bi. Clien\u021bii dvs. au propriile modele. Priorit\u0103\u021bile tale depind de afacerea ta.<\/p>\n<p>Nu vindem solu\u021bii universale. Ne uit\u0103m la provoc\u0103rile dvs. specifice. Identific\u0103m situa\u021biile \u00een care inteligen\u021ba artificial\u0103 v\u0103 poate ajuta cu adev\u0103rat. Construim sisteme care se potrivesc procesului dumneavoastr\u0103.<\/p>\n<p>F\u0103r\u0103 hype. F\u0103r\u0103 promisiuni pe care nu le putem \u021bine. Doar inteligen\u021b\u0103 artificial\u0103 practic\u0103 care v\u0103 ajut\u0103 s\u0103 cre\u0219te\u021bi.<\/p>\n\n<p><a href=\"https:\/\/www.leaplytics.de\/ro\/kontakt\/\">S\u0103 vorbim despre marketingul \u0219i v\u00e2nz\u0103rile dvs.<\/a><\/p>\n\n<p><a href=\"https:\/\/www.leaplytics.de\/ro\/inteligenta-artificiala\/\">Vezi toate serviciile AI<\/a><\/p>","protected":false},"excerpt":{"rendered":"<p>Echipa dvs. de marketing \u0219i v\u00e2nz\u0103ri are prea mult de lucru. AI v\u0103 poate ajuta. Munca de marketing \u0219i v\u00e2nz\u0103ri este munca oamenilor. Leads. Prospec\u021bi. Clien\u021bi. Campanii. Mesaje. Un efort constant de a g\u0103si, convinge \u0219i p\u0103stra cump\u0103r\u0103torii. Cele mai multe dintre acestea urmeaz\u0103 tipare. Evalua\u021bi pista. Scrie\u021bi e-mailul. Segmenta\u021bi lista. Actualiza\u021bi CRM-ul. Urm\u0103ri\u021bi din nou. Inteligen\u021ba artificial\u0103 este ... <\/p>","protected":false},"author":2,"featured_media":0,"parent":0,"menu_order":0,"comment_status":"closed","ping_status":"closed","template":"","meta":{"footnotes":""},"class_list":["post-14402","page","type-page","status-publish","hentry","latest_post"],"_links":{"self":[{"href":"https:\/\/www.leaplytics.de\/ro\/wp-json\/wp\/v2\/pages\/14402","targetHints":{"allow":["GET"]}}],"collection":[{"href":"https:\/\/www.leaplytics.de\/ro\/wp-json\/wp\/v2\/pages"}],"about":[{"href":"https:\/\/www.leaplytics.de\/ro\/wp-json\/wp\/v2\/types\/page"}],"author":[{"embeddable":true,"href":"https:\/\/www.leaplytics.de\/ro\/wp-json\/wp\/v2\/users\/2"}],"replies":[{"embeddable":true,"href":"https:\/\/www.leaplytics.de\/ro\/wp-json\/wp\/v2\/comments?post=14402"}],"version-history":[{"count":3,"href":"https:\/\/www.leaplytics.de\/ro\/wp-json\/wp\/v2\/pages\/14402\/revisions"}],"predecessor-version":[{"id":14492,"href":"https:\/\/www.leaplytics.de\/ro\/wp-json\/wp\/v2\/pages\/14402\/revisions\/14492"}],"wp:attachment":[{"href":"https:\/\/www.leaplytics.de\/ro\/wp-json\/wp\/v2\/media?parent=14402"}],"curies":[{"name":"wp","href":"https:\/\/api.w.org\/{rel}","templated":true}]}}