{"id":14409,"date":"2025-12-18T23:54:54","date_gmt":"2025-12-18T22:54:54","guid":{"rendered":"https:\/\/www.leaplytics.de\/?page_id=14409"},"modified":"2025-12-19T01:47:36","modified_gmt":"2025-12-19T00:47:36","slug":"resurse-umane-ai","status":"publish","type":"page","link":"https:\/\/www.leaplytics.de\/ro\/resurse-umane-ai\/","title":{"rendered":"Resurse umane AI"},"content":{"rendered":"<h2>Echipa dvs. de resurse umane are prea mult de lucru. AI v\u0103 poate ajuta.<\/h2>\n\n<p>Munca \u00een domeniul resurselor umane \u00eenseamn\u0103 munca oamenilor. Dar este \u0219i birocra\u021bie. Cereri. Documente de integrare. \u00centreb\u0103ri legate de politici. Cereri de concediu. Analize de performan\u021b\u0103. Formulare privind beneficiile.<\/p>\n<p>Cea mai mare parte a acestora urmeaz\u0103 tipare. Analiza\u021bi CV-ul. R\u0103spunde\u021bi la \u00eentrebarea politic\u0103. Procesa\u021bi cererea. Trimite\u021bi mementoul. Din nou.<\/p>\n<p>Inteligen\u021ba artificial\u0103 este construit\u0103 pentru acest lucru. Aceasta cite\u0219te cererile mai repede dec\u00e2t orice om. Nu uit\u0103 niciodat\u0103 o continuare. R\u0103spunde perfect la aceea\u0219i \u00eentrebare de fiecare dat\u0103.<\/p>\n<p>Acest lucru nu \u00eenlocuie\u0219te echipa dvs. de resurse umane. Le face mai rapide. Se ocup\u0103 de rutin\u0103, astfel \u00eenc\u00e2t oamenii dvs. s\u0103 se poat\u0103 concentra pe ceea ce conteaz\u0103 - oamenii dvs.<\/p>\n\n\n<hr class=\"wp-block-separator has-alpha-channel-opacity\"\/>\n\n\n\n<h3 class=\"wp-block-heading\">Realitatea activit\u0103\u021bii de resurse umane \u00een prezent<\/h3>\n\n\n<p>Echipele de resurse umane sunt cople\u0219ite. Mai multe angaj\u0103ri. Mai mult\u0103 conformitate. Mai multe a\u0219tept\u0103ri din partea angaja\u021bilor. Resurse mai pu\u021bine.<\/p>\n<p>Recrutorii se \u00eeneac\u0103 \u00een CV-uri pentru fiecare post vacant. Managerii de resurse umane r\u0103spund mereu la acelea\u0219i \u00eentreb\u0103ri legate de politic\u0103. Integrarea este un co\u0219mar al listelor de verificare. Evalu\u0103rile de performan\u021b\u0103 se adun\u0103.<\/p>\n<p>Activitatea strategic\u0103 este l\u0103sat\u0103 deoparte. Experien\u021ba angaja\u021bilor are de suferit. Candida\u021bii buni dispar pentru c\u0103 procesul a durat prea mult.<\/p>\n<p>Nu pentru c\u0103 oamenii nu sunt buni \u00een meseria lor. Pentru c\u0103 exist\u0103 pur \u0219i simplu prea mult\u0103 munc\u0103 administrativ\u0103 \u0219i nu exist\u0103 suficient timp pentru oameni.<\/p>\n\n\n<hr class=\"wp-block-separator has-alpha-channel-opacity\"\/>\n\n\n\n<h3 class=\"wp-block-heading\">Unde AI face o diferen\u021b\u0103 real\u0103<\/h3>\n\n\n<p>Inteligen\u021ba artificial\u0103 func\u021bioneaz\u0103 cel mai bine acolo unde exist\u0103 munc\u0103 repetitiv\u0103 \u0219i modele clare. Resursele umane le au pe am\u00e2ndou\u0103.<\/p>\n<p>Iat\u0103 cinci domenii \u00een care inteligen\u021ba artificial\u0103 ofer\u0103 rezultate reale - nu publicitate, ci economie de timp \u0219i rezultate mai bune.<\/p>\n\n\n<hr class=\"wp-block-separator has-alpha-channel-opacity\"\/>\n\n\n\n<h4 class=\"wp-block-heading\">1. Recrutare \u0219i achizi\u021bie de talente<\/h4>\n\n\n<p>Fiecare post vacant aduce sute de candidaturi. Cineva trebuie s\u0103 le citeasc\u0103 pe toate. S\u0103 verifice calific\u0103rile. S\u0103 programeze interviurile. S\u0103 ia leg\u0103tura cu candida\u021bii.<\/p>\n<p>Candida\u021bii buni nu vor a\u0219tepta. \u00cen timp ce tu e\u0219ti \u00eenc\u0103 la preselec\u021bie, ei au acceptat o alt\u0103 ofert\u0103.<\/p>\n\n\n<h5 class=\"wp-block-heading\">Ce face inteligen\u021ba artificial\u0103<\/h5>\n\n\n<p><strong>Ecranul se reia automat.<\/strong><br \/>\nCompeten\u021be. Experien\u021b\u0103. Calific\u0103ri. Inteligen\u021ba artificial\u0103 cite\u0219te fiecare aplica\u021bie \u0219i clasific\u0103 candida\u021bii \u00een func\u021bie de potrivire. Potrivirile de top ies imediat la suprafa\u021b\u0103.<\/p>\n\n<p><strong>Asorteaz\u0103 candida\u021bii la roluri.<\/strong><br \/>\nNu doar cuvinte cheie - potrivire real\u0103. Inteligen\u021ba artificial\u0103 \u00een\u021belege cerin\u021bele postului \u0219i g\u0103se\u0219te candida\u021bi a c\u0103ror experien\u021b\u0103 se potrive\u0219te efectiv.<\/p>\n\n<p><strong>Programeaz\u0103 automat interviurile.<\/strong><br \/>\nCandidatul alege o or\u0103. Calendarul verific\u0103 disponibilitatea. Interviul este programat. F\u0103r\u0103 e-mailuri de tip back-and-forth.<\/p>\n\n<p><strong>R\u0103spunde la \u00eentreb\u0103rile candida\u021bilor.<\/strong><br \/>\n\"Care este procesul de interviu?\" \"Ce beneficii oferi\u021bi?\" Inteligen\u021ba artificial\u0103 r\u0103spunde instantaneu, 24\/7. Candida\u021bii se simt implica\u021bi.<\/p>\n\n<p><strong>Optimizeaz\u0103 publicarea locurilor de munc\u0103.<\/strong><br \/>\nPe baza a ceea ce atrage candida\u021bii califica\u021bi, inteligen\u021ba artificial\u0103 sugereaz\u0103 \u00eembun\u0103t\u0103\u021biri ale descrierilor posturilor dumneavoastr\u0103.<\/p>\n\n\n<h5 class=\"wp-block-heading\">Ce \u00eenseamn\u0103 acest lucru pentru dvs.<\/h5>\n\n\n<ul>\n<li><strong>Pentru directorii de resurse umane:<\/strong> Timp mai scurt p\u00e2n\u0103 la angajare. Cost mai mic per angajare. O experien\u021b\u0103 mai bun\u0103 a candida\u021bilor. Mai pu\u021bin\u0103 epuizare a recrutorilor.<\/li>\n<li><strong>Pentru recrutori:<\/strong> Nu mai citi\u021bi sute de CV-uri necalificate. Concentra\u021bi-v\u0103 pe intervievarea \u0219i \u00eenchiderea candida\u021bilor buni.<\/li>\n<li><strong>Pentru managerii care angajeaz\u0103:<\/strong> Vede\u021bi candida\u021bi califica\u021bi mai repede. Completa\u021bi rolurile \u00eenainte ca proiectele s\u0103 se blocheze.<\/li>\n<\/ul>\n\n<p><a href=\"https:\/\/www.leaplytics.de\/ro\/recrutare-achizitie-de-talente-ai\/\">Afla\u021bi mai multe despre AI pentru recrutare \u0219i achizi\u021bia de talente \u2192<\/a><\/p>\n\n\n<hr class=\"wp-block-separator has-alpha-channel-opacity\"\/>\n\n\n\n<h4 class=\"wp-block-heading\">2. Abordarea angaja\u021bilor<\/h4>\n\n\n<p>Noile angaj\u0103ri \u00eenseamn\u0103 birocra\u021bie. Formulare fiscale. \u00censcrierea la beneficii. Cereri de echipament. Sarcini de instruire. Recunoa\u0219terea politicilor.<\/p>\n<p>Atunci c\u00e2nd integrarea este dezordonat\u0103, noii angaja\u021bi se simt pierdu\u021bi. Prima impresie conteaz\u0103, iar aceasta este adesea teribil\u0103.<\/p>\n\n\n<h5 class=\"wp-block-heading\">Ce face inteligen\u021ba artificial\u0103<\/h5>\n\n\n<p><strong>Proceseaz\u0103 automat documentele.<\/strong><br \/>\nFormulare transmise. Date extrase. Informa\u021biile sunt direc\u021bionate c\u0103tre sistemele potrivite. F\u0103r\u0103 introducere manual\u0103 a datelor.<\/p>\n\n<p><strong>Atribuie formarea \u00een mod automat.<\/strong><br \/>\n\u00cen func\u021bie de rol, loca\u021bie \u0219i cerin\u021be, AI creeaz\u0103 planuri de integrare personalizate. Nu pierde\u021bi nimic.<\/p>\n\n<p><strong>Completare trasee.<\/strong><br \/>\nCe sarcini sunt finalizate? Care sunt \u00een a\u0219teptare? Inteligen\u021ba artificial\u0103 monitorizeaz\u0103 progresul \u0219i trimite automat memento-uri.<\/p>\n\n<p><strong>R\u0103spunde la \u00eentreb\u0103rile noilor angaja\u021bi.<\/strong><br \/>\n\"Unde s\u0103 parchez?\" \"Cum setez e-mailul?\" \"C\u00e2nd \u00eencep beneficiile?\" AI-ul r\u0103spunde instantaneu cu informa\u021bii exacte.<\/p>\n\n<p><strong>Creeaz\u0103 experien\u021be coerente.<\/strong><br \/>\nFiecare persoan\u0103 nou angajat\u0103 beneficiaz\u0103 de aceea\u0219i calitate a instruirii. Gata cu \"depinde cine te-a ajutat\".<\/p>\n\n\n<h5 class=\"wp-block-heading\">Ce \u00eenseamn\u0103 acest lucru pentru dvs.<\/h5>\n\n\n<ul>\n<li><strong>Pentru directorii de resurse umane:<\/strong> Integrare consecvent\u0103 la scar\u0103 larg\u0103. Timp mai scurt pentru productivitate. O mai bun\u0103 reten\u021bie a noilor angaja\u021bi.<\/li>\n<li><strong>Pentru managerii de resurse umane:<\/strong> Nu mai alerga\u021bi dup\u0103 h\u00e2rtii. Concentra\u021bi-v\u0103 pe a-i face pe noii angaja\u021bi s\u0103 se simt\u0103 bineveni\u021bi.<\/li>\n<li><strong>Pentru noii angaja\u021bi:<\/strong> Proces clar. R\u0103spunsuri rapide. Experien\u021b\u0103 profesional\u0103 din prima zi.<\/li>\n<\/ul>\n\n<p><a href=\"https:\/\/www.leaplytics.de\/ro\/onboarding-angajat-ai\/\">Afla\u021bi mai multe despre inteligen\u021ba artificial\u0103 pentru integrarea angaja\u021bilor \u2192<\/a><\/p>\n\n\n<hr class=\"wp-block-separator has-alpha-channel-opacity\"\/>\n\n\n\n<h4 class=\"wp-block-heading\">3. Self-Service \u0219i asisten\u021b\u0103 pentru angaja\u021bi<\/h4>\n\n\n<p>Angaja\u021bii au \u00eentreb\u0103ri. Despre politici. Despre beneficii. Despre concediu. Despre cheltuieli. Despre orice.<\/p>\n<p>Resursele umane r\u0103spund la acelea\u0219i \u00eentreb\u0103ri de sute de ori. \u00centre timp, angaja\u021bii a\u0219teapt\u0103 r\u0103spunsuri la lucruri simple.<\/p>\n\n\n<h5 class=\"wp-block-heading\">Ce face inteligen\u021ba artificial\u0103<\/h5>\n\n\n<p><strong>R\u0103spunde instantaneu la \u00eentreb\u0103rile legate de poli\u021be.<\/strong><br \/>\n\"C\u00e2te zile de concediu am?\" \"Care este limita cheltuielilor?\" \"Cum pot solicita concediu pentru cre\u0219terea copilului?\" Inteligen\u021ba artificial\u0103 v\u0103 cunoa\u0219te politicile \u0219i r\u0103spunde cu exactitate.<\/p>\n\n<p><strong>Proceseaz\u0103 cererile de rutin\u0103.<\/strong><br \/>\nCereri de concediu. Schimb\u0103ri de adres\u0103. Cereri de documente. AI gestioneaz\u0103 cererile standard f\u0103r\u0103 implicarea HR.<\/p>\n\n<p><strong>Ghideaz\u0103 angaja\u021bii prin procese.<\/strong><br \/>\nAjutor pas cu pas pentru \u00eenscrierea la beneficii, transmiterea cheltuielilor sau orice proces de resurse umane. F\u0103r\u0103 confuzii.<\/p>\n\n<p><strong>Escaladeaz\u0103 atunci c\u00e2nd este necesar.<\/strong><br \/>\nSitua\u021bie complex\u0103? Problem\u0103 sensibil\u0103? Inteligen\u021ba artificial\u0103 recunoa\u0219te limitele \u0219i direc\u021bioneaz\u0103 c\u0103tre un om cu context.<\/p>\n\n<p><strong>Disponibil 24\/7.<\/strong><br \/>\nAngaja\u021bi din zone orare diferite. \u00centreb\u0103ri noaptea. Inteligen\u021ba artificial\u0103 este mereu prezent\u0103.<\/p>\n\n\n<h5 class=\"wp-block-heading\">Ce \u00eenseamn\u0103 acest lucru pentru dvs.<\/h5>\n\n\n<ul>\n<li><strong>Pentru directorii de resurse umane:<\/strong> Reducerea volumului de bilete HR. \u00cembun\u0103t\u0103\u021birea satisfac\u021biei angaja\u021bilor. Concentrarea echipei de resurse umane asupra activit\u0103\u021bii strategice.<\/li>\n<li><strong>Pentru managerii de resurse umane:<\/strong> Nu mai r\u0103spunde\u021bi la acelea\u0219i \u00eentreb\u0103ri. Gestiona\u021bi excep\u021biile, nu solicit\u0103rile de rutin\u0103.<\/li>\n<li><strong>Pentru angaja\u021bi:<\/strong> R\u0103spunsuri instantanee. F\u0103r\u0103 a\u0219teptare. \u00cendrumare clar\u0103 atunci c\u00e2nd au nevoie de ea.<\/li>\n<\/ul>\n\n<p><a href=\"https:\/\/www.leaplytics.de\/ro\/angajat-self-service-suport-ai\/\">Afla\u021bi mai multe despre AI pentru Self-Service pentru angaja\u021bi \u2192<\/a><\/p>\n\n\n<hr class=\"wp-block-separator has-alpha-channel-opacity\"\/>\n\n\n\n<h4 class=\"wp-block-heading\">4. Managementul \u0219i analiza performan\u021bei<\/h4>\n\n\n<p>Evalu\u0103rile de performan\u021b\u0103 dureaz\u0103 o ve\u0219nicie. Colectarea feedback-ului. Analizarea tiparelor. Identificarea problemelor. Scrierea rezumatelor.<\/p>\n<p>Iar \u00een momentul \u00een care au loc revizuirile, problemele au mocnit timp de luni de zile.<\/p>\n\n\n<h5 class=\"wp-block-heading\">Ce face inteligen\u021ba artificial\u0103<\/h5>\n\n\n<p><strong>Analizeaz\u0103 modelele de feedback.<\/strong><br \/>\nRecenzii 360. R\u0103spunsuri la sondaje. Notele managerului. AI identific\u0103 teme \u0219i tendin\u021be \u00een feedback.<\/p>\n\n<p><strong>Identific\u0103 lacunele \u00een materie de competen\u021be.<\/strong><br \/>\nPe baza datelor privind performan\u021ba \u0219i a cerin\u021belor rolului, AI identific\u0103 domeniile \u00een care este necesar\u0103 dezvoltarea.<\/p>\n\n<p><strong>Prezice riscurile de reten\u021bie.<\/strong><br \/>\nAngajamentul scade? Se schimb\u0103 modelele de performan\u021b\u0103? AI detecteaz\u0103 semnele de avertizare \u00eenainte ca angaja\u021bii s\u0103 plece.<\/p>\n\n<p><strong>Genereaz\u0103 rezumate de revizuire.<\/strong><br \/>\nInteligen\u021ba artificial\u0103 redacteaz\u0103 rezumate de performan\u021b\u0103 pe baza datelor colectate. Managerii revizuiesc \u0219i personalizeaz\u0103.<\/p>\n\n<p><strong>Urm\u0103re\u0219te obiectivele \u0219i progresul.<\/strong><br \/>\nUrm\u0103rirea obiectivelor. Memento-uri de etap\u0103. Vizibilitatea progresului. Inteligen\u021ba artificial\u0103 men\u021bine managementul performan\u021bei pe drumul cel bun.<\/p>\n\n\n<h5 class=\"wp-block-heading\">Ce \u00eenseamn\u0103 acest lucru pentru dvs.<\/h5>\n\n\n<ul>\n<li><strong>Pentru directorii de resurse umane:<\/strong> Decizii bazate pe date privind talentele. Avertizare timpurie cu privire la reten\u021bie. Programe de dezvoltare care abordeaz\u0103 lacunele reale.<\/li>\n<li><strong>Pentru manageri:<\/strong> Mai pu\u021bin timp alocat h\u00e2rtiilor de evaluare. Perspective mai bune asupra performan\u021bei echipei. Descoperi\u021bi problemele mai devreme.<\/li>\n<li><strong>Pentru angaja\u021bi:<\/strong> Feedback mai clar. Dezvoltare aliniat\u0103 la nevoile reale. Obiective care r\u0103m\u00e2n vizibile.<\/li>\n<\/ul>\n\n<p><a href=\"https:\/\/www.leaplytics.de\/ro\/managementul-performantei-analiza-ai\/\">Afla\u021bi mai multe despre AI pentru managementul performan\u021bei \u2192<\/a><\/p>\n\n\n<hr class=\"wp-block-separator has-alpha-channel-opacity\"\/>\n\n\n\n<h4 class=\"wp-block-heading\">5. Administrarea \u0219i conformitatea resurselor umane<\/h4>\n\n\n<p>HR se bazeaz\u0103 pe documente \u0219i reguli. Dosarele angaja\u021bilor. Cerin\u021be de conformitate. Actualizarea politicilor. Obliga\u021bii de raportare.<\/p>\n<p>A omite ceva poate fi costisitor. Auditurile sunt stresante. A \u021bine pasul cu reglement\u0103rile este o munc\u0103 cu norm\u0103 \u00eentreag\u0103.<\/p>\n\n\n<h5 class=\"wp-block-heading\">Ce face inteligen\u021ba artificial\u0103<\/h5>\n\n\n<p><strong>Organizeaz\u0103 documentele angaja\u021bilor.<\/strong><br \/>\nContracte. Certific\u0103ri. Dosare de formare. AI arhiveaz\u0103 totul corect \u0219i \u00eel face u\u0219or de g\u0103sit.<\/p>\n\n<p><strong>Urm\u0103re\u0219te cerin\u021bele de conformitate.<\/strong><br \/>\nCertificatele expir\u0103? Formare \u00eent\u00e2rziat\u0103? Lipsesc documentele necesare? AI monitorizeaz\u0103 \u0219i alerteaz\u0103.<\/p>\n\n<p><strong>Monitorizeaz\u0103 modific\u0103rile de reglementare.<\/strong><br \/>\nActualizarea legisla\u021biei muncii? O nou\u0103 cerin\u021b\u0103 de conformitate? AI urm\u0103re\u0219te modific\u0103rile care afecteaz\u0103 politicile dvs.<\/p>\n\n<p><strong>Genereaz\u0103 rapoarte HR.<\/strong><br \/>\nNum\u0103rul de angaja\u021bi. Turnover. M\u0103sur\u0103tori privind diversitatea. Starea de conformitate. AI creeaz\u0103 rapoarte \u00een mod automat.<\/p>\n\n<p><strong>Verific\u0103 documenta\u021bia.<\/strong><br \/>\nDosarele angaja\u021bilor sunt complete? Sunt semnate recunoa\u0219terile necesare? AI verific\u0103 \u0219i semnaleaz\u0103 lacunele.<\/p>\n\n\n<h5 class=\"wp-block-heading\">Ce \u00eenseamn\u0103 acest lucru pentru dvs.<\/h5>\n\n\n<ul>\n<li><strong>Pentru directorii de resurse umane:<\/strong> \u00cenregistr\u0103ri preg\u0103tite pentru audit. Reducerea riscului de conformitate. Vizibilitate clar\u0103 a parametrilor de resurse umane.<\/li>\n<li><strong>Pentru managerii de resurse umane:<\/strong> Nu mai c\u0103uta\u021bi documente. Ave\u021bi \u00eencredere c\u0103 conformitatea este urm\u0103rit\u0103. Concentra\u021bi-v\u0103 pe oameni, nu pe h\u00e2rtii.<\/li>\n<li><strong>Pentru afaceri:<\/strong> Reducerea riscului juridic. Documenta\u021bie adecvat\u0103. Dovada c\u0103 face\u021bi lucrurile cum trebuie.<\/li>\n<\/ul>\n\n<p><em>Important: inteligen\u021ba artificial\u0103 se ocup\u0103 de administra\u021bie, dar judecata resurselor umane \u00een ceea ce prive\u0219te aspectele legate de oameni r\u0103m\u00e2ne esen\u021bial\u0103. Deciziile sensibile necesit\u0103 \u00eentotdeauna implicarea uman\u0103.<\/em><\/p>\n\n<p><a href=\"https:\/\/www.leaplytics.de\/ro\/administrare-hr-conformitate-ai\/\">Afla\u021bi mai multe despre AI pentru administrarea \u0219i conformitatea resurselor umane \u2192<\/a><\/p>\n\n\n<hr class=\"wp-block-separator has-alpha-channel-opacity\"\/>\n\n\n\n<h3 class=\"wp-block-heading\">Ce nu va face inteligen\u021ba artificial\u0103<\/h3>\n\n\n<p>S\u0103 fim clari cu privire la limite.<\/p>\n<p>IA nu \u00eenlocuie\u0219te profesioni\u0219tii \u00een resurse umane. Nu poart\u0103 discu\u021bii dificile. Nu se ocup\u0103 de situa\u021bia sensibil\u0103 a unui angajat. Nu ia decizii cu privire la carierele oamenilor.<\/p>\n<p>Se ocup\u0103 de rutin\u0103. Verificarea. Programarea. \u00centreb\u0103rile de politic\u0103. Urm\u0103rirea documentelor.<\/p>\n<p>Echipa dvs. de resurse umane face \u00een continuare munca uman\u0103. Doar c\u0103 o face mai bine, deoarece sarcina administrativ\u0103 a fost eliminat\u0103.<\/p>\n\n\n<hr class=\"wp-block-separator has-alpha-channel-opacity\"\/>\n\n\n\n<h3 class=\"wp-block-heading\">Linia de fund<\/h3>\n\n\n<p>Echipele de resurse umane care utilizeaz\u0103 bine inteligen\u021ba artificial\u0103 nu lucreaz\u0103 mai pu\u021bin. Ele lucreaz\u0103 diferit.<\/p>\n<p>\u00cen loc s\u0103 analizeze sute de CV-uri, ei intervieveaz\u0103 candida\u021bi buni. \u00cen loc s\u0103 r\u0103spund\u0103 la \u00eentreb\u0103ri repetitive, ei rezolv\u0103 problemele reale ale angaja\u021bilor. \u00cen loc s\u0103 urm\u0103reasc\u0103 birocra\u021bia, se concentreaz\u0103 pe oameni.<\/p>\n<p>Rezultatul:<\/p>\n<ul>\n<li>Angajarea mai rapid\u0103 a candida\u021bilor mai buni<\/li>\n<li>O experien\u021b\u0103 mai bun\u0103 pentru angaja\u021bi<\/li>\n<li>Costuri administrative reduse<\/li>\n<li>Profesioni\u0219ti \u00een domeniul resurselor umane care \u00ee\u0219i desf\u0103\u0219oar\u0103 activitatea care necesit\u0103 de fapt expertiza lor<\/li>\n<li>Conformitate f\u0103r\u0103 stres constant<\/li>\n<\/ul>\n<p>Nu este vorba despre \u00eenlocuirea echipei dumneavoastr\u0103. Este vorba despre a le face mai eficiente.<\/p>\n\n\n<hr class=\"wp-block-separator has-alpha-channel-opacity\"\/>\n\n\n\n<h3 class=\"wp-block-heading\">Sunte\u021bi gata s\u0103 vede\u021bi ce este posibil?<\/h3>\n\n\n<p>Fiecare echip\u0103 de resurse umane este diferit\u0103. Procesele dvs. nu sunt ca ale celorlal\u021bi. Politicile dvs. au propriile lor ciud\u0103\u021benii. Priorit\u0103\u021bile tale depind de afacerea ta.<\/p>\n<p>Nu vindem solu\u021bii universale. Ne uit\u0103m la provoc\u0103rile dvs. specifice din domeniul resurselor umane. Identific\u0103m situa\u021biile \u00een care AI v\u0103 poate ajuta. Construim sisteme care se potrivesc modului dumneavoastr\u0103 de lucru.<\/p>\n<p>F\u0103r\u0103 hype. F\u0103r\u0103 promisiuni pe care nu le putem \u021bine. Doar inteligen\u021b\u0103 artificial\u0103 practic\u0103 care v\u0103 face echipa de resurse umane mai eficient\u0103.<\/p>\n\n<p><a href=\"https:\/\/www.leaplytics.de\/ro\/kontakt\/\">S\u0103 vorbim despre opera\u021biunile dvs. de resurse umane<\/a><\/p>\n\n<p><a href=\"https:\/\/www.leaplytics.de\/ro\/inteligenta-artificiala\/\">Vezi toate serviciile AI<\/a><\/p>","protected":false},"excerpt":{"rendered":"<p>Echipa dvs. de resurse umane are prea mult de lucru. AI v\u0103 poate ajuta. Munca \u00een domeniul resurselor umane este munca oamenilor. Dar este, de asemenea, birocra\u021bie. Aplica\u021bii. Documente de integrare. \u00centreb\u0103ri despre politici. Cereri de concediu. Analize de performan\u021b\u0103. Formulare de beneficii. Cele mai multe dintre ele urmeaz\u0103 un tipar. Analiza\u021bi CV-ul. R\u0103spunde\u021bi la \u00eentrebarea politic\u0103. Procesa\u021bi cererea. Trimite\u021bi mementoul. Din nou. Inteligen\u021ba artificial\u0103 este construit\u0103 pentru asta. Ea ... <\/p>","protected":false},"author":2,"featured_media":0,"parent":0,"menu_order":0,"comment_status":"closed","ping_status":"closed","template":"","meta":{"footnotes":""},"class_list":["post-14409","page","type-page","status-publish","hentry","latest_post"],"_links":{"self":[{"href":"https:\/\/www.leaplytics.de\/ro\/wp-json\/wp\/v2\/pages\/14409","targetHints":{"allow":["GET"]}}],"collection":[{"href":"https:\/\/www.leaplytics.de\/ro\/wp-json\/wp\/v2\/pages"}],"about":[{"href":"https:\/\/www.leaplytics.de\/ro\/wp-json\/wp\/v2\/types\/page"}],"author":[{"embeddable":true,"href":"https:\/\/www.leaplytics.de\/ro\/wp-json\/wp\/v2\/users\/2"}],"replies":[{"embeddable":true,"href":"https:\/\/www.leaplytics.de\/ro\/wp-json\/wp\/v2\/comments?post=14409"}],"version-history":[{"count":3,"href":"https:\/\/www.leaplytics.de\/ro\/wp-json\/wp\/v2\/pages\/14409\/revisions"}],"predecessor-version":[{"id":14458,"href":"https:\/\/www.leaplytics.de\/ro\/wp-json\/wp\/v2\/pages\/14409\/revisions\/14458"}],"wp:attachment":[{"href":"https:\/\/www.leaplytics.de\/ro\/wp-json\/wp\/v2\/media?parent=14409"}],"curies":[{"name":"wp","href":"https:\/\/api.w.org\/{rel}","templated":true}]}}