{"id":14441,"date":"2025-12-19T01:44:46","date_gmt":"2025-12-19T00:44:46","guid":{"rendered":"https:\/\/www.leaplytics.de\/?page_id=14441"},"modified":"2025-12-19T01:44:47","modified_gmt":"2025-12-19T00:44:47","slug":"angajat-self-service-suport-ai","status":"publish","type":"page","link":"https:\/\/www.leaplytics.de\/ro\/angajat-self-service-suport-ai\/","title":{"rendered":"Self-Service pentru angaja\u021bi \u0219i AI pentru asisten\u021b\u0103"},"content":{"rendered":"<h2>Inteligen\u021ba artificial\u0103 pentru autoservirea \u0219i asisten\u021ba angaja\u021bilor: Nu mai r\u0103spunde\u021bi la acelea\u0219i \u00eentreb\u0103ri<\/h2>\n\n<p>Echipa ta de resurse umane r\u0103spunde la \u00eentreb\u0103ri toat\u0103 ziua. Acelea\u0219i \u00eentreb\u0103ri. Iar \u0219i iar.<\/p>\n<p>\"C\u00e2te zile de concediu am?\" \"Care este politica de cheltuieli?\" \"Cum \u00eemi actualizez adresa?\" \"C\u00e2nd \u00eencep \u00eenscrierile pentru beneficii?\" \"Pot lucra de la distan\u021b\u0103?\"<\/p>\n<p>Fiecare \u00eentrebare dureaz\u0103 5 minute. Un e-mail \u00eenainte \u0219i \u00eenapoi. O consultare a politicii. O verificare a sistemului. Nu este complicat, doar repetitiv.<\/p>\n<p>Dar 50 de \u00eentreb\u0103ri pe zi? Asta \u00eenseamn\u0103 peste 4 ore. \u00cen fiecare zi. Pierdute r\u0103spunz\u00e2nd la \u00eentreb\u0103ri pe care angaja\u021bii le-ar putea g\u0103si singuri dac\u0103 informa\u021biile ar fi accesibile.<\/p>\n<p>\u00centre timp, angaja\u021bii a\u0219teapt\u0103. Uneori ore \u00eentregi. Uneori zile \u00eentregi. Pentru r\u0103spunsuri simple care nu ar trebui s\u0103 necesite deloc implicarea resurselor umane.<\/p>\n<p>IA rezolv\u0103 acest lucru. R\u0103spunde instantaneu. Exact. 24\/7. Pentru \u00eentreb\u0103ri \u0219i solicit\u0103ri de rutin\u0103, angaja\u021bii primesc ceea ce au nevoie f\u0103r\u0103 HR. Pentru probleme complexe, HR se implic\u0103 cu contextul deja capturat.<\/p>\n<p>Echipa dvs. \u00eenceteaz\u0103 s\u0103 mai fie biroul de asisten\u021b\u0103 \u0219i \u00eencepe s\u0103 desf\u0103\u0219oare activit\u0103\u021bi reale de resurse umane.<\/p>\n\n\n<hr class=\"wp-block-separator has-alpha-channel-opacity\"\/>\n\n\n\n<h3 class=\"wp-block-heading\">Problema cu sprijinul acordat angaja\u021bilor \u00een prezent<\/h3>\n\n\n<p>Resursele umane sunt primul apel al tuturor pentru orice. \u00centreb\u0103ri de politic\u0103. Probleme de sistem. \u00centreb\u0103ri despre beneficii. \u00centreb\u0103ri legate de proces. Schimb\u0103ri \u00een via\u021b\u0103. Formulare. Aprob\u0103ri.<\/p>\n<p>Cele mai multe dintre acestea sunt simple. R\u0103spunsul se afl\u0103 \u00eentr-un document de politic\u0103 sau \u00eentr-un sistem. Dar angaja\u021bii nu \u0219tiu unde s\u0103 caute. Sau au \u00eencercat \u0219i nu l-au g\u0103sit. A\u0219a c\u0103 \u00eentreab\u0103 la Resurse Umane.<\/p>\n<p>HR trebuie s\u0103 \u00eenceteze ceea ce face. C\u0103uta\u021bi. R\u0103spunde\u021bi. Repet\u0103. Toat\u0103 ziua.<\/p>\n<p>Grupul de \u00eentreb\u0103ri. Luni diminea\u021ba, dup\u0103 ce oamenii se g\u00e2ndesc la chestiunile legate de via\u021ba profesional\u0103 \u0219i cea privat\u0103 \u00een weekend. Perioade de \u00eenscriere deschis\u0103. Dup\u0103 anun\u021burile companiei. C\u00e2nd se schimb\u0103 politica.<\/p>\n<p>\u00cen perioadele lini\u0219tite, este u\u0219or de gestionat. \u00cen perioadele aglomerate, HR se \u00eeneac\u0103. Timpii de r\u0103spuns se \u00eentind p\u00e2n\u0103 la zile. Angaja\u021bii devin frustra\u021bi. Resursele umane devin stresate. Munca care necesit\u0103 concentrare este \u00eentrerupt\u0103 constant.<\/p>\n<p>\u0218i iat\u0103 care este treaba: majoritatea angaja\u021bilor nu vor s\u0103 deranjeze departamentul de resurse umane. Ei prefer\u0103 s\u0103 g\u0103seasc\u0103 singuri r\u0103spunsurile. Dar instrumentele de self-service sunt groaznice. C\u0103utarea nu func\u021bioneaz\u0103. Documentele sunt \u00eempr\u0103\u0219tiate. Navigarea este confuz\u0103. A\u0219a c\u0103 renun\u021b\u0103 \u0219i trimit un e-mail HR.<\/p>\n<p>Aceasta nu este o problem\u0103 de oameni de ambele p\u0103r\u021bi. Este o problem\u0103 de sistem. Iar AI o rezolv\u0103.<\/p>\n\n\n<hr class=\"wp-block-separator has-alpha-channel-opacity\"\/>\n\n\n\n<h3 class=\"wp-block-heading\">Ce face AI pentru asisten\u021ba angaja\u021bilor<\/h3>\n\n\n<p>Inteligen\u021ba artificial\u0103 nu \u00eenlocuie\u0219te resursele umane pentru asisten\u021ba acordat\u0103 angaja\u021bilor. Ea se ocup\u0103 de rutin\u0103, astfel \u00eenc\u00e2t resursele umane s\u0103 se poat\u0103 concentra pe ceea ce necesit\u0103 de fapt o judecat\u0103 uman\u0103. Iat\u0103 cum.<\/p>\n\n\n<h4 class=\"wp-block-heading\">R\u0103spunsuri instantanee la \u00eentreb\u0103rile privind politica<\/h4>\n\n\n<p>Angajatul \u00eentreab\u0103: \"C\u00e2te zile de concediu mai am?\"<\/p>\n<p>AI verific\u0103 sistemul. \u00ce\u0219i vede soldul acumul\u0103rilor. R\u0103spunde: \"Mai ave\u021bi 12 zile de concediu. Soldul dvs. se reseteaz\u0103 la 1 ianuarie. Dori\u021bi s\u0103 depune\u021bi o cerere de concediu?\"<\/p>\n<p>Sau: \"Care este limita cheltuielilor pentru mesele clien\u021bilor?\"<\/p>\n<p>AI cunoa\u0219te politica de cheltuieli. \"Mesele clien\u021bilor sunt aprobate p\u00e2n\u0103 la $75 de persoan\u0103. Alcoolul necesit\u0103 aprobarea directorului. Trimite\u021bi chitan\u021bele prin sistemul de cheltuieli \u00een termen de 30 de zile.\"<\/p>\n<p>Sau: \"Pot s\u0103 lucrez de acas\u0103 vinerea?\"<\/p>\n<p>AI cunoa\u0219te politica de lucru la distan\u021b\u0103 pentru fiecare departament. \"Departamentul dvs. permite p\u00e2n\u0103 la 2 zile de lucru la distan\u021b\u0103 pe s\u0103pt\u0103m\u00e2n\u0103, cu aprobarea managerului. Pentru a solicita aprobarea, iat\u0103 formularul: [link]\"<\/p>\n<p>Aceste r\u0103spunsuri vin instantaneu. Nu trebuie s\u0103 a\u0219tepta\u021bi r\u0103spunsul departamentului de resurse umane. Nu trebuie s\u0103 c\u0103uta\u021bi prin documentele de politic\u0103. Doar \u00eentreba\u021bi \u0219i primi\u021bi un r\u0103spuns.<\/p>\n<p>Inteligen\u021ba artificial\u0103 nu ghice\u0219te. \u00ce\u021bi cunoa\u0219te politicile. Este instruit\u0103 cu privire la manualul dvs., documentele de politic\u0103, \u00eentreb\u0103rile frecvente. Atunci c\u00e2nd politicile se modific\u0103, actualiza\u021bi baza de cuno\u0219tin\u021be a AI. Gata.<\/p>\n\n\n<h4 class=\"wp-block-heading\">Procesarea cererilor de rutin\u0103 f\u0103r\u0103 implicarea resurselor umane<\/h4>\n\n\n<p>O mul\u021bime de solicit\u0103ri HR sunt standard. Nu este nevoie de judecat\u0103. Doar procesa\u021bi-le.<\/p>\n<p>Schimbarea adresei. Schimbarea numelui. Actualizarea persoanei de contact \u00een caz de urgen\u021b\u0103. Cerere de documente. Formular fiscal. Talon de plat\u0103. Scrisoare de confirmare a presta\u021biilor.<\/p>\n<p>\u00cen mod normal, angajatul depune o cerere. Resursele umane o proceseaz\u0103 manual. Actualizeaz\u0103 sistemul. Trimite confirmarea. Dureaz\u0103 10-15 minute pentru fiecare cerere.<\/p>\n<p>AI se ocup\u0103 automat de acest lucru.<\/p>\n<p>Angajat: \"M-am mutat. Trebuie s\u0103-mi actualizez adresa.\"<\/p>\n<p>AI: \"V\u0103 pot ajuta cu asta. Care este noua ta adres\u0103?\"<\/p>\n<p>Angajatul \u00eel furnizeaz\u0103. AI valideaz\u0103 formatul. Actualizeaz\u0103 HRIS. Actualizeaz\u0103 sistemul de salarizare. Confirm\u0103: \"Adresa dvs. este actualizat\u0103. Urm\u0103torul cec de salariu va reflecta noua adres\u0103.\"<\/p>\n<p>Sau: \"Am nevoie de o scrisoare de confirmare a locului meu de munc\u0103 pentru o cerere de credit ipotecar.\"<\/p>\n<p>AI: \"Voi genera asta pentru dvs. Acesta va include titlul postului, data \u00eenceperii \u0219i salariul actual. Este corect?\" Angajatul confirm\u0103. AI genereaz\u0103 scrisoarea. O trimite. Gata.<\/p>\n<p>Nu exist\u0103 implicare din partea resurselor umane dec\u00e2t dac\u0103 ceva este neobi\u0219nuit sau necesit\u0103 aprobare. Cererile standard sunt pur \u0219i simplu procesate.<\/p>\n\n\n<h4 class=\"wp-block-heading\">Suport pentru procese ghidate<\/h4>\n\n\n<p>Unele lucruri nu sunt o singur\u0103 \u00eentrebare - sunt un proces. \u00censcrierea la beneficii. Cererile de concediu. Evaluarea performan\u021belor. Prezentarea cheltuielilor.<\/p>\n<p>Acestea \u00eei deruteaz\u0103 pe oameni. Ce etape? Ce formulare? Ce este obligatoriu? Ce este op\u021bional? Unde trebuie s\u0103 depun cererea?<\/p>\n<p>AI ghideaz\u0103 angaja\u021bii pas cu pas.<\/p>\n<p>Angajat: \"Voi pleca \u00een concediu pentru cre\u0219terea copilului. Ce trebuie s\u0103 fac?\"<\/p>\n<p>AI: \"O s\u0103 v\u0103 conduc prin procesul de concediu parental. Mai \u00eent\u00e2i, s\u0103 confirm\u0103m c\u00e2teva detalii. C\u00e2nd este data na\u0219terii?\"<\/p>\n<p>R\u0103spunsurile angaja\u021bilor. AI continu\u0103: \"Sunte\u021bi eligibil pentru 12 s\u0103pt\u0103m\u00e2ni de concediu parental pl\u0103tit. Trebuie s\u0103 depune\u021bi cererea cu cel pu\u021bin 30 de zile \u00eenainte de \u00eenceperea concediului. Iat\u0103 ce trebuie s\u0103 face\u021bi:<\/p>\n<ol>\n<li>Completa\u021bi formularul de cerere de concediu pentru cre\u0219terea copilului [link]<\/li>\n<li>Furniza\u021bi documente medicale de la medicul dumneavoastr\u0103<\/li>\n<li>\u00cent\u00e2lni\u021bi-v\u0103 cu managerul dvs. pentru a planifica acoperirea<\/li>\n<li>Coordonarea cu HR privind continuarea beneficiilor<\/li>\n<\/ol>\n<p>Dori\u021bi s\u0103 v\u0103 trimit formularul acum?\"<\/p>\n<p>F\u0103r\u0103 confuzii. F\u0103r\u0103 pa\u0219i rata\u021bi. Ghid clar de la \u00eenceput p\u00e2n\u0103 la sf\u00e2r\u0219it.<\/p>\n<p>Acest lucru func\u021bioneaz\u0103 pentru orice proces complex de resurse umane. Inteligen\u021ba artificial\u0103 cunoa\u0219te pa\u0219ii. \u0218tie ce este necesar. Poate ghida oamenii f\u0103r\u0103 ca Resursele Umane s\u0103 \u021bin\u0103 de m\u00e2n\u0103 fiecare persoan\u0103 \u00een parte.<\/p>\n\n\n<h4 class=\"wp-block-heading\">Escaladare inteligent\u0103 c\u0103tre oameni<\/h4>\n\n\n<p>Inteligen\u021ba artificial\u0103 nu se poate ocupa de toate. Unele lucruri au nevoie de judecata uman\u0103. Unele lucruri sunt sensibile. Unele lucruri sunt pur \u0219i simplu prea complexe sau unice.<\/p>\n<p>Inteligen\u021ba artificial\u0103 \u00ee\u0219i cunoa\u0219te limitele. Atunci c\u00e2nd o \u00eentrebare dep\u0103\u0219e\u0219te nivelul de rutin\u0103, acesta trece la HR, dar cu context.<\/p>\n<p>Angajat: \"Am de-a face cu o situa\u021bie de h\u0103r\u021buire cu managerul meu.\"<\/p>\n<p>AI imediat: \"O s\u0103 v\u0103 conectez imediat cu HR. Acest lucru necesit\u0103 sprijin uman direct. V\u0103 rug\u0103m s\u0103 a\u0219tepta\u021bi un apel de la [persoana de la HR] \u00eentr-o or\u0103. Dac\u0103 este urgent, \u00eei pute\u021bi contacta \u0219i la [informa\u021bii de contact].\"<\/p>\n<p>Inteligen\u021ba artificial\u0103 \u00eenregistreaz\u0103 conversa\u021bia. O direc\u021bioneaz\u0103 c\u0103tre persoana potrivit\u0103. O marcheaz\u0103 ca fiind prioritar\u0103. Resursele umane v\u0103d contextul \u0219i pot r\u0103spunde corespunz\u0103tor.<\/p>\n<p>Sau mai pu\u021bin sensibil, dar complex: \"Situa\u021bia mea este unic\u0103 - m\u0103 mut \u00een alt\u0103 \u021bar\u0103 pentru locul de munc\u0103 al so\u021bului\/so\u021biei.\"<\/p>\n<p>AI: \"Aceasta este o situa\u021bie complex\u0103 cu implica\u021bii interna\u021bionale. Trimit aceast\u0103 problem\u0103 la Resurse Umane, care poate discuta op\u021biunile dumneavoastr\u0103. Ei v\u0103 vor contacta \u00een termen de 24 de ore. \u00centre timp, iat\u0103 c\u00e2teva informa\u021bii generale despre transferurile interna\u021bionale: [link]\"<\/p>\n<p>Inteligen\u021ba artificial\u0103 nu pretinde c\u0103 se poate descurca cu totul. \u0218tie c\u00e2nd s\u0103 implice oamenii. Dar capteaz\u0103 contextul, astfel \u00eenc\u00e2t resursele umane s\u0103 nu \u00eenceap\u0103 de la zero.<\/p>\n\n\n<h4 class=\"wp-block-heading\">Disponibilitate 24\/7<\/h4>\n\n\n<p>\u00centreb\u0103rile legate de resurse umane nu se pun doar de luni p\u00e2n\u0103 vineri, de la 9 la 17.<\/p>\n<p>Duminic\u0103 seara: \"Stai, la ce or\u0103 \u00eencepe interviul meu m\u00e2ine?\"<\/p>\n<p>11 PM: \"Tocmai mi-am amintit c\u0103 trebuie s\u0103 depun raportul de cheltuieli p\u00e2n\u0103 m\u00e2ine.\"<\/p>\n<p>Diminea\u021ba devreme: \"Pot s\u0103-mi duc copilul la o consulta\u021bie medical\u0103 ast\u0103zi f\u0103r\u0103 s\u0103 folosesc PTO?\"<\/p>\n<p>\u00cen mod normal, acestea a\u0219teapt\u0103 p\u00e2n\u0103 c\u00e2nd HR este disponibil. P\u00e2n\u0103 atunci, s-ar putea s\u0103 fie prea t\u00e2rziu sau persoana \u0219i-a dat deja seama singur\u0103.<\/p>\n<p>IA este mereu acolo. Nop\u021bi. Week-end. S\u0103rb\u0103tori. \u00centreb\u0103rile primesc r\u0103spuns atunci c\u00e2nd oamenii au nevoie de ele, nu atunci c\u00e2nd HR se \u00eent\u00e2mpl\u0103 s\u0103 fie la birou.<\/p>\n<p>Acest lucru este deosebit de valoros pentru companiile cu mai multe fusuri orare, lucr\u0103tori \u00een schimburi sau echipe globale.<\/p>\n\n\n<hr class=\"wp-block-separator has-alpha-channel-opacity\"\/>\n\n\n\n<h3 class=\"wp-block-heading\">Ce \u00eenseamn\u0103 acest lucru pentru dvs.<\/h3>\n\n\n\n<h4 class=\"wp-block-heading\">Pentru directorii de resurse umane \u0219i liderii de personal<\/h4>\n\n\n<ul>\n<li><strong>Reducerea volumului de bilete HR.<\/strong> 60-80% de solicit\u0103ri gestionate de AI. Capacitatea echipei dvs. cre\u0219te efectiv.<\/li>\n<li><strong>O mai bun\u0103 satisfac\u021bie a angaja\u021bilor.<\/strong> R\u0103spunsuri instantanee. F\u0103r\u0103 a\u0219teptare. \u00cendrumare clar\u0103. Angaja\u021bii se simt sprijini\u021bi.<\/li>\n<li><strong>Resursele umane se concentreaz\u0103 pe activitatea strategic\u0103.<\/strong> S\u0103 nu r\u0103spunzi la acelea\u0219i \u00eentreb\u0103ri toat\u0103 ziua. \u00cembun\u0103t\u0103\u021birea real\u0103 a programelor pentru oameni.<\/li>\n<li><strong>Informa\u021bii coerente.<\/strong> Acelea\u0219i r\u0103spunsuri de fiecare dat\u0103. F\u0103r\u0103 probleme de genul \"depinde pe cine \u00eentrebi\".<\/li>\n<li><strong>Vizibilitate asupra preocup\u0103rilor angaja\u021bilor.<\/strong> Ce \u00eentreab\u0103 oamenii? Unde exist\u0103 confuzie? Datele v\u0103 arat\u0103 unde trebuie s\u0103 \u00eembun\u0103t\u0103\u021bi\u021bi comunicarea.<\/li>\n<li><strong>Cre\u0219te\u021bi suportul f\u0103r\u0103 a cre\u0219te num\u0103rul de angaja\u021bi.<\/strong> Compania cre\u0219te 30%? AI gestioneaz\u0103 volumul crescut f\u0103r\u0103 a ad\u0103uga personal de resurse umane.<\/li>\n<\/ul>\n\n\n<h4 class=\"wp-block-heading\">Pentru manageri \u0219i speciali\u0219ti \u00een resurse umane<\/h4>\n\n\n<ul>\n<li><strong>Nu mai r\u0103spunde\u021bi la \u00eentreb\u0103ri repetitive.<\/strong> Inteligen\u021ba artificial\u0103 se ocup\u0103 de rutin\u0103. Tu te ocupi de aspectele complexe \u0219i sensibile.<\/li>\n<li><strong>Gestiona\u021bi excep\u021biile, nu solicit\u0103rile de rutin\u0103.<\/strong> Expertiza dvs. este folosit\u0103 acolo unde conteaz\u0103, nu la consultarea politicilor.<\/li>\n<li><strong>Mai pu\u021bine \u00eentreruperi.<\/strong> Mai pu\u021bine apeluri constante. Mai mult timp pentru munca concentrat\u0103 pe proiecte care \u00eembun\u0103t\u0103\u021besc efectiv resursele umane.<\/li>\n<li><strong>Contextul \u00een care are loc escaladarea.<\/strong> C\u00e2nd problemele vin la tine, ai istoricul conversa\u021biei. Nu trebuie s\u0103 \u00eencepe\u021bi de la zero.<\/li>\n<li><strong>O munc\u0103 mai satisf\u0103c\u0103toare.<\/strong> Mai pu\u021bin\u0103 administra\u021bie. Mai mult\u0103 rezolvare a problemelor, mai mult\u0103 strategie, mai mult\u0103 munc\u0103 efectiv\u0103 cu oamenii.<\/li>\n<\/ul>\n\n\n<h4 class=\"wp-block-heading\">Pentru angaja\u021bi<\/h4>\n\n\n<ul>\n<li><strong>R\u0103spunsuri instantanee.<\/strong> Nu mai a\u0219tepta\u021bi ore sau zile pentru \u00eentreb\u0103ri simple. \u00centreba\u021bi \u0219i afla\u021bi imediat.<\/li>\n<li><strong>Nu a\u0219tepta\u021bi orele de program.<\/strong> \u00centrebare la ora 9 PM? Ob\u021bine\u021bi un r\u0103spuns la ora 21:00.<\/li>\n<li><strong>Orient\u0103ri clare.<\/strong> Nu doar r\u0103spunsuri - ajutor pe parcursul \u00eentregului proces. \u0218ti\u021bi ce s\u0103 face\u021bi \u0219i cum s\u0103 o face\u021bi.<\/li>\n<li><strong>Mai pu\u021bin\u0103 frecare.<\/strong> Cererile standard sunt procesate automat. Schimba\u021bi-v\u0103 adresa f\u0103r\u0103 a trimite un e-mail HR \u0219i f\u0103r\u0103 a a\u0219tepta.<\/li>\n<li><strong>Sim\u021bi\u021bi-v\u0103 sus\u021binut.<\/strong> C\u00e2nd ave\u021bi nevoie de ajutor, acesta este acolo. Nu \"trimite\u021bi un bilet \u0219i a\u0219tepta\u021bi\".<\/li>\n<\/ul>\n\n\n<hr class=\"wp-block-separator has-alpha-channel-opacity\"\/>\n\n\n\n<h3 class=\"wp-block-heading\">Ce nu va face inteligen\u021ba artificial\u0103<\/h3>\n\n\n<p>S\u0103 fim clari cu privire la limite.<\/p>\n<p>AI nu gestioneaz\u0103 problemele sensibile. H\u0103r\u021buire. Discriminare. Probleme de performan\u021b\u0103. Conflicte interpersonale. Probleme de s\u0103n\u0103tate mintal\u0103. Acestea ajung imediat la oameni.<\/p>\n<p>AI nu face excep\u021bii de la politic\u0103. \"Pot, v\u0103 rog, s\u0103 mai am o zi de concediu, chiar dac\u0103 am ajuns la limit\u0103?\" Acesta este un apel uman, nu un apel AI.<\/p>\n<p>AI nu ofer\u0103 sfaturi cu privire la situa\u021bii personale complexe. \"Ar trebui s\u0103 accept noua ofert\u0103 de munc\u0103 la nivel intern sau s\u0103 r\u0103m\u00e2n \u00een func\u021bia actual\u0103?\" Aceasta necesit\u0103 consiliere din partea HR, nu r\u0103spunsuri automate.<\/p>\n<p>Se ocup\u0103 de rutin\u0103. C\u0103ut\u0103rile de politici. Cererile simple. \u00cendrumarea procesului. 80% care nu necesit\u0103 judecata uman\u0103.<\/p>\n<p>Celelalte 20% - cele complexe, sensibile, unice - merg tot la echipa de resurse umane. Dar acum au timp s\u0103 se ocupe de ele \u00een mod corespunz\u0103tor, deoarece nu sunt \u00eengropa\u021bi \u00een solicit\u0103ri de rutin\u0103.<\/p>\n\n\n<hr class=\"wp-block-separator has-alpha-channel-opacity\"\/>\n\n\n\n<h3 class=\"wp-block-heading\">Impact \u00een lumea real\u0103<\/h3>\n\n\n<p>Cum arat\u0103 de fapt acest lucru?<\/p>\n<p>O companie cu 800 de angaja\u021bi implementeaz\u0103 AI pentru asisten\u021ba angaja\u021bilor. \u00cenainte: HR primea 150-200 de \u00eentreb\u0103ri pe s\u0103pt\u0103m\u00e2n\u0103. HR petrecea 30-40 de ore pe s\u0103pt\u0103m\u00e2n\u0103 doar r\u0103spunz\u00e2nd la \u00eentreb\u0103ri.<\/p>\n<p>Dup\u0103: AI gestioneaz\u0103 automat 120-150 din aceste solicit\u0103ri. Resursele umane se ocup\u0103 doar de 30-50. Asta \u00eenseamn\u0103 20-30 de ore pe s\u0103pt\u0103m\u00e2n\u0103 economisite. Practic, un post cu norm\u0103 \u00eentreag\u0103 \u00een valoare de capacitate eliberat\u0103.<\/p>\n<p>Satisfac\u021bia angaja\u021bilor \u00een ceea ce prive\u0219te asisten\u021ba pentru resurse umane se \u00eembun\u0103t\u0103\u021be\u0219te. Timpul de r\u0103spuns pentru \u00eentreb\u0103rile de rutin\u0103 scade de la ore la secunde. Timpul de r\u0103spuns la problemele complexe se \u00eembun\u0103t\u0103\u021be\u0219te \u0219i el, deoarece departamentul de resurse umane are timp s\u0103 le gestioneze corespunz\u0103tor.<\/p>\n<p>Resursele umane lucreaz\u0103 la lucruri care chiar conteaz\u0103. \u00cembun\u0103t\u0103\u021birea programului de beneficii. Formarea managerilor. Ini\u021biative de reten\u021bie. Lucruri care au fost l\u0103sate deoparte atunci c\u00e2nd se \u00eenecau \u00een solicit\u0103ri.<\/p>\n<p>Acest lucru nu este ipotetic. Aceasta este ceea ce se \u00eent\u00e2mpl\u0103 atunci c\u00e2nd AI gestioneaz\u0103 corect asisten\u021ba pentru angaja\u021bi.<\/p>\n\n\n<hr class=\"wp-block-separator has-alpha-channel-opacity\"\/>\n\n\n\n<h3 class=\"wp-block-heading\">No\u021biuni introductive<\/h3>\n\n\n<p>Nu trebuie s\u0103 automatiza\u021bi totul. \u00cencepe\u021bi cu solicit\u0103rile cu volum mare \u0219i complexitate redus\u0103.<\/p>\n<p>Pentru majoritatea companiilor, acestea sunt \u00eentreb\u0103ri legate de politic\u0103. Soldul concediilor. Beneficiile de baz\u0103. Politici privind cheltuielile. \u00cencepe\u021bi de acolo.<\/p>\n<p>Sau poate c\u0103 este vorba de cereri simple. Schimb\u0103ri de adres\u0103. Solicit\u0103ri de documente. Desc\u0103rc\u0103ri de formulare. Automatiza\u021bi-le mai \u00eent\u00e2i pe acestea.<\/p>\n<p>Sau poate este vorba de \u00eendrumarea procesului. \u00censcrierea la beneficii. Cereri de concediu. Cheltuieli. Ajuta\u021bi oamenii s\u0103 parcurg\u0103 aceste etape f\u0103r\u0103 a fi \u021binu\u021bi de m\u00e2n\u0103 de HR.<\/p>\n<p>Alege\u021bi o categorie. Implementa\u021bi AI. M\u0103sura\u021bi reducerea volumului. M\u0103sura\u021bi satisfac\u021bia angaja\u021bilor. Apoi extinde\u021bi-v\u0103.<\/p>\n<p>Nevoile de asisten\u021b\u0103 pentru angaja\u021bi ale fiec\u0103rei companii sunt diferite. Politicile dvs. sunt unice. Sistemele dvs. au ciud\u0103\u021benii specifice. Angaja\u021bii dumneavoastr\u0103 au anumite tipare.<\/p>\n<p>Acesta este motivul pentru care asisten\u021ba AI pentru angaja\u021bi nu este plug-and-play. Trebuie s\u0103 v\u0103 \u00eenve\u021be politicile. S\u0103 se integreze cu sistemele dumneavoastr\u0103. S\u0103 se potriveasc\u0103 cu procesele dvs.<\/p>\n\n\n<hr class=\"wp-block-separator has-alpha-channel-opacity\"\/>\n\n\n\n<h3 class=\"wp-block-heading\">Linia de fund<\/h3>\n\n\n<p>Echipele de resurse umane nu ar trebui s\u0103 fie birouri de asisten\u021b\u0103. Acestea ar trebui s\u0103 fie parteneri strategici care ajut\u0103 afacerea cu talente, cultur\u0103 \u0219i programe pentru oameni.<\/p>\n<p>Dar ace\u0219tia nu pot fi strategici atunci c\u00e2nd se \u00eeneac\u0103 \u00een solicit\u0103ri de rutin\u0103. Aici intervine inteligen\u021ba artificial\u0103.<\/p>\n<p>AI se ocup\u0103 de rutin\u0103. C\u0103ut\u0103rile de politici. Cererile simple. Orientarea de baz\u0103. Instantaneu. Consistent. 24\/7.<\/p>\n<p>Resursele umane gestioneaz\u0103 aspectele complexe. Cele sensibile. Cele unice. Lucrurile care necesit\u0103 de fapt judecata \u0219i expertiza uman\u0103.<\/p>\n<p>Rezultatul: angaja\u021bii beneficiaz\u0103 de un sprijin mai bun, resursele umane lucreaz\u0103 mai bine, iar organiza\u021bia ob\u021bine mai mult\u0103 valoare din func\u021bia de resurse umane.<\/p>\n<p>Asta nu este o exagerare. Asta face AI pentru asisten\u021ba angaja\u021bilor, atunci c\u00e2nd este implementat\u0103 corect.<\/p>\n\n\n<hr class=\"wp-block-separator has-alpha-channel-opacity\"\/>\n\n\n\n<h3 class=\"wp-block-heading\">Sunte\u021bi gata s\u0103 v\u0103 reduce\u021bi volumul de solicit\u0103ri HR?<\/h3>\n\n\n<p>Noi nu vindem chatbots generice. Ne uit\u0103m la modelele dvs. specifice de interogare. Politicile dumneavoastr\u0103. Sistemele dvs. Procesele dvs.<\/p>\n<p>Apoi construim AI care se potrive\u0219te modului \u00een care angaja\u021bii dvs. au nevoie de asisten\u021b\u0103. Nu un robot generic de \u00eentreb\u0103ri frecvente, ci un suport real care func\u021bioneaz\u0103.<\/p>\n<p>F\u0103r\u0103 hype. F\u0103r\u0103 v\u00e2nz\u0103ri exagerate. Doar inteligen\u021b\u0103 artificial\u0103 practic\u0103 care \u00eembun\u0103t\u0103\u021be\u0219te asisten\u021ba pentru angaja\u021bi \u0219i face ca activitatea de resurse umane s\u0103 fie mai strategic\u0103.<\/p>\n\n<p><a href=\"https:\/\/www.leaplytics.de\/ro\/kontakt\/\">S\u0103 vorbim despre provoc\u0103rile pe care le \u00eent\u00e2mpina\u021bi \u00een ceea ce prive\u0219te asisten\u021ba pentru angaja\u021bi<\/a><\/p>\n\n<p><a href=\"https:\/\/www.leaplytics.de\/ro\/resurse-umane-ai\/\">\u00cenapoi la HR AI Solutions<\/a><\/p>","protected":false},"excerpt":{"rendered":"<p>AI for Employee Self-Service &#038; Support: Stop Answering the Same Questions Your HR team answers questions all day. The same questions. Over and over. &#8220;How many vacation days do I have?&#8221; &#8220;What&#8217;s the expense policy?&#8221; &#8220;How do I update my address?&#8221; &#8220;When do benefits open enrollment start?&#8221; &#8220;Can I work remotely?&#8221; Each question takes 5 &hellip; <\/p>","protected":false},"author":2,"featured_media":0,"parent":0,"menu_order":0,"comment_status":"closed","ping_status":"closed","template":"","meta":{"footnotes":""},"class_list":["post-14441","page","type-page","status-publish","hentry","latest_post"],"_links":{"self":[{"href":"https:\/\/www.leaplytics.de\/ro\/wp-json\/wp\/v2\/pages\/14441","targetHints":{"allow":["GET"]}}],"collection":[{"href":"https:\/\/www.leaplytics.de\/ro\/wp-json\/wp\/v2\/pages"}],"about":[{"href":"https:\/\/www.leaplytics.de\/ro\/wp-json\/wp\/v2\/types\/page"}],"author":[{"embeddable":true,"href":"https:\/\/www.leaplytics.de\/ro\/wp-json\/wp\/v2\/users\/2"}],"replies":[{"embeddable":true,"href":"https:\/\/www.leaplytics.de\/ro\/wp-json\/wp\/v2\/comments?post=14441"}],"version-history":[{"count":1,"href":"https:\/\/www.leaplytics.de\/ro\/wp-json\/wp\/v2\/pages\/14441\/revisions"}],"predecessor-version":[{"id":14448,"href":"https:\/\/www.leaplytics.de\/ro\/wp-json\/wp\/v2\/pages\/14441\/revisions\/14448"}],"wp:attachment":[{"href":"https:\/\/www.leaplytics.de\/ro\/wp-json\/wp\/v2\/media?parent=14441"}],"curies":[{"name":"wp","href":"https:\/\/api.w.org\/{rel}","templated":true}]}}