{"id":14461,"date":"2025-12-19T01:51:15","date_gmt":"2025-12-19T00:51:15","guid":{"rendered":"https:\/\/www.leaplytics.de\/?page_id=14461"},"modified":"2025-12-19T01:51:16","modified_gmt":"2025-12-19T00:51:16","slug":"revizuire-contract-ai","status":"publish","type":"page","link":"https:\/\/www.leaplytics.de\/ro\/revizuire-contract-ai\/","title":{"rendered":"Revizuirea contractului AI"},"content":{"rendered":"<h2>IA pentru revizuirea contractelor: Reducerea timpului de revizuire cu 60% f\u0103r\u0103 a reduce calitatea<\/h2>\n\n<p>Echipa dvs. revizuie\u0219te sute de contracte pe an. NDA-uri. Acorduri de servicii. Ordine de cump\u0103rare. Contracte de munc\u0103. Acorduri cu furnizorii. Acorduri de parteneriat.<\/p>\n<p>Fiecare dintre ele necesit\u0103 aten\u021bie. Fiecare clauz\u0103 trebuie verificat\u0103. Fiecare abatere de la standard trebuie semnalat\u0103.<\/p>\n<p>Munca este esen\u021bial\u0103. Este, de asemenea, repetitiv\u0103. \u0218i nu se opre\u0219te niciodat\u0103.<\/p>\n<p>AI schimb\u0103 acest lucru. Se ocup\u0103 automat de prima trecere. Cite\u0219te fiecare linie. Semnaleaz\u0103 ceea ce conteaz\u0103. Explic\u0103 ce s-a schimbat.<\/p>\n<p>Avoca\u021bii dumneavoastr\u0103 analizeaz\u0103 ceea ce necesit\u0103 o judecat\u0103 uman\u0103. Ei sar peste ceea ce nu este necesar. Contractele devin mai bune. Munca merge mai repede.<\/p>\n\n\n<hr class=\"wp-block-separator has-alpha-channel-opacity\"\/>\n\n\n\n<h3 class=\"wp-block-heading\">Problema revizuirii contractului<\/h3>\n\n\n<p>Revizuirea contractelor nu este complicat\u0103. Este doar consumatoare de timp.<\/p>\n<p>Trebuie s\u0103:<\/p>\n<ul>\n<li>G\u0103si\u021bi fiecare clauz\u0103 important\u0103 (durat\u0103, r\u0103spundere, reziliere, confiden\u021bialitate, condi\u021bii de plat\u0103)<\/li>\n<li>Verifica\u021bi fiecare dintre ele \u00een func\u021bie de standardele dvs.<\/li>\n<li>Semnala\u021bi orice lucru neobi\u0219nuit<\/li>\n<li>Descoperi\u021bi ce lipse\u0219te<\/li>\n<li>Compara\u021bi versiunile atunci c\u00e2nd exist\u0103 linii ro\u0219ii<\/li>\n<li>Explica\u021bi totul p\u0103r\u021bilor interesate care nu vorbesc limba juridic\u0103<\/li>\n<\/ul>\n\n<p>Un contract? Poate 30-60 de minute. Zece contracte? Jum\u0103tate din s\u0103pt\u0103m\u00e2na ta. O sut\u0103 de contracte? Echipa ta se \u00eeneac\u0103.<\/p>\n<p>Asocia\u021bii petrec ore \u00eentregi cu revizuirile de rutin\u0103. Partenerii sunt nevoi\u021bi s\u0103 \u00eencheie contracte standard pentru c\u0103 exist\u0103 un num\u0103r mare de dosare. Tranzac\u021biile comerciale a\u0219teapt\u0103 aprobarea juridic\u0103.<\/p>\n<p>Nu pentru c\u0103 munca este grea. Pentru c\u0103 este prea mult\u0103.<\/p>\n\n\n<hr class=\"wp-block-separator has-alpha-channel-opacity\"\/>\n\n\n\n<h3 class=\"wp-block-heading\">Ce face AI pentru revizuirea contractelor<\/h3>\n\n\n<p>AI cite\u0219te contractele ca un avocat cu memorie perfect\u0103 \u0219i timp infinit. Nu obose\u0219te. Nu rateaz\u0103 pagina 47. Nu spune niciodat\u0103 \"destul de aproape\".<\/p>\n<p>Iat\u0103 ce se \u00eent\u00e2mpl\u0103 de fapt:<\/p>\n\n\n<h4 class=\"wp-block-heading\">1. Extragerea automat\u0103 a clauzelor<\/h4>\n\n\n<p>AI-ul cite\u0219te \u00eentregul contract. G\u0103se\u0219te fiecare clauz\u0103 cheie. Le extrage \u0219i le organizeaz\u0103.<\/p>\n<p>Vezi tu:<\/p>\n<ul>\n<li>Durata contractului: 3 ani, re\u00eennoire automat\u0103<\/li>\n<li>Reziliere: preaviz scris de 90 de zile<\/li>\n<li>Plafon de r\u0103spundere: 12 luni de taxe<\/li>\n<li>Jurisdic\u021bie: Instan\u021bele din Delaware, legisla\u021bia din New York<\/li>\n<li>Confiden\u021bialitate: Mutual\u0103, supravie\u021buie\u0219te 5 ani dup\u0103 \u00eencetarea contractului<\/li>\n<li>Termeni de plat\u0103: Net 30<\/li>\n<\/ul>\n\n<p>F\u0103r\u0103 v\u00e2n\u0103toare. F\u0103r\u0103 defilare. F\u0103r\u0103 ctrl-F prin paragrafe dense. Tot ceea ce este important este \u00eentr-o singur\u0103 vizualizare.<\/p>\n\n\n<h4 class=\"wp-block-heading\">2. Identificarea riscurilor \u00een raport cu manualul dvs.<\/h4>\n\n\n<p>Fiecare companie are standarde. Termeni prefera\u021bi. Linii ro\u0219ii pe care nu le vor dep\u0103\u0219i.<\/p>\n<p>Inteligen\u021ba artificial\u0103 \u00eenva\u021b\u0103 manualul dvs. de joc. Apoi compar\u0103 fiecare contract cu acesta.<\/p>\n<p>Atunci c\u00e2nd ceva deviaz\u0103, se semnalizeaz\u0103:<\/p>\n<ul>\n<li>\"Clauz\u0103 de r\u0103spundere: Aceasta permite o r\u0103spundere nelimitat\u0103. Plafonul standard este de 12 luni de taxe.\"<\/li>\n<li>\"Clauz\u0103 de reziliere: Este necesar un preaviz de 120 de zile. Standardul dvs. este de 60 de zile.\"<\/li>\n<li>\"Proprietatea IP: Furnizorul p\u0103streaz\u0103 toat\u0103 proprietatea intelectual\u0103. Standardul dvs. necesit\u0103 atribuirea produsului muncii.\"<\/li>\n<li>\"Indemniza\u021bie: O singur\u0103 parte \u00een favoarea lor. Standardul dvs. este reciproc.\"<\/li>\n<\/ul>\n\n<p>Nu eviden\u021biaz\u0103 doar textul. Explic\u0103 de ce este important.<\/p>\n\n\n<h4 class=\"wp-block-heading\">3. Detectarea clauzei lips\u0103<\/h4>\n\n\n<p>Uneori, problema nu este ceea ce este acolo. Este ceea ce nu este acolo.<\/p>\n<p>AI verific\u0103 elementele necesare:<\/p>\n<ul>\n<li>Nicio clauz\u0103 de confiden\u021bialitate<\/li>\n<li>Nicio limitare a r\u0103spunderii<\/li>\n<li>Nicio dispozi\u021bie de for\u021b\u0103 major\u0103<\/li>\n<li>F\u0103r\u0103 termeni de protec\u021bie a datelor (necesari pentru conformitatea cu GDPR)<\/li>\n<li>F\u0103r\u0103 drepturi de audit<\/li>\n<\/ul>\n\n<p>Prinde\u021bi lacunele \u00eenainte ca acestea s\u0103 devin\u0103 probleme.<\/p>\n\n\n<h4 class=\"wp-block-heading\">4. Compararea versiunilor \u0219i analiza modific\u0103rilor<\/h4>\n\n\n<p>Liniile ro\u0219ii sunt derutante. Mai ales atunci c\u00e2nd exist\u0103 mai multe runde de modific\u0103ri.<\/p>\n<p>AI compar\u0103 versiunile \u0219i explic\u0103 ce s-a schimbat de fapt:<\/p>\n<ul>\n<li>\"Condi\u021bii de plat\u0103 modificate de la Net 30 la Net 45\"<\/li>\n<li>\"Plafonul de r\u0103spundere redus de la taxe nelimitate la 12 luni\"<\/li>\n<li>\"Clauz\u0103 nou\u0103 ad\u0103ugat\u0103: cre\u0219terea automat\u0103 a pre\u021bului 5% anual\"<\/li>\n<li>\"Perioada de preaviz de \u00eencetare a contractului a crescut de la 60 la 90 de zile\"<\/li>\n<\/ul>\n\n<p>Limbaj simplu. Nu este nevoie s\u0103 interpreta\u021bi modific\u0103rile urm\u0103rite \u00een Word.<\/p>\n\n\n<h4 class=\"wp-block-heading\">5. Rezumate executive<\/h4>\n\n\n<p>Nu toat\u0103 lumea trebuie s\u0103 citeasc\u0103 40 de pagini. Majoritatea p\u0103r\u021bilor interesate trebuie s\u0103 \u0219tie:<\/p>\n<ul>\n<li>Cu ce suntem de acord?<\/li>\n<li>C\u00e2t timp dureaz\u0103?<\/li>\n<li>Care sunt principalele obliga\u021bii?<\/li>\n<li>Care sunt principalele riscuri?<\/li>\n<li>Putem ie\u0219i dac\u0103 lucrurile merg prost?<\/li>\n<\/ul>\n\n<p>AI creeaz\u0103 un rezumat de o pagin\u0103. Termeni cheie. Principalele riscuri. Ce conteaz\u0103. Scris pentru oamenii de afaceri, nu pentru avoca\u021bi.<\/p>\n\n\n<hr class=\"wp-block-separator has-alpha-channel-opacity\"\/>\n\n\n\n<h3 class=\"wp-block-heading\">Ce \u00eenseamn\u0103 acest lucru pentru dvs.<\/h3>\n\n\n\n<h4 class=\"wp-block-heading\">Pentru factorii de decizie<\/h4>\n\n\n<p><strong>Cicluri de tranzac\u021bionare mai rapide.<\/strong><br \/>\nContractele nu stau \u00een coada de a\u0219teptare a departamentului juridic zile \u00eentregi. Prima trecere are loc instantaneu. Avoca\u021bii se concentreaz\u0103 pe negociere, nu pe lectur\u0103.<\/p>\n\n<p><strong>Cost mai mic per contract.<\/strong><br \/>\nAsocia\u021bii gestioneaz\u0103 un volum mai mare. Partenerii petrec timp cu probleme complexe, nu cu revizuiri de rutin\u0103. Consilierii externi sunt folosi\u021bi mai pu\u021bin.<\/p>\n\n<p><strong>O mai bun\u0103 gestionare a riscurilor.<\/strong><br \/>\nNimic nu scap\u0103 pentru c\u0103 cineva s-a gr\u0103bit. Fiecare contract face obiectul aceleia\u0219i prime revizuiri am\u0103nun\u021bite.<\/p>\n\n<p><strong>R\u0103sturnare previzibil\u0103.<\/strong><br \/>\nContracte standard: \u00een aceea\u0219i zi. Contracte complexe: prioritizate corespunz\u0103tor. Gata cu \"c\u00e2nd se ocup\u0103 departamentul juridic\".<\/p>\n\n\n<h4 class=\"wp-block-heading\">Pentru avoca\u021bi<\/h4>\n\n\n<p><strong>Concentreaz\u0103-te pe ceea ce conteaz\u0103.<\/strong><br \/>\nS\u0103ri\u021bi peste extragerea clauzelor. S\u0103ri\u021bi peste compararea versiunilor. \u00cencepe\u021bi cu analiza AI \u0219i concentra\u021bi-v\u0103 asupra aprecierilor.<\/p>\n\n<p><strong>Prinde\u021bi mai multe numere.<\/strong><br \/>\nInteligen\u021ba artificial\u0103 cite\u0219te fiecare cuv\u00e2nt. Tu te concentrezi asupra stegule\u021belor. Nimic nu este ratat pentru c\u0103 \u00een acea zi revizuiai contractul num\u0103rul 15.<\/p>\n\n<p><strong>Pist\u0103 de audit clar\u0103.<\/strong><br \/>\nFiecare verificare este documentat\u0103. Ce a fost verificat. Ce a fost semnalat. Ce decizie a fost luat\u0103 \u0219i de ce.<\/p>\n\n<p><strong>Face\u021bi mai mult\u0103 munc\u0103 strategic\u0103.<\/strong><br \/>\nAtunci c\u00e2nd revizuirile de rutin\u0103 dureaz\u0103 80% mai pu\u021bin, ave\u021bi timp pentru munca care necesit\u0103 de fapt expertiza dumneavoastr\u0103.<\/p>\n\n\n<h4 class=\"wp-block-heading\">Pentru afaceri<\/h4>\n\n\n<p><strong>Afacerile se deruleaz\u0103 mai rapid.<\/strong><br \/>\nJuridicul devine un facilitator, nu un blocaj. V\u00e2nz\u0103rile se \u00eencheie mai repede. Achizi\u021biile avanseaz\u0103 mai rapid. Parteneriatele se lanseaz\u0103 mai rapid.<\/p>\n\n<p><strong>Rela\u021bii mai bune cu furnizorii.<\/strong><br \/>\nUn feedback rapid cu privire la contracte arat\u0103 profesionalism. Furnizorii \u0219tiu c\u0103 sunte\u021bi organizat \u0219i serios.<\/p>\n\n<p><strong>Coeren\u021b\u0103 \u00een cadrul companiei.<\/strong><br \/>\nFiecare contract este analizat \u00een func\u021bie de acelea\u0219i standarde. Nu exist\u0103 varia\u021bii \u00een func\u021bie de cine este disponibil sau c\u00e2t de ocupat este.<\/p>\n\n\n<hr class=\"wp-block-separator has-alpha-channel-opacity\"\/>\n\n\n\n<h3 class=\"wp-block-heading\">Exemplu din lumea real\u0103: Revizuirea NDA<\/h3>\n\n\n<p>NDA-urile sunt standard. Ele sunt, de asemenea, esen\u021biale. \u0218i se adun\u0103.<\/p>\n<p>\u00cenainte de IA:<\/p>\n<ul>\n<li>Asociatul prime\u0219te cererea NDA<\/li>\n<li>Cite\u0219te 8 pagini (\u00een cea mai mare parte de tip boilerplate)<\/li>\n<li>Verific\u0103 termenele \u00een raport cu standardele companiei<\/li>\n<li>Semnaleaz\u0103 probleme, sugereaz\u0103 modific\u0103ri<\/li>\n<li>Scrie un e-mail \u00een care explic\u0103 \u00eengrijor\u0103rile<\/li>\n<li>Timp: 30-45 de minute pe NDA<\/li>\n<\/ul>\n\n<p>Cu AI:<\/p>\n<ul>\n<li>AI revizuie\u0219te NDA instantaneu<\/li>\n<li>Extrage to\u021bi termenii cheie<\/li>\n<li>Etichete: \"Defini\u021bia informa\u021biilor confiden\u021biale este mai larg\u0103 dec\u00e2t standardul\" \u0219i \"Nicio excep\u021bie pentru dezvoltarea independent\u0103\"<\/li>\n<li>Ofer\u0103 propuneri de formulare pentru ambele probleme<\/li>\n<li>Creeaz\u0103 rezumate pentru p\u0103r\u021bile interesate din domeniul afacerilor<\/li>\n<li>Asociatul revizuie\u0219te analiza AI \u0219i aprob\u0103\/modific\u0103<\/li>\n<li>Timp: 5-10 minute pentru fiecare NDA<\/li>\n<\/ul>\n\n<p>Aceea\u0219i calitate. 70% mai pu\u021bin timp. \u00cenmul\u021bi\u021bi cu 200 de NDA-uri pe an.<\/p>\n\n\n<hr class=\"wp-block-separator has-alpha-channel-opacity\"\/>\n\n\n\n<h3 class=\"wp-block-heading\">Ce nu face inteligen\u021ba artificial\u0103<\/h3>\n\n\n<p>S\u0103 fim clari cu privire la limite.<\/p>\n<p><strong>IA nu ia decizii de afaceri.<\/strong><br \/>\nSemnaleaz\u0103 faptul c\u0103 r\u0103spunderea este nelimitat\u0103. Nu decide dac\u0103 acest lucru este acceptabil pentru aceast\u0103 afacere specific\u0103.<\/p>\n\n<p><strong>AI nu negociaz\u0103.<\/strong><br \/>\nIdentific\u0103 problemele. Sugereaz\u0103 limbajul. Un om decide pentru ce s\u0103 insiste \u0219i ce s\u0103 cedeze.<\/p>\n\n<p><strong>AI nu semneaz\u0103.<\/strong><br \/>\nFiecare revizuire AI este revizuit\u0103 de un om. Avocatul ia \u00een continuare decizia final\u0103. Avocatul este \u00een continuare responsabil.<\/p>\n\n<p><strong>AI nu gestioneaz\u0103 bine situa\u021biile neobi\u0219nuite.<\/strong><br \/>\nContracte standard? Perfect. Acorduri de parteneriat complexe cu termeni noi? Inteligen\u021ba artificial\u0103 ajut\u0103, dar oamenii fac munca grea.<\/p>\n\n<p>AI este un copilot, nu un pilot automat. Acesta cite\u0219te \u0219i face prima analiz\u0103. Avoca\u021bii se ocup\u0103 de g\u00e2ndire.<\/p>\n\n\n<hr class=\"wp-block-separator has-alpha-channel-opacity\"\/>\n\n\n\n<h3 class=\"wp-block-heading\">Cum s\u0103 \u00eencepe\u021bi<\/h3>\n\n\n<p><strong>1. Identifica\u021bi tipurile de contracte.<\/strong><br \/>\nCe analiza\u021bi cel mai des? NDA-uri? Contracte de servicii? Contracte cu furnizorii? \u00cencepe\u021bi cu formate standard, cu volum mare.<\/p>\n\n<p><strong>2. Documenta\u021bi-v\u0103 planul de ac\u021biune.<\/strong><br \/>\nCare sunt termenii dvs. standard? Care sunt liniile dvs. ro\u0219ii? Ce trebuie s\u0103 fie semnalat? Inteligen\u021ba artificial\u0103 \u00eenva\u021b\u0103 din asta.<\/p>\n\n<p><strong>3. Antreneaz\u0103-te pe contractele tale.<\/strong><br \/>\nInteligen\u021ba artificial\u0103 \u00ee\u021bi \u00eenva\u021b\u0103 stilul. Standardele tale. Limbajul t\u0103u. Devine mai bun\u0103 cu c\u00e2t vede mai multe.<\/p>\n\n<p><strong>4. \u00cencepe\u021bi cu un pilot.<\/strong><br \/>\nRula\u021bi analiza AI \u00eempreun\u0103 cu analiza uman\u0103. Compara\u021bi rezultatele. Creeaz\u0103 \u00eencredere. Rafinarea sistemului.<\/p>\n\n<p><strong>5. Extinde\u021bi-v\u0103 treptat.<\/strong><br \/>\n\u00cencepe\u021bi cu NDA-uri. Ad\u0103uga\u021bi contracte de servicii. Ad\u0103uga\u021bi contracte cu furnizorii. Construi\u021bi \u00eencrederea pas cu pas.<\/p>\n\n\n<hr class=\"wp-block-separator has-alpha-channel-opacity\"\/>\n\n\n\n<h3 class=\"wp-block-heading\">\u00centreb\u0103ri frecvente<\/h3>\n\n\n<p><strong>Poate revizui contractele \u00een formate diferite?<\/strong><br \/>\nDa. PDF-uri. Documente Word. Documente scanate. AI extrage textul \u0219i analizeaz\u0103 structura indiferent de format.<\/p>\n\n<p><strong>Ce se \u00eent\u00e2mpl\u0103 cu contractele non-standard?<\/strong><br \/>\nInteligen\u021ba artificial\u0103 le gestioneaz\u0103, dar cu mai pu\u021bin\u0103 \u00eencredere. \u00cenc\u0103 extrage clauze \u0219i semnaleaz\u0103 probleme, dar ve\u021bi avea nevoie de mai mult\u0103 revizuire uman\u0103.<\/p>\n\n<p><strong>Func\u021bioneaz\u0103 pentru contractele \u00een alte limbi?<\/strong><br \/>\nDa. Inteligen\u021ba artificial\u0103 poate citi \u0219i analiza contracte \u00een mai multe limbi. Acurate\u021bea variaz\u0103 \u00een func\u021bie de complexitatea limbii.<\/p>\n\n<p><strong>C\u00e2t de precis este?<\/strong><br \/>\nPentru contractele standard: Precizie de 90-95% la extragerea clauzelor \u0219i semnalarea riscurilor. Acesta este motivul pentru care revizuirea uman\u0103 este \u00eenc\u0103 necesar\u0103.<\/p>\n\n<p><strong>Cum r\u0103m\u00e2ne cu confiden\u021bialitatea?<\/strong><br \/>\nContractele dvs. r\u0103m\u00e2n private. Putem realiza implementarea la fa\u021ba locului sau \u00een mediul dvs. de cloud securizat. Datele nu v\u0103 scap\u0103 de sub control.<\/p>\n\n<p><strong>C\u00e2t timp va mai dura p\u00e2n\u0103 c\u00e2nd va fi productiv?<\/strong><br \/>\nFunc\u021bionalitate de baz\u0103: imediat. Adaptat\u0103 la standardele dvs.: 2-4 s\u0103pt\u0103m\u00e2ni. Complet optimizat: 2-3 luni de feedback.<\/p>\n\n\n<hr class=\"wp-block-separator has-alpha-channel-opacity\"\/>\n\n\n\n<h3 class=\"wp-block-heading\">Linia de fund<\/h3>\n\n\n<p>Revizuirea contractelor nu trebuie s\u0103 fie un blocaj.<\/p>\n<p>AI se ocup\u0103 de citire, extragere, comparare \u0219i prima analiz\u0103. Avoca\u021bii dvs. se ocup\u0103 de luarea deciziilor.<\/p>\n<p>Rezultatul este un timp de r\u0103spuns mai scurt, costuri mai mici, o mai bun\u0103 coeren\u021b\u0103 \u0219i avoca\u021bi care \u00ee\u0219i desf\u0103\u0219oar\u0103 activitatea care necesit\u0103 de fapt expertiza lor.<\/p>\n<p>Nu exist\u0103 hype. F\u0103r\u0103 magie. Doar automatizare practic\u0103 care v\u0103 face echipa mai eficient\u0103.<\/p>\n\n\n<hr class=\"wp-block-separator has-alpha-channel-opacity\"\/>\n\n\n\n<h3 class=\"wp-block-heading\">Sunte\u021bi gata s\u0103 accelera\u021bi revizuirea contractelor?<\/h3>\n\n\n<p>Fiecare echip\u0103 juridic\u0103 are diferite tipuri de contracte, diferite standarde \u0219i diferite fluxuri de lucru.<\/p>\n<p>Noi nu vindem solu\u021bii generice. Ne uit\u0103m la contractele dvs. specifice. Identific\u0103m domeniile \u00een care AI v\u0103 ajut\u0103 cel mai mult. Construim un sistem care se potrive\u0219te procesului dumneavoastr\u0103.<\/p>\n<p>Haide\u021bi s\u0103 discut\u0103m despre procesul de revizuire a contractelor dvs. \u0219i despre domeniile \u00een care inteligen\u021ba artificial\u0103 poate face o diferen\u021b\u0103 real\u0103.<\/p>\n\n<p><a href=\"https:\/\/www.leaplytics.de\/ro\/kontakt\/\">Discuta\u021bi despre nevoile dumneavoastr\u0103 de revizuire a contractelor<\/a><\/p>\n\n<p><a href=\"https:\/\/www.leaplytics.de\/ro\/juridic-drept-ai\/\">\u00cenapoi la Legal AI Overview<\/a><\/p>","protected":false},"excerpt":{"rendered":"<p>AI for Contract Review: Cut Review Time by 60% Without Cutting Quality Your team reviews hundreds of contracts per year. NDAs. Service agreements. Purchase orders. Employment contracts. Vendor agreements. Partnership deals. Each one needs attention. Each clause needs checking. Every deviation from standard needs flagging. The work is essential. It&#8217;s also repetitive. And it never &hellip; <\/p>","protected":false},"author":2,"featured_media":0,"parent":0,"menu_order":0,"comment_status":"closed","ping_status":"closed","template":"","meta":{"footnotes":""},"class_list":["post-14461","page","type-page","status-publish","hentry","latest_post"],"_links":{"self":[{"href":"https:\/\/www.leaplytics.de\/ro\/wp-json\/wp\/v2\/pages\/14461","targetHints":{"allow":["GET"]}}],"collection":[{"href":"https:\/\/www.leaplytics.de\/ro\/wp-json\/wp\/v2\/pages"}],"about":[{"href":"https:\/\/www.leaplytics.de\/ro\/wp-json\/wp\/v2\/types\/page"}],"author":[{"embeddable":true,"href":"https:\/\/www.leaplytics.de\/ro\/wp-json\/wp\/v2\/users\/2"}],"replies":[{"embeddable":true,"href":"https:\/\/www.leaplytics.de\/ro\/wp-json\/wp\/v2\/comments?post=14461"}],"version-history":[{"count":1,"href":"https:\/\/www.leaplytics.de\/ro\/wp-json\/wp\/v2\/pages\/14461\/revisions"}],"predecessor-version":[{"id":14468,"href":"https:\/\/www.leaplytics.de\/ro\/wp-json\/wp\/v2\/pages\/14461\/revisions\/14468"}],"wp:attachment":[{"href":"https:\/\/www.leaplytics.de\/ro\/wp-json\/wp\/v2\/media?parent=14461"}],"curies":[{"name":"wp","href":"https:\/\/api.w.org\/{rel}","templated":true}]}}