{"id":14480,"date":"2025-12-19T01:54:58","date_gmt":"2025-12-19T00:54:58","guid":{"rendered":"https:\/\/www.leaplytics.de\/?page_id=14480"},"modified":"2025-12-19T01:54:58","modified_gmt":"2025-12-19T00:54:58","slug":"previzionarea-conductei-de-vanzari-ai","status":"publish","type":"page","link":"https:\/\/www.leaplytics.de\/ro\/previzionarea-conductei-de-vanzari-ai\/","title":{"rendered":"Conducta de v\u00e2nz\u0103ri \u0219i previziuni AI"},"content":{"rendered":"<h2>Inteligen\u021ba artificial\u0103 pentru planificarea \u0219i prognoza v\u00e2nz\u0103rilor: Nu mai ghici\u021bi ce se va \u00eenchide<\/h2>\n\n<p>\u00cen fiecare trimestru, acela\u0219i joc. Conducerea v\u00e2nz\u0103rilor solicit\u0103 o previziune. Reprezentan\u021bii spun c\u0103 afacerile se vor \u00eencheia. Conducerea ajusteaz\u0103 \u00een jos pentru c\u0103 reprezentan\u021bii sunt \u00eentotdeauna optimi\u0219ti. Afacerile nu se \u00eencheie. Previziunile se schimb\u0103 s\u0103pt\u0103m\u00e2nal.<\/p>\n<p>Nimeni nu \u0219tie ce se va \u00eencheia cu adev\u0103rat. Nu pentru c\u0103 oamenii de v\u00e2nz\u0103ri mint. Pentru c\u0103 este greu s\u0103 prezici rezultatele tranzac\u021biilor atunci c\u00e2nd te bazezi pe intui\u021bie \u0219i pe notele din CRM.<\/p>\n<p>AI nu ghice\u0219te. Se uit\u0103 la caracteristicile tranzac\u021biei \u0219i la modelele istorice. Prezice probabilitatea \u00eenchiderii pe baza datelor. Semnaleaz\u0103 afacerile riscante \u00eenainte ca acestea s\u0103 moar\u0103. \u00ce\u021bi spune care sunt afacerile care necesit\u0103 aten\u021bie \u0219i care se vor \u00eencheia de la sine.<\/p>\n<p>Previziunile tale \u00eenceteaz\u0103 s\u0103 mai fie dorin\u021be. \u00cencepe s\u0103 se bazeze pe realitate.<\/p>\n\n\n<hr class=\"wp-block-separator has-alpha-channel-opacity\"\/>\n\n\n\n<h3 class=\"wp-block-heading\">Problema: conduct\u0103 plin\u0103 de poate<\/h3>\n\n\n<p>CRM arat\u0103 50 de contracte deschise. Reprezentan\u021bii spun c\u0103 30 se vor \u00eencheia \u00een acest trimestru. Istoria spune c\u0103 12 chiar o vor face. Dar care 12? Nimeni nu \u0219tie.<\/p>\n<p>Afacerile r\u0103m\u00e2n prea mult timp \u00een stadiul de proiect. Unele avanseaz\u0103. Unele stagneaz\u0103 \u0219i mor. Unele te surprind \u0219i se \u00eencheie rapid. De cele mai multe ori, nu \u0219tii care este care p\u00e2n\u0103 nu se termin\u0103.<\/p>\n<p>Directorii de v\u00e2nz\u0103ri petrec ore \u00een \u0219ir analiz\u00e2nd portofoliul. \"Care este situa\u021bia?\" \"C\u00e2nd se va \u00eencheia?\" \"Care este riscul?\" Acelea\u0219i \u00eentreb\u0103ri, r\u0103spunsuri diferite \u00een fiecare s\u0103pt\u0103m\u00e2n\u0103.<\/p>\n<p>Previziunile pe care le oferi\u021bi conducerii sunt doar presupuneri educate. Uneori sunte\u021bi aproape. De multe ori nu e\u0219ti. Sf\u00e2r\u0219itul trimestrului devine o lupt\u0103 pentru a atinge num\u0103rul.<\/p>\n<p>Nu pentru c\u0103 echipa dvs. de v\u00e2nz\u0103ri este rea. Pentru c\u0103 oamenii nu sunt buni la prezicerea rezultatelor probabilistice pe zeci de variabile. AI este.<\/p>\n\n\n<hr class=\"wp-block-separator has-alpha-channel-opacity\"\/>\n\n\n\n<h3 class=\"wp-block-heading\">Ce face inteligen\u021ba artificial\u0103 \u00een ceea ce prive\u0219te conducta de v\u00e2nz\u0103ri \u0219i previziunile<\/h3>\n\n\n<p>Inteligen\u021ba artificial\u0103 nu \u00eenlocuie\u0219te judecata \u00een v\u00e2nz\u0103ri. Ea furnizeaz\u0103 date pentru a \u00eembun\u0103t\u0103\u021bi aceast\u0103 judecat\u0103. Iat\u0103 cum:<\/p>\n\n\n<h4 class=\"wp-block-heading\">Scorarea probabilit\u0103\u021bii tranzac\u021biei<\/h4>\n\n\n<p>Fiecare afacere prime\u0219te un scor de probabilitate de \u00eenchidere bazat pe:\n<ul>\n<li>Caracteristicile tranzac\u021biei (dimensiune, tip, complexitate)<\/li>\n<li>Stadiul v\u00e2nz\u0103rilor \u0219i timpul petrecut \u00een acest stadiu<\/li>\n<li>Nivelul de implicare (activitatea p\u0103r\u021bilor interesate, r\u0103spunsurile prin e-mail, frecven\u021ba \u00eent\u00e2lnirilor)<\/li>\n<li>Modele istorice (ce tranzac\u021bii ca aceasta s-au \u00eencheiat de fapt?)<\/li>\n<li>Factori concuren\u021biali (furnizor unic sau acord competitiv?)<\/li>\n<\/ul>\n<\/p>\n\n<p>Inteligen\u021ba artificial\u0103 compar\u0103 fiecare tranzac\u021bie cu mii de tranzac\u021bii anterioare. Tranzac\u021biile cu caracteristici similare care s-au \u00eencheiat primesc punctaje mai mari. Tranzac\u021biile care corespund tiparelor de tranzac\u021bii pierdute primesc punctaje mai mici.<\/p>\n<p>Aceasta nu este o intui\u021bie. Este un model de potrivire bazat pe datele tale reale de c\u00e2\u0219tiguri\/pierderi.<\/p>\n<p>Reprezentantul spune 90% \u0219ans\u0103 de a \u00eenchide, AI spune 40%? Privi\u021bi mai atent. Ceva nu este \u00een regul\u0103. Fie reprezentantul nu vede semnele de avertizare, fie exist\u0103 un context pe care AI nu \u00eel are. Oricum ar fi, investigheaz\u0103 \u00eenainte ca afacerea s\u0103 moar\u0103.<\/p>\n\n\n<h4 class=\"wp-block-heading\">Identificarea tranzac\u021biilor la risc<\/h4>\n\n\n<p>Afacerile mor \u00eencet, apoi dintr-o dat\u0103. Semnele de avertizare apar cu c\u00e2teva s\u0103pt\u0103m\u00e2ni \u00eenainte ca o afacere s\u0103 moar\u0103 oficial:\n<ul>\n<li>Nicio activitate \u00een peste 14 zile<\/li>\n<li>Campionul nu mai r\u0103spunde<\/li>\n<li>\u00cent\u00e2lnirile sunt reprogramate \u00een mod repetat<\/li>\n<li>Calendarul deciziilor continu\u0103 s\u0103 alunece<\/li>\n<li>P\u0103r\u021bile interesate care s-au implicat devreme au devenit t\u0103cute<\/li>\n<li>Afacerea r\u0103m\u00e2ne prea mult timp \u00een aceea\u0219i etap\u0103<\/li>\n<\/ul>\n<\/p>\n\n<p>Inteligen\u021ba artificial\u0103 urm\u0103re\u0219te aceste modele. Atunci c\u00e2nd mai multe semne de avertizare apar \u00eempreun\u0103, identific\u0103 tranzac\u021bia ca fiind riscant\u0103.<\/p>\n<p>Directorul de v\u00e2nz\u0103ri vede steagul. \u00centreab\u0103 reprezentantul ce se \u00eent\u00e2mpl\u0103. De multe ori, reprezentantul spune: \"Da, ar trebui s\u0103 m\u0103 ocup de asta\". Uneori spune: \"Este \u00een regul\u0103\". Dar cel pu\u021bin \u0219tii c\u0103 trebuie s\u0103 ai grij\u0103.<\/p>\n<p>Nu pute\u021bi salva fiecare afacere. Dar pute\u021bi \u00eencerca s\u0103 salva\u021bi oferte \u00eenainte ca acestea s\u0103 fie complet moarte. Asta func\u021bioneaz\u0103 doar dac\u0103 \u0219tii c\u0103 sunt \u00een pericol.<\/p>\n\n\n<h4 class=\"wp-block-heading\">\u00cembun\u0103t\u0103\u021birea acurate\u021bei previziunilor<\/h4>\n\n\n<p>Previziunea dvs. este suma probabilit\u0103\u021bilor de tranzac\u021bionare. Dac\u0103 estim\u0103rile dvs. de probabilitate sunt gre\u0219ite, previziunile dvs. sunt gre\u0219ite.<\/p>\n<p>AI construie\u0219te o prognoz\u0103 bazat\u0103 pe:\n<ul>\n<li>Probabilitatea tranzac\u021biilor individuale (bazat\u0103 pe date, nu pe estim\u0103ri ale reprezentan\u021bilor)<\/li>\n<li>Ratele istorice de \u00eenchidere \u00een func\u021bie de etap\u0103, reprezentant, tip de tranzac\u021bie<\/li>\n<li>Modele de sezonalitate \u00een activitatea dumneavoastr\u0103<\/li>\n<li>Tendin\u021be privind durata ciclului de v\u00e2nz\u0103ri<\/li>\n<\/ul>\n<\/p>\n\n<p>Nu v\u0103 spune doar un num\u0103r. \u00ce\u021bi d\u0103 intervale. \"Cel mai probabil $X, dar ar putea fi la fel de mic ca $Y sau la fel de mare ca $Z.\" Aceasta este o prognoz\u0103 onest\u0103.<\/p>\n<p>\u00cen timp, vede\u021bi care sunt afacerile pe care AI le-a prezis bine \u0219i care nu. Tu ajustezi. Modelul \u00eenva\u021b\u0103. Precizia se \u00eembun\u0103t\u0103\u021be\u0219te.<\/p>\n<p>Nu ve\u021bi avea niciodat\u0103 previziuni perfecte. Dar pute\u021bi avea previziuni care sunt corecte mai des dec\u00e2t gre\u0219ite. Asta este mai bine dec\u00e2t au majoritatea echipelor de v\u00e2nz\u0103ri \u00een prezent.<\/p>\n\n\n<h4 class=\"wp-block-heading\">Recomand\u0103ri pentru urm\u0103toarea ac\u021biune optim\u0103<\/h4>\n\n\n<p>Fiecare reprezentant are mai multe oferte dec\u00e2t poate lucra activ. Pe care ar trebui s\u0103 se concentreze ast\u0103zi?<\/p>\n<p>AI prioritizeaz\u0103:\n<ul>\n<li>Tranzac\u021bii cu risc care necesit\u0103 aten\u021bie imediat\u0103<\/li>\n<li>Oferte cu probabilitate mare de \u00eenchidere care sunt gata s\u0103 avanseze<\/li>\n<li>Tranzac\u021bii \u00een care anumite ac\u021biuni (urm\u0103rirea unei p\u0103r\u021bi interesate, trimiterea unei propuneri) au crescut istoric ratele de \u00eenchidere<\/li>\n<li>Oferte nefinalizate care au nevoie de un imbold<\/li>\n<\/ul>\n<\/p>\n\n<p>Reprezentantul se conecteaz\u0103, vede o list\u0103 de priorit\u0103\u021bi cu ceea ce trebuie s\u0103 fac\u0103. Nu totul. Cele 5-7 ac\u021biuni care au cele mai mari \u0219anse s\u0103 duc\u0103 afacerile mai departe.<\/p>\n<p>Ei nu urmeaz\u0103 ordinele AI. Ei primesc sugestii bazate pe date cu privire la modul \u00een care timpul lor este cel mai bine petrecut. Ei folosesc \u00een continuare judecata. Doar c\u0103 dispun de informa\u021bii mai bune.<\/p>\n\n\n<h4 class=\"wp-block-heading\">Analiza modelelor de c\u00e2\u0219tig\/pierdere<\/h4>\n\n\n<p>De ce se \u00eencheie afacerile? De ce se pierd?<\/p>\n<p>AI analizeaz\u0103 afacerile \u00eencheiate - c\u00e2\u0219tigate \u0219i pierdute:\n<ul>\n<li>Ce caracteristici au \u00een comun tranzac\u021biile c\u00e2\u0219tigate?<\/li>\n<li>C\u00e2t dureaz\u0103 de obicei tranzac\u021biile c\u00e2\u0219tig\u0103toare?<\/li>\n<li>Care sunt activit\u0103\u021bile corelate cu c\u00e2\u0219tigurile?<\/li>\n<li>Ce este diferit \u00een cazul tranzac\u021biilor pierdute?<\/li>\n<li>Exist\u0103 modele \u00een func\u021bie de sector, dimensiunea tranzac\u021biei sau concurent?<\/li>\n<\/ul>\n<\/p>\n\n<p>Aceste modele devin intui\u021bii:\n<ul>\n<li>\"Tranzac\u021biile cu implicarea a peste 3 p\u0103r\u021bi interesate se \u00eencheie la o rat\u0103 de dou\u0103 ori mai mare dec\u00e2t tranzac\u021biile cu o singur\u0103 parte interesat\u0103\"<\/li>\n<li>\"C\u00e2nd ne implic\u0103m legal \u00eenainte de s\u0103pt\u0103m\u00e2na 4, rata de \u00eenchidere scade 30%\"<\/li>\n<li>\"Ofertele care includ un pilot convertesc 80% din timp\"<\/li>\n<\/ul>\n<\/p>\n\n<p>\u00cenv\u0103\u021ba\u021bi ce genereaz\u0103 de fapt c\u00e2\u0219tiguri. Apoi \u00eei antrenezi pe reprezentan\u021bi s\u0103 fac\u0103 mai mult din ceea ce func\u021bioneaz\u0103 \u0219i mai pu\u021bin din ceea ce nu func\u021bioneaz\u0103. Acesta este managementul v\u00e2nz\u0103rilor bazat pe date.<\/p>\n\n\n<h4 class=\"wp-block-heading\">Monitorizarea s\u0103n\u0103t\u0103\u021bii conductelor<\/h4>\n\n\n<p>Conducta dvs. este s\u0103n\u0103toas\u0103 sau plin\u0103 de gunoi? Este greu de spus c\u00e2nd te ui\u021bi doar la num\u0103rul de tranzac\u021bii \u0219i la valoarea total\u0103.<\/p>\n<p>AI evalueaz\u0103 starea de s\u0103n\u0103tate a conductei:\n<ul>\n<li>Care este valoarea realist\u0103? (Valoarea tranzac\u021biei ponderat\u0103 \u00een func\u021bie de scorurile de probabilitate ale AI)<\/li>\n<li>Conducta este \u00een cre\u0219tere sau \u00een sc\u0103dere?<\/li>\n<li>Tranzac\u021biile parcurg etapele la o vitez\u0103 normal\u0103?<\/li>\n<li>Este acoperirea conductei suficient\u0103 pentru atingerea obiectivelor? (valoare realist\u0103 vs. cot\u0103)<\/li>\n<li>Care etape au blocaje?<\/li>\n<\/ul>\n<\/p>\n\n<p>Liderii de v\u00e2nz\u0103ri v\u0103d tablouri de bord privind s\u0103n\u0103tatea conductei. Nu m\u0103sur\u0103tori de vanitate. Indicatori reali care arat\u0103 dac\u0103 echipa va atinge cifrele.<\/p>\n<p>Dac\u0103 conducta pare slab\u0103, ve\u021bi \u0219ti din timp. Pute\u021bi ad\u0103uga resurse pentru lead gen sau ajusta obiectivele \u00eenainte de a fi prea t\u00e2rziu.<\/p>\n\n\n<hr class=\"wp-block-separator has-alpha-channel-opacity\"\/>\n\n\n\n<h3 class=\"wp-block-heading\">Ce \u00eenseamn\u0103 acest lucru pentru dvs.<\/h3>\n\n\n\n<h4 class=\"wp-block-heading\">Pentru directorii de v\u00e2nz\u0103ri<\/h4>\n\n\n<p>Previziuni \u00een care po\u021bi avea \u00eencredere. Nu sunt perfecte, dar sunt mult mai bune dec\u00e2t presupunerile rep. Oferi\u021bi liderilor cifre bazate pe date, nu pe speran\u021be.<\/p>\n<p>Vizibilitatea portofoliului se \u00eembun\u0103t\u0103\u021be\u0219te. Vede\u021bi imediat afacerile cu risc. \u0218ti\u021bi unde s\u0103 preg\u0103ti\u021bi. \u0218ti\u021bi ce afaceri necesit\u0103 implicarea seniorilor.<\/p>\n<p>Alocarea resurselor devine mai inteligent\u0103. \u0218ti\u021bi care sunt afacerile reale \u0219i care sunt vise de\u0219arte. Efortul echipei se \u00eendreapt\u0103 c\u0103tre oportunit\u0103\u021bile care pot fi c\u00e2\u0219tigate.<\/p>\n<p>Antrenezi pe baza modelelor. \"Iat\u0103 ce fac diferit c\u00e2\u0219tig\u0103torii\". Este mai eficient dec\u00e2t un sfat generic de v\u00e2nz\u0103ri.<\/p>\n\n\n<h4 class=\"wp-block-heading\">Pentru reprezentan\u021bii de v\u00e2nz\u0103ri<\/h4>\n\n\n<p>\u0218ti\u021bi pe ce afaceri s\u0103 v\u0103 concentra\u021bi. Nu v\u0103 mai \u00eempr\u0103\u0219tia\u021bi peste 50 de oportunit\u0103\u021bi. Lucra\u021bi la cele care au cele mai mari \u0219anse de a se \u00eencheia.<\/p>\n<p>Prinde\u021bi problemele din timp. Afacerea merge prost? Vede\u021bi semnele de avertizare \u00eenainte de a fi mort. Pute\u021bi corecta cursul.<\/p>\n<p>Ve\u021bi primi \u00eendrumare cu privire la pa\u0219ii urm\u0103tori. Nu ordine, ci date despre ceea ce func\u021bioneaz\u0103 de obicei pentru afaceri ca a ta. Lua\u021bi decizii mai bune.<\/p>\n<p>Mai pu\u021bin timp pentru actualizarea CRM de dragul actualiz\u0103rii. Inteligen\u021ba artificial\u0103 devine mai inteligent\u0103 cu c\u00e2t are mai multe date, dar folose\u0219te aceste date pentru a v\u0103 ajuta s\u0103 vinde\u021bi, nu doar s\u0103 raporta\u021bi.<\/p>\n\n\n<h4 class=\"wp-block-heading\">Pentru afaceri<\/h4>\n\n\n<p>Venituri previzibile. Atunci c\u00e2nd previziunile sunt exacte, v\u0103 pute\u021bi planifica. Angaj\u0103ri. Inventarul. Cheltuielile de marketing. Toate bazate pe previziuni fiabile ale veniturilor.<\/p>\n<p>Cicluri de v\u00e2nz\u0103ri mai scurte. Atunci c\u00e2nd reprezentan\u021bii se concentreaz\u0103 pe activit\u0103\u021bile potrivite la momentul potrivit, afacerile se \u00eencheie mai repede.<\/p>\n<p>Rate de c\u00e2\u0219tig mai mari. Atunci c\u00e2nd \u00een\u021belege\u021bi ce face ca afacerile s\u0103 se \u00eencheie, pute\u021bi face mai multe. Acest lucru se agraveaz\u0103 \u00een timp.<\/p>\n<p>Mai pu\u021bine surprize la sf\u00e2r\u0219it de trimestru. \u0218ti\u021bi cu c\u00e2teva s\u0103pt\u0103m\u00e2ni \u00eenainte dac\u0103 ve\u021bi atinge cifra. F\u0103r\u0103 panic\u0103 de ultim moment. F\u0103r\u0103 deficite nea\u0219teptate.<\/p>\n\n\n<hr class=\"wp-block-separator has-alpha-channel-opacity\"\/>\n\n\n\n<h3 class=\"wp-block-heading\">Exemple reale de AI pentru previziunile de v\u00e2nz\u0103ri<\/h3>\n\n\n\n<h4 class=\"wp-block-heading\">Exemplul 1: Companie de software B2B<\/h4>\n\n\n<p>O companie de software de talie medie avea o precizie a previziunilor de 35%. Fiecare trimestru era o surpriz\u0103. Conducerea departamentului de v\u00e2nz\u0103ri nu putea planifica deoarece nu \u0219tia care vor fi de fapt veniturile.<\/p>\n<p><strong>Ce s-a schimbat:<\/strong> AI a analizat 3 ani de date privind tranzac\u021biile. A creat modele de probabilitate bazate pe modele reale de \u00eencheiere. A furnizat scoruri de afaceri bazate pe date \u00een loc de estim\u0103ri ale reprezentan\u021bilor.<\/p>\n<p><strong>Rezultat:<\/strong> Precizia previziunilor s-a \u00eembun\u0103t\u0103\u021bit la 82% \u00een dou\u0103 trimestre. Conducerea a putut planifica cu \u00eencredere. Mai pu\u021bine exerci\u021bii de incendiu la sf\u00e2r\u0219it de trimestru, deoarece se \u0219tia num\u0103rul cu c\u00e2teva s\u0103pt\u0103m\u00e2ni \u00eenainte.<\/p>\n\n\n<h4 class=\"wp-block-heading\">Exemplul 2: Societate de produc\u021bie<\/h4>\n\n\n<p>O companie de produc\u021bie avea cicluri de v\u00e2nz\u0103ri lungi (6-12 luni). Afacerile ar\u0103tau bine luni de zile, apoi disp\u0103reau brusc. Nimeni nu \u0219tia de ce.<\/p>\n<p><strong>Ce s-a schimbat:<\/strong> Inteligen\u021ba artificial\u0103 a identificat faptul c\u0103 tranzac\u021biile f\u0103r\u0103 contact cu p\u0103r\u021bile interesate timp de peste 21 de zile au 72% \u0219anse de a fi pierdute \u00een cele din urm\u0103. Sistemul a marcat automat tranzac\u021biile cu risc.<\/p>\n<p><strong>Rezultat:<\/strong> Managerii de v\u00e2nz\u0103ri au intervenit proactiv asupra tranzac\u021biilor semnalate. Rata de c\u00e2\u0219tig a crescut cu 18% deoarece afacerile cu risc au primit aten\u021bie \u00eenainte de a muri. Ciclul de v\u00e2nz\u0103ri s-a scurtat deoarece afacerile blocate au fost deblocate mai rapid.<\/p>\n\n\n<h4 class=\"wp-block-heading\">Exemplul 3: Firm\u0103 de servicii profesionale<\/h4>\n\n\n<p>O firm\u0103 de consultan\u021b\u0103 nu putea spune care propuneri se vor \u00eencheia. Rata de c\u00e2\u0219tig era sub 30%. Echipele de estimare depuneau eforturi uria\u0219e pentru propuneri care nu duceau nic\u0103ieri.<\/p>\n<p><strong>Ce s-a schimbat:<\/strong> AI a analizat propunerile c\u00e2\u0219tigate fa\u021b\u0103 de cele pierdute. S-a constatat c\u0103 tranzac\u021biile \u00een care clientul avea bugetul deja aprobat s-au \u00eencheiat la 65%. Afacerile \u00een care clientul a spus \"explor\u0103m op\u021biuni\" s-au \u00eencheiat la 12%.<\/p>\n<p><strong>Rezultat:<\/strong> Firma a \u00eenceput s\u0103 se califice mai greu \u00eenainte de a investi \u00een propuneri. A concentrat eforturile de propunere pe oportunit\u0103\u021bi bine calificate. Rata de c\u00e2\u0219tig a crescut la 48%, deoarece au \u00eencetat s\u0103 mai urm\u0103reasc\u0103 potrivirile proaste.<\/p>\n\n\n<hr class=\"wp-block-separator has-alpha-channel-opacity\"\/>\n\n\n\n<h3 class=\"wp-block-heading\">Ce nu va face inteligen\u021ba artificial\u0103<\/h3>\n\n\n<p>S\u0103 fim clari cu privire la limite.<\/p>\n<p>Inteligen\u021ba artificial\u0103 nu poate \u00eencheia afaceri \u00een locul t\u0103u. Nu poate avea conversa\u021bii dificile. Nu poate negocia. Nu poate construi rela\u021bii cu cump\u0103r\u0103torii. Aceasta este \u00eenc\u0103 munc\u0103 uman\u0103.<\/p>\n<p>Predic\u021biile AI sunt probabilit\u0103\u021bi, nu certitudini. O tranzac\u021bie cu un scor de 70% are \u00eenc\u0103 o \u0219ans\u0103 de 30% de a pierde. Nu trata\u021bi scorurile AI drept garan\u021bii.<\/p>\n<p>AI nu cunoa\u0219te contextul care nu se afl\u0103 \u00een CRM. Dac\u0103 un reprezentant \u00eel cunoa\u0219te personal pe directorul general, dac\u0103 a auzit prin viu grai c\u0103 bugetul a fost redus sau dac\u0103 are alt context - asta conteaz\u0103. Inteligen\u021ba artificial\u0103 + judecata uman\u0103 sunt mai bune dec\u00e2t oricare dintre ele.<\/p>\n<p>Iar inteligen\u021ba artificial\u0103 nu poate repara un proces de v\u00e2nz\u0103ri defectuos. Dac\u0103 reprezentan\u021bii dvs. nu se calific\u0103 \u00een mod corespunz\u0103tor, dac\u0103 produsul dvs. nu se potrive\u0219te pie\u021bei sau dac\u0103 pre\u021burile dvs. sunt gre\u0219ite - AI v\u0103 va ar\u0103ta problema, dar tot dvs. trebuie s\u0103 o rezolva\u021bi.<\/p>\n\n\n<hr class=\"wp-block-separator has-alpha-channel-opacity\"\/>\n\n\n\n<h3 class=\"wp-block-heading\">Cum s\u0103 \u00eencepe\u021bi<\/h3>\n\n\n<p>Nu este nevoie s\u0103 v\u0103 automatiza\u021bi \u00eentregul proces de v\u00e2nz\u0103ri dintr-o dat\u0103. \u00cencepe\u021bi acolo unde v\u0103 ajut\u0103 cel mai mult:\n<ul>\n<li><strong>\u00cencepe\u021bi cu punctarea tranzac\u021biilor.<\/strong> Implementarea scorurilor de probabilitate AI. Compara\u021bi scorurile AI cu estim\u0103rile reprezentan\u021bilor. Vede\u021bi care este mai precis\u0103 \u00een decurs de 3 luni.<\/li>\n<li><strong>Urm\u0103ri\u021bi tranzac\u021biile riscante.<\/strong> L\u0103sa\u021bi AI s\u0103 semnaleze afacerile care corespund tiparelor de risc. Vede\u021bi dac\u0103 interven\u021bia salveaz\u0103 vreuna dintre ele.<\/li>\n<li><strong>Analiza\u021bi un model de victorie\/pierdere.<\/strong> Alege\u021bi o variabil\u0103 (dimensiunea tranzac\u021biei, industria, num\u0103rul p\u0103r\u021bilor interesate) \u0219i vede\u021bi dac\u0103 AI g\u0103se\u0219te modele pe care nu le \u0219tia\u021bi.<\/li>\n<li><strong>Testa\u021bi precizia previziunilor.<\/strong> Rula\u021bi prognoza AI \u00een paralel cu procesul dvs. normal. Compara\u021bi care este mai aproape de rezultatele reale.<\/li>\n<li><strong>Rafinarea pe baza rezultatelor.<\/strong> Inteligen\u021ba artificial\u0103 devine mai bun\u0103 cu feedback. Atunci c\u00e2nd afacerile se \u00eencheie sau se pierd, transmite\u021bi aceste informa\u021bii. Modelul \u00eenva\u021b\u0103.<\/li>\n<\/ul>\n<\/p>\n\n<p>\u00cencepe\u021bi cu pu\u021bin. M\u0103sura\u021bi acurate\u021bea. Scala\u021bi ceea ce func\u021bioneaz\u0103. Scopul este o predic\u021bie mai bun\u0103, nu una perfect\u0103.<\/p>\n\n\n<hr class=\"wp-block-separator has-alpha-channel-opacity\"\/>\n\n\n\n<h3 class=\"wp-block-heading\">Linia de fund<\/h3>\n\n\n<p>Previziunile de v\u00e2nz\u0103ri \u00eenseamn\u0103 recunoa\u0219terea tiparelor. Cum arat\u0103 afacerile care se \u00eencheie? Cum arat\u0103 afacerile care mor? Ce activit\u0103\u021bi fac afacerile s\u0103 avanseze?<\/p>\n<p>Oamenii nu pot identifica modele \u00een sute de tranzac\u021bii cu zeci de variabile. AI poate.<\/p>\n<p>Echipa dvs. de v\u00e2nz\u0103ri de\u021bine \u00een continuare rela\u021biile \u0219i conversa\u021biile. \u00cenc\u0103 \u00eencheie contracte. Ei \u00eenc\u0103 folosesc ra\u021bionamentul cu privire la afacerile pe care s\u0103 le urm\u0103reasc\u0103.<\/p>\n<p>Dar nu mai zboar\u0103 \u00een orb. Dispun de date cu privire la afacerile care sunt reale, la cele care sunt \u00een pericol \u0219i la ac\u021biunile care func\u021bioneaz\u0103 din punct de vedere istoric. Aceasta este diferen\u021ba dintre a ghici \u0219i a \u0219ti.<\/p>\n\n\n<hr class=\"wp-block-separator has-alpha-channel-opacity\"\/>\n\n\n\n<h3 class=\"wp-block-heading\">Dori\u021bi previziuni mai precise?<\/h3>\n\n\n<p>Fiecare echip\u0103 de v\u00e2nz\u0103ri are modele diferite de tranzac\u021bii. Cicluri de v\u00e2nz\u0103ri diferite. Factori diferi\u021bi care prezic c\u00e2\u0219tigurile \u0219i pierderile.<\/p>\n<p>Noi nu vindem instrumente de prognoz\u0103 universale. Analiz\u0103m datele afacerii dumneavoastr\u0103. Identific\u0103m factorii care prezic de fapt rezultatele \u00een afacerea dvs. Construim modele care corespund realit\u0103\u021bii dumneavoastr\u0103.<\/p>\n<p>Apoi ne integr\u0103m cu CRM-ul dvs., astfel \u00eenc\u00e2t reprezentan\u021bii \u0219i managerii s\u0103 vad\u0103 predic\u021biile acolo unde lucreaz\u0103. Echipa dvs. ob\u021bine date mai bune f\u0103r\u0103 a-\u0219i schimba procesul.<\/p>\n<p>F\u0103r\u0103 hype. F\u0103r\u0103 promisiuni de previziuni perfecte. Doar previziuni mai bune, astfel \u00eenc\u00e2t s\u0103 lua\u021bi decizii mai bune \u0219i s\u0103 \u00eencheia\u021bi mai multe afaceri.<\/p>\n\n<p><a href=\"https:\/\/www.leaplytics.de\/ro\/kontakt\/\">S\u0103 vorbim despre conducta de v\u00e2nz\u0103ri<\/a><\/p>\n\n<p><a href=\"https:\/\/www.leaplytics.de\/ro\/marketing-vanzari-ai\/\">\u00cenapoi la Marketing \u0219i v\u00e2nz\u0103ri AI<\/a><\/p>","protected":false},"excerpt":{"rendered":"<p>AI for Sales Pipeline &#038; Forecasting: Stop Guessing What Will Close Every quarter, the same game. Sales leadership asks for a forecast. Reps say deals will close. Management adjusts down because reps are always optimistic. Deals slip. The forecast changes weekly. Nobody knows what&#8217;s really going to close. Not because salespeople lie. Because predicting deal &hellip; <\/p>","protected":false},"author":2,"featured_media":0,"parent":0,"menu_order":0,"comment_status":"closed","ping_status":"closed","template":"","meta":{"footnotes":""},"class_list":["post-14480","page","type-page","status-publish","hentry","latest_post"],"_links":{"self":[{"href":"https:\/\/www.leaplytics.de\/ro\/wp-json\/wp\/v2\/pages\/14480","targetHints":{"allow":["GET"]}}],"collection":[{"href":"https:\/\/www.leaplytics.de\/ro\/wp-json\/wp\/v2\/pages"}],"about":[{"href":"https:\/\/www.leaplytics.de\/ro\/wp-json\/wp\/v2\/types\/page"}],"author":[{"embeddable":true,"href":"https:\/\/www.leaplytics.de\/ro\/wp-json\/wp\/v2\/users\/2"}],"replies":[{"embeddable":true,"href":"https:\/\/www.leaplytics.de\/ro\/wp-json\/wp\/v2\/comments?post=14480"}],"version-history":[{"count":1,"href":"https:\/\/www.leaplytics.de\/ro\/wp-json\/wp\/v2\/pages\/14480\/revisions"}],"predecessor-version":[{"id":14481,"href":"https:\/\/www.leaplytics.de\/ro\/wp-json\/wp\/v2\/pages\/14480\/revisions\/14481"}],"wp:attachment":[{"href":"https:\/\/www.leaplytics.de\/ro\/wp-json\/wp\/v2\/media?parent=14480"}],"curies":[{"name":"wp","href":"https:\/\/api.w.org\/{rel}","templated":true}]}}