{"id":14494,"date":"2025-12-19T01:58:49","date_gmt":"2025-12-19T00:58:49","guid":{"rendered":"https:\/\/www.leaplytics.de\/?page_id=14494"},"modified":"2025-12-19T01:58:49","modified_gmt":"2025-12-19T00:58:49","slug":"raportare-operationala-analiza-ai","status":"publish","type":"page","link":"https:\/\/www.leaplytics.de\/ro\/raportare-operationala-analiza-ai\/","title":{"rendered":"Raportare opera\u021bional\u0103 \u0219i analiz\u0103 AI"},"content":{"rendered":"<h2>Inteligen\u021ba artificial\u0103 pentru raportare \u0219i analiz\u0103 opera\u021bional\u0103<\/h2>\n\n<p>Nu po\u021bi \u00eembun\u0103t\u0103\u021bi ceea ce nu po\u021bi vedea. Dar s\u0103 vezi ce se \u00eent\u00e2mpl\u0103 \u00een opera\u021biuni? Este mai greu dec\u00e2t ar trebui s\u0103 fie.<\/p>\n<p>Datele tr\u0103iesc \u00een zece sisteme diferite. ERP. WMS. MES. Sisteme de calitate. Foi de calcul. Senzori IoT. Fiecare cu propriul s\u0103u format. Accesul propriu. Propriile sale ciud\u0103\u021benii.<\/p>\n<p>Echipa dvs. de opera\u021biuni petrece ore \u00eentregi adun\u00e2nd date. Crearea de rapoarte. Actualizarea tablourilor de bord. P\u00e2n\u0103 c\u00e2nd raportul este gata, situa\u021bia s-a schimbat.<\/p>\n<p>\u0218i chiar \u0219i cu rapoarte, lucrurile importante sunt \u00eengropate. Care KPI conteaz\u0103? Care sunt tendin\u021bele gre\u0219ite? Unde sunt blocajele? Acest lucru necesit\u0103 analiz\u0103 - mai mult timp pe care echipa dvs. nu \u00eel are.<\/p>\n<p>AI poate consolida datele \u00een mod automat. Urm\u0103ri\u021bi parametrii \u00een timp real. Identifica\u021bi problemele din timp. Explica\u021bi ce se \u00eent\u00e2mpl\u0103 \u0219i de ce.<\/p>\n<p>Echipa dvs. ob\u021bine vizibilitate f\u0103r\u0103 munca manual\u0103. Ei \u00ee\u0219i petrec timpul folosind informa\u021biile, nu adun\u00e2ndu-le.<\/p>\n\n\n<hr class=\"wp-block-separator has-alpha-channel-opacity\"\/>\n\n\n\n<h3 class=\"wp-block-heading\">De ce raportarea opera\u021bional\u0103 este at\u00e2t de dificil\u0103<\/h3>\n\n\n<p>Datele exist\u0103. Dar sunt fragmentate:<\/p>\n<ul>\n<li>Datele comenzii \u00een ERP<\/li>\n<li>Date de inventar \u00een WMS<\/li>\n<li>Date de produc\u021bie \u00een MES<\/li>\n<li>Date de calitate \u00een sistemul calit\u0103\u021bii<\/li>\n<li>Date despre echipamente de la senzorii IoT<\/li>\n<li>Date de expediere de la TMS<\/li>\n<li>Feedback-ul clien\u021bilor \u00eempr\u0103\u0219tiat \u00een mai multe sisteme<\/li>\n<\/ul>\n\n<p>Fiecare sistem a fost conceput pentru tranzac\u021bii, nu pentru raportare. Ob\u021binerea unei imagini complete \u00eenseamn\u0103 extragerea datelor de pretutindeni, normalizarea formatelor, gestionarea neconcordan\u021belor.<\/p>\n<p>Anali\u0219tii dvs. petrec mai mult timp prelucr\u00e2nd date dec\u00e2t analiz\u00e2ndu-le.<\/p>\n<p>Iar rapoartele statice nu ajut\u0103 prea mult. Vre\u021bi s\u0103 \u0219ti\u021bi ce se \u00eent\u00e2mpl\u0103 acum, nu ce s-a \u00eent\u00e2mplat ieri. Vre\u021bi s\u0103 aprofunda\u021bi problemele, nu doar s\u0103 vede\u021bi c\u0103 exist\u0103 probleme.<\/p>\n<p>P\u00e2n\u0103 c\u00e2nd cineva construie\u0219te manual analiza de care ave\u021bi nevoie, momentul a trecut.<\/p>\n\n\n<hr class=\"wp-block-separator has-alpha-channel-opacity\"\/>\n\n\n\n<h3 class=\"wp-block-heading\">Ce face IA pentru raportarea \u0219i analiza opera\u021bional\u0103<\/h3>\n\n\n<p>AI integreaz\u0103 date de pretutindeni. Monitorizeaz\u0103 \u00een permanen\u021b\u0103 KPI-urile. Identific\u0103 automat problemele. Explic\u0103 ce se \u00eent\u00e2mpl\u0103 \u00eentr-un limbaj simplu.<\/p>\n\n\n<h4 class=\"wp-block-heading\">Consolidarea automat\u0103 a datelor<\/h4>\n\n\n<p>AI extrage automat date din toate sistemele opera\u021bionale:<\/p>\n<ul>\n<li>Se conecteaz\u0103 la ERPs, WMS, MES, sisteme de calitate, platforme IoT<\/li>\n<li>Gestioneaz\u0103 formate \u0219i structuri de date diferite<\/li>\n<li>Normalizeaz\u0103 \u0219i reconciliaz\u0103 datele (potrivirea comenzilor \u00eentre sisteme, corelarea loturilor cu expedierile)<\/li>\n<li>Actualiz\u0103ri continue, nu \u00een lucr\u0103ri pe loturi<\/li>\n<li>Completeaz\u0103 lacunele \u0219i gestioneaz\u0103 inteligent datele lips\u0103<\/li>\n<\/ul>\n\n<p>O vizualizare unificat\u0103 a opera\u021biunilor. Nu zece sisteme pe care trebuie s\u0103 le asambla\u021bi manual.<\/p>\n<p>Echipa dvs. vede informa\u021bii complete f\u0103r\u0103 a mai c\u0103uta prin mai multe sisteme.<\/p>\n\n\n<h4 class=\"wp-block-heading\">Urm\u0103rirea KPI \u00een timp real<\/h4>\n\n\n<p>Care sunt parametrii care conteaz\u0103 cu adev\u0103rat? Cele care indic\u0103 s\u0103n\u0103tatea opera\u021bional\u0103:<\/p>\n<ul>\n<li><strong>Livrare la timp:<\/strong> V\u0103 \u00eendeplini\u021bi angajamentele fa\u021b\u0103 de clien\u021bi?<\/li>\n<li><strong>Randament:<\/strong> C\u00e2t de mult produce\u021bi \u00een raport cu capacitatea?<\/li>\n<li><strong>Durata ciclului:<\/strong> C\u00e2t dureaz\u0103 de la comand\u0103 p\u00e2n\u0103 la livrare?<\/li>\n<li><strong>Randamentul la prima trecere:<\/strong> Ce procent din produs este corect de prima dat\u0103?<\/li>\n<li><strong>OEE (Overall Equipment Effectiveness):<\/strong> Ma\u0219inile func\u021bioneaz\u0103 bine?<\/li>\n<li><strong>Rota\u021bia stocurilor:<\/strong> C\u00e2t de eficient utiliza\u021bi capitalul de lucru?<\/li>\n<li><strong>Cost pe unitate:<\/strong> C\u00e2t cost\u0103 de fapt produc\u021bia?<\/li>\n<\/ul>\n\n<p>Inteligen\u021ba artificial\u0103 le monitorizeaz\u0103 continuu. Nu cifrele de ieri - chiar acum. C\u00e2nd indicatorii KPI sunt \u00een deriv\u0103, \u0219ti\u021bi imediat.<\/p>\n<p>Tablourile de bord se actualizeaz\u0103 \u00een timp real. Managerii dvs. v\u0103d starea curent\u0103 dintr-o privire. Nu mai trebuie s\u0103 a\u0219tepta\u021bi raportul zilnic.<\/p>\n\n\n<h4 class=\"wp-block-heading\">Identificarea automat\u0103 a blocajelor<\/h4>\n\n\n<p>Unde este constr\u00e2ngerea? Ce \u00eencetine\u0219te lucrurile? Unde se \u00eengr\u0103m\u0103desc lucrurile?<\/p>\n<p>AI analizeaz\u0103 fluxul opera\u021bional:<\/p>\n<ul>\n<li>Unde se formeaz\u0103 cozi de munc\u0103 (indic\u00e2nd constr\u00e2ngeri de capacitate)<\/li>\n<li>Care procese au cele mai lungi durate de ciclu<\/li>\n<li>Unde varia\u021bia este cea mai mare (inconsecven\u021ba indic\u0103 probleme)<\/li>\n<li>Care sunt resursele cele mai utilizate (poten\u021biale blocaje)<\/li>\n<li>Unde e\u0219ueaz\u0103 transferurile (\u00eentreruperea procesului)<\/li>\n<\/ul>\n\n<p>Indic\u0103 direct problema. Nu \"debitul a sc\u0103zut cu 8%\", ci \"debitul a sc\u0103zut cu 8%, deoarece sta\u021bia 3 func\u021bioneaz\u0103 cu 15% mai lent dec\u00e2t \u00een mod normal din cauza timpului de inactivitate crescut\".<\/p>\n<p>Echipa dvs. \u0219tie unde s\u0103 se concentreze. Nu ghicitul - privirea la analiza bazat\u0103 pe date.<\/p>\n\n\n<h4 class=\"wp-block-heading\">Explica\u021bia diferen\u021bei de performan\u021b\u0103<\/h4>\n\n\n<p>Atunci c\u00e2nd performan\u021ba se modific\u0103, trebuie s\u0103 \u0219ti\u021bi de ce. A crescut cererea? Echipamentul a \u00eencetinit? Problemele de calitate cauzeaz\u0103 refaceri? Mix de produse diferit?<\/p>\n<p>AI face leg\u0103tura \u00eentre schimb\u0103rile de performan\u021b\u0103 \u0219i cauzele acestora:<\/p>\n<ul>\n<li>\"Produc\u021bia a sc\u0103zut cu 12% deoarece Ma\u0219ina 5 a avut un timp de oprire cu 2 ore mai mare dec\u00e2t media, iar problemele de calitate au crescut reprelucrarea cu 18 minute pe unitate.\"<\/li>\n<li>\"Livrarea la timp a sc\u0103zut de la 94% la 88%, deoarece \u00eent\u00e2rzierile furnizorilor au afectat 15% din comenzi, iar comenzile urgente au crescut cu 22%.\"<\/li>\n<li>\"Costul pe unitate a crescut cu 6% deoarece orele suplimentare au crescut cu 31% pentru a acoperi 2 defec\u021biuni ale echipamentelor.\"<\/li>\n<\/ul>\n\n<p>Nu doar ce s-a schimbat, ci \u0219i de ce s-a schimbat. Echipa dumneavoastr\u0103 abordeaz\u0103 cauzele principale, nu simptomele.<\/p>\n\n\n<h4 class=\"wp-block-heading\">Detectarea \u0219i prognozarea tendin\u021belor<\/h4>\n\n\n<p>Performan\u021ba se \u00eembun\u0103t\u0103\u021be\u0219te sau scade? Problemele mici devin probleme mari? Care este traiectoria?<\/p>\n<p>Inteligen\u021ba artificial\u0103 urm\u0103re\u0219te tendin\u021bele \u00een toate m\u0103sur\u0103torile:<\/p>\n<ul>\n<li>Care KPI-uri se \u00eembun\u0103t\u0103\u021besc sau scad<\/li>\n<li>Dac\u0103 varia\u021bia este \u00een cre\u0219tere (semn de instabilitate a procesului)<\/li>\n<li>Modele sezoniere \u0219i cum se compar\u0103 aceast\u0103 perioad\u0103<\/li>\n<li>Indicatori avansa\u021bi (semne timpurii ale problemelor)<\/li>\n<li>Previziuni privind direc\u021bia \u00een care v\u0103 \u00eendrepta\u021bi dac\u0103 tendin\u021bele actuale continu\u0103<\/li>\n<\/ul>\n\n<p>Vezi problemele c\u00e2nd sunt mici. \u00cenainte s\u0103 devin\u0103 crize. E timpul s\u0103 interveni\u021bi proactiv, nu s\u0103 reac\u021biona\u021bi la dezastre.<\/p>\n\n\n<h4 class=\"wp-block-heading\">Generarea automat\u0103 a rapoartelor<\/h4>\n\n\n<p>Acelea\u0219i rapoarte \u00een fiecare zi. \u00cen fiecare s\u0103pt\u0103m\u00e2n\u0103. \u00cen fiecare lun\u0103. Rapoarte de predare a turelor. Rezumate zilnice ale opera\u021biunilor. Analize s\u0103pt\u0103m\u00e2nale ale performan\u021belor. Rapoarte lunare ale consiliului.<\/p>\n<p>Construirea lor manual\u0103 este anevoioas\u0103. AI le genereaz\u0103 automat:<\/p>\n<ul>\n<li>Rezumate zilnice: Ce s-a \u00eent\u00e2mplat ieri, ce se \u00eent\u00e2mpl\u0103 ast\u0103zi<\/li>\n<li>Rapoarte de tur\u0103: Performan\u021b\u0103 pe tur\u0103, probleme \u00eent\u00e2mpinate, informa\u021bii despre transferuri<\/li>\n<li>Analize s\u0103pt\u0103m\u00e2nale: Tendin\u021be KPI, zone problematice, oportunit\u0103\u021bi de \u00eembun\u0103t\u0103\u021bire<\/li>\n<li>Rapoarte de excep\u021bie: Ce a mers prost \u0219i de ce<\/li>\n<li>Rapoarte personalizate: Indiferent de formatul de care au nevoie p\u0103r\u021bile interesate<\/li>\n<\/ul>\n\n<p>Rapoarte gata atunci c\u00e2nd ave\u021bi nevoie de ele. Nimeni nu petrece ore \u00eentregi compil\u00e2nd informa\u021bii. Format consecvent. Nu pierde\u021bi nimic.<\/p>\n\n\n<h4 class=\"wp-block-heading\">Analiz\u0103 comparativ\u0103<\/h4>\n\n\n<p>Cum se compar\u0103 aceast\u0103 tur\u0103 cu altele? Aceast\u0103 loca\u021bie fa\u021b\u0103 de altele? Aceast\u0103 linie de produse fa\u021b\u0103 de altele?<\/p>\n<p>Inteligen\u021ba artificial\u0103 efectueaz\u0103 automat analize comparative:<\/p>\n<ul>\n<li>Performan\u021ba pe ture (care tur\u0103 func\u021bioneaz\u0103 cel mai bine? de ce?)<\/li>\n<li>Performan\u021ba \u00eentre loca\u021bii (care unitate este cea mai eficient\u0103?)<\/li>\n<li>Performan\u021ba pe produse (care sunt cele mai\/mai pu\u021bin profitabile?)<\/li>\n<li>Performan\u021ba pe perioade de timp (mai bun\u0103\/mai rea dec\u00e2t luna trecut\u0103? anul trecut?)<\/li>\n<\/ul>\n\n<p>\u00cenv\u0103\u021ba\u021bi de la cei mai performan\u021bi. Identifica\u021bi ce fac ei diferit. Replica\u021bi acest lucru \u00een alt\u0103 parte.<\/p>\n<p>G\u0103si\u021bi cei mai slabi performan\u021bi. \u00cen\u021belege\u021bi ce este diferit. Rezolva\u021bi problema.<\/p>\n\n\n<h4 class=\"wp-block-heading\">Cercetarea cauzei principale<\/h4>\n\n\n<p>Indicatorii KPI de nivel \u00eenalt v\u0103 spun c\u0103 exist\u0103 o problem\u0103. Dar ave\u021bi nevoie de detalii pentru a o rezolva.<\/p>\n<p>Inteligen\u021ba artificial\u0103 permite analiza detaliat\u0103:<\/p>\n<ul>\n<li>Face\u021bi clic pe o m\u0103sur\u0103toare pentru a vedea cauzele subiacente<\/li>\n<li>Trece\u021bi de la agregat (produc\u021bia total\u0103) la specific (ce produse, ce ma\u0219ini, ce schimburi)<\/li>\n<li>Vede\u021bi corela\u021biile (ce altceva s-a schimbat atunci c\u00e2nd s-a schimbat acest parametru?)<\/li>\n<li>Accesarea datelor surs\u0103 (link c\u0103tre anumite comenzi, loturi, tranzac\u021bii)<\/li>\n<\/ul>\n\n<p>De la \"livrarea la timp este 88%\" la \"aceste comenzi specifice au fost \u00eent\u00e2rziate, din aceste motive specifice, implic\u00e2nd ace\u0219ti furnizori specifici \u0219i probleme de produc\u021bie\".<\/p>\n<p>Echipa dvs. investigheaz\u0103 eficient. G\u0103si\u021bi rapid cauzele principale. Implementa\u021bi solu\u021bii bazate pe informa\u021bii complete.<\/p>\n\n\n<h4 class=\"wp-block-heading\">Alerte \u0219i notific\u0103ri<\/h4>\n\n\n<p>Nu v\u0103 pute\u021bi uita toat\u0103 ziua la tablourile de bord. AI vegheaz\u0103 pentru tine:<\/p>\n<ul>\n<li>KPI scade sub prag - alert\u0103 trimis\u0103<\/li>\n<li>Tendin\u021ba indic\u0103 apropierea unei probleme - avertizare emis\u0103<\/li>\n<li>Model neobi\u0219nuit detectat-notificare declan\u0219at\u0103<\/li>\n<li>Apare o problem\u0103 critic\u0103 - escaladarea este trimis\u0103 persoanei corespunz\u0103toare<\/li>\n<\/ul>\n\n<p>Alerte inteligente, nu zgomot constant. Doar atunci c\u00e2nd ceva chiar necesit\u0103 aten\u021bie. Cu context, astfel \u00eenc\u00e2t s\u0103 \u0219ti\u021bi ce este gre\u0219it \u0219i unde s\u0103 c\u0103uta\u021bi.<\/p>\n<p>Echipa dvs. reac\u021bioneaz\u0103 proactiv la probleme. Nu le descoper\u0103 ore mai t\u00e2rziu \u00een rapoarte.<\/p>\n\n\n<hr class=\"wp-block-separator has-alpha-channel-opacity\"\/>\n\n\n\n<h3 class=\"wp-block-heading\">Ce \u00eenseamn\u0103 acest lucru pentru dvs.<\/h3>\n\n\n\n<h4 class=\"wp-block-heading\">Pentru COO \u0219i liderii de opera\u021biuni<\/h4>\n\n\n<p><strong>Vizibilitate real\u0103 a opera\u021biunilor.<\/strong> Vede\u021bi ce se \u00eent\u00e2mpl\u0103 de fapt, nu ce cred oamenii c\u0103 se \u00eent\u00e2mpl\u0103. Imagine complet\u0103 \u00een toate sistemele.<\/p>\n\n<p><strong>Decizii bazate pe date.<\/strong> Nu intui\u021bii. Nu anecdote. Fapte despre ce func\u021bioneaz\u0103 \u0219i ce nu.<\/p>\n\n<p><strong>Detectarea timpurie a problemelor.<\/strong> Prinde\u021bi problemele c\u00e2nd sunt mici. \u00cenainte ca acestea s\u0103 afecteze clien\u021bii sau s\u0103 creasc\u0103 costurile.<\/p>\n\n<p><strong>Responsabilitatea privind performan\u021ba.<\/strong> Metrici clare \u00een func\u021bie de tur\u0103, loca\u021bie, produs. Afla\u021bi cine este performant \u0219i cine are nevoie de ajutor.<\/p>\n\n<p><strong>Perspective strategice.<\/strong> \u00cen\u021belege\u021bi constr\u00e2ngerile. Vede\u021bi oportunit\u0103\u021bile de \u00eembun\u0103t\u0103\u021bire. Lua\u021bi decizii de investi\u021bii \u00een cuno\u0219tin\u021b\u0103 de cauz\u0103.<\/p>\n\n\n<h4 class=\"wp-block-heading\">Pentru directorii de opera\u021biuni<\/h4>\n\n\n<p><strong>Nu mai crea\u021bi rapoarte manual.<\/strong> AI se ocup\u0103 de colectarea \u0219i compilarea datelor. Tu te concentrezi pe analiz\u0103 \u0219i ac\u021biune.<\/p>\n\n<p><strong>Afla\u021bi ce se \u00eent\u00e2mpl\u0103 acum.<\/strong> Tablouri de bord \u00een timp real. Nu cifrele de ieri - starea actual\u0103.<\/p>\n\n<p><strong>\u00cen\u021belege\u021bi de ce se modific\u0103 performan\u021ba.<\/strong> Nu doar \"debitul a sc\u0103zut\", ci \u0219i de ce a sc\u0103zut debitul \u0219i ce este de f\u0103cut \u00een aceast\u0103 privin\u021b\u0103.<\/p>\n\n<p><strong>Identifica\u021bi din timp tendin\u021bele.<\/strong> Vede\u021bi cum apar problemele \u00eenainte ca acestea s\u0103 devin\u0103 crize. Este timpul s\u0103 interveni\u021bi proactiv.<\/p>\n\n<p><strong>Sap\u0103 rapid \u00een detalii.<\/strong> De la KPI de nivel \u00eenalt la cauza principal\u0103 specific\u0103 \u00een c\u00e2teva secunde. Investiga\u021bi eficient.<\/p>\n\n\n<h4 class=\"wp-block-heading\">Pentru anali\u0219ti \u0219i echipe BI<\/h4>\n\n\n<p><strong>Mai pu\u021bin timp alocat prelucr\u0103rii datelor.<\/strong> AI se ocup\u0103 de integrare \u0219i consolidare. Tu te concentrezi pe analiz\u0103.<\/p>\n\n<p><strong>Rapoarte de rutin\u0103 automatizate.<\/strong> Rapoarte zilnice\/s\u0103pt\u0103m\u00e2nale\/lunare generate automat. Timp pentru o analiz\u0103 mai aprofundat\u0103.<\/p>\n\n<p><strong>Instrumente mai bune pentru investiga\u021bii.<\/strong> Analiza bazat\u0103 pe inteligen\u021b\u0103 artificial\u0103 v\u0103 ajut\u0103 s\u0103 g\u0103si\u021bi mai rapid modele \u0219i cauze.<\/p>\n\n<p><strong>Mai mult timp pentru activitatea strategic\u0103.<\/strong> Mai pu\u021bin\u0103 stingere a incendiilor. Mai mult\u0103 \u00eembun\u0103t\u0103\u021bire a proceselor \u0219i analiz\u0103 predictiv\u0103.<\/p>\n\n\n<h4 class=\"wp-block-heading\">Pentru afaceri<\/h4>\n\n\n<p><strong>Performan\u021be opera\u021bionale mai bune.<\/strong> \u00cembun\u0103t\u0103\u021bi\u021bi ceea ce pute\u021bi vedea \u0219i m\u0103sura. Vizibilitatea complet\u0103 determin\u0103 \u00eembun\u0103t\u0103\u021birea.<\/p>\n\n<p><strong>Rezolvarea mai rapid\u0103 a problemelor.<\/strong> Detecta\u021bi problemele la timp. \u00cen\u021belege\u021bi rapid cauzele. Rezolva\u021bi problemele \u00eenainte ca acestea s\u0103 se \u00eenmul\u021beasc\u0103.<\/p>\n\n<p><strong>\u00cembun\u0103t\u0103\u021birea bazat\u0103 pe dovezi.<\/strong> \u0218ti\u021bi unde eforturile de \u00eembun\u0103t\u0103\u021bire vor avea cel mai mare impact. Investi\u021bi resursele cu \u00een\u021belepciune.<\/p>\n\n<p><strong>Avantaj concuren\u021bial.<\/strong> Opera\u021biunile care \u00eenva\u021b\u0103 \u0219i se \u00eembun\u0103t\u0103\u021besc mai rapid dec\u00e2t concuren\u021bii c\u00e2\u0219tig\u0103.<\/p>\n\n\n<hr class=\"wp-block-separator has-alpha-channel-opacity\"\/>\n\n\n\n<h3 class=\"wp-block-heading\">Ce nu poate face inteligen\u021ba artificial\u0103<\/h3>\n\n\n<p>IA ofer\u0103 vizibilitate \u0219i analiz\u0103. Ea nu \u00eenlocuie\u0219te ra\u021bionamentul opera\u021bional:<\/p>\n\n<p><strong>Deciderea a ceea ce trebuie m\u0103surat.<\/strong> AI urm\u0103re\u0219te indicatorii cheie de performan\u021b\u0103 pe care \u00eei defini\u021bi. S\u0103 decizi ce indicatori conteaz\u0103 cu adev\u0103rat pentru afacerea ta? Asta \u021bine de g\u00e2ndirea strategic\u0103, nu de inteligen\u021ba artificial\u0103.<\/p>\n\n<p><strong>Interpretarea contextului.<\/strong> Cifrele au nevoie de context. De ce aceast\u0103 abatere este acceptabil\u0103, dar cealalt\u0103 nu este. De ce aceast\u0103 excep\u021bie este strategic\u0103, dar aceea este o problem\u0103. Judecata uman\u0103.<\/p>\n\n<p><strong>Luarea de decizii de compromis.<\/strong> Tabloul de bord arat\u0103 o problem\u0103. O rezolva\u021bi prin ad\u0103ugarea de capacitate? Schimb\u00e2nd procesul? Accept\u00e2nd performan\u021be mai sc\u0103zute? Este o alegere strategic\u0103, nu un calcul.<\/p>\n\n<p><strong>Rezolvarea problemelor pe care le identific\u0103.<\/strong> Inteligen\u021ba artificial\u0103 identific\u0103 blocajele \u0219i problemele. Rezolvarea acestora necesit\u0103 expertiz\u0103 opera\u021bional\u0103 \u0219i gestionarea schimb\u0103rilor.<\/p>\n\n<p><strong>\u00cen\u021belegerea nevoilor p\u0103r\u021bilor interesate.<\/strong> De ce informa\u021bii are nevoie consiliul de administra\u021bie? De ce au nevoie supraveghetorii din prima linie? Audien\u021be diferite au nevoie de rapoarte diferite. AI genereaz\u0103 rapoarte; dumneavoastr\u0103 defini\u021bi cerin\u021bele.<\/p>\n\n<p>G\u00e2ndi\u021bi-v\u0103 la inteligen\u021ba artificial\u0103 ca la o cunoa\u0219tere perfect\u0103 a informa\u021biilor. Echipa dvs. furnizeaz\u0103 \u00een continuare inteligen\u021ba opera\u021bional\u0103 pentru a utiliza aceste informa\u021bii \u00een mod eficient.<\/p>\n\n\n<hr class=\"wp-block-separator has-alpha-channel-opacity\"\/>\n\n\n\n<h3 class=\"wp-block-heading\">No\u021biuni introductive privind analiza opera\u021bional\u0103<\/h3>\n\n\n<p>\u00cencepe\u021bi acolo unde lacunele \u00een materie de informa\u021bii afecteaz\u0103 cel mai mult:<\/p>\n\n<p><strong>Nu exist\u0103 o imagine consolidat\u0103 a opera\u021biunilor?<\/strong> \u00cencepe\u021bi cu integrarea datelor. Un singur tablou de bord care prezint\u0103 parametrii cheie din toate sistemele.<\/p>\n\n<p><strong>Nu \u0219ti\u021bi unde sunt blocajele?<\/strong> \u00cencepe\u021bi cu analiza fluxului. Identifica\u021bi sistematic constr\u00e2ngerile.<\/p>\n\n<p><strong>Petrece\u021bi prea mult timp pe rapoarte manuale?<\/strong> Automatiza\u021bi mai \u00eent\u00e2i rapoartele care v\u0103 consum\u0103 cel mai mult timp. C\u00e2\u0219tiguri rapide \u00een ceea ce prive\u0219te productivitatea.<\/p>\n\n<p><strong>Nu pute\u021bi urm\u0103ri performan\u021ba \u00een timp real?<\/strong> \u00cencepe\u021bi cu tablourile de bord KPI. Vizibilitate \u00een timp real \u00een ceea ce conteaz\u0103 cel mai mult.<\/p>\n\n<p>Nu trebuie s\u0103 construi\u021bi o platform\u0103 analitic\u0103 complet\u0103 \u00een prima zi. \u00cencepe\u021bi cu cea mai mare problem\u0103 legat\u0103 de informa\u021bii. Demonstra\u021bi valoarea. Extinde\u021bi-v\u0103 de acolo.<\/p>\n\n\n<hr class=\"wp-block-separator has-alpha-channel-opacity\"\/>\n\n\n\n<h3 class=\"wp-block-heading\">Linia de fund<\/h3>\n\n\n<p>Opera\u021biunile genereaz\u0103 cantit\u0103\u021bi masive de date. Dar datele \u00eempr\u0103\u0219tiate prin sisteme nu sunt utile. Sunt zgomot.<\/p>\n\n<p>IA transform\u0103 datele \u00een informa\u021bii. Consolideaz\u0103 totul. Urm\u0103re\u0219te ceea ce conteaz\u0103. Identific\u0103 problemele. Explic\u0103 cauzele. Totul \u00een mod automat.<\/p>\n\n<p>Echipa dvs. ob\u021bine vizibilitate f\u0103r\u0103 munca manual\u0103. Ea vede problemele din timp. \u00cen\u021beleg cauzele principale. Ia decizii mai bune mai repede.<\/p>\n\n<p>Rezultatul? Opera\u021biuni care \u00eenva\u021b\u0103 \u0219i se \u00eembun\u0103t\u0103\u021besc continuu. Probleme depistate din timp. Resurse concentrate acolo unde conteaz\u0103 cel mai mult. Management bazat pe fapte, nu pe sentimente.<\/p>\n\n<p>Aceasta este ceea ce ofer\u0103 inteligen\u021ba artificial\u0103 pentru raportarea \u0219i analizele opera\u021bionale. Nu \u00eenlocuie\u0219te expertiza opera\u021bional\u0103, ci o face mai eficient\u0103 prin informa\u021bii mai bune.<\/p>\n\n\n<hr class=\"wp-block-separator has-alpha-channel-opacity\"\/>\n\n\n\n<h3 class=\"wp-block-heading\">Sunte\u021bi gata s\u0103 v\u0103 vede\u021bi clar opera\u021biunile?<\/h3>\n\n\n<p>Fiecare opera\u021biune are nevoi diferite \u00een materie de informa\u021bii. Sistemele, metricile \u0219i priorit\u0103\u021bile sunt unice pentru afacerea dumneavoastr\u0103.<\/p>\n\n<p>Noi nu vindem tablouri de bord BI generice. Ne uit\u0103m la situa\u021bia dvs. specific\u0103. De ce informa\u021bii ave\u021bi nevoie, dar nu le ave\u021bi? Unde sunt silozurile de date? Ce rapoarte necesit\u0103 prea mult timp pentru a fi create?<\/p>\n\n<p>Apoi construim analize care se potrivesc opera\u021biunii dvs. Integrate cu sistemele dumneavoastr\u0103. Urm\u0103rirea KPI-urilor dvs. R\u0103spunde \u00eentreb\u0103rilor dumneavoastr\u0103. Nu ideea altcuiva despre ceea ce ar trebui s\u0103 m\u0103sura\u021bi, ci ceea ce trebuie s\u0103 \u0219ti\u021bi de fapt.<\/p>\n\n<p><a href=\"https:\/\/www.leaplytics.de\/ro\/kontakt\/\">Discuta\u021bi cu noi despre nevoile dvs. de raportare<\/a><\/p>\n\n<p><a href=\"https:\/\/www.leaplytics.de\/ro\/operatiuni-ai\/\">\u00cenapoi la Opera\u021biuni AI<\/a><\/p>","protected":false},"excerpt":{"rendered":"<p>AI for Operational Reporting &#038; Analytics You can&#8217;t improve what you can&#8217;t see. But seeing what&#8217;s happening in operations? That&#8217;s harder than it should be. Data lives in ten different systems. ERP. WMS. MES. Quality systems. Spreadsheets. IoT sensors. Each with its own format. Its own access. Its own quirks. Your operations team spends hours &hellip; <\/p>","protected":false},"author":2,"featured_media":0,"parent":0,"menu_order":0,"comment_status":"closed","ping_status":"closed","template":"","meta":{"footnotes":""},"class_list":["post-14494","page","type-page","status-publish","hentry","latest_post"],"_links":{"self":[{"href":"https:\/\/www.leaplytics.de\/ro\/wp-json\/wp\/v2\/pages\/14494","targetHints":{"allow":["GET"]}}],"collection":[{"href":"https:\/\/www.leaplytics.de\/ro\/wp-json\/wp\/v2\/pages"}],"about":[{"href":"https:\/\/www.leaplytics.de\/ro\/wp-json\/wp\/v2\/types\/page"}],"author":[{"embeddable":true,"href":"https:\/\/www.leaplytics.de\/ro\/wp-json\/wp\/v2\/users\/2"}],"replies":[{"embeddable":true,"href":"https:\/\/www.leaplytics.de\/ro\/wp-json\/wp\/v2\/comments?post=14494"}],"version-history":[{"count":1,"href":"https:\/\/www.leaplytics.de\/ro\/wp-json\/wp\/v2\/pages\/14494\/revisions"}],"predecessor-version":[{"id":14498,"href":"https:\/\/www.leaplytics.de\/ro\/wp-json\/wp\/v2\/pages\/14494\/revisions\/14498"}],"wp:attachment":[{"href":"https:\/\/www.leaplytics.de\/ro\/wp-json\/wp\/v2\/media?parent=14494"}],"curies":[{"name":"wp","href":"https:\/\/api.w.org\/{rel}","templated":true}]}}