{"id":14495,"date":"2025-12-19T01:58:56","date_gmt":"2025-12-19T00:58:56","guid":{"rendered":"https:\/\/www.leaplytics.de\/?page_id=14495"},"modified":"2025-12-19T01:58:57","modified_gmt":"2025-12-19T00:58:57","slug":"automatizarea-proceselor-workflow-ai","status":"publish","type":"page","link":"https:\/\/www.leaplytics.de\/ro\/automatizarea-proceselor-workflow-ai\/","title":{"rendered":"Automatizarea proceselor \u0219i fluxul de lucru AI"},"content":{"rendered":"<h2>Inteligen\u021ba artificial\u0103 pentru automatizarea proceselor \u0219i fluxul de lucru<\/h2>\n\n<p>Opera\u021biunile func\u021bioneaz\u0103 pe baza proceselor. De la comand\u0103 la \u00eendeplinire. De la cerere la solu\u021bionare. De la sarcin\u0103 la finalizare. Totul urmeaz\u0103 pa\u0219i.<\/p>\n<p>Atunci c\u00e2nd procesele func\u021bioneaz\u0103 f\u0103r\u0103 probleme, lucrurile curg. Atunci c\u00e2nd nu func\u021bioneaz\u0103, totul se blocheaz\u0103. Sarcinile se adun\u0103. Transferurile e\u0219ueaz\u0103. Oamenii pierd timpul \u00eentreb\u00e2nd \"unde este asta?\" \u0219i \"cine are aia?\"<\/p>\n<p>Majoritatea problemelor legate de procese nu sunt cauzate de faptul c\u0103 oamenilor nu le pas\u0103. Ele se datoreaz\u0103 faptului c\u0103 procesele sunt manuale. Cineva trebuie s\u0103 trimit\u0103 asta. Cineva trebuie s\u0103 aprobe asta. Cineva trebuie s\u0103 verifice dac\u0103 pasul anterior a fost finalizat.<\/p>\n<p>IA poate automatiza p\u0103r\u021bile de rutin\u0103. Nu \u00eenlocuie\u0219te judecata uman\u0103, ci doar se ocup\u0103 de munca bazat\u0103 pe reguli care nu are nevoie de ea.<\/p>\n<p>Echipa dvs. nu mai urm\u0103re\u0219te procesul \u0219i \u00eencepe s\u0103 rezolve problemele.<\/p>\n\n\n<hr class=\"wp-block-separator has-alpha-channel-opacity\"\/>\n\n\n\n<h3 class=\"wp-block-heading\">De ce se defecteaz\u0103 procesele manuale<\/h3>\n\n\n<p>Ave\u021bi SOP-uri. Proceduri documentate. Pa\u0219i clari pentru modul \u00een care ar trebui s\u0103 func\u021bioneze lucrurile.<\/p>\n<p>Dar execu\u021bia este manual\u0103. Cineva prime\u0219te o cerere. \u00ce\u0219i dau seama cine ar trebui s\u0103 se ocupe de ea. Ei o trimit. Urm\u0103ri\u021bi pentru a v\u0103 asigura c\u0103 s-a \u00eent\u00e2mplat.<\/p>\n<p>C\u00e2nd volumul este sc\u0103zut, acest lucru func\u021bioneaz\u0103. C\u00e2nd volumul este mare, lucrurile cad prin fisuri:<\/p>\n<ul>\n<li>Sarcini direc\u021bionate c\u0103tre echipa gre\u0219it\u0103<\/li>\n<li>Aprob\u0103ri care a\u0219teapt\u0103 \u00een inbox-ul cuiva care nu este la birou<\/li>\n<li>Pa\u0219i s\u0103ri\u021bi deoarece nimeni nu a verificat finalizarea<\/li>\n<li>Excep\u021biile nu sunt detectate dec\u00e2t prea t\u00e2rziu<\/li>\n<li>Nimeni nu \u0219tie unde se afl\u0103 ceva \u00een proces<\/li>\n<\/ul>\n\n<p>Echipa dumneavoastr\u0103 petrece mai mult timp coordon\u00e2nd dec\u00e2t execut\u00e2nd. \u00cent\u00e2lniri pentru a urm\u0103ri situa\u021bia. Email-uri pentru actualiz\u0103ri. Escalad\u0103ri pentru c\u0103 ceva s-a blocat.<\/p>\n<p>Nu pentru c\u0103 oamenii nu sunt buni \u00een meseria lor. Pentru c\u0103 coordonarea manual\u0103 nu are amploare.<\/p>\n\n\n<hr class=\"wp-block-separator has-alpha-channel-opacity\"\/>\n\n\n\n<h3 class=\"wp-block-heading\">Ce face AI pentru automatizarea proceselor<\/h3>\n\n\n<p>Inteligen\u021ba artificial\u0103 se ocup\u0103 de luarea deciziilor de rutin\u0103 \u00een cadrul proceselor dumneavoastr\u0103. Aplic\u0103 regulile instantaneu. Direc\u021bioneaz\u0103 corect activitatea. Monitorizeaz\u0103 progresul. Prinde excep\u021biile.<\/p>\n<p>Echipa dvs. se concentreaz\u0103 pe activitatea \u00een sine, nu pe coordonarea din jurul acesteia.<\/p>\n\n\n<h4 class=\"wp-block-heading\">Rutare inteligent\u0103 a sarcinilor<\/h4>\n\n\n<p>Se prime\u0219te o nou\u0103 comand\u0103. Unde se duce? Care depozit? C\u0103rei echipe? Depinde de loca\u021bie, tipul de produs, nivelul stocurilor, capacitatea echipei.<\/p>\n<p>Manual, cineva trebuie s\u0103 se uite la toate acestea \u0219i s\u0103 decid\u0103. Cu AI, se \u00eent\u00e2mpl\u0103 instantaneu:<\/p>\n<ul>\n<li>Analizeaz\u0103 detaliile cererii<\/li>\n<li>Verific\u0103 volumul de munc\u0103 actual \u00een cadrul echipelor<\/li>\n<li>ia \u00een considerare competen\u021bele \u0219i certific\u0103rile necesare<\/li>\n<li>Factori de localizare \u0219i logistic\u0103<\/li>\n<li>Rute c\u0103tre echipa optim\u0103<\/li>\n<\/ul>\n\n<p>Nu doar mai rapid, ci \u0219i mai consistent. Aceea\u0219i logic\u0103 se aplic\u0103 de fiecare dat\u0103. Nu exist\u0103 varia\u021bii \u00een func\u021bie de cine s-a ocupat de ea.<\/p>\n<p>Cazuri speciale? Inteligen\u021ba artificial\u0103 le semnaleaz\u0103 pentru a fi direc\u021bionate de un om. Dar cazurile de rutin\u0103 (care sunt majoritatea cazurilor) sunt preluate automat.<\/p>\n\n\n<h4 class=\"wp-block-heading\">Gestionarea inteligent\u0103 a aprob\u0103rilor<\/h4>\n\n\n<p>Aprob\u0103rile \u00eencetinesc totul. Fiecare achizi\u021bie trebuie aprobat\u0103. Fiecare excep\u021bie trebuie aprobat\u0103. Fiecare modificare trebuie revizuit\u0103.<\/p>\n<p>Dar majoritatea sunt de rutin\u0103. Cerere standard \u00een cadrul politicii? Ar trebui aprobat\u0103 automat. Cerere neobi\u0219nuit\u0103 \u00een afara parametrilor? Ar trebui direc\u021bionat\u0103 c\u0103tre persoana care trebuie s\u0103 o aprobe, cu tot contextul.<\/p>\n<p>AI gestioneaz\u0103 logica de aprobare:<\/p>\n<ul>\n<li>Cereri standard \u00een cadrul pragurilor: aprobate automat cu jurnal de audit<\/li>\n<li>Cereri care necesit\u0103 revizuire: direc\u021bionate c\u0103tre nivelul corespunz\u0103tor \u00een func\u021bie de sum\u0103, tip, risc<\/li>\n<li>Solicit\u0103ri complexe: escaladate cu contextul \u0219i istoricul complet<\/li>\n<li>Aprob\u0103ri blocate: auto-escaladate dac\u0103 stau prea mult<\/li>\n<\/ul>\n\n<p>Managerii dvs. \u00ee\u0219i dedic\u0103 timpul deciziilor care necesit\u0103 o judecat\u0103. Nu pentru a \u0219tampila cereri de rutin\u0103.<\/p>\n<p>\u0218i atunci c\u00e2nd cineva este \u00een afara serviciului? Inteligen\u021ba artificial\u0103 direc\u021bioneaz\u0103 c\u0103tre persoana de rezerv\u0103. Nu exist\u0103 solicit\u0103ri blocate \u00een a\u0219teptarea cuiva aflat \u00een concediu.<\/p>\n\n\n<h4 class=\"wp-block-heading\">Monitorizarea proceselor \u00een timp real<\/h4>\n\n\n<p>Unde este totul? Ce este blocat? Ce risc\u0103 s\u0103 nu respecte termenele limit\u0103?<\/p>\n<p>Inteligen\u021ba artificial\u0103 urm\u0103re\u0219te fiecare sarcin\u0103 \u00een fiecare etap\u0103. Nu prin solicitarea de actualiz\u0103ri de la oameni, ci prin monitorizarea automat\u0103 a sistemelor. Ea \u0219tie:<\/p>\n<ul>\n<li>Ce este \u00een desf\u0103\u0219urare \u0219i cine lucreaz\u0103 la acest lucru<\/li>\n<li>Ce a\u0219teapt\u0103 (\u0219i de c\u00e2t timp a\u0219teapt\u0103)<\/li>\n<li>Ce se apropie de termenele limit\u0103<\/li>\n<li>Unde se formeaz\u0103 blocajele<\/li>\n<li>Care procese ruleaz\u0103 mai lent dec\u00e2t \u00een mod normal<\/li>\n<\/ul>\n\n<p>Tabloul de bord arat\u0103 starea \u00een timp real. Nu rapoarte \"de ieri\" - chiar acum. Managerii dvs. \u0219tiu ce are nevoie de aten\u021bie, f\u0103r\u0103 a mai alerga dup\u0103 actualiz\u0103ri.<\/p>\n\n\n<h4 class=\"wp-block-heading\">Detectarea excep\u021biilor care chiar func\u021bioneaz\u0103<\/h4>\n\n\n<p>Excep\u021biile sunt costisitoare. Informa\u021biile din comand\u0103 lipsesc. Etapa dureaz\u0103 mult prea mult. Procedura nu este urmat\u0103 corect. P\u00e2n\u0103 c\u00e2nd cineva observ\u0103, este deja o problem\u0103.<\/p>\n<p>AI detecteaz\u0103 excep\u021biile din timp:<\/p>\n<ul>\n<li><strong>Date lips\u0103:<\/strong> Comanda trimis\u0103 f\u0103r\u0103 c\u00e2mpurile obligatorii? Se semnalizeaz\u0103 imediat, nu atunci c\u00e2nd ajunge la \u00eendeplinire.<\/li>\n<li><strong>Abateri de la proces:<\/strong> Pa\u0219i parcur\u0219i \u00een afara ordinii? Lista de verificare a fost s\u0103rit\u0103? AI observ\u0103.<\/li>\n<li><strong>Probleme de sincronizare:<\/strong> Pasul dureaz\u0103 de 3 ori mai mult dec\u00e2t \u00een mod normal? AI alerteaz\u0103 \u00eenainte ca termenul limit\u0103 s\u0103 fie dep\u0103\u0219it.<\/li>\n<li><strong>Preocup\u0103ri legate de calitate:<\/strong> Rata de eroare cre\u0219te la un anumit proces? Model detectat la timp.<\/li>\n<li><strong>Lacune de conformitate:<\/strong> Lipse\u0219te documenta\u021bia necesar\u0103? Pragul de aprobare dep\u0103\u0219it? Detectat automat.<\/li>\n<\/ul>\n\n<p>Echipa dvs. gestioneaz\u0103 excep\u021biile atunci c\u00e2nd acestea sunt \u00eenc\u0103 mici. \u00cenainte ca acestea s\u0103 apar\u0103 \u00een cascad\u0103. \u00cenainte ca clien\u021bii s\u0103 fie afecta\u021bi.<\/p>\n\n\n<h4 class=\"wp-block-heading\">Verificarea automatizat\u0103 a conformit\u0103\u021bii<\/h4>\n\n\n<p>Fiecare proces are cerin\u021be. Etapele trebuie s\u0103 se desf\u0103\u0219oare \u00een ordine. Documenta\u021bia trebuie s\u0103 fie complet\u0103. Aprob\u0103rile trebuie s\u0103 fie ob\u021binute. Trebuie efectuate verific\u0103ri ale calit\u0103\u021bii.<\/p>\n<p>S\u0103 verifici manual toate acestea? Cineva trebuie s\u0103 fac\u0103 un audit. \u00cen cel mai bun caz, verific\u0103ri prin sondaj. Conformitate prin speran\u021b\u0103.<\/p>\n<p>AI verific\u0103 fiecare instan\u021b\u0103:<\/p>\n<ul>\n<li>A\u021bi finalizat fiecare etap\u0103 necesar\u0103?<\/li>\n<li>A fost respectat\u0103 secven\u021ba corect\u0103?<\/li>\n<li>Documenta\u021bia este complet\u0103 \u0219i exact\u0103?<\/li>\n<li>Au fost ob\u021binute aprob\u0103rile necesare?<\/li>\n<li>Pista de audit arat\u0103 cine ce a f\u0103cut \u0219i c\u00e2nd?<\/li>\n<\/ul>\n\n<p>Proces neconform? Semnalat imediat. Nu descoperit s\u0103pt\u0103m\u00e2ni mai t\u00e2rziu \u00een timpul unui audit. Conformitatea dvs. este real\u0103, nu sperat\u0103.<\/p>\n\n\n<h4 class=\"wp-block-heading\">Analiza performan\u021bei proceselor<\/h4>\n\n\n<p>C\u00e2t dureaz\u0103 de fapt procesele? Unde \u00eencetinesc acestea? Care echipe sunt mai rapide? De ce?<\/p>\n<p>AI urm\u0103re\u0219te parametrii de performan\u021b\u0103 \u00een toate procesele dvs:<\/p>\n<ul>\n<li>Durata ciclului \u00een func\u021bie de tipul de proces<\/li>\n<li>Produc\u021bia pe echip\u0103 \u0219i pe individ<\/li>\n<li>Unde apar \u00eent\u00e2rzierile (ce etape, ce transferuri)<\/li>\n<li>Ratele de eroare \u0219i frecven\u021ba reprelucr\u0103rii<\/li>\n<li>Varia\u021bia (consecven\u021ba conteaz\u0103 la fel de mult ca viteza)<\/li>\n<\/ul>\n\n<p>Vede\u021bi unde trebuie s\u0103 v\u0103 \u00eembun\u0103t\u0103\u021bi\u021bi. Nu ghici\u021bi - v\u0103 uita\u021bi la date. Aceast\u0103 echip\u0103 este \u00een mod constant mai rapid\u0103? Afla\u021bi ce fac diferit. Acest pas este \u00een mod constant lent? Investiga\u021bi de ce.<\/p>\n<p>\u00cembun\u0103t\u0103\u021birea proceselor bazat\u0103 pe fapte, nu pe sentimente.<\/p>\n\n\n<hr class=\"wp-block-separator has-alpha-channel-opacity\"\/>\n\n\n\n<h3 class=\"wp-block-heading\">Ce \u00eenseamn\u0103 acest lucru pentru dvs.<\/h3>\n\n\n\n<h4 class=\"wp-block-heading\">Pentru COO \u0219i liderii de opera\u021biuni<\/h4>\n\n\n<p><strong>Execu\u021bie consecvent\u0103 \u00een toate loca\u021biile.<\/strong> Acelea\u0219i reguli aplicate peste tot. F\u0103r\u0103 varia\u021bii \u00een func\u021bie de cine lucreaz\u0103 sau de c\u00e2t de ocupat este.<\/p>\n\n<p><strong>Opera\u021biuni scalabile.<\/strong> Gestiona\u021bi un volum dublu f\u0103r\u0103 un num\u0103r dublu de angaja\u021bi. Activitatea de coordonare nu se multiplic\u0103 odat\u0103 cu volumul.<\/p>\n\n<p><strong>O mai bun\u0103 conformitate \u0219i piste de audit.<\/strong> Fiecare proces documentat automat. Pista de audit complet\u0103 pentru fiecare tranzac\u021bie. Conformitate prin proiectare, nu prin verificare.<\/p>\n\n<p><strong>Vizibilitate \u00een cadrul opera\u021biunilor.<\/strong> Tablou de bord \u00een timp real a ceea ce se \u00eent\u00e2mpl\u0103. Vede\u021bi formarea blocajelor \u00eenainte ca acestea s\u0103 devin\u0103 crize.<\/p>\n\n<p><strong>Ratele de eroare mai mici.<\/strong> Verificarea automat\u0103 identific\u0103 erorile la timp. Excep\u021biile sunt semnalate \u00eenainte de a cauza probleme.<\/p>\n\n\n<h4 class=\"wp-block-heading\">Pentru directorii de opera\u021biuni<\/h4>\n\n\n<p><strong>Nu mai alerga dup\u0103 actualiz\u0103ri de status.<\/strong> Sistemul urm\u0103re\u0219te totul. Vede\u021bi ce are nevoie de aten\u021bie f\u0103r\u0103 s\u0103 \u00eentreba\u021bi.<\/p>\n\n<p><strong>Concentra\u021bi-v\u0103 pe excep\u021bii, nu pe rutin\u0103.<\/strong> AI se ocup\u0103 de fluxul de lucru standard. Tu te ocupi de cazurile neobi\u0219nuite care necesit\u0103 judecat\u0103.<\/p>\n\n<p><strong>\u0218ti\u021bi unde sunt blocate lucrurile.<\/strong> Nu a\u0219tepta\u021bi ca membrii echipei s\u0103 escaladeze. O vede\u021bi \u00een timp real.<\/p>\n\n<p><strong>Date pentru \u00eembun\u0103t\u0103\u021bire.<\/strong> Afla\u021bi care procese func\u021bioneaz\u0103 bine \u0219i care au nevoie de repara\u021bii. Timpii de ciclu reali, nu estim\u0103ri.<\/p>\n\n<p><strong>Distribu\u021bia echitabil\u0103 a volumului de munc\u0103.<\/strong> Vede\u021bi cine este supra\u00eenc\u0103rcat \u0219i cine are capacitate. Echilibra\u021bi munca pe baza realit\u0103\u021bii.<\/p>\n\n\n<h4 class=\"wp-block-heading\">Pentru echipele care fac treab\u0103<\/h4>\n\n\n<p><strong>\u0218terge\u021bi coada de sarcini.<\/strong> Nu v\u0103 mai \u00eentreba\u021bi \"la ce ar trebui s\u0103 lucrez?\" Priorit\u0103\u021bi calculate automat pe baza termenelor limit\u0103 \u0219i a importan\u021bei.<\/p>\n\n<p><strong>Gata cu urm\u0103rirea.<\/strong> Sistemul direc\u021bioneaz\u0103 munca c\u0103tre dvs. V\u0103 spune ce trebuie s\u0103 \u0219ti\u021bi. Escaladeaz\u0103 automat dac\u0103 sunte\u021bi blocat.<\/p>\n\n<p><strong>Mai pu\u021bine cheltuieli generale de coordonare.<\/strong> Petrece\u021bi timp lucr\u00e2nd, nu coordon\u00e2nd despre munc\u0103. Nu exist\u0103 \u00eent\u00e2lniri pentru a urm\u0103ri situa\u021bia.<\/p>\n\n<p><strong>Aprob\u0103ri rapide.<\/strong> Lucr\u0103rile de rutin\u0103 sunt aprobate automat. F\u0103r\u0103 zile de a\u0219teptare pentru ca cineva s\u0103 \u0219tampileze.<\/p>\n\n<p><strong>Mai pu\u021bine exerci\u021bii de incendiu.<\/strong> Excep\u021bii detectate din timp. Probleme semnalate \u00eenainte ca acestea s\u0103 explodeze. Mai pu\u021bin\u0103 panic\u0103, mai mult\u0103 planificare.<\/p>\n\n\n<hr class=\"wp-block-separator has-alpha-channel-opacity\"\/>\n\n\n\n<h3 class=\"wp-block-heading\">Ce nu poate face inteligen\u021ba artificial\u0103<\/h3>\n\n\n<p>IA automatizeaz\u0103 munca bazat\u0103 pe reguli. Ea nu \u00eenlocuie\u0219te judecata. Iat\u0103 ce are \u00eenc\u0103 nevoie de oameni:<\/p>\n\n<p><strong>Gestionarea situa\u021biilor cu adev\u0103rat neobi\u0219nuite.<\/strong> AI ruteaz\u0103 cazurile standard \u0219i semnaleaz\u0103 excep\u021biile. Dar cazurile limit\u0103 cu adev\u0103rat ciudate? Acestea necesit\u0103 o rezolvare uman\u0103 a problemelor.<\/p>\n\n<p><strong>Negocierea \u0219i gestionarea rela\u021biilor.<\/strong> Clientul este sup\u0103rat din cauza unei \u00eent\u00e2rzieri? Furnizorul are nevoie de o manipulare special\u0103? Aceasta este munc\u0103 uman\u0103.<\/p>\n\n<p><strong>Proiectarea unor procese mai bune.<\/strong> Inteligen\u021ba artificial\u0103 urm\u0103re\u0219te modul \u00een care func\u021bioneaz\u0103 procesele actuale. Reproiectarea acestora pentru rezultate mai bune? Asta depinde de echipa ta.<\/p>\n\n<p><strong>Luarea de decizii.<\/strong> Ar trebui s\u0103 acceler\u0103m acest lucru? S\u0103 facem o excep\u021bie? S\u0103 accept\u0103m o pierdere pentru a p\u0103stra o rela\u021bie? Computerele nu pot c\u00e2nt\u0103ri aceste compromisuri.<\/p>\n\n<p><strong>Aprob\u0103ri complexe.<\/strong> Aprob\u0103rile simple (conform $X, \u00een cadrul politicii) pot fi automatizate. Cele complexe (decizii strategice, excep\u021bii semnificative, impact interfunc\u021bional) necesit\u0103 o analiz\u0103 uman\u0103.<\/p>\n\n<p>G\u00e2ndi\u021bi-v\u0103 c\u0103 AI se ocup\u0103 de stratul de coordonare. Echipa dvs. se ocup\u0103 de nivelul de g\u00e2ndire. Doar c\u0103 o fac mai repede pentru c\u0103 munca de baz\u0103 este f\u0103cut\u0103.<\/p>\n\n\n<hr class=\"wp-block-separator has-alpha-channel-opacity\"\/>\n\n\n\n<h3 class=\"wp-block-heading\">No\u021biuni introductive privind automatizarea proceselor<\/h3>\n\n\n<p>Nu automatiza\u021bi totul deodat\u0103. \u00cencepe\u021bi cu procesele cu cel mai mare volum, cele mai standardizate:<\/p>\n\n<p><strong>Primii candida\u021bi sunt buni:<\/strong><\/p>\n<ul>\n<li>Trimiterea \u0219i atribuirea comenzilor<\/li>\n<li>Fluxuri de lucru standard de aprobare<\/li>\n<li>Cerere de primire \u0219i triaj<\/li>\n<li>Verificarea finaliz\u0103rii sarcinilor<\/li>\n<li>Notific\u0103ri de stare \u0219i escalad\u0103ri<\/li>\n<\/ul>\n\n<p><strong>Nu sunt buni primii candida\u021bi:<\/strong><\/p>\n<ul>\n<li>Procese extrem de variabile cu multe excep\u021bii<\/li>\n<li>Procese care se modific\u0103 frecvent<\/li>\n<li>Domenii \u00een care judecata uman\u0103 este esen\u021bial\u0103 pentru fiecare caz<\/li>\n<li>Procese pe care nimeni nu le-a documentat \u00eenc\u0103<\/li>\n<\/ul>\n\n<p>\u00cencepe\u021bi acolo unde exist\u0103 un proces clar, un volum mare \u0219i o durere evident\u0103. Demonstra\u021bi valoarea. Apoi extinde\u021bi-v\u0103 la cazuri mai complexe.<\/p>\n\n\n<hr class=\"wp-block-separator has-alpha-channel-opacity\"\/>\n\n\n\n<h3 class=\"wp-block-heading\">Linia de fund<\/h3>\n\n\n<p>Coordonarea manual\u0103 a proceselor nu poate fi extins\u0103. Un volum mai mare \u00eenseamn\u0103 mai multe cheltuieli generale de coordonare. Echipa dvs. se \u00eengroap\u0103 \u00een rutare, urm\u0103rire \u0219i urm\u0103rire, \u00een loc s\u0103 fac\u0103 munca real\u0103.<\/p>\n\n<p>AI se ocup\u0103 de coordonare. Acesta direc\u021bioneaz\u0103 corect munca. Monitorizeaz\u0103 progresul. Prinde excep\u021biile. Men\u021bine conformitatea. Totul \u00een mod automat.<\/p>\n\n<p>Echipa ta lucreaz\u0103 la munca \u00een sine. Nu la \u00eent\u00e2lniri despre munc\u0103. Nu la e-mailuri de urm\u0103rire a activit\u0103\u021bii. Nu pe foi de calcul care monitorizeaz\u0103 activitatea.<\/p>\n\n<p>Rezultatul sunt opera\u021biuni care curg. Cicluri mai rapide. Mai pu\u021bine erori. Conformitate mai bun\u0103. \u0218i profesioni\u0219ti care fac ceea ce \u0219tiu s\u0103 fac\u0103 \u00een loc s\u0103 urm\u0103reasc\u0103 procesul.<\/p>\n\n<p>Asta ofer\u0103 de fapt automatizarea proceselor cu ajutorul inteligen\u021bei artificiale. Nu opera\u021biuni \"f\u0103r\u0103 lumin\u0103\". Doar mai pu\u021bin\u0103 fric\u021biune \u0219i mai mult\u0103 concentrare pe ceea ce conteaz\u0103.<\/p>\n\n\n<hr class=\"wp-block-separator has-alpha-channel-opacity\"\/>\n\n\n\n<h3 class=\"wp-block-heading\">Sunte\u021bi gata s\u0103 v\u0103 automatiza\u021bi fluxurile de lucru?<\/h3>\n\n\n<p>Fiecare opera\u021biune are procese diferite. Ceea ce func\u021bioneaz\u0103 \u00een afacerea dumneavoastr\u0103 depinde de modul \u00een care opera\u021bi ast\u0103zi.<\/p>\n\n<p>Noi nu promov\u0103m instrumente generice de flux de lucru. Ne uit\u0103m la procesele dvs. specifice. Unde sunt cheltuielile generale de coordonare? Unde se blocheaz\u0103 lucrurile? Ce este realist s\u0103 automatiza\u021bi av\u00e2nd \u00een vedere sistemele dumneavoastr\u0103?<\/p>\n\n<p>Apoi construim automatizarea care se potrive\u0219te fluxului dvs. de lucru. Nu v\u0103 for\u021b\u0103m s\u0103 v\u0103 schimba\u021bi modul de lucru pentru a v\u0103 adapta la software. Software care func\u021bioneaz\u0103 a\u0219a cum lucra\u021bi dumneavoastr\u0103.<\/p>\n\n<p><a href=\"https:\/\/www.leaplytics.de\/ro\/kontakt\/\">S\u0103 vorbim despre procesele dumneavoastr\u0103<\/a><\/p>\n\n<p><a href=\"https:\/\/www.leaplytics.de\/ro\/operatiuni-ai\/\">\u00cenapoi la Opera\u021biuni AI<\/a><\/p>","protected":false},"excerpt":{"rendered":"<p>AI for Process Automation &#038; Workflow Operations runs on processes. Order to fulfillment. Request to resolution. Task to completion. Everything follows steps. When processes work smoothly, things flow. When they don&#8217;t, everything gets stuck. Tasks pile up. Handoffs fail. People waste time asking &#8220;where is this?&#8221; and &#8220;who has that?&#8221; Most process problems aren&#8217;t because &hellip; <\/p>","protected":false},"author":2,"featured_media":0,"parent":0,"menu_order":0,"comment_status":"closed","ping_status":"closed","template":"","meta":{"footnotes":""},"class_list":["post-14495","page","type-page","status-publish","hentry","latest_post"],"_links":{"self":[{"href":"https:\/\/www.leaplytics.de\/ro\/wp-json\/wp\/v2\/pages\/14495","targetHints":{"allow":["GET"]}}],"collection":[{"href":"https:\/\/www.leaplytics.de\/ro\/wp-json\/wp\/v2\/pages"}],"about":[{"href":"https:\/\/www.leaplytics.de\/ro\/wp-json\/wp\/v2\/types\/page"}],"author":[{"embeddable":true,"href":"https:\/\/www.leaplytics.de\/ro\/wp-json\/wp\/v2\/users\/2"}],"replies":[{"embeddable":true,"href":"https:\/\/www.leaplytics.de\/ro\/wp-json\/wp\/v2\/comments?post=14495"}],"version-history":[{"count":1,"href":"https:\/\/www.leaplytics.de\/ro\/wp-json\/wp\/v2\/pages\/14495\/revisions"}],"predecessor-version":[{"id":14501,"href":"https:\/\/www.leaplytics.de\/ro\/wp-json\/wp\/v2\/pages\/14495\/revisions\/14501"}],"wp:attachment":[{"href":"https:\/\/www.leaplytics.de\/ro\/wp-json\/wp\/v2\/media?parent=14495"}],"curies":[{"name":"wp","href":"https:\/\/api.w.org\/{rel}","templated":true}]}}