{"id":14497,"date":"2025-12-19T01:59:23","date_gmt":"2025-12-19T00:59:23","guid":{"rendered":"https:\/\/www.leaplytics.de\/?page_id=14497"},"modified":"2025-12-19T01:59:23","modified_gmt":"2025-12-19T00:59:23","slug":"planificarea-resurselor-programarea-ai","status":"publish","type":"page","link":"https:\/\/www.leaplytics.de\/ro\/planificarea-resurselor-programarea-ai\/","title":{"rendered":"Planificarea resurselor \u0219i programarea AI"},"content":{"rendered":"<h2>IA pentru planificarea \u0219i programarea resurselor<\/h2>\n\n<p>Programarea este un puzzle. Oameni. Echipament. Sarcini. Termene limit\u0103. Competen\u021be. Capacitate. Constr\u00e2ngeri. Fiecare pies\u0103 trebuie s\u0103 se potriveasc\u0103.<\/p>\n<p>Iar puzzle-ul continu\u0103 s\u0103 se schimbe. Cineva se d\u0103 bolnav. Un echipament se stric\u0103. Vine o comand\u0103 urgent\u0103. Clientul schimb\u0103 cerin\u021bele. O lu\u0103m de la cap\u0103t.<\/p>\n<p>Programatorii dvs. petrec ore \u00eentregi construind programe care func\u021bioneaz\u0103. Apoi petrec mai multe ore ajust\u00e2ndu-le atunci c\u00e2nd realitatea nu coopereaz\u0103.<\/p>\n<p>\u00centre timp, unele echipe sunt supra\u00eenc\u0103rcate, \u00een timp ce altele au capacitatea necesar\u0103. Orele suplimentare se acumuleaz\u0103 \u00eentr-un departament, \u00een timp ce altul st\u0103 degeaba. Utilizarea echipamentelor este inegal\u0103. Termenele de livrare \u00eent\u00e2rzie.<\/p>\n<p>IA poate optimiza acest lucru. Nu perfect - nimic nu gestioneaz\u0103 realitatea perfect. Dar mai bine dec\u00e2t programarea manual\u0103. Ajust\u0103ri mai rapide. Utilizare mai bun\u0103. Planuri mai realiste.<\/p>\n\n\n<hr class=\"wp-block-separator has-alpha-channel-opacity\"\/>\n\n\n\n<h3 class=\"wp-block-heading\">De ce programarea manual\u0103 nu este eficient\u0103<\/h3>\n\n\n<p>Opera\u021biunile mici se pot programa manual. Planificatorul \u00eei cunoa\u0219te pe to\u021bi. Cunoa\u0219te echipamentul. Cunoa\u0219te munca. Jongleaz\u0103 cu toate acestea \u00een capul s\u0103u sau \u00eentr-o foaie de calcul.<\/p>\n<p>Pe m\u0103sur\u0103 ce cre\u0219te\u021bi, acest lucru se rupe:<\/p>\n<ul>\n<li>Prea multe variabile pentru a fi urm\u0103rite manual<\/li>\n<li>Prea multe constr\u00e2ngeri care trebuie echilibrate simultan<\/li>\n<li>Modific\u0103ri \u00een cascad\u0103 - remedierea unui program \u00eel \u00eentrerupe pe altul<\/li>\n<li>Nu ave\u021bi timp s\u0103 optimiza\u021bi - ob\u021bine\u021bi doar ceva care func\u021bioneaz\u0103<\/li>\n<li>Combaterea excep\u021biilor \u00een loc de prevenirea lor<\/li>\n<\/ul>\n\n<p>Programatorii dvs. sunt inteligen\u021bi \u0219i experimenta\u021bi. Dar ei fac calcule imposibile. Echilibreaz\u0103 sute de constr\u00e2ngeri \u00eentre zeci de resurse.<\/p>\n<p>Rezultatul? Programe care \"func\u021bioneaz\u0103\", dar nu sunt optime. Utilizare mai mic\u0103 dec\u00e2t ar putea fi. Ore suplimentare mai mari dec\u00e2t este necesar. Performan\u021be de livrare mai slabe dec\u00e2t ar trebui s\u0103 permit\u0103 capacitatea dumneavoastr\u0103.<\/p>\n<p>Nu pentru c\u0103 programatorii nu sunt buni \u00een meseria lor. Deoarece problema este prea complex\u0103 pentru optimizarea manual\u0103.<\/p>\n\n\n<hr class=\"wp-block-separator has-alpha-channel-opacity\"\/>\n\n\n\n<h3 class=\"wp-block-heading\">Ce face AI pentru planificarea \u0219i programarea resurselor<\/h3>\n\n\n<p>AI se ocup\u0103 de optimizarea matematic\u0103. Aceasta ia \u00een considerare toate constr\u00e2ngerile simultan. G\u0103se\u0219te solu\u021bii mai repede dec\u00e2t o pot face oamenii. Se adapteaz\u0103 atunci c\u00e2nd lucrurile se schimb\u0103.<\/p>\n<p>Planificatorii dvs. furnizeaz\u0103 judecata. Inteligen\u021ba artificial\u0103 asigur\u0103 calculul.<\/p>\n\n\n<h4 class=\"wp-block-heading\">Generarea programului optimizat<\/h4>\n\n\n<p>AI construie\u0219te programe care echilibreaz\u0103 toate constr\u00e2ngerile dvs. \u00een acela\u0219i timp:<\/p>\n<ul>\n<li><strong>Cerere:<\/strong> Ce lucr\u0103ri trebuie efectuate \u0219i c\u00e2nd<\/li>\n<li><strong>Capacitate:<\/strong> Cine este disponibil, ce echipament este disponibil<\/li>\n<li><strong>Competen\u021be:<\/strong> Cine este calificat pentru ce sarcini<\/li>\n<li><strong>Constr\u00e2ngeri:<\/strong> Modele de schimburi, cerin\u021be privind pauzele, limit\u0103ri ale echipamentelor<\/li>\n<li><strong>Priorit\u0103\u021bi:<\/strong> Comenzi urgente, clien\u021bi prefera\u021bi, importan\u021b\u0103 strategic\u0103<\/li>\n<li><strong>Costuri:<\/strong> Timp normal vs. ore suplimentare, uzura echipamentului, costuri de instalare<\/li>\n<\/ul>\n\n<p>Nu g\u0103se\u0219te doar un program care func\u021bioneaz\u0103. G\u0103se\u0219te un program bun - unul care optimizeaz\u0103 utilizarea, minimizeaz\u0103 costurile \u0219i respect\u0103 termenele limit\u0103.<\/p>\n<p>Planificatorul dvs. analizeaz\u0103 propunerea AI. Face ajust\u0103ri pentru lucrurile pe care AI nu le \u0219tie (rela\u021biile cu clien\u021bii, dinamica echipei, priorit\u0103\u021bile strategice). Dar porne\u0219te de la o baz\u0103 optimizat\u0103, nu de la o tabl\u0103 alb\u0103.<\/p>\n<p>Ore de munc\u0103 comprimate \u00een minute.<\/p>\n\n\n<h4 class=\"wp-block-heading\">Echilibrarea inteligent\u0103 a volumului de lucru<\/h4>\n\n\n<p>Sarcinile de lucru dezechilibrate sunt costisitoare. O echip\u0103 lucreaz\u0103 peste program, \u00een timp ce alta are timp liber. O ma\u0219in\u0103 func\u021bioneaz\u0103 24 de ore din 24, 7 zile din 7, \u00een timp ce alta st\u0103 inactiv\u0103.<\/p>\n<p>AI distribuie munca \u00een func\u021bie de:<\/p>\n<ul>\n<li>Volumul actual de lucru pe echipe \u0219i persoane<\/li>\n<li>Capacitatea \u0219i capabilitatea fiec\u0103rei resurse<\/li>\n<li>Diferen\u021be de eficien\u021b\u0103 (unele persoane sunt mai rapide la anumite sarcini)<\/li>\n<li>Constr\u00e2ngeri geografice sau legate de loca\u021bie<\/li>\n<li>Obiective de formare \u0219i dezvoltare (distribui\u021bi munc\u0103 variat\u0103 pentru \u00eenv\u0103\u021bare)<\/li>\n<\/ul>\n\n<p>Rezultatul? Un volum de munc\u0103 mai echilibrat. Mai pu\u021bine ore suplimentare. O mai bun\u0103 utilizare a resurselor. Mai pu\u021bine blocaje.<\/p>\n<p>Oamenii lucreaz\u0103 la un ritm sustenabil, \u00een loc s\u0103 alterneze \u00eentre \"tr\u00e2ntit\" \u0219i \"inactiv\".<\/p>\n\n\n<h4 class=\"wp-block-heading\">Adaptarea programului \u00een timp real<\/h4>\n\n\n<p>Programele nu supravie\u021buiesc contactului cu realitatea. Cineva este bolnav. Echipamentul se stric\u0103. Sose\u0219te o comand\u0103 urgent\u0103. Clientul anuleaz\u0103.<\/p>\n<p>Reprogramarea manual\u0103 dureaz\u0103 ore \u00eentregi. \u00cen momentul \u00een care a\u021bi terminat, s-a mai schimbat ceva.<\/p>\n<p>AI se adapteaz\u0103 \u00een timp real:<\/p>\n<ul>\n<li>Absen\u021b\u0103 raportat\u0103? Reechilibra\u021bi activitatea \u00een cadrul echipei r\u0103mase.<\/li>\n<li>Echipamentul nu func\u021bioneaz\u0103? Transfera\u021bi sarcinile c\u0103tre alte utilaje.<\/li>\n<li>Sose\u0219te comanda urgent\u0103? Introduce\u021bi-o \u0219i ajusta\u021bi toate celelalte.<\/li>\n<li>Lucrarea dureaz\u0103 mult? Efectua\u021bi ajust\u0103ri \u00eenainte.<\/li>\n<\/ul>\n\n<p>Planificatorul dvs. analizeaz\u0103 ajust\u0103rile sugerate de AI. Aprob\u0103 sau modific\u0103 \u00een func\u021bie de context. Dar nu reconstruie\u0219te de la zero.<\/p>\n<p>R\u0103spuns mai rapid la perturb\u0103ri. Mai pu\u021bin haos. Promisiuni mai realiste pentru clien\u021bi.<\/p>\n\n\n<h4 class=\"wp-block-heading\">Prognoza capacit\u0103\u021bii<\/h4>\n\n\n<p>Ve\u021bi avea suficient\u0103 capacitate luna viitoare? Trimestrul urm\u0103tor? Trebuie s\u0103 angaja\u021bi? S\u0103 ad\u0103uga\u021bi echipamente? S\u0103 m\u0103ri\u021bi turele?<\/p>\n<p>AI prognozeaz\u0103 nevoile de capacitate pe baza:<\/p>\n<ul>\n<li>Prognoza cererii (din v\u00e2nz\u0103ri sau modele istorice)<\/li>\n<li>Capacitatea actual\u0103 (persoane, echipamente, timp)<\/li>\n<li>Constr\u00e2ngeri cunoscute (\u00eentre\u021binere planificat\u0103, vacan\u021be, formare)<\/li>\n<li>Ratele istorice de productivitate<\/li>\n<li>Tendin\u021be de cre\u0219tere<\/li>\n<\/ul>\n\n<p>Arat\u0103 c\u00e2nd ve\u021bi atinge limitele capacit\u0103\u021bii. C\u00e2t de mult v\u0103 va lipsi. Ce tipuri de resurse ave\u021bi nevoie.<\/p>\n<p>Pute\u021bi planifica supliment\u0103ri ale capacit\u0103\u021bii \u00eenainte de a fi disperat. Angaja\u021bi \u00eenainte de a avea nevoie, nu \u00een modul panic\u0103. Programa\u021bi \u00eentre\u021binerea \u00een timpul perioadelor cu cerere sc\u0103zut\u0103, nu atunci c\u00e2nd v\u0103 for\u021beaz\u0103 s\u0103 pierde\u021bi livr\u0103rile.<\/p>\n<p>Decizii privind capacitatea bazate pe date, nu pe intui\u021bie.<\/p>\n\n\n<h4 class=\"wp-block-heading\">Potrivirea competen\u021belor<\/h4>\n\n\n<p>Nu toat\u0103 lumea poate face orice munc\u0103. Certific\u0103rile conteaz\u0103. Experien\u021ba conteaz\u0103. Nivelul actual de competen\u021be conteaz\u0103.<\/p>\n<p>Urme AI:<\/p>\n<ul>\n<li>Cine are ce certific\u0103ri \u0219i calific\u0103ri<\/li>\n<li>Cine are experien\u021b\u0103 cu ce produse sau procese<\/li>\n<li>Cine este \u00een formare fa\u021b\u0103 de cine este pe deplin calificat<\/li>\n<li>Cine se descurc\u0103 mai bine la ce sarcini<\/li>\n<\/ul>\n\n<p>Atunci c\u00e2nd programeaz\u0103 munca, ia \u00een considerare cerin\u021bele de calificare. Asorteaz\u0103 persoanele calificate la sarcini. semnaleaz\u0103 locurile de munc\u0103 care necesit\u0103 competen\u021be deficitare.<\/p>\n<p>De asemenea, ajut\u0103 la planificarea form\u0103rii. Arat\u0103 lacunele \u00een materie de competen\u021be. Sugereaz\u0103 cine ar trebui s\u0103 beneficieze de formare \u00eencruci\u0219at\u0103 pe ce anume.<\/p>\n<p>Persoana potrivit\u0103 la locul de munc\u0103 potrivit. Calitate mai bun\u0103. Mai pu\u021bine erori. Finalizare mai rapid\u0103.<\/p>\n\n\n<h4 class=\"wp-block-heading\">Gestionarea constr\u00e2ngerilor<\/h4>\n\n\n<p>Fiecare opera\u021biune are constr\u00e2ngeri. Echipamente limitate. Modele de schimburi. Cerin\u021be privind pauzele. Disponibilitatea materialelor. Intervalul de timp al clien\u021bilor.<\/p>\n<p>AI gestioneaz\u0103 simultan toate constr\u00e2ngerile:<\/p>\n<ul>\n<li>Asigura\u021bi-v\u0103 c\u0103 nimeni nu este programat peste capacitate<\/li>\n<li>Respect\u0103 modelele de schimburi \u0219i cerin\u021bele privind pauzele<\/li>\n<li>\u021aine cont de timpii de configurare \u00eentre diferite lucr\u0103ri<\/li>\n<li>ia \u00een considerare disponibilitatea materialelor (nu se poate programa dac\u0103 materialele nu sunt aici)<\/li>\n<li>Respect\u0103 ferestrele de livrare ale clien\u021bilor<\/li>\n<li>Echilibreaz\u0103 priorit\u0103\u021bi contradictorii (cost vs. vitez\u0103 vs. calitate)<\/li>\n<\/ul>\n\n<p>Programe care chiar func\u021bioneaz\u0103 \u00een realitate, nu doar pe h\u00e2rtie.<\/p>\n\n\n<h4 class=\"wp-block-heading\">Analiza performan\u021bei programului<\/h4>\n\n\n<p>C\u00e2t de precise sunt orarele dumneavoastr\u0103? Unde se stric\u0103? Care sunt cauzele \u00eent\u00e2rzierilor?<\/p>\n<p>AI urm\u0103re\u0219te performan\u021ba programului:<\/p>\n<ul>\n<li>C\u00e2t de des se termin\u0103 sarcinile la timp vs. mai devreme\/mai t\u00e2rziu<\/li>\n<li>Ce tipuri de sarcini dep\u0103\u0219esc \u00een mod constant<\/li>\n<li>Unde se formeaz\u0103 blocajele<\/li>\n<li>C\u00e2t de mult se reprogrameaz\u0103 (semn al unei planific\u0103ri ini\u021biale deficitare)<\/li>\n<li>Ratele de utilizare pe tip de resurs\u0103<\/li>\n<\/ul>\n\n<p>Vede\u021bi unde estim\u0103rile sunt gre\u0219ite. Unde procesele sunt mai lente dec\u00e2t s-a planificat. Unde capacitatea este de fapt constr\u00e2ns\u0103.<\/p>\n<p>\u00cembun\u0103t\u0103\u021birea continu\u0103 a preciziei program\u0103rii. Promisiuni mai bune. Livr\u0103ri mai fiabile.<\/p>\n\n\n<hr class=\"wp-block-separator has-alpha-channel-opacity\"\/>\n\n\n\n<h3 class=\"wp-block-heading\">Ce \u00eenseamn\u0103 acest lucru pentru dvs.<\/h3>\n\n\n\n<h4 class=\"wp-block-heading\">Pentru COO \u0219i liderii de opera\u021biuni<\/h4>\n\n\n<p><strong>Utilizarea superioar\u0103 a resurselor.<\/strong> Mai pu\u021bine perioade de inactivitate. Mai pu\u021bine sarcini de lucru neuniforme. Mai multe rezultate din acelea\u0219i resurse.<\/p>\n\n<p><strong>Costuri mai mici pentru orele suplimentare.<\/strong> O mai bun\u0103 distribuire a volumului de munc\u0103 \u00eenseamn\u0103 mai pu\u021bin\u0103 dependen\u021b\u0103 de orele suplimentare pentru a respecta termenele limit\u0103.<\/p>\n\n<p><strong>Livrare la timp mai bun\u0103.<\/strong> Programe care \u021bin cont de toate constr\u00e2ngerile \u0219i se adapteaz\u0103 la schimb\u0103ri. Mai pu\u021bine termene limit\u0103 ratate.<\/p>\n\n<p><strong>Planificarea previzibil\u0103 a capacit\u0103\u021bii.<\/strong> Afla\u021bi c\u00e2nd ve\u021bi avea nevoie de mai multe resurse \u00eenainte de a fi \u00een criz\u0103. Planifica\u021bi proactiv angaj\u0103rile \u0219i achizi\u021biile de echipamente.<\/p>\n\n<p><strong>Programare scalabil\u0103.<\/strong> Gestiona\u021bi cre\u0219terea f\u0103r\u0103 a ad\u0103uga programatori. Matematica se scaleaz\u0103; programarea manual\u0103 nu.<\/p>\n\n\n<h4 class=\"wp-block-heading\">Pentru directorii de opera\u021biuni \u0219i produc\u021bie<\/h4>\n\n\n<p><strong>Nu mai petrece\u021bi ore \u00eentregi pe programe.<\/strong> AI face calculele de optimizare. Dumneavoastr\u0103 judeca\u021bi \u0219i face\u021bi ajust\u0103rile finale.<\/p>\n\n<p><strong>Adapta\u021bi-v\u0103 rapid la schimb\u0103ri.<\/strong> Se \u00eent\u00e2mpl\u0103 \u00eentreruperi. Reprograma\u021bi \u00een minute, nu \u00een ore.<\/p>\n\n<p><strong>Promisiuni realiste fa\u021b\u0103 de clien\u021bi.<\/strong> Afla\u021bi ce pute\u021bi furniza de fapt pe baza capacit\u0103\u021bii \u0219i constr\u00e2ngerilor reale.<\/p>\n\n<p><strong>Vizibilitate \u00een ceea ce prive\u0219te constr\u00e2ngerile.<\/strong> Vede\u021bi unde v\u0103 este limitat\u0103 capacitatea. Lua\u021bi decizii \u00een cuno\u0219tin\u021b\u0103 de cauz\u0103 cu privire la investi\u021bii.<\/p>\n\n<p><strong>Distribu\u021bia echitabil\u0103 a volumului de munc\u0103.<\/strong> Nu mai exist\u0103 oameni care s\u0103 fie lovi\u021bi \u00een timp ce al\u021bii au timp liber. Moralul echipei este mai bun.<\/p>\n\n\n<h4 class=\"wp-block-heading\">Pentru echipe<\/h4>\n\n\n<p><strong>Programe previzibile.<\/strong> \u0218ti\u021bi la ce lucra\u021bi \u0219i c\u00e2nd. Mai pu\u021bine surprize de ultim moment.<\/p>\n\n<p><strong>Sarcini de lucru echitabile.<\/strong> Munca este distribuit\u0103 \u00een func\u021bie de capacitate, nu de persoana la care s-a g\u00e2ndit primul planificatorul.<\/p>\n\n<p><strong>Competen\u021bele potrivite pentru locul de munc\u0103.<\/strong> Programat pentru munca pentru care e\u0219ti calificat, nu aruncat \u00een situa\u021bii pentru care nu e\u0219ti preg\u0103tit.<\/p>\n\n<p><strong>Ritm durabil.<\/strong> Mai pu\u021bin\u0103 s\u0103rb\u0103toare sau foamete. Un volum de munc\u0103 mai consistent.<\/p>\n\n\n<hr class=\"wp-block-separator has-alpha-channel-opacity\"\/>\n\n\n\n<h3 class=\"wp-block-heading\">Ce nu poate face inteligen\u021ba artificial\u0103<\/h3>\n\n\n<p>AI optimizeaz\u0103 pe baza constr\u00e2ngerilor \u0219i priorit\u0103\u021bilor pe care i le oferi\u021bi. Dar nu \u00eenlocuie\u0219te judecata planificatorului:<\/p>\n\n<p><strong>\u00cen\u021belegerea rela\u021biilor cu clien\u021bii.<\/strong> Acest client este strategic, merit\u0103 s\u0103 i se acorde prioritate, chiar dac\u0103 nu este obligatoriu prin contract. Inteligen\u021ba artificial\u0103 nu \u0219tie asta dec\u00e2t dac\u0103 \u00eei spui tu.<\/p>\n\n<p><strong>Dinamica echipei de lectur\u0103.<\/strong> Aceste dou\u0103 persoane lucreaz\u0103 prost \u00eempreun\u0103. Persoana respectiv\u0103 se confrunt\u0103 cu probleme personale \u0219i are nevoie de o sarcin\u0103 mai u\u0219oar\u0103. Cuno\u0219tin\u021be umane, nu date.<\/p>\n\n<p><strong>Efectuarea de compromisuri strategice.<\/strong> Accepta\u021bi livrarea cu \u00eent\u00e2rziere pentru a reduce orele suplimentare? S\u0103 v\u0103 gr\u0103bi\u021bi cu aceast\u0103 sarcin\u0103 \u00een detrimentul alteia? Decizii dependente de context.<\/p>\n\n<p><strong>Gestionarea situa\u021biilor f\u0103r\u0103 precedent.<\/strong> O perturbare major\u0103 care nu seam\u0103n\u0103 cu nimic din datele istorice? Ave\u021bi nevoie de o rezolvare uman\u0103 a problemelor, nu de matematic\u0103 de optimizare.<\/p>\n\n<p><strong>Definirea priorit\u0103\u021bilor.<\/strong> AI programeaz\u0103 \u00een func\u021bie de priorit\u0103\u021bile pe care le defini\u021bi (cost, vitez\u0103, calitate etc.). Stabilirea acestor priorit\u0103\u021bi? Aceasta este o decizie de afaceri.<\/p>\n\n<p>G\u00e2ndi\u021bi-v\u0103 la inteligen\u021ba artificial\u0103 ca la un programator foarte bun, care lucreaz\u0103 \u00een c\u00e2teva secunde \u0219i nu face niciodat\u0103 erori matematice. Dar care \u00eenc\u0103 are nevoie de indica\u021bii privind priorit\u0103\u021bile \u0219i contextul.<\/p>\n\n\n<hr class=\"wp-block-separator has-alpha-channel-opacity\"\/>\n\n\n\n<h3 class=\"wp-block-heading\">No\u021biuni introductive cu programarea AI<\/h3>\n\n\n<p>\u00cencepe\u021bi acolo unde programarea este cea mai dureroas\u0103:<\/p>\n\n<p><strong>Programare complex\u0103 cu multe constr\u00e2ngeri?<\/strong> Inteligen\u021ba artificial\u0103 gestioneaz\u0103 complexitatea mai bine dec\u00e2t oamenii. C\u00e2\u0219tiguri mari \u00een ceea ce prive\u0219te optimizarea.<\/p>\n\n<p><strong>Reprogramarea frecvent\u0103 din cauza \u00eentreruperilor?<\/strong> Adaptarea \u00een timp real ajut\u0103 cel mai mult atunci c\u00e2nd planurile se schimb\u0103 constant.<\/p>\n\n<p><strong>Utilizarea inegal\u0103 a resurselor?<\/strong> Echilibrarea sarcinii de lucru a AI \u00eembun\u0103t\u0103\u021be\u0219te rapid utilizarea.<\/p>\n\n<p><strong>Incertitudinea planific\u0103rii capacit\u0103\u021bii?<\/strong> Prognoza capacit\u0103\u021bii v\u0103 ajut\u0103 s\u0103 planifica\u021bi investi\u021biile cu \u00eencredere.<\/p>\n\n<p>Nu trebuie s\u0103 automatiza\u021bi toate program\u0103rile deodat\u0103. \u00cencepe\u021bi cu un singur departament, un singur tip de activitate sau un singur punct critic major. Demonstra\u021bi valoarea. Apoi extinde\u021bi-v\u0103.<\/p>\n\n\n<hr class=\"wp-block-separator has-alpha-channel-opacity\"\/>\n\n\n\n<h3 class=\"wp-block-heading\">Linia de fund<\/h3>\n\n\n<p>Programarea este matematica optimiz\u0103rii. Cu c\u00e2t opera\u021biunea dvs. este mai complex\u0103, cu at\u00e2t matematica este mai dificil\u0103. Programarea manual\u0103 \u00ee\u0219i atinge limitele pe m\u0103sur\u0103 ce cre\u0219te\u021bi.<\/p>\n\n<p>IA gestioneaz\u0103 complexitatea matematic\u0103. Aceasta ia \u00een considerare toate constr\u00e2ngerile simultan. G\u0103se\u0219te rapid solu\u021bii optimizate. Se adapteaz\u0103 atunci c\u00e2nd realitatea se schimb\u0103.<\/p>\n\n<p>Programatorii dvs. se concentreaz\u0103 pe judecat\u0103, priorit\u0103\u021bi \u0219i excep\u021bii. Inteligen\u021ba artificial\u0103 se ocup\u0103 de calcule.<\/p>\n\n<p>Rezultatul? O mai bun\u0103 utilizare a resurselor. Costuri mai mici. Livr\u0103ri mai fiabile. Iar planificatorii g\u00e2ndesc strategic \u00een loc s\u0103 se chinuie cu foi de calcul.<\/p>\n\n<p>Aceasta este ceea ce AI pentru planificarea \u0219i programarea resurselor ofer\u0103 de fapt. Nu \u00eenlocuie\u0219te expertiza \u00een planificare, ci o face mai eficient\u0103.<\/p>\n\n\n<hr class=\"wp-block-separator has-alpha-channel-opacity\"\/>\n\n\n\n<h3 class=\"wp-block-heading\">Sunte\u021bi gata s\u0103 v\u0103 optimiza\u021bi programarea?<\/h3>\n\n\n<p>Fiecare opera\u021biune are provoc\u0103ri diferite \u00een ceea ce prive\u0219te programarea. Constr\u00e2ngerile, resursele \u0219i priorit\u0103\u021bile dvs. sunt unice pentru afacerea dvs.<\/p>\n\n<p>Nu promov\u0103m instrumente de planificare de m\u0103rime unic\u0103. Ne uit\u0103m la situa\u021bia dvs. specific\u0103. Ce v\u0103 \u00eengreuneaz\u0103 programarea? Ce constr\u00e2ngeri conteaz\u0103 cel mai mult? Ce este realist av\u00e2nd \u00een vedere sistemele dvs. actuale?<\/p>\n\n<p>Apoi construim optimizarea program\u0103rii care se potrive\u0219te opera\u021biunii dvs. Nu v\u0103 for\u021b\u0103m s\u0103 intra\u021bi \u00een fluxul de lucru al altcuiva. Solu\u021bii care func\u021bioneaz\u0103 cu modul \u00een care opera\u021bi de fapt.<\/p>\n\n<p><a href=\"https:\/\/www.leaplytics.de\/ro\/kontakt\/\">S\u0103 discut\u0103m despre provoc\u0103rile dvs. \u00een materie de programare<\/a><\/p>\n\n<p><a href=\"https:\/\/www.leaplytics.de\/ro\/operatiuni-ai\/\">\u00cenapoi la Opera\u021biuni AI<\/a><\/p>","protected":false},"excerpt":{"rendered":"<p>AI for Resource Planning &#038; Scheduling Scheduling is a puzzle. People. Equipment. Tasks. Deadlines. Skills. Capacity. Constraints. Every piece has to fit. And the puzzle keeps changing. Someone calls in sick. Equipment breaks down. A rush order comes in. Customer changes requirements. Start over. Your schedulers spend hours building schedules that work. Then spend more &hellip; <\/p>","protected":false},"author":2,"featured_media":0,"parent":0,"menu_order":0,"comment_status":"closed","ping_status":"closed","template":"","meta":{"footnotes":""},"class_list":["post-14497","page","type-page","status-publish","hentry","latest_post"],"_links":{"self":[{"href":"https:\/\/www.leaplytics.de\/ro\/wp-json\/wp\/v2\/pages\/14497","targetHints":{"allow":["GET"]}}],"collection":[{"href":"https:\/\/www.leaplytics.de\/ro\/wp-json\/wp\/v2\/pages"}],"about":[{"href":"https:\/\/www.leaplytics.de\/ro\/wp-json\/wp\/v2\/types\/page"}],"author":[{"embeddable":true,"href":"https:\/\/www.leaplytics.de\/ro\/wp-json\/wp\/v2\/users\/2"}],"replies":[{"embeddable":true,"href":"https:\/\/www.leaplytics.de\/ro\/wp-json\/wp\/v2\/comments?post=14497"}],"version-history":[{"count":1,"href":"https:\/\/www.leaplytics.de\/ro\/wp-json\/wp\/v2\/pages\/14497\/revisions"}],"predecessor-version":[{"id":14505,"href":"https:\/\/www.leaplytics.de\/ro\/wp-json\/wp\/v2\/pages\/14497\/revisions\/14505"}],"wp:attachment":[{"href":"https:\/\/www.leaplytics.de\/ro\/wp-json\/wp\/v2\/media?parent=14497"}],"curies":[{"name":"wp","href":"https:\/\/api.w.org\/{rel}","templated":true}]}}