{"id":14510,"date":"2025-12-19T02:02:20","date_gmt":"2025-12-19T01:02:20","guid":{"rendered":"https:\/\/www.leaplytics.de\/?page_id=14510"},"modified":"2025-12-19T02:02:20","modified_gmt":"2025-12-19T01:02:20","slug":"gestionarea-contractelor-ai","status":"publish","type":"page","link":"https:\/\/www.leaplytics.de\/ro\/gestionarea-contractelor-ai\/","title":{"rendered":"AI pentru gestionarea contractelor"},"content":{"rendered":"<h2>IA pentru gestionarea contractelor: Nu rata\u021bi niciodat\u0103 o re\u00eennoire, nu pierde\u021bi niciodat\u0103 urma termenilor<\/h2>\n\n<p>Contractele sunt peste tot \u00een domeniul achizi\u021biilor publice. Acorduri cu furnizorii. Contracte de servicii. Angajamente de volum. Acorduri de licen\u021biere. Acorduri-cadru. Fiecare dintre acestea are termeni care conteaz\u0103.<\/p>\n<p>Pre\u021buri. Volumele. Datele de re\u00eennoire. Clauze de reziliere. Acorduri privind nivelul serviciilor. Condi\u021bii de penalizare. Detaliile care determin\u0103 dac\u0103 ob\u021bine\u021bi valoare sau dac\u0103 profita\u021bi de ele.<\/p>\n<p>Dar majoritatea companiilor nu \u0219tiu ce con\u021bin contractele lor. Nu pentru c\u0103 nu le pas\u0103. Pentru c\u0103 au sute de contracte \u0219i nimeni nu are timp s\u0103 le citeasc\u0103 \u0219i s\u0103 le urm\u0103reasc\u0103 pe fiecare.<\/p>\n<p>Datele de re\u00eennoire nu sunt respectate. Re\u00eennoirea automat\u0103 are loc f\u0103r\u0103 revizuire. Termenii sunt uita\u021bi. Furnizorii nu \u00ee\u0219i \u00eendeplinesc angajamentele \u0219i nimeni nu observ\u0103. Peste tot se las\u0103 bani pe mas\u0103.<\/p>\n<p>IA schimb\u0103 acest lucru. Ea cite\u0219te contractele. Extrage ceea ce conteaz\u0103. Urm\u0103re\u0219te fiecare dat\u0103 \u0219i obliga\u021bie. Se asigur\u0103 c\u0103 \u0219ti\u021bi ce a\u021bi convenit \u0219i dac\u0103 ob\u021bine\u021bi ceea ce vi se cuvine.<\/p>\n\n\n<hr class=\"wp-block-separator has-alpha-channel-opacity\"\/>\n\n\n\n<h3 class=\"wp-block-heading\">De ce e\u0219ueaz\u0103 gestionarea contractelor<\/h3>\n\n\n<p>Iat\u0103 cum arat\u0103 gestionarea contractelor \u00een majoritatea companiilor:<\/p>\n<p>Contractele sunt semnate. Cineva le arhiveaz\u0103. De obicei \u00eentr-o unitate comun\u0103, poate \u00eentr-un sistem de gestionare a contractelor, dac\u0103 ave\u021bi unul.<\/p>\n<p>Ce se \u00eent\u00e2mpl\u0103 apoi? Oamenii uit\u0103 ce este \u00een ele. Persoana responsabil\u0103 cu achizi\u021biile care a negociat contractul trece la un alt rol. Contractul r\u0103m\u00e2ne acolo.<\/p>\n<p>Un an mai t\u00e2rziu, contractul se re\u00eennoie\u0219te automat. Nimeni nu l-a revizuit. Nimeni nu a verificat dac\u0103 termenii sunt \u00eenc\u0103 competitivi. Nimeni nu a verificat dac\u0103 furnizorul \u0219i-a respectat angajamentele. Sunte\u021bi blocat pentru \u00eenc\u0103 un an.<\/p>\n<p>Sau mai r\u0103u - nu respecta\u021bi perioada de preaviz de reziliere. A\u021bi vrut s\u0103 schimba\u021bi furnizorii, dar nu i-a\u021bi notificat cu 90 de zile \u00eenainte de re\u00eennoire. Acum sunte\u021bi blocat pentru o alt\u0103 perioad\u0103 contractual\u0103.<\/p>\n<p>\u00centre timp, comanda\u021bi de la furnizori f\u0103r\u0103 s\u0103 \u0219ti\u021bi ce a\u021bi negociat. Acesta este pre\u021bul contractat? Primim reducerile de volum pe care le-am negociat? Furnizorul \u00ee\u0219i \u00eendepline\u0219te angajamentele de livrare?<\/p>\n<p>Nimeni nu \u0219tie. Nu pentru c\u0103 nu vor s\u0103 \u0219tie, pentru c\u0103 este imposibil s\u0103 urm\u0103reasc\u0103 toate acestea manual.<\/p>\n<p>Echipele de achizi\u021bii publice nu pot citi sute de contracte \u0219i nu \u00ee\u0219i pot aminti fiecare termen. Nu pot monitoriza performan\u021ba fiec\u0103rui furnizor \u00een raport cu fiecare obliga\u021bie. Nu pot urm\u0103ri zeci de date de re\u00eennoire \u00een timp ce fac orice altceva.<\/p>\n<p>A\u0219a c\u0103 lucrurile alunec\u0103. Se rateaz\u0103 re\u00eennoirile. Termenii nu sunt respecta\u021bi. Banii se irosesc.<\/p>\n\n\n<hr class=\"wp-block-separator has-alpha-channel-opacity\"\/>\n\n\n\n<h3 class=\"wp-block-heading\">Ce face inteligen\u021ba artificial\u0103 pentru gestionarea contractelor<\/h3>\n\n\n<p>AI nu doar stocheaz\u0103 contractele. Le cite\u0219te. Le \u00een\u021belege. Le urm\u0103re\u0219te. Iat\u0103 cum.<\/p>\n\n\n<h4 class=\"wp-block-heading\">Extrage automat termenii cheie<\/h4>\n\n\n<p>\u00cenc\u0103rca\u021bi un contract \u00een AI. Aceasta cite\u0219te \u00eentregul document - fiecare pagin\u0103, fiecare clauz\u0103, fiecare termen.<\/p>\n<p>Acesta extrage ceea ce conteaz\u0103:<\/p>\n<ul>\n<li><strong>Informa\u021bii privind pre\u021burile:<\/strong> Pre\u021buri unitare. Reduceri de volum. Clauze de ajustare a pre\u021burilor. Condi\u021bii minime \u0219i maxime de stabilire a pre\u021burilor.<\/li>\n<li><strong>Angajamente de volum:<\/strong> Obliga\u021bii minime de achizi\u021bie. Praguri de \u00eentrerupere a volumului. Perioade de angajament. Penalit\u0103\u021bi pentru deficit.<\/li>\n<li><strong>Datele contractului:<\/strong> Data de \u00eencepere. Data de \u00eencheiere. Data re\u00eennoirii. Perioade de preaviz de reziliere. Termeni de re\u00eennoire automat\u0103.<\/li>\n<li><strong>Acorduri privind nivelul serviciilor:<\/strong> Termene de livrare. Standardele de calitate. Timpii de r\u0103spuns. Angajamentele privind timpul de func\u021bionare. M\u0103sur\u0103tori de performan\u021b\u0103.<\/li>\n<li><strong>Condi\u021bii de reziliere:<\/strong> Cerin\u021be de notificare. Clauze de reziliere anticipat\u0103. Condi\u021bii de nerespectare. Condi\u021bii \u0219i comisioane de ie\u0219ire.<\/li>\n<li><strong>Condi\u021bii de plat\u0103:<\/strong> Programe de plat\u0103. Condi\u021bii nete. Reduceri pentru plata anticipat\u0103. Penalit\u0103\u021bi de \u00eent\u00e2rziere.<\/li>\n<li><strong>Cerin\u021be de conformitate:<\/strong> Certific\u0103ri. Asigur\u0103ri. Audituri. Obliga\u021bii de raportare. Conformitatea cu reglement\u0103rile.<\/li>\n<\/ul>\n<p>Aceasta nu este o c\u0103utare prin cuvinte cheie. Inteligen\u021ba artificial\u0103 \u00een\u021belege contextul. \u0218tie c\u0103 un termen de plat\u0103 \"net 30\" este diferit de o \"notificare de reziliere de 30 de zile\". Face distinc\u021bia \u00eentre clauzele de escaladare a pre\u021burilor \u0219i nivelurile de reducere a volumului.<\/p>\n<p>Ob\u021bine\u021bi date structurate din contracte nestructurate. Fiecare termen cheie este extras, clasificat \u0219i gata de utilizare.<\/p>\n<p>Nu mai citi\u021bi contracte de 40 de pagini pentru a g\u0103si data re\u00eennoirii. Nu mai c\u0103uta\u021bi prin documente pentru a v\u0103 aminti perioada de preaviz de reziliere. Totul este extras \u0219i organizat.<\/p>\n\n\n<h4 class=\"wp-block-heading\">Urm\u0103re\u0219te datele de re\u00eennoire \u0219i nu rateaz\u0103 niciodat\u0103 termenele limit\u0103<\/h4>\n\n\n<p>Cel mai costisitor e\u0219ec al gestion\u0103rii contractelor? Re\u00eennoiri ratate.<\/p>\n<p>O re\u00eennoire automat\u0103 are loc f\u0103r\u0103 revizuire. O perioad\u0103 de preaviz de reziliere trece neobservat\u0103. Pierde\u021bi ocazia de a renegocia, de a schimba furnizorii sau de a ajusta condi\u021biile.<\/p>\n<p>AI urm\u0103re\u0219te fiecare dat\u0103 critic\u0103:<\/p>\n<ul>\n<li><strong>Datele de \u00eencheiere a contractului:<\/strong> C\u00e2nd expir\u0103 acest contract?<\/li>\n<li><strong>Date de re\u00eennoire automat\u0103:<\/strong> C\u00e2nd se va re\u00eennoi automat acest contract dac\u0103 nu ac\u021bion\u0103m?<\/li>\n<li><strong>Termene de notificare a rezilierii:<\/strong> Ultima zi \u00een care trebuie s\u0103 anun\u021ba\u021bi dac\u0103 dori\u021bi s\u0103 rezilia\u021bi sau s\u0103 renegocia\u021bi.<\/li>\n<li><strong>Date de referin\u021b\u0103:<\/strong> Puncte de control ale angajamentului privind volumul. Datele de evaluare a performan\u021bei. Datele de ajustare a pre\u021burilor.<\/li>\n<li><strong>Termene de conformitate:<\/strong> Atunci c\u00e2nd certific\u0103rile trebuie re\u00eennoite. C\u00e2nd expir\u0103 documentele necesare.<\/li>\n<\/ul>\n<p>Nu urm\u0103re\u0219te doar datele. V\u0103 alerteaz\u0103 \u00eenainte ca acestea s\u0103 conteze.<\/p>\n<p>Anun\u021bul de reziliere este necesar cu 90 de zile \u00eenainte de re\u00eennoire? Primi\u021bi o alert\u0103 cu 120 de zile \u00eenainte. Ave\u021bi timp s\u0103 evalua\u021bi furnizorul, s\u0103 lua\u021bi \u00een considerare alternativele \u0219i s\u0103 lua\u021bi o decizie.<\/p>\n<p>Clauza de ajustare a pre\u021bului permite cre\u0219teri anuale? Primi\u021bi o alert\u0103 \u00eenainte ca furnizorul s\u0103 o invoce. Ave\u021bi timp s\u0103 negocia\u021bi sau s\u0103 v\u0103 preg\u0103ti\u021bi.<\/p>\n<p>Perioada de angajament privind volumul se \u00eencheie? Primi\u021bi o previziune: sunte\u021bi pe cale s\u0103 o \u00eendeplini\u021bi? Dac\u0103 nu, este timpul s\u0103 ajusta\u021bi comanda sau s\u0103 renegocia\u021bi termenii.<\/p>\n<p>F\u0103r\u0103 foi de calcul de \u00eentre\u021binut. F\u0103r\u0103 intr\u0103ri manuale \u00een calendar. F\u0103r\u0103 termene limit\u0103 ratate pentru c\u0103 cineva a uitat s\u0103 verifice.<\/p>\n\n\n<h4 class=\"wp-block-heading\">Compararea termenilor contractuali \u00eentre furnizori<\/h4>\n\n\n<p>Ave\u021bi cinci furnizori care furnizeaz\u0103 produse similare. Ob\u021bine\u021bi condi\u021bii coerente? Sau unul dintre furnizori a negociat condi\u021bii mai bune care ar trebui s\u0103 fie punctul de referin\u021b\u0103?<\/p>\n<p>AI compar\u0103 contractele:<\/p>\n<ul>\n<li><strong>Compara\u021bie de pre\u021buri:<\/strong> Care furnizor are cele mai bune pre\u021buri pentru produse comparabile? Unde sunt pre\u021burile aberante?<\/li>\n<li><strong>Condi\u021bii de plat\u0103:<\/strong> Net 30 cu un furnizor, net 60 cu altul. De ce aceast\u0103 diferen\u021b\u0103? Pute\u021bi standardiza?<\/li>\n<li><strong>Niveluri de servicii:<\/strong> Un furnizor se angajeaz\u0103 s\u0103 livreze \u00een 48 de ore, altul \u00een 5 zile. Pl\u0103ti\u021bi la fel?<\/li>\n<li><strong>Reduceri de volum:<\/strong> Diferite puncte de \u00eentrerupere \u0219i rate de actualizare. Care structur\u0103 este cea mai avantajoas\u0103?<\/li>\n<li><strong>Flexibilitate de reziliere:<\/strong> Unele contracte au un preaviz de 90 de zile, altele au 180 de zile. Unele au taxe de ie\u0219ire, altele nu.<\/li>\n<li><strong>Alocarea riscurilor:<\/strong> Cine suport\u0103 riscul pentru problemele de calitate? E\u0219ecurile de livrare? Volatilitatea pre\u021burilor?<\/li>\n<\/ul>\n<p>Vede\u021bi tipare. Un furnizor ob\u021bine \u00een mod constant condi\u021bii mai bune. De ce? Fie ave\u021bi o rela\u021bie mai puternic\u0103 cu el, fie echipa dvs. a negociat mai bine. Oricum ar fi, acesta devine punctul dumneavoastr\u0103 de referin\u021b\u0103 pentru al\u021bi furnizori.<\/p>\n<p>Identifica\u021bi problemele. Un furnizor are condi\u021bii care sunt aberante - termene de plat\u0103 mai rele, angajamente mai stricte, penalit\u0103\u021bi mai mari. Este timpul s\u0103 renegocia\u021bi sau s\u0103 lua\u021bi \u00een considerare alternative.<\/p>\n<p>Negocierea contractelor devine strategic\u0103. \u0218ti\u021bi ce condi\u021bii sunt standard \u00een baza dumneavoastr\u0103 de furnizori. \u0218ti\u021bi unde ave\u021bi influen\u021b\u0103. Negocia\u021bi dintr-o pozi\u021bie de cunoa\u0219tere.<\/p>\n\n\n<h4 class=\"wp-block-heading\">Monitorizeaz\u0103 conformitatea cu termenii contractuali<\/h4>\n\n\n<p>Contractele conteaz\u0103 doar dac\u0103 ambele p\u0103r\u021bi le respect\u0103. Dar majoritatea companiilor nu verific\u0103 dac\u0103 furnizorii \u00ee\u0219i respect\u0103 angajamentele.<\/p>\n<p>AI monitorizeaz\u0103 \u00eendeplinirea contractului:<\/p>\n<ul>\n<li><strong>Respectarea pre\u021bului:<\/strong> Ni se percepe pre\u021bul contractat? Sunt aplicate reduceri? Cre\u0219terile de pre\u021b respect\u0103 termenii conveni\u021bi?<\/li>\n<li><strong>Urm\u0103rirea angajamentelor de volum:<\/strong> Ne \u00eendeplinim obliga\u021biile minime de achizi\u021bie? Am atins praguri de volum care ar trebui s\u0103 genereze pre\u021buri mai bune?<\/li>\n<li><strong>Performan\u021ba livr\u0103rii:<\/strong> Respect\u0103 furnizorul termenele de livrare promise? C\u00e2t de des rateaz\u0103? Cu c\u00e2t?<\/li>\n<li><strong>Standarde de calitate:<\/strong> Ratele defectelor. Ratele de returnare. Parametrii de calitate \u00een raport cu standardele contractate.<\/li>\n<li><strong>Respectarea nivelului de servicii:<\/strong> Timpii de r\u0103spuns. Rezolvarea problemelor. Disponibilitatea asisten\u021bei. Orice a fost promis \u00een SLA.<\/li>\n<li><strong>Conformitatea documenta\u021biei:<\/strong> Certific\u0103rile necesare sunt actualizate? Este men\u021binut\u0103 acoperirea de asigurare? Sunt finalizate auditurile?<\/li>\n<\/ul>\n<p>Inteligen\u021ba artificial\u0103 conecteaz\u0103 termenii contractuali la datele opera\u021bionale. Aceasta nu \u0219tie doar ce s-a promis, ci urm\u0103re\u0219te \u0219i dac\u0103 se livreaz\u0103.<\/p>\n<p>Un furnizor se angajeaz\u0103 s\u0103 livreze la timp 95%, dar livreaz\u0103 la timp doar 80% din timp? Inteligen\u021ba artificial\u0103 \u00eel semnaleaz\u0103 cu date. Este timpul pentru o discu\u021bie privind performan\u021ba furnizorului, sus\u021binut\u0103 de fapte.<\/p>\n<p>Vi se factureaz\u0103 mai mult dec\u00e2t pre\u021bul contractual? Inteligen\u021ba Artificial\u0103 detecteaz\u0103 acest lucru \u00eenainte s\u0103 pl\u0103ti\u021bi factura, nu luni mai t\u00e2rziu, \u00een timpul unui audit.<\/p>\n<p>Nu este vorba despre a fi \u00een contradictoriu cu furnizorii. Este vorba despre responsabilitate. Ambele p\u0103r\u021bi au fost de acord cu termenii. AI se asigur\u0103 c\u0103 ambele p\u0103r\u021bi le respect\u0103.<\/p>\n\n\n<h4 class=\"wp-block-heading\">Sugera\u021bi puncte de negociere pentru re\u00eennoiri<\/h4>\n\n\n<p>Se apropie re\u00eennoirea contractului. Este timpul s\u0103 negocia\u021bi. Dar ce ar trebui s\u0103 negocia\u021bi?<\/p>\n<p>AI furnizeaz\u0103 un dosar de negociere:<\/p>\n<ul>\n<li><strong>Analiza performan\u021bei:<\/strong> Cum a performat furnizorul? Unde \u0219i-a \u00eendeplinit angajamentele? Unde au e\u0219uat?<\/li>\n<li><strong>Pre\u021b de referin\u021b\u0103:<\/strong> Cum se compar\u0103 pre\u021burile acestui furnizor cu cele ale altora? Cu tarifele pie\u021bei? Au crescut pre\u021burile pe parcursul perioadei contractuale?<\/li>\n<li><strong>Analiza volumului:<\/strong> Ne-am \u00eendeplinit angajamentele privind volumul? Dac\u0103 le-am dep\u0103\u0219it, ar trebui s\u0103 negociem tarife mai bune? Dac\u0103 nu am reu\u0219it, ar trebui s\u0103 ajust\u0103m angajamentele?<\/li>\n<li><strong>Compararea termenelor:<\/strong> Cum se compar\u0103 condi\u021biile acestui furnizor cu cele ale celorlal\u021bi furnizori ai dumneavoastr\u0103? Unde exist\u0103 oportunit\u0103\u021bi de \u00eembun\u0103t\u0103\u021bire?<\/li>\n<li><strong>Informa\u021bii de pia\u021b\u0103:<\/strong> Ce se \u00eent\u00e2mpl\u0103 pe pia\u021b\u0103? Se schimb\u0103 condi\u021biile de aprovizionare? Sunt disponibili noi furnizori?<\/li>\n<li><strong>Evaluarea efectului de levier:<\/strong> Unde ave\u021bi p\u00e2rghii de negociere? Concentrarea volumului? Furnizori alternativi? Recorduri puternice de performan\u021b\u0103?<\/li>\n<\/ul>\n<p>Intra\u021bi \u00een negocierile de re\u00eennoire cu date. Nu cere\u021bi doar \"condi\u021bii mai bune\". Cere\u021bi \u00eembun\u0103t\u0103\u021biri specifice sus\u021binute de date de performan\u021b\u0103 \u0219i de contextul pie\u021bei.<\/p>\n<p>\"Rata dvs. de livrare la timp a fost de 82%, sub 95% c\u00e2t am contractat. Avem nevoie fie de performan\u021be \u00eembun\u0103t\u0103\u021bite, fie de pre\u021buri ajustate pentru a reflecta costurile suplimentare pe care acest lucru ni le provoac\u0103.\"<\/p>\n<p>\"Ne-am dep\u0103\u0219it angajamentul de volum cu 30%. Ar trebui s\u0103 discut\u0103m despre \u00eembun\u0103t\u0103\u021birea pre\u021burilor pentru acest volum crescut.\"<\/p>\n<p>\"Furnizorii comparabili ofer\u0103 condi\u021bii net 45. Am dori s\u0103 ajust\u0103m de la net 30 pentru a corespunde standardelor pie\u021bei.\"<\/p>\n<p>Specific. Sprijinite de date. rezonabile. Tipul de negociere care ob\u021bine rezultate.<\/p>\n\n\n<hr class=\"wp-block-separator has-alpha-channel-opacity\"\/>\n\n\n\n<h3 class=\"wp-block-heading\">Ce \u00eenseamn\u0103 acest lucru pentru dvs.<\/h3>\n\n\n\n<h4 class=\"wp-block-heading\">Pentru CPO \u0219i liderii din domeniul achizi\u021biilor<\/h4>\n\n\n<p>Ave\u021bi vizibilitate \u0219i control total asupra portofoliului dvs. de contracte.<\/p>\n<ul>\n<li><strong>Nicio re\u00eennoire ratat\u0103:<\/strong> Urm\u0103rirea fiec\u0103rei date critice. Alerte \u00eenainte de trecerea termenelor limit\u0103. Timp pentru a lua decizii strategice.<\/li>\n<li><strong>O pozi\u021bie de negociere mai bun\u0103:<\/strong> Date de performan\u021b\u0103. Referin\u021be de pia\u021b\u0103. Compara\u021bii \u00eentre termene. Dovezi pentru negocieri.<\/li>\n<li><strong>Vizibilitate \u00een ceea ce prive\u0219te obliga\u021biile contractuale:<\/strong> \u0218ti\u021bi la ce v-a\u021bi angajat. Urm\u0103ri\u021bi dac\u0103 angajamentele sunt \u00eendeplinite.<\/li>\n<li><strong>Termeni standardiza\u021bi:<\/strong> Vede\u021bi unde variaz\u0103 condi\u021biile \u00eentre furnizori. Promova\u021bi consecven\u021ba acolo unde are sens.<\/li>\n<li><strong>Gestionarea riscurilor:<\/strong> Afla\u021bi unde ave\u021bi condi\u021bii nefavorabile. Identifica\u021bi contractele care necesit\u0103 aten\u021bie.<\/li>\n<\/ul>\n\n\n<h4 class=\"wp-block-heading\">Pentru managerii de achizi\u021bii \u0219i cump\u0103r\u0103tori<\/h4>\n\n\n<p>Gestiona\u021bi contracte \u00een loc s\u0103 c\u0103uta\u021bi informa\u021bii.<\/p>\n<ul>\n<li><strong>Afla\u021bi ce este prev\u0103zut \u00een contractele dumneavoastr\u0103:<\/strong> F\u0103r\u0103 a citi din nou fiecare pagin\u0103. Termeni cheie extra\u0219i \u0219i disponibili.<\/li>\n<li><strong>Preg\u0103ti\u021bi re\u00eennoirile cu date:<\/strong> Analiza performan\u021bei. Contextul pie\u021bei. Puncte de negociere preg\u0103tite.<\/li>\n<li><strong>Urm\u0103ri\u021bi performan\u021ba furnizorilor:<\/strong> \u00cen raport cu angajamentele contractate. Dovezi pentru discu\u021biile cu furnizorii.<\/li>\n<li><strong>Asigura\u021bi respectarea pre\u021burilor:<\/strong> Valida\u021bi tarifele \u00een raport cu termenii contractuali. Identifica\u021bi suprataxele \u00eenainte de plat\u0103.<\/li>\n<li><strong>Concentra\u021bi-v\u0103 asupra contractelor strategice:<\/strong> Contracte de rutin\u0103 monitorizate automat. V\u0103 concentra\u021bi asupra contractelor complexe, de mare valoare.<\/li>\n<\/ul>\n\n\n<h4 class=\"wp-block-heading\">Pentru afaceri<\/h4>\n\n\n<p>O mai bun\u0103 gestionare a contractelor \u00eenseamn\u0103 condi\u021bii mai bune \u0219i mai pu\u021bine probleme.<\/p>\n<ul>\n<li><strong>Condi\u021bii contractuale mai bune:<\/strong> Negocierile de re\u00eennoire sus\u021binute de date au rezultate mai bune dec\u00e2t re\u00eennoirile reactive.<\/li>\n<li><strong>Furnizorii sunt tra\u0219i la r\u0103spundere:<\/strong> Urm\u0103rirea performan\u021belor asigur\u0103 c\u0103 furnizorii \u00ee\u0219i \u00eendeplinesc promisiunile.<\/li>\n<li><strong>Bani care nu sunt l\u0103sa\u021bi pe mas\u0103:<\/strong> Verificarea respect\u0103rii pre\u021burilor. Realizarea reducerilor de volum. Utilizarea strategic\u0103 a ferestrelor de reziliere.<\/li>\n<li><strong>Reducerea riscurilor:<\/strong> Urm\u0103rirea obliga\u021biilor contractuale. Monitorizarea conformit\u0103\u021bii. Semnalarea timpurie a problemelor.<\/li>\n<li><strong>Flexibilitate strategic\u0103:<\/strong> S\u0103 \u0219ti\u021bi c\u00e2nd expir\u0103 contractele. Planifica\u021bi tranzi\u021biile c\u0103tre furnizori. Evita\u021bi re\u00eennoirile automate nedorite.<\/li>\n<\/ul>\n\n\n<hr class=\"wp-block-separator has-alpha-channel-opacity\"\/>\n\n\n\n<h3 class=\"wp-block-heading\">Ce nu va face inteligen\u021ba artificial\u0103<\/h3>\n\n\n<p>S\u0103 fim clari cu privire la limite.<\/p>\n<p>IA nu negociaz\u0103 contracte. Oamenii negociaz\u0103. Inteligen\u021ba artificial\u0103 furnizeaz\u0103 date \u0219i analize pentru a fundamenta negocierile.<\/p>\n<p>Inteligen\u021ba artificial\u0103 nu interpreteaz\u0103 limbajul contractual ambiguu asupra c\u0103ruia chiar \u0219i avoca\u021bii nu sunt de acord. Interpretarea juridic\u0103 complex\u0103 necesit\u0103 \u00een continuare expertiz\u0103 uman\u0103.<\/p>\n<p>AI nu ia decizii strategice cu privire la re\u00eennoirea contractelor. Decizia de a re\u00eennoi, de a renegocia sau de a schimba furnizorul depinde de strategia de afaceri, de rela\u021bii \u0219i de factori care dep\u0103\u0219esc termenii contractuali.<\/p>\n<p>Ceea ce face AI este s\u0103 fac\u0103 accesibile informa\u021biile contractuale. Urm\u0103re\u0219te datele \u0219i obliga\u021biile. Monitorizeaz\u0103 conformitatea. Furnizeaz\u0103 date pentru luarea deciziilor.<\/p>\n<p>Echipa dvs. de achizi\u021bii ia \u00een continuare decizii strategice. Doar c\u0103 le ia cu informa\u021bii mai bune \u0219i mai mult timp, deoarece nu se \u00eeneac\u0103 \u00een administrarea contractelor.<\/p>\n\n\n<hr class=\"wp-block-separator has-alpha-channel-opacity\"\/>\n\n\n\n<h3 class=\"wp-block-heading\">Rezultate reale ale AI pentru gestionarea contractelor<\/h3>\n\n\n<p>Iat\u0103 cum arat\u0103 acest lucru \u00een practic\u0103:<\/p>\n\n<p><strong>Zero re\u00eennoiri ratate:<\/strong> Urm\u0103rirea fiec\u0103rei re\u00eennoiri. Alerte trimise cu timp pentru a ac\u021biona strategic. Gata cu re\u00eennoirile automate nedorite.<\/p>\n\n<p><strong>Condi\u021bii de re\u00eennoire mai bune:<\/strong> Negocierile bazate pe date ob\u021bin \u00een medie pre\u021buri mai bune 5-15%. Discu\u021biile bazate pe performan\u021b\u0103 consolideaz\u0103 termenii.<\/p>\n\n<p><strong>Economii la respectarea pre\u021burilor:<\/strong> Prin detectarea suprataxelor \u0219i a reducerilor lips\u0103 se economisesc de obicei 2-5% din cheltuielile contractuale.<\/p>\n\n<p><strong>Acces mai rapid la contracte:<\/strong> G\u0103sirea termenilor cheie dureaz\u0103 c\u00e2teva secunde, nu ore \u00eentregi de citit documente. R\u0103spuns imediat la \u00eentreb\u0103ri.<\/p>\n\n<p><strong>Responsabilitatea furnizorilor:<\/strong> Urm\u0103rirea performan\u021bei creeaz\u0103 dovezi pentru discu\u021bii. Furnizorii \u00ee\u0219i iau angajamentele mai \u00een serios atunci c\u00e2nd sunt monitoriza\u021bi.<\/p>\n\n<p>Nu este vorba despre o schimbare revolu\u021bionar\u0103. Este vorba despre gestionarea corect\u0103 a contractelor, f\u0103r\u0103 a avea nevoie de o armat\u0103 de oameni pentru a o face.<\/p>\n\n\n<hr class=\"wp-block-separator has-alpha-channel-opacity\"\/>\n\n\n\n<h3 class=\"wp-block-heading\">Sunte\u021bi gata s\u0103 prelua\u021bi controlul asupra contractelor dumneavoastr\u0103?<\/h3>\n\n\n<p>Portofoliul de contracte al fiec\u0103rei companii este diferit. Furnizori diferi\u021bi. Structuri diferite ale contractelor. Termeni diferi\u021bi care conteaz\u0103 pentru afacerea dvs.<\/p>\n<p>Noi nu vindem sisteme generice de gestionare a contractelor. Ne uit\u0103m la contractele dvs. specifice \u0219i identific\u0103m ceea ce trebuie urm\u0103rit. Construim sisteme care extrag termenii care conteaz\u0103 pentru dumneavoastr\u0103. Cre\u0103m alerte \u0219i rapoarte care se potrivesc cu modul de lucru al echipei dvs. de achizi\u021bii.<\/p>\n<p>Nu promitem c\u0103 AI va \u00een\u021belege fiecare nuan\u021b\u0103 juridic\u0103. Doar instrumente practice care v\u0103 fac contractele u\u0219or de gestionat \u0219i v\u0103 asigur\u0103 c\u0103 nu pierde\u021bi ceea ce conteaz\u0103.<\/p>\n\n<p><a href=\"https:\/\/www.leaplytics.de\/ro\/kontakt\/\">S\u0103 vorbim despre gestionarea contractelor dvs.<\/a><\/p>\n\n<p><a href=\"https:\/\/www.leaplytics.de\/ro\/aprovizionare-achizitii-ai\/\">\u00cenapoi la Sourcing &amp; Achizi\u021bii AI<\/a><\/p>","protected":false},"excerpt":{"rendered":"<p>AI for Contract Management: Never Miss a Renewal, Never Lose Track of Terms Contracts are everywhere in procurement. Supplier agreements. Service contracts. Volume commitments. Licensing deals. Framework agreements. Each one has terms that matter. Prices. Volumes. Renewal dates. Termination clauses. Service level agreements. Penalty terms. The details that determine whether you&#8217;re getting value or getting &hellip; <\/p>","protected":false},"author":2,"featured_media":0,"parent":0,"menu_order":0,"comment_status":"closed","ping_status":"closed","template":"","meta":{"footnotes":""},"class_list":["post-14510","page","type-page","status-publish","hentry","latest_post"],"_links":{"self":[{"href":"https:\/\/www.leaplytics.de\/ro\/wp-json\/wp\/v2\/pages\/14510","targetHints":{"allow":["GET"]}}],"collection":[{"href":"https:\/\/www.leaplytics.de\/ro\/wp-json\/wp\/v2\/pages"}],"about":[{"href":"https:\/\/www.leaplytics.de\/ro\/wp-json\/wp\/v2\/types\/page"}],"author":[{"embeddable":true,"href":"https:\/\/www.leaplytics.de\/ro\/wp-json\/wp\/v2\/users\/2"}],"replies":[{"embeddable":true,"href":"https:\/\/www.leaplytics.de\/ro\/wp-json\/wp\/v2\/comments?post=14510"}],"version-history":[{"count":1,"href":"https:\/\/www.leaplytics.de\/ro\/wp-json\/wp\/v2\/pages\/14510\/revisions"}],"predecessor-version":[{"id":14516,"href":"https:\/\/www.leaplytics.de\/ro\/wp-json\/wp\/v2\/pages\/14510\/revisions\/14516"}],"wp:attachment":[{"href":"https:\/\/www.leaplytics.de\/ro\/wp-json\/wp\/v2\/media?parent=14510"}],"curies":[{"name":"wp","href":"https:\/\/api.w.org\/{rel}","templated":true}]}}