{"id":14512,"date":"2025-12-19T02:02:44","date_gmt":"2025-12-19T01:02:44","guid":{"rendered":"https:\/\/www.leaplytics.de\/?page_id=14512"},"modified":"2025-12-19T02:02:45","modified_gmt":"2025-12-19T01:02:45","slug":"analiza-cheltuielilor-optimizare-ai","status":"publish","type":"page","link":"https:\/\/www.leaplytics.de\/ro\/analiza-cheltuielilor-optimizare-ai\/","title":{"rendered":"Analiza \u0219i optimizarea cheltuielilor AI"},"content":{"rendered":"<h2>Inteligen\u021ba artificial\u0103 pentru analiza \u0219i optimizarea cheltuielilor: G\u0103si\u021bi banii pe care \u00eei l\u0103sa\u021bi pe mas\u0103<\/h2>\n\n<p>Cheltui\u021bi milioane. Dar unde anume? Care furnizori? Ce categorii? La ce pre\u021buri? Comparativ cu ceea ce ar trebui s\u0103 pl\u0103ti\u021bi?<\/p>\n<p>Majoritatea companiilor nu pot r\u0103spunde la aceste \u00eentreb\u0103ri. Nu pentru c\u0103 nu urm\u0103resc cheltuielile. Au ERP-uri. Au sisteme de achizi\u021bii. Au date.<\/p>\n<p>Dar datele sunt dezordonate. Formate diferite. Sisteme diferite. Coduri diferite. Analizarea manual\u0103 a acestora \u00eenseamn\u0103 s\u0103pt\u0103m\u00e2ni de munc\u0103 pentru crearea de foi de calcul care sunt dep\u0103\u0219ite \u00een momentul \u00een care termina\u021bi.<\/p>\n<p>A\u0219adar, echipele de achizi\u021bii opereaz\u0103 orbe\u0219te. Ele cunosc cheltuielile totale. Dar nu \u0219tiu unde sunt oportunit\u0103\u021bile de economisire. Unde pre\u021burile sunt prea mari. Unde volumul ar putea fi consolidat. Unde au loc cheltuieli nebune\u0219ti.<\/p>\n<p>Inteligen\u021ba artificial\u0103 rezolv\u0103 acest lucru. Cur\u0103\u021b\u0103 datele. Categorizeaz\u0103 automat cheltuielile. Identific\u0103 oportunit\u0103\u021bile de economisire. Depisteaz\u0103 cheltuielile neconformiste. V\u0103 ofer\u0103 vizibilitate pe care nu a\u021bi avut niciodat\u0103 timp s\u0103 o crea\u021bi manual.<\/p>\n\n\n<hr class=\"wp-block-separator has-alpha-channel-opacity\"\/>\n\n\n\n<h3 class=\"wp-block-heading\">De ce e\u0219ueaz\u0103 analiza cheltuielilor la majoritatea companiilor<\/h3>\n\n\n<p>Analiza cheltuielilor ar trebui s\u0103 fie simpl\u0103. Extrage\u021bi datele privind achizi\u021biile. Analiza\u021bi-le. G\u0103si\u021bi oportunit\u0103\u021bi. Ac\u021biona\u021bi asupra acestora.<\/p>\n<p>Dar nu este simplu. Iat\u0103 de ce.<\/p>\n<p>Datele dvs. privind cheltuielile sunt peste tot. Sisteme diferite. Diferite formate. Tranzac\u021bii ERP. Date P-card. Facturi ale furnizorilor. Fiecare codificate diferit. Fiecare structurat diferit.<\/p>\n<p>Acela\u0219i furnizor are cinci nume diferite \u00een sistemul dvs. \"ABC Corp.\" \"ABC Corporation.\" \"ABC Co.\" \"A.B.C. Corp.\" \"ABC - Furnizor 12345\". Sunt ace\u0219tia acela\u0219i furnizor sau diferi\u021bi? Nimeni nu \u0219tie f\u0103r\u0103 o verificare manual\u0103.<\/p>\n<p>Acela\u0219i produs este clasificat diferit de c\u0103tre diferi\u021bi cump\u0103r\u0103tori. Rechizite de birou. Consumabile generale. Cheltuieli administrative. MRO. Sunt acestea acela\u0219i lucru? Probabil c\u0103 da. V\u0103 pute\u021bi da seama din date? Nu cu u\u0219urin\u021b\u0103.<\/p>\n<p>Deci ai nevoie de un proiect. O echip\u0103. S\u0103pt\u0103m\u00e2ni \u00eentregi de cur\u0103\u021bare a datelor. Revizuirea \u0219i corectarea manual\u0103 a \u00eenregistr\u0103rilor. Crearea de categorii. Crearea de rapoarte.<\/p>\n<p>\u00cen momentul \u00een care termina\u021bi, datele sunt vechi. Condi\u021biile s-au schimbat. Analiza se afl\u0103 \u00eentr-un PowerPoint pe baza c\u0103ruia nimeni nu ac\u021bioneaz\u0103 pentru c\u0103 a durat prea mult \u0219i a costat prea mult.<\/p>\n<p>Sau, mai frecvent, nu face\u021bi deloc analiza. Pentru c\u0103 nimeni nu are timp. A\u0219a c\u0103 achizi\u021biile func\u021bioneaz\u0103 pe baza instinctului \u0219i a informa\u021biilor par\u021biale. Oportunit\u0103\u021bile de economisire nu sunt descoperite. Problemele trec neobservate.<\/p>\n\n\n<hr class=\"wp-block-separator has-alpha-channel-opacity\"\/>\n\n\n\n<h3 class=\"wp-block-heading\">Ce face AI pentru analiza \u0219i optimizarea cheltuielilor<\/h3>\n\n\n<p>Inteligen\u021ba artificial\u0103 nu doar accelereaz\u0103 analiza cheltuielilor. O face continu\u0103. Iat\u0103 cum.<\/p>\n\n\n<h4 class=\"wp-block-heading\">Categorizeaz\u0103 automat cheltuielile<\/h4>\n\n\n<p>Inteligen\u021ba artificial\u0103 preia datele dvs. brute privind cheltuielile. Toate datele. Din fiecare sistem.<\/p>\n<p>\u00cel cur\u0103\u021b\u0103:<\/p>\n<ul>\n<li><strong>Normalizarea furnizorilor:<\/strong> Identific\u0103 faptul c\u0103 \"ABC Corp\", \"ABC Corporation\" \u0219i \"A.B.C. Corp\" sunt acela\u0219i furnizor. Creeaz\u0103 o list\u0103 principal\u0103 de furnizori.<\/li>\n<li><strong>Clasificarea pe categorii:<\/strong> Cite\u0219te descrierile tranzac\u021biilor. Atribuie categorii \u00een mod automat. \u00cen mod consecvent.<\/li>\n<li><strong>Gruparea produselor:<\/strong> Grupeaz\u0103 articole similare chiar dac\u0103 sunt descrise diferit. \"H\u00e2rtia pentru copiatoare\" \u0219i \"h\u00e2rtia pentru imprimant\u0103\" apar\u021bin probabil aceluia\u0219i grup.<\/li>\n<li><strong>Validarea codului GL:<\/strong> Identific\u0103 tranzac\u021biile codificate gre\u0219it. Propune corec\u021bii pe baza modelelor.<\/li>\n<li><strong>Cartografierea departamentelor \u0219i a centrelor de costuri:<\/strong> Leag\u0103 cheltuielile de unit\u0103\u021bile organiza\u021bionale chiar \u0219i atunci c\u00e2nd codificarea este inconsecvent\u0103.<\/li>\n<\/ul>\n<p>Trece\u021bi de la date dezordonate privind tranzac\u021biile la cheltuieli curate \u0219i categorizate. Nu \u00een s\u0103pt\u0103m\u00e2ni. \u00cen ore.<\/p>\n<p>\u0218i nu este o cur\u0103\u021bare unic\u0103. Inteligen\u021ba artificial\u0103 clasific\u0103 noile tranzac\u021bii pe m\u0103sur\u0103 ce acestea au loc. Vizibilitate continu\u0103 a cheltuielilor f\u0103r\u0103 munc\u0103 manual\u0103 continu\u0103.<\/p>\n<p>Pute\u021bi r\u0103spunde imediat la \u00eentreb\u0103ri de baz\u0103:<\/p>\n<ul>\n<li>C\u00e2t cheltuim cu fiecare furnizor?<\/li>\n<li>Care sunt principalele noastre categorii de cheltuieli?<\/li>\n<li>Care departamente cheltuiesc cel mai mult pe fiecare categorie?<\/li>\n<li>Cum s-au schimbat cheltuielile de-a lungul timpului?<\/li>\n<\/ul>\n<p>\u00centreb\u0103rile care \u00eenainte necesitau un analist de date dureaz\u0103 acum c\u00e2teva secunde.<\/p>\n\n\n<h4 class=\"wp-block-heading\">Identific\u0103 oportunit\u0103\u021bile de economisire<\/h4>\n\n\n<p>Datele curate sunt utile. Dar cuno\u0219tin\u021bele sunt valoroase. Inteligen\u021ba artificial\u0103 nu doar organizeaz\u0103 cheltuielile, ci descoper\u0103 \u0219i unde pierde\u021bi bani.<\/p>\n\n<p><strong>Analiza varia\u021biei pre\u021burilor:<\/strong><\/p>\n<p>Cump\u0103ra\u021bi acela\u0219i articol de la trei furnizori la trei pre\u021buri diferite. Sau de la acela\u0219i furnizor la pre\u021buri diferite \u00een tranzac\u021bii diferite.<\/p>\n<p>AI identific\u0103 aceste varia\u021bii:<\/p>\n<ul>\n<li>Acela\u0219i produs, pre\u021buri diferite \u00eentre furnizori<\/li>\n<li>Acela\u0219i furnizor, pre\u021buri inconsecvente \u00eentre tranzac\u021bii<\/li>\n<li>Produse similare cu diferen\u021be de pre\u021b inexplicabile<\/li>\n<li>Pre\u021buri mai mari dec\u00e2t ratele contractate<\/li>\n<li>Cre\u0219teri de pre\u021buri care dep\u0103\u0219esc condi\u021biile de pia\u021b\u0103 sau contractuale<\/li>\n<\/ul>\n<p>Acesta cuantific\u0103 oportunitatea: \"Standardizarea la cel mai mic pre\u021b ar economisi $X anual.\"<\/p>\n\n<p><strong>Oportunit\u0103\u021bi de consolidare a volumului:<\/strong><\/p>\n<p>Cump\u0103ra\u021bi de la cinci furnizori, c\u00e2nd a\u021bi putea s\u0103 v\u0103 consolida\u021bi cu doi. Cump\u0103ra\u021bi cantit\u0103\u021bi mici, \u00een timp ce comenzile mai mari ar debloca reduceri.<\/p>\n<p>Inteligen\u021ba artificial\u0103 g\u0103se\u0219te oportunit\u0103\u021bi de consolidare:<\/p>\n<ul>\n<li>Categorii cu prea mul\u021bi furnizori pentru volum<\/li>\n<li>Furnizori la care sunte\u021bi chiar sub pragurile de spargere a volumului<\/li>\n<li>Produse similare de la furnizori diferi\u021bi care ar putea fi standardizate<\/li>\n<li>Oportunit\u0103\u021bi geografice de consolidare a cheltuielilor regionale<\/li>\n<li>Contracte cu angajamente de volum pe care nu le respecta\u021bi<\/li>\n<\/ul>\n<p>Acesta modeleaz\u0103 economiile: \"Consolidarea acestor cinci furnizori cu furnizorul A ar reduce costul unitar cu 12% \u0219i ar simplifica gestionarea.\"<\/p>\n\n<p><strong>Detectarea scurgerilor din contracte:<\/strong><\/p>\n<p>A\u021bi negociat un contract excelent. Dar \u00eel folosi\u021bi? Sau oamenii continu\u0103 s\u0103 cumpere de la vechiul furnizor?<\/p>\n<p>AI urm\u0103re\u0219te utilizarea contractelor:<\/p>\n<ul>\n<li>Cheltuieli cu furnizorii necontractan\u021bi pentru categoriile contractate<\/li>\n<li>Volumul nu atinge minimele contractate (pierderea reducerilor de volum)<\/li>\n<li>Pre\u021buri care nu corespund tarifelor contractate<\/li>\n<li>Condi\u021bii care nu corespund acordurilor negociate<\/li>\n<\/ul>\n<p>Acesta cuantific\u0103 ceea ce pierde\u021bi: \"20% din cheltuielile cu furnituri de birou se \u00eendreapt\u0103 c\u0103tre furnizori f\u0103r\u0103 contract, la pre\u021buri medii cu 15% mai mari. Economii anuale poten\u021biale: $X\".<\/p>\n\n<p><strong>Oportunit\u0103\u021bi de cheltuire a cozii:<\/strong><\/p>\n<p>Achizi\u021bii mici cu sute de furnizori. Individual, acestea nu conteaz\u0103. Colectiv, reprezint\u0103 cheltuieli semnificative, f\u0103r\u0103 efect de p\u00e2rghie \u0219i cu costuri administrative ridicate.<\/p>\n<p>Inteligen\u021ba artificial\u0103 identific\u0103 modelele de cheltuieli:<\/p>\n<ul>\n<li>Categorii cu fragmentare excesiv\u0103 a furnizorilor<\/li>\n<li>Furnizori cu cheltuieli anuale minime, dar tranzac\u021bii frecvente<\/li>\n<li>Oportunit\u0103\u021bi de a transfera cheltuielile cu coada c\u0103tre furnizorii prefera\u021bi<\/li>\n<li>Categorii \u00een care cataloagele sau cardurile de achizi\u021bii ar reduce fragmentarea<\/li>\n<\/ul>\n\n\n<h4 class=\"wp-block-heading\">Detecteaz\u0103 cheltuielile neserioase<\/h4>\n\n\n<p>Cheltuielile Maverick sunt achizi\u021bii care au loc \u00een afara proceselor \u0219i furnizorilor aproba\u021bi. Nu sunt r\u0103u inten\u021bionate. Sunt oameni care \u00eencearc\u0103 s\u0103 \u00ee\u0219i fac\u0103 treaba atunci c\u00e2nd procesul aprobat este prea lent.<\/p>\n<p>Dar cost\u0103 bani. Nu exist\u0103 p\u00e2rghii de volum. F\u0103r\u0103 condi\u021bii negociate. Nu exist\u0103 vizibilitate a cheltuielilor. Pre\u021buri adesea mai mari.<\/p>\n<p>Inteligen\u021ba artificial\u0103 identific\u0103 modelele de cheltuieli neconformiste:<\/p>\n<ul>\n<li><strong>Achizi\u021bii \u00een afara contractului:<\/strong> Achizi\u021bionarea de la furnizori neprefera\u021bi atunci c\u00e2nd exist\u0103 op\u021biuni contractuale.<\/li>\n<li><strong>\u00cenc\u0103lc\u0103ri ale politicii:<\/strong> Achizi\u021bii care ocolesc cerin\u021bele de aprobare sau dep\u0103\u0219esc limitele de delegare.<\/li>\n<li><strong>Utilizarea abuziv\u0103 a cardului P:<\/strong> Achizi\u021bii de carduri corporative pentru articole care ar trebui s\u0103 treac\u0103 prin achizi\u021bii.<\/li>\n<li><strong>Furnizori duplica\u021bi:<\/strong> departamente diferite utilizeaz\u0103 furnizori diferi\u021bi pentru acelea\u0219i articole.<\/li>\n<li><strong>Furnizori neaproba\u021bi:<\/strong> Achizi\u021bii de la furnizori care nu figureaz\u0103 pe lista de furnizori aprobat\u0103.<\/li>\n<\/ul>\n<p>Nu doar semnaleaz\u0103 \u00eenc\u0103lc\u0103rile. Analizeaz\u0103 de ce au loc:<\/p>\n<ul>\n<li>Procesul de aprobare este prea lent?<\/li>\n<li>Furnizorii prefera\u021bi nu r\u0103spund nevoilor?<\/li>\n<li>Oamenii nu \u0219tiu cine sunt furnizorii prefera\u021bi?<\/li>\n<li>Exist\u0103 lacune legitime \u00een baza dumneavoastr\u0103 de furnizori?<\/li>\n<\/ul>\n<p>Ve\u021bi ob\u021bine informa\u021bii concrete. Nu doar \"cheltuielile neconformiste sunt rele\", ci \"cheltuielile neconformiste au loc \u00een aceste categorii, din aceste motive, \u0219i iat\u0103 ce trebuie f\u0103cut \u00een aceast\u0103 privin\u021b\u0103\".<\/p>\n\n\n<h4 class=\"wp-block-heading\">Compara\u021bii cu ratele pie\u021bei<\/h4>\n\n\n<p>Pl\u0103ti\u021bi $50 pe unitate. Dar este asta bine? Nu po\u021bi \u0219ti f\u0103r\u0103 contextul pie\u021bei.<\/p>\n<p>Inteligen\u021ba Artificial\u0103 ofer\u0103 benchmarking:<\/p>\n<ul>\n<li><strong>Compararea pre\u021burilor de pia\u021b\u0103:<\/strong> Cum se compar\u0103 pre\u021burile dvs. cu ratele pie\u021bei pentru produse similare?<\/li>\n<li><strong>Repere din industrie:<\/strong> Cum se compar\u0103 cheltuielile dvs. cu cele ale companiilor similare din sectorul dvs. de activitate?<\/li>\n<li><strong>Varia\u021bie regional\u0103:<\/strong> Pl\u0103ti\u021bi pre\u021buri diferite \u00een regiuni diferite? Sunt justificate aceste diferen\u021be?<\/li>\n<li><strong>Analiza tendin\u021belor pre\u021burilor:<\/strong> Pre\u021burile pie\u021bei sunt \u00een cre\u0219tere sau \u00een sc\u0103dere? Pre\u021burile contractate de dvs. evolueaz\u0103 odat\u0103 cu pia\u021ba?<\/li>\n<li><strong>Modelarea ar trebui-cost:<\/strong> Pe baza costurilor materialelor, a for\u021bei de munc\u0103 \u0219i a marjelor, c\u00e2t ar trebui s\u0103 pl\u0103ti\u021bi?<\/li>\n<\/ul>\n<p>Acest lucru nu este perfect. Pre\u021burile pie\u021bei variaz\u0103 \u00een func\u021bie de volum, specifica\u021bii, niveluri de servicii \u0219i rela\u021bii. Dar orientarea este valoroas\u0103.<\/p>\n<p>Pl\u0103ti\u021bi 20% peste media pie\u021bei? Este timpul s\u0103 investiga\u021bi. Fie specifica\u021biile dvs. justific\u0103 un cost mai ridicat, fie ave\u021bi ocazia s\u0103 negocia\u021bi.<\/p>\n<p>Pre\u021burile de pe pia\u021b\u0103 au sc\u0103zut 10%, dar contractul dvs. nu a fost ajustat? Este timpul pentru o discu\u021bie cu furnizorul dumneavoastr\u0103.<\/p>\n\n\n<h4 class=\"wp-block-heading\">Previziuni Cheltuieli viitoare<\/h4>\n\n\n<p>\u00cen majoritatea companiilor, elaborarea bugetului este o presupunere. Cheltuielile de anul trecut plus un anumit procent. S\u0103 sper\u0103m c\u0103 este aproape.<\/p>\n<p>Inteligen\u021ba artificial\u0103 face previziuni bazate pe modele reale:<\/p>\n<ul>\n<li><strong>Analiza tendin\u021belor:<\/strong> Cum s-au schimbat cheltuielile de-a lungul istoriei? Care sunt modelele?<\/li>\n<li><strong>Sezonalitate:<\/strong> Ce categorii au varia\u021bii sezoniere? C\u00e2nd apar v\u00e2rfurile?<\/li>\n<li><strong>Angajamente contractuale:<\/strong> C\u00e2t sunte\u021bi obligat s\u0103 cheltui\u021bi pe baza contractelor existente?<\/li>\n<li><strong>Factori de cre\u0219tere:<\/strong> Cre\u0219terea activit\u0103\u021bii. Schimb\u0103ri de personal. Planuri de expansiune. Cum afecteaz\u0103 acestea cheltuielile?<\/li>\n<li><strong>Escaladarea pre\u021burilor:<\/strong> Cre\u0219teri contractuale ale pre\u021burilor. Tendin\u021bele pie\u021bei. Impactul preconizat al infla\u021biei.<\/li>\n<li><strong>Impactul ini\u021biativei:<\/strong> Cum vor afecta cheltuielile proiectele sau schimb\u0103rile planificate?<\/li>\n<\/ul>\n<p>Ob\u021bine\u021bi previziuni ale cheltuielilor pe categorii, pe furnizori, pe departamente. O mai bun\u0103 elaborare a bugetului. Avertizare timpurie atunci c\u00e2nd cheltuielile dep\u0103\u0219esc previziunile. Vizibilitate asupra a ceea ce determin\u0103 schimb\u0103rile.<\/p>\n<p>Finan\u021bele \u00eentreab\u0103: \"De ce cheltuielile din trimestrul al treilea sunt cu $200K peste buget?\" Pute\u021bi r\u0103spunde cu date, nu cu presupuneri.<\/p>\n\n\n<hr class=\"wp-block-separator has-alpha-channel-opacity\"\/>\n\n\n\n<h3 class=\"wp-block-heading\">Ce \u00eenseamn\u0103 acest lucru pentru dvs.<\/h3>\n\n\n\n<h4 class=\"wp-block-heading\">Pentru CPO \u0219i liderii din domeniul achizi\u021biilor<\/h4>\n\n\n<p>Ve\u021bi ob\u021bine vizibilitatea cheltuielilor pe care v-a\u021bi dorit-o \u00eentotdeauna, dar nu a\u021bi avut timp s\u0103 o crea\u021bi.<\/p>\n<ul>\n<li><strong>Vizibilitate clar\u0103 a cheltuielilor:<\/strong> Afla\u021bi unde se duc banii. Pe categorii. Pe furnizor. Pe departamente. \u00cen timp real.<\/li>\n<li><strong>Oportunit\u0103\u021bi cuantificate de economisire:<\/strong> Nu b\u0103nuieli. Oportunit\u0103\u021bi specifice \u00eenso\u021bite de sume \u00een dolari.<\/li>\n<li><strong>Date pentru a conduce negocierile:<\/strong> Repere de pia\u021b\u0103. Concentrarea cheltuielilor. Varia\u021biile de pre\u021b. Dovezi pentru oferte mai bune.<\/li>\n<li><strong>Managementul strategic al categoriilor:<\/strong> Identifica\u021bi categoriile care necesit\u0103 aten\u021bie. Prioritiza\u021bi eforturile \u00een func\u021bie de m\u0103rimea oportunit\u0103\u021bii.<\/li>\n<li><strong>M\u0103sur\u0103tori de performan\u021b\u0103 \u00een domeniul achizi\u021biilor publice:<\/strong> Urm\u0103rirea economiilor realizate. Respectarea contractului. Cheltuieli nebune\u0219ti. Tendin\u021bele costurilor pe categorii.<\/li>\n<\/ul>\n\n\n<h4 class=\"wp-block-heading\">Pentru managerii de achizi\u021bii \u0219i cump\u0103r\u0103tori<\/h4>\n\n\n<p>\u0218ti\u021bi unde s\u0103 v\u0103 concentra\u021bi eforturile pentru un impact maxim.<\/p>\n<ul>\n<li><strong>\u0218ti\u021bi unde se duc banii:<\/strong> F\u0103r\u0103 a petrece s\u0103pt\u0103m\u00e2ni \u00eentregi construind rapoarte. R\u0103spunsuri imediate la \u00eentreb\u0103rile privind cheltuielile.<\/li>\n<li><strong>Concentra\u021bi-v\u0103 pe categoriile cu impact ridicat:<\/strong> Vede\u021bi care sunt categoriile cu cele mai mari oportunit\u0103\u021bi de economisire. Prioritiza\u021bi strategic.<\/li>\n<li><strong>Obiective de consolidare a furnizorilor:<\/strong> Identifica\u021bi unde ave\u021bi prea mul\u021bi furnizori \u0219i ce ar putea economisi consolidarea.<\/li>\n<li><strong>Vizibilitatea respect\u0103rii contractului:<\/strong> Vede\u021bi unde nu sunt utiliza\u021bi termenii contracta\u021bi. Stimula\u021bi adoptarea.<\/li>\n<li><strong>Preg\u0103tirea pentru negociere:<\/strong> Participa\u021bi la discu\u021biile cu furnizorii cu date privind cheltuielile \u0219i contextul pie\u021bei.<\/li>\n<\/ul>\n\n\n<h4 class=\"wp-block-heading\">Pentru echipele financiare<\/h4>\n\n\n<p>Ve\u021bi ob\u021bine transparen\u021ba cheltuielilor \u0219i acurate\u021bea bugetului pe care nu le-a\u021bi avut niciodat\u0103.<\/p>\n<ul>\n<li><strong>O mai bun\u0103 acurate\u021be a bugetului:<\/strong> Previziuni bazate pe modele reale de cheltuieli, nu pe presupuneri.<\/li>\n<li><strong>Investi\u021bii justificate \u00een achizi\u021bii publice:<\/strong> Oportunit\u0103\u021bi de economisire documentate care justific\u0103 resursele de achizi\u021bie.<\/li>\n<li><strong>Economii documentate:<\/strong> Urm\u0103ri\u021bi economiile realizate din ini\u021biativele de achizi\u021bii. Afi\u0219a\u021bi ROI.<\/li>\n<li><strong>Analiza varian\u021bei:<\/strong> \u00cen\u021belege\u021bi de ce se modific\u0103 cheltuielile. Motivele reale, nu teoriile.<\/li>\n<li><strong>Controlul costurilor:<\/strong> Avertizare timpurie atunci c\u00e2nd cheltuielile dep\u0103\u0219esc bugetul. Este timpul s\u0103 ac\u021biona\u021bi \u00eenainte de a fi prea t\u00e2rziu.<\/li>\n<\/ul>\n\n\n<hr class=\"wp-block-separator has-alpha-channel-opacity\"\/>\n\n\n\n<h3 class=\"wp-block-heading\">Ce nu va face inteligen\u021ba artificial\u0103<\/h3>\n\n\n<p>S\u0103 clarific\u0103m ce nu este inteligen\u021ba artificial\u0103 \u00een analiza cheltuielilor.<\/p>\n<p>Inteligen\u021ba artificial\u0103 nu capteaz\u0103 economii \u00een mod automat. Ea identific\u0103 oportunit\u0103\u021bile. Oamenii trebuie s\u0103 ac\u021bioneze pe baza acestora. Negocia\u021bi cu furnizorii. Consolidarea volumului. S\u0103 impun\u0103 respectarea contractelor.<\/p>\n<p>Inteligen\u021ba artificial\u0103 nu \u00een\u021belege contextul f\u0103r\u0103 aportul uman. Uneori, pre\u021burile mai mari sunt justificate de calitate, servicii sau rela\u021bii strategice. Uneori, fragmentarea furnizorilor serve\u0219te unui scop. Inteligen\u021ba artificial\u0103 semnaleaz\u0103 cifrele; tu aplici ra\u021bionamentul comercial.<\/p>\n<p>Inteligen\u021ba artificial\u0103 nu rezolv\u0103 procesele de achizi\u021bii defectuoase. Dac\u0103 procesele dvs. sunt lente \u0219i oamenii le ocolesc, analiza cheltuielilor va ar\u0103ta problema. Dar remedierea acesteia necesit\u0103 \u00eembun\u0103t\u0103\u021birea proceselor, nu doar analiza.<\/p>\n<p>Ceea ce face AI este s\u0103 fac\u0103 cheltuielile vizibile. Arat\u0103 unde exist\u0103 oportunit\u0103\u021bi. Cuantificarea economiilor poten\u021biale. Urm\u0103re\u0219te progresul.<\/p>\n<p>Echipa dvs. de achizi\u021bii trebuie \u00een continuare s\u0103 fac\u0103 munca. Dar o face cu o direc\u021bie clar\u0103, nu prin presupuneri.<\/p>\n\n\n<hr class=\"wp-block-separator has-alpha-channel-opacity\"\/>\n\n\n\n<h3 class=\"wp-block-heading\">Rezultate reale ale AI pentru analiza cheltuielilor<\/h3>\n\n\n<p>Iat\u0103 cum arat\u0103 acest lucru \u00een practic\u0103:<\/p>\n\n<p><strong>Vizibilitate continu\u0103 a cheltuielilor:<\/strong> Gata cu proiectele trimestriale de analiz\u0103 a cheltuielilor. Categorizare \u0219i raportare \u00een timp real. R\u0103spuns imediat la \u00eentreb\u0103ri.<\/p>\n\n<p><strong>Identificarea economiilor:<\/strong> Companiile tipice g\u0103sesc oportunit\u0103\u021bi de economisire 8-15% \u00een prima analiz\u0103. Nu toate sunt realizabile, dar suficiente pentru a justifica efortul.<\/p>\n\n<p><strong>Strategie de categorie mai rapid\u0103:<\/strong> Identificarea oportunit\u0103\u021bilor pentru categorii, care dura s\u0103pt\u0103m\u00e2ni, dureaz\u0103 acum c\u00e2teva zile. Mai multe categorii gestionate strategic.<\/p>\n\n<p><strong>Negocieri mai bune:<\/strong> Cump\u0103r\u0103torii \u00eencep discu\u021biile cu date. Ob\u021bine\u021bi rezultate mai bune atunci c\u00e2nd v\u0103 cunoa\u0219te\u021bi cheltuielile, ratele pie\u021bei \u0219i punctele de influen\u021b\u0103.<\/p>\n\n<p><strong>Reducerea cheltuielilor de tip Maverick:<\/strong> Vizibilitatea determin\u0103 \u00eembun\u0103t\u0103\u021biri. Atunci c\u00e2nd m\u0103sura\u021bi \u0219i raporta\u021bi cheltuielile neconformiste, acestea scad. De obicei, reducerea este de 30-50% \u00een timp.<\/p>\n\n<p>Nu este vorba despre \u00eenlocuirea echipelor de achizi\u021bii cu AI. Este vorba despre a le oferi vizibilitate \u0219i instrumente pentru a fi mai strategice.<\/p>\n\n\n<hr class=\"wp-block-separator has-alpha-channel-opacity\"\/>\n\n\n\n<h3 class=\"wp-block-heading\">Sunte\u021bi gata s\u0103 vede\u021bi unde se duc banii dumneavoastr\u0103?<\/h3>\n\n\n<p>Datele de cheltuieli ale fiec\u0103rei companii sunt diferite. Sisteme diferite. Structuri diferite. Categorii diferite care conteaz\u0103 pentru afacerea dvs.<\/p>\n<p>Nu vindem instrumente unice de analiz\u0103 a cheltuielilor. Ne uit\u0103m la sursele dvs. de date specifice \u0219i la modelele de cheltuieli. Construim o categorizare care se potrive\u0219te cu modul \u00een care gestiona\u021bi categoriile. Cre\u0103m rapoarte \u0219i alerte care r\u0103spund \u00eentreb\u0103rilor dvs. specifice.<\/p>\n<p>Nu promitem c\u0103 ve\u021bi g\u0103si milioane de economii. Doar o vizibilitate clar\u0103 a locului \u00een care cheltui\u021bi banii \u0219i a oportunit\u0103\u021bilor existente.<\/p>\n\n<p><a href=\"https:\/\/www.leaplytics.de\/ro\/kontakt\/\">S\u0103 discut\u0103m despre nevoile dvs. de analiz\u0103 a cheltuielilor<\/a><\/p>\n\n<p><a href=\"https:\/\/www.leaplytics.de\/ro\/aprovizionare-achizitii-ai\/\">\u00cenapoi la Sourcing &amp; Achizi\u021bii AI<\/a><\/p>","protected":false},"excerpt":{"rendered":"<p>AI for Spend Analysis &#038; Optimization: Find the Money You&#8217;re Leaving on the Table You&#8217;re spending millions. But where exactly? Which suppliers? Which categories? At what prices? Compared to what you should be paying? Most companies can&#8217;t answer these questions. Not because they don&#8217;t track spending. They have ERPs. They have purchasing systems. They have &hellip; <\/p>","protected":false},"author":2,"featured_media":0,"parent":0,"menu_order":0,"comment_status":"closed","ping_status":"closed","template":"","meta":{"footnotes":""},"class_list":["post-14512","page","type-page","status-publish","hentry","latest_post"],"_links":{"self":[{"href":"https:\/\/www.leaplytics.de\/ro\/wp-json\/wp\/v2\/pages\/14512","targetHints":{"allow":["GET"]}}],"collection":[{"href":"https:\/\/www.leaplytics.de\/ro\/wp-json\/wp\/v2\/pages"}],"about":[{"href":"https:\/\/www.leaplytics.de\/ro\/wp-json\/wp\/v2\/types\/page"}],"author":[{"embeddable":true,"href":"https:\/\/www.leaplytics.de\/ro\/wp-json\/wp\/v2\/users\/2"}],"replies":[{"embeddable":true,"href":"https:\/\/www.leaplytics.de\/ro\/wp-json\/wp\/v2\/comments?post=14512"}],"version-history":[{"count":1,"href":"https:\/\/www.leaplytics.de\/ro\/wp-json\/wp\/v2\/pages\/14512\/revisions"}],"predecessor-version":[{"id":14520,"href":"https:\/\/www.leaplytics.de\/ro\/wp-json\/wp\/v2\/pages\/14512\/revisions\/14520"}],"wp:attachment":[{"href":"https:\/\/www.leaplytics.de\/ro\/wp-json\/wp\/v2\/media?parent=14512"}],"curies":[{"name":"wp","href":"https:\/\/api.w.org\/{rel}","templated":true}]}}