{"id":1785,"date":"2021-04-30T00:16:19","date_gmt":"2021-04-29T22:16:19","guid":{"rendered":"https:\/\/www.leaplytics.de\/?page_id=1785"},"modified":"2024-10-29T13:47:21","modified_gmt":"2024-10-29T12:47:21","slug":"suita-de-gestionare-a-proiectelor-pentru-qliksense","status":"publish","type":"page","link":"https:\/\/www.leaplytics.de\/ro\/prima-pagina\/extensii-qlik-sense\/suita-de-gestionare-a-proiectelor-pentru-qliksense\/","title":{"rendered":"Suita de gestionare a proiectelor pentru Qlik Sense"},"content":{"rendered":"<p>Scap\u0103 de patchwork-ul insuficient \u0219i imatur pentru managementul proiectelor \u00een Qlik Sense cu LeapLytics Project Management Suite!<\/p>\n\n\n\n<p>Suita de gestionare a proiectelor pentru Qlik Sense include tot ceea ce ave\u021bi nevoie pentru a crea o raportare cuprinz\u0103toare a st\u0103rii de gestionare a proiectelor. Acesta include 3 vizualiz\u0103ri unice: Semafor, matrice de risc \u0219i cronologie. \u00cen plus, ob\u021bine\u021bi extensiile necesare pentru a v\u0103 proiecta tabloul de bord pentru managementul proiectelor. Extensiile arat\u0103 o performan\u021b\u0103 ridicat\u0103, un nivel ridicat de maturitate \u0219i utilizabilitate, precum \u0219i flexibilitate pentru a se potrivi nevoilor dvs. individuale.<\/p>\n\n\n\n<p>Suita include Add-Ons relevante care \u00eembun\u0103t\u0103\u021besc cu adev\u0103rat crearea unui tablou de bord pentru managementul proiectelor. Divider Strokes poate structura tabloul de bord \u00een zone pentru a ghida utilizatorul cu performan\u021be maxime. Maturity Viewer aduce mai mult\u0103 claritate cu privire la etapele sau fazele proiectului. Extensia Logo companie transfer\u0103 logo-ul companiei dvs. individuale \u00eentr-un obiect QlikSense utilizabil. Conversia logo-ului dvs. este gratuit\u0103.<\/p>\n\n\n\n<p>Suita vine, de asemenea, cu o integrare a pachetelor u\u0219or de utilizat pentru a vedea extensiile de gestionare a proiectelor dintr-o privire. Extensiile prezint\u0103 o orientare armonizat\u0103 a utilizatorului prin intermediul set\u0103rilor, precum \u0219i o manipulare intuitiv\u0103 f\u0103r\u0103 experien\u021b\u0103 de codare. Documenta\u021bia cuprinz\u0103toare cu cazuri de utilizare legate de afaceri completeaz\u0103 u\u0219urin\u021ba de utilizare. Versiunile frecvente \u0219i solide v\u0103 men\u021bin cazul de utilizare la zi.<\/p>\n\n\n\n<h3 class=\"wp-block-heading\">Project Management Suite pentru Qlik Sense contents<\/h3>\n\n\n\n<p>V\u0103 rug\u0103m s\u0103 deschide\u021bi documenta\u021bia oficial\u0103 f\u0103c\u00e2nd clic pe imagine. <\/p>\n\n\n\n<div class=\"wp-block-columns is-layout-flex wp-container-core-columns-is-layout-1 wp-block-columns-is-layout-flex\">\n<div class=\"wp-block-column is-layout-flow wp-block-column-is-layout-flow\">\n<h4 class=\"wp-block-heading\"><strong>Semafor<\/strong><\/h4>\n<\/div>\n\n\n\n<div class=\"wp-block-column is-layout-flow wp-block-column-is-layout-flow\">\n<h4 class=\"wp-block-heading\"><strong>Harta termic\u0103 a riscurilor<\/strong><\/h4>\n<\/div>\n\n\n\n<div class=\"wp-block-column is-layout-flow wp-block-column-is-layout-flow\">\n<h4 class=\"wp-block-heading\"><strong>Cronologie<\/strong><\/h4>\n<\/div>\n\n\n\n<div class=\"wp-block-column is-layout-flow wp-block-column-is-layout-flow\">\n<h4 class=\"wp-block-heading\"><strong>Acceleratoare<\/strong><\/h4>\n<\/div>\n<\/div>\n\n\n\n<div class=\"wp-block-columns is-layout-flex wp-container-core-columns-is-layout-2 wp-block-columns-is-layout-flex\">\n<div class=\"wp-block-column is-layout-flow wp-block-column-is-layout-flow\">\n<figure class=\"wp-block-image size-full\"><img loading=\"lazy\" decoding=\"async\" width=\"287\" height=\"300\" src=\"https:\/\/www.leaplytics.de\/wp-content\/uploads\/2021\/11\/TrafficLight300pixel.png\" alt=\"\" class=\"wp-image-2361\" title=\"Project Management Suite Semafor\" srcset=\"https:\/\/www.leaplytics.de\/wp-content\/uploads\/2021\/11\/TrafficLight300pixel.png 287w, https:\/\/www.leaplytics.de\/wp-content\/uploads\/2021\/11\/TrafficLight300pixel-57x60.png 57w\" sizes=\"auto, (max-width: 287px) 100vw, 287px\" \/><\/figure>\n<\/div>\n\n\n\n<div class=\"wp-block-column is-layout-flow wp-block-column-is-layout-flow\">\n<figure class=\"wp-block-image size-full\"><img loading=\"lazy\" decoding=\"async\" width=\"287\" height=\"300\" src=\"https:\/\/www.leaplytics.de\/wp-content\/uploads\/2021\/11\/RiskHeatmap-Kasten-Blau_300pixel.png\" alt=\"\" class=\"wp-image-2363\" title=\"Harta de c\u0103ldur\u0103 a riscurilor din Project Management Suite\" srcset=\"https:\/\/www.leaplytics.de\/wp-content\/uploads\/2021\/11\/RiskHeatmap-Kasten-Blau_300pixel.png 287w, https:\/\/www.leaplytics.de\/wp-content\/uploads\/2021\/11\/RiskHeatmap-Kasten-Blau_300pixel-57x60.png 57w\" sizes=\"auto, (max-width: 287px) 100vw, 287px\" \/><\/figure>\n<\/div>\n\n\n\n<div class=\"wp-block-column is-vertically-aligned-center is-layout-flow wp-block-column-is-layout-flow\"><div class=\"wp-block-image\">\n<figure class=\"aligncenter size-full\"><img loading=\"lazy\" decoding=\"async\" width=\"287\" height=\"300\" src=\"https:\/\/www.leaplytics.de\/wp-content\/uploads\/2021\/11\/TIMELINE_300pixel.png\" alt=\"\" class=\"wp-image-2364\" title=\"Project Management Suite Milestone View\" srcset=\"https:\/\/www.leaplytics.de\/wp-content\/uploads\/2021\/11\/TIMELINE_300pixel.png 287w, https:\/\/www.leaplytics.de\/wp-content\/uploads\/2021\/11\/TIMELINE_300pixel-57x60.png 57w\" sizes=\"auto, (max-width: 287px) 100vw, 287px\" \/><\/figure><\/div><\/div>\n\n\n\n<div class=\"wp-block-column is-layout-flow wp-block-column-is-layout-flow\">\n<figure class=\"wp-block-image size-full\"><img loading=\"lazy\" decoding=\"async\" width=\"567\" height=\"593\" src=\"https:\/\/www.leaplytics.de\/wp-content\/uploads\/2021\/11\/Accelerators_1_300pixel.png\" alt=\"\" class=\"wp-image-2365\" title=\"Accelerator pentru suita de gestionare a proiectelor\" srcset=\"https:\/\/www.leaplytics.de\/wp-content\/uploads\/2021\/11\/Accelerators_1_300pixel.png 567w, https:\/\/www.leaplytics.de\/wp-content\/uploads\/2021\/11\/Accelerators_1_300pixel-287x300.png 287w, https:\/\/www.leaplytics.de\/wp-content\/uploads\/2021\/11\/Accelerators_1_300pixel-57x60.png 57w\" sizes=\"auto, (max-width: 567px) 100vw, 567px\" \/><\/figure>\n<\/div>\n<\/div>\n\n\n\n<div class=\"wp-block-columns is-layout-flex wp-container-core-columns-is-layout-3 wp-block-columns-is-layout-flex\">\n<div class=\"wp-block-column is-layout-flow wp-block-column-is-layout-flow\">\n<h6 class=\"wp-block-heading\">Indica\u021bie de stare clar\u0103<\/h6>\n\n\n\n<h6 class=\"wp-block-heading\">Gam\u0103 flexibil\u0103 pentru toate tipurile de unit\u0103\u021bi<\/h6>\n\n\n\n<h6 class=\"wp-block-heading\">Aspectul \u0219i senza\u021bia individuale \u0219i utilizarea u\u0219oar\u0103<\/h6>\n<\/div>\n\n\n\n<div class=\"wp-block-column is-layout-flow wp-block-column-is-layout-flow\">\n<h6 class=\"wp-block-heading\">Profiluri de risc complete<\/h6>\n\n\n\n<h6 class=\"wp-block-heading\">Gril\u0103 stabil\u0103 \u0219i simpl\u0103 pentru 2 categorii<\/h6>\n\n\n\n<h6 class=\"wp-block-heading\">Seturi diferite de c\u00e2mpuri \u0219i coduri de culori<\/h6>\n<\/div>\n\n\n\n<div class=\"wp-block-column is-layout-flow wp-block-column-is-layout-flow\">\n<h6 class=\"wp-block-heading\">Afi\u0219aj de etap\u0103 \u00een func\u021bie de timp<\/h6>\n\n\n\n<h6 class=\"wp-block-heading\">Scalarea automat\u0103 a liniei cronologice cu \u00eenceput \u0219i sf\u00e2r\u0219it<\/h6>\n\n\n\n<h6 class=\"wp-block-heading\">Descrieri flexibile \u0219i culori de devia\u021bie<\/h6>\n<\/div>\n\n\n\n<div class=\"wp-block-column is-layout-flow wp-block-column-is-layout-flow\">\n<h6 class=\"wp-block-heading\">Suplimente Performant<\/h6>\n\n\n\n<h6 class=\"wp-block-heading\">Logo-ul companiei individuale<\/h6>\n\n\n\n<h6 class=\"wp-block-heading\">Vizualizarea maturit\u0103\u021bii pentru multe cazuri de utilizare<\/h6>\n<\/div>\n<\/div>\n\n\n\n<hr class=\"wp-block-separator has-css-opacity\"\/>\n\n\n\n<p>Abona\u021bi-v\u0103 aici pentru a primi actualiz\u0103ri \u0219i lans\u0103ri exclusive: <a href=\"https:\/\/www.leaplytics.de\/ro\/subscribe_product\/\"><strong>Abonament<\/strong><\/a><\/p>\n\n\n\n<div class=\"wp-block-columns are-vertically-aligned-center is-layout-flex wp-container-core-columns-is-layout-4 wp-block-columns-is-layout-flex\">\n<div class=\"wp-block-column is-vertically-aligned-center is-layout-flow wp-block-column-is-layout-flow\" style=\"flex-basis:100%\">\n<p><\/p>\n<\/div>\n<\/div>\n\n\n\n<p><\/p>","protected":false},"excerpt":{"rendered":"<p>Ob\u021bine\u021bi o perspectiv\u0103 vizual\u0103 clar\u0103 asupra profilurilor dvs. de risc cu Risk Heatmap pentru QilkSense! Extensia este construit\u0103 pentru a vizualiza profilurile, care sunt m\u0103surate \u00eentr-o matrice de doi KPI \u0219i diferite categorii. Este capabil s\u0103 vizualizeze mai mul\u021bi indicatori (p\u00e2n\u0103 la 4 \u00een versiunea gratuit\u0103) pe c\u00e2mp. Diferitele set\u0103ri, cum ar fi o comutare u\u0219oar\u0103 \u00eentre o matrice de 3\u00d73 \u0219i 5\u00d75 c\u00e2mpuri, set\u0103rile pentru margini \u0219i text adapteaz\u0103 aceast\u0103 extensie la nevoile dvs. de raportare. <\/p>\n<p>Aceast\u0103 extensie poate fi utilizat\u0103 \u0219i pentru monitorizarea \u0219i indicarea pragurilor pentru toate tipurile de m\u0103suri fizice, indicatori de calitate \u0219i divergen\u021be \u00een general. Cu aceasta, se poate aplica la un num\u0103r mare de cazuri de utilizare, care apar diferite \u00eentreprinderi.<\/p>","protected":false},"author":1,"featured_media":0,"parent":227,"menu_order":1,"comment_status":"closed","ping_status":"closed","template":"","meta":{"footnotes":""},"class_list":["post-1785","page","type-page","status-publish","hentry","latest_post"],"_links":{"self":[{"href":"https:\/\/www.leaplytics.de\/ro\/wp-json\/wp\/v2\/pages\/1785","targetHints":{"allow":["GET"]}}],"collection":[{"href":"https:\/\/www.leaplytics.de\/ro\/wp-json\/wp\/v2\/pages"}],"about":[{"href":"https:\/\/www.leaplytics.de\/ro\/wp-json\/wp\/v2\/types\/page"}],"author":[{"embeddable":true,"href":"https:\/\/www.leaplytics.de\/ro\/wp-json\/wp\/v2\/users\/1"}],"replies":[{"embeddable":true,"href":"https:\/\/www.leaplytics.de\/ro\/wp-json\/wp\/v2\/comments?post=1785"}],"version-history":[{"count":3,"href":"https:\/\/www.leaplytics.de\/ro\/wp-json\/wp\/v2\/pages\/1785\/revisions"}],"predecessor-version":[{"id":13665,"href":"https:\/\/www.leaplytics.de\/ro\/wp-json\/wp\/v2\/pages\/1785\/revisions\/13665"}],"up":[{"embeddable":true,"href":"https:\/\/www.leaplytics.de\/ro\/wp-json\/wp\/v2\/pages\/227"}],"wp:attachment":[{"href":"https:\/\/www.leaplytics.de\/ro\/wp-json\/wp\/v2\/media?parent=1785"}],"curies":[{"name":"wp","href":"https:\/\/api.w.org\/{rel}","templated":true}]}}