{"id":2301,"date":"2021-09-10T23:49:33","date_gmt":"2021-09-10T21:49:33","guid":{"rendered":"https:\/\/www.leaplytics.de\/?page_id=2301"},"modified":"2022-05-08T00:34:51","modified_gmt":"2022-05-07T22:34:51","slug":"management-de-proiect-imagini-personalizate-microsoft-powerbi","status":"publish","type":"page","link":"https:\/\/www.leaplytics.de\/ro\/prima-pagina\/management-de-proiect-imagini-personalizate-microsoft-powerbi\/","title":{"rendered":"Vizuale personalizate de gestionare a proiectelor pentru Microsoft Power BI"},"content":{"rendered":"<p><strong>Eficiente \u0219i legate de afaceri<\/strong> este marca comercial\u0103 a LeapLytics \u0219i valoarea ad\u0103ugat\u0103 a solu\u021biilor noastre.<\/p>\n<p>Elementele noastre vizuale personalizate de gestionare a proiectelor pentru Microsoft Power BI sunt aprobate oficial de Microsoft \u0219i includ solu\u021biile dvs. individuale. Utiliza\u021bi diferitele posibilit\u0103\u021bi pentru a v\u0103 \u00eembun\u0103t\u0103\u021bi tabloul de bord \u0219i pentru a v\u0103 implementa ideile. Extensiile urmeaz\u0103 o structur\u0103 clar\u0103 \u0219i sunt construite cu accent pe utilizator, pentru a le face c\u00e2t mai intuitive posibil, f\u0103r\u0103 a renun\u021ba la func\u021bionalit\u0103\u021bi importante.<\/p>\n<p>Prin urmare, o documenta\u021bie cuprinz\u0103toare cu o descriere detaliat\u0103 a posibilelor cazuri de utilizare accelereaz\u0103 utilizarea \u0219i implementarea.<\/p>\n<p>V\u0103 rug\u0103m s\u0103 g\u0103si\u021bi mai jos imaginile disponibile \u0219i s\u0103 explora\u021bi func\u021bionalitatea f\u0103c\u00e2nd clic pe imagini.<\/p>\n<p>\u00a0<\/p>\n\n\n<div class=\"wp-block-media-text alignwide is-stacked-on-mobile\" style=\"grid-template-columns:43% auto\"><figure class=\"wp-block-media-text__media\"><a href=\"https:\/\/www.leaplytics.de\/ro\/prima-pagina\/project-management-visuals-ms-powerbi\/imagini-cu-semafoare-pentru-puterea-bi\/\"><img loading=\"lazy\" decoding=\"async\" width=\"287\" height=\"300\" src=\"https:\/\/www.leaplytics.de\/wp-content\/uploads\/2021\/11\/TrafficLight300pixel.png\" alt=\"\" class=\"wp-image-2361 size-full\" srcset=\"https:\/\/www.leaplytics.de\/wp-content\/uploads\/2021\/11\/TrafficLight300pixel.png 287w, https:\/\/www.leaplytics.de\/wp-content\/uploads\/2021\/11\/TrafficLight300pixel-57x60.png 57w\" sizes=\"auto, (max-width: 287px) 100vw, 287px\" \/><\/a><\/figure><div class=\"wp-block-media-text__content\">\n<p class=\"has-large-font-size\">Semafor vizual personalizat<\/p>\n<\/div><\/div>\n\n\n\n<p><\/p>","protected":false},"excerpt":{"rendered":"<p>Eficient \u0219i legat de afaceri este marca LeapLytics \u0219i valoarea ad\u0103ugat\u0103 a solu\u021biilor noastre.\u00a0<\/p>","protected":false},"author":1,"featured_media":0,"parent":111,"menu_order":0,"comment_status":"closed","ping_status":"closed","template":"","meta":{"footnotes":""},"class_list":["post-2301","page","type-page","status-publish","hentry","latest_post"],"_links":{"self":[{"href":"https:\/\/www.leaplytics.de\/ro\/wp-json\/wp\/v2\/pages\/2301","targetHints":{"allow":["GET"]}}],"collection":[{"href":"https:\/\/www.leaplytics.de\/ro\/wp-json\/wp\/v2\/pages"}],"about":[{"href":"https:\/\/www.leaplytics.de\/ro\/wp-json\/wp\/v2\/types\/page"}],"author":[{"embeddable":true,"href":"https:\/\/www.leaplytics.de\/ro\/wp-json\/wp\/v2\/users\/1"}],"replies":[{"embeddable":true,"href":"https:\/\/www.leaplytics.de\/ro\/wp-json\/wp\/v2\/comments?post=2301"}],"version-history":[{"count":0,"href":"https:\/\/www.leaplytics.de\/ro\/wp-json\/wp\/v2\/pages\/2301\/revisions"}],"up":[{"embeddable":true,"href":"https:\/\/www.leaplytics.de\/ro\/wp-json\/wp\/v2\/pages\/111"}],"wp:attachment":[{"href":"https:\/\/www.leaplytics.de\/ro\/wp-json\/wp\/v2\/media?parent=2301"}],"curies":[{"name":"wp","href":"https:\/\/api.w.org\/{rel}","templated":true}]}}