{"id":699,"date":"2020-12-07T20:33:50","date_gmt":"2020-12-07T19:33:50","guid":{"rendered":"https:\/\/www.leaplytics.de\/?page_id=699"},"modified":"2024-11-04T10:02:48","modified_gmt":"2024-11-04T09:02:48","slug":"extensia-matricei-de-risc-pentru-qliksense","status":"publish","type":"page","link":"https:\/\/www.leaplytics.de\/ro\/prima-pagina\/extensii-qlik-sense\/extensia-matricei-de-risc-pentru-qliksense\/","title":{"rendered":"Extensie matrice de risc pentru Qlik Sense"},"content":{"rendered":"<p>Ob\u021bine\u021bi o perspectiv\u0103 vizual\u0103 clar\u0103 asupra profilurilor dvs. de risc cu matricea de risc \/ Heatmap pentru Qlik Sense! Aceast\u0103 extensie este construit\u0103 pentru a vizualiza profilurile, care sunt m\u0103surate \u00eentr-o matrice de doi indicatori cheie de performan\u021b\u0103 \u0219i diferite categorii. Este capabil\u0103 s\u0103 vizualizeze mai mul\u021bi indicatori pe c\u00e2mp. Pute\u021bi selecta liber \u0219i dinamic toate expresiile \u00eentre o matrice 3\u00d73 \u0219i 5\u00d75. Diverse set\u0103ri, cum ar fi culorile personalizate, set\u0103rile flexibile pentru margini \u0219i text, adapteaz\u0103 aceast\u0103 extensie la nevoile dvs. de raportare.<\/p>\n\n\n\n<div style=\"height:10px\" aria-hidden=\"true\" class=\"wp-block-spacer\"><\/div>\n\n\n<div class=\"wp-block-image\">\n<figure class=\"aligncenter size-large\"><img loading=\"lazy\" decoding=\"async\" width=\"1024\" height=\"576\" src=\"https:\/\/www.leaplytics.de\/wp-content\/uploads\/2022\/04\/First_Slice_Risk_Map_QlikSense_stone-1024x576.png\" alt=\"\" class=\"wp-image-6471\" srcset=\"https:\/\/www.leaplytics.de\/wp-content\/uploads\/2022\/04\/First_Slice_Risk_Map_QlikSense_stone-1024x576.png 1024w, https:\/\/www.leaplytics.de\/wp-content\/uploads\/2022\/04\/First_Slice_Risk_Map_QlikSense_stone-300x169.png 300w, https:\/\/www.leaplytics.de\/wp-content\/uploads\/2022\/04\/First_Slice_Risk_Map_QlikSense_stone-768x432.png 768w, https:\/\/www.leaplytics.de\/wp-content\/uploads\/2022\/04\/First_Slice_Risk_Map_QlikSense_stone-107x60.png 107w, https:\/\/www.leaplytics.de\/wp-content\/uploads\/2022\/04\/First_Slice_Risk_Map_QlikSense_stone.png 1140w\" sizes=\"auto, (max-width: 1024px) 100vw, 1024px\" \/><\/figure><\/div>\n\n\n<div style=\"height:100px\" aria-hidden=\"true\" class=\"wp-block-spacer\"><\/div>\n\n\n\n<h3 class=\"wp-block-heading has-text-align-center\">Ia-l acum!<\/h3>\n\n\n\n<div style=\"height:50px\" aria-hidden=\"true\" class=\"wp-block-spacer\"><\/div>\n\n\n\n<div class=\"wp-block-columns alignwide is-layout-flex wp-container-core-columns-is-layout-1 wp-block-columns-is-layout-flex\">\n<div class=\"wp-block-column has-text-color has-background has-link-color wp-elements-dfea0d1df7d7210c16180380cb297c35 is-layout-flow wp-block-column-is-layout-flow\" style=\"color:#000000;background-color:#eeeeee;padding-top:2em;padding-right:2em;padding-bottom:2em;padding-left:2em\">\n<h2 class=\"wp-block-heading\" id=\"single\" style=\"font-size:40px\"><strong>Versiune GRATUIT\u0102<\/strong><\/h2>\n\n\n\n<div style=\"height:10px\" aria-hidden=\"true\" class=\"wp-block-spacer\"><\/div>\n\n\n\n<p class=\"has-normal-font-size\" style=\"line-height:1.5\">Versiunea GRATUIT\u0102 a LeapLytics - Risk Matrix poate fi utilizat\u0103 gratuit timp de patru s\u0103pt\u0103m\u00e2ni pe orice server \u0219i \u00een orice companie. Testa\u021bi acum dac\u0103 solu\u021bia noastr\u0103 \u00eendepline\u0219te cerin\u021bele dumneavoastr\u0103.<\/p>\n\n\n\n<div style=\"height:10px\" aria-hidden=\"true\" class=\"wp-block-spacer\"><\/div>\n\n\n\n<hr class=\"wp-block-separator has-text-color has-css-opacity has-background is-style-wide\" style=\"background-color:#000000;color:#000000\"\/>\n\n\n\n<div style=\"height:10px\" aria-hidden=\"true\" class=\"wp-block-spacer\"><\/div>\n\n\n\n<p><i class=\"fas fa-check\"><\/i> Filigran eliminat<\/p>\n\n\n\n<p><i class=\"fas fa-check\"><\/i> Dimensiunea re\u021belei individuale<\/p>\n\n\n\n<p><i class=\"fas fa-check\"><\/i> Schema de culori definit\u0103 de utilizator<\/p>\n\n\n\n<p><i class=\"fas fa-check\"><\/i> Invertor de culoare<\/p>\n\n\n\n<p><i class=\"fas fa-check\"><\/i> Set\u0103ri de frontier\u0103<\/p>\n\n\n\n<p><i class=\"fas fa-check\"><\/i> Set\u0103ri ax\u0103<\/p>\n\n\n\n<p><i class=\"fas fa-check\"><\/i> Set\u0103ri indicator<\/p>\n\n\n\n<p><i class=\"fas fa-check\"><\/i> Set\u0103ri text<\/p>\n\n\n\n<p><i class=\"fas fa-check\"><\/i> Set\u0103ri de culoare<\/p>\n\n\n\n<p><i class=\"fas fa-check\"><\/i> Navig\u0103ri \u0219i ac\u021biuni<\/p>\n\n\n\n<p><i class=\"fas fa-check\"><\/i> Imprimabil*<\/p>\n\n\n\n<div class=\"wp-block-buttons alignfull is-horizontal is-content-justification-center is-layout-flex wp-container-core-buttons-is-layout-1 wp-block-buttons-is-layout-flex\">\n<div class=\"wp-block-button\"><a class=\"wp-block-button__link has-white-color has-text-color wp-element-button\" href=\"https:\/\/developer.qlik.com\/garden\/5fd6531adae7960011eb30ec\" target=\"_blank\" rel=\"noreferrer noopener\">Ob\u021bine\u021bi versiunea GRATUIT\u0102<\/a><\/div>\n<\/div>\n<\/div>\n\n\n\n<div class=\"wp-block-column has-text-color has-background has-link-color wp-elements-6ae2b82b5852519cfb4d42d032a83f17 is-layout-flow wp-block-column-is-layout-flow\" style=\"color:#000000;background-color:#98bd00;padding-top:2em;padding-right:2em;padding-bottom:2em;padding-left:2em\">\n<h2 class=\"wp-block-heading\" id=\"family\" style=\"font-size:40px\"><strong>Versiunea PRO<\/strong><\/h2>\n\n\n\n<div style=\"height:10px\" aria-hidden=\"true\" class=\"wp-block-spacer\"><\/div>\n\n\n\n<p class=\"has-normal-font-size\" style=\"line-height:1.5\">Versiunea PRO a LeapLytics - Risk Matrix dezl\u0103n\u021buie \u00eentreaga putere a acestui vizual. O licen\u021b\u0103 pentru fiecare server \u0219i companie - Un pre\u021b pe an.<\/p>\n\n\n\n<div style=\"height:10px\" aria-hidden=\"true\" class=\"wp-block-spacer\"><\/div>\n\n\n\n<hr class=\"wp-block-separator has-text-color has-black-color has-css-opacity has-black-background-color has-background is-style-wide\"\/>\n\n\n\n<div style=\"height:10px\" aria-hidden=\"true\" class=\"wp-block-spacer\"><\/div>\n\n\n\n<p><i class=\"fas fa-check\"><\/i>  Filigran eliminat<\/p>\n\n\n\n<p><i class=\"fas fa-check\"><\/i>  Dimensiunea re\u021belei individuale<\/p>\n\n\n\n<p><i class=\"fas fa-check\"><\/i>  Schema de culori definit\u0103 de utilizator<\/p>\n\n\n\n<p><i class=\"fas fa-check\"><\/i>  Invertor de culoare<\/p>\n\n\n\n<p><i class=\"fas fa-check\"><\/i>  Set\u0103ri de frontier\u0103<\/p>\n\n\n\n<p><i class=\"fas fa-check\"><\/i>  Set\u0103ri ax\u0103<\/p>\n\n\n\n<p><i class=\"fas fa-check\"><\/i>  Set\u0103ri indicator<\/p>\n\n\n\n<p><i class=\"fas fa-check\"><\/i>  Set\u0103ri text<\/p>\n\n\n\n<p><i class=\"fas fa-check\"><\/i>  Set\u0103ri de culoare<\/p>\n\n\n\n<p><i class=\"fas fa-check\"><\/i>  Navig\u0103ri \u0219i ac\u021biuni<\/p>\n\n\n\n<p><i class=\"fas fa-check\"><\/i>  Imprimabil*<\/p>\n\n\n\n<div class=\"wp-block-buttons alignfull is-horizontal is-content-justification-center is-layout-flex wp-container-core-buttons-is-layout-2 wp-block-buttons-is-layout-flex\">\n<div class=\"wp-block-button\"><a class=\"wp-block-button__link has-white-color has-text-color wp-element-button\" href=\"https:\/\/shop.leaplytics.de\/product\/power-bi-risk-heatmap\/\">Ob\u021bine\u021bi versiunea PRO<\/a><\/div>\n<\/div>\n<\/div>\n<\/div>\n\n\n\n<p>* a se vedea <a href=\"https:\/\/community.qlik.com\/t5\/Knowledge\/Qlik-Sense-Enterprise-SaaS-Third-party-extensions-cannot-be\/ta-p\/1755264\">Limit\u0103rile QlikSense <\/a><\/p>\n\n\n\n<div style=\"height:100px\" aria-hidden=\"true\" class=\"wp-block-spacer\"><\/div>\n\n\n\n<h3 class=\"wp-block-heading has-text-align-center\">Documenta\u021bie<\/h3>\n\n\n\n<div style=\"height:50px\" aria-hidden=\"true\" class=\"wp-block-spacer\"><\/div>\n\n\n<div class=\"_df_book df-lite\" id=\"df_726\"  _slug=\"risk-heatmap\" data-title=\"risk-heatmap\" wpoptions=\"true\" thumb=\"https:\/\/www.leaplytics.de\/wp-content\/uploads\/2020\/12\/Risk-Map-picture.jpg\" thumbtype=\"\" ><\/div><script class=\"df-shortcode-script\" nowprocket type=\"application\/javascript\">window.option_df_726 = {\"outline\":[],\"autoEnableOutline\":\"false\",\"autoEnableThumbnail\":\"false\",\"overwritePDFOutline\":\"false\",\"backgroundImage\":\"https:\\\/\\\/www.leaplytics.de\\\/wp-content\\\/uploads\\\/2020\\\/10\\\/mathew-schwartz-sb7RUrRMaC4-unsplash-scaled.jpg\",\"direction\":\"1\",\"pageSize\":\"0\",\"source\":\"https:\\\/\\\/www.leaplytics.de\\\/wp-content\\\/uploads\\\/2022\\\/02\\\/Risk-Heatmap-Qlik-Sense-User-Documentation_Pro_1.4.0.0.pdf\",\"wpOptions\":\"true\"}; if(window.DFLIP && window.DFLIP.parseBooks){window.DFLIP.parseBooks();}<\/script>\n\n\n\n<div style=\"height:50px\" aria-hidden=\"true\" class=\"wp-block-spacer\"><\/div>\n\n\n\n<div class=\"wp-block-buttons is-content-justification-center is-layout-flex wp-container-core-buttons-is-layout-3 wp-block-buttons-is-layout-flex\">\n<div class=\"wp-block-button\"><a class=\"wp-block-button__link wp-element-button\" href=\"https:\/\/www.leaplytics.de\/wp-content\/uploads\/2022\/02\/Risk-Heatmap-Qlik-Sense-User-Documentation_Pro_1.4.0.0.pdf\" target=\"_blank\" rel=\"noreferrer noopener\">Desc\u0103rca\u021bi documenta\u021bia<\/a><\/div>\n<\/div>\n\n\n\n<div style=\"height:50px\" aria-hidden=\"true\" class=\"wp-block-spacer\"><\/div>\n\n\n\n<p>Abona\u021bi-v\u0103 aici pentru a primi actualiz\u0103ri \u0219i lans\u0103ri exclusive: <a href=\"https:\/\/www.leaplytics.de\/ro\/subscribe_product\/\">Abonament<\/a><\/p>\n\n\n\n<hr class=\"wp-block-separator has-css-opacity is-style-default\"\/>\n\n\n\n<h2 class=\"wp-block-heading\" id=\"introduction-risk-heatmap-extension-for-qlik-sense\">Introducere Extensie matrice de risc pentru Qlik Sense<\/h2>\n\n\n\n<p>Ob\u021bine\u021bi o perspectiv\u0103 vizual\u0103 clar\u0103 asupra profilurilor dvs. de risc cu matricea de risc pentru Qlik Sense! Extensia este construit\u0103 pentru a vizualiza profilurile, care sunt m\u0103surate \u00eentr-o matrice de doi indicatori cheie de performan\u021b\u0103 \u0219i diferite categorii. Este capabil\u0103 s\u0103 vizualizeze mai mul\u021bi indicatori pe c\u00e2mp. Pute\u021bi selecta liber \u0219i dinamic toate expresiile \u00eentre o matrice 3\u00d73 \u0219i 5\u00d75. Diverse set\u0103ri, cum ar fi culorile personalizate, set\u0103rile flexibile pentru margini \u0219i text, adapteaz\u0103 aceast\u0103 extensie la nevoile dvs. de raportare.<\/p>\n\n\n<div class=\"wp-block-image is-style-default\">\n<figure class=\"alignright size-full\"><img loading=\"lazy\" decoding=\"async\" width=\"912\" height=\"775\" src=\"https:\/\/www.leaplytics.de\/wp-content\/uploads\/2022\/02\/settings.gif\" alt=\"Heatmap de risc pentru Qlik Sense\" class=\"wp-image-3060\"\/><figcaption class=\"wp-element-caption\">Gam\u0103 larg\u0103 de op\u021biuni de setare<\/figcaption><\/figure><\/div>\n\n\n<p>Aceast\u0103 extensie poate fi utilizat\u0103 \u0219i pentru monitorizarea \u0219i indicarea pragurilor pentru toate tipurile de m\u0103suri fizice, indicatori de calitate \u0219i divergen\u021be \u00een general. Prin aceasta, poate fi aplicat\u0103 la un num\u0103r mare de cazuri de utilizare, care apar \u00een diferite \u00eentreprinderi. Urm\u0103toarea list\u0103 prezint\u0103 o selec\u021bie de cazuri de utilizare posibile, care au fost deja implementate:<\/p>\n\n\n\n<p><strong>Managementul proiectelor<\/strong>: Vizualizarea profilurilor de risc \u0219i oportunitate pentru un proiect, program sau portofoliu<\/p>\n\n\n\n<p><strong>IT<\/strong>: Indica\u021bi aplica\u021biile care se afl\u0103 \u00een zona verde, galben\u0103 sau ro\u0219ie a st\u0103rii (performan\u021b\u0103, s\u0103n\u0103tate)<\/p>\n\n\n\n<hr class=\"wp-block-separator has-css-opacity\"\/>\n\n\n\n<h3 class=\"wp-block-heading\" id=\"getting-started-with-our-risk-heatmap-for-qlik-sense\">No\u021biuni introductive cu matricea noastr\u0103 de risc pentru Qlik Sense<\/h3>\n\n\n<p>Deschis <a href=\"https:\/\/www.qlik.com\/de-de\/products\/qlik-sense\" target=\"_blank\" rel=\"noopener\">Qlik Sense<\/a> \u0219i aplica\u021bia relevant\u0103, \u00een care dori\u021bi s\u0103 utiliza\u021bi extensia \"Matricea riscurilor\". Deschide\u021bi foaia de lucru \u00een modul editare \u0219i ve\u021bi g\u0103si extensia \u00een sec\u021biunea \"Obiecte personalizate\". Trage\u021bi \u0219i plasa\u021bi extensia \u00een orice zon\u0103 de pe tabloul de bord (<em>Pute\u021bi modifica aspectul extensiei mai t\u00e2rziu \u00een set\u0103rile avansate).<\/em><\/p>\n\n<div class=\"wp-block-image\">\n<figure class=\"alignright size-full\"><img decoding=\"async\" src=\"https:\/\/www.leaplytics.de\/wp-content\/uploads\/2022\/02\/drag-drop.gif\" alt=\"Set\u0103ri ini\u021biale \u0219i configurare pentru Risk Heatmap Qlik Sense\" class=\"wp-image-3060\"\/><figcaption class=\"wp-element-caption\">Gam\u0103 larg\u0103 de op\u021biuni de setare<\/figcaption><\/figure><\/div>\n\n<p>Dup\u0103 ce a\u021bi plasat o instan\u021b\u0103 a extensiei \u00een tabloul dvs. de bord, urm\u0103torul panou de propriet\u0103\u021bi va ap\u0103rea \u00een partea dreapt\u0103. Panoul de propriet\u0103\u021bi este separat \u00een urm\u0103toarele sec\u021biuni:\u00a0 \u00a0 \u00a0 \u00a0 \u00a0 \u00a0 \u00a0 \u00a0 \u00a0 \u00a0 \u00a0 \u00a0 \u00a0 \u00a0 \u00a0 \u00a0 \u00a0 \u00a0 \u00a0 \u00a0 \u00a0 \u00a0 \u00a0 \u00a0 \u00a0 \u00a0 \u00a0 \u00a0 \u00a0 \u00a0 \u00a0 \u00a0 \u00a0 \u00a0 \u00a0 \u00a0 \u00a0 \u00a0 \u00a0 \u00a0 \u00a0 \u00a0 \u00a0 \u00a0 \u00a0 \u00a0 \u00a0\u00a0<\/p>\n<ul>\n<li>M\u0103suri<\/li>\n<li>Dimensiuni<\/li>\n<li>Domenii (aspectul general al matricei)<\/li>\n<li>Set\u0103ri gril\u0103 (totul \u00een interiorul matricei)<\/li>\n<li>Set\u0103ri ax\u0103 (totul \u00een jurul matricei)<\/li>\n<li>Set\u0103ri indicator (tot ceea ce prive\u0219te con\u021binutul matricei)<\/li>\n<li>Despre \u00a0\u00a0\u00a0\u00a0\u00a0\u00a0\u00a0\u00a0\u00a0\u00a0\u00a0\u00a0\u00a0\u00a0 \u00a0\u00a0\u00a0\u00a0\u00a0\u00a0\u00a0\u00a0\u00a0\u00a0\u00a0\u00a0\u00a0\u00a0\u00a0\u00a0\u00a0\u00a0\u00a0\u00a0\u00a0\u00a0\u00a0\u00a0\u00a0\u00a0\u00a0\u00a0\u00a0<\/li>\n<\/ul>\n<p>\u00cen cele ce urmeaz\u0103 , ve\u021bi \u00eenv\u0103\u021ba cum s\u0103 utiliza\u021bi extensia LeapLytics \"Matricea de risc\" \u0219i cum s\u0103 o personaliza\u021bi \u00een func\u021bie de nevoile dvs. prin utilizarea corect\u0103 a propriet\u0103\u021bilor.\u00a0 \u00a0<\/p>\n\n\n<hr class=\"wp-block-separator has-css-opacity\"\/>\n\n\n\n<h3 class=\"wp-block-heading\" id=\"measures\">M\u0103suri<\/h3>\n\n\n<div class=\"wp-block-image\">\n<figure class=\"alignright size-large is-resized\"><img loading=\"lazy\" decoding=\"async\" width=\"245\" height=\"329\" src=\"https:\/\/www.leaplytics.de\/wp-content\/uploads\/2020\/11\/measures.png\" alt=\"Descrierea m\u0103surii pentru Risk Heatmap Qlik Sense\" class=\"wp-image-512\" style=\"width:236px;height:317px\" srcset=\"https:\/\/www.leaplytics.de\/wp-content\/uploads\/2020\/11\/measures.png 245w, https:\/\/www.leaplytics.de\/wp-content\/uploads\/2020\/11\/measures-223x300.png 223w, https:\/\/www.leaplytics.de\/wp-content\/uploads\/2020\/11\/measures-45x60.png 45w\" sizes=\"auto, (max-width: 245px) 100vw, 245px\" \/><\/figure><\/div>\n\n<p>M\u0103sura define\u0219te valoarea pentru cei doi KPI relevan\u021bi ai matricei. Primul KPI define\u0219te KPI-urile axei X, iar al doilea KPI define\u0219te KPI-ul axei Y. Acestea pot fi comutate individual. Matricea a\u0219teapt\u0103 valori cuprinse \u00eentre 1 \u0219i 5 (matrice cu 5 c\u00e2mpuri) sau 1 \u0219i 3 (matrice cu 3 c\u00e2mpuri). Sunt posibile \u0219i zecimale, dac\u0103 este util. Valorile pot fi preluate direct din modelul de date, \u00een cazul \u00een care un pre-sistem capteaz\u0103 \u0219i calculeaz\u0103 deja intervalul. Dac\u0103 modelul de date include orice fel de unit\u0103\u021bi, categoriile pot fi create individual \u00een cadrul formularului.<\/p>\n<p>Pute\u021bi ad\u0103uga o m\u0103sur\u0103 ca aceasta:<\/p>\n<ul>\n<li>Face\u021bi clic pe butonul \"Ad\u0103uga\u021bi m\u0103sur\u0103\" din panoul de propriet\u0103\u021bi la sec\u021biunea \"M\u0103sur\u0103\" sau f\u0103c\u00e2nd clic pe butonul \"Ad\u0103uga\u021bi m\u0103sur\u0103\" din fereastra de extensie de pe tabloul de bord<\/li>\n<li>Alege\u021bi o m\u0103sur\u0103 din lista derulant\u0103 \u0219i face\u021bi clic pe ea<\/li>\n<li>(Op\u021bional): Alege\u021bi agregarea potrivit\u0103 pentru nevoile dvs. (Sum, Avg, Min, Max, etc.) sau defini\u021bi o formul\u0103 individual\u0103.<\/li>\n<\/ul>\n<p>Atunci c\u00e2nd se utilizeaz\u0103 formule individuale, urm\u0103toarele exemple pot fi luate ca orientare:<\/p>\n\n\n<figure class=\"wp-block-image size-large\"><img loading=\"lazy\" decoding=\"async\" width=\"744\" height=\"255\" src=\"https:\/\/www.leaplytics.de\/wp-content\/uploads\/2020\/12\/heatmap_use_cases.png\" alt=\"\" class=\"wp-image-749\" srcset=\"https:\/\/www.leaplytics.de\/wp-content\/uploads\/2020\/12\/heatmap_use_cases.png 744w, https:\/\/www.leaplytics.de\/wp-content\/uploads\/2020\/12\/heatmap_use_cases-600x206.png 600w, https:\/\/www.leaplytics.de\/wp-content\/uploads\/2020\/12\/heatmap_use_cases-300x103.png 300w, https:\/\/www.leaplytics.de\/wp-content\/uploads\/2020\/12\/heatmap_use_cases-175x60.png 175w\" sizes=\"auto, (max-width: 744px) 100vw, 744px\" \/><\/figure>\n\n\n\n<hr class=\"wp-block-separator has-css-opacity\"\/>\n\n\n\n<h3 class=\"wp-block-heading\" id=\"dimensions\">Dimensiuni<\/h3>\n\n\n<p>Utiliza\u021bi dimensiunea pentru a da indicatorilor un nume sugestiv. Acesta poate fi, de exemplu, un ID sau un nume scurt (1-2 cuvinte). Nu sunt recomandate denumiri sau descrieri mai lungi, deoarece spa\u021biul din matrice este limitat.<\/p>\n\n\n<hr class=\"wp-block-separator has-css-opacity\"\/>\n\n\n\n<h3 class=\"wp-block-heading\" id=\"advanced-settings\">Set\u0103ri avansate<\/h3>\n\n\n\n<p>\u00cen cadrul Set\u0103rilor matricei pute\u021bi face mai multe selec\u021bii.<\/p>\n\n\n\n<p><strong>Set\u0103ri matrice: <\/strong>\u00cen primul r\u00e2nd, pute\u021bi fixa raportul de aspect. Acest lucru men\u021bine vizualizarea \u00eentr-o stare p\u0103trat\u0103. \u00cen plus, pute\u021bi seta dimensiunea direc\u021biilor x \u0219i y \u00een mod individual prin utilizarea cursorului. Dac\u0103 datele dvs. sunt \u00een afara acestor intervale, ve\u021bi primi un indiciu vizual \u00een extensie! \u00cen plus, pute\u021bi inversa culorile cu un singur clic. \u00cen cele din urm\u0103, pute\u021bi defini l\u0103\u021bimea marginii sau o pute\u021bi dezactiva complet.<\/p>\n\n\n\n<p><strong>Set\u0103ri gril\u0103<\/strong>: Utiliza\u021bi Set\u0103rile grilei pentru a configura matricea \u00een sine, de exemplu, dimensiunea sau configura\u021bia marginilor. De asemenea, pute\u021bi inversa codificarea culorilor, astfel \u00eenc\u00e2t o categorie superioar\u0103 s\u0103 aib\u0103 culoarea \"verde\", iar o categorie inferioar\u0103 s\u0103 se transforme \u00een ro\u0219u. De asemenea, este posibil s\u0103 dezactiva\u021bi tabelul cu valori detaliate.<\/p>\n\n\n\n<p><strong>Set\u0103ri ax\u0103:<\/strong> Set\u0103rile axei v\u0103 permit s\u0103 configura\u021bi cadrul \u00een func\u021bie de nevoile dumneavoastr\u0103. Pute\u021bi decide s\u0103 dezactiva\u021bi textele, axa sau indica\u021bia de sus\/jos.<\/p>\n\n\n\n<p><strong>Set\u0103ri indicator:<\/strong> Utiliza\u021bi set\u0103rile indicatorului pentru a modifica dimensiunea \u0219i aspectul indicatorilor din gril\u0103.<\/p>\n\n\n<div class=\"wp-block-image\">\n<figure class=\"aligncenter size-full\"><img loading=\"lazy\" decoding=\"async\" width=\"912\" height=\"775\" src=\"https:\/\/www.leaplytics.de\/wp-content\/uploads\/2022\/02\/settings.gif\" alt=\"Set\u0103ri diverse pentru Harta de c\u0103ldur\u0103 a riscurilor Qlik Sense\" class=\"wp-image-3060\"\/><\/figure><\/div>\n\n\n<hr class=\"wp-block-separator has-css-opacity\"\/>\n\n\n\n<h3 class=\"wp-block-heading\" id=\"navigation-action\">Naviga\u021bie \u0219i ac\u021biune<\/h3>\n\n\n\n<p>Pute\u021bi aplica Naviga\u021bie \u0219i ac\u021biuni extensiei dvs. pentru a naviga c\u0103tre Qlik Sense Sheets, site-uri web etc. Pute\u021bi activa \"Ac\u021biuni\" cu butonul corespunz\u0103tor. \"Risk Matrix\" accept\u0103 dou\u0103 tipuri diferite de navigare:<\/p>\n\n\n\n<ul class=\"wp-block-list\">\n<li><strong>Buton:<\/strong> Alege\u021bi \"Button\" pentru a ad\u0103uga un buton sub pictograma semaforului. Pute\u021bi redenumi butonul utiliz\u00e2nd c\u00e2mpul \"Button Text\". Introduce\u021bi o adres\u0103 URL pentru un site web sau o foaie Qlik Sense c\u0103tre care dori\u021bi s\u0103 naviga\u021bi*. Pute\u021bi deschide URL-ul \u00een aceea\u0219i fereastr\u0103 sau \u00eentr-un tab separat utiliz\u00e2nd caseta de selectare \"Open in same window\" (Deschide \u00een aceea\u0219i fereastr\u0103).<\/li>\n<\/ul>\n\n\n\n<ul class=\"wp-block-list\">\n<li><strong>Obiect:<\/strong> Ca alternativ\u0103, pute\u021bi alege \"Obiect\" pentru a face clic pe \u00eentregul obiect (<em>C\u00e2mpul \"Text buton\" va fi ascuns<\/em>). Introduce\u021bi o adres\u0103 URL pentru un site web sau o foaie Qlik Sense c\u0103tre care dori\u021bi s\u0103 naviga\u021bi*. Pute\u021bi deschide URL-ul \u00een aceea\u0219i fereastr\u0103 sau \u00eentr-un tab separat utiliz\u00e2nd caseta de selectare \"Open in same window\" (Deschidere \u00een aceea\u0219i fereastr\u0103).<\/li>\n<\/ul>\n\n\n\n<p>*URL-urile trebuie s\u0103 \u00eenceap\u0103 \u00eentotdeauna cu \"http:\/\/www.\" sau \"https:\/\/www.\"<\/p>\n\n\n<div class=\"wp-block-image\">\n<figure class=\"aligncenter size-large\"><img loading=\"lazy\" decoding=\"async\" width=\"246\" height=\"464\" src=\"https:\/\/www.leaplytics.de\/wp-content\/uploads\/2021\/04\/Milestone_navigation-1.jpg\" alt=\"Set\u0103ri de navigare \u0219i ac\u021biuni pentru Risk Heatmap Qlik Sense\" class=\"wp-image-1739\" srcset=\"https:\/\/www.leaplytics.de\/wp-content\/uploads\/2021\/04\/Milestone_navigation-1.jpg 246w, https:\/\/www.leaplytics.de\/wp-content\/uploads\/2021\/04\/Milestone_navigation-1-159x300.jpg 159w, https:\/\/www.leaplytics.de\/wp-content\/uploads\/2021\/04\/Milestone_navigation-1-32x60.jpg 32w\" sizes=\"auto, (max-width: 246px) 100vw, 246px\" \/><\/figure><\/div>\n\n\n<hr class=\"wp-block-separator has-css-opacity\"\/>\n\n\n<h3>Despre matricea noastr\u0103 de risc pentru Qlik Sense<\/h3>\n\n\n<\/p>\n<p>Aceast\u0103 extensie Qlik Sense este dezvoltat\u0103 de <a href=\"https:\/\/www.leaplytics.de\/ro\/\">LeapLytics<\/a>. Sec\u021biunea Despre prezint\u0103 informa\u021bii referitoare la aceast\u0103 extensie.<\/p>\n<p>\n\n\n\n<\/p>\n<p><strong>Versiune:<\/strong> Afi\u0219eaz\u0103 versiunea instalat\u0103 a acestei extensii<\/p>\n<p>\n\n\n\n<\/p>\n<p><strong>Licen\u021b\u0103 valabil\u0103 p\u00e2n\u0103 la:<\/strong> Afi\u0219eaz\u0103 data expir\u0103rii licen\u021bei<\/p>\n<p>\n\n\n\n<\/p>\n<p><strong>Licen\u021b\u0103 valabil\u0103 pe server:<\/strong> Arat\u0103 pe ce ID de server poate fi utilizat\u0103 aceast\u0103 extensie\n\n\n\n<hr class=\"wp-block-separator has-css-opacity\"\/>\n\n\n<h3>Istoricul versiunii<\/h3>\n\n\n<figure class=\"wp-block-table is-style-stripes\"><table><tbody><tr><td class=\"has-text-align-center\" data-align=\"center\"><strong>Versiune<\/strong><\/td><td class=\"has-text-align-center\" data-align=\"center\"><strong>Data<\/strong><\/td><td class=\"has-text-align-left\" data-align=\"left\"><strong>Con\u021binut<\/strong><\/td><\/tr><tr><td class=\"has-text-align-center\" data-align=\"center\">1.4<\/td><td class=\"has-text-align-center\" data-align=\"center\">14.02.2022<\/td><td class=\"has-text-align-left\" data-align=\"left\">Utilizare API nou\u0103<\/td><\/tr><tr><td class=\"has-text-align-center\" data-align=\"center\">1.3<\/td><td class=\"has-text-align-center\" data-align=\"center\">13.12.2021<\/td><td class=\"has-text-align-left\" data-align=\"left\">Actualizarea matricei de risc<\/td><\/tr><tr><td class=\"has-text-align-center\" data-align=\"center\">1.2<\/td><td class=\"has-text-align-center\" data-align=\"center\">26.04.2021<\/td><td class=\"has-text-align-left\" data-align=\"left\">Navigare \u0219i ac\u021biuni ad\u0103ugate,<br>Suport pentru mai mult de 9 riscuri<br>tabel indicator derulabil<\/td><\/tr><tr><td class=\"has-text-align-center\" data-align=\"center\">1.1<\/td><td class=\"has-text-align-center\" data-align=\"center\">28.01.2021<\/td><td class=\"has-text-align-left\" data-align=\"left\">Abonament<br>func\u021bionalitate pentru<br>actualiz\u0103ri de eliberare &amp;<br>panou de propriet\u0103\u021bi \u00eembun\u0103t\u0103\u021bite<\/td><\/tr><tr><td class=\"has-text-align-center\" data-align=\"center\">1.0<\/td><td class=\"has-text-align-center\" data-align=\"center\">13.11.2020<\/td><td class=\"has-text-align-left\" data-align=\"left\">Versiunea ini\u021bial\u0103<\/td><\/tr><\/tbody><\/table><\/figure>\n\n\n\n<hr class=\"wp-block-separator has-css-opacity\"\/>\n\n\n\n<p><\/p>\n\n\n\n<div class=\"wp-block-columns are-vertically-aligned-center is-layout-flex wp-container-core-columns-is-layout-2 wp-block-columns-is-layout-flex\">\n<div class=\"wp-block-column is-vertically-aligned-center is-layout-flow wp-block-column-is-layout-flow\" style=\"flex-basis:100%\">\n<p><\/p>\n<\/div>\n<\/div>\n\n\n\n<p><\/p>","protected":false},"excerpt":{"rendered":"<p>Ob\u021bine\u021bi o perspectiv\u0103 vizual\u0103 clar\u0103 asupra profilurilor dvs. de risc cu Risk Heatmap pentru QilkSense! Extensia este construit\u0103 pentru a vizualiza profilurile, care sunt m\u0103surate \u00eentr-o matrice de doi KPI \u0219i diferite categorii. Este capabil s\u0103 vizualizeze mai mul\u021bi indicatori (p\u00e2n\u0103 la 4 \u00een versiunea gratuit\u0103) pe c\u00e2mp. Diferitele set\u0103ri, cum ar fi o comutare u\u0219oar\u0103 \u00eentre o matrice de 3\u00d73 \u0219i 5\u00d75 c\u00e2mpuri, set\u0103rile pentru margini \u0219i text adapteaz\u0103 aceast\u0103 extensie la nevoile dvs. de raportare. <\/p>\n<p>Aceast\u0103 extensie poate fi utilizat\u0103 \u0219i pentru monitorizarea \u0219i indicarea pragurilor pentru toate tipurile de m\u0103suri fizice, indicatori de calitate \u0219i divergen\u021be \u00een general. Cu aceasta, se poate aplica la un num\u0103r mare de cazuri de utilizare, care apar diferite \u00eentreprinderi.<\/p>","protected":false},"author":1,"featured_media":0,"parent":227,"menu_order":1,"comment_status":"closed","ping_status":"closed","template":"","meta":{"footnotes":""},"class_list":["post-699","page","type-page","status-publish","hentry","latest_post"],"_links":{"self":[{"href":"https:\/\/www.leaplytics.de\/ro\/wp-json\/wp\/v2\/pages\/699","targetHints":{"allow":["GET"]}}],"collection":[{"href":"https:\/\/www.leaplytics.de\/ro\/wp-json\/wp\/v2\/pages"}],"about":[{"href":"https:\/\/www.leaplytics.de\/ro\/wp-json\/wp\/v2\/types\/page"}],"author":[{"embeddable":true,"href":"https:\/\/www.leaplytics.de\/ro\/wp-json\/wp\/v2\/users\/1"}],"replies":[{"embeddable":true,"href":"https:\/\/www.leaplytics.de\/ro\/wp-json\/wp\/v2\/comments?post=699"}],"version-history":[{"count":5,"href":"https:\/\/www.leaplytics.de\/ro\/wp-json\/wp\/v2\/pages\/699\/revisions"}],"predecessor-version":[{"id":13676,"href":"https:\/\/www.leaplytics.de\/ro\/wp-json\/wp\/v2\/pages\/699\/revisions\/13676"}],"up":[{"embeddable":true,"href":"https:\/\/www.leaplytics.de\/ro\/wp-json\/wp\/v2\/pages\/227"}],"wp:attachment":[{"href":"https:\/\/www.leaplytics.de\/ro\/wp-json\/wp\/v2\/media?parent=699"}],"curies":[{"name":"wp","href":"https:\/\/api.w.org\/{rel}","templated":true}]}}