{"id":799,"date":"2021-01-04T21:52:31","date_gmt":"2021-01-04T20:52:31","guid":{"rendered":"https:\/\/www.leaplytics.de\/?page_id=799"},"modified":"2024-11-04T09:23:33","modified_gmt":"2024-11-04T08:23:33","slug":"tablou-de-bord-pentru-gestionarea-proiectelor-qlik-sense","status":"publish","type":"page","link":"https:\/\/www.leaplytics.de\/ro\/prima-pagina\/tablou-de-bord-pentru-gestionarea-proiectelor-qlik-sense\/","title":{"rendered":"Tablou de bord pentru managementul proiectelor Qlik Sense"},"content":{"rendered":"<h2 class=\"wp-block-heading\" id=\"dashboard\">Tablou de bord<\/h2>\n\n\n\n<p>Tabloul de bord pentru managementul proiectelor Qlik Sense urmeaz\u0103 o regul\u0103 simpl\u0103: <strong>s\u0103 prezenta\u021bi persoanelor responsabile, dintr-o singur\u0103 privire, informa\u021biile corecte despre proiect \u00een agregarea corect\u0103, permi\u021b\u00e2ndu-le s\u0103 ia deciziile corecte<\/strong>. <\/p>\n\n\n\n<p>\u00cen mediul de proiect, exist\u0103 diferite p\u0103r\u021bi interesate, care au diferite cerin\u021be de informa\u021bii \u0219i fiecare cu un nivel diferit de detaliu. Urm\u0103toarele exemple prezint\u0103 cele mai frecvente dou\u0103 opusuri.  <\/p>\n\n\n\n<p><strong>Nivelul portofoliului:<\/strong> Exist\u0103 manageri de portofoliu, care trebuie s\u0103 se asigure c\u0103 proiectele potrivite sunt prioritizate cu resursele potrivite. Trebuie identificate blocajele \u0219i trebuie gestionate conductele de proiecte.<\/p>\n\n\n\n<p><strong>Nivelul proiectului: <\/strong>Managerii de proiect trebuie s\u0103 ob\u021bin\u0103 cel mai sc\u0103zut nivel de informa\u021bii pentru a avea toate variabilele de conducere la \u00eendem\u00e2n\u0103. Pe de alt\u0103 parte, sponsorii, membrii consiliului de revizuire \u0219i directorii executivi trebuie s\u0103 primeasc\u0103 esen\u021ba relevant\u0103 a informa\u021biilor pentru a putea lua deciziile corecte \u00een conducerea general\u0103 a proiectului.<\/p>\n\n\n\n<p>LeapLytics Advanced Project Management Reporting se asigur\u0103 c\u0103 toate cerin\u021bele de raportare sunt posibile, indiferent de tipul de parte interesat\u0103 sau de nivelul de agregare. Prin procesul informa\u021bional integrativ, toate informa\u021biile sunt colectate la cel mai sc\u0103zut nivel \u0219i sunt agregate \u00een func\u021bie de nevoile tuturor destinatarilor posibili.<\/p>\n\n\n\n<p>Iat\u0103 dou\u0103 exemple de raportare a st\u0103rii unui proiect, care pot fi realizate cu suita noastr\u0103 de extensii LeapLytics pentru QlikSense. Tablourile de bord utilizeaz\u0103 un model de date de baz\u0103, care respect\u0103 regulile PMI standard pentru gestionarea proiectelor. Astfel, proiectele la nivel de \u00eentreprindere pot fi raportate \u00eentr-un mod armonizat, eficient \u0219i u\u0219or de utilizat.<\/p>\n\n\n\n<h2 class=\"wp-block-heading\" id=\"project-status-report-qlik-sense\">Raport de stare a proiectului Qlik Sense<\/h2>\n\n\n\n<p>Raportul de baz\u0103 privind starea proiectului este un exemplu de tablou de bord pentru gestionarea proiectelor Qlik Sense \u0219i permite utilizatorului s\u0103 selecteze un proiect dedicat, precum \u0219i data de raportare. Utilizatorul prime\u0219te toate informa\u021biile necesare prezentate \u00eentr-o structur\u0103 cu trei coloane, cu date master relevante \u00een antet. Principalele caracteristici sunt <a href=\"https:\/\/www.leaplytics.de\/ro\/extensions\/traffic-light\/\">Semafor<\/a> \u0219i <a href=\"https:\/\/www.leaplytics.de\/ro\/extensions\/risk-heatmap-extension-for-qliksense\/\">Matricea riscurilor<\/a>.<\/p>\n\n\n\n<figure class=\"wp-block-image size-large\"><img loading=\"lazy\" decoding=\"async\" width=\"1024\" height=\"600\" src=\"https:\/\/www.leaplytics.de\/wp-content\/uploads\/2021\/11\/Laptop-with-Dashboard-Page2-1024x600.png\" alt=\"\" class=\"wp-image-2407\" srcset=\"https:\/\/www.leaplytics.de\/wp-content\/uploads\/2021\/11\/Laptop-with-Dashboard-Page2-1024x600.png 1024w, https:\/\/www.leaplytics.de\/wp-content\/uploads\/2021\/11\/Laptop-with-Dashboard-Page2-300x176.png 300w, https:\/\/www.leaplytics.de\/wp-content\/uploads\/2021\/11\/Laptop-with-Dashboard-Page2-768x450.png 768w, https:\/\/www.leaplytics.de\/wp-content\/uploads\/2021\/11\/Laptop-with-Dashboard-Page2-1536x901.png 1536w, https:\/\/www.leaplytics.de\/wp-content\/uploads\/2021\/11\/Laptop-with-Dashboard-Page2-2048x1201.png 2048w, https:\/\/www.leaplytics.de\/wp-content\/uploads\/2021\/11\/Laptop-with-Dashboard-Page2-102x60.png 102w\" sizes=\"auto, (max-width: 1024px) 100vw, 1024px\" \/><figcaption class=\"wp-element-caption\">Tablou de bord pentru managementul proiectelor Qlik Sense<\/figcaption><\/figure>\n\n\n\n<p>O variant\u0103 a raportului de baz\u0103 privind stadiul proiectului schimb\u0103 aspectul \u00eentr-o vizualizare orizontal\u0103 \u0219i adaug\u0103 vizualizarea etapelor ca func\u021bie principal\u0103 pentru a ob\u021bine o imagine de ansamblu asupra etapelor relevante \u0219i a obiectivelor lor de realizare.<\/p>\n\n\n\n<figure class=\"wp-block-image size-large\"><img loading=\"lazy\" decoding=\"async\" width=\"1024\" height=\"602\" src=\"https:\/\/www.leaplytics.de\/wp-content\/uploads\/2021\/11\/Laptop-with-Dashboard-Page3-1024x602.png\" alt=\"\" class=\"wp-image-2408\" srcset=\"https:\/\/www.leaplytics.de\/wp-content\/uploads\/2021\/11\/Laptop-with-Dashboard-Page3-1024x602.png 1024w, https:\/\/www.leaplytics.de\/wp-content\/uploads\/2021\/11\/Laptop-with-Dashboard-Page3-300x176.png 300w, https:\/\/www.leaplytics.de\/wp-content\/uploads\/2021\/11\/Laptop-with-Dashboard-Page3-768x451.png 768w, https:\/\/www.leaplytics.de\/wp-content\/uploads\/2021\/11\/Laptop-with-Dashboard-Page3-1536x903.png 1536w, https:\/\/www.leaplytics.de\/wp-content\/uploads\/2021\/11\/Laptop-with-Dashboard-Page3-2048x1204.png 2048w, https:\/\/www.leaplytics.de\/wp-content\/uploads\/2021\/11\/Laptop-with-Dashboard-Page3-102x60.png 102w\" sizes=\"auto, (max-width: 1024px) 100vw, 1024px\" \/><figcaption class=\"wp-element-caption\">Tablou de bord pentru managementul proiectelor Qlik Sense<\/figcaption><\/figure>\n\n\n\n<p>Extensia noastr\u0103 poate fi, de asemenea, utilizat\u0103 \u00een tablourile de bord cuprinz\u0103toare ale portofoliului.<\/p>\n\n\n\n<figure class=\"wp-block-image size-large\"><img loading=\"lazy\" decoding=\"async\" width=\"1024\" height=\"599\" src=\"https:\/\/www.leaplytics.de\/wp-content\/uploads\/2021\/11\/Laptop-with-Dashboard-Page1-1024x599.png\" alt=\"\" class=\"wp-image-2406\" srcset=\"https:\/\/www.leaplytics.de\/wp-content\/uploads\/2021\/11\/Laptop-with-Dashboard-Page1-1024x599.png 1024w, https:\/\/www.leaplytics.de\/wp-content\/uploads\/2021\/11\/Laptop-with-Dashboard-Page1-300x175.png 300w, https:\/\/www.leaplytics.de\/wp-content\/uploads\/2021\/11\/Laptop-with-Dashboard-Page1-768x449.png 768w, https:\/\/www.leaplytics.de\/wp-content\/uploads\/2021\/11\/Laptop-with-Dashboard-Page1-1536x898.png 1536w, https:\/\/www.leaplytics.de\/wp-content\/uploads\/2021\/11\/Laptop-with-Dashboard-Page1-2048x1198.png 2048w, https:\/\/www.leaplytics.de\/wp-content\/uploads\/2021\/11\/Laptop-with-Dashboard-Page1-103x60.png 103w\" sizes=\"auto, (max-width: 1024px) 100vw, 1024px\" \/><figcaption class=\"wp-element-caption\">Portofoliu de proiecte Tablou de bord Qlik Sense<\/figcaption><\/figure>\n\n\n\n<p>Dac\u0103 sunte\u021bi curios ce ar \u00eensemna acest lucru pentru mediul dvs. de gestionare a proiectelor, suntem bucuro\u0219i s\u0103 organiz\u0103m o convorbire cu dvs. \u00cen acest caz sau dac\u0103 ave\u021bi \u00eentreb\u0103ri cu privire la detalii, implementare \u0219i informa\u021bii despre pre\u021buri, v\u0103 rug\u0103m s\u0103 ne anun\u021ba\u021bi \u0219i v\u0103 contact\u0103m pe termen scurt:<\/p>\n\n\n<div class=\"wpforms-container wpforms-container-full\" id=\"wpforms-10645\"><form id=\"wpforms-form-10645\" class=\"wpforms-validate wpforms-form wpforms-ajax-form\" data-formid=\"10645\" method=\"post\" enctype=\"multipart\/form-data\" action=\"\/ro\/wp-json\/wp\/v2\/pages\/799\" data-token=\"28f3ef07fd5c71083e51fe95017e2f15\" data-token-time=\"1775876673\" data-trp-original-action=\"\/ro\/wp-json\/wp\/v2\/pages\/799\"><noscript class=\"wpforms-error-noscript\">V\u0103 rug\u0103m s\u0103 activa\u021bi JavaScript \u00een browserul dvs. pentru a completa acest formular.<\/noscript><div class=\"wpforms-field-container\"><div id=\"wpforms-10645-field_0-container\" class=\"wpforms-field wpforms-field-name\" data-field-id=\"0\"><label class=\"wpforms-field-label\">Nume \u0219i prenume <span class=\"wpforms-required-label\">*<\/span><\/label><div class=\"wpforms-field-row wpforms-field-medium\"><div class=\"wpforms-field-row-block wpforms-first wpforms-one-half\"><input type=\"text\" id=\"wpforms-10645-field_0\" class=\"wpforms-field-name-first wpforms-field-required\" name=\"wpforms[fields][0][first]\" required><label for=\"wpforms-10645-field_0\" class=\"wpforms-field-sublabel after\">\u00cen primul r\u00e2nd<\/label><\/div><div class=\"wpforms-field-row-block wpforms-one-half\"><input type=\"text\" id=\"wpforms-10645-field_0-last\" class=\"wpforms-field-name-last wpforms-field-required\" name=\"wpforms[fields][0][last]\" required><label for=\"wpforms-10645-field_0-last\" class=\"wpforms-field-sublabel after\">Ultimele<\/label><\/div><\/div><\/div><div id=\"wpforms-10645-field_1-container\" class=\"wpforms-field wpforms-field-email\" data-field-id=\"1\"><label class=\"wpforms-field-label\" for=\"wpforms-10645-field_1\">E-mail <span class=\"wpforms-required-label\">*<\/span><\/label><input type=\"email\" id=\"wpforms-10645-field_1\" class=\"wpforms-field-medium wpforms-field-required\" data-rule-restricted-email=\"1\" name=\"wpforms[fields][1]\" spellcheck=\"false\" required><\/div><div id=\"wpforms-10645-field_3-container\" class=\"wpforms-field wpforms-field-text\" data-field-id=\"3\"><label class=\"wpforms-field-label\" for=\"wpforms-10645-field_3\">Compania <span class=\"wpforms-required-label\">*<\/span><\/label><input type=\"text\" id=\"wpforms-10645-field_3\" class=\"wpforms-field-medium wpforms-field-required\" name=\"wpforms[fields][3]\" required><\/div><div id=\"wpforms-10645-field_2-container\" class=\"wpforms-field wpforms-field-textarea\" data-field-id=\"2\"><label class=\"wpforms-field-label\" for=\"wpforms-10645-field_2\">Comentariu sau mesaj<\/label><textarea id=\"wpforms-10645-field_2\" class=\"wpforms-field-medium\" name=\"wpforms[fields][2]\" ><\/textarea><\/div><div id=\"wpforms-10645-field_4-container\" class=\"wpforms-field wpforms-field-gdpr-checkbox\" data-field-id=\"4\"><label class=\"wpforms-field-label\">Acordul GDPR <span class=\"wpforms-required-label\">*<\/span><\/label><ul id=\"wpforms-10645-field_4\" class=\"wpforms-field-required\"><li class=\"choice-1\"><input type=\"checkbox\" id=\"wpforms-10645-field_4_1\" name=\"wpforms[fields][4][]\" value=\"I consent to having this website store my submitted information so they can respond to my inquiry.\" required><label class=\"wpforms-field-label-inline\" for=\"wpforms-10645-field_4_1\">Sunt de acord ca acest site web s\u0103 stocheze informa\u021biile trimise de mine pentru a putea r\u0103spunde la solicitarea mea.<\/label><\/li><\/ul><\/div><\/div><!-- .wpforms-field-container --><div class=\"wpforms-recaptcha-container wpforms-is-recaptcha wpforms-is-recaptcha-type-v3\" ><input type=\"hidden\" name=\"wpforms[recaptcha]\" value=\"\"><\/div><div class=\"wpforms-submit-container\" ><input type=\"hidden\" name=\"wpforms[id]\" value=\"10645\"><input type=\"hidden\" name=\"page_title\" value=\"\"><input type=\"hidden\" name=\"page_url\" value=\"https:\/\/www.leaplytics.de\/ro\/wp-json\/wp\/v2\/pages\/799\"><input type=\"hidden\" name=\"url_referer\" value=\"\"><button type=\"submit\" name=\"wpforms[submit]\" id=\"wpforms-submit-10645\" class=\"wpforms-submit\" data-alt-text=\"Sending...\" data-submit-text=\"Submit\" aria-live=\"assertive\" value=\"wpforms-submit\">Trimite<\/button><img loading=\"lazy\" decoding=\"async\" src=\"https:\/\/www.leaplytics.de\/wp-content\/plugins\/wpforms-lite\/assets\/images\/submit-spin.svg\" class=\"wpforms-submit-spinner\" style=\"display: none;\" width=\"26\" height=\"26\" alt=\"\u00cenc\u0103rcare\"><\/div><input type=\"hidden\" name=\"trp-form-language\" value=\"ro\"\/><\/form><\/div>  <!-- .wpforms-container -->","protected":false},"excerpt":{"rendered":"<p>Tablou de bord Tablou de bord pentru managementul proiectelor Qlik Sense respect\u0103 o regul\u0103 simpl\u0103: prezint\u0103 informa\u021biile corecte despre proiect \u00een agregarea corect\u0103 persoanelor responsabile dintr-o singur\u0103 privire, permi\u021b\u00e2ndu-le s\u0103 ia deciziile corecte. \u00cen mediul proiectului, exist\u0103 diferite p\u0103r\u021bi interesate, care au diferite cerin\u021be de informa\u021bii \u0219i fiecare cu un nivel diferit de detaliu. ... <\/p>","protected":false},"author":1,"featured_media":0,"parent":111,"menu_order":0,"comment_status":"closed","ping_status":"closed","template":"","meta":{"footnotes":""},"class_list":["post-799","page","type-page","status-publish","hentry","latest_post"],"_links":{"self":[{"href":"https:\/\/www.leaplytics.de\/ro\/wp-json\/wp\/v2\/pages\/799","targetHints":{"allow":["GET"]}}],"collection":[{"href":"https:\/\/www.leaplytics.de\/ro\/wp-json\/wp\/v2\/pages"}],"about":[{"href":"https:\/\/www.leaplytics.de\/ro\/wp-json\/wp\/v2\/types\/page"}],"author":[{"embeddable":true,"href":"https:\/\/www.leaplytics.de\/ro\/wp-json\/wp\/v2\/users\/1"}],"replies":[{"embeddable":true,"href":"https:\/\/www.leaplytics.de\/ro\/wp-json\/wp\/v2\/comments?post=799"}],"version-history":[{"count":3,"href":"https:\/\/www.leaplytics.de\/ro\/wp-json\/wp\/v2\/pages\/799\/revisions"}],"predecessor-version":[{"id":13668,"href":"https:\/\/www.leaplytics.de\/ro\/wp-json\/wp\/v2\/pages\/799\/revisions\/13668"}],"up":[{"embeddable":true,"href":"https:\/\/www.leaplytics.de\/ro\/wp-json\/wp\/v2\/pages\/111"}],"wp:attachment":[{"href":"https:\/\/www.leaplytics.de\/ro\/wp-json\/wp\/v2\/media?parent=799"}],"curies":[{"name":"wp","href":"https:\/\/api.w.org\/{rel}","templated":true}]}}