{"id":8471,"date":"2022-06-07T22:47:30","date_gmt":"2022-06-07T20:47:30","guid":{"rendered":"https:\/\/www.leaplytics.de\/?page_id=8471"},"modified":"2022-06-08T11:19:35","modified_gmt":"2022-06-08T09:19:35","slug":"cum-sa-activati-licenta-microsoft-power-bi","status":"publish","type":"page","link":"https:\/\/www.leaplytics.de\/ro\/cum-sa-activati-licenta-microsoft-power-bi\/","title":{"rendered":"Cum s\u0103: Activa\u021bi licen\u021ba \u00een Microsoft Power BI"},"content":{"rendered":"<p>A\u021bi primit cheia de licen\u021b\u0103 \u0219i dori\u021bi s\u0103 \u00eencepe\u021bi. Dar unde trebuie s\u0103 o introduce\u021bi? V\u0103 explic\u0103m asta aici.<\/p>\n\n\n\n<h2 class=\"wp-block-heading\">Power BI Web<\/h2>\n\n\n\n<div class=\"wp-block-columns is-layout-flex wp-container-core-columns-is-layout-1 wp-block-columns-is-layout-flex\">\n<div class=\"wp-block-column is-layout-flow wp-block-column-is-layout-flow\">\n<p>\u00cen modul editor, face\u021bi mai \u00eent\u00e2i clic pe vizualizarea noastr\u0103. Op\u021biunile de set\u0103ri pentru vizualizarea noastr\u0103 se vor deschide apoi \u00een bara lateral\u0103. Face\u021bi clic pe \"Format\". Aceasta este a doua pictogram\u0103 din st\u00e2nga. Seam\u0103n\u0103 cu o pensul\u0103 rulant\u0103.<\/p>\n<\/div>\n\n\n\n<div class=\"wp-block-column is-layout-flow wp-block-column-is-layout-flow\">\n<figure class=\"wp-block-gallery has-nested-images columns-default is-cropped wp-block-gallery-1 is-layout-flex wp-block-gallery-is-layout-flex\">\n<figure class=\"wp-block-image size-large\"><img loading=\"lazy\" decoding=\"async\" width=\"322\" height=\"357\" src=\"https:\/\/www.leaplytics.de\/wp-content\/uploads\/2022\/06\/grafik.png\" alt=\"\" class=\"wp-image-8472\" srcset=\"https:\/\/www.leaplytics.de\/wp-content\/uploads\/2022\/06\/grafik.png 322w, https:\/\/www.leaplytics.de\/wp-content\/uploads\/2022\/06\/grafik-271x300.png 271w, https:\/\/www.leaplytics.de\/wp-content\/uploads\/2022\/06\/grafik-54x60.png 54w\" sizes=\"auto, (max-width: 322px) 100vw, 322px\" \/><\/figure>\n<\/figure>\n<\/div>\n<\/div>\n\n\n\n<div class=\"wp-block-columns is-layout-flex wp-container-core-columns-is-layout-2 wp-block-columns-is-layout-flex\">\n<div class=\"wp-block-column is-layout-flow wp-block-column-is-layout-flow\">\n<figure class=\"wp-block-image size-full\"><img loading=\"lazy\" decoding=\"async\" width=\"314\" height=\"636\" src=\"https:\/\/www.leaplytics.de\/wp-content\/uploads\/2022\/06\/grafik-1.png\" alt=\"\" class=\"wp-image-8476\" srcset=\"https:\/\/www.leaplytics.de\/wp-content\/uploads\/2022\/06\/grafik-1.png 314w, https:\/\/www.leaplytics.de\/wp-content\/uploads\/2022\/06\/grafik-1-148x300.png 148w, https:\/\/www.leaplytics.de\/wp-content\/uploads\/2022\/06\/grafik-1-30x60.png 30w\" sizes=\"auto, (max-width: 314px) 100vw, 314px\" \/><\/figure>\n<\/div>\n\n\n\n<div class=\"wp-block-column is-layout-flow wp-block-column-is-layout-flow\">\n<p>Ve\u021bi vedea acum mai multe meniuri derulante. Unul dintre ele are eticheta \"Licen\u021b\u0103\". Face\u021bi clic pe acesta \u0219i mai jos apare c\u00e2mpul de text \u00een care pute\u021bi introduce licen\u021ba dvs.<\/p>\n\n\n\n<p>Gata! Licen\u021ba este activat\u0103 \u0219i toate restric\u021biile au disp\u0103rut. Pute\u021bi \u00eencepe acum!<\/p>\n<\/div>\n<\/div>\n\n\n\n<h2 class=\"wp-block-heading\">Power BI Desktop<\/h2>\n\n\n\n<div class=\"wp-block-columns is-layout-flex wp-container-core-columns-is-layout-3 wp-block-columns-is-layout-flex\">\n<div class=\"wp-block-column is-layout-flow wp-block-column-is-layout-flow\">\n<p>\u00cen modul editor, face\u021bi mai \u00eent\u00e2i clic pe vizualizarea noastr\u0103. Op\u021biunile de set\u0103ri pentru vizualizarea noastr\u0103 se vor deschide apoi \u00een bara lateral\u0103. Face\u021bi clic pe \"Format your visual\". Aceasta este a doua pictogram\u0103 din st\u00e2nga. Arat\u0103 ca un grafic cu bare cu o pensul\u0103.<\/p>\n<\/div>\n\n\n\n<div class=\"wp-block-column is-layout-flow wp-block-column-is-layout-flow\">\n<figure class=\"wp-block-image size-full\"><img loading=\"lazy\" decoding=\"async\" width=\"301\" height=\"348\" src=\"https:\/\/www.leaplytics.de\/wp-content\/uploads\/2022\/06\/grafik-2.png\" alt=\"\" class=\"wp-image-8477\" srcset=\"https:\/\/www.leaplytics.de\/wp-content\/uploads\/2022\/06\/grafik-2.png 301w, https:\/\/www.leaplytics.de\/wp-content\/uploads\/2022\/06\/grafik-2-259x300.png 259w, https:\/\/www.leaplytics.de\/wp-content\/uploads\/2022\/06\/grafik-2-52x60.png 52w\" sizes=\"auto, (max-width: 301px) 100vw, 301px\" \/><\/figure>\n<\/div>\n<\/div>\n\n\n\n<div class=\"wp-block-columns is-layout-flex wp-container-core-columns-is-layout-4 wp-block-columns-is-layout-flex\">\n<div class=\"wp-block-column is-layout-flow wp-block-column-is-layout-flow\">\n<figure class=\"wp-block-image size-full\"><img loading=\"lazy\" decoding=\"async\" width=\"252\" height=\"410\" src=\"https:\/\/www.leaplytics.de\/wp-content\/uploads\/2022\/06\/grafik-3.png\" alt=\"\" class=\"wp-image-8478\" srcset=\"https:\/\/www.leaplytics.de\/wp-content\/uploads\/2022\/06\/grafik-3.png 252w, https:\/\/www.leaplytics.de\/wp-content\/uploads\/2022\/06\/grafik-3-184x300.png 184w, https:\/\/www.leaplytics.de\/wp-content\/uploads\/2022\/06\/grafik-3-37x60.png 37w\" sizes=\"auto, (max-width: 252px) 100vw, 252px\" \/><\/figure>\n<\/div>\n\n\n\n<div class=\"wp-block-column is-layout-flow wp-block-column-is-layout-flow\">\n<p>Ve\u021bi vedea acum mai multe meniuri derulante. Unul dintre ele are eticheta \"Licen\u021b\u0103\". Face\u021bi clic pe acesta \u0219i mai jos apare c\u00e2mpul de text \u00een care pute\u021bi introduce licen\u021ba dvs.<\/p>\n\n\n\n<p>Gata! Licen\u021ba este activat\u0103 \u0219i toate restric\u021biile au disp\u0103rut.<\/p>\n<\/div>\n<\/div>","protected":false},"excerpt":{"rendered":"<p>A\u021bi primit cheia de licen\u021b\u0103 \u0219i dori\u021bi s\u0103 \u00eencepe\u021bi. Dar unde trebuie s\u0103 o introduce\u021bi? V\u0103 explic\u0103m asta aici. Power BI Web \u00cen modul editor, face\u021bi mai \u00eent\u00e2i clic pe vizualizarea noastr\u0103. Op\u021biunile de set\u0103ri pentru vizualizarea noastr\u0103 se vor deschide apoi \u00een bara lateral\u0103. Face\u021bi clic pe \"Format\". Aceasta este a doua ... <\/p>","protected":false},"author":2,"featured_media":0,"parent":0,"menu_order":0,"comment_status":"closed","ping_status":"closed","template":"","meta":{"footnotes":""},"class_list":["post-8471","page","type-page","status-publish","hentry","latest_post"],"_links":{"self":[{"href":"https:\/\/www.leaplytics.de\/ro\/wp-json\/wp\/v2\/pages\/8471","targetHints":{"allow":["GET"]}}],"collection":[{"href":"https:\/\/www.leaplytics.de\/ro\/wp-json\/wp\/v2\/pages"}],"about":[{"href":"https:\/\/www.leaplytics.de\/ro\/wp-json\/wp\/v2\/types\/page"}],"author":[{"embeddable":true,"href":"https:\/\/www.leaplytics.de\/ro\/wp-json\/wp\/v2\/users\/2"}],"replies":[{"embeddable":true,"href":"https:\/\/www.leaplytics.de\/ro\/wp-json\/wp\/v2\/comments?post=8471"}],"version-history":[{"count":0,"href":"https:\/\/www.leaplytics.de\/ro\/wp-json\/wp\/v2\/pages\/8471\/revisions"}],"wp:attachment":[{"href":"https:\/\/www.leaplytics.de\/ro\/wp-json\/wp\/v2\/media?parent=8471"}],"curies":[{"name":"wp","href":"https:\/\/api.w.org\/{rel}","templated":true}]}}