{"id":8932,"date":"2022-06-26T15:12:00","date_gmt":"2022-06-26T13:12:00","guid":{"rendered":"https:\/\/www.leaplytics.de\/?page_id=8932"},"modified":"2023-11-01T10:18:18","modified_gmt":"2023-11-01T09:18:18","slug":"semafor-putere-bi-proces","status":"publish","type":"page","link":"https:\/\/www.leaplytics.de\/ro\/semafor-putere-bi-proces\/","title":{"rendered":"Power BI Traffic Light - \u00cencerca\u021bi versiunea noastr\u0103 Pro acum!"},"content":{"rendered":"<figure class=\"wp-block-image size-full\"><img loading=\"lazy\" decoding=\"async\" width=\"152\" height=\"37\" src=\"https:\/\/www.leaplytics.de\/wp-content\/uploads\/2022\/05\/PBI-Certified.png\" alt=\"\" class=\"wp-image-8358\" srcset=\"https:\/\/www.leaplytics.de\/wp-content\/uploads\/2022\/05\/PBI-Certified.png 152w, https:\/\/www.leaplytics.de\/wp-content\/uploads\/2022\/05\/PBI-Certified-150x37.png 150w\" sizes=\"auto, (max-width: 152px) 100vw, 152px\" \/><\/figure>\n\n\n\n<p>Semaforul nostru pentru Microsoft Power BI p\u0103streaz\u0103 datele simplu \u0219i u\u0219or la o privire.<\/p>\n\n\n\n<p><strong>Procesul nostru este gratuit. <\/strong>Nu v\u0103 vom taxa nimic.<\/p>\n\n\n\n<p>Ve\u021bi primi \u00een termen de 24 de ore un e-mail cu licen\u021ba dvs. de \u00eencercare personal\u0103 de patru s\u0103pt\u0103m\u00e2ni.<\/p>\n\n\n<div class=\"wpforms-container wpforms-container-full wpforms-block wpforms-block-a477720d-895b-4bba-961c-87e2ca754ee2\" id=\"wpforms-10628\"><form id=\"wpforms-form-10628\" class=\"wpforms-validate wpforms-form wpforms-ajax-form\" data-formid=\"10628\" method=\"post\" enctype=\"multipart\/form-data\" action=\"\/ro\/wp-json\/wp\/v2\/pages\/8932\" data-token=\"fa432c597b2e222fba48e846601ac990\" data-token-time=\"1775835370\" data-trp-original-action=\"\/ro\/wp-json\/wp\/v2\/pages\/8932\"><noscript class=\"wpforms-error-noscript\">V\u0103 rug\u0103m s\u0103 activa\u021bi JavaScript \u00een browserul dvs. pentru a completa acest formular.<\/noscript><div class=\"wpforms-field-container\"><div id=\"wpforms-10628-field_0-container\" class=\"wpforms-field wpforms-field-name\" data-field-id=\"0\"><label class=\"wpforms-field-label\">Nume \u0219i prenume <span class=\"wpforms-required-label\">*<\/span><\/label><div class=\"wpforms-field-row wpforms-field-medium\"><div class=\"wpforms-field-row-block wpforms-first wpforms-one-half\"><input type=\"text\" id=\"wpforms-10628-field_0\" class=\"wpforms-field-name-first wpforms-field-required\" name=\"wpforms[fields][0][first]\" required><label for=\"wpforms-10628-field_0\" class=\"wpforms-field-sublabel after\">\u00cen primul r\u00e2nd<\/label><\/div><div class=\"wpforms-field-row-block wpforms-one-half\"><input type=\"text\" id=\"wpforms-10628-field_0-last\" class=\"wpforms-field-name-last wpforms-field-required\" name=\"wpforms[fields][0][last]\" required><label for=\"wpforms-10628-field_0-last\" class=\"wpforms-field-sublabel after\">Ultimele<\/label><\/div><\/div><\/div><div id=\"wpforms-10628-field_1-container\" class=\"wpforms-field wpforms-field-email\" data-field-id=\"1\"><label class=\"wpforms-field-label\" for=\"wpforms-10628-field_1\">Email de afaceri <span class=\"wpforms-required-label\">*<\/span><\/label><input type=\"email\" id=\"wpforms-10628-field_1\" class=\"wpforms-field-medium wpforms-field-required\" data-rule-restricted-email=\"1\" name=\"wpforms[fields][1]\" spellcheck=\"false\" required><\/div><div id=\"wpforms-10628-field_4-container\" class=\"wpforms-field wpforms-field-text\" data-field-id=\"4\"><label class=\"wpforms-field-label\" for=\"wpforms-10628-field_4\">Compania <span class=\"wpforms-required-label\">*<\/span><\/label><input type=\"text\" id=\"wpforms-10628-field_4\" class=\"wpforms-field-medium wpforms-field-required\" name=\"wpforms[fields][4]\" required><\/div><div id=\"wpforms-10628-field_3-container\" class=\"wpforms-field wpforms-field-gdpr-checkbox\" data-field-id=\"3\"><label class=\"wpforms-field-label\">Acordul GDPR <span class=\"wpforms-required-label\">*<\/span><\/label><ul id=\"wpforms-10628-field_3\" class=\"wpforms-field-required\"><li class=\"choice-1\"><input type=\"checkbox\" id=\"wpforms-10628-field_3_1\" name=\"wpforms[fields][3][]\" value=\"I consent to having this website store my submitted information so they can respond to my inquiry.\" required><label class=\"wpforms-field-label-inline\" for=\"wpforms-10628-field_3_1\">Sunt de acord ca acest site web s\u0103 stocheze informa\u021biile trimise de mine pentru a putea r\u0103spunde la solicitarea mea.<\/label><\/li><\/ul><\/div><\/div><!-- .wpforms-field-container --><div class=\"wpforms-recaptcha-container wpforms-is-recaptcha wpforms-is-recaptcha-type-v3\" ><input type=\"hidden\" name=\"wpforms[recaptcha]\" value=\"\"><\/div><div class=\"wpforms-submit-container\" ><input type=\"hidden\" name=\"wpforms[id]\" value=\"10628\"><input type=\"hidden\" name=\"page_title\" value=\"\"><input type=\"hidden\" name=\"page_url\" value=\"https:\/\/www.leaplytics.de\/ro\/wp-json\/wp\/v2\/pages\/8932\"><input type=\"hidden\" name=\"url_referer\" value=\"\"><button type=\"submit\" name=\"wpforms[submit]\" id=\"wpforms-submit-10628\" class=\"wpforms-submit\" data-alt-text=\"Sending...\" data-submit-text=\"Submit\" aria-live=\"assertive\" value=\"wpforms-submit\">Trimite<\/button><img loading=\"lazy\" decoding=\"async\" src=\"https:\/\/www.leaplytics.de\/wp-content\/plugins\/wpforms-lite\/assets\/images\/submit-spin.svg\" class=\"wpforms-submit-spinner\" style=\"display: none;\" width=\"26\" height=\"26\" alt=\"\u00cenc\u0103rcare\"><\/div><input type=\"hidden\" name=\"trp-form-language\" value=\"ro\"\/><\/form><\/div>  <!-- .wpforms-container -->","protected":false},"excerpt":{"rendered":"<p>Semaforul nostru pentru Microsoft Power BI p\u0103streaz\u0103 datele simplu \u0219i u\u0219or la o privire. Testul nostru este gratuit. Nu v\u0103 vom taxa nimic. Ve\u021bi primi \u00een termen de 24 de ore un e-mail cu licen\u021ba dvs. de \u00eencercare personal\u0103 de patru s\u0103pt\u0103m\u00e2ni.<\/p>","protected":false},"author":2,"featured_media":0,"parent":0,"menu_order":0,"comment_status":"closed","ping_status":"closed","template":"","meta":{"footnotes":""},"class_list":["post-8932","page","type-page","status-publish","hentry","latest_post"],"_links":{"self":[{"href":"https:\/\/www.leaplytics.de\/ro\/wp-json\/wp\/v2\/pages\/8932","targetHints":{"allow":["GET"]}}],"collection":[{"href":"https:\/\/www.leaplytics.de\/ro\/wp-json\/wp\/v2\/pages"}],"about":[{"href":"https:\/\/www.leaplytics.de\/ro\/wp-json\/wp\/v2\/types\/page"}],"author":[{"embeddable":true,"href":"https:\/\/www.leaplytics.de\/ro\/wp-json\/wp\/v2\/users\/2"}],"replies":[{"embeddable":true,"href":"https:\/\/www.leaplytics.de\/ro\/wp-json\/wp\/v2\/comments?post=8932"}],"version-history":[{"count":0,"href":"https:\/\/www.leaplytics.de\/ro\/wp-json\/wp\/v2\/pages\/8932\/revisions"}],"wp:attachment":[{"href":"https:\/\/www.leaplytics.de\/ro\/wp-json\/wp\/v2\/media?parent=8932"}],"curies":[{"name":"wp","href":"https:\/\/api.w.org\/{rel}","templated":true}]}}