{"id":9298,"date":"2022-08-01T18:12:55","date_gmt":"2022-08-01T16:12:55","guid":{"rendered":"https:\/\/www.leaplytics.de\/?page_id=9298"},"modified":"2024-10-29T10:26:15","modified_gmt":"2024-10-29T09:26:15","slug":"initiere-traffic-light-power-bi","status":"publish","type":"page","link":"https:\/\/www.leaplytics.de\/ro\/initiere-traffic-light-power-bi\/","title":{"rendered":"No\u021biuni introductive - Semafor"},"content":{"rendered":"<p>Tocmai a\u021bi aflat despre imaginea Traffic Light din Power BI \u0219i v\u0103 \u00eentreba\u021bi care sunt urm\u0103torii pa\u0219i?<\/p>\n\n\n\n<p>Atunci a\u021bi ajuns la locul potrivit! \u00cen ghidul nostru pas cu pas, sus\u021binut de tutorialele noastre video, v\u0103 vom ghida prin configurarea \u0219i personalizarea vizualului nostru.<\/p>\n\n\n\n<div style=\"height:40px\" aria-hidden=\"true\" class=\"wp-block-spacer\"><\/div>\n\n\n\n<h3 class=\"wp-block-heading\">1. Desc\u0103rca\u021bi imaginea<\/h3>\n\n\n\n<figure class=\"wp-block-embed is-type-video is-provider-youtube wp-block-embed-youtube wp-embed-aspect-16-9 wp-has-aspect-ratio\"><div class=\"wp-block-embed__wrapper\">\n<iframe loading=\"lazy\" title=\"Descarc\u0103 Tutorial - Semaforul LeapLytics pentru Power BI\" width=\"770\" height=\"433\" src=\"https:\/\/www.youtube.com\/embed\/_u8gc4RcyO0?feature=oembed\" frameborder=\"0\" allow=\"accelerometer; autoplay; clipboard-write; encrypted-media; gyroscope; picture-in-picture; web-share\" referrerpolicy=\"strict-origin-when-cross-origin\" allowfullscreen><\/iframe>\n<\/div><figcaption class=\"wp-element-caption\">Primul pas este, desigur, s\u0103 desc\u0103rca\u021bi Traffic Light visual din Microsoft AppSource. \u00cen videoclipul nostru, explic\u0103m \u00eentregul proces de desc\u0103rcare \u00een 1 minut.<\/figcaption><\/figure>\n\n\n\n<div style=\"height:40px\" aria-hidden=\"true\" class=\"wp-block-spacer\"><\/div>\n\n\n\n<h3 class=\"wp-block-heading\">2. Preg\u0103ti\u021bi-v\u0103 datele<\/h3>\n\n\n\n<div class=\"wp-block-columns is-layout-flex wp-container-core-columns-is-layout-1 wp-block-columns-is-layout-flex\">\n<div class=\"wp-block-column is-layout-flow wp-block-column-is-layout-flow\"><div class=\"wp-block-image\">\n<figure class=\"alignleft size-full is-resized\"><img loading=\"lazy\" decoding=\"async\" width=\"2285\" height=\"1538\" src=\"https:\/\/www.leaplytics.de\/wp-content\/uploads\/2024\/08\/data-preparation.png\" alt=\"\" class=\"wp-image-13550\" style=\"width:389px;height:auto\" srcset=\"https:\/\/www.leaplytics.de\/wp-content\/uploads\/2024\/08\/data-preparation.png 2285w, https:\/\/www.leaplytics.de\/wp-content\/uploads\/2024\/08\/data-preparation-300x202.png 300w, https:\/\/www.leaplytics.de\/wp-content\/uploads\/2024\/08\/data-preparation-1024x689.png 1024w, https:\/\/www.leaplytics.de\/wp-content\/uploads\/2024\/08\/data-preparation-768x517.png 768w, https:\/\/www.leaplytics.de\/wp-content\/uploads\/2024\/08\/data-preparation-1536x1034.png 1536w, https:\/\/www.leaplytics.de\/wp-content\/uploads\/2024\/08\/data-preparation-2048x1378.png 2048w, https:\/\/www.leaplytics.de\/wp-content\/uploads\/2024\/08\/data-preparation-89x60.png 89w\" sizes=\"auto, (max-width: 2285px) 100vw, 2285px\" \/><\/figure><\/div><\/div>\n\n\n\n<div class=\"wp-block-column is-layout-flow wp-block-column-is-layout-flow\">\n<p>Semaforul nostru necesit\u0103 valori numerice, procentuale sau de timp (de exemplu, data) pentru a configura intervalele pentru fiecare culoare a luminii.<\/p>\n\n\n\n<p>Asigura\u021bi-v\u0103 c\u0103 v\u0103 ajusta\u021bi datele de interes la unul dintre formatele de date acceptate.<\/p>\n<\/div>\n<\/div>\n\n\n\n<div style=\"height:40px\" aria-hidden=\"true\" class=\"wp-block-spacer\"><\/div>\n\n\n\n<h3 class=\"wp-block-heading\">3. Importul de date \u0219i licen\u021be<\/h3>\n\n\n\n<figure class=\"wp-block-embed is-type-video is-provider-youtube wp-block-embed-youtube wp-embed-aspect-16-9 wp-has-aspect-ratio\"><div class=\"wp-block-embed__wrapper\">\n<iframe loading=\"lazy\" title=\"Import de date \u0219i activarea licen\u021bei - LeapLytics Traffic Light pentru Power BI\" width=\"770\" height=\"433\" src=\"https:\/\/www.youtube.com\/embed\/S1HhF9H03K0?feature=oembed\" frameborder=\"0\" allow=\"accelerometer; autoplay; clipboard-write; encrypted-media; gyroscope; picture-in-picture; web-share\" referrerpolicy=\"strict-origin-when-cross-origin\" allowfullscreen><\/iframe>\n<\/div><figcaption class=\"wp-element-caption\">Odat\u0103 ce ne-am preg\u0103tit datele, este timpul s\u0103 le import\u0103m \u00een Power BI. \u00cen acest videoclip, v\u0103 ajut\u0103m s\u0103 v\u0103 importa\u021bi datele \u0219i s\u0103 v\u0103 activa\u021bi codul de licen\u021b\u0103.<\/figcaption><\/figure>\n\n\n<div class=\"wp-block-image\">\n<figure class=\"alignleft size-full is-resized\"><img loading=\"lazy\" decoding=\"async\" width=\"964\" height=\"1875\" src=\"https:\/\/www.leaplytics.de\/wp-content\/uploads\/2024\/08\/datalicense.png\" alt=\"\" class=\"wp-image-13551\" style=\"width:204px;height:auto\" srcset=\"https:\/\/www.leaplytics.de\/wp-content\/uploads\/2024\/08\/datalicense.png 964w, https:\/\/www.leaplytics.de\/wp-content\/uploads\/2024\/08\/datalicense-154x300.png 154w, https:\/\/www.leaplytics.de\/wp-content\/uploads\/2024\/08\/datalicense-526x1024.png 526w, https:\/\/www.leaplytics.de\/wp-content\/uploads\/2024\/08\/datalicense-768x1494.png 768w, https:\/\/www.leaplytics.de\/wp-content\/uploads\/2024\/08\/datalicense-790x1536.png 790w, https:\/\/www.leaplytics.de\/wp-content\/uploads\/2024\/08\/datalicense-31x60.png 31w\" sizes=\"auto, (max-width: 964px) 100vw, 964px\" \/><\/figure><\/div>\n\n\n<p>Pentru a v\u0103 importa datele, face\u021bi clic pe \"Ob\u021bine\u021bi date\" din panoul de date \u0219i selecta\u021bi sursa de date respectiv\u0103, de exemplu, un registru Excel.<\/p>\n\n\n\n<p><\/p>\n\n\n\n<p>\u00cen etapa urm\u0103toare, selecta\u021bi vizualizarea din lista de vizualiz\u0103ri pentru a o ad\u0103uga la raportul Power BI. Acum, face\u021bi clic pe \"Format your visual\" sub vizualiz\u0103ri \u0219i alege\u021bi sec\u021biunea \"licen\u021b\u0103\".<\/p>\n\n\n\n<p>Aici pute\u021bi introduce pur \u0219i simplu codul de licen\u021b\u0103 prin CTRL + V.<\/p>\n\n\n\n<div style=\"height:40px\" aria-hidden=\"true\" class=\"wp-block-spacer\"><\/div>\n\n\n\n<h3 class=\"wp-block-heading\">4. Configura\u021bie vizual\u0103<\/h3>\n\n\n\n<figure class=\"wp-block-embed is-type-video is-provider-youtube wp-block-embed-youtube wp-embed-aspect-16-9 wp-has-aspect-ratio\"><div class=\"wp-block-embed__wrapper\">\n<iframe loading=\"lazy\" title=\"Configurare vizual\u0103 - LeapLytics Traffic Light pentru Power BI\" width=\"770\" height=\"433\" src=\"https:\/\/www.youtube.com\/embed\/rY4INTDBFAA?feature=oembed\" frameborder=\"0\" allow=\"accelerometer; autoplay; clipboard-write; encrypted-media; gyroscope; picture-in-picture; web-share\" referrerpolicy=\"strict-origin-when-cross-origin\" allowfullscreen><\/iframe>\n<\/div><figcaption class=\"wp-element-caption\">\u00cen continuare, trebuie s\u0103 ad\u0103ug\u0103m datele noastre la vizualizare. Aici, v\u0103 ghid\u0103m pas cu pas cum s\u0103 ad\u0103uga\u021bi datele dvs. la vizualizare \u0219i cum s\u0103 defini\u021bi intervalele de date \u00een mod corespunz\u0103tor.<\/figcaption><\/figure>\n\n\n\n<div class=\"wp-block-columns is-layout-flex wp-container-core-columns-is-layout-2 wp-block-columns-is-layout-flex\">\n<div class=\"wp-block-column is-layout-flow wp-block-column-is-layout-flow\" style=\"flex-basis:33.33%\"><div class=\"wp-block-image\">\n<figure class=\"alignleft size-full is-resized\"><img loading=\"lazy\" decoding=\"async\" width=\"1019\" height=\"1675\" src=\"https:\/\/www.leaplytics.de\/wp-content\/uploads\/2024\/08\/measure.png\" alt=\"\" class=\"wp-image-13554\" style=\"width:204px;height:auto\" srcset=\"https:\/\/www.leaplytics.de\/wp-content\/uploads\/2024\/08\/measure.png 1019w, https:\/\/www.leaplytics.de\/wp-content\/uploads\/2024\/08\/measure-183x300.png 183w, https:\/\/www.leaplytics.de\/wp-content\/uploads\/2024\/08\/measure-623x1024.png 623w, https:\/\/www.leaplytics.de\/wp-content\/uploads\/2024\/08\/measure-768x1262.png 768w, https:\/\/www.leaplytics.de\/wp-content\/uploads\/2024\/08\/measure-934x1536.png 934w, https:\/\/www.leaplytics.de\/wp-content\/uploads\/2024\/08\/measure-37x60.png 37w\" sizes=\"auto, (max-width: 1019px) 100vw, 1019px\" \/><\/figure><\/div><\/div>\n\n\n\n<div class=\"wp-block-column is-layout-flow wp-block-column-is-layout-flow\" style=\"flex-basis:66.66%\">\n<p>Selecta\u021bi m\u0103sura de interes din sec\u021biunea \"Date\" f\u0103c\u00e2nd clic pe ea sau glis\u00e2nd-o \u00een c\u00e2mpul \"M\u0103sur\u0103\" al vizualiz\u0103rii.<\/p>\n\n\n\n<p><strong>Op\u021bional: <\/strong>F\u0103c\u00e2nd clic pe lista derulant\u0103, pute\u021bi alege agregarea potrivit\u0103 pentru nevoile dvs. (sum\u0103, medie etc.).<\/p>\n\n\n\n<p>Atunci c\u00e2nd utiliza\u021bi formate de timp, trebuie s\u0103 v\u0103 asigura\u021bi c\u0103 formatul este setat \u00een conformitate cu formatul m\u0103surii selectate.<\/p>\n<\/div>\n<\/div>\n\n\n\n<div style=\"height:40px\" aria-hidden=\"true\" class=\"wp-block-spacer\"><\/div>\n\n\n\n<h3 class=\"wp-block-heading\">5. Setarea intervalelor<\/h3>\n\n\n<div class=\"wp-block-image\">\n<figure class=\"alignleft size-full\"><img loading=\"lazy\" decoding=\"async\" width=\"185\" height=\"377\" src=\"https:\/\/www.leaplytics.de\/wp-content\/uploads\/2024\/08\/ranges.png\" alt=\"\" class=\"wp-image-13553\" srcset=\"https:\/\/www.leaplytics.de\/wp-content\/uploads\/2024\/08\/ranges.png 185w, https:\/\/www.leaplytics.de\/wp-content\/uploads\/2024\/08\/ranges-147x300.png 147w, https:\/\/www.leaplytics.de\/wp-content\/uploads\/2024\/08\/ranges-29x60.png 29w\" sizes=\"auto, (max-width: 185px) 100vw, 185px\" \/><\/figure><\/div>\n\n\n<p>\u00cen continuare, pentru ca imaginea \"Semafor\" s\u0103 func\u021bioneze corect, trebuie s\u0103 defini\u021bi intervalele pentru afi\u0219area culorilor luminoase. \u00cen sec\u021biunea \"Ranges\" de la \"Formt your visual\", pute\u021bi defini valorile minime \u0219i maxime pentru culoarea corespunz\u0103toare*.<\/p>\n\n\n\n<p>Atunci c\u00e2nd este selectat\u0103 o dat\u0103 sau o m\u0103sur\u0103 de interval \u00een sec\u021biunea m\u0103sur\u0103, trebuie s\u0103 defini\u021bi intervalele \u00een func\u021bie de formatul de timp selectat \u00een sec\u021biunea format de timp.<\/p>\n\n\n\n<p><em>* Minimul galben \u0219i maximul galben sunt dezactivate, dac\u0103 este selectat \"Sistemul cu dou\u0103 lumini\".<\/em><\/p>\n\n\n\n<div style=\"height:40px\" aria-hidden=\"true\" class=\"wp-block-spacer\"><\/div>\n\n\n\n<h3 class=\"wp-block-heading\">6. Personaliza\u021bi-v\u0103 designul preferat<\/h3>\n\n\n\n<figure class=\"wp-block-embed is-type-video is-provider-youtube wp-block-embed-youtube wp-embed-aspect-16-9 wp-has-aspect-ratio\"><div class=\"wp-block-embed__wrapper\">\n<iframe loading=\"lazy\" title=\"Set\u0103ri de design personalizate - LeapLytics Traffic Light pentru Power BI\" width=\"770\" height=\"433\" src=\"https:\/\/www.youtube.com\/embed\/GpFtfzbQ_OE?feature=oembed\" frameborder=\"0\" allow=\"accelerometer; autoplay; clipboard-write; encrypted-media; gyroscope; picture-in-picture; web-share\" referrerpolicy=\"strict-origin-when-cross-origin\" allowfullscreen><\/iframe>\n<\/div><figcaption class=\"wp-element-caption\">Vizualul nostru v\u0103 ofer\u0103 o gam\u0103 larg\u0103 de op\u021biuni de personalizare. Consulta\u021bi tutorialul nostru video de mai sus, pentru a \u00eenv\u0103\u021ba cum s\u0103 personaliza\u021bi semaforul \u00een func\u021bie de preferin\u021bele dvs. individuale.<\/figcaption><\/figure>\n\n\n<div class=\"wp-block-image\">\n<figure class=\"alignleft size-full is-resized\"><img loading=\"lazy\" decoding=\"async\" width=\"538\" height=\"1697\" src=\"https:\/\/www.leaplytics.de\/wp-content\/uploads\/2024\/08\/formats.png\" alt=\"\" class=\"wp-image-13552\" style=\"width:198px;height:auto\" srcset=\"https:\/\/www.leaplytics.de\/wp-content\/uploads\/2024\/08\/formats.png 538w, https:\/\/www.leaplytics.de\/wp-content\/uploads\/2024\/08\/formats-95x300.png 95w, https:\/\/www.leaplytics.de\/wp-content\/uploads\/2024\/08\/formats-325x1024.png 325w, https:\/\/www.leaplytics.de\/wp-content\/uploads\/2024\/08\/formats-487x1536.png 487w, https:\/\/www.leaplytics.de\/wp-content\/uploads\/2024\/08\/formats-19x60.png 19w\" sizes=\"auto, (max-width: 538px) 100vw, 538px\" \/><\/figure><\/div>\n\n\n<p>\u00centr-un ultim pas, putem personaliza vizualizarea la un design individual. Atunci c\u00e2nd face\u021bi clic pe \"Format your visual\" (Formata\u021bi vizualizarea) \u00een cadrul vizualiz\u0103rilor, ve\u021bi vedea urm\u0103torul panou.<\/p>\n\n\n\n<p>Aici pute\u021bi adapta toate op\u021biunile de formatare prin alegerea designului preferat. <\/p>\n\n\n\n<p>Instruc\u021biunile privind fiecare op\u021biune de formatare pot fi g\u0103site \u00een tutorialul nostru video de mai sus.<\/p>\n\n\n\n<div style=\"height:40px\" aria-hidden=\"true\" class=\"wp-block-spacer\"><\/div>\n\n\n\n<p>Perfect, acum sunte\u021bi gata s\u0103 utiliza\u021bi semaforul nostru \u0219i s\u0103 v\u0103 \u00eembun\u0103t\u0103\u021bi\u021bi raportarea!<\/p>\n\n\n\n<div style=\"height:40px\" aria-hidden=\"true\" class=\"wp-block-spacer\"><\/div>\n\n\n\n<div class=\"wp-block-buttons is-layout-flex wp-block-buttons-is-layout-flex\">\n<div class=\"wp-block-button\"><a class=\"wp-block-button__link has-background wp-element-button\" href=\"https:\/\/www.leaplytics.de\/ro\/prima-pagina\/management-de-proiect-imagini-personalizate-microsoft-powerbi\/harta-de-caldura-a-riscurilor-imagine-personalizata-pentru-power-bi\/\" style=\"background-color:#44546a\">Dori\u021bi s\u0103 v\u0103 \u00eembun\u0103t\u0103\u021bi\u021bi \u0219i mai mult raportarea? Consulta\u021bi matricea noastr\u0103 de risc pentru Power BI!<\/a><\/div>\n<\/div>","protected":false},"excerpt":{"rendered":"<p>Tocmai a\u021bi aflat despre vizualizarea Traffic Light \u00een Power BI \u0219i v\u0103 \u00eentreba\u021bi care sunt urm\u0103torii pa\u0219i? Atunci a\u021bi ajuns la locul potrivit! \u00cen ghidul nostru pas cu pas, sus\u021binut de tutorialele noastre video, v\u0103 vom ghida prin configurarea \u0219i personalizarea vizualului nostru. 1. Desc\u0103rca\u021bi vizualul 2. Preg\u0103ti\u021bi ... <\/p>","protected":false},"author":2,"featured_media":0,"parent":0,"menu_order":0,"comment_status":"closed","ping_status":"closed","template":"","meta":{"footnotes":""},"class_list":["post-9298","page","type-page","status-publish","hentry","latest_post"],"_links":{"self":[{"href":"https:\/\/www.leaplytics.de\/ro\/wp-json\/wp\/v2\/pages\/9298","targetHints":{"allow":["GET"]}}],"collection":[{"href":"https:\/\/www.leaplytics.de\/ro\/wp-json\/wp\/v2\/pages"}],"about":[{"href":"https:\/\/www.leaplytics.de\/ro\/wp-json\/wp\/v2\/types\/page"}],"author":[{"embeddable":true,"href":"https:\/\/www.leaplytics.de\/ro\/wp-json\/wp\/v2\/users\/2"}],"replies":[{"embeddable":true,"href":"https:\/\/www.leaplytics.de\/ro\/wp-json\/wp\/v2\/comments?post=9298"}],"version-history":[{"count":11,"href":"https:\/\/www.leaplytics.de\/ro\/wp-json\/wp\/v2\/pages\/9298\/revisions"}],"predecessor-version":[{"id":13635,"href":"https:\/\/www.leaplytics.de\/ro\/wp-json\/wp\/v2\/pages\/9298\/revisions\/13635"}],"wp:attachment":[{"href":"https:\/\/www.leaplytics.de\/ro\/wp-json\/wp\/v2\/media?parent=9298"}],"curies":[{"name":"wp","href":"https:\/\/api.w.org\/{rel}","templated":true}]}}