{"id":9336,"date":"2022-08-01T20:19:06","date_gmt":"2022-08-01T18:19:06","guid":{"rendered":"https:\/\/www.leaplytics.de\/?page_id=9336"},"modified":"2022-08-01T20:19:06","modified_gmt":"2022-08-01T18:19:06","slug":"optiuni-de-format-semafor-putere-bi","status":"publish","type":"page","link":"https:\/\/www.leaplytics.de\/ro\/optiuni-de-format-semafor-putere-bi\/","title":{"rendered":"Op\u021biuni de format - Semafor"},"content":{"rendered":"<h3 class=\"wp-block-heading\">1. Formatul timpului<\/h3>\n\n\n<div class=\"wp-block-image\">\n<figure class=\"alignleft size-full\"><img loading=\"lazy\" decoding=\"async\" width=\"197\" height=\"238\" src=\"https:\/\/www.leaplytics.de\/wp-content\/uploads\/2022\/08\/grafik-7.png\" alt=\"\" class=\"wp-image-9337\" srcset=\"https:\/\/www.leaplytics.de\/wp-content\/uploads\/2022\/08\/grafik-7.png 197w, https:\/\/www.leaplytics.de\/wp-content\/uploads\/2022\/08\/grafik-7-50x60.png 50w\" sizes=\"auto, (max-width: 197px) 100vw, 197px\" \/><\/figure><\/div>\n\n\n<p>Sec\u021biunea \"Format timp\" este o sec\u021biune op\u021bional\u0103. \u00cen cadrul acestei sec\u021biuni, pute\u021bi selecta un format de timp sau interval, care este utilizat pentru calcularea intervalelor \u0219i a textului de ie\u0219ire de l\u00e2ng\u0103 simbolul semaforului. V\u0103 rug\u0103m s\u0103 v\u0103 asigura\u021bi c\u0103 selecta\u021bi formatul de timp corespunz\u0103tor c\u00e2mpurilor de introducere a intervalului.<\/p>\n\n\n\n<div style=\"height:16px\" aria-hidden=\"true\" class=\"wp-block-spacer\"><\/div>\n\n\n\n<h3 class=\"wp-block-heading\">2. Sistem de iluminare<\/h3>\n\n\n<div class=\"wp-block-image\">\n<figure class=\"alignleft size-full\"><img loading=\"lazy\" decoding=\"async\" width=\"199\" height=\"187\" src=\"https:\/\/www.leaplytics.de\/wp-content\/uploads\/2022\/08\/grafik-8.png\" alt=\"\" class=\"wp-image-9338\" srcset=\"https:\/\/www.leaplytics.de\/wp-content\/uploads\/2022\/08\/grafik-8.png 199w, https:\/\/www.leaplytics.de\/wp-content\/uploads\/2022\/08\/grafik-8-64x60.png 64w\" sizes=\"auto, (max-width: 199px) 100vw, 199px\" \/><\/figure><\/div>\n\n\n<p>\u00cen cadrul sec\u021biunii \"Sistem de iluminare\", pute\u021bi alege \u00eentre un sistem cu una, dou\u0103 sau trei lumini.<\/p>\n\n\n\n<p><strong>Sistem cu trei lumini:<\/strong> Verdele, galbenul \u0219i ro\u0219ul au fiecare propriul lor cerc.<\/p>\n\n\n\n<p><strong>Sistem cu dou\u0103 lumini:<\/strong> Verdele \u0219i ro\u0219ul au fiecare propriul lor cerc. Lumina galben\u0103 nu este acceptat\u0103.<\/p>\n\n\n\n<p><strong>Sistem cu o singur\u0103 lumin\u0103:<\/strong> Verdele, galbenul \u0219i ro\u0219ul au acela\u0219i cerc.<\/p>\n\n\n\n<div style=\"height:0px\" aria-hidden=\"true\" class=\"wp-block-spacer\"><\/div>\n\n\n\n<h3 class=\"wp-block-heading\">3. Aliniere<\/h3>\n\n\n<div class=\"wp-block-image\">\n<figure class=\"alignleft size-full\"><img loading=\"lazy\" decoding=\"async\" width=\"198\" height=\"167\" src=\"https:\/\/www.leaplytics.de\/wp-content\/uploads\/2022\/08\/grafik-9.png\" alt=\"\" class=\"wp-image-9339\" srcset=\"https:\/\/www.leaplytics.de\/wp-content\/uploads\/2022\/08\/grafik-9.png 198w, https:\/\/www.leaplytics.de\/wp-content\/uploads\/2022\/08\/grafik-9-71x60.png 71w\" sizes=\"auto, (max-width: 198px) 100vw, 198px\" \/><\/figure><\/div>\n\n\n<p>\u00cen sec\u021biunea \"Aliniere\", pute\u021bi alege \u00eentre aliniere vertical\u0103 \u0219i orizontal\u0103 pentru semaforul vizual. Toate set\u0103rile existente sunt disponibile pentru ambele alinieri.<\/p>\n\n\n\n<div style=\"height:0px\" aria-hidden=\"true\" class=\"wp-block-spacer\"><\/div>\n\n\n\n<h3 class=\"wp-block-heading\">4. Set\u0103ri de frontier\u0103<\/h3>\n\n\n<div class=\"wp-block-image\">\n<figure class=\"alignleft size-full\"><img loading=\"lazy\" decoding=\"async\" width=\"198\" height=\"211\" src=\"https:\/\/www.leaplytics.de\/wp-content\/uploads\/2022\/08\/grafik-10.png\" alt=\"\" class=\"wp-image-9344\" srcset=\"https:\/\/www.leaplytics.de\/wp-content\/uploads\/2022\/08\/grafik-10.png 198w, https:\/\/www.leaplytics.de\/wp-content\/uploads\/2022\/08\/grafik-10-56x60.png 56w\" sizes=\"auto, (max-width: 198px) 100vw, 198px\" \/><\/figure><\/div>\n\n\n<p>\u00cen cadrul sec\u021biunii \"Set\u0103ri margine\", pute\u021bi modifica vizibilitatea marginii exterioare a semaforului, precum \u0219i nuan\u021bele interioare ale luminii.<\/p>\n\n\n\n<div style=\"height:0px\" aria-hidden=\"true\" class=\"wp-block-spacer\"><\/div>\n\n\n\n<h3 class=\"wp-block-heading\">5. Set\u0103ri text<\/h3>\n\n\n<div class=\"wp-block-image\">\n<figure class=\"alignleft size-full\"><img loading=\"lazy\" decoding=\"async\" width=\"196\" height=\"403\" src=\"https:\/\/www.leaplytics.de\/wp-content\/uploads\/2022\/08\/grafik-11.png\" alt=\"\" class=\"wp-image-9346\" srcset=\"https:\/\/www.leaplytics.de\/wp-content\/uploads\/2022\/08\/grafik-11.png 196w, https:\/\/www.leaplytics.de\/wp-content\/uploads\/2022\/08\/grafik-11-146x300.png 146w, https:\/\/www.leaplytics.de\/wp-content\/uploads\/2022\/08\/grafik-11-29x60.png 29w\" sizes=\"auto, (max-width: 196px) 100vw, 196px\" \/><\/figure><\/div>\n\n\n<p>Acest semafor vizual ofer\u0103 o gam\u0103 larg\u0103 de set\u0103ri de text. Pute\u021bi activa \u0219i dezactiva un element de text, care este afi\u0219at \u00een aceea\u0219i fereastr\u0103 cu semaforul. Atunci c\u00e2nd textul este vizibil, pute\u021bi modifica stilul textului, dimensiunea textului, pozi\u021bia textului \u0219i familia de fonturi, \u00een func\u021bie de nevoile dumneavoastr\u0103 individuale<\/p>\n\n\n\n<div style=\"height:0px\" aria-hidden=\"true\" class=\"wp-block-spacer\"><\/div>\n\n\n\n<h3 class=\"wp-block-heading\">6. Set\u0103ri de culoare<\/h3>\n\n\n<div class=\"wp-block-image\">\n<figure class=\"alignleft size-full\"><img loading=\"lazy\" decoding=\"async\" width=\"198\" height=\"482\" src=\"https:\/\/www.leaplytics.de\/wp-content\/uploads\/2022\/08\/grafik-12.png\" alt=\"\" class=\"wp-image-9349\" srcset=\"https:\/\/www.leaplytics.de\/wp-content\/uploads\/2022\/08\/grafik-12.png 198w, https:\/\/www.leaplytics.de\/wp-content\/uploads\/2022\/08\/grafik-12-123x300.png 123w, https:\/\/www.leaplytics.de\/wp-content\/uploads\/2022\/08\/grafik-12-25x60.png 25w\" sizes=\"auto, (max-width: 198px) 100vw, 198px\" \/><\/figure><\/div>\n\n\n<p>\u00cen cadrul sec\u021biunii \"Color Setting\", pute\u021bi schimba culoarea fiec\u0103rei p\u0103r\u021bi a acestui vizual. Pur \u0219i simplu face\u021bi clic pe dropdown \u0219i selecta\u021bi o culoare din culorile predefinite ale temei sau utiliza\u021bi codurile rgb \u0219i hexagonale pentru a defini culoarea pe cont propriu<\/p>","protected":false},"excerpt":{"rendered":"<p>1. Time format The \u201cTime Format\u201d section is an optional section. Within this section, you can select a time or interval format, which is used to calculate the ranges and the output text next to the traffic light symbol. Please make sure, to select the time format accordingly to the range input fields. 2. Light &hellip; <\/p>","protected":false},"author":2,"featured_media":0,"parent":0,"menu_order":0,"comment_status":"closed","ping_status":"closed","template":"","meta":{"footnotes":""},"class_list":["post-9336","page","type-page","status-publish","hentry","latest_post"],"_links":{"self":[{"href":"https:\/\/www.leaplytics.de\/ro\/wp-json\/wp\/v2\/pages\/9336","targetHints":{"allow":["GET"]}}],"collection":[{"href":"https:\/\/www.leaplytics.de\/ro\/wp-json\/wp\/v2\/pages"}],"about":[{"href":"https:\/\/www.leaplytics.de\/ro\/wp-json\/wp\/v2\/types\/page"}],"author":[{"embeddable":true,"href":"https:\/\/www.leaplytics.de\/ro\/wp-json\/wp\/v2\/users\/2"}],"replies":[{"embeddable":true,"href":"https:\/\/www.leaplytics.de\/ro\/wp-json\/wp\/v2\/comments?post=9336"}],"version-history":[{"count":0,"href":"https:\/\/www.leaplytics.de\/ro\/wp-json\/wp\/v2\/pages\/9336\/revisions"}],"wp:attachment":[{"href":"https:\/\/www.leaplytics.de\/ro\/wp-json\/wp\/v2\/media?parent=9336"}],"curies":[{"name":"wp","href":"https:\/\/api.w.org\/{rel}","templated":true}]}}